{"id":811,"date":"2022-04-27T08:14:44","date_gmt":"2022-04-27T08:14:44","guid":{"rendered":"https:\/\/covermagazin.com\/trudnoca\/?page_id=811"},"modified":"2022-04-27T08:14:44","modified_gmt":"2022-04-27T08:14:44","slug":"hitna-kontracepcija-pilula-za-dan-poslije","status":"publish","type":"page","link":"https:\/\/covermagazin.com\/trudnoca\/?page_id=811","title":{"rendered":"Hitna kontracepcija &#8211; pilula za dan poslije"},"content":{"rendered":"\n<p><a href=\"https:\/\/covermagazin.com\/trudnoca\/wp-content\/uploads\/kontracepcija-13.jpg\"><img loading=\"lazy\" decoding=\"async\" class=\"alignnone size-full wp-image-812\" src=\"https:\/\/covermagazin.com\/trudnoca\/wp-content\/uploads\/kontracepcija-13.jpg\" alt=\"\" width=\"116\" height=\"85\" srcset=\"https:\/\/covermagazin.com\/trudnoca\/wp-content\/uploads\/kontracepcija-13.jpg 116w, https:\/\/covermagazin.com\/trudnoca\/wp-content\/uploads\/kontracepcija-13-80x60.jpg 80w\" sizes=\"auto, (max-width: 116px) 100vw, 116px\" \/><\/a><\/p>\n\n\n\n<h2 class=\"wp-block-heading\"><span>Hitna kontracepcija &#8211; pilula za dan poslije<\/span><\/h2>\n\n\n\n<p><span>Ako ste imali seks bez za\u0161tite ili je kontracepcijsko sredstvo zakazalo postoje dvije za\u0161tite, hitne kontracepcije koje mogu sprije\u010diti ne\u017eeljenu trudno\u0107u.<br>\nVa\u017eno je napomenuti da se ona primjenjuje samo kao \u201chitna pomo\u0107\u201d i da nije redovna metoda kontrole ra\u0111anja.<\/span><\/p>\n\n\n\n<h3 class=\"wp-block-heading\"><span>\u0160to je i kako djeluje?<\/span><\/h3>\n\n\n\n<p><span>Hitna kontracepcija podrazumijeva primjenu lijekova za sprje\u010davanje ne\u017eeljene trudno\u0107e nakon neza\u0161ti\u0107enog spolnog odnosa koji je mogao rezultirati trudno\u0107om (uklju\u010duju\u0107i seksualni napad) ili kod \u02ddzatajenja\u02dd drugih metoda kontracepcije (npr. pucanje kondoma). Istra\u017eivanjima je pokazano kako hitna kontracepcija mo\u017ee biti u\u010dinkovita ako se primijeni unutar 120 sati nakon neza\u0161ti\u0107enog sno\u0161aja, za razliku od prija\u0161njih upozorenja o 72 sata. Mo\u017ee je primijeniti gotovo svaka \u017eena u reproduktivnoj dobi koja je seksualno aktivna i plodna, te \u017eeli sprije\u010diti ne\u017eeljenu trudno\u0107u. Metode su sigurne i u\u010dinkovite.<br> Hitna kontracepcija nije abortus jer se primjenjuje kako bi se sprije\u010dio nastanak trudno\u0107e. Mogu\u0107e nuspojave abortusa mnogo su te\u017ee nego nuspojave hitne kontracepcije.<\/span><\/p>\n\n\n\n<h3 class=\"wp-block-heading\"><span>Postoje dvije metode hitne kontracepcije:<\/span><\/h3>\n\n\n\n<p><span> 1 \u2013 Kontracepcijska pilula za dan poslije koja sadr\u017ei progestagen. Mora se uzeti u roku 72 sata nakon neza\u0161ti\u0107enog spolnog odnosa.<br> 2 \u2013 Unutarmaterni\u010dni ulo\u017eak za dan poslije koji se mora umetnuti najkasnije pet dana od spolnog odnosa bez za\u0161tite. <\/span><\/p>\n\n\n\n<p><span><br>\nPilula djeluje tako \u0161to:<br>\n&#8211; zaustavlja ovulaciju<br>\n&#8211; odga\u0111a ovulaciju<br>\n&#8211; sprje\u010dava da se eventualno oplo\u0111eno jaje implementira u maternici.<br>\nUnutarmaterni\u010dni ulo\u017eak za dan poslije djeluje tako \u0161to:<br>\n&#8211; sprje\u010dava oplodnju jaja\u0161ca<br>\n&#8211; sprje\u010dava da se eventualno oplo\u0111eno jaje implementira u maternici. <\/span><\/p>\n\n\n\n<h3 class=\"wp-block-heading\"><span> U\u010dinkovitost<\/span><\/h3>\n\n\n\n<p><span> Kontracepcijska pilula ima ve\u0107u u\u010dinkovitost \u0161to se ranije nakon spolnog odnosa popije. Ako se popije u roku 24 sata sprje\u010dava trudno\u0107u kod devet \u017eena od 10 koja bi se dogodila da nije uzeta pilula. Unutarmaterni\u010dni ulo\u017eak ima djelotvornost 98% ako je umetnut u roku 5 dana nakon seksa. <\/span><\/p>\n\n\n\n<h3 class=\"wp-block-heading\"><span>Prednosti<\/span><\/h3>\n\n\n\n<p><span> &#8211; Ni jedna ni druga metoda nema ozbiljne negativne nuspojave i ve\u0107ina \u017eena mo\u017ee uzeti pilulu za dan poslije<br> &#8211; Unutarmaterni\u010dni ulo\u017eak za dan poslije mo\u017ee pomo\u0107i ukoliko je prekasno da popijete pilulu.<\/span><\/p>\n\n\n\n<h3 class=\"wp-block-heading\"><span>Nedostaci<\/span><\/h3>\n\n\n\n<p><span> Pilula za dan poslije kod nekih \u017eena uzrokuje glavobolje i<br> abdominalnu bol, osje\u0107aj mu\u010dnine ili povra\u0107anje. <\/span><\/p>\n\n\n\n<p>Pilula za dan poslije ne nudi daljinu za\u0161titu od trudno\u0107e. Ako ste imali neza\u0161ti\u0107eni spolni odnos u danima nakon \u0161to ste je popili, u riziku ste da ostanete trudni.<\/p>\n\n\n\n<h3 class=\"wp-block-heading\"><span>Kada upotrijebiti hitnu kontracepciju<\/span><\/h3>\n\n\n\n<p><span> &#8211; Izostanak primjene kontracepcije tijekom seksualnog odnosa<br> &#8211; Mehani\u010dki problemi s mu\u0161kim kondomom (pucanje, klizanje, kapanje)<br> &#8211; promjena polo\u017eaja, pucanje ili nepravilna uporaba dijafragme, cervikalne kape ili \u017eenskog kondoma<br> &#8211; spermicidno sredstvo se nije otopilo prije sno\u0161aja<br> &#8211; pogre\u0161an izra\u010dun \u02ddplodnih dana\u02dd kod parova koji primjenjuju druge metode prirodne kontracepcije<br> &#8211; presko\u010dena jedna ili dvije kontracepcijske tablete<br> &#8211; izbacivanje ili djelomi\u010dno izbacivanje unutarmaterni\u010dnog ulo\u0161ka (spirale)<br> &#8211; izlaganje potencijalnom teratogenu (sredstvo koje o\u0161te\u0107uje plod) kao \u0161to je talidomid ili izotretinoin nakon \u010dega nije kori\u0161tena kontracepcija<br> &#8211; silovanje<\/span><\/p>\n\n\n\n<h3 class=\"wp-block-heading\"><span>Op\u0107enite informacije<\/span><\/h3>\n\n\n\n<p><span>Neki lijekovi mogu utjecati na u\u010dinak pilule za dan poslije i pilula za dan poslije mo\u017ee utjecati na djelovanje nekih lijekova za dan poslije.<br>Hitna kontracepcija se mo\u017ee koristiti vi\u0161e od jednog puta, ali ne bi se trebala koristiti kao redovito sredstvo kontracepcije, jer nije dovoljno u\u010dinkovita.<\/span><\/p>\n\n\n\n<p>Kori\u0161tenje pilule za dan poslije mo\u017ee odgoditi mjese\u010dnicu za oko jedan tjedan, \u0161to je nprmalna nuspojava, te ne zna\u010di da ste trudni.<\/p>\n\n\n\n<p>Pilula zadan poslije nije abortivno sredstvo, jer ne utje\u010de na slu\u010dajeve ako se oplo\u0111eno jaja\u0161ce ve\u0107 ugnijezdilo na stjenku maternice, nego prvenstveno djeluje tako da odga\u0111a ovulaciju kako ne bi uop\u0107e do\u0161lo do otpu\u0161tanja jaja\u0161ca (ovulacije) onoliko dana koliko sperma mo\u017ee pre\u017eivjeti u maternici.<\/p>\n\n\n\n<p><strong>Vezano:<\/strong><\/p>\n\n\n\n<h4 class=\"wp-block-heading\"><strong><em><a href=\"https:\/\/covermagazin.com\/trudnoca\/?page_id=762\">Metode kontracepcije<\/a><\/em><\/strong><\/h4>\n\n\n\n<p><a href=\"https:\/\/covermagazin.com\/trudnoca\/?page_id=792\">Dijafragme i cervikalne kapice<\/a><\/p>\n\n\n\n<p><a href=\"https:\/\/covermagazin.com\/trudnoca\/?page_id=811\">Hitna kontracepcija \u2013 pilula za dan poslije<\/a><\/p>\n\n\n\n<p><a href=\"https:\/\/covermagazin.com\/trudnoca\/?page_id=783\">Kontracepcijska injekcija<\/a><\/p>\n\n\n\n<p><a href=\"https:\/\/covermagazin.com\/trudnoca\/?page_id=770\">Kontracepcijske (hormonske) pilule \u2013 kombinirana pilula<\/a><\/p>\n\n\n\n<p><a href=\"https:\/\/covermagazin.com\/trudnoca\/?page_id=774\">Kontracepcijske (hormonske) pilule \u2013 pilula samo s progestagenom<\/a><\/p>\n\n\n\n<p><a href=\"https:\/\/covermagazin.com\/trudnoca\/?page_id=786\">Kontracepcijski implantati<\/a><\/p>\n\n\n\n<p><a href=\"https:\/\/covermagazin.com\/trudnoca\/?page_id=778\">Kontracepcijskii flasteri<\/a><\/p>\n\n\n\n<p><a href=\"https:\/\/covermagazin.com\/trudnoca\/?page_id=796\">Mu\u0161ki (prezervativi) i \u017eenski (femidom) kondomi<\/a><\/p>\n\n\n\n<p><a href=\"https:\/\/covermagazin.com\/trudnoca\/?page_id=766\">Prirodne metode kontracepcije<\/a><\/p>\n\n\n\n<p><a href=\"https:\/\/covermagazin.com\/trudnoca\/?page_id=789\">Spermicidna sredstva<\/a><\/p>\n\n\n\n<p><a href=\"https:\/\/covermagazin.com\/trudnoca\/?page_id=803\">Sterilizacija mu\u0161karaca i \u017eene<\/a><\/p>\n\n\n\n<p><a href=\"https:\/\/covermagazin.com\/trudnoca\/?page_id=799\">Unutarmateri\u010dni umetak (spirala)<\/a><\/p>\n\n\n\n<p><a href=\"https:\/\/covermagazin.com\/trudnoca\/?page_id=762\">Unutarmaterni\u010dni sustav<\/a><\/p>\n","protected":false},"excerpt":{"rendered":"<p>Hitna kontracepcija &#8211; pilula za dan poslije Ako ste imali seks bez za\u0161tite ili je kontracepcijsko sredstvo zakazalo postoje dvije za\u0161tite, hitne kontracepcije koje mogu sprije\u010diti ne\u017eeljenu trudno\u0107u. Va\u017eno je napomenuti da se ona primjenjuje samo kao \u201chitna pomo\u0107\u201d i da nije redovna metoda kontrole ra\u0111anja. \u0160to je i kako djeluje? Hitna kontracepcija podrazumijeva primjenu [&hellip;]<\/p>\n","protected":false},"author":1,"featured_media":812,"parent":762,"menu_order":0,"comment_status":"closed","ping_status":"closed","template":"","meta":{"footnotes":"","_links_to":"","_links_to_target":""},"class_list":["post-811","page","type-page","status-publish","has-post-thumbnail","hentry"],"_links":{"self":[{"href":"https:\/\/covermagazin.com\/trudnoca\/index.php?rest_route=\/wp\/v2\/pages\/811","targetHints":{"allow":["GET"]}}],"collection":[{"href":"https:\/\/covermagazin.com\/trudnoca\/index.php?rest_route=\/wp\/v2\/pages"}],"about":[{"href":"https:\/\/covermagazin.com\/trudnoca\/index.php?rest_route=\/wp\/v2\/types\/page"}],"author":[{"embeddable":true,"href":"https:\/\/covermagazin.com\/trudnoca\/index.php?rest_route=\/wp\/v2\/users\/1"}],"replies":[{"embeddable":true,"href":"https:\/\/covermagazin.com\/trudnoca\/index.php?rest_route=%2Fwp%2Fv2%2Fcomments&post=811"}],"version-history":[{"count":3,"href":"https:\/\/covermagazin.com\/trudnoca\/index.php?rest_route=\/wp\/v2\/pages\/811\/revisions"}],"predecessor-version":[{"id":1295,"href":"https:\/\/covermagazin.com\/trudnoca\/index.php?rest_route=\/wp\/v2\/pages\/811\/revisions\/1295"}],"up":[{"embeddable":true,"href":"https:\/\/covermagazin.com\/trudnoca\/index.php?rest_route=\/wp\/v2\/pages\/762"}],"wp:featuredmedia":[{"embeddable":true,"href":"https:\/\/covermagazin.com\/trudnoca\/index.php?rest_route=\/wp\/v2\/media\/812"}],"wp:attachment":[{"href":"https:\/\/covermagazin.com\/trudnoca\/index.php?rest_route=%2Fwp%2Fv2%2Fmedia&parent=811"}],"curies":[{"name":"wp","href":"https:\/\/api.w.org\/{rel}","templated":true}]}}