{"id":799,"date":"2022-04-27T10:53:21","date_gmt":"2022-04-27T10:53:21","guid":{"rendered":"https:\/\/covermagazin.com\/trudnoca\/?page_id=799"},"modified":"2022-04-27T10:53:21","modified_gmt":"2022-04-27T10:53:21","slug":"unutarmaternicni-sustav","status":"publish","type":"page","link":"https:\/\/covermagazin.com\/trudnoca\/?page_id=799","title":{"rendered":"Unutarmaterni\u010dni sustav"},"content":{"rendered":"\n<figure class=\"wp-block-image size-full\"><img decoding=\"async\" src=\"https:\/\/covermagazin.com\/trudnoca\/wp-content\/uploads\/kontracepcija-spirala-hormonalna.jpg\" alt=\"\" class=\"wp-image-1340\"\/><\/figure>\n\n\n\n<h2 class=\"wp-block-heading\">Unutarmaterni\u010dni sustav<\/h2>\n\n\n\n<p>Ova metoda za\u0161tite je u stvari unutarmaterni\u010dni ulo\u017eak (spirala) s dodatkom hormona progestagena. <\/p>\n\n\n\n<h3 class=\"wp-block-heading\">\u0160to je i kako djeluje?<\/h3>\n\n\n\n<p>Plasti\u010dni i\/ili metalni umetak koji ginekolog umetne u maternicu \u017eene s dodatkom progestagena. Ovisno o vrsti pru\u017eaju za\u0161titu od jedne do deset godina i prikladan je samo za \u017eene koje su ve\u0107 rodile. Sustav predstavlja visoko djelotvornu za\u0161titu od trudno\u0107e, ali pove\u0107ava rizik za upale i infekcije. Ume\u0107e ga lije\u010dnik ili medicinska sestra.<\/p>\n\n\n\n<p>Djeluje:<br>&#8211; zaustavlja spermij da doprije do jaja\u0161ca<br>&#8211; sprje\u010davaju eventualno oplo\u0111eno jaja\u0161ce da se smjesti u maternici<br>&#8211; sprje\u010dava ovulaciju.<br>Potrebno ga je umetnuti tijekom prvih sedam dana menstrualnog ciklusa. Njegovo za\u0161titno djelovanje zapo\u010dinje onog trena kada se postavi. Ako se postavlja neki drugi dan u mjesecu potrebno je koristiti dodatnu metodu za\u0161tite prvih sedam dana.<\/p>\n\n\n\n<h3 class=\"wp-block-heading\">U\u010dinkovitost<\/h3>\n\n\n\n<p>Unutarmaterni\u010dni sustav ima u\u010dinkovitost ve\u0107u od 99% ovisno o tipu. To zna\u010di da \u0107e od 100 \u017eena koje koriste ovu metodu za\u0161tite manje od 1 godi\u0161nje ostati trudna.<br>Prednosti<br>&#8211; Vrlo je u\u010dinkovit<br>&#8211; Ne utje\u010de na seksualni odnos<br>&#8211; Djeluje do pet godina<br>&#8211; Mjese\u010dnice postaju kra\u0107e, manje obilne i manje bolne<br>&#8211; Plodnost se vra\u0107a \u010dim se izvadi<\/p>\n\n\n\n<h3 class=\"wp-block-heading\">Nedostaci<\/h3>\n\n\n\n<p>&#8211; Kod ve\u0107ine \u017eena se javlja neredovito blago krvarenje koje prestaje do tri mjeseca nakon postavljanja sustava.<br>&#8211; Privremeno se mogu javiti promjene na ko\u017ei (ne\u010disto\u0107e), glavobolje, bolne grudi. Sve bi se trebalo vratiti u normalu nakon nekoliko mjeseci kori\u0161tenja.<br>&#8211; Kod nekih \u017eena (vrlo rijetko) se mo\u017ee pojaviti cista na jajnicima. Ona nije opasna, \u010desto nema simptoma i nestaje nakon nekoliko mjeseci.<\/p>\n\n\n\n<h3 class=\"wp-block-heading\">Mo\u017ee li svatko koristiti unutarmaterni\u010dni sustav?<\/h3>\n\n\n\n<p>Ovaj sustav nije prikladan za svakoga. Neki od razloga za nekori\u0161tenje su:<br>&#8211; Ako mislite da ste trudni<br>&#8211; Ako ste imali upale u podru\u010dju zdjelice<br>&#8211; Ako se pojave neo\u010dekivana izvanmenstrualna krvarenja<br>&#8211; Ako imate problema s maternicom ili kralje\u017enicom<br>&#8211; Kod te\u0161kih o\u0161te\u0107enja jetre<br>&#8211; Bolesti krvnih \u017eila mozga ili o\u010diju.<\/p>\n\n\n\n<h3 class=\"wp-block-heading\">Op\u0107enite informacije<\/h3>\n\n\n\n<p>Prije postavljanja sustava potreban je ginekolo\u0161ki pregled i papa test, a svakih \u0161est mjeseci kontrola. Preporu\u010duje se \u017eenama koje su ve\u0107 rodile i u dugoj su i stabilnoj vezi s jednim partnerom (obostrana monogamija), te \u017eele pri\u010dekati jo\u0161 nekoliko godina do sljede\u0107eg djeteta.<\/p>\n\n\n\n<p>Kod nas se koristi unutarmaterni\u010dni sustav pod trgova\u010dki nazivom Mirena, koju proizvodi Bayer. Sadr\u017ei hormon levonorgestrel, hormon koji sprje\u010dava trudno\u0107u. Osim pouzdane za\u0161tite jedna od prednosti je za \u017eene s bolnim i obilnim mjese\u010dnicama to \u0161to mogu o\u010dekivati kako \u0107e mjese\u010dnice postati manje bolne i manje koli\u010dinski. Cijelo vrijeme dok se nalazi u maternici Mirena otpu\u0161ta levonorgestrel. Hormon stanjuje sluznicu maternice i zgu\u0161njava sluz, \u0161to trudno\u0107u \u010dini nemogu\u0107om. S jedne strane sperma ne mo\u017ee pre\u017eivjeti u takvom okru\u017eenju, a eventualno oplo\u0111eno jaja\u0161ce se ne mo\u017ee pri\u010dvrstiti za zid maternice. Budu\u0107i da se sluznica maternice smanjuje i postaje tanja, nije neobi\u010dno da menstruacija skroz izostane.<\/p>\n\n\n\n<p>Nakon uklanjanja unutarmaterni\u010dnog sustava plodnost se vra\u0107a vrlo brzo, a istra\u017eivanja pokazuju za\u010deti unutar jedne godine. <\/p>\n\n\n\n<p>Unutarmaterni\u010dni sustav, spirala s hormonima najdjelotvorniji je sustav kontracepcije, nakon sterilizacije, a u\u010dinkovitost se procjenjuje gotovo jednaka kao kod sterilizacije. Zbog toga su mnogobrojne koristi od ovakvoga tipa kontracepcije, uklju\u010duju\u0107i u\u010dinkovitost, lako\u0107u kori\u0161tenja, dugoro\u010dno djelovanje, zadovoljstvo korisnica, te revirsibilnost, \u0161to zna\u010di da se plodnost vrlo brzo nakon uklanjanja vra\u0107a. Obzirom da postoje dva tipa spirala, uklju\u010duju\u0107i hormonalne i bakrene, va\u017eno je razumjeti koje su razlike. Ipak, i jedan i drugi tip jednako su u\u010dinkoviti kod za\u0161tite od trudno\u0107e.<\/p>\n\n\n\n<p><strong>Vezano:<\/strong><\/p>\n\n\n\n<h4 class=\"wp-block-heading\"><strong><em><a href=\"https:\/\/covermagazin.com\/trudnoca\/?page_id=762\">Metode kontracepcije<\/a><\/em><\/strong><\/h4>\n\n\n\n<p><a href=\"https:\/\/covermagazin.com\/trudnoca\/?page_id=792\">Dijafragme i cervikalne kapice<\/a><\/p>\n\n\n\n<p><a href=\"https:\/\/covermagazin.com\/trudnoca\/?page_id=811\">Hitna kontracepcija \u2013 pilula za dan poslije<\/a><\/p>\n\n\n\n<p><a href=\"https:\/\/covermagazin.com\/trudnoca\/?page_id=783\">Kontracepcijska injekcija<\/a><\/p>\n\n\n\n<p><a href=\"https:\/\/covermagazin.com\/trudnoca\/?page_id=770\">Kontracepcijske (hormonske) pilule \u2013 kombinirana pilula<\/a><\/p>\n\n\n\n<p><a href=\"https:\/\/covermagazin.com\/trudnoca\/?page_id=774\">Kontracepcijske (hormonske) pilule \u2013 pilula samo s progestagenom<\/a><\/p>\n\n\n\n<p><a href=\"https:\/\/covermagazin.com\/trudnoca\/?page_id=786\">Kontracepcijski implantati<\/a><\/p>\n\n\n\n<p><a href=\"https:\/\/covermagazin.com\/trudnoca\/?page_id=778\">Kontracepcijskii flasteri<\/a><\/p>\n\n\n\n<p><a href=\"https:\/\/covermagazin.com\/trudnoca\/?page_id=796\">Mu\u0161ki (prezervativi) i \u017eenski (femidom) kondomi<\/a><\/p>\n\n\n\n<p><a href=\"https:\/\/covermagazin.com\/trudnoca\/?page_id=766\">Prirodne metode kontracepcije<\/a><\/p>\n\n\n\n<p><a href=\"https:\/\/covermagazin.com\/trudnoca\/?page_id=789\">Spermicidna sredstva<\/a><\/p>\n\n\n\n<p><a href=\"https:\/\/covermagazin.com\/trudnoca\/?page_id=803\">Sterilizacija mu\u0161karaca i \u017eene<\/a><\/p>\n\n\n\n<p><a href=\"https:\/\/covermagazin.com\/trudnoca\/?page_id=799\">Unutarmateri\u010dni umetak (spirala)<\/a><\/p>\n\n\n\n<p><a href=\"https:\/\/covermagazin.com\/trudnoca\/?page_id=762\">Unutarmaterni\u010dni sustav<\/a><\/p>\n","protected":false},"excerpt":{"rendered":"<p>Unutarmaterni\u010dni sustav Ova metoda za\u0161tite je u stvari unutarmaterni\u010dni ulo\u017eak (spirala) s dodatkom hormona progestagena. \u0160to je i kako djeluje? Plasti\u010dni i\/ili metalni umetak koji ginekolog umetne u maternicu \u017eene s dodatkom progestagena. Ovisno o vrsti pru\u017eaju za\u0161titu od jedne do deset godina i prikladan je samo za \u017eene koje su ve\u0107 rodile. Sustav predstavlja [&hellip;]<\/p>\n","protected":false},"author":1,"featured_media":0,"parent":762,"menu_order":0,"comment_status":"closed","ping_status":"closed","template":"","meta":{"footnotes":"","_links_to":"","_links_to_target":""},"class_list":["post-799","page","type-page","status-publish","hentry"],"_links":{"self":[{"href":"https:\/\/covermagazin.com\/trudnoca\/index.php?rest_route=\/wp\/v2\/pages\/799","targetHints":{"allow":["GET"]}}],"collection":[{"href":"https:\/\/covermagazin.com\/trudnoca\/index.php?rest_route=\/wp\/v2\/pages"}],"about":[{"href":"https:\/\/covermagazin.com\/trudnoca\/index.php?rest_route=\/wp\/v2\/types\/page"}],"author":[{"embeddable":true,"href":"https:\/\/covermagazin.com\/trudnoca\/index.php?rest_route=\/wp\/v2\/users\/1"}],"replies":[{"embeddable":true,"href":"https:\/\/covermagazin.com\/trudnoca\/index.php?rest_route=%2Fwp%2Fv2%2Fcomments&post=799"}],"version-history":[{"count":4,"href":"https:\/\/covermagazin.com\/trudnoca\/index.php?rest_route=\/wp\/v2\/pages\/799\/revisions"}],"predecessor-version":[{"id":1341,"href":"https:\/\/covermagazin.com\/trudnoca\/index.php?rest_route=\/wp\/v2\/pages\/799\/revisions\/1341"}],"up":[{"embeddable":true,"href":"https:\/\/covermagazin.com\/trudnoca\/index.php?rest_route=\/wp\/v2\/pages\/762"}],"wp:attachment":[{"href":"https:\/\/covermagazin.com\/trudnoca\/index.php?rest_route=%2Fwp%2Fv2%2Fmedia&parent=799"}],"curies":[{"name":"wp","href":"https:\/\/api.w.org\/{rel}","templated":true}]}}