{"id":792,"date":"2022-04-27T08:04:20","date_gmt":"2022-04-27T08:04:20","guid":{"rendered":"https:\/\/covermagazin.com\/trudnoca\/?page_id=792"},"modified":"2022-04-27T08:04:20","modified_gmt":"2022-04-27T08:04:20","slug":"dijafragme-i-cervikalne-kapice","status":"publish","type":"page","link":"https:\/\/covermagazin.com\/trudnoca\/?page_id=792","title":{"rendered":"Dijafragme i cervikalne kapice"},"content":{"rendered":"\n<p><a href=\"https:\/\/covermagazin.com\/trudnoca\/wp-content\/uploads\/kontracepcija-8.jpg\"><img loading=\"lazy\" decoding=\"async\" class=\"alignnone size-full wp-image-793\" src=\"https:\/\/covermagazin.com\/trudnoca\/wp-content\/uploads\/kontracepcija-8.jpg\" alt=\"\" width=\"116\" height=\"85\" srcset=\"https:\/\/covermagazin.com\/trudnoca\/wp-content\/uploads\/kontracepcija-8.jpg 116w, https:\/\/covermagazin.com\/trudnoca\/wp-content\/uploads\/kontracepcija-8-80x60.jpg 80w\" sizes=\"auto, (max-width: 116px) 100vw, 116px\" \/><\/a><\/p>\n\n\n\n<h2 class=\"wp-block-heading\">Dijafragme i cervikalne kapice<\/h2>\n\n\n\n<h3 class=\"wp-block-heading\">\u0160to je i kako djeluje?<\/h3>\n\n\n\n<p>To su vaginalna barijerna sredstva, odnosno tanke gumene kapice s poja\u010danim elasti\u010dnim rubom. Stavljaju se u rodnicu zajedno sa spermicidnim sredstvom prije spolnog odnosa i pokrivaju vrat maternice. Djeluju tako da spre\u010davaju ulaz spermija u maternicu, a spermicidno sredstvo inaktivira spermije. Zajedno djeluju mehani\u010dki i kemijski.<\/p>\n\n\n\n<h3 class=\"wp-block-heading\">U\u010dinkovitost<\/h3>\n\n\n\n<p>Njihova u\u010dinkovitost ovisi o tome koliko se pa\u017eljivo koriste. Dijafragme i kapice imaju u\u010dinkovitost 92 do 96 %, \u0161to zna\u010di da od 100 \u017eena koje koriste ovu metodu za\u0161tite \u010detiri do osam ih godi\u0161nje zatrudni.<br>Dijafragme i cervikalne kapice moraju se postavljati svaki put prije spolnog odnosa. Spermicid se nanosi na dijafragmu ili kapicu, koja se zatim ume\u0107e u vaginu i prekriva vrat maternice. Ako je umetnuta vi\u0161e od tri sata prije spolnog odnosa potrebno je dodatno koristiti jo\u0161 spermicidnog sredstva. Kod svake nove penetracije potrebno je nanijeti novu koli\u010dinu spermicida, a kapicu ili dijafragmu potrebno je ostaviti najmanje 6 sati u tijelu nakon spolnog odnosa. Nakon toga se pa\u017eljivo izvadi, ispere i pohrani.<\/p>\n\n\n\n<h3 class=\"wp-block-heading\">Prednosti<\/h3>\n\n\n\n<p>&#8211; Koristi se samo kada \u017eelite imati seks i mo\u017ee se staviti u bilo kojem trenutku<br>&#8211; Nema ozbiljnih zdravstvenih rizika<br>&#8211; Kontrola lije\u010dnika nakon po\u010detnog pregleda nije potrebna<br>&#8211; Mo\u017ee se koristiti nekoliko godina<br>&#8211; Smanjuje rizik nastanka raka vrata maternice<br>&#8211; Djelomi\u010dno \u0161titi od nekih spolno prenosivih bolesti<\/p>\n\n\n\n<h3 class=\"wp-block-heading\">Nedostaci<\/h3>\n\n\n\n<p>&#8211; Ako je niste unaprijed umetnuli prekida spolni odnos<br>&#8211; Neki ljudi smatraju spermicide neurednima<br>&#8211; Treba vremena i prakse da bi se nau\u010dila ispravno postavljati<br>&#8211; Kod nekih \u017eena ili njihovih partnera spermicid zna uzrokovati iritacije.<\/p>\n\n\n\n<h3 class=\"wp-block-heading\">Tko i kada ne treba koristiti cervikalne kapice i<br>dijafragme?<\/h3>\n\n\n\n<p>&#8211; \u017eene s o\u0161te\u0107enjem mi\u0161i\u0107nog dna zdjelice<br>&#8211; \u017eene 6-12 tjedana nakon poroda ili poba\u010daja<br>&#8211; \u017eene s \u010destim urinarnim infekcijama<br>&#8211; ne koristi se za prvi spolni odnos<br>Kako se mogu dobiti (kupiti) cervikalne kapice i dijafragme?<br>Samo uz preporuku ginekologa jer on odre\u0111uje to\u010dnu mjeru koja odgovara \u017eeni.<\/p>\n\n\n\n<h3 class=\"wp-block-heading\">Op\u0107enite informacije<\/h3>\n\n\n\n<p>Jednom kada ste dobili dijafragmu ili kapicu s kojom ste zadovoljni, kod ginekologa idete samo na redovite preglede.<br>Ne treba vam lije\u010dnik ili medicinska sestra za umetanje kapice, ali ako ste izgubili ili dobili vi\u0161e od tri kilograma na te\u017eini, rodili ili pobacili trebat \u0107e vam nova kapica ili dijafragma.<\/p>\n\n\n\n<p>Dijafragme su napravljene obi\u010dno od tankog silikona ili lateksa. Kapica prekriva vrat maternice, cervikalni otvor, te na taj na\u010din stvara fizi\u010dku prepreku ulasku sperme u maternicu, i oplodnju jaja\u0161ca.<\/p>\n\n\n\n<p>Va\u017eno je pratiti upute pri kori\u0161tenju dijafragme. Ona se nakon kori\u0161tenja ispire u mlakoj vodi i koristi se blagi sapun. Pa\u017eljivo se ispere, te ostavi u kutiji do sljede\u0107eg kori\u0161tenja. Dijafragme i cervikalne kape se nikad ne bi smjele prokuhavati, ne bi se smjeli koristiti jaki deterd\u017eenti koji mogu izazvati o\u0161te\u0107enja.<\/p>\n\n\n\n<p>S kori\u0161tenjem dijafragme ne povezuju se zdravstveni rizici, ako se koristi pravilno prema uputama koje vam je dao lije\u010dnik ili koje su do\u0161le uz nju.<\/p>\n\n\n\n<p>I dijafragmu i cervikalnu kapu propisuje lije\u010dnik ginekolog kao metodu kontracepcije. Dijafragma je napravljena od lateksa i plitka je, a mo\u017ee se pri jednoj primjeni koristiti do 24 sata. Cervikalna kapa je napravljena od silikona, a kod primjene mo\u017ee se koristiti do 48 sati. Ipak, potrebno je pa\u017eljivo pro\u010ditati upute jer nisu sve ni dijefragme ni cervikalne kapice napravljene jednako. Uvijek pratite uputstvo koje vam je dao lije\u010dnik i koje je do\u0161lo va\u0161u cervikalnu kapu ili dijafragmu koju koristite.<\/p>\n\n\n\n<p>Novije cervikalne kape imaju izmijenjen dizajn, pru\u017eaju jednaku sigurnost kao starije, ali se mogu koristiti s lubrikantima umjesto sa <a href=\"https:\/\/covermagazin.com\/trudnoca\/?page_id=789\">spermicidima<\/a>, koji su se svojevremeno povezivali s odre\u0111enim rizicima u trudno\u0107i i vezano uz plod.<\/p>\n\n\n\n<p><strong>Vezano:<\/strong><\/p>\n\n\n\n<h4 class=\"wp-block-heading\"><strong><em><a href=\"https:\/\/covermagazin.com\/trudnoca\/?page_id=762\">Metode kontracepcije<\/a><\/em><\/strong><\/h4>\n\n\n\n<p><a href=\"https:\/\/covermagazin.com\/trudnoca\/?page_id=792\">Dijafragme i cervikalne kapice<\/a><\/p>\n\n\n\n<p><a href=\"https:\/\/covermagazin.com\/trudnoca\/?page_id=811\">Hitna kontracepcija \u2013 pilula za dan poslije<\/a><\/p>\n\n\n\n<p><a href=\"https:\/\/covermagazin.com\/trudnoca\/?page_id=783\">Kontracepcijska injekcija<\/a><\/p>\n\n\n\n<p><a href=\"https:\/\/covermagazin.com\/trudnoca\/?page_id=770\">Kontracepcijske (hormonske) pilule \u2013 kombinirana pilula<\/a><\/p>\n\n\n\n<p><a href=\"https:\/\/covermagazin.com\/trudnoca\/?page_id=774\">Kontracepcijske (hormonske) pilule \u2013 pilula samo s progestagenom<\/a><\/p>\n\n\n\n<p><a href=\"https:\/\/covermagazin.com\/trudnoca\/?page_id=786\">Kontracepcijski implantati<\/a><\/p>\n\n\n\n<p><a href=\"https:\/\/covermagazin.com\/trudnoca\/?page_id=778\">Kontracepcijskii flasteri<\/a><\/p>\n\n\n\n<p><a href=\"https:\/\/covermagazin.com\/trudnoca\/?page_id=796\">Mu\u0161ki (prezervativi) i \u017eenski (femidom) kondomi<\/a><\/p>\n\n\n\n<p><a href=\"https:\/\/covermagazin.com\/trudnoca\/?page_id=766\">Prirodne metode kontracepcije<\/a><\/p>\n\n\n\n<p><a href=\"https:\/\/covermagazin.com\/trudnoca\/?page_id=789\">Spermicidna sredstva<\/a><\/p>\n\n\n\n<p><a href=\"https:\/\/covermagazin.com\/trudnoca\/?page_id=803\">Sterilizacija mu\u0161karaca i \u017eene<\/a><\/p>\n\n\n\n<p><a href=\"https:\/\/covermagazin.com\/trudnoca\/?page_id=799\">Unutarmateri\u010dni umetak (spirala)<\/a><\/p>\n\n\n\n<p><a href=\"https:\/\/covermagazin.com\/trudnoca\/?page_id=762\">Unutarmaterni\u010dni sustav<\/a><\/p>\n","protected":false},"excerpt":{"rendered":"<p>Dijafragme i cervikalne kapice \u0160to je i kako djeluje? To su vaginalna barijerna sredstva, odnosno tanke gumene kapice s poja\u010danim elasti\u010dnim rubom. Stavljaju se u rodnicu zajedno sa spermicidnim sredstvom prije spolnog odnosa i pokrivaju vrat maternice. Djeluju tako da spre\u010davaju ulaz spermija u maternicu, a spermicidno sredstvo inaktivira spermije. Zajedno djeluju mehani\u010dki i kemijski. [&hellip;]<\/p>\n","protected":false},"author":1,"featured_media":793,"parent":762,"menu_order":0,"comment_status":"closed","ping_status":"closed","template":"","meta":{"footnotes":"","_links_to":"","_links_to_target":""},"class_list":["post-792","page","type-page","status-publish","has-post-thumbnail","hentry"],"_links":{"self":[{"href":"https:\/\/covermagazin.com\/trudnoca\/index.php?rest_route=\/wp\/v2\/pages\/792","targetHints":{"allow":["GET"]}}],"collection":[{"href":"https:\/\/covermagazin.com\/trudnoca\/index.php?rest_route=\/wp\/v2\/pages"}],"about":[{"href":"https:\/\/covermagazin.com\/trudnoca\/index.php?rest_route=\/wp\/v2\/types\/page"}],"author":[{"embeddable":true,"href":"https:\/\/covermagazin.com\/trudnoca\/index.php?rest_route=\/wp\/v2\/users\/1"}],"replies":[{"embeddable":true,"href":"https:\/\/covermagazin.com\/trudnoca\/index.php?rest_route=%2Fwp%2Fv2%2Fcomments&post=792"}],"version-history":[{"count":4,"href":"https:\/\/covermagazin.com\/trudnoca\/index.php?rest_route=\/wp\/v2\/pages\/792\/revisions"}],"predecessor-version":[{"id":1290,"href":"https:\/\/covermagazin.com\/trudnoca\/index.php?rest_route=\/wp\/v2\/pages\/792\/revisions\/1290"}],"up":[{"embeddable":true,"href":"https:\/\/covermagazin.com\/trudnoca\/index.php?rest_route=\/wp\/v2\/pages\/762"}],"wp:featuredmedia":[{"embeddable":true,"href":"https:\/\/covermagazin.com\/trudnoca\/index.php?rest_route=\/wp\/v2\/media\/793"}],"wp:attachment":[{"href":"https:\/\/covermagazin.com\/trudnoca\/index.php?rest_route=%2Fwp%2Fv2%2Fmedia&parent=792"}],"curies":[{"name":"wp","href":"https:\/\/api.w.org\/{rel}","templated":true}]}}