{"id":789,"date":"2022-04-27T07:32:13","date_gmt":"2022-04-27T07:32:13","guid":{"rendered":"https:\/\/covermagazin.com\/trudnoca\/?page_id=789"},"modified":"2022-04-27T08:03:27","modified_gmt":"2022-04-27T08:03:27","slug":"spermicidna-sredstva","status":"publish","type":"page","link":"https:\/\/covermagazin.com\/trudnoca\/?page_id=789","title":{"rendered":"Spermicidna sredstva"},"content":{"rendered":"\n<p><a href=\"https:\/\/covermagazin.com\/trudnoca\/wp-content\/uploads\/kontracepcija-7.gif\"><img loading=\"lazy\" decoding=\"async\" class=\"alignnone size-full wp-image-790\" src=\"https:\/\/covermagazin.com\/trudnoca\/wp-content\/uploads\/kontracepcija-7.gif\" alt=\"\" width=\"116\" height=\"85\" srcset=\"https:\/\/covermagazin.com\/trudnoca\/wp-content\/uploads\/kontracepcija-7.gif 116w, https:\/\/covermagazin.com\/trudnoca\/wp-content\/uploads\/kontracepcija-7-80x60.gif 80w\" sizes=\"auto, (max-width: 116px) 100vw, 116px\" \/><\/a><\/p>\n\n\n\n<h2 class=\"wp-block-heading\">Spermicidna sredstva<\/h2>\n\n\n\n<p>U spermicidna sredstva ubrajaju se krema, gel, pjena, supozitoriji, vaginalne tablete, spu\u017evice&#8230; <\/p>\n\n\n\n<h3 class=\"wp-block-heading\">\u0160to je i kako djeluje spermicid?<\/h3>\n\n\n\n<p>Spermicidi su kemijska sredstva koja inaktiviraju ili ubijaju spermije, ali stvaraju i fizi\u010dku membranu kako sprije\u010dili spermije da prodru u maternicu. <\/p>\n\n\n\n<h3 class=\"wp-block-heading\">U\u010dinkovitost<\/h3>\n\n\n\n<p>S obzirom na to da im je kontracepcijska djelotvornost vrlo niska, uvijek se upotrebljavaju u kombinaciji s drugim kontracepcijskim sredstvima, npr. s dijafragmom ili kondomom. Smatra se da im je u\u010dinkovitost od 75 do 85 posto. U jednoj godini na svakih 100 \u017eena koje redovito koriste spermicid, procjenjuje se kako \u0107e njih 26 ostati trudno. <br>Spermicid se stavlja u rodnicu aplikatorom prije spolnog odnosa. Glavna kemijska sredstva koja djeluju spermicidno su octoxynol, menfegol, benzalkonium chlorid, nonoxynol-9.<\/p>\n\n\n\n<h3 class=\"wp-block-heading\">Prednosti<\/h3>\n\n\n\n<p>&#8211; za\u0161tita od nekih spolno prenosivih bolesti<br>&#8211; rabe se samo za vrijeme odnosa<br>&#8211; ne treba ih propisati lije\u010dnik<br>&#8211; jednostavna uporaba pomo\u0107u aplikatora<br>&#8211; spermicidi se mogu staviti u rodnicu i do 1 sat prije spolnog odnosa<br>&#8211; mogu poja\u010dati vla\u017eenje rodnice.<\/p>\n\n\n\n<h3 class=\"wp-block-heading\">Nedostaci<\/h3>\n\n\n\n<p>&#8211; mogu izazvati lokalnu iritaciju zbog alergije ili osjetljivosti<br>&#8211; \u010de\u0161\u0107e urinarne infekcije<\/p>\n\n\n\n<h3 class=\"wp-block-heading\">Nuspojave<\/h3>\n\n\n\n<p>Alergijske reakcije i osjetljivost na spermicidna kemijska sredstva, iritacija sluznice rodnice.<\/p>\n\n\n\n<h3 class=\"wp-block-heading\">Op\u0107enite informacije<\/h3>\n\n\n\n<p>Naj\u010de\u0161\u0107e kori\u0161teni spermicid kod nas je krema Delfen jer je ona neko\u0107 bila registrirana u RH. Trenutno nijedan spermicid nije registriran na na\u0161em tr\u017ei\u0161tu tako da bi ga morali nabavljati izvana preko privatne ljekarne.<\/p>\n\n\n\n<p>Spermicidi blokiraju cervikalni otvor (otvor maternice) i ote\u017eavaju prodor sperme u unutra\u0161njost maternice, kako ne bi plivala i oplodila jaja\u0161ce. Da bi funkcionirao spermicid se mora utisnuti duboko u vaginu, blizu cervikalnog otvora. Kreme gelovi i pjene se utisnu u vaginu koriste\u0107i replikator.<\/p>\n\n\n\n<p>Spermicidi se moraju utisnuti u vaginu prije spolnog odnosa. Na uputama svakog sredstva pi\u0161e konkretno koliko se prije spolnmog odnosa mora primijeniti. U ve\u0107ini slu\u010dajeva je to 10 do 15 minuta prije spolnog odnosa. Ve\u0107ina spermicida u\u010dinkovita je oko jednog sata nakon primjene. Ako pro\u0111e vi\u0161e od sat vremena tada treba primijeniti novu dozu. U svakom slu\u010daju trebaju se pa\u017eljivo pro\u010ditati upute, jer postoji mogu\u0107nost da neki spermicid ima druga\u010diji princip djelovanja. Spermicidi se mogu koristiti s kondomima i ne bi ga trebali o\u0161tetiti. Na taj na\u010din stvara se sigurnija za\u0161tita u sprje\u010davanju trudno\u0107e, ali i spolnih bolesti jer spermicidi ne \u0161tite od spolno prenosivih bolesti, nego tek smanjuju mogu\u0107nost za\u010de\u0107a.<\/p>\n\n\n\n<p>Kako bi spermicid djelovao potrebno je koristiti svaki put kada imate spolni odnos, te ga koristiti pravilno.<\/p>\n\n\n\n<p>Spermicide obi\u010dno koriste ljudi koji ne \u017eele hormonalnu kontracepciju ili ne mogu koristiti hormonalnu kontracepciju zbog nekih zdravstvenih stanja.<\/p>\n\n\n\n<p>Spermicidi su op\u0107enito relativno jeftina za\u0161tita od ne\u017eeljene trudno\u0107e, ali cijena ovisi o proizvo\u0111a\u010du. Me\u0111utim, kod nas postoje tehni\u010dki problemi prilikom kupovni, jer ih treba naru\u010divati izvana. Osim \u0161to ne \u0161tite od spolno prenosivih bolesti, \u0161to je njihova velika mana, spermicidi imaju relativno malo nuspojava. Mo\u017ee se javiti iritacija rodnice ili neka manja alergijska reakcija.<\/p>\n\n\n\n<p>Spermicidi su sredstva koja rade na principu barijere. Njihov glavni sastojak imobilizira spermu, on je o\u0161te\u0107uje i \u010dini nesposobnom za kretanje, ali stvara i fizi\u010dku barijeru na sli\u010dan na\u010din kao kondom ili dijafragma na ulazu u maternicu. Ipak, sigurnost je na ne\u0161to ni\u017eoj razini. Kada se koriste kao jednino sredstvo kontracepcije, spermicidi su u\u010dinkoviti oko 80 posto.<\/p>\n\n\n\n<p>Neka istra\u017eivanja dala su naslutiti kako kori\u0161tenje spermicida u godini prije trudno\u0107e i za vrijeme trudno\u0107e se povezuje s rizi\u010dnijom trudno\u0107om, ali i nekim malformacijama i pote\u0161ko\u0107ama kod djece, uklju\u010duju\u0107i Down sindrom. Me\u0111utim, takva istra\u017eivanja su provedena davno, a nisu potvr\u0111ena pa ostaje nejasno mo\u017ee li kori\u0161tenje spermicida izazvati probleme u trudno\u0107i i uro\u0111ene pote\u0161ko\u0107e kod djece. <a href=\"https:\/\/pubmed.ncbi.nlm.nih.gov\/12265919\/\">Izvor<\/a> ; <a href=\"https:\/\/pubmed.ncbi.nlm.nih.gov\/12266719\/\">Izvor 2<\/a><\/p>\n\n\n\n<p><strong>Vezano:<\/strong><\/p>\n\n\n\n<h4 class=\"wp-block-heading\"><strong><em><a href=\"https:\/\/covermagazin.com\/trudnoca\/?page_id=762\">Metode kontracepcije<\/a><\/em><\/strong><\/h4>\n\n\n\n<p><a href=\"https:\/\/covermagazin.com\/trudnoca\/?page_id=792\">Dijafragme i cervikalne kapice<\/a><\/p>\n\n\n\n<p><a href=\"https:\/\/covermagazin.com\/trudnoca\/?page_id=811\">Hitna kontracepcija \u2013 pilula za dan poslije<\/a><\/p>\n\n\n\n<p><a href=\"https:\/\/covermagazin.com\/trudnoca\/?page_id=783\">Kontracepcijska injekcija<\/a><\/p>\n\n\n\n<p><a href=\"https:\/\/covermagazin.com\/trudnoca\/?page_id=770\">Kontracepcijske (hormonske) pilule \u2013 kombinirana pilula<\/a><\/p>\n\n\n\n<p><a href=\"https:\/\/covermagazin.com\/trudnoca\/?page_id=774\">Kontracepcijske (hormonske) pilule \u2013 pilula samo s progestagenom<\/a><\/p>\n\n\n\n<p><a href=\"https:\/\/covermagazin.com\/trudnoca\/?page_id=786\">Kontracepcijski implantati<\/a><\/p>\n\n\n\n<p><a href=\"https:\/\/covermagazin.com\/trudnoca\/?page_id=778\">Kontracepcijskii flasteri<\/a><\/p>\n\n\n\n<p><a href=\"https:\/\/covermagazin.com\/trudnoca\/?page_id=796\">Mu\u0161ki (prezervativi) i \u017eenski (femidom) kondomi<\/a><\/p>\n\n\n\n<p><a href=\"https:\/\/covermagazin.com\/trudnoca\/?page_id=766\">Prirodne metode kontracepcije<\/a><\/p>\n\n\n\n<p><a href=\"https:\/\/covermagazin.com\/trudnoca\/?page_id=789\">Spermicidna sredstva<\/a><\/p>\n\n\n\n<p><a href=\"https:\/\/covermagazin.com\/trudnoca\/?page_id=803\">Sterilizacija mu\u0161karaca i \u017eene<\/a><\/p>\n\n\n\n<p><a href=\"https:\/\/covermagazin.com\/trudnoca\/?page_id=799\">Unutarmateri\u010dni umetak (spirala)<\/a><\/p>\n\n\n\n<p><a href=\"https:\/\/covermagazin.com\/trudnoca\/?page_id=762\">Unutarmaterni\u010dni sustav<\/a><\/p>\n","protected":false},"excerpt":{"rendered":"<p>Spermicidna sredstva U spermicidna sredstva ubrajaju se krema, gel, pjena, supozitoriji, vaginalne tablete, spu\u017evice&#8230; \u0160to je i kako djeluje spermicid? Spermicidi su kemijska sredstva koja inaktiviraju ili ubijaju spermije, ali stvaraju i fizi\u010dku membranu kako sprije\u010dili spermije da prodru u maternicu. U\u010dinkovitost S obzirom na to da im je kontracepcijska djelotvornost vrlo niska, uvijek se [&hellip;]<\/p>\n","protected":false},"author":1,"featured_media":790,"parent":762,"menu_order":0,"comment_status":"closed","ping_status":"closed","template":"","meta":{"footnotes":"","_links_to":"","_links_to_target":""},"class_list":["post-789","page","type-page","status-publish","has-post-thumbnail","hentry"],"_links":{"self":[{"href":"https:\/\/covermagazin.com\/trudnoca\/index.php?rest_route=\/wp\/v2\/pages\/789","targetHints":{"allow":["GET"]}}],"collection":[{"href":"https:\/\/covermagazin.com\/trudnoca\/index.php?rest_route=\/wp\/v2\/pages"}],"about":[{"href":"https:\/\/covermagazin.com\/trudnoca\/index.php?rest_route=\/wp\/v2\/types\/page"}],"author":[{"embeddable":true,"href":"https:\/\/covermagazin.com\/trudnoca\/index.php?rest_route=\/wp\/v2\/users\/1"}],"replies":[{"embeddable":true,"href":"https:\/\/covermagazin.com\/trudnoca\/index.php?rest_route=%2Fwp%2Fv2%2Fcomments&post=789"}],"version-history":[{"count":3,"href":"https:\/\/covermagazin.com\/trudnoca\/index.php?rest_route=\/wp\/v2\/pages\/789\/revisions"}],"predecessor-version":[{"id":1289,"href":"https:\/\/covermagazin.com\/trudnoca\/index.php?rest_route=\/wp\/v2\/pages\/789\/revisions\/1289"}],"up":[{"embeddable":true,"href":"https:\/\/covermagazin.com\/trudnoca\/index.php?rest_route=\/wp\/v2\/pages\/762"}],"wp:featuredmedia":[{"embeddable":true,"href":"https:\/\/covermagazin.com\/trudnoca\/index.php?rest_route=\/wp\/v2\/media\/790"}],"wp:attachment":[{"href":"https:\/\/covermagazin.com\/trudnoca\/index.php?rest_route=%2Fwp%2Fv2%2Fmedia&parent=789"}],"curies":[{"name":"wp","href":"https:\/\/api.w.org\/{rel}","templated":true}]}}