{"id":786,"date":"2022-04-27T08:58:40","date_gmt":"2022-04-27T08:58:40","guid":{"rendered":"https:\/\/covermagazin.com\/trudnoca\/?page_id=786"},"modified":"2022-04-27T08:58:40","modified_gmt":"2022-04-27T08:58:40","slug":"kontracepcijski-implantati","status":"publish","type":"page","link":"https:\/\/covermagazin.com\/trudnoca\/?page_id=786","title":{"rendered":"Kontracepcijski implantati"},"content":{"rendered":"\n<p><a href=\"https:\/\/covermagazin.com\/trudnoca\/wp-content\/uploads\/kontracepcija-6.jpg\"><img loading=\"lazy\" decoding=\"async\" class=\"alignnone size-full wp-image-787\" src=\"https:\/\/covermagazin.com\/trudnoca\/wp-content\/uploads\/kontracepcija-6.jpg\" alt=\"\" width=\"115\" height=\"85\" srcset=\"https:\/\/covermagazin.com\/trudnoca\/wp-content\/uploads\/kontracepcija-6.jpg 115w, https:\/\/covermagazin.com\/trudnoca\/wp-content\/uploads\/kontracepcija-6-80x60.jpg 80w\" sizes=\"auto, (max-width: 115px) 100vw, 115px\" \/><\/a><\/p>\n\n\n\n<h2 class=\"wp-block-heading\">Kontracepcijski implantati<\/h2>\n\n\n\n<p>Ako \u017eelite u\u010dinkovitu kontracepcijsku metodu, a ne \u017eelite razmi\u0161ljati svakodnevno jeste li popili pilulu ili niste, za vas je nova generacija kontracepcijskih sredstava.<\/p>\n\n\n\n<h3 class=\"wp-block-heading\">\u0160to je i kako djeluje implantat?<\/h3>\n\n\n\n<p>Kontracepcijski implantat je mala, fleksibilna cjev\u010dica (veli\u010dine manje \u017ei\u010dane ukosnice) koja se mora umetnuti u ko\u017eu na predjelu nadlaktice. Ona polako osloba\u0111a hormon progestagen i u\u010dinkovita je za\u0161tita od ne\u017eeljene trudno\u0107e kroz tri godine. Implantat uvijek mora umetnuti lije\u010dnik ili medicinska sestra i to pod lokalnom anestezijom.<br>Implantat se obi\u010dno treba umetnuti u prva dva dana menstrualnog ciklusa i njegovo djelovanje zapo\u010dinje odmah. Ako je umetnut neki drugi dan potrebno je koristiti dodatnu za\u0161titu slijede\u0107ih sedam dana.<br>Djeluje na na\u010din da:<br>1 &#8211; Spre\u010dava ovulaciju (sazrijevanje i osloba\u0111anje jajne stanice iz jajnika)<br>2 &#8211; Mijenjaju viskozitet sluzi koju lu\u010de \u017elijezde sluznice maternice, ote\u017eavaju\u0107i tako prolaz spermija<br>3 \u2013 Mijenja samu sluznicu maternice, \u0161to ote\u017eava implantaciju eventualno oplo\u0111ene jajne stanice.<\/p>\n\n\n\n<h3 class=\"wp-block-heading\">U\u010dinkovitost<\/h3>\n\n\n\n<p>Implantat je u\u010dinkovitiji od 99 %. To zna\u010di da \u0107e od 100 \u017eena koje koriste ovu metodu kontracepcije manje od 1 godi\u0161nje zatrudnjeti.<\/p>\n\n\n\n<h3 class=\"wp-block-heading\">Prednosti<\/h3>\n\n\n\n<p>&#8211; vrlo je u\u010dinkovita za\u0161tita<br>&#8211; ne utje\u010de na spolni odnos<br>&#8211; kada se ukloni plodnost se brzo vra\u0107a<br>&#8211; mogu ga koristiti dojilje<br>&#8211; ne trebate razmi\u0161ljati o kontracepciji<br>&#8211; ako se predomislite implantat se lako mo\u017ee ukloniti.<\/p>\n\n\n\n<h3 class=\"wp-block-heading\">Nedostaci<\/h3>\n\n\n\n<p>&#8211; Privremeno mjese\u010dnice mogu biti neredovite i u\u010destalije, ali sve se to smanjuje nakon odre\u0111enog vremena i nije \u0161tetno.<br>&#8211; Privremeno se mogu javiti promjene na ko\u017ei (ne\u010disto\u0107e), glavobolje, bolne grudi ili promjene u te\u017eini. Sve bi se trebalo vratiti u normalu nakon nekoliko mjeseci.<br>&#8211; Kod nekih \u017eena se mogu razviti ciste na jajnicima, koje nisu opasne, \u010desto nemaju simptoma i obi\u010dno nestaju bez lije\u010dni\u010dkog tretiranja.<br>&#8211; Rijetko, ali implantat mo\u017ee uzrokovati infekciju u ruci i ponekad ga je te\u0161ko ukloniti.<\/p>\n\n\n\n<h3 class=\"wp-block-heading\">Mo\u017ee li svatko koristiti kontracepcijski implantat?<\/h3>\n\n\n\n<p>Kontracepcijski implantati ne odgovaraju svakome. Razlozi za njegovo ne kori\u0161tenje uklju\u010duju:<br>&#8211; ako sumnjate u trudno\u0107u<br>&#8211; ako ne \u017eelite promjene u svome menstrualnom ciklusu.<br>Tako\u0111er, implantat ne biste smjeli koristiti ako imate ili ste imali u pro\u0161losti:<br>&#8211; rak reproduktivnih organa<br>&#8211; te\u0161ka o\u0161te\u0107enja jetre<br>&#8211; iznenadna krvarenja<br>&#8211; bolesti krvo\u017eilnog sustava (tromboza, embolija), osobito mo\u017edani ili sr\u010dani udar.<\/p>\n\n\n\n<h3 class=\"wp-block-heading\">Kako implantati utje\u010du na kasniju plodnost?<\/h3>\n\n\n\n<p>Implantati nemaju nikakvog utjecaja na kasniju plodnost, trudno\u0107u niti na dijete.<\/p>\n\n\n\n<h3 class=\"wp-block-heading\">Op\u0107enite informacije<\/h3>\n\n\n\n<p>Tri mjeseca nakon \u0161to vam je implantat umetnut trebate oti\u0107i na kontrolni pregled kod lije\u010dnika i nakon toga jednom godi\u0161nje. Neki lijekovi mogu utjecati na u\u010dinkovitost implantata, a implantati mogu utjecati na u\u010dinkovitost nekih lijekova.<\/p>\n\n\n\n<p>Kontracepcijski implantati mogu se koristiti i u pretilih \u017eena, ali kod \u017eena koje imaju indeks tjelesne mase preko 30 u\u010dinkovitost \u0107e biti oslabljena.<\/p>\n\n\n\n<p>Postavljanje kontracepcijskom implantata je vrlo jednostavan proces. Za vrijeme procedure vjerojatno \u0107ete le\u017eati na le\u0111ima s podlakticom svinutom prema glavi. Implantat \u0107e se umetnuti negdje izme\u0111u bicepsa i tricepsa. Nakon zahvata, ultrazvukom \u0107e se provjeriti je li implantat dobro namje\u0161ten. Sasvim je uobi\u010dajeno osjetiti blagu bol, \u010de\u0161kanje ili manje krvarenje, ali ako je i jedan simptom ne\u0161to ja\u010di potrebno se javiti lije\u010dniku ili obratiti hitnoj pomo\u0107i.<\/p>\n\n\n\n<p>Kontraceptivni implantati sprje\u010davaju ne\u017eeljenu trudno\u0107u tri godine, a nakon toga ih treba zamijeniti. Ipak, ponekad ih treba izvaditi i ranija ako se pojavi visok krvni tlak, u\u010destale migrene, zna\u010dajna depresija, te kod jo\u0161 nekih medicinskih stanja. Va\u0111enje implantata ili njegova zamjena se obavlja ponovno pod lokalnom anestezijom.<\/p>\n\n\n\n<p>Mjese\u010dnice bi trebale postati lak\u0161e i bezbolne. Ponekad skroz izostanu. Izostanak mjese\u010dnica vas ne bi trebao brinuti jer su implantati zaista dobra metoda kontracepcije, s velikom u\u010dinkovito\u0161\u0107u, a izostanak mjese\u010dnice se smatra uobi\u010dajenom nuspojavom. Ipak, kao \u017eelite biti sigurni kod izostanka mjese\u010dnice da niste trudni mo\u017eete napraviti test za trudno\u0107u.<\/p>\n\n\n\n<p>Nakon \u0161to se implantat izvadi trajno, va\u0161em tijelu \u0107e trebati neko vrijeme da se vrati u normalu, odnosno da spolni sustav i hormoni funkcioniraju na na\u010din kako su funkcionirali nekad. Ukoliko su mjese\u010dnice prestale dok ste imali implantat trebat \u0107e pro\u0107i neko vrijeme prije nego se mjese\u010dni ciklusi ne reguliraju. Tijelo svake \u017eene je razli\u010dito i razli\u010dito reagira na promjene, pa ne mo\u017ee se definirati to\u010dno razdoblje kroz koje \u0107e se plodnost vratiti. Neke \u017eene mogu ostati trudne ve\u0107 nekoliko dana nakon \u0161to je implantat izva\u0111en, dok \u0107e drugim \u017eenama trebati vi\u0161e vremena.<\/p>\n\n\n\n<p><strong>Vezano:<\/strong><\/p>\n\n\n\n<h4 class=\"wp-block-heading\"><strong><em><a href=\"https:\/\/covermagazin.com\/trudnoca\/?page_id=762\">Metode kontracepcije<\/a><\/em><\/strong><\/h4>\n\n\n\n<p><a href=\"https:\/\/covermagazin.com\/trudnoca\/?page_id=792\">Dijafragme i cervikalne kapice<\/a><\/p>\n\n\n\n<p><a href=\"https:\/\/covermagazin.com\/trudnoca\/?page_id=811\">Hitna kontracepcija \u2013 pilula za dan poslije<\/a><\/p>\n\n\n\n<p><a href=\"https:\/\/covermagazin.com\/trudnoca\/?page_id=783\">Kontracepcijska injekcija<\/a><\/p>\n\n\n\n<p><a href=\"https:\/\/covermagazin.com\/trudnoca\/?page_id=770\">Kontracepcijske (hormonske) pilule \u2013 kombinirana pilula<\/a><\/p>\n\n\n\n<p><a href=\"https:\/\/covermagazin.com\/trudnoca\/?page_id=774\">Kontracepcijske (hormonske) pilule \u2013 pilula samo s progestagenom<\/a><\/p>\n\n\n\n<p><a href=\"https:\/\/covermagazin.com\/trudnoca\/?page_id=786\">Kontracepcijski implantati<\/a><\/p>\n\n\n\n<p><a href=\"https:\/\/covermagazin.com\/trudnoca\/?page_id=778\">Kontracepcijskii flasteri<\/a><\/p>\n\n\n\n<p><a href=\"https:\/\/covermagazin.com\/trudnoca\/?page_id=796\">Mu\u0161ki (prezervativi) i \u017eenski (femidom) kondomi<\/a><\/p>\n\n\n\n<p><a href=\"https:\/\/covermagazin.com\/trudnoca\/?page_id=766\">Prirodne metode kontracepcije<\/a><\/p>\n\n\n\n<p><a href=\"https:\/\/covermagazin.com\/trudnoca\/?page_id=789\">Spermicidna sredstva<\/a><\/p>\n\n\n\n<p><a href=\"https:\/\/covermagazin.com\/trudnoca\/?page_id=803\">Sterilizacija mu\u0161karaca i \u017eene<\/a><\/p>\n\n\n\n<p><a href=\"https:\/\/covermagazin.com\/trudnoca\/?page_id=799\">Unutarmateri\u010dni umetak (spirala)<\/a><\/p>\n\n\n\n<p><a href=\"https:\/\/covermagazin.com\/trudnoca\/?page_id=762\">Unutarmaterni\u010dni sustav<\/a><\/p>\n","protected":false},"excerpt":{"rendered":"<p>Kontracepcijski implantati Ako \u017eelite u\u010dinkovitu kontracepcijsku metodu, a ne \u017eelite razmi\u0161ljati svakodnevno jeste li popili pilulu ili niste, za vas je nova generacija kontracepcijskih sredstava. \u0160to je i kako djeluje implantat? Kontracepcijski implantat je mala, fleksibilna cjev\u010dica (veli\u010dine manje \u017ei\u010dane ukosnice) koja se mora umetnuti u ko\u017eu na predjelu nadlaktice. Ona polako osloba\u0111a hormon progestagen [&hellip;]<\/p>\n","protected":false},"author":1,"featured_media":787,"parent":762,"menu_order":0,"comment_status":"closed","ping_status":"closed","template":"","meta":{"footnotes":"","_links_to":"","_links_to_target":""},"class_list":["post-786","page","type-page","status-publish","has-post-thumbnail","hentry"],"_links":{"self":[{"href":"https:\/\/covermagazin.com\/trudnoca\/index.php?rest_route=\/wp\/v2\/pages\/786","targetHints":{"allow":["GET"]}}],"collection":[{"href":"https:\/\/covermagazin.com\/trudnoca\/index.php?rest_route=\/wp\/v2\/pages"}],"about":[{"href":"https:\/\/covermagazin.com\/trudnoca\/index.php?rest_route=\/wp\/v2\/types\/page"}],"author":[{"embeddable":true,"href":"https:\/\/covermagazin.com\/trudnoca\/index.php?rest_route=\/wp\/v2\/users\/1"}],"replies":[{"embeddable":true,"href":"https:\/\/covermagazin.com\/trudnoca\/index.php?rest_route=%2Fwp%2Fv2%2Fcomments&post=786"}],"version-history":[{"count":3,"href":"https:\/\/covermagazin.com\/trudnoca\/index.php?rest_route=\/wp\/v2\/pages\/786\/revisions"}],"predecessor-version":[{"id":1311,"href":"https:\/\/covermagazin.com\/trudnoca\/index.php?rest_route=\/wp\/v2\/pages\/786\/revisions\/1311"}],"up":[{"embeddable":true,"href":"https:\/\/covermagazin.com\/trudnoca\/index.php?rest_route=\/wp\/v2\/pages\/762"}],"wp:featuredmedia":[{"embeddable":true,"href":"https:\/\/covermagazin.com\/trudnoca\/index.php?rest_route=\/wp\/v2\/media\/787"}],"wp:attachment":[{"href":"https:\/\/covermagazin.com\/trudnoca\/index.php?rest_route=%2Fwp%2Fv2%2Fmedia&parent=786"}],"curies":[{"name":"wp","href":"https:\/\/api.w.org\/{rel}","templated":true}]}}