{"id":783,"date":"2022-04-27T08:34:17","date_gmt":"2022-04-27T08:34:17","guid":{"rendered":"https:\/\/covermagazin.com\/trudnoca\/?page_id=783"},"modified":"2022-04-27T08:34:17","modified_gmt":"2022-04-27T08:34:17","slug":"kontracepcijska-injekcija","status":"publish","type":"page","link":"https:\/\/covermagazin.com\/trudnoca\/?page_id=783","title":{"rendered":"Kontracepcijska injekcija"},"content":{"rendered":"\n<p><a href=\"https:\/\/covermagazin.com\/trudnoca\/wp-content\/uploads\/kontracepcija-5.jpg\"><img loading=\"lazy\" decoding=\"async\" class=\"alignnone size-full wp-image-784\" src=\"https:\/\/covermagazin.com\/trudnoca\/wp-content\/uploads\/kontracepcija-5.jpg\" alt=\"\" width=\"115\" height=\"85\" srcset=\"https:\/\/covermagazin.com\/trudnoca\/wp-content\/uploads\/kontracepcija-5.jpg 115w, https:\/\/covermagazin.com\/trudnoca\/wp-content\/uploads\/kontracepcija-5-80x60.jpg 80w\" sizes=\"auto, (max-width: 115px) 100vw, 115px\" \/><\/a><\/p>\n\n\n\n<h2 class=\"wp-block-heading\">Kontracepcijska injekcija<\/h2>\n\n\n\n<p>Trudno\u0107u mo\u017eete sprije\u010diti injekcijom svakih 8 do 12 tjedana.<\/p>\n\n\n\n<h3 class=\"wp-block-heading\">\u0160to je i kako djeluje?<\/h3>\n\n\n\n<p>Kontracepcijska injekcija sadr\u017ei hormon progestagen i dugoro\u010dna je metoda kontracepcije. Injekcija se daje u mi\u0161i\u0107 stra\u017enjice, a hormon se vrlo sporo (postepeno) otpu\u0161ta u tijelu.<br>Postoje dva tipa injekcija, one koje pru\u017eaju za\u0161titu tri mjeseca i one dva mjeseca.<br>Obi\u010dno se daje u prvih pet dana mjese\u010dnice i za\u0161tita zapo\u010dinje od trenutka primanja injekcije. Ako se daje neki drugi dan u mjesecu, potrebno je koristiti sedam dana dodatnu za\u0161titu.<br>Injekcija djeluje tako \u0161to:<br>&#8211; Sprje\u010dava ovulaciju<br>&#8211; Mijenja viskozitet sluzi koju lu\u010de \u017elijezde sluznice maternice, ote\u017eavaju\u0107i tako prolaz spermija<br>&#8211; Mijenja samu sluznicu maternice, \u0161to ote\u017eava implantaciju eventualno oplo\u0111ene jajne stanice.<\/p>\n\n\n\n<h3 class=\"wp-block-heading\">U\u010dinkovitost<\/h3>\n\n\n\n<p>Kontracepcijska injekcija ima u\u010dinkovitost ve\u0107u od 99 %. \u0160to zna\u010di da \u0107e od 100 \u017eena koje koriste ovu metodu, manje od 1 godi\u0161nje zatrudnjeti.<\/p>\n\n\n\n<h3 class=\"wp-block-heading\">Prednosti<\/h3>\n\n\n\n<p>&#8211; Vrlo je u\u010dinkovita<br>&#8211; Ne utje\u010de na spolni odnos<br>&#8211; Mogu je koristiti dojilje<br>&#8211; Ne trebate razmi\u0161ljati o kontracepciji osim par puta godi\u0161nje.<\/p>\n\n\n\n<h3 class=\"wp-block-heading\">Nedostaci<\/h3>\n\n\n\n<p>&#8211; Injekcija zna uzrokovati neredovita krvarenja ili produ\u017eiti trajanje mjese\u010dnice. Kod nekih \u017eena zna potpuno zaustaviti krvarenja, dok kod drugih uzrokuje u\u010destalije krvarenje. Neredovita krvarenja mogu se nastaviti i do nekoliko mjeseci nakon prestanka djelovanja injekcija.<br>&#8211; Privremeno se mogu javiti promjene na ko\u017ei (ne\u010disto\u0107e, glavobolje, bolne grudi.<br>&#8211; Injekcija se ne mo\u017ee maknuti iz tijela. Ako se pojave negativni efekti oni \u0107e trajati sve dok ne prestane djelovanje injekcije za dva ili tri mjeseca.<\/p>\n\n\n\n<h3 class=\"wp-block-heading\">Mo\u017ee li svatko dobiti kontracepcijsku injekciju?<\/h3>\n\n\n\n<p>Kontracepcijska injekcija ne odgovara svima. Razlozi za njeno ne dobivanje uklju\u010duju:<br>&#8211; ako mislite da biste mogli biti trudni<br>&#8211; ako ne \u017eelite promjene u svom menstrualnom ciklusu.<br>Tako\u0111er, ne biste trebali dobiti injekciju ukoliko imate ili ste imali u pro\u0161losti:<br>&#8211; rak reproduktivnih organa<br>&#8211; iznenadno krvarenje<br>&#8211; sr\u010dani napad<br>&#8211; depresiju<br>&#8211; bolesti krvnih \u017eila mozga ili o\u010diju<br>&#8211; te\u0161ka o\u0161te\u0107enja jetre.<\/p>\n\n\n\n<h3 class=\"wp-block-heading\">Op\u0107enite informacije<\/h3>\n\n\n\n<p>Kontracepcijska injekcija je manje u\u010dinkovita ako ste napravili pauzu izme\u0111u prethodne i nje. Sumnja se da kontracepcijska injekcija poti\u010de osteoropozu zbog toga bi posebno mla\u0111e \u017eene prije primanje injekcije trebale se upoznati s drugim metodama kontracepcije.<\/p>\n\n\n\n<p>Kontracepcijska injekcija djeluje tako da se injektira sinteti\u010dka vrsta progestagena koj se naziva Depot, pa se ponekad kontracepcijska injekcija naziva i DEPO injekcija. Depo sprje\u010dava organizam da producira svoje hormone i sprje\u010dava se ovulacija, otpu\u0161tanje jaja\u0161ca. Djeluje na sli\u010dnom principu kao kontracepcijska pilula.<\/p>\n\n\n\n<p>Velika mana je \u0161to kada ih prestanete koristiti treba jako puno vremena kod nekih \u017eena da se vrati plodnost. Ponekad su \u017eene neplodne \u010dak i 18 mjeseci nakon primjene. Ako u skorije vrijeme planirate trudno\u0107u tada kontracepcijska injekcija nije najbolji odabir za vas. Tako\u0111er, mijenja obrazac menstrualni ciklusa. Kod nekih \u017eena se kod prve primjene javlja sukrvica i neredovito krvarenje kod prvih nekoliko promjena, me\u0111utim, nakon tri injekcije zaredom kod ve\u0107ine \u017eena \u0107e potpuno prestati menstrualna krvarenja jer uop\u0107e ne dolazi do zadebljanja maternice, pa se nema \u0161to \u201elju\u0161titi\u201d u maternici.<\/p>\n\n\n\n<p>Neke \u017eene vole injekcije jer ne moraju puno misliti o kontracepciji, drugima se taj princip ne svi\u0111a. \u017denama koje ina\u010de imaju obilne i bolne mjese\u010dnice vjerojatno \u0107e se svidjeti ideja kontracepcije koja \u010dini mjese\u010dnice mnogo laganijima, bez bolova i gr\u010deva, a \u010desto i potpuno zaustavlja mjese\u010dna krvarenja. Kod primjene injekcija ne treba raditi pauzu. Sve \u0161to trebate je novi sistematski kod lije\u010dnika i ginekologa svake dvije godine kako bi se provjerilo je li injekcija jo\u0161 uvijek za vas najbolji odabir kontracepcije. U teoriji ako ne \u017eelite djecu, mo\u017eete primjenjivati kontracepcijsku injekciju sve od prve primjene do 50 godina.<\/p>\n\n\n\n<p><strong>Vezano:<\/strong><\/p>\n\n\n\n<h4 class=\"wp-block-heading\"><strong><em><a href=\"https:\/\/covermagazin.com\/trudnoca\/?page_id=762\">Metode kontracepcije<\/a><\/em><\/strong><\/h4>\n\n\n\n<p><a href=\"https:\/\/covermagazin.com\/trudnoca\/?page_id=792\">Dijafragme i cervikalne kapice<\/a><\/p>\n\n\n\n<p><a href=\"https:\/\/covermagazin.com\/trudnoca\/?page_id=811\">Hitna kontracepcija \u2013 pilula za dan poslije<\/a><\/p>\n\n\n\n<p><a href=\"https:\/\/covermagazin.com\/trudnoca\/?page_id=783\">Kontracepcijska injekcija<\/a><\/p>\n\n\n\n<p><a href=\"https:\/\/covermagazin.com\/trudnoca\/?page_id=770\">Kontracepcijske (hormonske) pilule \u2013 kombinirana pilula<\/a><\/p>\n\n\n\n<p><a href=\"https:\/\/covermagazin.com\/trudnoca\/?page_id=774\">Kontracepcijske (hormonske) pilule \u2013 pilula samo s progestagenom<\/a><\/p>\n\n\n\n<p><a href=\"https:\/\/covermagazin.com\/trudnoca\/?page_id=786\">Kontracepcijski implantati<\/a><\/p>\n\n\n\n<p><a href=\"https:\/\/covermagazin.com\/trudnoca\/?page_id=778\">Kontracepcijskii flasteri<\/a><\/p>\n\n\n\n<p><a href=\"https:\/\/covermagazin.com\/trudnoca\/?page_id=796\">Mu\u0161ki (prezervativi) i \u017eenski (femidom) kondomi<\/a><\/p>\n\n\n\n<p><a href=\"https:\/\/covermagazin.com\/trudnoca\/?page_id=766\">Prirodne metode kontracepcije<\/a><\/p>\n\n\n\n<p><a href=\"https:\/\/covermagazin.com\/trudnoca\/?page_id=789\">Spermicidna sredstva<\/a><\/p>\n\n\n\n<p><a href=\"https:\/\/covermagazin.com\/trudnoca\/?page_id=803\">Sterilizacija mu\u0161karaca i \u017eene<\/a><\/p>\n\n\n\n<p><a href=\"https:\/\/covermagazin.com\/trudnoca\/?page_id=799\">Unutarmateri\u010dni umetak (spirala)<\/a><\/p>\n\n\n\n<p><a href=\"https:\/\/covermagazin.com\/trudnoca\/?page_id=762\">Unutarmaterni\u010dni sustav<\/a><\/p>\n","protected":false},"excerpt":{"rendered":"<p>Kontracepcijska injekcija Trudno\u0107u mo\u017eete sprije\u010diti injekcijom svakih 8 do 12 tjedana. \u0160to je i kako djeluje? Kontracepcijska injekcija sadr\u017ei hormon progestagen i dugoro\u010dna je metoda kontracepcije. Injekcija se daje u mi\u0161i\u0107 stra\u017enjice, a hormon se vrlo sporo (postepeno) otpu\u0161ta u tijelu.Postoje dva tipa injekcija, one koje pru\u017eaju za\u0161titu tri mjeseca i one dva mjeseca.Obi\u010dno se [&hellip;]<\/p>\n","protected":false},"author":1,"featured_media":784,"parent":762,"menu_order":0,"comment_status":"closed","ping_status":"closed","template":"","meta":{"footnotes":"","_links_to":"","_links_to_target":""},"class_list":["post-783","page","type-page","status-publish","has-post-thumbnail","hentry"],"_links":{"self":[{"href":"https:\/\/covermagazin.com\/trudnoca\/index.php?rest_route=\/wp\/v2\/pages\/783","targetHints":{"allow":["GET"]}}],"collection":[{"href":"https:\/\/covermagazin.com\/trudnoca\/index.php?rest_route=\/wp\/v2\/pages"}],"about":[{"href":"https:\/\/covermagazin.com\/trudnoca\/index.php?rest_route=\/wp\/v2\/types\/page"}],"author":[{"embeddable":true,"href":"https:\/\/covermagazin.com\/trudnoca\/index.php?rest_route=\/wp\/v2\/users\/1"}],"replies":[{"embeddable":true,"href":"https:\/\/covermagazin.com\/trudnoca\/index.php?rest_route=%2Fwp%2Fv2%2Fcomments&post=783"}],"version-history":[{"count":3,"href":"https:\/\/covermagazin.com\/trudnoca\/index.php?rest_route=\/wp\/v2\/pages\/783\/revisions"}],"predecessor-version":[{"id":1299,"href":"https:\/\/covermagazin.com\/trudnoca\/index.php?rest_route=\/wp\/v2\/pages\/783\/revisions\/1299"}],"up":[{"embeddable":true,"href":"https:\/\/covermagazin.com\/trudnoca\/index.php?rest_route=\/wp\/v2\/pages\/762"}],"wp:featuredmedia":[{"embeddable":true,"href":"https:\/\/covermagazin.com\/trudnoca\/index.php?rest_route=\/wp\/v2\/media\/784"}],"wp:attachment":[{"href":"https:\/\/covermagazin.com\/trudnoca\/index.php?rest_route=%2Fwp%2Fv2%2Fmedia&parent=783"}],"curies":[{"name":"wp","href":"https:\/\/api.w.org\/{rel}","templated":true}]}}