{"id":778,"date":"2022-04-27T09:01:29","date_gmt":"2022-04-27T09:01:29","guid":{"rendered":"https:\/\/covermagazin.com\/trudnoca\/?page_id=778"},"modified":"2022-04-27T09:01:42","modified_gmt":"2022-04-27T09:01:42","slug":"kontracepcijskii-flasteri","status":"publish","type":"page","link":"https:\/\/covermagazin.com\/trudnoca\/?page_id=778","title":{"rendered":"Kontracepcijskii flasteri"},"content":{"rendered":"\n<p><a href=\"https:\/\/covermagazin.com\/trudnoca\/wp-content\/uploads\/kontracepcija-4.jpg\"><img loading=\"lazy\" decoding=\"async\" class=\"alignnone size-full wp-image-779\" src=\"https:\/\/covermagazin.com\/trudnoca\/wp-content\/uploads\/kontracepcija-4.jpg\" alt=\"\" width=\"116\" height=\"85\" srcset=\"https:\/\/covermagazin.com\/trudnoca\/wp-content\/uploads\/kontracepcija-4.jpg 116w, https:\/\/covermagazin.com\/trudnoca\/wp-content\/uploads\/kontracepcija-4-80x60.jpg 80w\" sizes=\"auto, (max-width: 116px) 100vw, 116px\" \/><\/a><\/p>\n\n\n\n<h2 class=\"wp-block-heading\">Kontracepcijskii flasteri<\/h2>\n\n\n\n<p>Ovo je metoda kontracepcije koja djeluje jednako kao kombinirana kontracepcijska pilula, samo \u0161to ima prednost jer se ne mora uzimati svaki dan.<\/p>\n\n\n\n<h3 class=\"wp-block-heading\">\u0160to je i kako djeluje?<\/h3>\n\n\n\n<p>Kontracepcijski flaster je naljepnica za tijelo otprilike 5 x 5 cm. Sadr\u017ei jednake hormone kao kombinirana pilula : oestrogen i progestagen.<br>Svakodnevno se u krvotok putem flastera kroz ko\u017eu unose hormoni koji sprje\u010davaju ovulaciju.<\/p>\n\n\n\n<h3 class=\"wp-block-heading\">U\u010dinkovitost<\/h3>\n\n\n\n<p>Ako se koristi prema uputama u\u010dinkovitost je ve\u0107a od 99%, ali istra\u017eivanja pokazuju kako je u\u010dinkovitost smanjena kod \u017eena koje imaju preko 90kg.<\/p>\n\n\n\n<h3 class=\"wp-block-heading\">Kako se koristi?<\/h3>\n\n\n\n<p>U\u010dinkovitost flastera traje sedam dana i koristi se tri tjedna u mjesecu.<br>Kada se prvi put nalijepi daje u\u010dinkovitu za\u0161titu od trudno\u0107e ve\u0107 od prvog dana kori\u0161tenja.<br>Slijede\u0107a dva flastera primjenjuju se \u2013 prvi (drugi ukupno) od osmog dana i drugi (tre\u0107i ukupno) od petnaestog dana ciklusa.<br>Nakon tri tjedna pravi se jednotjedna pauza, kada se javlja krvarenje. Novi flaster se lijepi nakon sedam dana pauze i proces tada zapo\u010dinje ponovno.<\/p>\n\n\n\n<h3 class=\"wp-block-heading\">Prednosti<\/h3>\n\n\n\n<p>&#8211; Trebate se samo jednom tjedno prisjetiti zamijeniti flaster<br>&#8211; Visoko je u\u010dinkovit ako se ispravno koristi<br>&#8211; Lak je za uporabu i ne utje\u010de na seksualni odnos<br>&#8211; Hormoni idu ravno u krvotok, pa na njegovu u\u010dinkovitost ne utje\u010de povra\u0107anje ili proljev.<\/p>\n\n\n\n<h3 class=\"wp-block-heading\">Nedostatci<\/h3>\n\n\n\n<p>&#8211; Vidljiv je<br>&#8211; Mo\u017ee uzrokovati ko\u017ene iritacije kod nekih \u017eena<br>&#8211; Kao i pilula mo\u017ee uzrokovati privremene glavobolje, promjene raspolo\u017eenja, manja krvarenja izme\u0111u mjese\u010dnica ili promjene te\u017eine.<\/p>\n\n\n\n<h3 class=\"wp-block-heading\">\u0160to ako se flaster odlijepi<\/h3>\n\n\n\n<p>Flaster je vrlo tajan i trebao bi ostati zalijepljen za vrijeme tu\u0161iranja, plivanja, posjeta sauni ili vje\u017ebanja. Ako se slu\u010dajno odlijepi (\u0161to se de\u0161ava u manje od 2% slu\u010dajeva) treba ga zamijeniti u \u0161to kra\u0107em roku.<br>Ako je pro\u0161lo manje od 24 sata od kada se flaster odlijepio, dovoljno je nalijepiti novi.<br>Ako je pro\u0161lo vi\u0161e vremena od 24 sata, treba koristiti dodatne metode za\u0161tite slijede\u0107ih sedam dana.<\/p>\n\n\n\n<h3 class=\"wp-block-heading\">Gdje se flaster lijepi?<\/h3>\n\n\n\n<p>Mo\u017ee se nalijepiti na trbuh, stra\u017enjicu, vanjsku povr\u0161inu nadlaktice ili neki drugi predio gornjeg dijela tijela osim grudi ili nekog drugog dijela tijela koji je sklon iritacijama.<\/p>\n\n\n\n<h3 class=\"wp-block-heading\">\u0160to u\u010diniti ako se jave izvanmenstrualna krvarenja?<\/h3>\n\n\n\n<p>Izvanmenstrualna krvarenja naj\u010de\u0161\u0107e su sasvim bezopasna. Zbog njih se ne treba brinuti. Javljaju se uglavnom na po\u010detku kori\u0161tenja flastera i naj\u010de\u0161\u0107e prestaju ve\u0107 u sljede\u0107em ciklusu. Ako se ponovno jave, treba nastaviti s kori\u0161tenjem flastera. Ako su krvarenja u\u010destala i obilna, treba se posavjetovati s ginekologom.<\/p>\n\n\n\n<h3 class=\"wp-block-heading\">Mo\u017ee li svatko koristiti kontracepcijski flaster?<\/h3>\n\n\n\n<p>Flaster ne\u0107e odgovarati svakoj \u017eeni. Razlozi za nekori\u0161tenje uklju\u010duju:<br>&#8211; ako sumnjate da ste trudni<br>&#8211; ako pu\u0161ite i stariji ste od 35 godina<br>Tako\u0111er flaster ne biste trebali koristiti ako imate ili ste imali u pro\u0161losti:<br>&#8211; krvni ugru\u0161ak u bilo kojoj veni ili arteriji<br>&#8211; postoje\u0107e bolesti krvo\u017eilnog sustava (tromboza, embolija), osobito mo\u017edani ili sr\u010dani udar<br>&#8211; postoje\u0107i hormonski ovisni zlo\u0107udni tumori<br>&#8211; te\u0161ka o\u0161te\u0107enja jetre, hormoni iz kontracepcijskih pilula mogu jetra dodatno opteretiti<br>&#8211; bolesti krvnih \u017eila mozga ili o\u010diju<br>&#8211; osobe s visokim krvnim tlakom, osobito ako su<br>prisutne komplikacije<br>&#8211; uro\u0111eni ili ste\u010deni poreme\u0107aji metabolizma kao \u0161to su \u0161e\u0107erna bolest ili poreme\u0107aji metabolizma lipida<br>&#8211; otoskleroza, koja se pogor\u0161ala u prethodnoj trudno\u0107i.<br>Kada je potrebno skinuti flaster:<br>&#8211; migrena koja se javlja prvi put nakon stavljanja flastera, krvne \u017eile mozga mogu preosjetljivo reagirati na spolne hormone<br>&#8211; iznenadni poreme\u0107aji vida, oni mogu biti prvi znak tromboti\u010dnih promjena krvnih \u017eila mozga<br>&#8211; akutna tromboza<br>&#8211; akutna \u017eutica<br>&#8211; dulji boravak u krevetu, na primjer nakon te\u017ee traume ili velikih operativnih zahvata<br>&#8211; povi\u0161enje krvnog tlaka<br>&#8211; trudno\u0107a<br>&#8211; pojava mioma, \u010dvorova u dojkama ili endometrioze.<\/p>\n\n\n\n<h3 class=\"wp-block-heading\">Op\u0107enite informacije<\/h3>\n\n\n\n<p>Neki lijekovi i medikamenti utje\u010du na djelovanje flastera, a flaster utje\u010de na djelotvornost nekih lijekova.<\/p>\n\n\n\n<p><strong>Vezano:<\/strong><\/p>\n\n\n\n<h4 class=\"wp-block-heading\"><strong><em><a href=\"https:\/\/covermagazin.com\/trudnoca\/?page_id=762\">Metode kontracepcije<\/a><\/em><\/strong><\/h4>\n\n\n\n<p><a href=\"https:\/\/covermagazin.com\/trudnoca\/?page_id=792\">Dijafragme i cervikalne kapice<\/a><\/p>\n\n\n\n<p><a href=\"https:\/\/covermagazin.com\/trudnoca\/?page_id=811\">Hitna kontracepcija \u2013 pilula za dan poslije<\/a><\/p>\n\n\n\n<p><a href=\"https:\/\/covermagazin.com\/trudnoca\/?page_id=783\">Kontracepcijska injekcija<\/a><\/p>\n\n\n\n<p><a href=\"https:\/\/covermagazin.com\/trudnoca\/?page_id=770\">Kontracepcijske (hormonske) pilule \u2013 kombinirana pilula<\/a><\/p>\n\n\n\n<p><a href=\"https:\/\/covermagazin.com\/trudnoca\/?page_id=774\">Kontracepcijske (hormonske) pilule \u2013 pilula samo s progestagenom<\/a><\/p>\n\n\n\n<p><a href=\"https:\/\/covermagazin.com\/trudnoca\/?page_id=786\">Kontracepcijski implantati<\/a><\/p>\n\n\n\n<p><a href=\"https:\/\/covermagazin.com\/trudnoca\/?page_id=778\">Kontracepcijskii flasteri<\/a><\/p>\n\n\n\n<p><a href=\"https:\/\/covermagazin.com\/trudnoca\/?page_id=796\">Mu\u0161ki (prezervativi) i \u017eenski (femidom) kondomi<\/a><\/p>\n\n\n\n<p><a href=\"https:\/\/covermagazin.com\/trudnoca\/?page_id=766\">Prirodne metode kontracepcije<\/a><\/p>\n\n\n\n<p><a href=\"https:\/\/covermagazin.com\/trudnoca\/?page_id=789\">Spermicidna sredstva<\/a><\/p>\n\n\n\n<p><a href=\"https:\/\/covermagazin.com\/trudnoca\/?page_id=803\">Sterilizacija mu\u0161karaca i \u017eene<\/a><\/p>\n\n\n\n<p><a href=\"https:\/\/covermagazin.com\/trudnoca\/?page_id=799\">Unutarmateri\u010dni umetak (spirala)<\/a><\/p>\n\n\n\n<p><a href=\"https:\/\/covermagazin.com\/trudnoca\/?page_id=762\">Unutarmaterni\u010dni sustav<\/a><\/p>\n","protected":false},"excerpt":{"rendered":"<p>Kontracepcijskii flasteri Ovo je metoda kontracepcije koja djeluje jednako kao kombinirana kontracepcijska pilula, samo \u0161to ima prednost jer se ne mora uzimati svaki dan. \u0160to je i kako djeluje? Kontracepcijski flaster je naljepnica za tijelo otprilike 5 x 5 cm. Sadr\u017ei jednake hormone kao kombinirana pilula : oestrogen i progestagen.Svakodnevno se u krvotok putem flastera [&hellip;]<\/p>\n","protected":false},"author":1,"featured_media":779,"parent":762,"menu_order":0,"comment_status":"closed","ping_status":"closed","template":"","meta":{"footnotes":"","_links_to":"","_links_to_target":""},"class_list":["post-778","page","type-page","status-publish","has-post-thumbnail","hentry"],"_links":{"self":[{"href":"https:\/\/covermagazin.com\/trudnoca\/index.php?rest_route=\/wp\/v2\/pages\/778","targetHints":{"allow":["GET"]}}],"collection":[{"href":"https:\/\/covermagazin.com\/trudnoca\/index.php?rest_route=\/wp\/v2\/pages"}],"about":[{"href":"https:\/\/covermagazin.com\/trudnoca\/index.php?rest_route=\/wp\/v2\/types\/page"}],"author":[{"embeddable":true,"href":"https:\/\/covermagazin.com\/trudnoca\/index.php?rest_route=\/wp\/v2\/users\/1"}],"replies":[{"embeddable":true,"href":"https:\/\/covermagazin.com\/trudnoca\/index.php?rest_route=%2Fwp%2Fv2%2Fcomments&post=778"}],"version-history":[{"count":5,"href":"https:\/\/covermagazin.com\/trudnoca\/index.php?rest_route=\/wp\/v2\/pages\/778\/revisions"}],"predecessor-version":[{"id":1317,"href":"https:\/\/covermagazin.com\/trudnoca\/index.php?rest_route=\/wp\/v2\/pages\/778\/revisions\/1317"}],"up":[{"embeddable":true,"href":"https:\/\/covermagazin.com\/trudnoca\/index.php?rest_route=\/wp\/v2\/pages\/762"}],"wp:featuredmedia":[{"embeddable":true,"href":"https:\/\/covermagazin.com\/trudnoca\/index.php?rest_route=\/wp\/v2\/media\/779"}],"wp:attachment":[{"href":"https:\/\/covermagazin.com\/trudnoca\/index.php?rest_route=%2Fwp%2Fv2%2Fmedia&parent=778"}],"curies":[{"name":"wp","href":"https:\/\/api.w.org\/{rel}","templated":true}]}}