{"id":52111,"date":"2025-01-22T12:07:45","date_gmt":"2025-01-22T10:07:45","guid":{"rendered":"https:\/\/covermagazin.com\/?page_id=52111"},"modified":"2025-01-22T12:25:57","modified_gmt":"2025-01-22T10:25:57","slug":"keto-dijeta-kako-je-provoditi-i-s-kojim-namirnicama","status":"publish","type":"page","link":"https:\/\/covermagazin.com\/?page_id=52111","title":{"rendered":"KETO DIJETA: kako je provoditi i s kojim namirnicama"},"content":{"rendered":"\n<div class=\"wp-block-cover is-light\"><span aria-hidden=\"true\" class=\"wp-block-cover__background has-background-dim\"><\/span><img loading=\"lazy\" decoding=\"async\" width=\"960\" height=\"640\" class=\"wp-block-cover__image-background wp-image-52488\" alt=\"\" src=\"https:\/\/covermagazin.com\/wp-content\/uploads\/2021\/01\/keto-dijeta-top-portal.jpg\" data-object-fit=\"cover\" srcset=\"https:\/\/covermagazin.com\/wp-content\/uploads\/2021\/01\/keto-dijeta-top-portal.jpg 960w, https:\/\/covermagazin.com\/wp-content\/uploads\/2021\/01\/keto-dijeta-top-portal-382x255.jpg 382w, https:\/\/covermagazin.com\/wp-content\/uploads\/2021\/01\/keto-dijeta-top-portal-768x512.jpg 768w, https:\/\/covermagazin.com\/wp-content\/uploads\/2021\/01\/keto-dijeta-top-portal-300x200.jpg 300w\" sizes=\"auto, (max-width: 960px) 100vw, 960px\" \/><div class=\"wp-block-cover__inner-container is-layout-flow wp-block-cover-is-layout-flow\">\n<p class=\"has-text-align-center has-large-font-size\">Keto dijeta<\/p>\n<\/div><\/div>\n\n\n\n<h2 class=\"wp-block-heading\">Keto dijeta &#8211; kako je provoditi i s kojim namirnicama<\/h2>\n\n\n\n<p>Keto dijeta je bogata masno\u0107ama, a siroma\u0161na ugljikohidratima. Keto dijeta je zasitna dijeta, ne ograni\u010dava unos kalorija nego smanjivanjem unosa ugljikohidrata omogu\u0107uje tijelu da pro\u0111e ketozu tijekom koje tijelo postaje bolje u pretvaranju masti u energiju.<\/p>\n\n\n\n<p>Prehrana s manjim unosom ugljikohidrata usmjerava tijelo da nakon potro\u0161enih ugljikohidrata za normalno odr\u017eavanje funkcija organizma koristi masti. Pri tom procesu dolazi do stvaranja ketonskih tijela koje se u organizmu mogu koristiti kao izvor energije. Tijelo se na taj na\u010din dovodi u fazu ketoze odnosno stanje u kojem su masti glavni izvor energije.<\/p>\n\n\n\n<p>Keto dijeta kao primarno uzima gubitak kilograma sagorijevanjem masti. Cilj je nagovoriti tijelo da vi\u0161e kao izvor energije za normalne funkcije koristi masti.<\/p>\n\n\n\n<p><strong>Postoje i druge dijete koje ograni\u010davaju unos ugljikohidrata, no kod keto dijete je, ovisno o varijantama dijete, unos ugljikohidrata ograni\u010den na 5-10%.<\/strong><\/p>\n\n\n\n<p>Osnova keto dijete je:<br>&#8211; hrana bogata masno\u0107ama,<br>&#8211; reduciran unos ugljikohidrata,<br>&#8211; a s bjelan\u010devinama umjereno.<\/p>\n\n\n\n<h4 class=\"wp-block-heading\">Kako rasporediti dnevni unos kalorija?<\/h4>\n\n\n\n<p>Na primjer , kod dnevnog unosa od 2000 kalorija, trebalo bi ih rasporediti ovako:<\/p>\n\n\n\n<p>2000 kalorija = 1800 kalorija masno\u0107e + 70 kalorija ugljikohidrati + 130 kalorija proteini<\/p>\n\n\n\n<h4 class=\"wp-block-heading\">Kako rasporediti dnevni unos namirnica?<\/h4>\n\n\n\n<p>Omjer je 70% dnevnog unosa namirnica&nbsp; koli\u010dinski trebaju biti masno\u0107e, 20-25% bjelan\u010devine i 5-10% ugljikohidrati.<\/p>\n\n\n\n<figure class=\"wp-block-image alignnone size-full wp-image-52447\"><img loading=\"lazy\" decoding=\"async\" width=\"600\" height=\"397\" src=\"https:\/\/covermagazin.com\/wp-content\/uploads\/2021\/01\/keto-dijeta.jpg\" alt=\"\" class=\"wp-image-52447\" srcset=\"https:\/\/covermagazin.com\/wp-content\/uploads\/2021\/01\/keto-dijeta.jpg 600w, https:\/\/covermagazin.com\/wp-content\/uploads\/2021\/01\/keto-dijeta-382x253.jpg 382w, https:\/\/covermagazin.com\/wp-content\/uploads\/2021\/01\/keto-dijeta-300x200.jpg 300w\" sizes=\"auto, (max-width: 600px) 100vw, 600px\" \/><figcaption class=\"wp-element-caption\">Ovako bi va\u0161 tanjur dok ste na keto dijeti trebao izgledati<\/figcaption><\/figure>\n\n\n\n<p>Keto dijeta uglavnom ograni\u010dava unos ugljikohidrata na 20 do 50 grama po danu.<\/p>\n\n\n\n<p><em>Okvirno to mo\u017ee izgledati ovako:<\/em><\/p>\n\n\n\n<p><strong>2000 kalorija = okvirno 200 g masno\u0107a + okvirno 20 g ugljikohidrati + okvirno 30 g proteini <\/strong><\/p>\n\n\n\n<p>Neke od bitnih stavki keto dijete su razlikovanje dobrih i i lo\u0161ih masti i pove\u0107an unos dobrih masti. Keto dijeta i brojanje unosa masno\u0107a i ugljikohidrata mo\u017ee biti u po\u010detku komplicirano, no kada se pro\u0111e po\u010detno vrijeme prilagodbe postaje jednostavnija.<\/p>\n\n\n\n<p>U prvom tjednu keto dijete mogu\u0107e je osjetiti odre\u0111ene negativne simptome poput glavobolje, bol u mi\u0161i\u0107ima, zatvor i umor. No, ve\u0107 u drugom ili tre\u0107em tjednu bi se trebali osje\u0107ati bolje.<\/p>\n\n\n\n<p><strong>Izbor hrane za keto dijetu \u0107e u po\u010detku biti te\u017ei, no kada se usvoji princip i razviju navike postaje lak\u0161e.<\/strong><\/p>\n\n\n\n<h3 class=\"wp-block-heading\">Koju hranu birati na keto dijeti:<\/h3>\n\n\n\n<p><strong>Meso i riba &#8211; keto dijeta<\/strong><br>&#8211; perad s ko\u017eom, piletinu, puretinu<br>&#8211; masnije ribe poput lososa, tune, sku\u0161e, pastrve<br>&#8211; svinjsku slaninu, \u0161unku, kobasice, govedinu<\/p>\n\n\n\n<p><strong>Povr\u0107e &#8211; keto dijeta<\/strong><br>&#8211; zeleno povr\u0107e poput \u0161pinata, kelja, salate, brokule, cvjeta\u010da, krastavci, raj\u010dica, luk, paprika<br>a smanjiti unos korijenja bogatog \u0161krobom poput mrkve, korabe, krumpira, pastrnjaka&#8230;<\/p>\n\n\n\n<p><strong>Vo\u0107e &#8211; keto dijeta<\/strong><br>&#8211; Avokado, borovnice, maline, jagode, dinja, kokos, smokve, breskve, lubenica, limun&#8230;<br>Vo\u0107ni sokovi i su\u0161eno vo\u0107e nisu po\u017eeljni u keto dijeti. Banane i mango imaju u sastavu dosta ugljikohidrata te bi ih trebalo smanjiti.<\/p>\n\n\n\n<p><strong>Jaja &#8211; keto dijeta<\/strong><\/p>\n\n\n\n<p>&#8211;&nbsp; bilo koja jaja<\/p>\n\n\n\n<p><strong>Mlije\u010dni proizvodi &#8211; keto dijeta<\/strong><br>&#8211; maslac i vrhnje, punomasni jogurt<br>&#8211; neprera\u0111ene sireve, punomasne sireve, cheddar, mozzarella, kozji sir<br>Kravlje mlijeko se ne preporu\u010duje na keto dijeti jer sadr\u017ei prirodni \u0161e\u0107er alternativa mogu biti bademovo i kokosovo mlijeko. Tako\u0111er, treba izbjegavati sva zasla\u0111ena mlijeka te zobeno i ri\u017eino mlijeko jer su bogati ugljikohidratima, zasla\u0111eno kondenzirano mlijeko, kozje mlijeko&#8230;<\/p>\n\n\n\n<p><strong>Ulja &#8211; keto dijeta<\/strong><br>&#8211; birati maslinovo ulje, laneno ulje, ulje avokada, kokosovo ulje<\/p>\n\n\n\n<p><strong>Pi\u0107a &#8211; keto dijeta<\/strong><br>&#8211; nezasla\u0111ena kava<br>&#8211; \u010dajevi (nezasla\u0111eni)<br>&#8211; mineralna voda, mineralna s okusom koja nije zasla\u0111ena dodatno<\/p>\n\n\n\n<p>Ukoliko osjetite<strong> \u017eelju za slatkim<\/strong> birajte ne\u0161to poput tamne \u010dokolade ili ne\u0161to s maslacem od ora\u0161astih plodova.<\/p>\n\n\n\n<h3 class=\"wp-block-heading\">Hrana koju bi trebalo smanjiti na keto dijeti<\/h3>\n\n\n\n<p>U prehrani treba zna\u010dajno reducirati namirnice poput kruha, bijelog i integralnog, kola\u010de, tjestenine, \u017eitarica, proizvode na bazi \u017eitarica, vo\u0107a bogatog \u0161e\u0107erima, \u0161krobno povr\u0107e, sladoledi, bomboni, slatki\u0161i, grah i mahunarke, le\u0107u, slanutak, prera\u0111ena biljna ulja, umake, pivo, vino, citruse, gro\u017e\u0111e, banane, ananas, kravlje mlijeko, zasla\u0111eno mlijeko.<\/p>\n\n\n\n<p><strong>Neke ideje za prehranu na keto dijeti:<\/strong><\/p>\n\n\n\n<p><strong>Doru\u010dak na keto dijeti:<\/strong><br>&#8211; Kava s mlijekom s dodanim maslacem, jaja i slanina su neka osnova za doru\u010dak<br>punomasno mlijeko, sir, te ostali punomasni mlije\u010dni proizvodi.<br>&#8211; Omlet s povr\u0107em koje ima malo ugljikohidrata poput \u0161pinata.<br>&#8211; Dva jaja na oko na maslacu s zelenim povr\u0107em<br>&#8211; Omlet sa \u0161ampinjonima<br>&#8211; Paprika punjena sirom i jajima<\/p>\n\n\n\n<p><strong>Ru\u010dak ili ve\u010dera na keto dijeti:<\/strong><br>&#8211; Tunjevina s raj\u010dicom i zelenim povr\u0107em<br>&#8211; Puretina s kuhanim jajima, zeleno salatom i sirom<br>&#8211; Piletina s umakom od vrhnja i brokulom<br>&#8211; Losos sa \u0161pinatom i uljem<br>&#8211; Zelena salata s tunjevinom iz konzerve, sirom i orasima.<br>&#8211; Odrezak sa zelenom salatom i svje\u017eim sirom<br>&#8211; Cezar salata s piletinom<br>&#8211; Svinjski kotleti s povr\u0107em<\/p>\n\n\n\n<p><strong>Me\u0111uobrok i grickalice na keto dijeti:<\/strong><br>&#8211; Avokado salata sa majonezom i krekerima od lana<br>&#8211; Avokado sa svje\u017eim sirom, dodati malo soli i papra<br>&#8211; Salata od avokada i piletine<br>&#8211; Vo\u0107e (npr. jabuka) u kombinaciji sa masno\u0107ama poput maslaca od badema ili kikirikija<br>&#8211; Dimljeni losos s krekerima i svje\u017eim sitom<br>&#8211; Bademi ili orasi i sir<br>&#8211; \u010cips od kokosa<\/p>\n\n\n\n<p>Kako bi keto dijeta bila uspje\u0161na trebali biste biti i tjelesno aktivni, poja\u010dajte \u0161etnju, tr\u010danje, aerobik kako biste izvukli maksimum iz keto dijete.<\/p>\n\n\n\n<p>Istra\u017eivanje je polazalo da ketogene dijete s niskim udjelom ugljikohidrata mo\u017ee pomo\u0107i u kontroli tjelesne te\u017eine, u kontroli gladi te pobolj\u0161ati metabolizam.<a href=\"https:\/\/www.ncbi.nlm.nih.gov\/pmc\/articles\/PMC3945587\/\">*&nbsp;<\/a><br><strong>Trajanje keto dijete prema ovom istra\u017eivanju mo\u017ee se kretati od 2-3 tjedna do 6-12 mjeseci.<\/strong><\/p>\n\n\n\n<p>Prete\u017eno je stav da se ova dijeta treba provoditi cikli\u010dki kako bi dala bolje rezultate, te da na njoj ne bi trebalo biti kontinuirano. Kratkoro\u010dno ova dijeta pokazuje u\u010dinke na smanjenje tjelesne te\u017eine, te mo\u017ee imati pozitivne u\u010dinke na krvni tlak, kolesterol i razinu \u0161e\u0107era u krvi.<br>No, o utjecaju keto dijete dugoro\u010dno jo\u0161 nema dovoljno istra\u017eivanja.<\/p>\n\n\n\n<h3 class=\"wp-block-heading\">Je li keto dijeta za vas?<\/h3>\n\n\n\n<p>Uz keto dijetu, Paleo, South Beach i Atkinsova dijeta koncentriraju se na visoki udio proteina i masti, a mali udio ugljikohidrata. Ali keto dijeta se razlikuje od njih. Ona se koncentrira na prehranu bogatu mastima, koje opskrbljuju tijelo s oko 90 posto dnevnih potreba za kalorijama i nije tip dijete koju mo\u017eete probati par dana, pa ako vam se ne svidi odustati. To je dijeta koju ako zapo\u010dnete trebate odraditi od po\u010detka do kraja da bi imala u\u010dinka. Keto dijetom se u\u010di tijelo kako da se oslanja na masno\u0107e kao glavni izvor energije, a ne na \u0161e\u0107er (ugljikohidrate).<\/p>\n\n\n\n<h4 class=\"wp-block-heading\">Mr\u0161avljenje na keto dijeti<\/h4>\n\n\n\n<p>O\u010dekivano mr\u0161avljenje dok ste na keto dijeti je prvi tjedan 1kg, a nakon toga oko pola kilograma tjedno.<\/p>\n\n\n\n<p>Me\u0111utim, rezultati koji se o\u010dekuju mogu biti mnogo bolji te je promatranjem ljudi na keto dijeti uo\u010deno da<strong> nakon 90 dana provo\u0111enja keto dijete rezultati variraju od 6 do 12 kg manje.<\/strong> Ovisno o organizmu i nekim drugim \u010dimbenicima.<\/p>\n\n\n\n<h4 class=\"wp-block-heading\">Keto dijeta prednosti<\/h4>\n\n\n\n<p>Istra\u017eivanja su pokazala da keto dijeta mo\u017ee imati pozitivne u\u010dinke i na razli\u010dita zdravstvena stanja poput: bolesti srca &#8211; keto dijeta smanjuje tjelesne masno\u0107e, utje\u010de na razinu kolesterola, kontrolu krvnog tlaka i \u0161e\u0107era u krvi.<a href=\"https:\/\/www.ncbi.nlm.nih.gov\/pmc\/articles\/PMC5452247\/\"> *<\/a> , Alzheimerovu bolest &#8211; keto dijeta mo\u017ee pomo\u0107i u smanjenju simptoma i napretku ove bolesti <a href=\"https:\/\/www.ncbi.nlm.nih.gov\/pmc\/articles\/PMC6356942\/\">*<\/a> , Parkinsovu bolest<a href=\"https:\/\/www.ncbi.nlm.nih.gov\/pmc\/articles\/PMC6175383\/\"> *&nbsp;<\/a>Stru\u010dnjaci nagla\u0161avaju da ova dijeta ima odre\u0111ene nedostatke.<\/p>\n\n\n\n<h4 class=\"wp-block-heading\">Keto dijeta nuspojave<\/h4>\n\n\n\n<p>Kao nuspojave keto dijete se spominju glavobolje, bol u mi\u0161i\u0107ima, zatvor i umor.<\/p>\n\n\n\n<h4 class=\"wp-block-heading\">Tablica namirnica prema udjelu ugljikohidrata, proteina i masti&nbsp; za keto dijetu:<\/h4>\n\n\n\n<figure class=\"wp-block-image\"><img loading=\"lazy\" decoding=\"async\" width=\"473\" height=\"442\" src=\"https:\/\/covermagazin.com\/wp-content\/uploads\/2021\/03\/Tablica-namirnica-za-keto-dijetu-prema-udjelu-ugljikohidrata-proteina-i-masti_1.jpg\" alt=\"Keto dijeta - Tablica namirnica za keto dijetu - prema udjelu ugljikohidrata, proteina i masti\" class=\"wp-image-55378\" srcset=\"https:\/\/covermagazin.com\/wp-content\/uploads\/2021\/03\/Tablica-namirnica-za-keto-dijetu-prema-udjelu-ugljikohidrata-proteina-i-masti_1.jpg 473w, https:\/\/covermagazin.com\/wp-content\/uploads\/2021\/03\/Tablica-namirnica-za-keto-dijetu-prema-udjelu-ugljikohidrata-proteina-i-masti_1-280x262.jpg 280w\" sizes=\"auto, (max-width: 473px) 100vw, 473px\" \/><\/figure>\n\n\n\n<figure class=\"wp-block-image\"><img loading=\"lazy\" decoding=\"async\" width=\"473\" height=\"442\" src=\"https:\/\/covermagazin.com\/wp-content\/uploads\/2021\/03\/Tablica-namirnica-za-keto-dijetu-prema-udjelu-ugljikohidrata-proteina-i-masti_2.jpg\" alt=\"Keto dijeta - Tablica namirnica za keto dijetu - prema udjelu ugljikohidrata, proteina i masti\" class=\"wp-image-55379\" srcset=\"https:\/\/covermagazin.com\/wp-content\/uploads\/2021\/03\/Tablica-namirnica-za-keto-dijetu-prema-udjelu-ugljikohidrata-proteina-i-masti_2.jpg 473w, https:\/\/covermagazin.com\/wp-content\/uploads\/2021\/03\/Tablica-namirnica-za-keto-dijetu-prema-udjelu-ugljikohidrata-proteina-i-masti_2-280x262.jpg 280w\" sizes=\"auto, (max-width: 473px) 100vw, 473px\" \/><\/figure>\n\n\n\n<figure class=\"wp-block-image\"><img loading=\"lazy\" decoding=\"async\" width=\"473\" height=\"442\" src=\"https:\/\/covermagazin.com\/wp-content\/uploads\/2021\/03\/Tablica-namirnica-za-keto-dijetu-prema-udjelu-ugljikohidrata-proteina-i-masti_3.jpg\" alt=\"Keto dijeta - Tablica namirnica za keto dijetu - prema udjelu ugljikohidrata, proteina i masti\" class=\"wp-image-55380\" srcset=\"https:\/\/covermagazin.com\/wp-content\/uploads\/2021\/03\/Tablica-namirnica-za-keto-dijetu-prema-udjelu-ugljikohidrata-proteina-i-masti_3.jpg 473w, https:\/\/covermagazin.com\/wp-content\/uploads\/2021\/03\/Tablica-namirnica-za-keto-dijetu-prema-udjelu-ugljikohidrata-proteina-i-masti_3-280x262.jpg 280w\" sizes=\"auto, (max-width: 473px) 100vw, 473px\" \/><\/figure>\n\n\n\n<figure class=\"wp-block-image\"><img loading=\"lazy\" decoding=\"async\" width=\"473\" height=\"442\" src=\"https:\/\/covermagazin.com\/wp-content\/uploads\/2021\/03\/Tablica-namirnica-za-keto-dijetu-prema-udjelu-ugljikohidrata-proteina-i-masti_4.jpg\" alt=\"Keto dijeta - Tablica namirnica za keto dijetu - prema udjelu ugljikohidrata, proteina i masti\" class=\"wp-image-55381\" srcset=\"https:\/\/covermagazin.com\/wp-content\/uploads\/2021\/03\/Tablica-namirnica-za-keto-dijetu-prema-udjelu-ugljikohidrata-proteina-i-masti_4.jpg 473w, https:\/\/covermagazin.com\/wp-content\/uploads\/2021\/03\/Tablica-namirnica-za-keto-dijetu-prema-udjelu-ugljikohidrata-proteina-i-masti_4-280x262.jpg 280w\" sizes=\"auto, (max-width: 473px) 100vw, 473px\" \/><\/figure>\n\n\n\n<figure class=\"wp-block-image\"><img loading=\"lazy\" decoding=\"async\" width=\"473\" height=\"442\" src=\"https:\/\/covermagazin.com\/wp-content\/uploads\/2021\/03\/Tablica-namirnica-za-keto-dijetu-prema-udjelu-ugljikohidrata-proteina-i-masti_5.jpg\" alt=\"Keto dijeta - Tablica namirnica za keto dijetu - prema udjelu ugljikohidrata, proteina i masti\" class=\"wp-image-55382\" srcset=\"https:\/\/covermagazin.com\/wp-content\/uploads\/2021\/03\/Tablica-namirnica-za-keto-dijetu-prema-udjelu-ugljikohidrata-proteina-i-masti_5.jpg 473w, https:\/\/covermagazin.com\/wp-content\/uploads\/2021\/03\/Tablica-namirnica-za-keto-dijetu-prema-udjelu-ugljikohidrata-proteina-i-masti_5-280x262.jpg 280w\" sizes=\"auto, (max-width: 473px) 100vw, 473px\" \/><\/figure>\n\n\n\n<figure class=\"wp-block-image\"><img loading=\"lazy\" decoding=\"async\" width=\"473\" height=\"442\" src=\"https:\/\/covermagazin.com\/wp-content\/uploads\/2021\/03\/Tablica-namirnica-za-keto-dijetu-prema-udjelu-ugljikohidrata-proteina-i-masti_7.jpg\" alt=\"Keto dijeta - Tablica namirnica za keto dijetu - prema udjelu ugljikohidrata, proteina i masti\" class=\"wp-image-55383\" srcset=\"https:\/\/covermagazin.com\/wp-content\/uploads\/2021\/03\/Tablica-namirnica-za-keto-dijetu-prema-udjelu-ugljikohidrata-proteina-i-masti_7.jpg 473w, https:\/\/covermagazin.com\/wp-content\/uploads\/2021\/03\/Tablica-namirnica-za-keto-dijetu-prema-udjelu-ugljikohidrata-proteina-i-masti_7-280x262.jpg 280w\" sizes=\"auto, (max-width: 473px) 100vw, 473px\" \/><\/figure>\n\n\n\n<figure class=\"wp-block-image\"><img loading=\"lazy\" decoding=\"async\" width=\"473\" height=\"442\" src=\"https:\/\/covermagazin.com\/wp-content\/uploads\/2021\/03\/Tablica-namirnica-za-keto-dijetu-prema-udjelu-ugljikohidrata-proteina-i-masti_8.jpg\" alt=\"Keto dijeta - Tablica namirnica za keto dijetu - prema udjelu ugljikohidrata, proteina i masti\" class=\"wp-image-55384\" srcset=\"https:\/\/covermagazin.com\/wp-content\/uploads\/2021\/03\/Tablica-namirnica-za-keto-dijetu-prema-udjelu-ugljikohidrata-proteina-i-masti_8.jpg 473w, https:\/\/covermagazin.com\/wp-content\/uploads\/2021\/03\/Tablica-namirnica-za-keto-dijetu-prema-udjelu-ugljikohidrata-proteina-i-masti_8-280x262.jpg 280w\" sizes=\"auto, (max-width: 473px) 100vw, 473px\" \/><\/figure>\n\n\n\n<figure class=\"wp-block-image\"><img loading=\"lazy\" decoding=\"async\" width=\"473\" height=\"442\" src=\"https:\/\/covermagazin.com\/wp-content\/uploads\/2021\/03\/Tablica-namirnica-za-keto-dijetu-prema-udjelu-ugljikohidrata-proteina-i-masti_9.jpg\" alt=\"Keto dijeta - Tablica namirnica za keto dijetu - prema udjelu ugljikohidrata, proteina i masti\" class=\"wp-image-55385\" srcset=\"https:\/\/covermagazin.com\/wp-content\/uploads\/2021\/03\/Tablica-namirnica-za-keto-dijetu-prema-udjelu-ugljikohidrata-proteina-i-masti_9.jpg 473w, https:\/\/covermagazin.com\/wp-content\/uploads\/2021\/03\/Tablica-namirnica-za-keto-dijetu-prema-udjelu-ugljikohidrata-proteina-i-masti_9-280x262.jpg 280w\" sizes=\"auto, (max-width: 473px) 100vw, 473px\" \/><\/figure>\n\n\n\n<figure class=\"wp-block-image\"><img loading=\"lazy\" decoding=\"async\" width=\"473\" height=\"442\" src=\"https:\/\/covermagazin.com\/wp-content\/uploads\/2021\/03\/Tablica-namirnica-za-keto-dijetu-prema-udjelu-ugljikohidrata-proteina-i-masti_10.jpg\" alt=\"Keto dijeta - Tablica namirnica za keto dijetu - prema udjelu ugljikohidrata, proteina i masti\" class=\"wp-image-55386\" srcset=\"https:\/\/covermagazin.com\/wp-content\/uploads\/2021\/03\/Tablica-namirnica-za-keto-dijetu-prema-udjelu-ugljikohidrata-proteina-i-masti_10.jpg 473w, https:\/\/covermagazin.com\/wp-content\/uploads\/2021\/03\/Tablica-namirnica-za-keto-dijetu-prema-udjelu-ugljikohidrata-proteina-i-masti_10-280x262.jpg 280w\" sizes=\"auto, (max-width: 473px) 100vw, 473px\" \/><\/figure>\n\n\n\n<figure class=\"wp-block-image\"><img loading=\"lazy\" decoding=\"async\" width=\"473\" height=\"103\" src=\"https:\/\/covermagazin.com\/wp-content\/uploads\/2021\/03\/Tablica-namirnica-za-keto-dijetu-prema-udjelu-ugljikohidrata-proteina-i-masti_11.jpg\" alt=\"Keto dijeta - Tablica namirnica za keto dijetu - prema udjelu ugljikohidrata, proteina i masti\" class=\"wp-image-55387\" srcset=\"https:\/\/covermagazin.com\/wp-content\/uploads\/2021\/03\/Tablica-namirnica-za-keto-dijetu-prema-udjelu-ugljikohidrata-proteina-i-masti_11.jpg 473w, https:\/\/covermagazin.com\/wp-content\/uploads\/2021\/03\/Tablica-namirnica-za-keto-dijetu-prema-udjelu-ugljikohidrata-proteina-i-masti_11-382x83.jpg 382w\" sizes=\"auto, (max-width: 473px) 100vw, 473px\" \/><\/figure>\n\n\n\n<p>Vezano:<\/p>\n\n\n\n<p><a href=\"https:\/\/covermagazin.com\/?p=55409\">Keto dijeta: pravila, PREDNOSTI i KOLIKO DUGO se smije dr\u017eati <\/a><\/p>\n\n\n\n<figure class=\"wp-block-embed is-type-wp-embed is-provider-cover-magazin-com wp-block-embed-cover-magazin-com\"><div class=\"wp-block-embed__wrapper\">\n<blockquote class=\"wp-embedded-content\" data-secret=\"tiKzBcpVn2\"><a href=\"https:\/\/covermagazin.com\/?p=55409\">Keto dijeta: pravila, PREDNOSTI i KOLIKO DUGO se smije dr\u017eati<\/a><\/blockquote><iframe loading=\"lazy\" class=\"wp-embedded-content\" sandbox=\"allow-scripts\" security=\"restricted\" style=\"position: absolute; visibility: hidden;\" title=\"&#8220;Keto dijeta: pravila, PREDNOSTI i KOLIKO DUGO se smije dr\u017eati&#8221; &#8212; COVER magazin.com  \" src=\"https:\/\/covermagazin.com\/?p=55409&#038;embed=true#?secret=WTFvUwoBD5#?secret=tiKzBcpVn2\" data-secret=\"tiKzBcpVn2\" width=\"500\" height=\"282\" frameborder=\"0\" marginwidth=\"0\" marginheight=\"0\" scrolling=\"no\"><\/iframe>\n<\/div><\/figure>\n\n\n\n<figure class=\"wp-block-embed is-type-wp-embed is-provider-prirodni-lijek wp-block-embed-prirodni-lijek\"><div class=\"wp-block-embed__wrapper\">\n<blockquote class=\"wp-embedded-content\" data-secret=\"7LU0EKrf9I\"><a href=\"https:\/\/prirodnilijek.covermagazin.com\/?p=6716\">Keto dijeta \u2013 moje iskustvo \u2013 kako sam je provodila i koliko sam smr\u0161avila<\/a><\/blockquote><iframe loading=\"lazy\" class=\"wp-embedded-content\" sandbox=\"allow-scripts\" security=\"restricted\" style=\"position: absolute; visibility: hidden;\" title=\"&#8220;Keto dijeta \u2013 moje iskustvo \u2013 kako sam je provodila i koliko sam smr\u0161avila&#8221; &#8212; Prirodni lijek\" src=\"https:\/\/prirodnilijek.covermagazin.com\/?p=6716&#038;embed=true#?secret=6YsMfavYwZ#?secret=7LU0EKrf9I\" data-secret=\"7LU0EKrf9I\" width=\"500\" height=\"282\" frameborder=\"0\" marginwidth=\"0\" marginheight=\"0\" scrolling=\"no\"><\/iframe>\n<\/div><\/figure>\n\n\n\n<p>Ostale vrste&nbsp;<strong>dijeta za mr\u0161avljenje<\/strong>&nbsp;potra\u017eite ispod:<\/p>\n\n\n\n<figure class=\"wp-block-embed is-type-wp-embed is-provider-cover-magazin-com wp-block-embed-cover-magazin-com\"><div class=\"wp-block-embed__wrapper\">\n<blockquote class=\"wp-embedded-content\" data-secret=\"qnNqCu1Ykf\"><a href=\"https:\/\/covermagazin.com\/?page_id=26929\">30 vrsta dijeta za mr\u0161avljenje s planovima dijeta<\/a><\/blockquote><iframe loading=\"lazy\" class=\"wp-embedded-content\" sandbox=\"allow-scripts\" security=\"restricted\" style=\"position: absolute; visibility: hidden;\" title=\"&#8220;30 vrsta dijeta za mr\u0161avljenje s planovima dijeta&#8221; &#8212; COVER magazin.com  \" src=\"https:\/\/covermagazin.com\/?page_id=26929&#038;embed=true#?secret=Qd95xQcr59#?secret=qnNqCu1Ykf\" data-secret=\"qnNqCu1Ykf\" width=\"500\" height=\"282\" frameborder=\"0\" marginwidth=\"0\" marginheight=\"0\" scrolling=\"no\"><\/iframe>\n<\/div><\/figure>\n","protected":false},"excerpt":{"rendered":"<p>Keto dijeta &#8211; kako je provoditi i s kojim namirnicama Keto dijeta je bogata masno\u0107ama, a siroma\u0161na ugljikohidratima. Keto dijeta je zasitna dijeta, ne ograni\u010dava unos kalorija nego smanjivanjem unosa ugljikohidrata omogu\u0107uje tijelu da pro\u0111e ketozu tijekom koje tijelo postaje bolje u pretvaranju masti u energiju. Prehrana s manjim unosom ugljikohidrata usmjerava tijelo da nakon [&hellip;]<\/p>\n","protected":false},"author":1,"featured_media":52486,"parent":26929,"menu_order":0,"comment_status":"closed","ping_status":"closed","template":"","meta":{"footnotes":"","_links_to":"","_links_to_target":""},"class_list":["post-52111","page","type-page","status-publish","has-post-thumbnail","hentry"],"_links":{"self":[{"href":"https:\/\/covermagazin.com\/index.php?rest_route=\/wp\/v2\/pages\/52111","targetHints":{"allow":["GET"]}}],"collection":[{"href":"https:\/\/covermagazin.com\/index.php?rest_route=\/wp\/v2\/pages"}],"about":[{"href":"https:\/\/covermagazin.com\/index.php?rest_route=\/wp\/v2\/types\/page"}],"author":[{"embeddable":true,"href":"https:\/\/covermagazin.com\/index.php?rest_route=\/wp\/v2\/users\/1"}],"replies":[{"embeddable":true,"href":"https:\/\/covermagazin.com\/index.php?rest_route=%2Fwp%2Fv2%2Fcomments&post=52111"}],"version-history":[{"count":25,"href":"https:\/\/covermagazin.com\/index.php?rest_route=\/wp\/v2\/pages\/52111\/revisions"}],"predecessor-version":[{"id":73798,"href":"https:\/\/covermagazin.com\/index.php?rest_route=\/wp\/v2\/pages\/52111\/revisions\/73798"}],"up":[{"embeddable":true,"href":"https:\/\/covermagazin.com\/index.php?rest_route=\/wp\/v2\/pages\/26929"}],"wp:featuredmedia":[{"embeddable":true,"href":"https:\/\/covermagazin.com\/index.php?rest_route=\/wp\/v2\/media\/52486"}],"wp:attachment":[{"href":"https:\/\/covermagazin.com\/index.php?rest_route=%2Fwp%2Fv2%2Fmedia&parent=52111"}],"curies":[{"name":"wp","href":"https:\/\/api.w.org\/{rel}","templated":true}]}}