{"id":48859,"date":"2024-11-27T14:34:03","date_gmt":"2024-11-27T12:34:03","guid":{"rendered":"https:\/\/covermagazin.com\/?page_id=48859"},"modified":"2024-11-27T14:45:27","modified_gmt":"2024-11-27T12:45:27","slug":"najstarija-sanjarica-egipatska-knjiga-snova-qeniherkhepshefov-papirus","status":"publish","type":"page","link":"https:\/\/covermagazin.com\/?page_id=48859","title":{"rendered":"Najstarija sanjarica &#8211; Egipatska knjiga snova &#8211; Qeniherkhepshefov papirus"},"content":{"rendered":"\n<h3 class=\"wp-block-heading\"><a href=\"https:\/\/covermagazin.com\/?attachment_id=48860\" rel=\"attachment wp-att-48860\"><img loading=\"lazy\" decoding=\"async\" class=\"alignnone size-full wp-image-48860\" src=\"https:\/\/covermagazin.com\/wp-content\/uploads\/2020\/11\/Najstarija-sanjarica-Cover.jpg\" alt=\"Najstarija sanjarica \" width=\"600\" height=\"398\" srcset=\"https:\/\/covermagazin.com\/wp-content\/uploads\/2020\/11\/Najstarija-sanjarica-Cover.jpg 600w, https:\/\/covermagazin.com\/wp-content\/uploads\/2020\/11\/Najstarija-sanjarica-Cover-382x253.jpg 382w\" sizes=\"auto, (max-width: 600px) 100vw, 600px\" \/><\/a><\/h3>\n\n\n\n<h3 class=\"wp-block-heading\">Najstarija sanjarica &#8211; Egipatska knjiga snova &#8211; Qeniherkhepshefov papirus<\/h3>\n\n\n\n<p>Tuma\u010denjem snova ljudi se bave oduvijek, jo\u0161 od primitivnih dru\u0161tava ljude je zanimalo \u0161to bi mogli zna\u010diti njihovi snovi, a <a href=\"https:\/\/covermagazin.com\/?page_id=28606\">sanjarica<\/a>, kao knjiga koja tuma\u010di snove, ima svoje korijene u najstarijim civilizacijama.  <\/p>\n\n\n\n<p>Poznato je kako se u starom Egiptu puno pa\u017enje pridavalo snovima i tuma\u010dilo snove. Egip\u0107ani su jo\u0161 u drevna vremena imali svoju sanjaricu. Egipatska knjiga snova, poznata kao Qeniherkhepshefa (prema vlasnicima) je sa\u010duvana u dijelovima na papirusu. Navodno datira od otprilike 1500. godine prije Krista. Ta sanjarica nije najstarija, ali se ubraja gotovo u najstarije. Prema saznanjima postoje neki zapisi o snovima jo\u0161 ranije, ali uglavnom najstarije sanjarice datiraju od oko 3000 do 1000 godina prije Krista. (Gilgamesh 27OO-26OO pr. Krista, Gudea 212O pr. Krista) me\u0111utim one nisu o\u010duvane ili su o\u010duvane samo parcijalno, ali o njima postoje zapisi.<\/p>\n\n\n\n<p>Prema saznanjima, sanjarice i njihovo pisanje bile su vrlo popularne u starom Egiptu, o snovima se&nbsp; ve\u0107 tada puno istra\u017eivalo i pisalo, a zanimljivo je da su i dan danas snovi prava misterija i nisu znanstveno obja\u0161njeni.<\/p>\n\n\n\n<p>Kako bi razumjeli snove Egip\u0107ani su imali tuma\u010de snova, a smatra se kako su bogati pripadnici najvi\u0161e klase imali osobne tuma\u010de snova. Drevni Egip\u0107ani koristili su poruke u snovima kako bi donijeli va\u017ene oduke, predvidjeli budu\u0107nost, lije\u010dili&#8230; Sanjarica im je koristila u tuma\u010denju nekih pojava za koje nisu imali saznanja ni znanstvena obja\u0161njenja.<\/p>\n\n\n\n<p>Zanimljivo je da ova, kako se smatra najstarija sanjarica dosta pri\u010da o dobitcima i gubitcima, zatim o zdravlju, o psiholo\u0161kom (duhovnom) stanju sanja\u010da, njegovim izra\u017eenim osje\u0107ajima, kao i polo\u017eajima.<\/p>\n\n\n\n<p>Qeniherkhepshefova sanjarica imala je tuma\u010denje pripisano nekom snu i karakterizirala ih je u dobre ii lo\u0161e. U toj sanjarici opisano je oko 110 snova s oko 80 aktivnosti ili emocija.<\/p>\n\n\n\n<p>Me\u0111utim, tuma\u010denje snova u ovoj civilizaciji nije bilo jednozna\u010dno.<\/p>\n\n\n\n<p>Neka drevna tuma\u010denja temeljila su se na sli\u010dnosti rije\u010di. Npr. kod njih su rije\u010di magarac i rije\u010di sjajno sli\u010dnog izgovora, pa se san o magarcu tuma\u010dio kao pozitivan predznak. <\/p>\n\n\n\n<p>Qeniherkhepshefov papirus, jedna od najstarijih sa\u010duvanih sanjarica, podijeljena u dvije grupe snova, dobri i lo\u0161i snovi. U dana\u0161nje vrijeme nema smisla pisati tuma\u010denja&nbsp; iz njegove sanjarice jer to vi\u0161e nisu izvorna tuma\u010denja, jer postoji \u0161ansa da se mnogo toga izgubilo u kasnijim shva\u0107anjima pojedinih pojmova, prijevodima i razumijevanjima. Ipak, opisi daju zanimljivo \u0161tivo za razbibrigu osobama koje pamte snove i vole razmi\u0161ljati o njima.<\/p>\n\n\n\n<p>Neki egipatski tuma\u010di snova pisali su druga\u010dije sanjarice, pa je jedna od teza bila i da san zna\u010di suprotno od onoga \u0161to se sanja. Tako bi prema toj sanjarici radostan san predskazao te\u017ee doga\u0111aje, a nemirni i te\u0161ki snovi bi govorili o vedroj budu\u0107nosti. Ako \u017eelite na najjednostavniji na\u010din protuma\u010diti snove, a prema zna\u010denju iz najstarijih sanjarica, tada biste trebali dati simbolima iz snova suprotno zna\u010denje. Ako sanjate slavlje o\u010dekuje vas neka tuga. Ako sanjate da pla\u010dete, o\u010dekujte vrlo radostan doga\u0111aj&#8230;<\/p>\n\n\n\n<p>Ipak, na\u0161a tradicija je druga\u010dija, pa se simboli tuma\u010de u drugom kontekstu. Kod nas se snovi tuma\u010de prema osobnim asocijacijama koje pojedini pojam ima, te prema op\u0107enitoj simbolici koju neki pojam ima u dru\u0161tvu. <\/p>\n\n\n\n<p>Ispod je link na najto\u010dniju tradicionalnu sanjaricu u koju su dodana i moderna tuma\u010denja jer se zna\u010denje pojedinih simbola mijenjalo i u novije vrijeme. Simbole \u0107ete prona\u0107i abecedno, a tuma\u010denje pokraj.<\/p>\n\n\n\n<p>Za detaljno tuma\u010denje pojedinih simbola koje ste sanjali upi\u0161ite u polje &#8220;sanjati   simbol&#8221;, a za tuma\u010denje prema najstarijoj verziji sanjarice koju smo objavili pogledajte slova abecede ispod, a zatim prona\u0111ite pojam koji ste sanjali.<\/p>\n\n\n\n<p class=\"has-contrast-2-color has-text-color has-link-color has-small-font-size wp-elements-90256fea33b0309853f835a30cb6f3bc\"><em>Za detaljnu sanjaricu pojedinih simbola upi\u0161ite <strong>sanjati + pojam<\/strong>:  Upi\u0161ite npr: &#8220;<strong>sanjati oblak<\/strong><\/em>&#8220;<\/p>\n\n\n<form role=\"search\" method=\"get\" action=\"https:\/\/covermagazin.com\/\" class=\"wp-block-search__button-outside wp-block-search__text-button wp-block-search\"    ><label class=\"wp-block-search__label screen-reader-text\" for=\"wp-block-search__input-1\" >Pretra\u017ei<\/label><div class=\"wp-block-search__inside-wrapper\" ><input class=\"wp-block-search__input has-medium-font-size\" id=\"wp-block-search__input-1\" placeholder=\"sanjati oblak\" value=\"\" type=\"search\" name=\"s\" required \/><button aria-label=\"Pretra\u017ei\" class=\"wp-block-search__button has-text-color has-base-color has-medium-font-size wp-element-button\" type=\"submit\" >Pretra\u017ei<\/button><\/div><\/form>\n\n\n<p><a href=\"https:\/\/covermagazin.com\/?page_id=28606\">SANJARICA najstarija<\/a> verzija <\/p>\n\n\n\n<figure class=\"wp-block-table\"><table><tbody><tr><td>\n<h1><a href=\"?page_id=29158\">A<\/a><\/h1>\n<\/td><td>\n<h1><a href=\"?page_id=29160\">B<\/a><\/h1>\n<\/td><td>\n<h1><a href=\"?page_id=29162\">C<\/a><\/h1>\n<\/td><td>\n<h1><a href=\"?page_id=29164\">\u010c <\/a><\/h1>\n<\/td><\/tr><tr><td>\n<h1><a href=\"?page_id=29166\">\u0106<\/a><\/h1>\n<\/td><td>\n<h1><a href=\"?page_id=29168\">D<\/a><\/h1>\n<\/td><td>\n<h1><a href=\"?page_id=29170\">D\u017e<\/a><\/h1>\n<\/td><td>\n<h1><a href=\"?page_id=29172\">\u0110<\/a><\/h1>\n<\/td><\/tr><tr><td>\n<h1><a href=\"?page_id=29174\">E<\/a><\/h1>\n<\/td><td>\n<h1><a href=\"?page_id=29176\">F<\/a><\/h1>\n<\/td><td>\n<h1><a href=\"?page_id=29178\">G<\/a><\/h1>\n<\/td><td>\n<h1><a href=\"?page_id=29180\">H<\/a><\/h1>\n<\/td><\/tr><tr><td>\n<h1><a href=\"?page_id=29182\">I<\/a><\/h1>\n<\/td><td>\n<h1><a href=\"?page_id=29184\">J<\/a><\/h1>\n<\/td><td>\n<h1><a href=\"?page_id=29186\">K<\/a><\/h1>\n<\/td><td>\n<h1><a href=\"?page_id=29189\">L<\/a><\/h1>\n<\/td><\/tr><tr><td>\n<h1><a href=\"?page_id=29191\">Lj<\/a><\/h1>\n<\/td><td>\n<h1><a href=\"?page_id=29193\">M<\/a><\/h1>\n<\/td><td>\n<h1><a href=\"?page_id=29195\">N<\/a><\/h1>\n<\/td><td>\n<h1><a href=\"?page_id=29197\">Nj<\/a><\/h1>\n<\/td><\/tr><tr><td>\n<h1><a href=\"?page_id=29199\">O<\/a><\/h1>\n<\/td><td>\n<h1><a href=\"?page_id=29201\">P<\/a><\/h1>\n<\/td><td>\n<h1><a href=\"?page_id=29203\">R<\/a><\/h1>\n<\/td><td>\n<h1><a href=\"?page_id=29205\">S<\/a><\/h1>\n<\/td><\/tr><tr><td>\n<h1><a href=\"?page_id=29207\">\u0160<\/a><\/h1>\n<\/td><td>\n<h1><a href=\"?page_id=29209\">T<\/a><\/h1>\n<\/td><td>\n<h1><a href=\"?page_id=29211\">U<\/a><\/h1>\n<\/td><td>\n<h1><a href=\"?page_id=29213\">V<\/a><\/h1>\n<\/td><\/tr><tr><td>\n<h1><a href=\"?page_id=29215\">Z<\/a><\/h1>\n<\/td><td>\n<h1><a href=\"?page_id=29217\">\u017d<\/a><\/h1>\n<\/td><td>\n<h1>&nbsp;<\/h1>\n<\/td><td>\n<h1>&nbsp;<\/h1>\n<\/td><\/tr><\/tbody><\/table><\/figure>\n\n\n\n<figure class=\"wp-block-embed is-type-wp-embed is-provider-cover-magazin-com wp-block-embed-cover-magazin-com\"><div class=\"wp-block-embed__wrapper\">\n<blockquote class=\"wp-embedded-content\" data-secret=\"wFoR9RkrXP\"><a href=\"https:\/\/covermagazin.com\/?page_id=28606\">Sanjarica &#8211; Nevjerojatno to\u010dna SANJARICA \u2013 abecedno<\/a><\/blockquote><iframe loading=\"lazy\" class=\"wp-embedded-content\" sandbox=\"allow-scripts\" security=\"restricted\" style=\"position: absolute; visibility: hidden;\" title=\"&#8220;Sanjarica &#8211; Nevjerojatno to\u010dna SANJARICA \u2013 abecedno&#8221; &#8212; COVER magazin.com\" src=\"https:\/\/covermagazin.com\/?page_id=28606&#038;embed=true#?secret=0qqXKsIyqJ#?secret=wFoR9RkrXP\" data-secret=\"wFoR9RkrXP\" width=\"500\" height=\"282\" frameborder=\"0\" marginwidth=\"0\" marginheight=\"0\" scrolling=\"no\"><\/iframe>\n<\/div><\/figure>\n","protected":false},"excerpt":{"rendered":"<p>Najstarija sanjarica &#8211; Egipatska knjiga snova &#8211; Qeniherkhepshefov papirus Tuma\u010denjem snova ljudi se bave oduvijek, jo\u0161 od primitivnih dru\u0161tava ljude je zanimalo \u0161to bi mogli zna\u010diti njihovi snovi, a sanjarica, kao knjiga koja tuma\u010di snove, ima svoje korijene u najstarijim civilizacijama. Poznato je kako se u starom Egiptu puno pa\u017enje pridavalo snovima i tuma\u010dilo snove. [&hellip;]<\/p>\n","protected":false},"author":1,"featured_media":48860,"parent":28606,"menu_order":0,"comment_status":"closed","ping_status":"closed","template":"","meta":{"footnotes":"","_links_to":"","_links_to_target":""},"class_list":["post-48859","page","type-page","status-publish","has-post-thumbnail","hentry"],"_links":{"self":[{"href":"https:\/\/covermagazin.com\/index.php?rest_route=\/wp\/v2\/pages\/48859","targetHints":{"allow":["GET"]}}],"collection":[{"href":"https:\/\/covermagazin.com\/index.php?rest_route=\/wp\/v2\/pages"}],"about":[{"href":"https:\/\/covermagazin.com\/index.php?rest_route=\/wp\/v2\/types\/page"}],"author":[{"embeddable":true,"href":"https:\/\/covermagazin.com\/index.php?rest_route=\/wp\/v2\/users\/1"}],"replies":[{"embeddable":true,"href":"https:\/\/covermagazin.com\/index.php?rest_route=%2Fwp%2Fv2%2Fcomments&post=48859"}],"version-history":[{"count":10,"href":"https:\/\/covermagazin.com\/index.php?rest_route=\/wp\/v2\/pages\/48859\/revisions"}],"predecessor-version":[{"id":71878,"href":"https:\/\/covermagazin.com\/index.php?rest_route=\/wp\/v2\/pages\/48859\/revisions\/71878"}],"up":[{"embeddable":true,"href":"https:\/\/covermagazin.com\/index.php?rest_route=\/wp\/v2\/pages\/28606"}],"wp:featuredmedia":[{"embeddable":true,"href":"https:\/\/covermagazin.com\/index.php?rest_route=\/wp\/v2\/media\/48860"}],"wp:attachment":[{"href":"https:\/\/covermagazin.com\/index.php?rest_route=%2Fwp%2Fv2%2Fmedia&parent=48859"}],"curies":[{"name":"wp","href":"https:\/\/api.w.org\/{rel}","templated":true}]}}