{"id":44845,"date":"2025-02-21T11:15:20","date_gmt":"2025-02-21T09:15:20","guid":{"rendered":"https:\/\/covermagazin.com\/?page_id=44845"},"modified":"2025-02-21T11:15:20","modified_gmt":"2025-02-21T09:15:20","slug":"stalno-vidite-brojeve-ili-kazaljke-koji-se-preklapaju-cizu-sto-to-znaci","status":"publish","type":"page","link":"https:\/\/covermagazin.com\/?page_id=44845","title":{"rendered":"Stalno vidite iste brojeve ili PREKLOPLJENE KAZALJKE (\u010dizu) &#8211; \u0161to to zna\u010di"},"content":{"rendered":"\n<p><a href=\"https:\/\/covermagazin.com\/?attachment_id=48565\" rel=\"attachment wp-att-48565\"><img loading=\"lazy\" decoding=\"async\" class=\"alignnone size-full wp-image-48565\" src=\"https:\/\/covermagazin.com\/wp-content\/uploads\/2020\/11\/Preklopljene-kazaljke-COVER-.png\" alt=\"Stalno vidite brojeve ili preklopljene kazaljke (\u010dizu) \u0161to to zna\u010di\" width=\"600\" height=\"399\" srcset=\"https:\/\/covermagazin.com\/wp-content\/uploads\/2020\/11\/Preklopljene-kazaljke-COVER-.png 600w, https:\/\/covermagazin.com\/wp-content\/uploads\/2020\/11\/Preklopljene-kazaljke-COVER--382x254.png 382w, https:\/\/covermagazin.com\/wp-content\/uploads\/2020\/11\/Preklopljene-kazaljke-COVER--576x384.png 576w\" sizes=\"auto, (max-width: 600px) 100vw, 600px\" \/><\/a><\/p>\n\n\n\n<h2 class=\"wp-block-heading\">Stalno vidite brojeve ili kazaljke koji se preklapaju (\u010dizu) \u0161to to zna\u010di<\/h2>\n\n\n\n<p>Kao \u0161to ve\u0107 znate odre\u0111eni brojevi povezani su s odre\u0111enim zna\u010denjem, ali znate li \u0161to zna\u010di kada vi\u0111ate stalno iste brojeve na satu ili kazaljke koje su se preklopile, nazvano jo\u0161 i \u010dizu.<\/p>\n\n\n\n<p>Ako stalno vi\u0111ate \u010dizu ili 11:11, 21:21 ili sli\u010dne brojeve nastavite \u010ditati.<\/p>\n\n\n\n<h3 class=\"wp-block-heading\">Poklapanje brojeva na satu<\/h3>\n\n\n\n<p>Brojevi koji se preklapaju ozna\u010davaju kako ste povezani s nekim i netko misli na vas, ali svaki broj ima odre\u0111eno zna\u010denje, te je bitno osim \u0161to se brojevi preklapaju i to koji se brojevi preklapaju.<\/p>\n\n\n\n<p><strong>Broj jedan<\/strong> op\u0107enito predstavlja nove po\u010detke, neovisnost i ambiciju, pa ako vi\u0111ate 11:11 ili preklopljene kazaljke (\u010dizu) na 1h, to je vrlo pozitivan znak koji govori pozitivne stvari o va\u0161oj budu\u0107nosti. Podsje\u0107a vas da ste sami kreatori svoje sudbine i da se trebate aktivirati oko onoga \u0161to \u017eelite.<\/p>\n\n\n\n<p><strong>Broj dva<\/strong> je izrazito \u017eenstven broj, te ako ste \u017eensko podsje\u0107a vas da se trebate usredoto\u010diti na sebe, a ako ste mu\u0161ko da trebate vi\u0161e pa\u017enje posvetiti svojoj boljoj polovici. Ako vidite poklapanje brojeva 22:22 ili 02:02 ili preklopljene kazaljke na broju dva to ozna\u010dava kako trebate vi\u0161e razmi\u0161ljati o vlastitoj \u017eenstvenosti ili \u017eenama kojima ste okru\u017eeni.<\/p>\n\n\n\n<p><strong>Broj tri<\/strong> u numerologiji je aktivan broj. Podsje\u0107a vas na potrebu komunikacije i interakcije s drugima. Ukoliko vidite preklapanje brojeva 03:03 ili preklopljene kazaljke na tri, razmislite da inicirate komunikaciju o kojoj razmi\u0161ljate. Preuzmite inicijativu pa \u0161to bude, bude. <\/p>\n\n\n\n<p>Ako vi\u0111ate poklapanje brojeva na<strong> broju 4<\/strong>, on vas podsje\u0107a da nikad ne smijete kroz \u017eivot i\u0107i spu\u0161tene glave. Dignite glavu visoko. Ako ste zadnji put pogledali na sat kad je bilo 4:44 neka vam to bude podsjetnik da ne isprobavate neke nove metode ili radnje kojih biste se mogli posramiti, nego da se dr\u017eite onog provjerenog zbog \u010dega \u0107ete uvijek dr\u017eati glavu visoko. Isto vrijedi i na preklopljene kazaljke na broju 4. <\/p>\n\n\n\n<p>Ako vi\u0111ate preklopljene kazaljke na <strong>broju 5<\/strong> ili 5:55, to \u0107e vas podsjetiti kako \u017eivot ne ide uvijek prema na\u0161im planovima, te da ponekad trebamo jednostavno prihvatiti ono \u0161to nam sudbina nosi. Istra\u017eujte, tra\u017eite nova rje\u0161enje, ali nemojte o\u010dajavati nad ne\u010dim \u0161to ne mo\u017eete imati.<\/p>\n\n\n\n<p><strong>Broj \u0161est<\/strong> povezuje se s potrebom ravnote\u017ee i odgovornosti. Tra\u017eite na\u010dine kako da budete odgovorniji, prakti\u010dniji, realniji i prona\u0111ete ve\u0107u harmoniju u \u017eivotu. Ako vi\u0111ate preklopljene kazaljke na broju \u0161est razmislite tko ili \u0161to vam donosi ravnote\u017eu u \u017eivot. <\/p>\n\n\n\n<p>Kazaljke preklopljene na <strong>broju 7<\/strong> sugeriraju kako je potrebna ve\u0107a psihi\u010dka snaga. To je dosta spiritualni broj, govori vam da ni sami ne znate \u0161to je istina, ali kako morate ostati stabilni i uravnote\u017eeni, pozitivne energije.<\/p>\n\n\n\n<p><strong>Broj osam<\/strong> u neku ruku predstavlja savr\u0161enstvo, te je na neki na\u010din ono \u010demu mnogi ljudi te\u017ee cijeli \u017eivot. <\/p>\n\n\n\n<p><strong>Broj 9<\/strong> ozna\u010dava ljubav prema drugima, sklapanje prijateljstava, pomaganje drugima, volontiranje, dobrotvorni rad.<\/p>\n\n\n\n<p><strong>Broj 10 <\/strong>s jedne strane odra\u017eava neovisnost, a s druge enormne potencijale. Ako stalno vi\u0111ate 10:10 ili kazaljke preklopljene na 10h, razmislite na kojem podru\u010dju ste jako dobri i gdje mo\u017eete napredovati.<\/p>\n\n\n\n<p><strong>Broj 11<\/strong> sli\u010dan je broju 2 po zna\u010denju \u0161to zna\u010di da njegujete ba\u0161 kao broj 2 suosje\u0107anje, empatiju, ali jo\u0161 na dubljoj razini i na mnogo intenzivnije na\u010dine.<\/p>\n\n\n\n<p><strong>Broj 12<\/strong> ozna\u010dava potrebu za produbljenijim \u017eivotom. Govori o mudrosti i znanju, ali i potrebi da to podijelite s drugima.<\/p>\n\n\n\n<p>Povratak na po\u010detnu <a href=\"https:\/\/covermagazin.com\/?page_id=27314\"><strong>numerologije:&nbsp;<\/strong><\/a><\/p>\n\n\n\n<figure class=\"wp-block-embed is-type-wp-embed is-provider-cover-magazin-com wp-block-embed-cover-magazin-com\"><div class=\"wp-block-embed__wrapper\">\n<blockquote class=\"wp-embedded-content\" data-secret=\"SL4KJxKA5q\"><a href=\"https:\/\/covermagazin.com\/?page_id=27314\">Numerologija &#8211; zna\u010denje brojeva<\/a><\/blockquote><iframe loading=\"lazy\" class=\"wp-embedded-content\" sandbox=\"allow-scripts\" security=\"restricted\" style=\"position: absolute; clip: rect(1px, 1px, 1px, 1px);\" title=\"&#8220;Numerologija &#8211; zna\u010denje brojeva&#8221; &#8212; COVERmagazin.com\" src=\"https:\/\/covermagazin.com\/?page_id=27314&#038;embed=true#?secret=f6I6h4NF7u#?secret=SL4KJxKA5q\" data-secret=\"SL4KJxKA5q\" width=\"500\" height=\"282\" frameborder=\"0\" marginwidth=\"0\" marginheight=\"0\" scrolling=\"no\"><\/iframe>\n<\/div><\/figure>\n\n\n\n<p>Ukoliko vi\u0111ate preklopljene kazaljke vrlo \u010desto, to je na neki na\u010din poziv za produhovljenije \u017eivljenje. Trebate vi\u0161e razmi\u0161ljati o vlastitim i tu\u0111im potrebama. Ti brojevi na neki na\u010din vam daju vodstvo ili vas podsje\u0107aju na pro\u0161la iskustva.<\/p>\n\n\n\n<p>\u0160to \u010de\u0161\u0107e budete primje\u0107ivali preklapanje brojeva na satu ili preklopljene kazaljke na analognom satu, to \u0107ete biti svjesniji kako taj fenomen nosi poruku potrebe za smirenjem, potrebu da oko sebe \u0161irite mirnu energiju i stalo\u017eenost. Preklapanje brojeva ili kazaljki na satu govori o zakonu privla\u010dnosti, kako zra\u010dite, takve doga\u0111aje na sebe privla\u010dite.<\/p>\n","protected":false},"excerpt":{"rendered":"<p>Stalno vidite brojeve ili kazaljke koji se preklapaju (\u010dizu) \u0161to to zna\u010di Kao \u0161to ve\u0107 znate odre\u0111eni brojevi povezani su s odre\u0111enim zna\u010denjem, ali znate li \u0161to zna\u010di kada vi\u0111ate stalno iste brojeve na satu ili kazaljke koje su se preklopile, nazvano jo\u0161 i \u010dizu. Ako stalno vi\u0111ate \u010dizu ili 11:11, 21:21 ili sli\u010dne brojeve [&hellip;]<\/p>\n","protected":false},"author":1,"featured_media":48565,"parent":27314,"menu_order":0,"comment_status":"closed","ping_status":"closed","template":"","meta":{"footnotes":"","_links_to":"","_links_to_target":""},"class_list":["post-44845","page","type-page","status-publish","has-post-thumbnail","hentry"],"_links":{"self":[{"href":"https:\/\/covermagazin.com\/index.php?rest_route=\/wp\/v2\/pages\/44845","targetHints":{"allow":["GET"]}}],"collection":[{"href":"https:\/\/covermagazin.com\/index.php?rest_route=\/wp\/v2\/pages"}],"about":[{"href":"https:\/\/covermagazin.com\/index.php?rest_route=\/wp\/v2\/types\/page"}],"author":[{"embeddable":true,"href":"https:\/\/covermagazin.com\/index.php?rest_route=\/wp\/v2\/users\/1"}],"replies":[{"embeddable":true,"href":"https:\/\/covermagazin.com\/index.php?rest_route=%2Fwp%2Fv2%2Fcomments&post=44845"}],"version-history":[{"count":5,"href":"https:\/\/covermagazin.com\/index.php?rest_route=\/wp\/v2\/pages\/44845\/revisions"}],"predecessor-version":[{"id":60899,"href":"https:\/\/covermagazin.com\/index.php?rest_route=\/wp\/v2\/pages\/44845\/revisions\/60899"}],"up":[{"embeddable":true,"href":"https:\/\/covermagazin.com\/index.php?rest_route=\/wp\/v2\/pages\/27314"}],"wp:featuredmedia":[{"embeddable":true,"href":"https:\/\/covermagazin.com\/index.php?rest_route=\/wp\/v2\/media\/48565"}],"wp:attachment":[{"href":"https:\/\/covermagazin.com\/index.php?rest_route=%2Fwp%2Fv2%2Fmedia&parent=44845"}],"curies":[{"name":"wp","href":"https:\/\/api.w.org\/{rel}","templated":true}]}}