{"id":29572,"date":"2022-10-26T15:18:32","date_gmt":"2022-10-26T13:18:32","guid":{"rendered":"https:\/\/covermagazin.com\/?page_id=29572"},"modified":"2024-12-27T08:44:54","modified_gmt":"2024-12-27T06:44:54","slug":"halloween-noc-vjestica","status":"publish","type":"page","link":"https:\/\/covermagazin.com\/?page_id=29572","title":{"rendered":"Halloween | No\u0107 vje\u0161tica 2025. &#8211; Kako  obilje\u017eiti?"},"content":{"rendered":"\n<p><a href=\"https:\/\/covermagazin.com\/?attachment_id=48027\" rel=\"attachment wp-att-48027\"><img loading=\"lazy\" decoding=\"async\" class=\"alignnone size-full wp-image-48027\" src=\"https:\/\/covermagazin.com\/wp-content\/uploads\/2020\/10\/Halloween-bundeva-Cover.jpg\" alt=\"Halloween | No\u0107 vje\u0161tica 2020. - Kako ga obilje\u017eiti?\" width=\"600\" height=\"399\" srcset=\"https:\/\/covermagazin.com\/wp-content\/uploads\/2020\/10\/Halloween-bundeva-Cover.jpg 600w, https:\/\/covermagazin.com\/wp-content\/uploads\/2020\/10\/Halloween-bundeva-Cover-382x254.jpg 382w, https:\/\/covermagazin.com\/wp-content\/uploads\/2020\/10\/Halloween-bundeva-Cover-576x384.jpg 576w\" sizes=\"auto, (max-width: 600px) 100vw, 600px\" \/><\/a><\/p>\n\n\n\n<h2 class=\"wp-block-heading\">Halloween | No\u0107 vje\u0161tica<\/h2>\n\n\n\n<p>U ovom tekstu saznat \u0107ete osnovne informacije o:<\/p>\n\n\n\n<p><strong><span style=\"color: #0000ff;\">&#8211; Povijesti nastanka No\u0107i vje\u0161tica<\/span><\/strong><br><strong><span style=\"color: #0000ff;\">&#8211; Izradi lampiona od bundeva<\/span><\/strong><br><strong><span style=\"color: #0000ff;\">&#8211; Koristi od bundeva u prehrani za\u0161titnog znaka No\u0107i vje\u0161tica<\/span><\/strong><br><strong><span style=\"color: #0000ff;\">&#8211; Ideje za kostime za No\u0107 vje\u0161tica prema horoskopskim znakovima<\/span><\/strong><\/p>\n\n\n\n<p>Halloween ili No\u0107 vje\u0161tica (no\u0107 s 31. listopada na 1. studenog) je praznik koji se najvi\u0161e slavi u Americi, ali pod utjecajem ameri\u010dke filmografije postaje sve vi\u0161e prihva\u0107en i u ostatku svijeta pa tako i kod nas.<\/p>\n\n\n\n<p>Velika zasluga za pro\u0161irenje proslave No\u0107i vje\u0161tica pripisuje se redatelju John Carpenter koji je snimio horor na tu tematiku.<\/p>\n\n\n\n<p>Rije\u010d Halloween u na\u0161em jeziku nije doslovno prevedena. Doslovan prijevod engleskog korijena naziva Halloween (All Hallows Eve) zna\u010dila bi ve\u010der prije Dana svih svetih\/mrtvih, ali nema nikakve veze s kr\u0161\u0107anskim blagdanom Svih svetih ili Dana mrtvih.<\/p>\n\n\n\n<p>No\u0107 vje\u0161tica vu\u010de korijene iz drevnog pretkr\u0161\u0107anskog keltskog festivala mrtvih. Prema keltskom kalendaru, 1. studeni ozna\u010davao je po\u010detak zime, po\u010detak nove godine, te po\u010detak i kraj \u017eivotnog ciklusa.<\/p>\n\n\n\n<p>Kelti su vjerovali da na ovaj dan du\u0161e pokojnika prelaze na drugi svijet. Tu no\u0107 Kelti su palili vatre kako bi pomogli zalutalim du\u0161ama u pronalasku puta, te kako bi umirili duhove i vje\u0161tice tu no\u0107 su iznosili darove u obliku hrane i pi\u0107a. Nakon dolaska kr\u0161\u0107anstva slavljenje keltske Nove godine i njihovi izvorni obi\u010daji su se ne\u0161to izmijenili, ali se zadr\u017eala tradicija proslave No\u0107i vje\u0161tica.<\/p>\n\n\n\n<p>U Americi me\u0111u odraslima Halloween je postao tre\u0107i najpopularniji zabavni doga\u0111aj, nakon Super Bowla i do\u010deka Nove godine.<\/p>\n\n\n\n<p>Kod nas jo\u0161 ne postoji navika proslave ovog praznika, ali \u0107ete uvijek prona\u0107i pokoji party, horor na televiziji ili bundevama ukra\u0161en izlog.<\/p>\n\n\n\n<p>Glavni simbol No\u0107i vje\u0161tica su bundeve, ali i sve ono \u0161to mo\u017ee upla\u0161iti ljude, maske i simboli koji se kod nas tradicionalno koriste za ma\u0161kare.<\/p>\n\n\n\n<p>Lampioni koji se rade od velikih naran\u010dastih bundeva spajaju simboliku vatre, hrane i maske. Njih je lako izraditi. Dovoljno je izdubiti bundevu, te staviti u nju svije\u0107u ili elektri\u010dnu \u017earulju.<\/p>\n\n\n\n<h3 class=\"wp-block-heading\">Izrada bundeva za No\u0107 vje\u0161tica &#8211; Halloween<\/h3>\n\n\n\n<p><strong>Glavno obilje\u017eje Halloweena ili No\u0107i vje\u0161tica su rezbarene bundeve. Rezbarenjem se bundeve zapravo pretvaraju u lampione.<\/strong><\/p>\n\n\n\n<p>Najva\u017enije je odabrati dobru bundevu. Trebala bi biti pravilnog oblika bez nedostataka. Zatim na visini gdje se po\u010dinje su\u017eavati, o\u0161trim i velikim no\u017eem ravno odsijecite peteljku s ne\u0161to kore bundeve. Neka bude \u0161to pravilnije odsje\u010dena kako bi mogla kasnije poslu\u017eiti kao poklopac. Ukoliko ste vje\u0161tiji mo\u017eete izrezati i cik-cak oblik.<\/p>\n\n\n\n<p>Zatim se posvetite izdubljivanju unutra\u0161njosti. Mo\u017eete najve\u0107e dijelove isje\u0107i no\u017ei\u0107em, a zatim velikom \u017elicom strugati ostatke. Pripazite da previ\u0161e ne stanjite koru.<\/p>\n\n\n\n<p>Nacrtajte izvana po bundevi trokutaste o\u010di, nos i usta, pa izre\u017eite. Na kraju unutar bundeve stavite svije\u0107u i poklopite peteljkom. Pripazite koje svije\u0107e koristite kako ne biste izazvali po\u017ear.<\/p>\n\n\n\n<figure class=\"wp-block-image\"><a href=\"https:\/\/covermagazin.com\/?attachment_id=48029\" rel=\"attachment wp-att-48029\"><img loading=\"lazy\" decoding=\"async\" width=\"600\" height=\"399\" src=\"https:\/\/covermagazin.com\/wp-content\/uploads\/2020\/10\/Halloween-rezbarenje-bundeva-Cover.jpg\" alt=\"\" class=\"wp-image-48029\" srcset=\"https:\/\/covermagazin.com\/wp-content\/uploads\/2020\/10\/Halloween-rezbarenje-bundeva-Cover.jpg 600w, https:\/\/covermagazin.com\/wp-content\/uploads\/2020\/10\/Halloween-rezbarenje-bundeva-Cover-382x254.jpg 382w, https:\/\/covermagazin.com\/wp-content\/uploads\/2020\/10\/Halloween-rezbarenje-bundeva-Cover-576x384.jpg 576w\" sizes=\"auto, (max-width: 600px) 100vw, 600px\" \/><\/a><\/figure>\n\n\n\n<p>Ideje:<\/p>\n\n\n\n<p><a href=\"https:\/\/m-stil.covermagazin.com\/?p=8070\">Ideje za bundeve za No\u0107 vje\u0161tica<\/a><\/p>\n\n\n\n<figure class=\"wp-block-embed is-type-wp-embed is-provider-m-stil wp-block-embed-m-stil\"><div class=\"wp-block-embed__wrapper\">\n<blockquote class=\"wp-embedded-content\" data-secret=\"Qb5J0yLqoq\"><a href=\"https:\/\/m-stil.covermagazin.com\/?p=8070\">Ideje za bundeve za No\u0107 vje\u0161tica<\/a><\/blockquote><iframe loading=\"lazy\" class=\"wp-embedded-content\" sandbox=\"allow-scripts\" security=\"restricted\" style=\"position: absolute; clip: rect(1px, 1px, 1px, 1px);\" title=\"&#8220;Ideje za bundeve za No\u0107 vje\u0161tica&#8221; &#8212; M stil\" src=\"https:\/\/m-stil.covermagazin.com\/?p=8070&#038;embed=true#?secret=HYShqwmpbq#?secret=Qb5J0yLqoq\" data-secret=\"Qb5J0yLqoq\" width=\"500\" height=\"282\" frameborder=\"0\" marginwidth=\"0\" marginheight=\"0\" scrolling=\"no\"><\/iframe>\n<\/div><\/figure>\n\n\n\n<p><a href=\"https:\/\/www.covermagazin.com\/djeca\/?p=2010\">Dje\u010dje ideje za rezbarenje bundeva za Halloween \u2013 No\u0107 Vje\u0161tica<\/a><\/p>\n\n\n\n<figure class=\"wp-block-embed is-type-wp-embed is-provider-roditeljstvo-i-djeca wp-block-embed-roditeljstvo-i-djeca\"><div class=\"wp-block-embed__wrapper\">\n<blockquote class=\"wp-embedded-content\" data-secret=\"8eYN0owHCQ\"><a href=\"https:\/\/www.covermagazin.com\/djeca\/?p=2010\">Dje\u010dje ideje za rezbarenje bundeva za Halloween &#8211; No\u0107 Vje\u0161tica<\/a><\/blockquote><iframe loading=\"lazy\" class=\"wp-embedded-content\" sandbox=\"allow-scripts\" security=\"restricted\" style=\"position: absolute; clip: rect(1px, 1px, 1px, 1px);\" title=\"&#8220;Dje\u010dje ideje za rezbarenje bundeva za Halloween &#8211; No\u0107 Vje\u0161tica&#8221; &#8212; Roditeljstvo i djeca\" src=\"https:\/\/www.covermagazin.com\/djeca\/?p=2010&#038;embed=true#?secret=2JCRfLNlFe#?secret=8eYN0owHCQ\" data-secret=\"8eYN0owHCQ\" width=\"500\" height=\"282\" frameborder=\"0\" marginwidth=\"0\" marginheight=\"0\" scrolling=\"no\"><\/iframe>\n<\/div><\/figure>\n\n\n\n<h3 class=\"wp-block-heading\">Recepti koji se u Americi tradicionalno prave za Halloween<\/h3>\n\n\n\n<h4 class=\"wp-block-heading\"><a href=\"https:\/\/covermagazin.com\/?attachment_id=48028\" rel=\"attachment wp-att-48028\"><img loading=\"lazy\" decoding=\"async\" class=\"alignnone size-full wp-image-48028\" src=\"https:\/\/covermagazin.com\/wp-content\/uploads\/2020\/10\/Halloween-kuhanje-Cover.jpg\" alt=\"Halloween | No\u0107 vje\u0161tica 2020. - Kako ga obilje\u017eiti?\" width=\"600\" height=\"399\" srcset=\"https:\/\/covermagazin.com\/wp-content\/uploads\/2020\/10\/Halloween-kuhanje-Cover.jpg 600w, https:\/\/covermagazin.com\/wp-content\/uploads\/2020\/10\/Halloween-kuhanje-Cover-382x254.jpg 382w, https:\/\/covermagazin.com\/wp-content\/uploads\/2020\/10\/Halloween-kuhanje-Cover-576x384.jpg 576w\" sizes=\"auto, (max-width: 600px) 100vw, 600px\" \/><\/a><\/h4>\n\n\n\n<h4 class=\"wp-block-heading\">Karamelizirane jabuke<\/h4>\n\n\n\n<p>Karamelizirane jabuke jedno su od najpoznatijih Halloween jela, a vrlo jednostavno ih je pripremiti.<br>Potrebno vam je:<br>40 karamel kocki<br>5 \u2013 jabuka<br>1 &#8211; \u017elica vode<br>5 \u2013 drvenih \u0161tapi\u0107a<br>Operite temeljito i osu\u0161ite jabuke. Uklonite peteljku i na njeno mjesto zabijte drveni \u0161tapi\u0107.<\/p>\n\n\n\n<p>Na niskoj temperaturi rastopite karamel i vodu. Kada smjesa postane glatka uronite jabuke, izvadite i stavite na masni papir da se osu\u0161i. Po \u017eelji ih ohladite u fri\u017eideru.<\/p>\n\n\n\n<figure class=\"wp-block-image\"><a href=\"https:\/\/covermagazin.com\/?attachment_id=48300\" rel=\"attachment wp-att-48300\"><img loading=\"lazy\" decoding=\"async\" width=\"600\" height=\"536\" src=\"https:\/\/covermagazin.com\/wp-content\/uploads\/2020\/10\/Halloween-No\u0107-vje\u0161tica-\u2013-COVER.jpg\" alt=\"Recepti koji se u Americi tradicionalno prave za Halloween\" class=\"wp-image-48300\" srcset=\"https:\/\/covermagazin.com\/wp-content\/uploads\/2020\/10\/Halloween-No\u0107-vje\u0161tica-\u2013-COVER.jpg 600w, https:\/\/covermagazin.com\/wp-content\/uploads\/2020\/10\/Halloween-No\u0107-vje\u0161tica-\u2013-COVER-293x262.jpg 293w\" sizes=\"auto, (max-width: 600px) 100vw, 600px\" \/><\/a><\/figure>\n\n\n\n<h3 class=\"wp-block-heading\">Kola\u010di i torte<\/h3>\n\n\n\n<p>Pripremite omiljene kola\u010de ili torte s \u010dokoladnom glazurom, te ukrasite bijelom glazurom tako da iscrtate slike pauka, vje\u0161ti\u010djih \u0161e\u0161ira, kostura ili duhova.<\/p>\n\n\n\n<figure class=\"wp-block-image\"><a href=\"https:\/\/covermagazin.com\/?attachment_id=48018\" rel=\"attachment wp-att-48018\"><img loading=\"lazy\" decoding=\"async\" width=\"600\" height=\"400\" src=\"https:\/\/covermagazin.com\/wp-content\/uploads\/2020\/10\/Halloween-Cover.jpg\" alt=\"Halloween\" class=\"wp-image-48018\" srcset=\"https:\/\/covermagazin.com\/wp-content\/uploads\/2020\/10\/Halloween-Cover.jpg 600w, https:\/\/covermagazin.com\/wp-content\/uploads\/2020\/10\/Halloween-Cover-382x255.jpg 382w, https:\/\/covermagazin.com\/wp-content\/uploads\/2020\/10\/Halloween-Cover-576x384.jpg 576w\" sizes=\"auto, (max-width: 600px) 100vw, 600px\" \/><\/a><\/figure>\n\n\n\n<p><\/p>\n\n\n\n<h3 class=\"wp-block-heading\">Bundeve u zdravoj prehrani<\/h3>\n\n\n\n<p>Meso ili pulpa bundeve povoljno utje\u010de na regulaciju probave. Koli\u010dinu bundeve u prehrani trebali biste pove\u0107ati patite li od zatvora, imate li osjetljiv ili bolestan \u017eeludac ili crijeva.<\/p>\n\n\n\n<p>Bundeva je prirodni diuretik te bi je trebale jesti osobe s upalama mokra\u0107nih putova, upalom bubrega, mjehura i \u017eu\u0107i, te bolesnom prostatom.<\/p>\n\n\n\n<p>Bundeva sadr\u017ei veliki postotak vode (do 95%), a sasvim mali postotak masti, tako da je korisna u svim dijetama.<\/p>\n\n\n\n<p>Meso bundeve je lako probavljiva namirnica, male energetske vrijednosti, a sadr\u017ei zna\u010dajnu koli\u010dinu vitamina i minerala. Energetska vrijednost bundeve je oko 26 kcal na 100 grama. Posebno je bogata beta karotenom, vitaminom C, E i vitaminima B skupine, te mineralima kalijem, kalcijem i fosforom.<\/p>\n\n\n\n<p>Od bundeve mo\u017eete pripremiti salatu, sok ili je koristi kod pripreme raznih slanih i slatkih jela.<\/p>\n\n\n\n<p>Bundevu narezanu na kockice ili plo\u0161ke mo\u017eete kuhati na pari ili u kipu\u0107oj vodi, pirjati, pe\u0107i na ro\u0161tilju ili je pohati. Za kuhanje je dovoljno oko 5 minuta.<\/p>\n\n\n\n<p>Odabir kuharskih tehnika samo je po\u010detak u pripremi jela od bundeve.<\/p>\n\n\n\n<p>Kuhane bundeve mo\u017eete upotrijebiti s maslacem kao samostalno jelo ili prilog, za pripremu umaka i hladnih salata. Pirjana bundeva mo\u017ee biti sastavni dio variva samostalno ili s drugim povr\u0107em, kao dio nadjeva za pala\u010dinke, savija\u010de ili pite. Pe\u010dena bundeva mo\u017ee biti glavno jelo, samostalno ili u kombinaciji s mesom.<\/p>\n\n\n\n<p>Uz jela od bundeve koriste se za\u010dini poput per\u0161ina, maj\u010dine du\u0161ice, kadulje, lovora, \u0111umbira i cimeta.<\/p>\n\n\n\n<p>U prehrani se sve \u010de\u0161\u0107e koristi i bundevino ulje. Ulje sadr\u017ei sve vitamine i minerale poput pulpe bundeve, ali u znatno ve\u0107im koli\u010dinama. Ulje sadr\u017ei korisne esencijalne masne kiseline, a zanimljivo je da je ulje bundeve izvor alfa linolenske oleinske kiseline koje \u010desto nedostaje u na\u0161oj tradicionalnoj kuhinji.<\/p>\n\n\n\n<p>Bundevino ulje se zbog svojih hranjivih i ljekovitih svojstava ubraja u delikatesna ulja.<\/p>\n\n\n\n<p>Sjemenke bundeve imaju tako\u0111er veliku hranjivu vrijednost. Energetska vrijednost sjemenki dvadeset je puta ve\u0107a od mesnatog dijela bundeve. Ali su one i znatno bogatije mineralima i vitaminima. Sjemenke bundeve su odli\u010dno sredstvo protiv crijevnih parazita, a preporu\u010duju se kod dje\u010djih glista.<\/p>\n\n\n\n<p>Sjemenke treba olju\u0161titi neposredno prije upotrebe, kako bi se sa\u010duvala njihova vrijednost, ali se treba pripaziti da se ne ukloni tanka, sivkasto-zelenkasta opna.<\/p>\n\n\n\n<p><a href=\"https:\/\/www.recepti.covermagazin.com\/?tag=bundeva\">Ideje za pripremu bundeve<\/a><\/p>\n\n\n\n<p>Bundevi uvijek prije pripreme ogulite koru, iznutra no\u017eem izdubite i vlaknastu sredinu.Bundevu narezanu na kockice ili plo\u0161ke mo\u017eete kuhati na pari ili u kipu\u0107oj vodi, pirjati, pe\u0107i na ro\u0161tilju ili je pohati. Za kuhanje je dovoljno oko 5 minuta.<\/p>\n\n\n\n<h3 class=\"wp-block-heading\">Kostimi za No\u0107 vje\u0161tica prema horoskopskim znakovima<\/h3>\n\n\n\n<figure class=\"wp-block-image\"><a href=\"https:\/\/covermagazin.com\/?attachment_id=48024\" rel=\"attachment wp-att-48024\"><img loading=\"lazy\" decoding=\"async\" width=\"600\" height=\"399\" src=\"https:\/\/covermagazin.com\/wp-content\/uploads\/2020\/10\/Halloween-kostimi-Cover.jpg\" alt=\"Halloween kostimi Cover\" class=\"wp-image-48024\" srcset=\"https:\/\/covermagazin.com\/wp-content\/uploads\/2020\/10\/Halloween-kostimi-Cover.jpg 600w, https:\/\/covermagazin.com\/wp-content\/uploads\/2020\/10\/Halloween-kostimi-Cover-382x254.jpg 382w, https:\/\/covermagazin.com\/wp-content\/uploads\/2020\/10\/Halloween-kostimi-Cover-576x384.jpg 576w\" sizes=\"auto, (max-width: 600px) 100vw, 600px\" \/><\/a><\/figure>\n\n\n\n<p>HALLOWEEN (NO\u0106 VJE\u0160TICA) nudi osobama priliku da na povr\u0161inu iznesu svoju fantaziju i o\u017eive svoju ma\u0161tu. Ako vam nedostaje ideja za kostime, pro\u010ditajte koji kostim bi vam najbolje odgovarao prema va\u0161em horoskopskom znaku.<\/p>\n\n\n\n<p>KOSTIMI ZA HALLOWEEN (NO\u0106 VJE\u0160TICA) ZA OVNOVE<\/p>\n\n\n\n<p>Kao pravi heroji zodijaka njima prirodno odgovaraju kostimi Supermana i Batmana. Osim tog savr\u0161eno \u0107e se sna\u0107i i u kostimima svakodnevnih stvarnih junaka poput vatrogasaca, policajaca ili vojnika.<\/p>\n\n\n\n<p>KOSTIMI ZA HALLOWEEN (NO\u0106 VJE\u0160TICA) ZA BIKOVE<\/p>\n\n\n\n<p>Bikovi su dosta samodopadni stoga \u0107e kostimi poput Miss karnevala ili Miss Universe pomo\u0107i izraziti njihovo shva\u0107anje sebe. Bikovi su tako\u0111er, poznati kao za\u0161titnici prirode pa im dobro pristaju kostimi vrtlara ili \u010dak biljaka, naj\u010de\u0161\u0107e biljaka meso\u017edera.<\/p>\n\n\n\n<p>KOSTIMI ZA HALLOWEEN (NO\u0106 VJE\u0160TICA) ZA BLIZANCE<\/p>\n\n\n\n<p>Osobe ro\u0111ene u znaku blizanaca \u010desto \u0107ete vidjeti odjevene u neki poznati duo. Njihov izbor \u0107e biti Stanio i Olio, Tom i Jerry, Bonnie i Clyde ili Brad i Angelina.<\/p>\n\n\n\n<p>KOSTIMI ZA HALLOWEEN (NO\u0106 VJE\u0160TICA) ZA RAKOVE<\/p>\n\n\n\n<p>Rakovi su dosta patriotski znak, pa im odgovaraju povijesni kostimi poput statue Kipa slobode, Matije Gubca, viteza Sokola, hrvatskih plemi\u0107a i sl. Alternativno njihov izbor \u0107e biti moderni likovi prezentirani na parodi\u010dan na\u010din.<\/p>\n\n\n\n<p>KOSTIMI ZA HALLOWEEN (NO\u0106 VJE\u0160TICA) ZA LAVOVE<\/p>\n\n\n\n<p>Svi lavovi vole svjetla reflektora i biti u centru pa\u017enje. Zbog toga \u0107e se najvjerojatnije odjenuti u neku rock zvijezdu. Ovaj znak tako\u0111er obo\u017eava ma\u010dke, zbog toga \u0107ete ih \u010desto vidjeti u odjelu Garfielda ili neke druge slavne ma\u010dke ili ma\u010dka.<\/p>\n\n\n\n<p>KOSTIMI ZA HALLOWEEN (NO\u0106 VJE\u0160TICA) ZA DJEVICE<\/p>\n\n\n\n<p>Prizemna djevica je i veliki emotivac, zbog toga bi njoj odijevanje u seksi simbole dobro do\u0161lo i djelovalo osloba\u0111aju\u0107e. Kako djevice cijene knji\u017eevnost dobro bi se sna\u0161le i u kostimu nekog slavnog pisca ili spisateljice.<\/p>\n\n\n\n<p>KOSTIMI ZA HALLOWEEN (NO\u0106 VJE\u0160TICA) ZA VAGE<\/p>\n\n\n\n<p>Kako vage cijene bra\u010dne vrijednosti naj\u010de\u0161\u0107e \u0107e se udru\u017eiti s prijateljem i na karneval oti\u0107i kao slavni par. Ako pak idu samostalno osjetljive vage \u0107e se odjenuti u an\u0111ela ili dobru vilu.<\/p>\n\n\n\n<p>KOSTIMI ZA HALLOWEEN (NO\u0106 VJE\u0160TICA) ZA \u0160KORPIONE<\/p>\n\n\n\n<p>Prirodni detektivi zodijaka, \u0161korpioni \u0107e se odjenuti u Sherlock Holmesa. Ali oni vole i drugu stranu zakona. Dobro im pristaju kostimi zatvorskih bjegunaca i poznatih kriminalaca.<\/p>\n\n\n\n<p>KOSTIMI ZA HALLOWEEN (NO\u0106 VJE\u0160TICA) ZA STRIJELCE<\/p>\n\n\n\n<p>Strijelci obo\u017eavaju uzbu\u0111enja i pustolovine. Zbog toga im pristaje kostim Robin Hooda, Lare Croft i sl. Osobe ro\u0111ene u ovom znaku su prirodni zabavlja\u010di pa ih mo\u017eete \u010desto vidjeti i u kostimima cirkuskog klauna ili stand-up komi\u010dara.<\/p>\n\n\n\n<p>KOSTIMI ZA HALLOWEEN (NO\u0106 VJE\u0160TICA) ZA JARCE<\/p>\n\n\n\n<p>Ponosni jarci vole kraljevske tretmane, zbog toga se naj\u010de\u0161\u0107e maskiraju u vladare ili vladarice. Dobro im pristaje kosim Cleopatre, ili kralja Ferdinanda. Jarci tako\u0111er posebno cijene duhovnost i drevna vremena, pa bi se jarci trebali dobro osje\u0107ati u kostimima duhova, dinosaura ili pra\u010dovjeka.<\/p>\n\n\n\n<p>KOSTIMI ZA HALLOWEEN (NO\u0106 VJE\u0160TICA) ZA VODENJAKE<\/p>\n\n\n\n<p>Ovo je vizionarski znak \u010diji pripadnici vole istra\u017eivati, zbog toga \u0107e se izuzetno dobro sna\u0107i u ulozi astronauta. Njima dobro pristaju i kostimi vanzemaljaca ili osoba koje se na zemlji osje\u0107aju neprilago\u0111eno.<\/p>\n\n\n\n<p>KOSTIMI ZA HALLOWEEN (NO\u0106 VJE\u0160TICA) ZA RIBE<\/p>\n\n\n\n<p>Ribe bi trebale birati kostime vezane uz vodu. Sirene, morska bi\u0107a i nemani idealne su uloge za njih. Ribe tako\u0111er vole plesati, zbog toga kostim balerine im pristaje savr\u0161eno.<\/p>\n","protected":false},"excerpt":{"rendered":"<p>Halloween | No\u0107 vje\u0161tica U ovom tekstu saznat \u0107ete osnovne informacije o: &#8211; Povijesti nastanka No\u0107i vje\u0161tica&#8211; Izradi lampiona od bundeva&#8211; Koristi od bundeva u prehrani za\u0161titnog znaka No\u0107i vje\u0161tica&#8211; Ideje za kostime za No\u0107 vje\u0161tica prema horoskopskim znakovima Halloween ili No\u0107 vje\u0161tica (no\u0107 s 31. listopada na 1. studenog) je praznik koji se najvi\u0161e [&hellip;]<\/p>\n","protected":false},"author":1,"featured_media":48027,"parent":0,"menu_order":0,"comment_status":"closed","ping_status":"closed","template":"","meta":{"footnotes":"","_links_to":"","_links_to_target":""},"class_list":["post-29572","page","type-page","status-publish","has-post-thumbnail","hentry"],"_links":{"self":[{"href":"https:\/\/covermagazin.com\/index.php?rest_route=\/wp\/v2\/pages\/29572","targetHints":{"allow":["GET"]}}],"collection":[{"href":"https:\/\/covermagazin.com\/index.php?rest_route=\/wp\/v2\/pages"}],"about":[{"href":"https:\/\/covermagazin.com\/index.php?rest_route=\/wp\/v2\/types\/page"}],"author":[{"embeddable":true,"href":"https:\/\/covermagazin.com\/index.php?rest_route=\/wp\/v2\/users\/1"}],"replies":[{"embeddable":true,"href":"https:\/\/covermagazin.com\/index.php?rest_route=%2Fwp%2Fv2%2Fcomments&post=29572"}],"version-history":[{"count":12,"href":"https:\/\/covermagazin.com\/index.php?rest_route=\/wp\/v2\/pages\/29572\/revisions"}],"predecessor-version":[{"id":73044,"href":"https:\/\/covermagazin.com\/index.php?rest_route=\/wp\/v2\/pages\/29572\/revisions\/73044"}],"wp:featuredmedia":[{"embeddable":true,"href":"https:\/\/covermagazin.com\/index.php?rest_route=\/wp\/v2\/media\/48027"}],"wp:attachment":[{"href":"https:\/\/covermagazin.com\/index.php?rest_route=%2Fwp%2Fv2%2Fmedia&parent=29572"}],"curies":[{"name":"wp","href":"https:\/\/api.w.org\/{rel}","templated":true}]}}