{"id":29359,"date":"2018-07-12T16:47:58","date_gmt":"2018-07-12T14:47:58","guid":{"rendered":"https:\/\/covermagazin.com\/?page_id=29359"},"modified":"2020-11-09T21:29:06","modified_gmt":"2020-11-09T19:29:06","slug":"depilacija","status":"publish","type":"page","link":"https:\/\/covermagazin.com\/?page_id=29359","title":{"rendered":"Depilacija"},"content":{"rendered":"<p><a href=\"https:\/\/covermagazin.com\/wp-content\/uploads\/2020\/06\/depilacija.jpg\"><img loading=\"lazy\" decoding=\"async\" class=\"alignnone size-full wp-image-39402\" src=\"https:\/\/covermagazin.com\/wp-content\/uploads\/2020\/06\/depilacija.jpg\" alt=\"\" width=\"600\" height=\"403\" srcset=\"https:\/\/covermagazin.com\/wp-content\/uploads\/2020\/06\/depilacija.jpg 600w, https:\/\/covermagazin.com\/wp-content\/uploads\/2020\/06\/depilacija-300x202.jpg 300w\" sizes=\"auto, (max-width: 600px) 100vw, 600px\" \/><\/a><\/p>\n<p><strong><em>DEPILACIJA &#8211; PREDNOSTI I NEDOSTACI METODA UKLANJANJA DLA\u010cICA<\/em><\/strong><\/p>\n<h3>Depilacija<\/h3>\n<p>Neke ih imaju vi\u0161e, neke manje, ali nitko ih ne voli \u2013 dla\u010dice. Postoji nekoliko metoda depilacije, njihovog uklanjanja, ovo su one naj\u010de\u0161\u0107e.<\/p>\n<h5 align=\"left\"><img decoding=\"async\" src=\"https:\/\/covermagazin.com\/images\/depilacija_3.jpg\" alt=\"depilacija\" \/>\u00a0 Brijanje<\/h5>\n<p><em><img decoding=\"async\" src=\"https:\/\/covermagazin.com\/images\/depilacija_2.gif\" alt=\"Depilacija\" \/> Prednosti:<\/em> Brijanje je najjednostavnija tehnika uklanjanja dla\u010dica. Toliko jednostavna da \u010dak i mu\u0161karci znaju kako koristiti britvicu. Najpogodniji dijelovi tijela za brijanje su noge i podru\u010dje ispod pazuha. Britvicu bi trebalo mijenjati nakon svakog petog kori\u0161tenja. Naravno, nemojte zaboraviti koristiti gel ili pjenu.<\/p>\n<p><em><img decoding=\"async\" src=\"https:\/\/covermagazin.com\/images\/depilacija_2.gif\" alt=\"Depilacija\" \/> Nedostatak<\/em> brijanja je prebrz rast dla\u010dica, te je potrebno ponavljati postupak svaki drugi dan. Navodno, nakon brijanja dla\u010dice rastu br\u017ee i \u010dvr\u0161\u0107e su.<\/p>\n<h5><img decoding=\"async\" src=\"https:\/\/covermagazin.com\/images\/depilacija_4.jpg\" alt=\"depilacija\" \/> \u010cupanje pincetom<\/h5>\n<p><em><img decoding=\"async\" src=\"https:\/\/covermagazin.com\/images\/depilacija_2.gif\" alt=\"Depilacija\" \/> Prednost<\/em> je to \u0161to nakon \u010dupanja dla\u010dice rastu sporije i gotovo su nevidljive tri tjedna.<br \/>\nPinceta je dobra samo za mala podru\u010dja poput obrva i drugih dijelova lica, premda se zna koristiti i za podru\u010dje ispod pazuha.<\/p>\n<p><em><img decoding=\"async\" src=\"https:\/\/covermagazin.com\/images\/depilacija_2.gif\" alt=\"Depilacija\" \/> Nedostatak<\/em> ove metode depilacije je bol, te sporost postupka \u010dupanja. Svaku dla\u010dicu je potrebno posebno i\u0161\u010dupati, najbolje u smjeru rasta. Ne\u0161to manje bolno je \u010dupanje s elektri\u010dnom pincetom koja zagrijava i otvara pore prije \u010dupanja.<\/p>\n<h5><img decoding=\"async\" src=\"https:\/\/covermagazin.com\/images\/depilacija_5.jpg\" alt=\"depilacija\" \/>\u00a0 Elektri\u010dni epilatori<\/h5>\n<p><em><img decoding=\"async\" src=\"https:\/\/covermagazin.com\/images\/depilacija_2.gif\" alt=\"Depilacija\" \/> Prednost <\/em>je \u0161to dla\u010dicama treba vi\u0161e vremena da narastu i postanu vidljive (tri do \u010detiri tjedna). Funkcioniraju po principu vi\u0161e spojenih pinceta, pa je \u010dupanje br\u017ee nego pojedina\u010dnom pincetom, a jednako u\u010dinkovito. Cijena je tako\u0111er prednost, jer jednom kada ga kupite ne trebaju vam dodatna ulaganja slijede\u0107ih nekoliko godina.<\/p>\n<p><em><img decoding=\"async\" src=\"https:\/\/covermagazin.com\/images\/depilacija_2.gif\" alt=\"Depilacija\" \/> Nedostatak <\/em>elektri\u010dnih epilatora je poprili\u010dna bol.<\/p>\n<h5><img decoding=\"async\" src=\"https:\/\/covermagazin.com\/images\/depilacija_6.jpg\" alt=\"depilacija\" \/>\u00a0 Vosak<\/h5>\n<p><em><img decoding=\"async\" src=\"https:\/\/covermagazin.com\/images\/depilacija_2.gif\" alt=\"Depilacija\" \/> Prednost <\/em>je to \u0161to dla\u010dicama treba du\u017ee vremena prije nego \u0161to ponovno izrastu, a navodno nakon \u010dupanja voskom rastu nje\u017enije i tanje (\u0161to je vrlo diskutabilno me\u0111u stru\u010dnjacima). Bol je epizodna, a neke \u017eene je uop\u0107e ne osjete, ako se postupak izvodi pravilno. Voskom nikad ne \u010dupajte tjedan prije i za vrijeme mjese\u010dnice. Preporu\u010dujemo odlazak u kozmeti\u010dki salon, ali ako se ipak odlu\u010dite za ku\u0107nu upotrebu obavezno nakon uklanjanja dla\u010dica na ko\u017eu nanesite puder ili ne\u0161to drugo za umirivanje ko\u017ee. Vosak se koristi za sve dijelove tijela, poput bikini zone, stomaka, ruku, nogu i ostalih.<\/p>\n<p><em><img decoding=\"async\" src=\"https:\/\/covermagazin.com\/images\/depilacija_2.gif\" alt=\"Depilacija\" \/> Nedostatak<\/em> voska kao metode depilacije je to \u0161to je postupak zaista kompliciran za ku\u0107nu upotrebu. Dla\u010dice trebaju izrasti prije \u010dupanja najmanje pola centimetra.<\/p>\n<h5><img decoding=\"async\" src=\"https:\/\/covermagazin.com\/images\/depilacija_7.jpg\" alt=\"depilacija\" \/> Kreme<\/h5>\n<p><em><img decoding=\"async\" src=\"https:\/\/covermagazin.com\/images\/depilacija_2.gif\" alt=\"Depilacija\" \/> Prednosti:<\/em> Kreme za depiliranje uklanjaju dla\u010dice ne\u0161to ispod povr\u0161ine ko\u017ee, te je potrebno ne\u0161to du\u017ee vremena da ponovno izrastu, oko tjedan dana. Mogu se koristiti bez obzira na du\u017einu dla\u010dice i na svim podru\u010djima, naravno ako mo\u017eete podnijeti njihov miris.<\/p>\n<p><em><img decoding=\"async\" src=\"https:\/\/covermagazin.com\/images\/depilacija_2.gif\" alt=\"Depilacija\" \/> Nedostatak:<\/em> Depilacijske kreme su uvijek neuredne, \u010desto neugodnog mirisa. Konzultiranje lije\u010dnika i alergijski test su vrlo va\u017eni prije upotrebe. Neki stru\u010dnjaci \u010dak predla\u017eu njihovu prodaju poput lijekova &#8211; na recept.<\/p>\n<h5><img decoding=\"async\" src=\"https:\/\/covermagazin.com\/images\/depilacija_8.gif\" alt=\"depilacija\" \/> Elektroliza<\/h5>\n<p><em><img decoding=\"async\" src=\"https:\/\/covermagazin.com\/images\/depilacija_2.gif\" alt=\"Depilacija\" \/> Prednosti:<\/em> Iako je potrebno nekoliko puta posjetiti kozmeti\u010dki salon, nakon odre\u0111enog broja ponavljanja dla\u010dice \u0107e potpuno prestati rasti. Ovo je trajna metoda uklanjanja dla\u010dica.<\/p>\n<p><em><img decoding=\"async\" src=\"https:\/\/covermagazin.com\/images\/depilacija_2.gif\" alt=\"Depilacija\" \/> Nedostatak<\/em> ove metode depilacije je \u0161to se upotrebljava uglavnom za mala podru\u010dja, te je postupak potrebno ponavljati nekoliko puta prije trajnog uklanjanja, a svaki tretman je dosta skup, od 200 pa do 800 kn.<\/p>\n<h5><img decoding=\"async\" src=\"https:\/\/covermagazin.com\/images\/depilacija_9.jpg\" alt=\"depilacija\" \/> Laser<\/h5>\n<p><em><img decoding=\"async\" src=\"https:\/\/covermagazin.com\/images\/depilacija_2.gif\" alt=\"Depilacija\" \/> Prednosti: <\/em>Lasersko uklanjanje dla\u010dica je trajno. Ovisno o va\u0161oj ko\u017ei preporu\u010duju se razli\u010diti tretmani. Kao i kod elektrolize tretman moraju izvoditi stru\u010dne osobe.<br \/>\nObi\u010dno je potrebno napraviti najmanje tri tretmana prije potpunog uklanjanja.<br \/>\nCijene su razli\u010dite, te se kre\u0107u od 1000 do 4000 kn po tretmanu.<\/p>\n<p><em><img decoding=\"async\" src=\"https:\/\/covermagazin.com\/images\/depilacija_2.gif\" alt=\"Depilacija\" \/> Nedostatak:<\/em> Osim cijene, tretmane bi trebalo raditi zimi jer je potrebno izbjegavati izlaganje suncu prije i nakon tretmana.<\/p>\n","protected":false},"excerpt":{"rendered":"<p>DEPILACIJA &#8211; PREDNOSTI I NEDOSTACI METODA UKLANJANJA DLA\u010cICA Depilacija Neke ih imaju vi\u0161e, neke manje, ali nitko ih ne voli \u2013 dla\u010dice. Postoji nekoliko metoda depilacije, njihovog uklanjanja, ovo su one naj\u010de\u0161\u0107e. \u00a0 Brijanje Prednosti: Brijanje je najjednostavnija tehnika uklanjanja dla\u010dica. Toliko jednostavna da \u010dak i mu\u0161karci znaju kako koristiti britvicu. Najpogodniji dijelovi tijela za [&hellip;]<\/p>\n","protected":false},"author":1,"featured_media":39402,"parent":0,"menu_order":0,"comment_status":"closed","ping_status":"closed","template":"","meta":{"footnotes":"","_links_to":"","_links_to_target":""},"class_list":["post-29359","page","type-page","status-publish","has-post-thumbnail","hentry"],"_links":{"self":[{"href":"https:\/\/covermagazin.com\/index.php?rest_route=\/wp\/v2\/pages\/29359","targetHints":{"allow":["GET"]}}],"collection":[{"href":"https:\/\/covermagazin.com\/index.php?rest_route=\/wp\/v2\/pages"}],"about":[{"href":"https:\/\/covermagazin.com\/index.php?rest_route=\/wp\/v2\/types\/page"}],"author":[{"embeddable":true,"href":"https:\/\/covermagazin.com\/index.php?rest_route=\/wp\/v2\/users\/1"}],"replies":[{"embeddable":true,"href":"https:\/\/covermagazin.com\/index.php?rest_route=%2Fwp%2Fv2%2Fcomments&post=29359"}],"version-history":[{"count":3,"href":"https:\/\/covermagazin.com\/index.php?rest_route=\/wp\/v2\/pages\/29359\/revisions"}],"predecessor-version":[{"id":39404,"href":"https:\/\/covermagazin.com\/index.php?rest_route=\/wp\/v2\/pages\/29359\/revisions\/39404"}],"wp:featuredmedia":[{"embeddable":true,"href":"https:\/\/covermagazin.com\/index.php?rest_route=\/wp\/v2\/media\/39402"}],"wp:attachment":[{"href":"https:\/\/covermagazin.com\/index.php?rest_route=%2Fwp%2Fv2%2Fmedia&parent=29359"}],"curies":[{"name":"wp","href":"https:\/\/api.w.org\/{rel}","templated":true}]}}