{"id":29345,"date":"2024-11-20T06:29:13","date_gmt":"2024-11-20T04:29:13","guid":{"rendered":"https:\/\/covermagazin.com\/?page_id=29345"},"modified":"2024-11-20T16:32:25","modified_gmt":"2024-11-20T14:32:25","slug":"trputac-caj-od-trputca","status":"publish","type":"page","link":"https:\/\/covermagazin.com\/?page_id=29345","title":{"rendered":"Trputac i \u010daj od TRPUTCA, dobrobiti i nuspojave"},"content":{"rendered":"\n<p><a href=\"https:\/\/covermagazin.com\/?attachment_id=40052\" rel=\"attachment wp-att-40052\"><img loading=\"lazy\" decoding=\"async\" class=\"alignnone size-full wp-image-40052\" src=\"https:\/\/covermagazin.com\/wp-content\/uploads\/2020\/06\/Trputac-\u010caj-od-trputca.jpg\" alt=\"\" width=\"600\" height=\"399\" srcset=\"https:\/\/covermagazin.com\/wp-content\/uploads\/2020\/06\/Trputac-\u010caj-od-trputca.jpg 600w, https:\/\/covermagazin.com\/wp-content\/uploads\/2020\/06\/Trputac-\u010caj-od-trputca-300x200.jpg 300w, https:\/\/covermagazin.com\/wp-content\/uploads\/2020\/06\/Trputac-\u010caj-od-trputca-576x384.jpg 576w\" sizes=\"auto, (max-width: 600px) 100vw, 600px\" \/><\/a><\/p>\n\n\n\n<h2 class=\"wp-block-heading\">Trputac i \u010daj od TRPUTCA, dobrobiti i nuspojave<\/h2>\n\n\n\n<p>Trputac (lat. Plantagio) naziva se jo\u0161 i bokvica i trputec. <\/p>\n\n\n\n<p>\u010caj od trputca djeluje kao antibiotik, osim toga pro\u010di\u0161\u0107ava krv, mjehur, bubrege&#8230;<\/p>\n\n\n\n<h3 class=\"wp-block-heading\">\u010caj od trputca utjecaj na zdravlje i zdravstvene prednosti pijenja \u010daja<\/h3>\n\n\n\n<p>\u010caj od trputca naj\u010de\u0161\u0107e se preporu\u010duje kod onemo\u0107alog i slaba\u0161nog organizma za ja\u010danje, kod slabih plu\u0107a, slaba\u0161nog glasa i sli\u010dnih pote\u0161ko\u0107a.<\/p>\n\n\n\n<p>Trputac djeluje blago diuretski, a zbog velike koli\u010dine sluzi koju ima u svome sastavu trputac djeluje umiruju\u0107e i protuupalno.<\/p>\n\n\n\n<p>Olak\u0161ava iska\u0161ljavanje, a upotrebljava se kod katara gornjih di\u0161nih putova, upale usne \u0161upljine i \u017edrijela.<\/p>\n\n\n\n<p>Umivanje lica u \u010daju od trputca mo\u017ee pomo\u0107i u borbi protiv pri\u0161ti\u0107a i akni.<\/p>\n\n\n\n<h3 class=\"wp-block-heading\">\u010caj od trputca protiv ka\u0161lja<\/h3>\n\n\n\n<p>\u010caj od trputca djeluje protuupalno, te mo\u017ee smanjiti razli\u010dite upale, iako se naj\u010de\u0161\u0107e ve\u017ee uz upale di\u0161nih puteva.<\/p>\n\n\n\n<p>\u010caj od lista trputca \u010desto se koristi kod upala di\u0161nih puteva, ka\u0161lja, koristan je za iska\u0161ljavanje, te kod bronhitisa.<\/p>\n\n\n\n<p>Upravo zbog svoga djelovanja na upale di\u0161nih putova te kod ka\u0161lja, ekstrakt trputca je \u010dest dodatak pastilama za grlo te sirupima. <\/p>\n\n\n\n<p>\u010caj od &nbsp;trputca ima i jednu vrlo posebnu sposobnost da izvla\u010di toksine iz tijela, te se smatra da \u010daj od trpuca \u010disti tijelo. &nbsp;<\/p>\n\n\n\n<h3 class=\"wp-block-heading\">Priprema \u010daja od trputca<\/h3>\n\n\n\n<p>Priprema: Ukoliko na uputama na pakiranju nije druga\u010dije nazna\u010deno, \u010dajnu \u017elicu biljke ili filtar vre\u0107icu prelijte s 0,2 l vrele vode. Poklopite i pustite da odstoji 5 do 10 minuta. Procijedite i pijte svje\u017ee pripremljeni \u010daj.<\/p>\n\n\n\n<h3 class=\"wp-block-heading\">\u010caj od trputca nuspojave<\/h3>\n\n\n\n<p>\u010caj od trputca se smatra relativno sigurnim \u010dajem. Oprez je potreban kod osoba koje su sklone alergijama.<\/p>\n\n\n\n<p>Suplementi koji sadr\u017ee trputac mogu ako se pretjeruje s njima uzrokovati proljev, povra\u0107anje, nadutost&#8230;<\/p>\n\n\n\n<h3 class=\"wp-block-heading\">Koliko piti \u010daja od trputca<\/h3>\n\n\n\n<p>\u010caja od trputca se mo\u017ee piti do tri \u0161alice \u010daja dnevno. <\/p>\n\n\n\n<h3 class=\"wp-block-heading\">Koliko dugo piti \u010daj od trputca?<\/h3>\n\n\n\n<p>Nema nekih ograni\u010denja, uz uobi\u010dajenu dnevnu konzumaciju, koliko dugo se smije piti. \u010caj treba ukomponirati u zdravu i uravnote\u017eenu prehranu. No, \u010daj od trputca se uglavnom pije povremeno odnosno dok postoji potreba i zdravstveno stanje zbog kojeg se on pije.<\/p>\n\n\n\n<h2 class=\"wp-block-heading\">Trputac dobrobiti, nuspojave i mjere opreza <\/h2>\n\n\n\n<p>Biljka nudi spas u mnogim situacijama, posebno ako volite u\u017eivati u prirodi i \u010desto boravite na otvorenom. Vrlo brzo \u0107ete je prona\u0107i kada vam zatreba. Trputac uglavnom raste &#8211; posvuda. Livade, vrtovi, polja, rubni dijelovi \u0161uma, ali vi\u0111amo ga \u010dak i u pukotinama plo\u010dnika i gradskih cesta.  Biljku mo\u017eete lako identificirati. \u010cak i mladi zeleni listovi imaju vrijednosti, ali najve\u0107a koncentracija vrijednih sastojaka je u zdravim \u010dvrstim zelenim listovima. Trputac sadr\u017ei vrijedna esencijalna ulja, ali i druge supstance poput silicijeve kiselina, koja doprinosi zdravlju probavnog trakta. Kombinacija sastojaka \u010dini ga mo\u0107nim eliksirom zdravlja, posebno za respiratorne i probavne tegobe. Sirup od trpuca bio je dugo vremena sinonim za sirup za ka\u0161alj op\u0107enito. Trputac poma\u017ee i u slu\u010dajevima kada je previ\u0161e ili premalo sline vra\u0107aju\u0107i funkciju u ravnote\u017eu, te tako\u0111er vra\u0107a harmoniju pomo\u0107i u lije\u010denju svih vrsta ka\u0161lja. &nbsp; <\/p>\n\n\n\n<p>Ova sveprisutna biljka mo\u017ee pomo\u0107i i kao spas u slu\u010dajevima iritacija ili uboda insekata, jer iscjedak iz li\u0161\u0107a kada se nanese na ko\u017eu ima vrlo brzo i umiruju\u0107e djelovanje. Tako\u0111er i li\u0161\u0107e kada se samo stavi i prislone uz ko\u017eu ve\u0107 ima dobro djelovanje koje smanjuje bol i iritaciju. Jedna od najve\u0107ih vrijednosti trpuca je u njegovoj umiruju\u0107oj sposobnosti iritacija ko\u017ee. U nekim tradicijama \u010dak se trputac uz stolisnik koristio za zaustavljanje krvarenja iz rana. Iscjeljuju\u0107e sposobnosti trpuca i znanstveno su potvr\u0111ene u nekoliko razli\u010ditih studija. Nano\u0161enje mljevenog svje\u017eeg li\u0161\u0107a ili cijelog li\u0161\u0107a trpuca koristilo se i za ubrzavanje zacjeljivanja rana, te ubla\u017eavanje boli kod manjih opeklina i iritacija.  <\/p>\n\n\n\n<p>Prednosti trputca, bilo kao lista trpuca ili \u010daja od trputca \u010dine ga jednom od najkorisnijih biljaka, a ovaj skromni korov koji nalazimo posvuda slobodno se mo\u017ee nazvati superbiljkom. Malo je biljaka koje su toliko svestrane, a rijetko koja je bolja kada je u pitanju njega ko\u017ee i rana, \u0161to trputac \u010dini mo\u0107nim sastojkom u melemima za ko\u017eu.<\/p>\n\n\n\n<p>Nuspojave od trpuca su uglavnom blage, ali se svejedno preporu\u010duje oprez u konzumacije, a osobe koje imaju bilo kakvo zdravstveno stanje ili dijagnozu svakako bi trebale konzumirati stru\u010dnu osobu prije nego zapo\u010dnu s  primjenom. <\/p>\n\n\n\n<p><strong>Pro\u010ditajte i:<\/strong><\/p>\n\n\n\n<figure class=\"wp-block-embed is-type-wp-embed is-provider-cover-magazin-com wp-block-embed-cover-magazin-com\"><div class=\"wp-block-embed__wrapper\">\n<blockquote class=\"wp-embedded-content\" data-secret=\"BhFwL9iHiM\"><a href=\"https:\/\/covermagazin.com\/?page_id=29483\">\u010cajevi<\/a><\/blockquote><iframe loading=\"lazy\" class=\"wp-embedded-content\" sandbox=\"allow-scripts\" security=\"restricted\" style=\"position: absolute; visibility: hidden;\" title=\"&#8220;\u010cajevi&#8221; &#8212; COVER magazin.com\" src=\"https:\/\/covermagazin.com\/?page_id=29483&#038;embed=true#?secret=6OvJdjG6Nl#?secret=BhFwL9iHiM\" data-secret=\"BhFwL9iHiM\" width=\"500\" height=\"282\" frameborder=\"0\" marginwidth=\"0\" marginheight=\"0\" scrolling=\"no\"><\/iframe>\n<\/div><\/figure>\n","protected":false},"excerpt":{"rendered":"<p>Trputac i \u010daj od TRPUTCA, dobrobiti i nuspojave Trputac (lat. Plantagio) naziva se jo\u0161 i bokvica i trputec. \u010caj od trputca djeluje kao antibiotik, osim toga pro\u010di\u0161\u0107ava krv, mjehur, bubrege&#8230; \u010caj od trputca utjecaj na zdravlje i zdravstvene prednosti pijenja \u010daja \u010caj od trputca naj\u010de\u0161\u0107e se preporu\u010duje kod onemo\u0107alog i slaba\u0161nog organizma za ja\u010danje, kod [&hellip;]<\/p>\n","protected":false},"author":1,"featured_media":40052,"parent":29483,"menu_order":0,"comment_status":"closed","ping_status":"closed","template":"","meta":{"footnotes":"","_links_to":"","_links_to_target":""},"class_list":["post-29345","page","type-page","status-publish","has-post-thumbnail","hentry"],"_links":{"self":[{"href":"https:\/\/covermagazin.com\/index.php?rest_route=\/wp\/v2\/pages\/29345","targetHints":{"allow":["GET"]}}],"collection":[{"href":"https:\/\/covermagazin.com\/index.php?rest_route=\/wp\/v2\/pages"}],"about":[{"href":"https:\/\/covermagazin.com\/index.php?rest_route=\/wp\/v2\/types\/page"}],"author":[{"embeddable":true,"href":"https:\/\/covermagazin.com\/index.php?rest_route=\/wp\/v2\/users\/1"}],"replies":[{"embeddable":true,"href":"https:\/\/covermagazin.com\/index.php?rest_route=%2Fwp%2Fv2%2Fcomments&post=29345"}],"version-history":[{"count":5,"href":"https:\/\/covermagazin.com\/index.php?rest_route=\/wp\/v2\/pages\/29345\/revisions"}],"predecessor-version":[{"id":71548,"href":"https:\/\/covermagazin.com\/index.php?rest_route=\/wp\/v2\/pages\/29345\/revisions\/71548"}],"up":[{"embeddable":true,"href":"https:\/\/covermagazin.com\/index.php?rest_route=\/wp\/v2\/pages\/29483"}],"wp:featuredmedia":[{"embeddable":true,"href":"https:\/\/covermagazin.com\/index.php?rest_route=\/wp\/v2\/media\/40052"}],"wp:attachment":[{"href":"https:\/\/covermagazin.com\/index.php?rest_route=%2Fwp%2Fv2%2Fmedia&parent=29345"}],"curies":[{"name":"wp","href":"https:\/\/api.w.org\/{rel}","templated":true}]}}