{"id":29333,"date":"2024-11-20T06:18:13","date_gmt":"2024-11-20T04:18:13","guid":{"rendered":"https:\/\/covermagazin.com\/?page_id=29333"},"modified":"2024-11-28T16:17:08","modified_gmt":"2024-11-28T14:17:08","slug":"sljez-caj-od-sljeza","status":"publish","type":"page","link":"https:\/\/covermagazin.com\/?page_id=29333","title":{"rendered":"Sljez i \u010daj od SLJEZA, ljekovitost, nuspojave i koliko \u010daja piti"},"content":{"rendered":"\n<p><a href=\"https:\/\/covermagazin.com\/?attachment_id=40043\" rel=\"attachment wp-att-40043\"><img loading=\"lazy\" decoding=\"async\" class=\"alignnone size-full wp-image-40043\" src=\"https:\/\/covermagazin.com\/wp-content\/uploads\/2020\/06\/Sljez-\u010caj-od-sljeza.jpg\" alt=\"\" width=\"600\" height=\"400\" srcset=\"https:\/\/covermagazin.com\/wp-content\/uploads\/2020\/06\/Sljez-\u010caj-od-sljeza.jpg 600w, https:\/\/covermagazin.com\/wp-content\/uploads\/2020\/06\/Sljez-\u010caj-od-sljeza-300x200.jpg 300w, https:\/\/covermagazin.com\/wp-content\/uploads\/2020\/06\/Sljez-\u010caj-od-sljeza-576x384.jpg 576w\" sizes=\"auto, (max-width: 600px) 100vw, 600px\" \/><\/a><\/p>\n\n\n\n<h2 class=\"wp-block-heading\">Sljez i \u010daj od SLJEZA, ljekovitost, nuspojave i koliko \u010daja piti<\/h2>\n\n\n\n<p>Sljez i \u010daj od sljeza se stolje\u0107ima tradicionalno koristio kod problema s grlom, ka\u0161ljem, ali i s probavnim sustavom. Poznata su i njegova laksativna svojstva. Posebno je popularan \u010daj od korijena bijelog sljeza. <\/p>\n\n\n\n<h3 class=\"wp-block-heading\">\u010caj od sljeza<\/h3>\n\n\n\n<p>Treba razlikovati bijeli sljez i crni sljez.<\/p>\n\n\n\n<h4 class=\"wp-block-heading\">\u010caj od bijelog sljeza<\/h4>\n\n\n\n<p>BIJELI SLJEZ je biljka koja se naj\u010de\u0161\u0107e koristi za lije\u010denje di\u0161nih organa, kod prehlade, gripe, upale grla, bronhitisa, olak\u0161avanja iska\u0161ljavanja.<\/p>\n\n\n\n<p>\u010caj od korijena bijelog sljeza mo\u017ee pomo\u0107i kod crijevnih bolesti, regulira stolicu: poma\u017ee i kod proljeva i kod zatvora.<\/p>\n\n\n\n<p>Tako\u0111er se koristi kod problema s mokra\u0107nim mjehurom, ote\u017eanog mokrenja, upale mjehura i bubrega.<\/p>\n\n\n\n<h4 class=\"wp-block-heading\">\u010caj od crnog sljeza<\/h4>\n\n\n\n<p>CRNI SLJEZ, odnosno \u010daj od crnog sljeza pospje\u0161uje izlu\u010divanje sluzi, lije\u010di promuklost, te poma\u017ee u lije\u010denju astme.<\/p>\n\n\n\n<p>Crni sljez olak\u0161ava crijevne i \u017eelu\u010dane gr\u010deve.<\/p>\n\n\n\n<h3 class=\"wp-block-heading\">Priprema \u010daja od sljeza<\/h3>\n\n\n\n<p>Sljez je jedan od rijetkih \u010dajeva koji se prave u hladnoj vodi. 8 h se korijen nama\u010de, a potom se procijedi i po potrebi zagrijava.<\/p>\n\n\n\n<h3 class=\"wp-block-heading\">\u010caj od korijena bijelog sljeza &#8211; zdravstvene koristi<\/h3>\n\n\n\n<p>\u010caj od korijena bijelog sljeza sadr\u017ei i flavonoide, antioksidante, pektin, aminokiseline&#8230; Bijeli sljez sadr\u017ei sluz koja nabubri u dodiru s vodom te obla\u017ee membrane i \u0161titi ih. Korijen bijelog sljeza sadr\u017ei sluz koja nabubri u dodiru s vodom, obla\u017ee membrane, poma\u017ee sluzi di\u0161nog sustava, te mo\u017ee pomo\u0107i radu probavnog sustava. Ljekovitost \u010daja od korijena bijelog sljeza ogleda se na vi\u0161e podru\u010dja te mo\u017ee pomo\u0107i u lije\u010denju razli\u010ditih tegoba, kao i djelovati preventivno. <\/p>\n\n\n\n<p>\u010caj od korijena bijelog sljeza mo\u017ee pomo\u0107i u borbi protiv raka plu\u0107a. Antioksidanti u korijenu djeluju na usporavanje rasta tumora, a vitamin C iz korijena bijelog sljeza ja\u010da imunitet.<\/p>\n\n\n\n<p>\u010caj od korijena bijelog sljeza mo\u017ee pomo\u0107i kod bakterijskih infekcija, ima anti bakterijska svojstva, te pospje\u0161uje proces ozdravljenja.<\/p>\n\n\n\n<p>\u010caj od korijena bijelog sljeza svojim svojstvima mo\u017ee pomo\u0107i i kod nekih bolesti srca uzrokovanih upalama.<\/p>\n\n\n\n<p>\u010caj od bijelog sljeza ima laksativna svojstva, te poma\u017ee u rje\u0161avanju nakupljene vode u organizmu te smanjuje njeno zadr\u017eavanje.<\/p>\n\n\n\n<h3 class=\"wp-block-heading\">\u010caj od korijena bijelog sljeza za grlo<\/h3>\n\n\n\n<p>Korijen bijelog sljeza sadr\u017ei sluz koja obla\u017ee di\u0161ne i probavne putove te na taj na\u010din smiruje iritacije. \u010caj od korijena bijelog sljeza se mo\u017ee koristiti kod upala grla i bronhitisa. <\/p>\n\n\n\n<p>Antivirusna svojstva korijena od bijelog sljeza djeluju na upale grla, te protiv otjecanja limfnih \u010dvorova. I to svojstvo korijena bijelog sljeza mo\u017ee pomo\u0107i kod upala grla, za ubla\u017eavanje ka\u0161lja, te drugih respiratornih problema.<\/p>\n\n\n\n<p>Bijeli sljez se mo\u017ee prona\u0107i i kao sastojak sirupa protiv ka\u0161lja.<\/p>\n\n\n\n<p>Istra\u017eivanje je pokazalo da pripravci protiv ka\u0161lja koji sadr\u017ee vodene ekstrakte korijena bijelog sljeza pokazuju dobar u\u010dinak kod lije\u010denja nadra\u017eene usne \u0161upljine, \u017edrijela, te kod suhog ka\u0161lja. (<em>Izvor:<\/em> <em>Marshmallow Root Extract for the Treatment of Irritative Cough: Two Surveys on Users&#8217; View on Effectiveness and Tolerability<\/em>)<\/p>\n\n\n\n<h4 class=\"wp-block-heading\">Protuupalna svojstva \u010daja od korijena od bijelog sljeza<\/h4>\n\n\n\n<p>\u010caj od korijena bijelog sljeza ima protuupalna svojstva. Mo\u017ee pomo\u0107i kod upala grla, ali i provnog sustava.<\/p>\n\n\n\n<h4 class=\"wp-block-heading\">Laksativna svojstva \u010daja od korijena bijelog sljeza<\/h4>\n\n\n\n<p>Sluz iz korijena bijelog sljeza pospje\u0161uje pra\u017enjenje crijeva te ima laksativa svojstva. Mo\u017ee pomo\u0107i kod zatvora, ali i za bolji rad probavnog sustava, te kod sindroma iritabilnog crijeva.<\/p>\n\n\n\n<p>Za laksativni u\u010dinak trebalo bi popiti ja\u010di \u010daj od korijena bijelog sljeza, te nakon toga jo\u0161 dvije \u010da\u0161e vode kako bi se pospje\u0161io u\u010dinak.<\/p>\n\n\n\n<h3 class=\"wp-block-heading\">Priprema i koliko piti \u010daja od korijena bijelog sljeza<\/h3>\n\n\n\n<p>Kako je iznad navedeno \u010daj od korijena bijelog sljeza se radi od hladne vode u koju se stavi korijen od bijelog sljeza, te se ostavi 5-6 sati u vodi, odnosno preko no\u0107i. Voda se mo\u017ee prije toga prokuhati i ohladiti. Ujutro se \u010daj procijedi i spreman je za konzumaciju.<\/p>\n\n\n\n<p>\u010caj od korijena bijelog sljeza se mo\u017ee piti sobne temperature ili se prije konzumiranja malo zagrije.<\/p>\n\n\n\n<h4 class=\"wp-block-heading\">Koliko piti \u010daja od korijena bijelog sljeza piti protiv ka\u0161lja i kod upale grla<\/h4>\n\n\n\n<p>Za probleme s di\u0161nim putevima preporu\u010duje se jedna do dvije \u0161alice \u010daja od bijelog sljeza dnevno.<\/p>\n\n\n\n<p>S obzirom da se ovaj \u010daj priprema preko no\u0107i, on se mo\u017ee piti tokom dana pomalo, kako bi sluz iz korijena bijelog \u010daja pomogla kod ka\u0161lja. On se ne pije uobi\u010dajeno cijela \u0161alica, nego bi za di\u0161ne putove bilo piti ga na gutljaje, odnosno svako malo uzeti par gutljaja \u010daja od korijena bijelog sljeza.<\/p>\n\n\n\n<h4 class=\"wp-block-heading\">\u010caj od korijena bijelog sljeza \u2013 nuspojave<\/h4>\n\n\n\n<p>\u010caj od korijena bijelog sljeza se smatra sigurnim \u010dajem s malo nuspojava.<\/p>\n\n\n\n<p>No, uobi\u010dajeni oprez je uvijek potreban, posebno kod osoba s dijabetesom koje bi se trebale konzultirati lije\u010dnikom oko konzumiranja ovog \u010daja.<\/p>\n\n\n\n<h3 class=\"wp-block-heading\">\u010caj od korijena bijelog sljeza u trudno\u0107i<\/h3>\n\n\n\n<p>\u010caj od korijena bijelog sljeza se ne preporu\u010duju u trudno\u0107i, mo\u017ee stimulirati tijelo i izazvati prijevremeni porod.<\/p>\n\n\n\n<p>Tako\u0111er, dojilje bi trebale izbjegavati ovaj \u010daj.<\/p>\n\n\n\n<h4 class=\"wp-block-heading\">Sa\u017eetak &#8211; \u010caj od korijena bijelog sljeza<\/h4>\n\n\n\n<p>\u010caj od sljeza ima brojne zdravstvene prednosti. Naj\u010de\u0161\u0107e se koristi \u010daj od korijena bijelog sljeza koji svojom sluzi, te antibakterijskim i antivirusnim svojstvima, kao i antioksidantima mo\u017ee pomo\u0107i kod raznih bolesti di\u0161nog sustava, kod upala grla i ka\u0161lja, za koje se naj\u010de\u0161\u0107e koristi. \u010caj od korijena bijelog sljeza mo\u017ee pomo\u0107i i kod problema s probavom nadutosti, te kod rje\u0161avanja nakupljene vode u organizmu. Koristan je za di\u0161ni sustav, plu\u0107a, ali i probavu.<\/p>\n\n\n\n<p><strong>Vezano:<\/strong><\/p>\n\n\n\n<figure class=\"wp-block-embed is-type-wp-embed is-provider-cover-magazin-com wp-block-embed-cover-magazin-com\"><div class=\"wp-block-embed__wrapper\">\n<blockquote class=\"wp-embedded-content\" data-secret=\"8UOBJgGyUZ\"><a href=\"https:\/\/covermagazin.com\/?page_id=29483\">\u010cajevi<\/a><\/blockquote><iframe loading=\"lazy\" class=\"wp-embedded-content\" sandbox=\"allow-scripts\" security=\"restricted\" style=\"position: absolute; visibility: hidden;\" title=\"&#8220;\u010cajevi&#8221; &#8212; COVER magazin.com\" src=\"https:\/\/covermagazin.com\/?page_id=29483&#038;embed=true#?secret=4f9J8x8wxw#?secret=8UOBJgGyUZ\" data-secret=\"8UOBJgGyUZ\" width=\"500\" height=\"282\" frameborder=\"0\" marginwidth=\"0\" marginheight=\"0\" scrolling=\"no\"><\/iframe>\n<\/div><\/figure>\n","protected":false},"excerpt":{"rendered":"<p>Sljez i \u010daj od SLJEZA, ljekovitost, nuspojave i koliko \u010daja piti Sljez i \u010daj od sljeza se stolje\u0107ima tradicionalno koristio kod problema s grlom, ka\u0161ljem, ali i s probavnim sustavom. Poznata su i njegova laksativna svojstva. Posebno je popularan \u010daj od korijena bijelog sljeza. \u010caj od sljeza Treba razlikovati bijeli sljez i crni sljez. \u010caj [&hellip;]<\/p>\n","protected":false},"author":1,"featured_media":40043,"parent":29483,"menu_order":0,"comment_status":"closed","ping_status":"closed","template":"","meta":{"footnotes":"","_links_to":"","_links_to_target":""},"class_list":["post-29333","page","type-page","status-publish","has-post-thumbnail","hentry"],"_links":{"self":[{"href":"https:\/\/covermagazin.com\/index.php?rest_route=\/wp\/v2\/pages\/29333","targetHints":{"allow":["GET"]}}],"collection":[{"href":"https:\/\/covermagazin.com\/index.php?rest_route=\/wp\/v2\/pages"}],"about":[{"href":"https:\/\/covermagazin.com\/index.php?rest_route=\/wp\/v2\/types\/page"}],"author":[{"embeddable":true,"href":"https:\/\/covermagazin.com\/index.php?rest_route=\/wp\/v2\/users\/1"}],"replies":[{"embeddable":true,"href":"https:\/\/covermagazin.com\/index.php?rest_route=%2Fwp%2Fv2%2Fcomments&post=29333"}],"version-history":[{"count":9,"href":"https:\/\/covermagazin.com\/index.php?rest_route=\/wp\/v2\/pages\/29333\/revisions"}],"predecessor-version":[{"id":72036,"href":"https:\/\/covermagazin.com\/index.php?rest_route=\/wp\/v2\/pages\/29333\/revisions\/72036"}],"up":[{"embeddable":true,"href":"https:\/\/covermagazin.com\/index.php?rest_route=\/wp\/v2\/pages\/29483"}],"wp:featuredmedia":[{"embeddable":true,"href":"https:\/\/covermagazin.com\/index.php?rest_route=\/wp\/v2\/media\/40043"}],"wp:attachment":[{"href":"https:\/\/covermagazin.com\/index.php?rest_route=%2Fwp%2Fv2%2Fmedia&parent=29333"}],"curies":[{"name":"wp","href":"https:\/\/api.w.org\/{rel}","templated":true}]}}