{"id":29327,"date":"2024-11-20T16:16:45","date_gmt":"2024-11-20T14:16:45","guid":{"rendered":"https:\/\/covermagazin.com\/?page_id=29327"},"modified":"2024-11-28T16:12:38","modified_gmt":"2024-11-28T14:12:38","slug":"rooibos-caj-od-rooibosa","status":"publish","type":"page","link":"https:\/\/covermagazin.com\/?page_id=29327","title":{"rendered":"Rooibos i \u010daj od ROOIBOSA, utjecaj na zdravlje, nuspojave i kako ga pripremiti"},"content":{"rendered":"\n<p><a href=\"https:\/\/covermagazin.com\/?attachment_id=40037\" rel=\"attachment wp-att-40037\"><img loading=\"lazy\" decoding=\"async\" class=\"alignnone size-full wp-image-40037\" src=\"https:\/\/covermagazin.com\/wp-content\/uploads\/2020\/06\/Rooibos-\u2013-\u010daj-od-rooibosa.jpg\" alt=\"\" width=\"600\" height=\"400\" srcset=\"https:\/\/covermagazin.com\/wp-content\/uploads\/2020\/06\/Rooibos-\u2013-\u010daj-od-rooibosa.jpg 600w, https:\/\/covermagazin.com\/wp-content\/uploads\/2020\/06\/Rooibos-\u2013-\u010daj-od-rooibosa-300x200.jpg 300w, https:\/\/covermagazin.com\/wp-content\/uploads\/2020\/06\/Rooibos-\u2013-\u010daj-od-rooibosa-576x384.jpg 576w\" sizes=\"auto, (max-width: 600px) 100vw, 600px\" \/><\/a><\/p>\n\n\n\n<h2 class=\"wp-block-heading\">Rooibos i \u010daj od ROOIBOSA, utjecaj na zdravlje, nuspojave i kako ga pripremiti<\/h2>\n\n\n\n<p>Rooibos je \u010daj koji se uzgaja u ju\u017enoafri\u010dkoj visoravni, gdje se stolje\u0107ima koristi kao prirodni lijek.<\/p>\n\n\n\n<h3 class=\"wp-block-heading\">\u010caj od rooibosa<\/h3>\n\n\n\n<p>Sadr\u017ei niz antioksidanata, od kojih su neki potpuno ekskluzivni i mo\u017ee ih se prona\u0107i samo u rooibosu.<\/p>\n\n\n\n<p>Obzirom da je \u010daj bez kofeina s niskim udjelom tanina, a visokim sadr\u017eajem vitamina C, te mnogih minerala gotovo da se mo\u017ee smatrati prehrambenim proizvodom, ali s druge strane rooibos ne sadr\u017ei kalorije, pa je posebno koristan osobama koje su na dijeti.<\/p>\n\n\n\n<p>Minerali sadr\u017eani u jednoj \u0161alici rooibosa su:<br>Cink<br>Mangan<br>Alpha-hydroxy (koji je odli\u010dan za ko\u017eu)<br>Magnezij<br>Bakar<br>\u017deljezo<br>Kalij<br>Kalcij<br>Florid<\/p>\n\n\n\n<h3 class=\"wp-block-heading\">Zdravstvene koristi rooibos \u010daja<\/h3>\n\n\n\n<p>A razli\u010dite studije pokazuju kako su zdravstvene prednosti od ovog \u010daja ogromne:<\/p>\n\n\n\n<p>&#8211; Mo\u017ee se koristiti za lije\u010denje peludne groznice, astme i ekcema.<br>&#8211; Ako se nanosi direktno na ko\u017eu mo\u017ee usporiti proces starenja.<br>&#8211; Pobolj\u0161ava imunolo\u0161ki sustav.<br>&#8211; Smanjuje razdra\u017eljivost, glavobolje, \u017eiv\u010danu napetost i nesanicu.<br>&#8211; Djeluje protiv gr\u010deva, za ubla\u017eavanje gr\u010deva u \u017eeludcu i kod kolika u dojen\u010dadi.<br>Istra\u017eivanja su pokazala kako rooibos \u010daj tako\u0111er \u0161titi od kardiovaskularnih bolesti, te sprje\u010dava sr\u010dana oboljenja. Tako\u0111er, otkriveno je kako i u nekim slu\u010dajevima preventivno djeluje protiv nastanka raka. Flavonoidi u njemu mogu \u0161tititi od ne\u017eeljenih genetskih o\u0161te\u0107enja stanica, a \u010daj pove\u0107ava proizvodnju antitijela. Stru\u010dnjaci procjenjuju da pru\u017ea za\u0161titu i od oboljenja jetre i debelog crijeva.<\/p>\n\n\n\n<p>Japanska istra\u017eivanja potvrdila su kako rooibos zna\u010dajno smanjuje svrbe\u017e kod bolesnika s dermatitisom.<\/p>\n\n\n\n<p>Rooibos mo\u017ee biti koristan u sprje\u010davanju starenja mozga i promjena u mozgu povezanih sa starenjem, te se smatra korisnim sredstvom u borbi protiv u\u010dinka godina.<br>Mo\u017ee se poslu\u017eiti kao vru\u0107i ili hladni \u010dajni napitak, a ponekad se koristi i u jelima, umacima, vo\u0107nim pi\u0107ima, kremama za ruke i losionima za tijelo.<\/p>\n\n\n\n<h3 class=\"wp-block-heading\">Rooibos \u010daj<\/h3>\n\n\n\n<ul class=\"wp-block-list\">\n<li>sadr\u017ei minerale<\/li>\n\n\n\n<li>smanjuje stres<\/li>\n\n\n\n<li>smanjuje anksioznost<\/li>\n\n\n\n<li>pobolj\u0161ava cirkulaciju<\/li>\n\n\n\n<li>sni\u017eava krvni tlak<\/li>\n\n\n\n<li>ima protuupalna svojstva<\/li>\n\n\n\n<li>poma\u017ee kod glavobolja<\/li>\n\n\n\n<li>mo\u017ee djelovati na pove\u0107anje plodnosti mu\u0161karaca<\/li>\n\n\n\n<li>poma\u017ee u lije\u010denju proljeva<\/li>\n\n\n\n<li>ja\u010da kosti<\/li>\n\n\n\n<li>djeluje na zdravlje vlasi\u0161ta i kose<\/li>\n<\/ul>\n\n\n\n<h3 class=\"wp-block-heading\">Rooibos \u010daj za zdravu kosu<\/h3>\n\n\n\n<p>Rooibos \u010daj mo\u017ee djelovati na kosu, te pomo\u0107i da imate zdravu kosu. On poti\u010de rast kose te ja\u010da korijen dlake, poma\u017ee \u010di\u0161\u0107enju vlasi\u0161ta, te i na taj na\u010din pospje\u0161uje rast kose. Osim toga \u010daj od rooibosa sadr\u017ei minerale koji su bitni za rast kose, kao i na manje opadanje kose.<\/p>\n\n\n\n<p>Rooibos ima protuupalna svojstva te je i to osobina koja poma\u017ee za zdravu i lijepu kosu, budu\u0107i da mo\u017ee pomo\u0107i u rje\u0161avanju prhuti.<\/p>\n\n\n\n<p>Antioksidanti, polifenoli iz rooiboos \u010daja djeluju na sjaj kose, te \u0161tite kosu od sunca.<\/p>\n\n\n\n<h3 class=\"wp-block-heading\">Rooibos \u010daj za ko\u017eu<\/h3>\n\n\n\n<p>Rooibos \u010daj je izbvor alfa hidroksilne kiseline koja je dobra za ko\u017eu. Popularna je u kozmetici, ali se rijetko nalazi u prehrani.<\/p>\n\n\n\n<h3 class=\"wp-block-heading\">Rooibos \u010daj protiv starenja<\/h3>\n\n\n\n<p>Rooibos \u010daj je bogat antioksidantimma, ja\u010da imunitet, mo\u017ee sniziti krvni tlak, te opu\u0161tanju, smanjenju stresa, kao i doprinijeti ja\u010dim kostima. Sve se to odra\u017eava i na usporavanje procesa starenja.<\/p>\n\n\n\n<h3 class=\"wp-block-heading\">Rooibos \u010daj za sni\u017eavanje krvnog tlaka<\/h3>\n\n\n\n<p>Rooibos \u010daj mo\u017ee pomo\u0107i u rje\u0161avanju stresa, opu\u0161tanju, te sni\u017eavanju visokog krvnog tlaka. Ne djeluje samo na visok tlak nego i op\u0107enito na krvo\u017eilni sustav, te smanjuje mogu\u0107nost kardiovaskularnih problema.<\/p>\n\n\n\n<h3 class=\"wp-block-heading\">Rooibos \u010daj kod nesanice<\/h3>\n\n\n\n<p>Rooibos \u010daj ne sadr\u017ei kofein, poma\u017ee u rje\u0161avanju stresa, mo\u017ee pomo\u0107i u sni\u017eavanju krvnog tlaka, te popravlja raspolo\u017eenje. \u0160alica \u010daja od rooibosa mo\u017ee pomo\u0107i boljem snu.<\/p>\n\n\n\n<h3 class=\"wp-block-heading\">Kalorije u rooibos \u010daju<\/h3>\n\n\n\n<p>\u010caj od rooiboosa skoro da nema kalorija, odnosno jedna \u0161alica \u010daja ima manje od jedne kalorije.<\/p>\n\n\n\n<h3 class=\"wp-block-heading\">Priprema \u010daja od rooibosa<\/h3>\n\n\n\n<p>Priprema: Ukoliko na uputama na pakiranju nije druga\u010dije nazna\u010deno, \u010dajnu \u017elicu biljke ili filtar vre\u0107icu prelijte s 0,2 l vrele vode. Poklopite i pustite da odstoji 5 do 10 minuta. Procijedite i pijte svje\u017ee pripremljeni \u010daj.<\/p>\n\n\n\n<h3 class=\"wp-block-heading\">\u010caj od rooibosa nuspojave<\/h3>\n\n\n\n<p>\u010caj od rooibosa je op\u0107enito relativno siguran, te nema nekih ve\u0107ih nuspojava.<\/p>\n\n\n\n<p>Jedno istra\u017eivanje je pokazalo da konzumiranje svakodnevno ve\u0107ih koli\u010dina \u010daja od rooibosa mo\u017ee utjecati na poreme\u0107aj enzima jetara, stoga bez obzira na to \u0161to su nuspojave rijetke ni s ovim \u010dajem ne treba pretjerivati.<\/p>\n\n\n\n<p>Op\u0107enito se smatra da je tri do \u010detiri \u0161alice \u010daja dnevno optimalno.<\/p>\n\n\n\n<h4 class=\"wp-block-heading\">\u010caj od rooibosa<\/h4>\n\n\n\n<p>Rooibos je popularan \u010daj koji ima mnoge zdravstvene koristi. Bogat je antioksidantima, vitaminima i mineralima. Ne sadr\u017ei kofein, te ima malo kalorija.<\/p>\n\n\n\n<p>Vezano:<\/p>\n\n\n\n<figure class=\"wp-block-embed is-type-wp-embed is-provider-cover-magazin-com wp-block-embed-cover-magazin-com\"><div class=\"wp-block-embed__wrapper\">\n<blockquote class=\"wp-embedded-content\" data-secret=\"FM7LJXfE3j\"><a href=\"https:\/\/covermagazin.com\/?page_id=29483\">\u010cajevi<\/a><\/blockquote><iframe loading=\"lazy\" class=\"wp-embedded-content\" sandbox=\"allow-scripts\" security=\"restricted\" style=\"position: absolute; visibility: hidden;\" title=\"&#8220;\u010cajevi&#8221; &#8212; COVER magazin.com\" src=\"https:\/\/covermagazin.com\/?page_id=29483&#038;embed=true#?secret=Pl5gJtrk9a#?secret=FM7LJXfE3j\" data-secret=\"FM7LJXfE3j\" width=\"500\" height=\"282\" frameborder=\"0\" marginwidth=\"0\" marginheight=\"0\" scrolling=\"no\"><\/iframe>\n<\/div><\/figure>\n","protected":false},"excerpt":{"rendered":"<p>Rooibos i \u010daj od ROOIBOSA, utjecaj na zdravlje, nuspojave i kako ga pripremiti Rooibos je \u010daj koji se uzgaja u ju\u017enoafri\u010dkoj visoravni, gdje se stolje\u0107ima koristi kao prirodni lijek. \u010caj od rooibosa Sadr\u017ei niz antioksidanata, od kojih su neki potpuno ekskluzivni i mo\u017ee ih se prona\u0107i samo u rooibosu. Obzirom da je \u010daj bez kofeina [&hellip;]<\/p>\n","protected":false},"author":1,"featured_media":40037,"parent":29483,"menu_order":0,"comment_status":"closed","ping_status":"closed","template":"","meta":{"footnotes":"","_links_to":"","_links_to_target":""},"class_list":["post-29327","page","type-page","status-publish","has-post-thumbnail","hentry"],"_links":{"self":[{"href":"https:\/\/covermagazin.com\/index.php?rest_route=\/wp\/v2\/pages\/29327","targetHints":{"allow":["GET"]}}],"collection":[{"href":"https:\/\/covermagazin.com\/index.php?rest_route=\/wp\/v2\/pages"}],"about":[{"href":"https:\/\/covermagazin.com\/index.php?rest_route=\/wp\/v2\/types\/page"}],"author":[{"embeddable":true,"href":"https:\/\/covermagazin.com\/index.php?rest_route=\/wp\/v2\/users\/1"}],"replies":[{"embeddable":true,"href":"https:\/\/covermagazin.com\/index.php?rest_route=%2Fwp%2Fv2%2Fcomments&post=29327"}],"version-history":[{"count":8,"href":"https:\/\/covermagazin.com\/index.php?rest_route=\/wp\/v2\/pages\/29327\/revisions"}],"predecessor-version":[{"id":72031,"href":"https:\/\/covermagazin.com\/index.php?rest_route=\/wp\/v2\/pages\/29327\/revisions\/72031"}],"up":[{"embeddable":true,"href":"https:\/\/covermagazin.com\/index.php?rest_route=\/wp\/v2\/pages\/29483"}],"wp:featuredmedia":[{"embeddable":true,"href":"https:\/\/covermagazin.com\/index.php?rest_route=\/wp\/v2\/media\/40037"}],"wp:attachment":[{"href":"https:\/\/covermagazin.com\/index.php?rest_route=%2Fwp%2Fv2%2Fmedia&parent=29327"}],"curies":[{"name":"wp","href":"https:\/\/api.w.org\/{rel}","templated":true}]}}