{"id":29322,"date":"2024-11-20T06:15:22","date_gmt":"2024-11-20T04:15:22","guid":{"rendered":"https:\/\/covermagazin.com\/?page_id=29322"},"modified":"2024-11-28T16:08:41","modified_gmt":"2024-11-28T14:08:41","slug":"preslica-caj-od-preslice","status":"publish","type":"page","link":"https:\/\/covermagazin.com\/?page_id=29322","title":{"rendered":"Preslica i \u010daj od PRESLICE, koristi, nuspojave i koliko \u010daja piti"},"content":{"rendered":"\n<p><a href=\"https:\/\/covermagazin.com\/?attachment_id=40033\" rel=\"attachment wp-att-40033\"><img loading=\"lazy\" decoding=\"async\" class=\"alignnone size-full wp-image-40033\" src=\"https:\/\/covermagazin.com\/wp-content\/uploads\/2020\/06\/Preslica-\u010caj-od-preslice.jpg\" alt=\"\" width=\"600\" height=\"400\" srcset=\"https:\/\/covermagazin.com\/wp-content\/uploads\/2020\/06\/Preslica-\u010caj-od-preslice.jpg 600w, https:\/\/covermagazin.com\/wp-content\/uploads\/2020\/06\/Preslica-\u010caj-od-preslice-300x200.jpg 300w, https:\/\/covermagazin.com\/wp-content\/uploads\/2020\/06\/Preslica-\u010caj-od-preslice-576x384.jpg 576w\" sizes=\"auto, (max-width: 600px) 100vw, 600px\" \/><\/a><\/p>\n\n\n\n<h2 class=\"wp-block-heading\">Preslica i \u010daj od PRESLICE, koristi, nuspojave i koliko \u010daja piti<\/h2>\n\n\n\n<p>Preslica (lat.Equisetum arvense) sadr\u017ei spektar minerala koji mo\u017ee djelovati na zdravlje kostiju. Isto tako ona djeluje i na kosu i nokte te se \u010desto i preporu\u010duje za kori\u0161tenje u slu\u010daju lomljivih noktiju, opadanja kose, lomljive kose, te osteoporoze. <\/p>\n\n\n\n<p>Preslica se mo\u017ee prona\u0107i kao \u010daj od preslice, ali i u mje\u0161avinama \u010daja, kao i u tinkturama.<\/p>\n\n\n\n<h3 class=\"wp-block-heading\">\u010caj od preslice<\/h3>\n\n\n\n<p>\u010caj od preslice ima brojna djelovanja na zdravlje. Preslica svojim djelovanjem poma\u017ee obnavljanju krvi pa je dobro piti \u010daj od preslice kod svih oblika krvarenja.<\/p>\n\n\n\n<p>U kombinaciji, ako se pije \u010daj od preslice i njime ispire kosa zaustavlja <a href=\"https:\/\/prirodnilijek.covermagazin.com\/?p=398\">ispadanje kose<\/a>. Ispiranje svje\u017eim \u010dajem od preslice pospje\u0161it \u0107e i zacjeljivanje rana.<\/p>\n\n\n\n<p>Poma\u017ee kod ve\u0107ine bubre\u017enih tegoba, pa je \u010daj od preslice korisno piti kod upaljenih bubrega, kada je onemogu\u0107eno mokrenje, kod kamenaca i kod pojave bjelan\u010devina u mokra\u0107i.<\/p>\n\n\n\n<p>Prema nekim tvrdnjama \u010daj od preslice mo\u017ee pomladiti ko\u017eu, te pomo\u0107i u borbi protiv bora.<\/p>\n\n\n\n<p><strong>Ipak kod upotrebe \u010daja od preslice potreban je oprez, budu\u0107i da je prejaka ne smije se piti u ve\u0107im koli\u010dinama, ni koncentracijama.<\/strong><\/p>\n\n\n\n<h3 class=\"wp-block-heading\">Zdravstvene koristi \u010daja od preslice<\/h3>\n\n\n\n<p>Preslica mo\u017ee pomo\u0107i kod: <\/p>\n\n\n\n<ul class=\"wp-block-list\">\n<li>obilne menstruacije<\/li>\n\n\n\n<li>krvarenja<\/li>\n\n\n\n<li>pro\u010di\u0161\u0107avanje krvi<\/li>\n\n\n\n<li>poti\u010de cirkulaciju krvi<\/li>\n\n\n\n<li>gihta<\/li>\n\n\n\n<li>za ja\u010de kosti<\/li>\n\n\n\n<li>kamenaca u bubrezima<\/li>\n\n\n\n<li>infekcija mokra\u0107nog sustava<\/li>\n\n\n\n<li>za ja\u010de nokte<\/li>\n\n\n\n<li>protiv opadanja kose<\/li>\n<\/ul>\n\n\n\n<h3 class=\"wp-block-heading\">Preslica kod lomljivih noktiju<\/h3>\n\n\n\n<p>Sadr\u017eaj silicijevog oksida u preslici mo\u017ee pomo\u0107i u ja\u010danju lomljivih noktiju Mo\u017ee se za ovu svrhu konzumirati kao \u010daj, ali i izvana.<\/p>\n\n\n\n<h3 class=\"wp-block-heading\">Preslica protiv opadanja kose te za zdraviju i ljep\u0161u kosu<\/h3>\n\n\n\n<p>Preslica sadr\u017ei ve\u0107e koli\u010dine silicija koji poma\u017ee u sintezi kolagena koji mo\u017ee pomo\u0107i rastu kose.<\/p>\n\n\n\n<ul class=\"wp-block-list\">\n<li>Preslica mo\u017ee pomo\u0107i kod rasta kose<br>Preslica mo\u017ee doprinijeti boljem rastu kose, te se za ovu svrhu uglavnom koristi u vanjskoj primjeni kao dodatak proizvodima ili se \u010daj od preslice koristi za ispiranje kose. Na rast kose s jedne strane djeluje silicij, dok s druge strane smatra se da selen iz preslice tako\u0111er poti\u010de rast kose.<\/li>\n\n\n\n<li>Mo\u017ee sprije\u010di lomljivost kose<br>Silicij koji sadr\u017ei preslica mo\u017ee utjecati na kvalitetu kose.<\/li>\n\n\n\n<li>Mo\u017ee usporiti i djelovati na opadanje kose<\/li>\n<\/ul>\n\n\n\n<p>\u010caj od preslice se mo\u017ee koristiti za ispiranje kose bilo da se nakon \u0161amponiranja kosa ispire \u010dajem od preslice ili da se \u010daj doda u u \u0161ampon.<\/p>\n\n\n\n<p>Preslica se mo\u017ee dodavati u \u0161ampon, najbolje bi bilo koristiti neki blagi \u0161ampon, te u njega dodati \u010daj pripremljeni ohla\u0111eni i procije\u0111eni \u010daj od preslice.<\/p>\n\n\n\n<p>S druge strane preslica se mo\u017ee koristiti za ispiranje kose, kada se nakon \u0161amponiranja ili nakon regeneratora i ispiranja kose, dodatno kosa ispere \u0161amponom od preslice.<\/p>\n\n\n\n<h3 class=\"wp-block-heading\">\u010caj od preslice nuspojave, kontraindikacije <\/h3>\n\n\n\n<p>Preslica sadr\u017ei enzim koji razgra\u0111uje vitamin B1 te du\u017ee konzumiranje ovog \u010daja mo\u017ee dovesti do nedostatka vitamina B1. To je jedan od razloga za\u0161to bi preslicu trebalo konzumirati povremeno.<\/p>\n\n\n\n<p>Preslica se ne preporu\u010duju za dugotrajno konzumiranje, a nuspojave vezane uz kra\u0107e konzumiranje su uglavnom blage i rijetke, a uklju\u010duju nelagodu u \u017eelucu, poja\u010dano mokrenje, proljev, zbunjenost&#8230;<\/p>\n\n\n\n<p>Mogu\u0107e su i alergijske reakcije na preslicu, te i na to treba obratiti pa\u017enju.<\/p>\n\n\n\n<p>\u010caj od preslice ne bi trebalo kombinirati s lijekovima za visok krvni tlak kao ni s diureticima.<\/p>\n\n\n\n<p>\u010caj od preslice nije preporu\u010dljivo uzimati tijekom trudno\u0107e i dojenja.<\/p>\n\n\n\n<h3 class=\"wp-block-heading\">Koliko dugo piti \u010daj od preslice i koliko \u010daja od preslice dnevno?<\/h3>\n\n\n\n<p>\u010caj preslice se mo\u017ee uzimati do tri \u0161alice dnevno.<\/p>\n\n\n\n<p>Za ja\u010di u\u010dinak \u010daj se pije mjesec dana.<\/p>\n\n\n\n<p>Voditi ra\u010duna o nuspojavama, te ukoliko se pojave prestati uzimati \u010daj.<\/p>\n\n\n\n<h3 class=\"wp-block-heading\">Priprema \u010daja od preslice<\/h3>\n\n\n\n<p>Priprema: Ukoliko na uputama na pakiranju nije druga\u010dije nazna\u010deno, \u010dajnu \u017elicu biljke ili filtar vre\u0107icu prelijte s 0,2 l vrele vode. Poklopite i pustite da odstoji 5 do 10 minuta. Procijedite i pijte svje\u017ee pripremljeni \u010daj.<\/p>\n\n\n\n<p>Za su\u0161enje preslice se koriste zeleni mladi izdanci preslice. Oni se uglavnom beru od svibnja do kolovoza. Ako se samostalno beru bilo bi dobro prona\u0107i preslicu koja je udaljena od one\u010di\u0161\u0107enim mjesta te nije prskana. Preslica se bere, re\u017ee i su\u0161i na zraku.<\/p>\n\n\n\n<h4 class=\"wp-block-heading\">\u010caj od preslice<\/h4>\n\n\n\n<p>Preslica je poznata po svojim diureti\u010dkim svojstvima, te svojim djelovanjem na kosu i ko\u017eu. Posebno se koristi protiv ispadanja kose, kako kao \u010daj koji se pije tako i za ispiranje kose. \u010caj od preslice koristi se zbog svog diureti\u010dkog u\u010dinka za ispiranje bakterija, odnosno kod infekcija bubrega, mokra\u0107nih puteva te protiv bubre\u017enih kamenaca.<\/p>\n\n\n\n<p><strong>Vezano:<\/strong><\/p>\n\n\n\n<figure class=\"wp-block-embed is-type-wp-embed is-provider-cover-magazin-com wp-block-embed-cover-magazin-com\"><div class=\"wp-block-embed__wrapper\">\n<blockquote class=\"wp-embedded-content\" data-secret=\"vF5A1nWAoR\"><a href=\"https:\/\/covermagazin.com\/?page_id=29483\">\u010cajevi<\/a><\/blockquote><iframe loading=\"lazy\" class=\"wp-embedded-content\" sandbox=\"allow-scripts\" security=\"restricted\" style=\"position: absolute; visibility: hidden;\" title=\"&#8220;\u010cajevi&#8221; &#8212; COVER magazin.com\" src=\"https:\/\/covermagazin.com\/?page_id=29483&#038;embed=true#?secret=WwhU7NOSxN#?secret=vF5A1nWAoR\" data-secret=\"vF5A1nWAoR\" width=\"500\" height=\"282\" frameborder=\"0\" marginwidth=\"0\" marginheight=\"0\" scrolling=\"no\"><\/iframe>\n<\/div><\/figure>\n","protected":false},"excerpt":{"rendered":"<p>Preslica i \u010daj od PRESLICE, koristi, nuspojave i koliko \u010daja piti Preslica (lat.Equisetum arvense) sadr\u017ei spektar minerala koji mo\u017ee djelovati na zdravlje kostiju. Isto tako ona djeluje i na kosu i nokte te se \u010desto i preporu\u010duje za kori\u0161tenje u slu\u010daju lomljivih noktiju, opadanja kose, lomljive kose, te osteoporoze. Preslica se mo\u017ee prona\u0107i kao \u010daj [&hellip;]<\/p>\n","protected":false},"author":1,"featured_media":40033,"parent":29483,"menu_order":0,"comment_status":"closed","ping_status":"closed","template":"","meta":{"footnotes":"","_links_to":"","_links_to_target":""},"class_list":["post-29322","page","type-page","status-publish","has-post-thumbnail","hentry"],"_links":{"self":[{"href":"https:\/\/covermagazin.com\/index.php?rest_route=\/wp\/v2\/pages\/29322","targetHints":{"allow":["GET"]}}],"collection":[{"href":"https:\/\/covermagazin.com\/index.php?rest_route=\/wp\/v2\/pages"}],"about":[{"href":"https:\/\/covermagazin.com\/index.php?rest_route=\/wp\/v2\/types\/page"}],"author":[{"embeddable":true,"href":"https:\/\/covermagazin.com\/index.php?rest_route=\/wp\/v2\/users\/1"}],"replies":[{"embeddable":true,"href":"https:\/\/covermagazin.com\/index.php?rest_route=%2Fwp%2Fv2%2Fcomments&post=29322"}],"version-history":[{"count":9,"href":"https:\/\/covermagazin.com\/index.php?rest_route=\/wp\/v2\/pages\/29322\/revisions"}],"predecessor-version":[{"id":72028,"href":"https:\/\/covermagazin.com\/index.php?rest_route=\/wp\/v2\/pages\/29322\/revisions\/72028"}],"up":[{"embeddable":true,"href":"https:\/\/covermagazin.com\/index.php?rest_route=\/wp\/v2\/pages\/29483"}],"wp:featuredmedia":[{"embeddable":true,"href":"https:\/\/covermagazin.com\/index.php?rest_route=\/wp\/v2\/media\/40033"}],"wp:attachment":[{"href":"https:\/\/covermagazin.com\/index.php?rest_route=%2Fwp%2Fv2%2Fmedia&parent=29322"}],"curies":[{"name":"wp","href":"https:\/\/api.w.org\/{rel}","templated":true}]}}