{"id":29316,"date":"2024-11-20T06:05:32","date_gmt":"2024-11-20T04:05:32","guid":{"rendered":"https:\/\/covermagazin.com\/?page_id=29316"},"modified":"2024-11-28T16:03:29","modified_gmt":"2024-11-28T14:03:29","slug":"menta-metvica-caj-od-mente","status":"publish","type":"page","link":"https:\/\/covermagazin.com\/?page_id=29316","title":{"rendered":"Menta (metvica) i \u010daj od MENTE, dobrobiti, nuspojave i koliko \u010daja piti"},"content":{"rendered":"\n<p><a href=\"https:\/\/covermagazin.com\/wp-content\/uploads\/2020\/06\/Menta-metvica-\u010caj-od-mente.jpg\" rel=\"attachment wp-att-40027\"><img loading=\"lazy\" decoding=\"async\" class=\"alignnone wp-image-40027 size-full\" src=\"https:\/\/covermagazin.com\/wp-content\/uploads\/2020\/06\/Menta-metvica-\u010caj-od-mente.jpg\" alt=\"\" width=\"600\" height=\"399\" srcset=\"https:\/\/covermagazin.com\/wp-content\/uploads\/2020\/06\/Menta-metvica-\u010caj-od-mente.jpg 600w, https:\/\/covermagazin.com\/wp-content\/uploads\/2020\/06\/Menta-metvica-\u010caj-od-mente-300x200.jpg 300w, https:\/\/covermagazin.com\/wp-content\/uploads\/2020\/06\/Menta-metvica-\u010caj-od-mente-576x384.jpg 576w\" sizes=\"auto, (max-width: 600px) 100vw, 600px\" \/><\/a><\/p>\n\n\n\n<h2 class=\"wp-block-heading\">Menta (metvica) i \u010daj od mente, dobrobiti, nuspojave i koliko \u010daja piti<\/h2>\n\n\n\n<p>\u010caj od mente je \u010daj koji ima svako doma\u0107instvo. Naj\u010de\u0161\u0107e zbog ugodnog okusa i mirisa. No, sigurno niste ni pretpostavljali koliku dobrobit imate od njega.<\/p>\n\n\n\n<p>Ukratko re\u010deno, gotovo da nema bolesti koju menta ne lije\u010di. Ipak, prilikom kupovine \u010daja, obratite pa\u017enju na sastav. <\/p>\n\n\n\n<p>Najbolje bi bilo kupovati \u010daj od organski ili prirodno uzgojene metvice ili ukoliko to niste u mogu\u0107nosti, bar kupite onaj bez aroma, mirisa i drugih dodatka. Odnosno onaj na kojem pi\u0161e sastav 100% metvica (menta, metvica, nana \u2013 sve su to nazivi za istu biljku).<\/p>\n\n\n\n<p>Osim u obliku \u010daja metvicu mo\u017eete prona\u0107i u obliku kapsule, tinkture, eteri\u010dnog ulja i dra\u017eeja za cupljenje. Djelovanje je isto ili sli\u010dno.<\/p>\n\n\n\n<h3 class=\"wp-block-heading\">\u010caj od metvice ljekovitost<\/h3>\n\n\n\n<p>Metvica je od davnina kori\u0161tena za<strong> lije\u010denje prehlada<\/strong> i u tome je vrlo uspje\u0161na, no navest \u0107emo neka manje poznata djelovanja.<\/p>\n\n\n\n<p>Pet kapi eteri\u010dnog ulja metvice nakapano na kocki \u0161e\u0107era, nekom adekvatnom bombonu ili keksu djeluje protiv <strong>vrtoglavice, migrene, glavobolje i mu\u010dnine<\/strong>.<\/p>\n\n\n\n<p>\u010caj od mente ima antibakterijska svojstva te prtuupalna zahvaljuju\u0107i \u010demu mo\u017ee pomo\u0107i i kod upale <strong>sinusa, prehlade i alergija<\/strong>.<\/p>\n\n\n\n<p>\u010caj od mente mo\u017ee pomo\u0107i i u borbi protiv infekcija.<\/p>\n\n\n\n<p>Oblozi od metvice umiruju osipe i crvene o\u010di.<\/p>\n\n\n\n<p>\u010caj od mente<strong> osvje\u017eava dah<\/strong>, te nije ni \u010dudno da mnoge paste za zube, bombone ili \u017evaka\u0107e gume za osvje\u017eavanje daha imaju ovaj sastojak. \u010caj od mente poma\u017ee i zdravlju usne \u0161upljine, te i na taj na\u010din poma\u017ee i daje svje\u017eiji zadah.<\/p>\n\n\n\n<p>\u010caj od mente tako\u0111er mo\u017ee <strong>popraviti va\u0161u razinu energije<\/strong> te je djelotvoran kod <strong>popodnevnog umora<\/strong> kao i kod dnevne pospanosti. Tako\u0111er, \u010daj od mente mo\u017ee popraviti koncentraciju i pam\u0107enje.<\/p>\n\n\n\n<p>\u010caj od mente djeluje <strong>umiruju\u0107e te opu\u0161taju\u0107e i mo\u017ee smanjiti stres. <\/strong><\/p>\n\n\n\n<p>\u010caj od mente mo\u017ee pomo\u0107i da se br\u017ee zaspi i bolje spava. \u010caj od mente ima opu\u0161taju\u0107a svojstva, te doprinosi opu\u0161tanju mi\u0161i\u0107a. Upravo zbog toga je dobar izbor prije spavanja.<\/p>\n\n\n\n<p>Metvicom \u0107ete otkloniti nadra\u017eenost \u017eeluca, sve <strong>probavne tegobe<\/strong>, vjetrove i nadutost. \u010caj od mente \u010desto se koristi kod probavnih smetnji budu\u0107i da umiruje stomak te pobolj\u0161ava probavu. No, ukoliko imate problema s refluksom, budite oprezni s \u010dajem od mente, odnosno konzumirajte ga u manjim koli\u010dinama.<\/p>\n\n\n\n<p>\u010caj od mente mo\u017ee pomo\u0107i boljoj koncentraciji i pam\u0107enju.<\/p>\n\n\n\n<h3 class=\"wp-block-heading\">\u010caj od mente za umirenje i \u017eivce<\/h3>\n\n\n\n<p>\u010caj od mente<strong> djeluje umiruju\u0107e i ja\u010da \u017eivce<\/strong>. Ako se kombinira s ru\u017emarinom i mati\u010dnjakom poja\u010dava psihi\u010dku otpornost i lije\u010di emotivnu nestabilnost. (\u010caj pripremate tako da pomije\u0161ate istu koli\u010dinu te tri biljke, te jednu \u017eli\u010dicu mje\u0161avine zalijete \u0161alicom vrele vode. Pustite da odstoji 10 minuta. Pijte dnevno tri \u0161alice, najbolje prije glavnih obroka).<\/p>\n\n\n\n<p>\u010caj od mente mo\u017ee pomo\u0107i protiv stresa, tjeskobe, anksioznosti, umora i \u017eiv\u010dane iscrpljenosti.<\/p>\n\n\n\n<h3 class=\"wp-block-heading\">\u010caj od mente za spavanje<\/h3>\n\n\n\n<p>\u010caj od mente mo\u017ee pomo\u0107i smanjiti stres, smiriti probavu \u0161to sve skupa doprinosi boljem snu. \u010caj od mente se u nekim kulturama tradicionalno koristi protiv nesanice. \u010caj od mente sadr\u017ei mentol koji ima opu\u0161taju\u0107e djelovanje na organizam.<\/p>\n\n\n\n<p>Topli \u010daj od mente prije spavanja mo\u017ee pomo\u0107i boljem snu.<\/p>\n\n\n\n<h3 class=\"wp-block-heading\">\u010caj od mente protiv glavobolje i migrene<\/h3>\n\n\n\n<p>\u010caj od mente mo\u017ee pomo\u0107i kod glavobolje i migrene, posebno kod tenzijske glavobolje. Menta djeluje na opu\u0161tanje, smanjuje stres, ali ima i analgetsko djelovanje, te anesteti\u010dko.<\/p>\n\n\n\n<p>Prednost \u010daja od mente je \u0161to djeluje opu\u0161taju\u0107e, ali i ima djelovanje kojim mo\u017ee smanjiti bolove. <\/p>\n\n\n\n<h3 class=\"wp-block-heading\">Menta \u010daj i probava<\/h3>\n\n\n\n<p>\u010caj od mente mo\u017ee pomo\u0107i kod raznih probavnih smetnji, poput mu\u010dnina i povra\u0107anja, plinova, nadutosti, proljeva&#8230;<\/p>\n\n\n\n<p>\u010caj od mente mo\u017ee pomo\u0107i regulirati i pobolj\u0161ati probavu. Koristi se kod bolova u \u017eelucu, djeluje kao antispazmodik i antiemetik. \u010caj od mente mo\u017ee pomo\u0107i i kod prejedanja.<\/p>\n\n\n\n<p>Menta sadr\u017ei spojeve koji poma\u017eu u opu\u0161tanju mi\u0161i\u0107a probavnog trakta \u0161to je jedan od na\u010dina ubla\u017eavanja probavnih smetnji.<\/p>\n\n\n\n<h3 class=\"wp-block-heading\">\u010caj od mente kod respiratornih problema<\/h3>\n\n\n\n<p>\u010caj do mente svojim dekongestivnim svojstvima koja ima zahvaljuju\u0107i mentolu mo\u017ee pomo\u0107i kod za\u010depljenog nosa. Tako\u0111er, mo\u017ee pomo\u0107i kod prehlade i gripe, jer njegova antivirusna svojstva olak\u0161avaju respiratorne probleme. \u010caj od mente djeluje i na ka\u0161alj. <\/p>\n\n\n\n<h3 class=\"wp-block-heading\">\u010caj od mente za mr\u0161avljenje<\/h3>\n\n\n\n<p>\u010caj od mente mo\u017ee biti pomo\u0107 prilikom <strong>mr\u0161avljenja<\/strong>. \u010caj od mente je mnogima ugodnog okusa te mo\u017ee zamijeniti kalori\u010dne sokove i napitke ukoliko \u017eelite smr\u0161avjeti. Osim \u0161to sadr\u017ei malo kalorija, \u010daj od mente povoljno djeluje na probavu, te mo\u017ee djelovati na smanjivanje apetita.<\/p>\n\n\n\n<p>\u010cajevi se trebaju koristiti kao dopuna zdravoj prehrani te dijetama za mr\u0161avljenje, pa tako i \u010daj od mente. On samostalno te\u0161ko mo\u017ee donijeti gubitak tjelesne te\u017eine, ali u kombinaciji sa zdravom i uravnote\u017eenom prehrano, te tjelovje\u017ebom, mo\u017ee doprinijeti br\u017eem mr\u0161avljenju. <\/p>\n\n\n\n<p>\u010caj do mente se mo\u017ee za mr\u0161avljenje kombinirati i s drugim \u010dajevima, uglavnom se radi o sastojcima koji i samostalno poti\u010du mr\u0161avljenje, te imaju izra\u017eajnije djelovanje u sinergiji sa mentom. Neke od kombinacija su sljede\u0107e:<\/p>\n\n\n\n<h4 class=\"wp-block-heading\">\u010caj od mente i \u0111umbira za mr\u0161avljenje<\/h4>\n\n\n\n<p>I \u010daj od mente i \u010daj od \u0111umbira djeluju na mr\u0161avljenje, pa tako i u kombinaciji. \u010caj se priprema tako da se par komadi\u0107a korijena \u0111umbira kuha dvije to tri minute, te se potom prelije vre\u0107ica \u010daja od mente. Ostaviti 5 minuta, potom procijediti. Vi\u0161e o \u010daju od \u0111umbira: <a href=\"https:\/\/covermagazin.com\/?p=59575\">\u010caj od \u0110UMBIRA, dobrobiti, nuspojave, koliko \u010daja piti i kako ga pripremiti<\/a><\/p>\n\n\n\n<h4 class=\"wp-block-heading\">\u010caj od mente i limuna za mr\u0161avljenje<\/h4>\n\n\n\n<p>U \u010daj pripremljen \u010daj od mente dodati iscije\u0111eni limun. Priprema \u010daja je jednostavna, skoro ista kao priprema obi\u010dnog \u010daja od mente, samo \u0161to se na kraju dodaje iscije\u0111eni limun. Limun je bogat vitaminima, posebno vitaminom C, te se koristi u raznim kombinacijama napitaka za mr\u0161avljenje.<\/p>\n\n\n\n<h4 class=\"wp-block-heading\">\u010caj od mente i cimeta za mr\u0161avljenje<\/h4>\n\n\n\n<p>Ovisno o tome da li imate cimet u prahu ili u \u0161tapi\u0107u razlikuje se priprema. Kada se radi o cimetu u prahu, on se mo\u017ee dodati u pripremljen \u010daj od mente.<\/p>\n\n\n\n<p>Cimet u \u0161tapi\u0107u se stavi kuhati, te kada kuha dvije tri minute preliti s tom vodom i cimetom vre\u0107icu \u010daja od mente. Ostaviti da odstoji 5 minuta, potom procijediti ili izvaditi vre\u0107icu \u010daja i \u0161tapi\u0107 cimeta.<\/p>\n\n\n\n<h4 class=\"wp-block-heading\">\u010caj od mente i crnog papra<\/h4>\n\n\n\n<p>Vrelom vodom preliti vre\u0107icu \u010daja od mente i dva tri zrna papra. Ostaviti 5 minuta, procijediti i \u010daj je spreman za konzumiranje.<\/p>\n\n\n\n<h4 class=\"wp-block-heading\">Menta i zeleni \u010daj<\/h4>\n\n\n\n<p>I \u010daj od mente i zelenog \u010daja imaju brojne prednosti, a \u010desto se mogu prona\u0107i u kombinaciji. Tako\u0111er ovaj \u010daj mo\u017eete sami kombinirati.<\/p>\n\n\n\n<p>Zeleni \u010daj s mentom ima razli\u010dita djelovanja a neka od naj\u010de\u0161\u0107e spominjanih je protiv ka\u0161lja, prehlade i gripe. Tako\u0111er, ova kombinacija \u010dajeva je dobra i za mr\u0161avljenje. Vi\u0161e o zelenom \u010daju: <a href=\"https:\/\/covermagazin.com\/?page_id=29351\">ZELENI \u010daj, ljekovitost, nuspojave i koliko \u010daja piti<\/a><\/p>\n\n\n\n<h3 class=\"wp-block-heading\">Priprema \u010daja od metvice &#8211; kako napraviti \u010daj od mente<\/h3>\n\n\n\n<p>\u010caj od mente se mo\u017ee raditi od svje\u017ee i su\u0161ene mente, koja mo\u017ee biti u vre\u0107icama ili u rinfuzi.<\/p>\n\n\n\n<p>Ukoliko na uputama na pakiranju nije druga\u010dije nazna\u010deno, \u010dajnu \u017elicu biljke ili filtar vre\u0107icu prelijte s 0,2 l vrele vode. Poklopite i pustite da odstoji 5 do 10 minuta. Procijedite i pijte svje\u017ee pripremljeni \u010daj.<\/p>\n\n\n\n<p>Kada se priprema \u010daj od mente u rinfuzi, tada se jedna \u017eli\u010dica \u010daja od mente prelije s 200 ml vode. Poklopiti i ostaviti 10 minuta. Potom procijediti i \u010daj je spreman za konzumiranje.<\/p>\n\n\n\n<p>\u010caj od mente je aromati\u010dan i intenzivnog okusa, te se mo\u017ee konzumirati bez ikakvih dodataka. No, u \u010daj od mente se mo\u017ee dodati iscije\u0111eni limun ili med. <\/p>\n\n\n\n<p>Uz to \u010daj od mente se mo\u017ee kombinirati s drugim \u010dajevima ovisno o namjeni, te se dobro sla\u017ee s \u0111umbirom, mati\u010dnjakom, kamilicom, ali i brojnim drugim \u010dajevima. <\/p>\n\n\n\n<h3 class=\"wp-block-heading\">Nuspojave \u010daja od mente<\/h3>\n\n\n\n<p>\u010caj od mente nema previ\u0161e istaknutih nuspojava. Kada se govori o menti i iritacijama ko\u017ee, uglavnom je rije\u010d o nano\u0161enju \u010distog eteri\u010dnog ulja na ko\u017eu, koje bi trebalo prije nano\u0161enja pomije\u0161ati s nekim drugim uljem, pa tek onda primjenjivati.<\/p>\n\n\n\n<p>Ipak, potreban je oprez ako je namjeravate sami brati negdje u prirodi, jer neke vrste metvice (paprena metvica) mogu kod nepravilne uporabe biti vrlo \u0161tetne. Tako\u0111er, oprez je potreban i prilikom kori\u0161tenja kupovne, nikad ne pretjerujte s koli\u010dinom i ne prekora\u010dujte navedene doze.<\/p>\n\n\n\n<p>Osobe koje su sklone alergijama trebaju biti oprezne pri konzumaciji i ovog \u010daja, a posebno osobe koje su alergi\u010dne na mentol bi trebale izbjegavati \u010daj od mente. <\/p>\n\n\n\n<h3 class=\"wp-block-heading\">Koliko \u010daja od mente dnevno piti?<\/h3>\n\n\n\n<p>\u010caj od mente nema puno nuspojava, ima brojne prednosti, no, to ne zna\u010di da treba pretjerivati. Iako nema nekih definiranih preporuka koliko \u010daja od mente dnevno piti, dvije do tri \u0161alice su dovoljne te ih ne bi trebalo prekora\u010divati. Vi\u0161e od toga se pije po preporuci stru\u010dnjaka.  <\/p>\n\n\n\n<h3 class=\"wp-block-heading\">\u0160to znanost i istra\u017eivanja ka\u017eu o menta \u010daju?<\/h3>\n\n\n\n<p>\u010caj od mente se tradicionalno koristio za razli\u010dite svrhe, no, s obzirom na njegovu popularnost u tradicionalnoj medicini i prirodnom lije\u010denju, menta i \u010daj od mente su predmet i znanstvenih istra\u017eivanja koja su pratila zna\u010dajke mente u tradicionalnoj medicini te poku\u0161ala dati odgovor \u0161to ima znanstveno utemeljene elemente. Neka od istra\u017eivanja i podru\u010dja istra\u017eivanja su:<\/p>\n\n\n\n<ul class=\"wp-block-list\">\n<li>\u010caj od mente mo\u017ee pomo\u0107i kod probavnih smetnji te kod nadutosti \u010dak i kod djece &#8211; istra\u017eivanje &#8220;<em>Herbal Medicines for Gastrointestinal Disorders in Children and Adolescents: A Systematic Review&#8221;<\/em><\/li>\n\n\n\n<li> \u010caj od mente mo\u017ee pomo\u0107i kod glavobolja i migrene. Menta poma\u017ee opu\u0161tanju mi\u0161i\u0107a te smanjivanju bolova &#8211; &#8220;<em>A review of the bioactivity and potential health benefits of peppermint tea (Mentha piperita L.)&#8221;<\/em><\/li>\n\n\n\n<li>Sli\u010dno djelovanje ima i eteri\u010dno ulje pomije\u0161ano sa nekim baznim uljem, ukoliko se s njima masira \u010delo &#8211; &#8220;<em>Cutaneous application of menthol 10% solution as an abortive treatment of migraine without aura: a randomised, double-blind, placebo-controlled, crossed-over study<\/em>&#8220;<\/li>\n\n\n\n<li>Menta poma\u017ee kod neugodnog zadaha. Uobi\u010dajeno mnoge paste za zube imaju dodatak mente. Osim mirisa ona ima antibakterijska svojstva te i na taj na\u010din poma\u017ee rje\u0161avanju zadaha ih usta &#8211; &#8220;<em>Essential oils, their therapeutic properties, and implication in dentistry: A review<\/em>&#8220;<\/li>\n\n\n\n<li>Menta poma\u017ee kod za\u010depljenih sinusa. Vjerojatno ste primijetili da mnogi proizvodi za pro\u010di\u0161\u0107avanje sinusa i za inhalaciju sadr\u017ee mentu &#8211; <em>&#8220;The treatment of respiratory ailments with essential oils of some aromatic medicinal plants<\/em>&#8220;<\/li>\n\n\n\n<li>Menta svojim antibakterijskim svojstvima mo\u017ee pomo\u0107i u borbi protiv mnogih infekcija &#8211; <em>&#8220;A review of the bioactivity and potential health benefits of peppermint tea (Mentha piperita L.)<\/em>&#8220;<\/li>\n\n\n\n<li>Menta mo\u017ee pomo\u0107i da bolje spavate. Opu\u0161taju\u0107a svojstva kako na mi\u0161i\u0107e tako i na cijelo tijelo doprinosi boljem snu &#8211; <em>&#8220;A review of the bioactivity and potential health benefits of peppermint tea (Mentha piperita L.)&#8221;<\/em><\/li>\n<\/ul>\n\n\n\n<p>Upravo ovo su i neka od naj\u010de\u0161\u0107ih podru\u010dja primjene \u010daja od mente i za \u0161to se \u010daj od mente naj\u010de\u0161\u0107e koristi. <\/p>\n\n\n\n<h3 class=\"wp-block-heading\">Kako jo\u0161 koristiti mentu?<\/h3>\n\n\n\n<p>Menta spada me\u0111u najrasprostranjenije aromati\u010dne biljke. Menta brzo raste, cvjetovi mogu biti bijeli, ali i ljubi\u010dasti, sadr\u017ei vitamine A, C, minerale, omega-3 masne kiseline&#8230; <\/p>\n\n\n\n<p>Kako koristiti mentu osim u \u010daju? Menta se osim za \u010daj koristi i u raznim receptima kao dodatak jelima, kako slanim tako i slatkim. Ona receptima daje notu svje\u017eine, a popularan je i sladoled od mente, kao i razna pi\u0107a s okusom mente, te vode s okusom mente.<\/p>\n\n\n\n<p>Menta se dobro sla\u017ee s povr\u0107em, a posebno u receptima gdje se dodaje \u010de\u0161njak, luk ili ocat. Menta se sla\u017ee i s paprikom, patlid\u017eanom&#8230; Menta mo\u017ee biti dobar dodatak raznim salatama, posebno mje\u0161avinama salate, a sla\u017ee se sa zelenom salatom, krastavcima, raj\u010dicom&#8230; Menta se mo\u017ee dodati i u vo\u0107ne salate, posebno one s jagodama.<\/p>\n\n\n\n<p>Menta se sla\u017ee i pe\u010denim mesom, jajima, mo\u017ee se dodati u omlete i kajgane, sla\u017ee se i sa \u0161parogama.<\/p>\n\n\n\n<p>Menta je \u010desta i u desertima i kola\u010dima, osim sladoleda popularne su i kreme za kola\u010d s okusom mente, kao i kombinacija \u010dokolade i mente. Menta se mo\u017ee dodati i prilikom pripreme doma\u0107ih d\u017eemova i marmelada. Tako\u0111er odli\u010dan je dodatak smoothijima. <\/p>\n\n\n\n<p>Posebno u ljetnim mjesecima voda s okusom mente mo\u017ee biti odli\u010dno osvje\u017eenje. Priprema je jednostavna, a voda aromati\u010dna. Dovoljno je nekoliko listova mente ubaciti u vodu, te ostaviti par sati da odstoji. Nakon toga voda s mentom je spremna za konzumaciju.<\/p>\n\n\n\n<h3 class=\"wp-block-heading\">Kako \u010duvati mentu?<\/h3>\n\n\n\n<p>\u010caj od su\u0161ene mente se mo\u017ee \u010duvati u hermeti\u010dki zatvorenoj posudi prema roku trajanja nazna\u010denom na pakiranju. On \u0107e ovisiti o na\u010dinu proizvodnje, ali i kada je menta proizvedena, te koliko je skladi\u0161tena prije kupovine.<\/p>\n\n\n\n<p>Menta se mo\u017ee zamrznuti na na\u010din da se dobro opere, te potom posu\u0161i. Spremiti je u vre\u0107icu, te istisnuti sav zrak iz vre\u0107ice. Spremiti u zamrziva\u010d.<\/p>\n\n\n\n<p>Svje\u017eu mentu je ne\u0161to te\u017ee \u010duvati te ima kra\u0107i rok trajanja. Menta se mo\u017ee zamrznuti, to je jedan od na\u010dina na koji \u0107e ona sa\u010duvati svoj okus svje\u017eine, ali i boju i teksturu. Mo\u017ee se zamrznuti u kockicama leda, nekoliko listova zajedno s vodom, te je ovakav na\u010din prikladan za dodavanje u koktele i osvje\u017eavaju\u0107e napitke poput ledenog \u010daja.<\/p>\n\n\n\n<p>Na ovaj na\u010din se mogu zamrznuti \u010ditavi i nasjeckani listovi mente. Ako je potrebna menta bez vode, tada je dovoljno ostaviti je na sobnoj temperaturi da se kocka leda otopi, te procijediti. Ostat \u0107e samo menta spremna za kori\u0161tenje.<\/p>\n\n\n\n<h3 class=\"wp-block-heading\">\u010caj od mente &#8211; sa\u017eetak<\/h3>\n\n\n\n<p>\u010caj od mente se koristi od davnina, a mo\u017ee pomo\u0107i kod razli\u010ditih tegoba. Menta raste \u0161irom svijeta, iako postoje neke varijacije, uglavnom ima sli\u010dna djelovanja. Menta ima antivirusno, anesteti\u010dko, te antisepti\u010dko djelovanje stoga nije ni \u010dudno da se \u010daj od mente koristi za \u0161irok spektar zdravstvenih problema. Jedno od glavnih podru\u010dja primjene je probavni sustav na koji \u010daj od mente djeluje umiruju\u0107e, mo\u017ee pomo\u0107i kod mu\u010dnine, nadutosti, te raznih drugih probavnih smetnji.<\/p>\n\n\n\n<p>\u010caj od mente mo\u017ee pomo\u0107i kod upala grla. \u010caj od mente djeluje opu\u0161taju\u0107e i umiruju\u0107e, te mo\u017ee pomo\u0107i kod anksioznosti, \u017eiv\u010dane napetosti, stresa, te doprinijeti boljem snu. \u010caj od mente smanjuje bolove te mo\u017ee pomo\u0107i kod migrene i glavobolje, te kod zubobolje. <\/p>\n\n\n\n<p><strong>Vezano:<\/strong><\/p>\n\n\n\n<figure class=\"wp-block-embed is-type-wp-embed is-provider-cover-magazin-com wp-block-embed-cover-magazin-com\"><div class=\"wp-block-embed__wrapper\">\n<blockquote class=\"wp-embedded-content\" data-secret=\"LPTBvIpsct\"><a href=\"https:\/\/covermagazin.com\/?p=18425\">Kako koristiti mentu (mint) protiv bolova i za psihi\u010dko zdravlje [ ZDRAVLJE ]<\/a><\/blockquote><iframe loading=\"lazy\" class=\"wp-embedded-content\" sandbox=\"allow-scripts\" security=\"restricted\" style=\"position: absolute; visibility: hidden;\" title=\"&#8220;Kako koristiti mentu (mint) protiv bolova i za psihi\u010dko zdravlje [ ZDRAVLJE ]&#8221; &#8212; COVER magazin.com\" src=\"https:\/\/covermagazin.com\/?p=18425&#038;embed=true#?secret=lfEYH8OqQo#?secret=LPTBvIpsct\" data-secret=\"LPTBvIpsct\" width=\"500\" height=\"282\" frameborder=\"0\" marginwidth=\"0\" marginheight=\"0\" scrolling=\"no\"><\/iframe>\n<\/div><\/figure>\n\n\n\n<figure class=\"wp-block-embed is-type-wp-embed is-provider-cover-magazin-com wp-block-embed-cover-magazin-com\"><div class=\"wp-block-embed__wrapper\">\n<blockquote class=\"wp-embedded-content\" data-secret=\"mk030219gu\"><a href=\"https:\/\/covermagazin.com\/?page_id=29483\">\u010cajevi<\/a><\/blockquote><iframe loading=\"lazy\" class=\"wp-embedded-content\" sandbox=\"allow-scripts\" security=\"restricted\" style=\"position: absolute; visibility: hidden;\" title=\"&#8220;\u010cajevi&#8221; &#8212; COVER magazin.com\" src=\"https:\/\/covermagazin.com\/?page_id=29483&#038;embed=true#?secret=tMtmiWsyLD#?secret=mk030219gu\" data-secret=\"mk030219gu\" width=\"500\" height=\"282\" frameborder=\"0\" marginwidth=\"0\" marginheight=\"0\" scrolling=\"no\"><\/iframe>\n<\/div><\/figure>\n\n\n\n<p><a href=\"https:\/\/covermagazin.com\/?p=2312\">\u010caj od mente ubla\u017eava bolove<\/a><\/p>\n\n\n\n<p><a href=\"https:\/\/covermagazin.com\/?p=16393\">\u010caj i miris mente za mr\u0161avljenje<\/a><\/p>\n","protected":false},"excerpt":{"rendered":"<p>Menta (metvica) i \u010daj od mente, dobrobiti, nuspojave i koliko \u010daja piti \u010caj od mente je \u010daj koji ima svako doma\u0107instvo. Naj\u010de\u0161\u0107e zbog ugodnog okusa i mirisa. No, sigurno niste ni pretpostavljali koliku dobrobit imate od njega. Ukratko re\u010deno, gotovo da nema bolesti koju menta ne lije\u010di. Ipak, prilikom kupovine \u010daja, obratite pa\u017enju na sastav. [&hellip;]<\/p>\n","protected":false},"author":1,"featured_media":40027,"parent":29483,"menu_order":0,"comment_status":"closed","ping_status":"closed","template":"","meta":{"footnotes":"","_links_to":"","_links_to_target":""},"class_list":["post-29316","page","type-page","status-publish","has-post-thumbnail","hentry"],"_links":{"self":[{"href":"https:\/\/covermagazin.com\/index.php?rest_route=\/wp\/v2\/pages\/29316","targetHints":{"allow":["GET"]}}],"collection":[{"href":"https:\/\/covermagazin.com\/index.php?rest_route=\/wp\/v2\/pages"}],"about":[{"href":"https:\/\/covermagazin.com\/index.php?rest_route=\/wp\/v2\/types\/page"}],"author":[{"embeddable":true,"href":"https:\/\/covermagazin.com\/index.php?rest_route=\/wp\/v2\/users\/1"}],"replies":[{"embeddable":true,"href":"https:\/\/covermagazin.com\/index.php?rest_route=%2Fwp%2Fv2%2Fcomments&post=29316"}],"version-history":[{"count":14,"href":"https:\/\/covermagazin.com\/index.php?rest_route=\/wp\/v2\/pages\/29316\/revisions"}],"predecessor-version":[{"id":72020,"href":"https:\/\/covermagazin.com\/index.php?rest_route=\/wp\/v2\/pages\/29316\/revisions\/72020"}],"up":[{"embeddable":true,"href":"https:\/\/covermagazin.com\/index.php?rest_route=\/wp\/v2\/pages\/29483"}],"wp:featuredmedia":[{"embeddable":true,"href":"https:\/\/covermagazin.com\/index.php?rest_route=\/wp\/v2\/media\/40027"}],"wp:attachment":[{"href":"https:\/\/covermagazin.com\/index.php?rest_route=%2Fwp%2Fv2%2Fmedia&parent=29316"}],"curies":[{"name":"wp","href":"https:\/\/api.w.org\/{rel}","templated":true}]}}