{"id":29304,"date":"2024-12-30T18:44:27","date_gmt":"2024-12-30T16:44:27","guid":{"rendered":"https:\/\/covermagazin.com\/?page_id=29304"},"modified":"2024-12-30T18:44:27","modified_gmt":"2024-12-30T16:44:27","slug":"kopriva-caj-od-koprive","status":"publish","type":"page","link":"https:\/\/covermagazin.com\/?page_id=29304","title":{"rendered":"Kopriva i \u010daj od KOPRIVE, koristi, nuspojave i koliko se smije piti"},"content":{"rendered":"\n<h2 class=\"wp-block-heading\"><a href=\"https:\/\/covermagazin.com\/?attachment_id=40015\" rel=\"attachment wp-att-40015\"><img loading=\"lazy\" decoding=\"async\" class=\"alignnone size-full wp-image-40015\" src=\"https:\/\/covermagazin.com\/wp-content\/uploads\/2020\/06\/Kopriva-\u010caj-od-koprive.jpg\" alt=\"\" width=\"600\" height=\"403\" srcset=\"https:\/\/covermagazin.com\/wp-content\/uploads\/2020\/06\/Kopriva-\u010caj-od-koprive.jpg 600w, https:\/\/covermagazin.com\/wp-content\/uploads\/2020\/06\/Kopriva-\u010caj-od-koprive-300x202.jpg 300w\" sizes=\"auto, (max-width: 600px) 100vw, 600px\" \/><\/a><\/h2>\n\n\n\n<h2 class=\"wp-block-heading\">Kopriva i \u010daj od KOPRIVE, koristi, nuspojave i koliko se smije piti<\/h2>\n\n\n\n<p>\u010caj od koprive se koristio i u tradicionalnim lije\u010denjima brojnih bolesti, a svoju popularnost zadr\u017eao je do danas. \u010caj od koprive ima brojne prednosti i djelovanja, a mo\u017ee se piti i kao uobi\u010dajen dnevni \u010daj bez nekih simptoma.<\/p>\n\n\n\n<h3 class=\"wp-block-heading\">\u010caj od koprive<\/h3>\n\n\n\n<p>Zbog velike koli\u010dine kalija u svome sastavu kopriva djeluje diuretski i koristi se u lije\u010denju upale mokra\u0107nih putova, te kod prevencije nastanka bubre\u017enog kamenca.<\/p>\n\n\n\n<p>Budu\u0107i da sadr\u017ei \u017eeljezo, \u010daj od koprive doprinosi stvaranju crvenih krvnih zrnaca. \u010caj olak\u0161ava opskrbu tijela kisikom i \u0161titi kod slabokrvnosti.<\/p>\n\n\n\n<p>\u010caj od koprive pro\u010di\u0161\u0107ava krv, pa je koristan kod ko\u017enih oboljenja, bubuljica i akni. Kada se ekstrakti koprive nanose na ko\u017eu ona mo\u017ee smanjiti akne, bakterijske infekcije te ubrzati zacjeljivanje rana kao i smanjiti pojavu o\u017eiljaka i mrlja.<\/p>\n\n\n\n<p>Preporu\u010duje se \u010daj od koprive kod infekcija u ustima, afti ili upala desni.<\/p>\n\n\n\n<p>\u010caj od koprive poti\u010de obnovu stanica pa je koristan i kod istro\u0161ene hrskavice.<\/p>\n\n\n\n<h3 class=\"wp-block-heading\">Kopriva i \u010daj od koprive<\/h3>\n\n\n\n<p>Listovi koprive sadr\u017ee minerale, vitamine, klorofil&#8230; Me\u0111u mineralima najzastupljeniji su kalcij i kalij, od vitamina tu su A, B, C&#8230;<\/p>\n\n\n\n<p>Listovi koprive imaju protuupalno djelovanje, vra\u0107aju minerale tijelu, regeneriraju, djeluju diureti\u010dki&#8230; Listovi koprive, odnosno \u010daj od koprive se mo\u017ee konzumirati, ali se koristi i za vanjsku primjenu. Vanjska primjena je \u010desta kod razli\u010ditih ko\u017enih stanja kao i za kosu, ja\u010danje kose i protiv opadanja kose&#8230;<\/p>\n\n\n\n<p>Kori\u0161tenje biljnih \u010dajeva, pa tako i koprive, \u010desto se u narodnoj medicini koristi kao dopuna za lije\u010denje nekih stanja ili prevenciju bolesti. Kopriva ima mnogobrojne pozitivne u\u010dinke na organizam, ali je najpopularnije djelovanje koprive kao:<\/p>\n\n\n\n<p>&#8211; diuretik<br>&#8211; kod obilnih menstrualnih krvarenja<br>&#8211; protiv alergija<br>&#8211; za smanjivanje pove\u0107ane prostate<br>&#8211; za lije\u010denje hemoroida<br>&#8211; za \u010di\u0161\u0107enje organizma<br>&#8211; za pove\u0107anje proizvodnje mlijeka kod dojilja<br>&#8211; za lije\u010denje astme<br>&#8211; za lije\u010denje ne\u010diste ko\u017ee<br>&#8211; za stimuliranje rasta kose<br>&#8211; kod artritisa<\/p>\n\n\n\n<h3 class=\"wp-block-heading\">\u010caj od koprive nuspojave<\/h3>\n\n\n\n<p>U ve\u0107ini slu\u010dajeva \u010daj od koprive nema negativnih nuspojava ako se \u010daj pije u preporu\u010denim koli\u010dinama. <\/p>\n\n\n\n<p>Kao prevencija ili uz uobi\u010dajenu prehranu se uzima jedna \u0161alica \u010daja dnevno, a kao pomo\u0107 pri lije\u010denju neke bolesti piju se 3 \u0161alice dnevno. <\/p>\n\n\n\n<p>U nekim slu\u010dajevima kao reakcija na koprivu se mo\u017ee javiti ote\u010denost. Kopriva se koristi za lije\u010denje obilnih menstruacija, ali mo\u017ee poremetiti ciklus ili ubrzati dolazak menstruacije, pa \u010daj od koprive bi trebalo izbjegavati u trudno\u0107i.<\/p>\n\n\n\n<p>Kopriva nema ve\u0107ih nuspojava kada se koristi u preporu\u010denim dozama. Kod osjetljivih osoba ili kod konzumiranja u visokim dozama mo\u017ee uzrokovati gastrointestinalne smetnje.<\/p>\n\n\n\n<p>Kopriva se ne bi trebala konzumirati bez kuhanja jer svje\u017ea kopriva ima dodatne nuspojave poput crvenila, svrbe\u017ei, izaziva ko\u017ene reakcije, a ukoliko se jede mo\u017ee dovesti i do drugih pote\u0161ko\u0107a.<\/p>\n\n\n\n<h3 class=\"wp-block-heading\">Koliko dnevno piti \u010daja od koprive?<\/h3>\n\n\n\n<p>\u010caj od koprive spada u \u010dajeve koji se mogu konzumirati i kao prevencija, kao uobi\u010dajeni dodatak prehrani, ali i kod odre\u0111enih bolesti. Nema to\u010dno definirano koliko se \u010daja od koprive smije dnevno piti. No, bez obzira na prednosti s \u010dajevima ne treba pretjerivati, te ih je uvijek dobro ukomponirati u zdravu prehranu.<\/p>\n\n\n\n<p><strong>Jedna \u0161alica dnevno \u010daja od koprive je dovoljna kao prevencija i u normalnim uvjetima, dok se do tri \u0161alice mogu piti kada se radi o nekim ciljanim djelovanjima ili kod nekih bolesti.<\/strong><\/p>\n\n\n\n<h3 class=\"wp-block-heading\">Koliko koprive dnevno?<\/h3>\n\n\n\n<p>Kopriva se mo\u017ee koristiti za pripremu \u010daja od koprive, soka od koprive, tinkture od koprive. Donosimo koliko koristiti dnevno:<\/p>\n\n\n\n<h4 class=\"wp-block-heading\">\u010caj od koprive <\/h4>\n\n\n\n<p>\u010caj od koprive se priprema s jednom vre\u0107icom \u010daja i 200 ml vode. \u010caj od koprive se uglavnom pije do 3 \u0161alice \u010daja dnevno.<\/p>\n\n\n\n<h4 class=\"wp-block-heading\">Tinktura od koprive<\/h4>\n\n\n\n<p>Tinktura se koristi u pravilu tako da se 40 kapi razrijedi u \u010da\u0161i vode. Tinktura od koprive se pije jedan do tri puta dnevno.<\/p>\n\n\n\n<h4 class=\"wp-block-heading\">Sok od koprive<\/h4>\n\n\n\n<p>Sok od koprive se u pravilu radi od od svje\u017eih listova koprive. Sok od koprive se pije jedan do dva puta dnevno po \u017elicu soka.<\/p>\n\n\n\n<h3 class=\"wp-block-heading\">\u010caj od koprive prije spavanja i nave\u010der<\/h3>\n\n\n\n<p>\u010caj od koprive ne sadr\u017ei kofein, te se mo\u017ee piti nave\u010der. \u010caj od koprive prije spavanja mo\u017ee djelovati umiruju\u0107e te pomo\u0107i da se tijelo bolje odmori tijekom no\u0107i.<\/p>\n\n\n\n<h3 class=\"wp-block-heading\">\u010caj od koprive ujutro<\/h3>\n\n\n\n<p>\u010caj od koprive se mo\u017ee piti u bilo koje dana. \u010caj od koprive nave\u010der mo\u017ee doprinijeti boljem snu, dok \u010daj od koprive kada se pije ujutro poti\u010de drena\u017eu i pro\u010di\u0161\u0107ivanje organizma.<\/p>\n\n\n\n<p>Kako bi se poja\u010dao u\u010dinak na eliminaciju toksina te ubrzavanje metabolizma \u010daj od koprive se mo\u017ee kombinirati s kamilicom i brezom.<\/p>\n\n\n\n<h3 class=\"wp-block-heading\">Koliko dugo piti \u010daj od koprive?<\/h3>\n\n\n\n<p>Za \u010daj od koprive nema nekih ograni\u010denja, uz uobi\u010dajenu dnevnu konzumaciju, koliko dugo se smije piti \u010daj od koprive. \u010caj od koprive treba ukomponirati u zdravu i uravnote\u017eenu prehranu. <\/p>\n\n\n\n<h3 class=\"wp-block-heading\">\u010caj od koprive<\/h3>\n\n\n\n<p>Kako je ve\u0107 nabrojeno \u010daj od koprive ima brojne prednosti i pozitivna djelovanja, a neka od njih su navedena ispod:<\/p>\n\n\n\n<h4 class=\"wp-block-heading\">Kopriva protiv umora i nedostatka energije<\/h4>\n\n\n\n<p>Kopriva lije\u010di proljetni umor, ali i umor op\u0107enito, budu\u0107i da je bogata vitaminima i mineralima, te detoksicira organizam. Svojim diureti\u010dkim djelovanjem poma\u017ee tijelu da ispere \u0161tetne tvari, a bogatstvom minerala da vrati energiju. \u010caj od koprive je posebno u\u010dinkovit kod smanjenog \u017eeljeza u krvi i anemije. U tim situacijama mo\u017ee se piti po jedna \u0161alica dnevno \u010daja. Zbog svog diureti\u010dkog djelovanja kopriva je dobra kod tegoba s mjehurom.<\/p>\n\n\n\n<h4 class=\"wp-block-heading\">\u010caj od koprive kod anemije<\/h4>\n\n\n\n<p>Kopriva sadr\u017ei \u017eeljezo i folnu kiselinu koji poti\u010du proizvodnju crvenih krvnih zrnaca. Kopriva sadr\u017ei vitamin A, vitamin B. Vitamin K, vitamin C, te \u017eeljezo. Osim \u0161to sadr\u017ei \u017eeljezo, sadr\u017ei i vitamin C koji poma\u017ee da se u tijelu apsorbira \u017eeljezo.<\/p>\n\n\n\n<h4 class=\"wp-block-heading\">Kopriva za detoksikaciju tijela i protiv akni<\/h4>\n\n\n\n<p>Kako kopriva \u010disti organizam, primijetit \u0107ete pobolj\u0161anje u izgledu ko\u017ee, smanjenje akni i bubuljica, a svojim protuupalnim djelovanjem ja\u010da imunitet i op\u0107enito pobolj\u0161ava stanje organizma. Kopriva \u010disti bubrege i krv, \u0161to \u010dini ko\u017eu zdravijom i daje joj mladena\u010dki sjaj. Antioksidansi poma\u017eu tijelu u borbi protiv slobodnih radikala, nestabilnih stanica koje o\u0161te\u0107uju membrane stanica DNA.<\/p>\n\n\n\n<h4 class=\"wp-block-heading\">Kopriva kod alergija<\/h4>\n\n\n\n<p>Kopriva poma\u017ee kod alergija, ali da bi pokazala svoje djelovanje treba je piti du\u017ee vrijeme. Kopriva ja\u010da imunitet, te smanjuje osjetljivost organizam na alergene. Napravljena su i neka klini\u010dka istra\u017eivanja koja su poduprla teoriju kako kopriva poma\u017ee kod alergija. Kod sudionika koji su uzimali ekstrakt koprive zamije\u0107eno je pobolj\u0161anje otpornosti organizma i smanjene reakcije.<\/p>\n\n\n\n<h4 class=\"wp-block-heading\">Kopriva kod problema s prostatom<\/h4>\n\n\n\n<p>Zbog toga \u0161to ja\u010da krv i pro\u010di\u0161\u0107ava unutarnje organe upotrebljava se kod problema s prostatom. Za lije\u010denje tegoba s prostatom upotrebljavaju se svi dijelovi koprive, a posebno korijen.<\/p>\n\n\n\n<h4 class=\"wp-block-heading\">\u010caj od koprive za mr\u0161avljenje<\/h4>\n\n\n\n<p>\u010caj je op\u0107enito napitak s malo kalorija koji doprinosi hidrataciji i boljem stanju organizma. Stoga je i uz ve\u0107inu dijeta prikladan. No, \u010dajevi ne mogu biti zamjena za zdravu prehranu, dijetu za mr\u0161avljenje i kalorijski deficit, te sami \u0107e te\u0161ko dovesti do gubitka kilograma. No, \u010dajevi mogu pomo\u0107i u procesu mr\u0161avljenja.<\/p>\n\n\n\n<p>\u010caj od koprive poma\u017ee u pro\u010di\u0161\u0107avanju organizma, detoksikaciji, te potpoma\u017ee metabolizam i sagorijevanje masti. Uz to kopriva djeluje protuupalno. Kopriva ima i drena\u017eni u\u010dinak te je bitno da se pije dovoljno i obi\u010dne voda kako tijelo ne bi dehidriralo. Detaljnije: <a href=\"https:\/\/covermagazin.com\/?p=51737\">\u010caj od koprive za mr\u0161avljenje<\/a><\/p>\n\n\n\n<h4 class=\"wp-block-heading\">Kopriva se mo\u017ee koristiti i kod jo\u0161 nekih drugih stanja:<\/h4>\n\n\n\n<p>&#8211; Kopriva se koristi kod ka\u0161lja i tuberkuloze.<br>&#8211; Kopriva se mo\u017ee koristiti i kod bolnih zglobova.<br>&#8211; Kopriva olak\u0161ava simptome menopauze.<br>&#8211; Kopriva olak\u0161ava menstrualne gr\u010deve.<br>&#8211; Kopriva se koristi i kod bubre\u017enih kamenca.<br>&#8211; Kopriva podupire endokrino zdravlje.<br>&#8211; Kopriva uni\u0161tava parazite u tijelu.<br>&#8211; Kopriva poma\u017ee kod sindroma iritabilnih crijeva i kod zatvora.<br>&#8211; Pokazalo se kako kopriva mo\u017ee koristiti i kod Alzheimerove bolesti.<br>&#8211; Ispiranje usta \u010dajem od koprive spre\u010dava zubni plak, gingivitis i neugodan zadah.<br>&#8211; Kopriva \u0161titi srce jer smanjuje apsorpciju masno\u0107a u krvotok.<\/p>\n\n\n\n<h4 class=\"wp-block-heading\">Kopriva za ljepotu<\/h4>\n\n\n\n<p>Kopriva je izvor antioksidansa i anti-ageing fitokemikalija koje se koriste za kozmeti\u010dke svrhe. Djelovanje koprive protiv starenja ko\u017ee pripisuje se njenom antioksidacijskom kapacitetu.<\/p>\n\n\n\n<p>Kopriva sadr\u017ei i mnoge hranjive sastojke uklju\u010duju\u0107i:<br>&#8211; Vitamine A, C, K te nekoliko vitamina B skupine<br>&#8211; Minerale: Kalcij, \u017eeljezo, magnezij, kalij&#8230;<br>&#8211; Esencijalne aminokiseline<br>&#8211; Beta-karoten, lutein i drugi karotenoidi<\/p>\n\n\n\n<p>Mnogi od tih hranjivih sastojaka djeluju kao antioksidanti u va\u0161em tijelu. Oni poma\u017eu tijelu u obrani stanica od slobodnih radikala.<br>Kopriva sadr\u017ei i razne spojeve koji mogu sprije\u010diti upale, odnosno ima protuupalna svojstva.<\/p>\n\n\n\n<h4 class=\"wp-block-heading\">\u010caj od koprive za kosu<\/h4>\n\n\n\n<p>Kopriva se naj\u010de\u0161\u0107e spominje kod problema sa prhuti i problemima opadanja kose, no, i op\u0107enito popravlja zdravlje kose. Kopriva ima antibakterijska i protuupalna te antioksidativna svojstva koja mogu pomo\u0107i zdravlju kose.<\/p>\n\n\n\n<p>Kopriva se \u010desto nagla\u0161ava kao sastojak \u0161ampona te drugih preparata za kosu.<\/p>\n\n\n\n<ul class=\"wp-block-list\">\n<li>Kopriva mo\u017ee pomo\u0107i u regulaciji proizvodnje masno\u0107a na vlasi\u0161tu odnosno kod problema masne kose. Djeluje na pro\u010di\u0161\u0107avanje vlasi\u0161ta, poti\u010de cirkulaciju i zdravlje vlasi\u0161ta. <\/li>\n\n\n\n<li>Kopriva mo\u017ee pomo\u0107i kod problema opadanje kose, ja\u010da folikul dlake, popravlja cirkulaciju vlasi\u0161ta, te djeluje na ja\u010danje korijena kose i manje opadanje. <\/li>\n\n\n\n<li>Kopriva hidratizira kosu te kosa op\u0107enito izgleda \u010dvr\u0161\u0107e, zdravije i ljep\u0161e.<\/li>\n\n\n\n<li>\u010caj od koprive mo\u017ee pomo\u0107i kod lomljive i slabe kose kako bi se oja\u010dala.<\/li>\n<\/ul>\n\n\n\n<p>Koprivu kuhati u vodi nekoliko minuta, pustiti da se ohladi na sobnu temperaturu, ili malo toplije od toga, te s njom nakon pranja ispirati kosu, pri tome masirati vlasi\u0161te.<\/p>\n\n\n\n<p>Za kori\u0161tenje na vlasi\u0161tu kopriva se mo\u017ee pripremiti tako da se 10 grama su\u0161enih listova prelije sa 100 ml vru\u0107e tj. klju\u010dale vode. Ostaviti da odstoji nekih deset do petnaest minuta. Zatim procijediti i toplim pripravkom masirati vlasi\u0161te.<\/p>\n\n\n\n<p>Iako se \u010de\u0161\u0107e koristi kao vanjski pripravak koji se nanosi na kosu, smatra se da i \u010daj od koprive doprinosi boljem stanju kosu.<\/p>\n\n\n\n<h4 class=\"wp-block-heading\">Kako koristiti koprivu osim u \u010daju<\/h4>\n\n\n\n<p>Osim kao \u010daj koprivu mo\u017eete koristiti i na druge na\u010dine. Li\u0161\u0107e koprive se mo\u017ee dodati u druga jela poput variva ili juha.<br>Tako\u0111er, li\u0161\u0107e koprive se mo\u017ee kuhati na pari, pirjati, pr\u017eiti. U nekim receptima \u0161pinat mo\u017eete zamijeniti koprivom, odnosno kopriva se mo\u017ee raditi na skoro iste na\u010dine kao i \u0161pinat.<br>U \u0160kotskoj se radi tradicionalni puding s koprivom, porilukom brokulom i ri\u017eom. Kopriva se koristi i u tradicionalnim ruskim i talijanskim jelima poput ruske juhe od koprive i sli\u010dno.<\/p>\n\n\n\n<p>Kopriva je samonikla biljka koja raste do 2500 m nadmorske visine. \u010cesto raste u blizini ku\u0107a, ali i uz ceste te na \u0161umskim proplancima.<\/p>\n\n\n\n<h4 class=\"wp-block-heading\">Koliko i kako \u010duvati koprivu<\/h4>\n\n\n\n<p>Svje\u017ea kopriva se mo\u017ee se \u010duvati u fri\u017eideru do 2 dana. Ako se ne planira potro\u0161iti u tom roku kopriva se mo\u017ee osu\u0161iti kako bi joj se produljio rok trajanja koprive.<\/p>\n\n\n\n<p>Kod branja koprive potreban je oprez zbog listova koji u dodiru s ko\u017eom izazivaju peckanje, svrbe\u017e i crvenilo.<\/p>\n\n\n\n<h3 class=\"wp-block-heading\">Priprema \u010daja od koprive<\/h3>\n\n\n\n<p>Ukoliko na uputama na pakiranju nije druga\u010dije nazna\u010deno, \u010dajnu \u017elicu biljke ili filtar vre\u0107icu prelijte s 0,2 l vrele vode. Poklopite i pustite da odstoji 5 do 10 minuta. Procijedite i pijte svje\u017ee pripremljeni \u010daj. Detaljnije: <a href=\"https:\/\/covermagazin.com\/?p=50348\">Priprema \u010daja od koprive i kako koristiti koprivu osim u \u010daju<\/a><\/p>\n\n\n\n<p>\u010caj od svje\u017eih listova koprive je najbolje pripremati od svje\u017eih listova mlade koprive. Jedna \u0161alica svje\u017eih listova koprive se doda u dvije \u0161alice vrele vode, prokuha par minuta. Kada se \u010daj malo ohladi, procijediti i konzumirati.<\/p>\n\n\n\n<p>U \u010daj od koprive se mo\u017ee dodati iscije\u0111enog limuna ili meda.<\/p>\n\n\n\n<h4 class=\"wp-block-heading\">\u010caj od koprive, mente i sladi\u0107a &#8211; utjecaj na zdravlje i priprema<\/h4>\n\n\n\n<p>\u010caj od ove tri biljke spaja njihova svojstva, te kombinacija \u010daja od listova metvice i koprive i korijena sladi\u0107a, dobije se \u010daj zanimljivog okusa, a ljekovitih svojstava koji posebno umiruju\u0107e djeluje na probavni sustav. Sladi\u0107 ima protuupalna i antivirusna svojstva, posebno je koristan kod upala gornjih di\u0161nih puteva i grla, te gastroezofagealnog refluksa. \u010caj od mente djeluje na probavni sustav, protiv mu\u010dnine te ima antispazmodi\u010dko djelovanjem. \u010caj od koprive je dobar izvor minerala i vitamina.<\/p>\n\n\n\n<p>\u010caj od mente, koprive i sladi\u0107a se radi kombinacijom 3 grama listova mente, 2 grama listova koprive i 2 grama korijena sladi\u0107a preliti s 500 ml vrele vode. Ostaviti oko 5 minuta, te procijediti i konzumirati.<\/p>\n\n\n\n<h4 class=\"wp-block-heading\">\u0160to znanost ka\u017ee o koprivi<\/h4>\n\n\n\n<p>Upale su procesi kojima se tijelo bori protiv infekcija, no kroni\u010dne upale mogu donijeti i pote\u0161ko\u0107e. Kopriva sadr\u017ei razli\u010dite spojeve koji mogu pomo\u0107i smanjiti upale. <\/p>\n\n\n\n<ul class=\"wp-block-list\">\n<li>U istra\u017eivanju &#8220;Plant extracts from stinging nettle (Urtica dioica), an antirheumatic remedy, inhibit the proinflammatory transcription factor NF-kappaB&#8221; na 27 osoba primjena kreme od koprive na podru\u010djima zahva\u0107enim artritisom zna\u010dajno je smanjila bol u usporedbi s placebo lije\u010denjem.<\/li>\n\n\n\n<li>U istra\u017eivanju &#8220;Phytalgic, a food supplement, vs placebo in patients with osteoarthritis of the knee or hip: a randomised double-blind placebo-controlled clinical trial&#8221; uzimanje dodataka prehrani s ekstraktom koprive smanjilo je potrebu za analgeticima i protuupalnim lijekovima.<\/li>\n\n\n\n<li>Istra\u017eivanje &#8220;Nettle extract (Urtica dioica) affects key receptors and enzymes associated with allergic rhinitis&#8221; pokazalo ja da kopriva mo\u017ee smanjiti alergije. Kopriva sadr\u017ei djelovanje kao inhibitor upala koje uzrokuju simptome sezonske alergije, poput peludne groznice.<\/li>\n\n\n\n<li>Kopriva mo\u017ee pomo\u0107i u sni\u017eavanju krvnog tlaka pokazalo je istra\u017eivanje &#8220;Mechanisms underlying the antihypertensive properties of Urtica dioica&#8221;. <\/li>\n\n\n\n<li>Kopriva mo\u017ee pomo\u0107i u sni\u017eavanju \u0161e\u0107era u krvi prema istra\u017eivanju &#8220;Urtica Dioica Distillate Regenerates Pancreatic Beta Cells in Streptozotocin-Induced Diabetic Rats&#8221;<\/li>\n<\/ul>\n\n\n\n<p><strong>Vezano:<\/strong><\/p>\n\n\n\n<figure class=\"wp-block-embed is-type-wp-embed is-provider-cover-magazin-com wp-block-embed-cover-magazin-com\"><div class=\"wp-block-embed__wrapper\">\n<blockquote class=\"wp-embedded-content\" data-secret=\"z9Z6PBjSe8\"><a href=\"https:\/\/covermagazin.com\/?page_id=29483\">\u010cajevi<\/a><\/blockquote><iframe loading=\"lazy\" class=\"wp-embedded-content\" sandbox=\"allow-scripts\" security=\"restricted\" style=\"position: absolute; visibility: hidden;\" title=\"&#8220;\u010cajevi&#8221; &#8212; COVER magazin.com\" src=\"https:\/\/covermagazin.com\/?page_id=29483&#038;embed=true#?secret=mWDkPS673u#?secret=z9Z6PBjSe8\" data-secret=\"z9Z6PBjSe8\" width=\"500\" height=\"282\" frameborder=\"0\" marginwidth=\"0\" marginheight=\"0\" scrolling=\"no\"><\/iframe>\n<\/div><\/figure>\n","protected":false},"excerpt":{"rendered":"<p>Kopriva i \u010daj od KOPRIVE, koristi, nuspojave i koliko se smije piti \u010caj od koprive se koristio i u tradicionalnim lije\u010denjima brojnih bolesti, a svoju popularnost zadr\u017eao je do danas. \u010caj od koprive ima brojne prednosti i djelovanja, a mo\u017ee se piti i kao uobi\u010dajen dnevni \u010daj bez nekih simptoma. \u010caj od koprive Zbog velike [&hellip;]<\/p>\n","protected":false},"author":1,"featured_media":40015,"parent":29483,"menu_order":0,"comment_status":"closed","ping_status":"closed","template":"","meta":{"footnotes":"","_links_to":"","_links_to_target":""},"class_list":["post-29304","page","type-page","status-publish","has-post-thumbnail","hentry"],"_links":{"self":[{"href":"https:\/\/covermagazin.com\/index.php?rest_route=\/wp\/v2\/pages\/29304","targetHints":{"allow":["GET"]}}],"collection":[{"href":"https:\/\/covermagazin.com\/index.php?rest_route=\/wp\/v2\/pages"}],"about":[{"href":"https:\/\/covermagazin.com\/index.php?rest_route=\/wp\/v2\/types\/page"}],"author":[{"embeddable":true,"href":"https:\/\/covermagazin.com\/index.php?rest_route=\/wp\/v2\/users\/1"}],"replies":[{"embeddable":true,"href":"https:\/\/covermagazin.com\/index.php?rest_route=%2Fwp%2Fv2%2Fcomments&post=29304"}],"version-history":[{"count":20,"href":"https:\/\/covermagazin.com\/index.php?rest_route=\/wp\/v2\/pages\/29304\/revisions"}],"predecessor-version":[{"id":73233,"href":"https:\/\/covermagazin.com\/index.php?rest_route=\/wp\/v2\/pages\/29304\/revisions\/73233"}],"up":[{"embeddable":true,"href":"https:\/\/covermagazin.com\/index.php?rest_route=\/wp\/v2\/pages\/29483"}],"wp:featuredmedia":[{"embeddable":true,"href":"https:\/\/covermagazin.com\/index.php?rest_route=\/wp\/v2\/media\/40015"}],"wp:attachment":[{"href":"https:\/\/covermagazin.com\/index.php?rest_route=%2Fwp%2Fv2%2Fmedia&parent=29304"}],"curies":[{"name":"wp","href":"https:\/\/api.w.org\/{rel}","templated":true}]}}