{"id":29297,"date":"2024-11-28T05:42:39","date_gmt":"2024-11-28T03:42:39","guid":{"rendered":"https:\/\/covermagazin.com\/?page_id=29297"},"modified":"2024-11-28T15:42:45","modified_gmt":"2024-11-28T13:42:45","slug":"kadulja-caj-od-kadulje","status":"publish","type":"page","link":"https:\/\/covermagazin.com\/?page_id=29297","title":{"rendered":"Kadulja i \u010daj od KADULJE, utjecaj na zdravlje, nuspojave i koliko \u010daja piti"},"content":{"rendered":"\n<div class=\"wp-block-cover is-light\"><span aria-hidden=\"true\" class=\"wp-block-cover__background has-background-dim\"><\/span><img loading=\"lazy\" decoding=\"async\" width=\"600\" height=\"400\" class=\"wp-block-cover__image-background wp-image-40010\" alt=\"\" src=\"https:\/\/covermagazin.com\/wp-content\/uploads\/2020\/06\/Kadulja-\u010caj-od-kadulje.jpg\" data-object-fit=\"cover\" srcset=\"https:\/\/covermagazin.com\/wp-content\/uploads\/2020\/06\/Kadulja-\u010caj-od-kadulje.jpg 600w, https:\/\/covermagazin.com\/wp-content\/uploads\/2020\/06\/Kadulja-\u010caj-od-kadulje-300x200.jpg 300w, https:\/\/covermagazin.com\/wp-content\/uploads\/2020\/06\/Kadulja-\u010caj-od-kadulje-576x384.jpg 576w\" sizes=\"auto, (max-width: 600px) 100vw, 600px\" \/><div class=\"wp-block-cover__inner-container is-layout-flow wp-block-cover-is-layout-flow\">\n<p class=\"has-text-align-center has-large-font-size\"><\/p>\n<\/div><\/div>\n\n\n\n<h2 class=\"wp-block-heading\">Kadulja i \u010daj od KADULJE, utjecaj na zdravlje, nuspojave i koliko \u010daja piti<\/h2>\n\n\n\n<p>Kadulja spada u ljekovito najvrjednije bilje. Ima \u0161irok spektar djelovanja, a relativno malo nuspojava. <\/p>\n\n\n\n<h3 class=\"wp-block-heading\">\u010caj od kadulje<\/h3>\n\n\n\n<p>Kadulja je biljaka s mediteranskog podru\u010dja iz porodice Lamiaceae kojoj pripadaju i lavanda, menta, ru\u017emarin i maj\u010dina du\u0161ica. Kadulja spada me\u0111u biljke koje su se tradicionalno koristile za razli\u010dite probleme, a primjena i kori\u0161tenje ovog \u010daja se zadr\u017ealo i danas. \u010caj od kadulje zbog svog ja\u010deg okusa kod nas se koristi \u010de\u0161\u0107e kao vodica za ispiranje usta nego kao napitak. <\/p>\n\n\n\n<h3 class=\"wp-block-heading\">Zdravstvene koristi \u010daja od kadulje i utjecaj na zdravlje<\/h3>\n\n\n\n<p>\u010caj od kadulje se naj\u010de\u0161\u0107e koristi <strong>kod respiratornih problema i bolesti<\/strong>, no njegova djelotvornost je puno \u0161ira.<\/p>\n\n\n\n<p>\u010caj od kadulje je <strong>bogat vitaminima, mineralima te antioksidantima<\/strong>.&nbsp;Kadulja je dobar izvor kalcija, bakra, \u017eeljeza, magnezija, kalija, cinka, vitamina A, vitamina B, vitamina C, vitamina E, vitamina K&#8230; \u010caj od kadulje je bogat vitaminom K koji je bitan za kosti i cirkulaciju.<\/p>\n\n\n\n<p><strong>Kadulja lije\u010di ve\u0107inu upala jer je baktericidna<\/strong>, posebno onih u usnoj \u0161upljini. Pro\u010di\u0161\u0107ava di\u0161ne organe, lije\u010di upaljeno grlo, krajnike, te sluznicu u ustima.<\/p>\n\n\n\n<p>Za upale grla tako\u0111er je dobar izbor \u010daj od kadulje posebno u kombinaciji s medom.<\/p>\n\n\n\n<p>Grkljanje i ispiranje usta kaduljom o\u010duvat \u0107e va\u0161e zube, te sprije\u010diti pojavu neugodnog zadaha. \u010caj od kadulje se koristi kod <strong>upala zubnog mesa<\/strong>, ima protuupalni efekt smanjuje krvarenja zubnog mesa.<\/p>\n\n\n\n<p>\u010caj od kadulje <strong>smiruju \u017eeludac i probavni trakt<\/strong> stoga je dobar izbor i kod takvih problema.<\/p>\n\n\n\n<p>\u010caj od kadulje popravlja <strong>razinu \u0161e\u0107era u krvi.<\/strong><\/p>\n\n\n\n<p>Tako\u0111er, <strong>kaduljin \u010daj smiruje \u017eivce<\/strong>, opu\u0161ta mi\u0161i\u0107e te biste ga trebali piti ukoliko primijetite da vam neki mi\u0161i\u0107 titra.<\/p>\n\n\n\n<p>\u010caj od kadulje se u pro\u0161losti \u010desto koristio kao napitak za razbistravanje misli i bolje razmi\u0161ljanje, te za bolje pam\u0107enje. Mo\u017ee se piti kod nervoze, napetosti, anksioznosti i stresa. Tako\u0111er \u010daj kod kadulje mo\u017ee pomo\u0107i u prevenciji Alzheimerove bolesti.<\/p>\n\n\n\n<p>\u010caj od kadulje mo\u017ee pomo\u0107i<strong> kod zacjeljivanja rana i op\u0107enito djeluje na zdravlje ko\u017ee<\/strong>.<\/p>\n\n\n\n<p>Kadulja se mo\u017ee koristiti za <strong>lije\u010denje virusnih infekcija<\/strong>. \u010caj od kadulje ima antivirusna svojstva te su i neka istra\u017eivanja pokazala da ova biljka mo\u017ee biti korisna kod razli\u010ditih virusa.<\/p>\n\n\n\n<p>\u010caj od kadulje djeluje protuupalno, bogat je antioksidansima, vitaminima i mineralima, te mo\u017ee pomo\u0107i i doprinijeti:<\/p>\n\n\n\n<ul class=\"wp-block-list\">\n<li>zdravlju ko\u017ee<\/li>\n\n\n\n<li>zacjeljivanju rana<\/li>\n\n\n\n<li>oralnoj higijeni<\/li>\n\n\n\n<li>prevenciji nekih vrsta karcinoma<\/li>\n\n\n\n<li>kod ka\u0161lja i upala grla<\/li>\n\n\n\n<li>reguliranju probave<\/li>\n\n\n\n<li>reguliranju znojenja<\/li>\n<\/ul>\n\n\n\n<h3 class=\"wp-block-heading\">\u010caj od kadulje i znojenje<\/h3>\n\n\n\n<p>\u010caj od kadulje trebaju koristiti osobe <strong>koje se pretjerano znoje,<\/strong> npr. mladi u pubertetu ili \u017eene u menopauzi. Pri tome vrijedi pravilo da blagi \u010daj od kadulje pospje\u0161uje znojenje dok ja\u010di \u010daj od kadulje zaustavlja znojenje.<\/p>\n\n\n\n<h3 class=\"wp-block-heading\">\u010caj od kadulje za grlo<\/h3>\n\n\n\n<p>\u010caj od kadulje se mo\u017ee piti, ali i grgljati u ustima. \u010caj od svje\u017ee ali i su\u0161ene kadulje mo\u017ee biti koristan kod upale grla.<\/p>\n\n\n\n<p>Kod upale grla piti dnevno do tri \u0161alice \u010daja od kadulje.<\/p>\n\n\n\n<p>Za upalu grla koristi se i kombinacija \u010daja od kadulje i limuna, a dodavanje meda je bonus.<\/p>\n\n\n\n<p>Priprema ovog \u010daja se radi tako da se na uobi\u010dajen na\u010din napravi \u010daj od kadulje, kada se dovoljno ohladi procijediti ili izvaditi vre\u0107icu \u010daja, dodati malo svje\u017ee iscije\u0111enog soka od limuna i \u017elicu meda.<\/p>\n\n\n\n<h3 class=\"wp-block-heading\">\u010caj od kadulje za oralnu higijenu<\/h3>\n\n\n\n<p>\u010caj od kadulje osim \u0161to se pije, mo\u017ee se i grgljati, za za\u0161titu usta i oralnu higijenu. Koristi se na sli\u010dan na\u010din kao vodica za usta. Kadulja mo\u017ee u ovom slu\u010daju pomo\u0107i kod afti, za o\u010duvanje zdravlja zubnog mesa, te djelovati protiv neugodnog zadaha.<\/p>\n\n\n\n<p>Grgljanje \u010daja od kadulje mo\u017ee pomo\u0107i u za\u0161titi zubnog mesa, preventivno, ali i kod pojave problema sa zubnim mesom te kod upala zubnog mesa.<\/p>\n\n\n\n<p>Kadulja djeluje protuupalno, ima antibakterijska svojstva ali i na smanjenje bolova. Jedno od popularnih djelovanja i kori\u0161tenja kadulje je upravo na podru\u010dju oralne higijene.<\/p>\n\n\n\n<p>Grgljanje \u010daja od kadulje mo\u017ee se koristiti kod \u0161irokog spektra problema u usnoj \u0161upljini, od afti, problema sa zubnim mesom, neugodnog zadaha, ali i kod upala grla.<\/p>\n\n\n\n<p>\u010caj od kadulje mo\u017ee djelovati na sprje\u010davanje nastanka zubnog plaka tako da uni\u0161tava mikrobe koji uzrokuju zubni plak.<\/p>\n\n\n\n<p>Ekstrakt kadulje je \u010dest dodatak vodicama za ispiranje usta.<\/p>\n\n\n\n<p>Kadulja mo\u017ee pomo\u0107i:<\/p>\n\n\n\n<ul class=\"wp-block-list\">\n<li>za\u0161titi zubno meso<\/li>\n\n\n\n<li>smanjiti upale zubnog mesa<\/li>\n\n\n\n<li>prevenirati nastanak zubnog plaka<\/li>\n\n\n\n<li>kod afti<\/li>\n\n\n\n<li>smanjiti bolove u ustima<\/li>\n\n\n\n<li>kod drugih upala u usnoj \u0161upljini<\/li>\n<\/ul>\n\n\n\n<p>S obzirom da je primjena jednostavna, dovoljno je napraviti uobi\u010dajeni, ili malo ja\u010di \u010daj od kadulje, te kada se dovoljno ohladi lagano uzimati gutljaj po gutljaj \u010daja grgljati u ustima, te potom ispljunuti. <\/p>\n\n\n\n<p>\u010caj od kadulje za probleme u usnoj \u0161upljini ne treba zasla\u0111ivati ni sa \u0161e\u0107erom niti s medom. Najbolje je koristiti ga bez ikakvih dodataka. <\/p>\n\n\n\n<h3 class=\"wp-block-heading\">\u010caj od kadulje za ubrzanje rasta kose<\/h3>\n\n\n\n<p>Gubitak kose je \u010desta pojava koja dolazi s godinama tj. sa starenjem. Smatra se da \u010daj od kadulje mo\u017ee stimulirati folikul kose, te pobolj\u0161ati cirkulaciju vlasi\u0161ta. \u010caj od kadulje op\u0107enito daje sjaj kosi i ja\u010da kosu. <\/p>\n\n\n\n<p>Osim \u0161to djeluje na ubrzanje rasta kose, kadulja mo\u017ee pomo\u0107i protiv opadanja kose, te za op\u0107enito zdraviju i ljep\u0161u kosu. Primjenjuje se i kod pojave prhuti te pretjeranog lu\u010denja sebuma na valsi\u0161tu. <\/p>\n\n\n\n<h3 class=\"wp-block-heading\">\u010caj od kadulje za kolesterol<\/h3>\n\n\n\n<p>\u010caj od kadulje smanjuje lo\u0161i kolesterol i popravlja razinu dobrog kolesterola. \u010caj od kadulje mo\u017ee pomo\u0107i dr\u017eati kolesterol pod kontrolom. Redovna konzumacija \u010daja od kadulje nekoliko tjedana mo\u017ee pomo\u0107i u popravljanju razine kolesterola, te smanjenju lo\u0161eg kolesterola.<\/p>\n\n\n\n<h3 class=\"wp-block-heading\">\u010caj od kadulje za mr\u0161avljenje<\/h3>\n\n\n\n<p>\u010caj od kadulje je prvenstveno poznat po djelovanjima na respiratorne smetnje, upale grla, te kod djelovanja na znojenje. No, on mo\u017ee pomo\u0107i i pri mr\u0161avljenju.<\/p>\n\n\n\n<p>\u010caj od kadulje na mr\u0161avljenje djeluje tako da poti\u010de i ubrzava metabolizam te poti\u010de tijelo da br\u017ee sagorijeva masti i da se br\u017ee vide rezultati dijete.<\/p>\n\n\n\n<h4 class=\"wp-block-heading\">Priprema \u010daja od kadulje za mr\u0161avljenje<\/h4>\n\n\n\n<p>\u010caj od kadulje za mr\u0161avljenje mo\u017eete pripremiti od su\u0161enih listova kadulje ili od svje\u017ee kadulje.<br>Za bolji okus mo\u017eete dodati med te iscije\u0111eni limun.<\/p>\n\n\n\n<h3 class=\"wp-block-heading\">\u010caj od kadulje za probavu<\/h3>\n\n\n\n<p>\u010caj od kadulje djeluje umiruju\u0107e na \u017eeludac, te na probavi trakt. \u010caj od kadulje ima svojstva kojima mo\u017ee biti koristan za o\u010duvanje zdravlja \u017eeluca te protiv gastroezofagealnog refluksa jer poma\u017ee opustiti mi\u0161i\u0107e. Kadulja djeluje antispazmodi\u010dno, mo\u017ee pomo\u0107i kod gr\u010deva u \u017eelucu.<\/p>\n\n\n\n<p>\u010caj od kadulje mo\u017ee pomo\u0107i i kod nadutosti.<\/p>\n\n\n\n<p>Za probavne smetnje \u010daj od kadulje se pije nakon jela, a dobra je kombinacija \u010daja od kadulje i kamilice.<\/p>\n\n\n\n<h3 class=\"wp-block-heading\">\u010caj od kadulje za pam\u0107enje<\/h3>\n\n\n\n<p>\u010caj od kadulje mo\u017ee doprinijeti boljem pam\u0107enju, te mo\u017ee pomo\u0107i u prevenciji nekih bolesti vezanih uz pam\u0107enje poput Alzheimerove bolesti.<\/p>\n\n\n\n<p>Nekoliko istra\u017eivanja je pokazalo da \u010daj od kadulje mo\u017ee doprinijeti ne samo boljem pam\u0107enju nego i boljem raspolo\u017eenju.<\/p>\n\n\n\n<h3 class=\"wp-block-heading\">\u010caj od kadulje za dojilje<\/h3>\n\n\n\n<p>\u010caj od kadulje mo\u017ee djelovati na smanjivanje mlijeka kod dojilja te ukoliko \u017eelite prestati dojiti on mo\u017ee pomo\u0107i, ali ako ga pijete iz drugih razloga uzmite u obzir i to njegovo djelovanje.<\/p>\n\n\n\n<h3 class=\"wp-block-heading\">Nuspojave \u010daja od kadulje<\/h3>\n\n\n\n<p>\u010caj od kadulje mo\u017ee kod dojilja smanjiti proizvodnju mlijeka, s tim da to mo\u017ee biti i cilj pijenja \u010daja, ali ako ga pijete iz drugog razloga tada obratite pa\u017enju na tu nuspojavu.<\/p>\n\n\n\n<p>\u010caj od kadulje neke nuspojave i negativne efekte mo\u017ee imati kod prekomjerne konzumacije dulje vrijeme (vi\u0161e od 3-5 \u0161alica svakodnevno se smatra previ\u0161e), te bi to svakako trebalo izbjegavati. <\/p>\n\n\n\n<h3 class=\"wp-block-heading\">Koliko \u0161alica \u010daja od kadulje dnevno?<\/h3>\n\n\n\n<p>Kadulja \u010daj je specifi\u010dnog okusa te iako nema posebna ograni\u010denja rijetko je \u010daj koji se uobi\u010dajeno koristi. No, on se mo\u017ee piti preventivno, ali i kod odre\u0111enih stanja. <\/p>\n\n\n\n<p>Nekoliko \u0161alica \u010daja dnevno se smatra sigurnim, no bilo bi dobro se ograni\u010diti na 2 do 3 \u0161alice dnevno.<\/p>\n\n\n\n<p>Preko 4 \u0161alice se smatra previ\u0161e, te ih ne bi trebalo prelaziti \u010dak i kod tretmana osim ako nije propisano druga\u010dije. <\/p>\n\n\n\n<h3 class=\"wp-block-heading\">Priprema \u010daja od kadulje<\/h3>\n\n\n\n<p>Ukoliko na uputama na pakiranju nije druga\u010dije nazna\u010deno, \u010dajnu \u017elicu biljke ili filtar vre\u0107icu prelijte s 0,2 l vrele vode. Poklopite i pustite da odstoji 5 do 10 minuta. Procijedite i pijte svje\u017ee pripremljeni \u010daj. Detaljnije: <a href=\"https:\/\/covermagazin.com\/?p=54015\">Priprema \u010daja od kadulje \u2013 5 odli\u010dnih na\u010dina kako skuhati \u010daj od koprive<\/a><\/p>\n\n\n\n<h3 class=\"wp-block-heading\">\u010caj od kadulje kalorije<\/h3>\n\n\n\n<p>\u010cajevi mogu pomo\u0107i odr\u017eavanju tijela hidratiziranim, a istovremeno sadr\u017ee malo kalorija, a imaju druge zdravstvene prednosti. \u010caj od kadulje se u to uklapa te \u0161alica \u010daja od kadulje ima manje od jedne kalorije.<\/p>\n\n\n\n<p>\u0160alica \u010daja od kadulje ima 1 kaloriju.<\/p>\n\n\n\n<p>To vrijedi ukoliko se u \u010daj ne dodaje \u0161e\u0107er ili med.<\/p>\n\n\n\n<h3 class=\"wp-block-heading\">Kadulja \u010daj<\/h3>\n\n\n\n<p>Kadulja \u010daj se tradicionalno koristio kod problema sa \u017eelucem i probavom. To tradicionalno svojstvo \u010daja se zadr\u017ealo do danas te je i danas popularna primjena kadulja \u010daj upravo na tom podru\u010dju. \u010cak su i brojna istra\u017eivanja to poduprla. Protuupalna svojstva kadulja \u010daja mogu pomo\u0107i kod crijevnih problema, ali i kod gripe, ka\u0161lja te upala u ustima.<\/p>\n\n\n\n<p>Kadulja \u010daj kod bolova u \u017eelucu kojima je uzrok hladno\u0107a, ali i drugi uzroci mo\u017ee se pripremiti tako da se tri lista svje\u017ee kadulje zakuhaju s 200 ml vode, i s kri\u0161kom korice limuna. Skinuti sa \u0161tednjaka, ostaviti oko 5 minuta, te procijediti. Kada se \u010daj malo ohladi piti u malim gutljajima.<\/p>\n\n\n\n<p>Kadulja \u010daj mo\u017ee pomo\u0107i i za ravniji trbuh, optimalno je da se \u010daj pripremi sa svje\u017eom kaduljom, mentom i ru\u017emarinom. Ovakva kombinacija \u010daja poma\u017ee kod nadutosti, ali i za druge probleme sa stomakom.<\/p>\n\n\n\n<h3 class=\"wp-block-heading\">Kako koristiti kadulju osim za \u010daj<\/h3>\n\n\n\n<p>Kadulja se koristi za aromatiziranje razli\u010ditih jela, te se mo\u017ee koristiti svje\u017ea kao i suha kadulja.<\/p>\n\n\n\n<p>Okus kadulje je intenzivan te se koristi u relativno malim koli\u010dinama, kao i ve\u0107ina za\u010dinskog bilja. Dobro se sla\u017ee s mesom, dodaje se umacima, tjesteninama, te uz jela u kojima se koristi panceta.<\/p>\n\n\n\n<p>Kadulja se mo\u017ee koristiti za konzumaciju, bilo kao \u010daj tako i u raznim receptima, ali i za vanjsku primjenu. Koristi se svje\u017ea i su\u0161ena, te kao tinktura.<\/p>\n\n\n\n<p>Za vanjsku primjenu se mogu koristiti direktno listovi kadulje, ali i \u010daj od kadulje kao npr za grgljanje grla i ispiranje usta u svojstvu vodice za usta.<\/p>\n\n\n\n<p><strong>Hidrolat kadulje<\/strong><\/p>\n\n\n\n<p>Hidrolat kadulje se koristi kod prekomjernog znojenja, ali i za razne probleme s ko\u017eom poput tretmana za masnu ko\u017eu, ali i za vlasi\u0161te kod pojave prhuti.<\/p>\n\n\n\n<p>Kod izrade hidrolata kadulja se ovisno o potrebama i planiranoj namjeni mo\u017ee kombinirati s drugim biljem. Hidrolat kadulje ima antibakterijska svojstva te djeluje kao antiseptik. Kod masne ko\u017ee mo\u017ee pomo\u0107i za smanjenje proizvodnje sebuma, te kod akni smanjiti upalne procese kao i prekomjernu proizvodnju sebuma.<\/p>\n\n\n\n<p>Uz to hidrolat kadulje poma\u017ee regeneraciji ko\u017ee, te mo\u017ee djelovati protiv starenja ko\u017ee.<\/p>\n\n\n\n<p>Hidrolat kadulje se mo\u017ee koristiti jednostavno ako tonik za lice. Tako\u0111er, mo\u017ee se koristiti kao dezodorans.<\/p>\n\n\n\n<h3 class=\"wp-block-heading\">Kadulja u stanu<\/h3>\n\n\n\n<p>Kadulja je aromati\u010dna biljka koja se \u010desto koristi u kuhinji, bilo za pravljenje \u010daja, bilo kao dodatak u pripremi razli\u010ditih jela. Mo\u017ee se koristiti svje\u017ea i su\u0161ena. Kadulja se mo\u017ee uzgajati kod ku\u0107e, kako bi se stalno pri ruci imala svje\u017ea kadulja.<\/p>\n\n\n\n<p>Kadulja prirodno raste na sun\u010danim mjestima i u toplim podnebljima, iako podnosi i hladnije temperature. Izbor zemlje odnosno tla za kadulju je mekano, skoro pjeskovito. Tlo koje je propusno, budu\u0107i da kadulji ne treba puno vode. Ukoliko se uzgaja u ku\u0107i ili stanu, odnosno u vazama, dobro bi bilo napraviti rupe na dnu kako bi se osiguralo da vi\u0161ak vode mo\u017ee oti\u0107i dalje.<\/p>\n\n\n\n<p>Kadulju je dobro redovito zalijevati, budu\u0107i da ona voli svje\u017eu a ne ustajalu vodu, ali istovremeno omogu\u0107iti oticanje vode iz vaze.<\/p>\n\n\n\n<p>Kadulja se mo\u017ee uzgojiti presa\u0111ivanjem, ali i iz sjemena.<\/p>\n\n\n\n<p>Dobro bi bilo koristiti posude \/ vaze tridesetak centimetara visine, te na dno staviti sloj pijeska.<\/p>\n\n\n\n<p>Nekih mjesec dana nakon presa\u0111ivanja ne bi trebalo dirati li\u0161\u0107e, odnosno brati s biljke kako bi se ustabilila. Nakon toga mo\u017ee se brati li\u0161\u0107e po potrebi, s tim da je bolje napraviti \u010disti rez umjesto kidanja listova.<\/p>\n\n\n\n<h4 class=\"wp-block-heading\">Kadulja \u010daj &#8211; \u010caj od kadulje<\/h4>\n\n\n\n<p>Kadulja \u010daj je intenzivnog okusa s brojnim zdravstvenim prednostima. Kadulja se mo\u017ee koristiti kao za\u010din, dodavati u razli\u010dita jela, ali i kao \u010daj. Kadulja \u010daj se radi od su\u0161enih, ali i od svje\u017eih listova kadulje.<\/p>\n\n\n\n<p>Kadulja \u010daj ima protuupalna svojstva, sadr\u017ei antioksidanse te druge spojeve koji mogu pomo\u0107i u prevenciji razli\u010ditih bolesti. Kadulja ima svojstva koja poti\u010du zacjeljivanje ko\u017ee, mo\u017ee pomo\u0107i za regulaciju znojenja, promi\u010de oralnu higijenu, te mo\u017ee pomo\u0107i u prevenciji nekih vrsta raka. Kadulja \u010daj poma\u017ee kod upale grla i ka\u0161lja, te ja\u010da imunolo\u0161ki sustav. Mo\u017ee pomo\u0107i i za popravljanje raspolo\u017eenja, ali i pam\u0107enja te mo\u017ee biti koristan kod Alzheimerove bolesti.<\/p>\n\n\n\n<p><strong>Vezano:<\/strong><\/p>\n\n\n\n<figure class=\"wp-block-embed is-type-wp-embed is-provider-cover-magazin-com wp-block-embed-cover-magazin-com\"><div class=\"wp-block-embed__wrapper\">\n<blockquote class=\"wp-embedded-content\" data-secret=\"FK9BAiFswO\"><a href=\"https:\/\/covermagazin.com\/?page_id=29483\">\u010cajevi<\/a><\/blockquote><iframe loading=\"lazy\" class=\"wp-embedded-content\" sandbox=\"allow-scripts\" security=\"restricted\" style=\"position: absolute; visibility: hidden;\" title=\"&#8220;\u010cajevi&#8221; &#8212; COVER magazin.com\" src=\"https:\/\/covermagazin.com\/?page_id=29483&#038;embed=true#?secret=szwj7iyDNJ#?secret=FK9BAiFswO\" data-secret=\"FK9BAiFswO\" width=\"500\" height=\"282\" frameborder=\"0\" marginwidth=\"0\" marginheight=\"0\" scrolling=\"no\"><\/iframe>\n<\/div><\/figure>\n","protected":false},"excerpt":{"rendered":"<p>Kadulja i \u010daj od KADULJE, utjecaj na zdravlje, nuspojave i koliko \u010daja piti Kadulja spada u ljekovito najvrjednije bilje. Ima \u0161irok spektar djelovanja, a relativno malo nuspojava. \u010caj od kadulje Kadulja je biljaka s mediteranskog podru\u010dja iz porodice Lamiaceae kojoj pripadaju i lavanda, menta, ru\u017emarin i maj\u010dina du\u0161ica. Kadulja spada me\u0111u biljke koje su se [&hellip;]<\/p>\n","protected":false},"author":1,"featured_media":40010,"parent":29483,"menu_order":0,"comment_status":"closed","ping_status":"closed","template":"","meta":{"footnotes":"","_links_to":"","_links_to_target":""},"class_list":["post-29297","page","type-page","status-publish","has-post-thumbnail","hentry"],"_links":{"self":[{"href":"https:\/\/covermagazin.com\/index.php?rest_route=\/wp\/v2\/pages\/29297","targetHints":{"allow":["GET"]}}],"collection":[{"href":"https:\/\/covermagazin.com\/index.php?rest_route=\/wp\/v2\/pages"}],"about":[{"href":"https:\/\/covermagazin.com\/index.php?rest_route=\/wp\/v2\/types\/page"}],"author":[{"embeddable":true,"href":"https:\/\/covermagazin.com\/index.php?rest_route=\/wp\/v2\/users\/1"}],"replies":[{"embeddable":true,"href":"https:\/\/covermagazin.com\/index.php?rest_route=%2Fwp%2Fv2%2Fcomments&post=29297"}],"version-history":[{"count":19,"href":"https:\/\/covermagazin.com\/index.php?rest_route=\/wp\/v2\/pages\/29297\/revisions"}],"predecessor-version":[{"id":71999,"href":"https:\/\/covermagazin.com\/index.php?rest_route=\/wp\/v2\/pages\/29297\/revisions\/71999"}],"up":[{"embeddable":true,"href":"https:\/\/covermagazin.com\/index.php?rest_route=\/wp\/v2\/pages\/29483"}],"wp:featuredmedia":[{"embeddable":true,"href":"https:\/\/covermagazin.com\/index.php?rest_route=\/wp\/v2\/media\/40010"}],"wp:attachment":[{"href":"https:\/\/covermagazin.com\/index.php?rest_route=%2Fwp%2Fv2%2Fmedia&parent=29297"}],"curies":[{"name":"wp","href":"https:\/\/api.w.org\/{rel}","templated":true}]}}