{"id":29294,"date":"2024-11-28T06:39:36","date_gmt":"2024-11-28T04:39:36","guid":{"rendered":"https:\/\/covermagazin.com\/?page_id=29294"},"modified":"2024-11-28T15:39:40","modified_gmt":"2024-11-28T13:39:40","slug":"hrastova-kora-caj-od-hrastove-kore","status":"publish","type":"page","link":"https:\/\/covermagazin.com\/?page_id=29294","title":{"rendered":"Hrastova kora i \u010daj od hrastove kore, djelovanje, nuspojave i koliko \u010daja piti"},"content":{"rendered":"\n<p><a href=\"https:\/\/covermagazin.com\/?attachment_id=40007\" rel=\"attachment wp-att-40007\"><img loading=\"lazy\" decoding=\"async\" class=\"alignnone size-full wp-image-40007\" src=\"https:\/\/covermagazin.com\/wp-content\/uploads\/2020\/06\/Hrastova-kora-\u010caj-od-hrastove-kore.jpg\" alt=\"\" width=\"600\" height=\"401\" srcset=\"https:\/\/covermagazin.com\/wp-content\/uploads\/2020\/06\/Hrastova-kora-\u010caj-od-hrastove-kore.jpg 600w, https:\/\/covermagazin.com\/wp-content\/uploads\/2020\/06\/Hrastova-kora-\u010caj-od-hrastove-kore-300x201.jpg 300w, https:\/\/covermagazin.com\/wp-content\/uploads\/2020\/06\/Hrastova-kora-\u010caj-od-hrastove-kore-576x384.jpg 576w\" sizes=\"auto, (max-width: 600px) 100vw, 600px\" \/><\/a><\/p>\n\n\n\n<h2 class=\"wp-block-heading\">Hrastova kora i \u010daj od hrastove kore, djelovanje, nuspojave i koliko \u010daja piti<\/h2>\n\n\n\n<p>Najdjelotvornija je kora mladih grana i izdanaka, a tanin iz kore hrasta djelotvorna je tvar.<\/p>\n\n\n\n<p>\u010caj od hrastove kore ve\u017ee uz sebe otrove koje unosimo hranom i zrakom udisajima, pa zbog toga slu\u017ei za pro\u010di\u0161\u0107avanje tijela.<\/p>\n\n\n\n<p>\u010caj je dobro piti kod mamurluka jer olak\u0161ava trije\u017enjenje.<\/p>\n\n\n\n<p>Kod uboda komaraca i drugih insekata tako\u0111er \u0107e vam pomo\u0107i \u010daj od hrastove kore.<br>\u010caj i kupka poma\u017eu kod psorijaze, te u lije\u010denju drugih ko\u017enih oboljenja.<\/p>\n\n\n\n<p>Osim toga \u010daj od hrastove kore koristi se za ispiranje kod upale grla i drugih upala usne \u0161upljine.<\/p>\n\n\n\n<p>Jedno od podru\u010dja na kojima se koristi hrastova kora su hemoroidi.<\/p>\n\n\n\n<h3 class=\"wp-block-heading\">\u010caj od hrastove kor nuspojave<\/h3>\n\n\n\n<p>\u010caj od hrastove kore mo\u017ee uzrokovati proljev, stoga treba biti pa\u017eljiv kod njegove konzumacije.<\/p>\n\n\n\n<h3 class=\"wp-block-heading\">Koliko \u010daja piti?<\/h3>\n\n\n\n<p>Ne postoje stroge preporuke ali se samtra da se ne bi trebalo prekora\u010diti dozu od 3 \u0161alice \u010daja dnevno.<\/p>\n\n\n\n<p>\u010caj konzumirati tri do \u010detiri dana.<\/p>\n\n\n\n<h3 class=\"wp-block-heading\">Priprema \u010daja od hrastove kore<\/h3>\n\n\n\n<p>Priprema: U litru vode stavite \u017elicu hrastove kore, te kuhajte 5 do 10 minuta. Pije se s mlijekom bez \u0161e\u0107era.<\/p>\n","protected":false},"excerpt":{"rendered":"<p>Hrastova kora i \u010daj od hrastove kore, djelovanje, nuspojave i koliko \u010daja piti Najdjelotvornija je kora mladih grana i izdanaka, a tanin iz kore hrasta djelotvorna je tvar. \u010caj od hrastove kore ve\u017ee uz sebe otrove koje unosimo hranom i zrakom udisajima, pa zbog toga slu\u017ei za pro\u010di\u0161\u0107avanje tijela. \u010caj je dobro piti kod mamurluka [&hellip;]<\/p>\n","protected":false},"author":1,"featured_media":40007,"parent":29483,"menu_order":0,"comment_status":"closed","ping_status":"closed","template":"","meta":{"footnotes":"","_links_to":"","_links_to_target":""},"class_list":["post-29294","page","type-page","status-publish","has-post-thumbnail","hentry"],"_links":{"self":[{"href":"https:\/\/covermagazin.com\/index.php?rest_route=\/wp\/v2\/pages\/29294","targetHints":{"allow":["GET"]}}],"collection":[{"href":"https:\/\/covermagazin.com\/index.php?rest_route=\/wp\/v2\/pages"}],"about":[{"href":"https:\/\/covermagazin.com\/index.php?rest_route=\/wp\/v2\/types\/page"}],"author":[{"embeddable":true,"href":"https:\/\/covermagazin.com\/index.php?rest_route=\/wp\/v2\/users\/1"}],"replies":[{"embeddable":true,"href":"https:\/\/covermagazin.com\/index.php?rest_route=%2Fwp%2Fv2%2Fcomments&post=29294"}],"version-history":[{"count":6,"href":"https:\/\/covermagazin.com\/index.php?rest_route=\/wp\/v2\/pages\/29294\/revisions"}],"predecessor-version":[{"id":71995,"href":"https:\/\/covermagazin.com\/index.php?rest_route=\/wp\/v2\/pages\/29294\/revisions\/71995"}],"up":[{"embeddable":true,"href":"https:\/\/covermagazin.com\/index.php?rest_route=\/wp\/v2\/pages\/29483"}],"wp:featuredmedia":[{"embeddable":true,"href":"https:\/\/covermagazin.com\/index.php?rest_route=\/wp\/v2\/media\/40007"}],"wp:attachment":[{"href":"https:\/\/covermagazin.com\/index.php?rest_route=%2Fwp%2Fv2%2Fmedia&parent=29294"}],"curies":[{"name":"wp","href":"https:\/\/api.w.org\/{rel}","templated":true}]}}