{"id":29291,"date":"2024-09-08T09:58:14","date_gmt":"2024-09-08T07:58:14","guid":{"rendered":"https:\/\/covermagazin.com\/?page_id=29291"},"modified":"2024-11-28T15:37:22","modified_gmt":"2024-11-28T13:37:22","slug":"gospina-trava-caj-od-gospine-trave","status":"publish","type":"page","link":"https:\/\/covermagazin.com\/?page_id=29291","title":{"rendered":"Gospina trava i \u010daj od GOSPINE TRAVE, dobrobiti, nuspojave i koliko \u010daja piti"},"content":{"rendered":"\n<p><a href=\"https:\/\/covermagazin.com\/?attachment_id=40004\" rel=\"attachment wp-att-40004\"><img loading=\"lazy\" decoding=\"async\" class=\"alignnone size-full wp-image-40004\" src=\"https:\/\/covermagazin.com\/wp-content\/uploads\/2020\/06\/Gospina-trava-\u010caj-od-gospine-trave.jpg\" alt=\"\" width=\"600\" height=\"401\" srcset=\"https:\/\/covermagazin.com\/wp-content\/uploads\/2020\/06\/Gospina-trava-\u010caj-od-gospine-trave.jpg 600w, https:\/\/covermagazin.com\/wp-content\/uploads\/2020\/06\/Gospina-trava-\u010caj-od-gospine-trave-300x201.jpg 300w, https:\/\/covermagazin.com\/wp-content\/uploads\/2020\/06\/Gospina-trava-\u010caj-od-gospine-trave-576x384.jpg 576w\" sizes=\"auto, (max-width: 600px) 100vw, 600px\" \/><\/a><\/p>\n\n\n\n<h2 class=\"wp-block-heading\">Gospina trava i \u010daj od gospine trave,  dobrobiti, nuspojave i koliko \u010daja piti<\/h2>\n\n\n\n<p>Gospina trava ili kantarion (lat.Hypericum perforatum) najpoznatiji je prirodni lijek protiv depresije. Njeni blistavo \u017euti cvjetovi i simboli\u010dno predstavljaju mo\u0107 sunca u otjerivanju sila tame, a njeni antidepresivni u\u010dinci visoko su cijenjeni i u konvencionalnoj medicini. <\/p>\n\n\n\n<h3 class=\"wp-block-heading\">\u010caj od gospine trave<\/h3>\n\n\n\n<p>Gospina trava se ve\u0107 stotinama godina koristi oralno za tretiranje depresivnih stanja, poti\u0161tenosti, anksioznosti, kao i kod bolova \u017eivaca.<\/p>\n\n\n\n<p>Oblozi od gospine trave ili ulje gospine trave izvana se koristi kod rana, opeklina, sun\u010danih opeklina, kod ujeda insekata i sl.<\/p>\n\n\n\n<p>Travari i neki lije\u010dnici je preporu\u010duju kod rana koje te\u017ee zacjeljuju jer ubrzava obnovu ko\u017ee.<\/p>\n\n\n\n<p>Prema nekim istra\u017eivanjima gospina trava mo\u017ee pomo\u0107i kod PMS-a te kod menopauze.<\/p>\n\n\n\n<p>Kada se koristi u svrhu lije\u010denja depresije gospina trava nije \u201ebrz\u201c lijek. S njom ne\u0107ete posti\u0107i trenutni oporavak, ali pokazuje odli\u010dne dugoro\u010dne rezultate. Biljka poma\u017ee tijelu i du\u0161i da se oporavi, te se izgradi \u010dvrst temelj za kompletno izlje\u010denje. <\/p>\n\n\n\n<h3 class=\"wp-block-heading\">\u010caj od gospine trave protiv depresije<\/h3>\n\n\n\n<p>\u010caj od gospine trave se \u010desto ve\u017ee uz depresiju, odnosno kao \u010daj koji s epije kod stanja anksioznosti i depresije, i mo\u017eda je po tome najpoznatiji. U tradicionalnoj medicini se gospina trava koristila protiv depresije, a i moderna znanost se bavi prou\u010davanjem utjecaja gospine trave na depresivna stanja.<\/p>\n\n\n\n<p>Smatra se da su u\u010dinci gospine trave sli\u010dni antidepresivima, a mnoga istra\u017eivanja su pratila utjecaj i djelotvornost gospine trave na depresiju. Sastojci gospine trave djeluju na podizanje i regulaciju raspolo\u017eenja.<\/p>\n\n\n\n<p>Istra\u017eivanje \u201eA systematic review of St. John\u2019s wort for major depressive disorder\u201d obuhvatilo je 35 drugih istra\u017eivanja ove tematike, te je do\u0161lo do zaklju\u010dka da gospina trava pokazuje dobre rezultate kod blage depresije.<\/p>\n\n\n\n<p>I neka druga istra\u017eivanja su pokazala sli\u010dno. Mnoga istra\u017eivanja bavila su pra\u0107enjem konzumacije gospine trave na depresiju. \u010cesto su depresija i anksioznost usko povezane, te se pratio utjecaj i gospine trave na anksioznost. Iako na tom podru\u010dju ima manje istra\u017eivanja, smatra se da gospina trava mo\u017ee pomo\u0107i i kod anksioznosti. <\/p>\n\n\n\n<p>Osim \u010daja od gospine trave mogu se prona\u0107i i suplementi prehrani sa ekstraktom gospine trave. To je jednostavniji na\u010din za one koji nemaju vremena svakodnevno pripremati \u010daj.<\/p>\n\n\n\n<h3 class=\"wp-block-heading\">Koliko pit \u010daj od gospine trave?<\/h3>\n\n\n\n<p>U pravilu se \u010daj pije tri puta dnevno, osim ako nije druga\u010dije nazna\u010deno u uputama, a prije nego \u0161to primijetite prva pobolj\u0161anja morat \u0107ete pri\u010dekati najmanje tjedan ili dva.<\/p>\n\n\n\n<p>Obi\u010dno jedan tretman traje tri do \u0161est mjeseci. Iako osobe primijete zna\u010dajno pobolj\u0161anje ve\u0107 nakon mjesec do dva kori\u0161tenja, tretman nije preporu\u010dljivo prekidati radi potpunog izlje\u010denja. Povremeni prekid je najbolje napraviti tijekom ljeta.<\/p>\n\n\n\n<h3 class=\"wp-block-heading\">Priprema \u010daja od gospine trave<\/h3>\n\n\n\n<p>Priprema: Ukoliko na uputama na pakiranju nije druga\u010dije nazna\u010deno, \u010dajnu \u017elicu biljke ili filtar vre\u0107icu prelijte s 0,2 l vrele vode. Poklopite i pustite da odstoji 5 do 10 minuta. Procijedite i pijte svje\u017ee pripremljeni \u010daj.<\/p>\n\n\n\n<h3 class=\"wp-block-heading\">Gospina trava nuspojave<\/h3>\n\n\n\n<p>Pri normalnoj uporabi nisu zamije\u0107eni neki negativni efekti, iako gospina trava jako utje\u010de na druge lijekove i njihovu djelotvornost, posebno kontracepcijskih pilula, lijekova za tretiranje tumora ili onih za lije\u010denje HIV-a. Zbog toga je nu\u017eno konzultirati se s lije\u010dnikom prije tretmana gospinom travom.<\/p>\n\n\n\n<p>Tako\u0111er, poznato je kako gospina trava \u010dini ko\u017eu osjetljivijom na sun\u010devu svjetlost, zbog toga je vrlo va\u017eno izbjegavati sunce za vrijeme kori\u0161tenja biljke.<\/p>\n\n\n\n<p><strong>\u010caj od gospine trave<\/strong><\/p>\n\n\n\n<p>Gospina trava se tradicionalno koristila kod depresije, anksioznosti, ali i stresa, te nekih sli\u010dnih stanja. Osim toga gospina trava se mo\u017ee koristiti kod PMS-a, zacjeljivanja rana, uboda insekata, sun\u010danih opeklina, te simptom menopauze.<\/p>\n\n\n\n<p>Iako se gospina trava ve\u017ee uz tradicionalnu medicinu i moderna znanstvena istra\u017eivanja \u010desto prate njen utjecaj, te se pokazalo da posebno kod blage i srednje depresije gospina trava mo\u017ee biti od pomo\u0107i, iako se preporu\u010duj oprez pri njenom kori\u0161tenju, posebno zbog interakcije s nekim lijekovima.<\/p>\n\n\n\n<p><strong>Vezano:<\/strong><\/p>\n\n\n\n<figure class=\"wp-block-embed is-type-wp-embed is-provider-cover-magazin-com wp-block-embed-cover-magazin-com\"><div class=\"wp-block-embed__wrapper\">\n<blockquote class=\"wp-embedded-content\" data-secret=\"hlmlU0cVt2\"><a href=\"https:\/\/covermagazin.com\/?page_id=29483\">\u010cajevi<\/a><\/blockquote><iframe loading=\"lazy\" class=\"wp-embedded-content\" sandbox=\"allow-scripts\" security=\"restricted\" style=\"position: absolute; visibility: hidden;\" title=\"&#8220;\u010cajevi&#8221; &#8212; COVER magazin.com\" src=\"https:\/\/covermagazin.com\/?page_id=29483&#038;embed=true#?secret=GW2sGjM8q8#?secret=hlmlU0cVt2\" data-secret=\"hlmlU0cVt2\" width=\"500\" height=\"282\" frameborder=\"0\" marginwidth=\"0\" marginheight=\"0\" scrolling=\"no\"><\/iframe>\n<\/div><\/figure>\n","protected":false},"excerpt":{"rendered":"<p>Gospina trava i \u010daj od gospine trave, dobrobiti, nuspojave i koliko \u010daja piti Gospina trava ili kantarion (lat.Hypericum perforatum) najpoznatiji je prirodni lijek protiv depresije. Njeni blistavo \u017euti cvjetovi i simboli\u010dno predstavljaju mo\u0107 sunca u otjerivanju sila tame, a njeni antidepresivni u\u010dinci visoko su cijenjeni i u konvencionalnoj medicini. \u010caj od gospine trave Gospina trava [&hellip;]<\/p>\n","protected":false},"author":1,"featured_media":40004,"parent":29483,"menu_order":0,"comment_status":"closed","ping_status":"closed","template":"","meta":{"footnotes":"","_links_to":"","_links_to_target":""},"class_list":["post-29291","page","type-page","status-publish","has-post-thumbnail","hentry"],"_links":{"self":[{"href":"https:\/\/covermagazin.com\/index.php?rest_route=\/wp\/v2\/pages\/29291","targetHints":{"allow":["GET"]}}],"collection":[{"href":"https:\/\/covermagazin.com\/index.php?rest_route=\/wp\/v2\/pages"}],"about":[{"href":"https:\/\/covermagazin.com\/index.php?rest_route=\/wp\/v2\/types\/page"}],"author":[{"embeddable":true,"href":"https:\/\/covermagazin.com\/index.php?rest_route=\/wp\/v2\/users\/1"}],"replies":[{"embeddable":true,"href":"https:\/\/covermagazin.com\/index.php?rest_route=%2Fwp%2Fv2%2Fcomments&post=29291"}],"version-history":[{"count":8,"href":"https:\/\/covermagazin.com\/index.php?rest_route=\/wp\/v2\/pages\/29291\/revisions"}],"predecessor-version":[{"id":71993,"href":"https:\/\/covermagazin.com\/index.php?rest_route=\/wp\/v2\/pages\/29291\/revisions\/71993"}],"up":[{"embeddable":true,"href":"https:\/\/covermagazin.com\/index.php?rest_route=\/wp\/v2\/pages\/29483"}],"wp:featuredmedia":[{"embeddable":true,"href":"https:\/\/covermagazin.com\/index.php?rest_route=\/wp\/v2\/media\/40004"}],"wp:attachment":[{"href":"https:\/\/covermagazin.com\/index.php?rest_route=%2Fwp%2Fv2%2Fmedia&parent=29291"}],"curies":[{"name":"wp","href":"https:\/\/api.w.org\/{rel}","templated":true}]}}