{"id":29288,"date":"2024-09-08T09:48:03","date_gmt":"2024-09-08T07:48:03","guid":{"rendered":"https:\/\/covermagazin.com\/?page_id=29288"},"modified":"2024-11-28T15:35:35","modified_gmt":"2024-11-28T13:35:35","slug":"ginseng-caj-od-ginsenga","status":"publish","type":"page","link":"https:\/\/covermagazin.com\/?page_id=29288","title":{"rendered":"GINSENG i \u010daj od ginsenga, djelovanje, nuspojave i koliko \u010daja piti"},"content":{"rendered":"\n<p><a href=\"https:\/\/covermagazin.com\/?attachment_id=40001\" rel=\"attachment wp-att-40001\"><img loading=\"lazy\" decoding=\"async\" class=\"alignnone size-full wp-image-40001\" src=\"https:\/\/covermagazin.com\/wp-content\/uploads\/2020\/06\/Ginseng-\u010caj-od-ginsenga.jpg\" alt=\"\" width=\"600\" height=\"399\" srcset=\"https:\/\/covermagazin.com\/wp-content\/uploads\/2020\/06\/Ginseng-\u010caj-od-ginsenga.jpg 600w, https:\/\/covermagazin.com\/wp-content\/uploads\/2020\/06\/Ginseng-\u010caj-od-ginsenga-300x200.jpg 300w, https:\/\/covermagazin.com\/wp-content\/uploads\/2020\/06\/Ginseng-\u010caj-od-ginsenga-576x384.jpg 576w\" sizes=\"auto, (max-width: 600px) 100vw, 600px\" \/><\/a><\/p>\n\n\n\n<h2 class=\"wp-block-heading\">GINSENG i \u010daj od ginsenga, djelovanje, nuspojave i koliko \u010daja piti<\/h2>\n\n\n\n<p>\u010caj od ginsenga obi\u010dno se kupuje u \u010dajnim mje\u0161avinama.<br>U svome sastavu sadr\u017ei flavonoide i trepene. Preporu\u010duje ga se piti kod velikih napora, posebno psihi\u010dkih. Koristan je u borbi protiv stresa. Starije osobe bi ga trebale piti za pobolj\u0161anje koncentracije i pam\u0107enja.<\/p>\n\n\n\n<p>Ginseng se kao sastojak koristi u kozmetici uglavnom za u\u010dvr\u0161\u0107ivanje ko\u017ee, te kao sastojak protiv bora.<\/p>\n\n\n\n<h3 class=\"wp-block-heading\">\u010caj od ginsenga<\/h3>\n\n\n\n<p>Korijen ginsenga se mo\u017ee \u017evakati, ali i koristiti za pripremu \u010daja, te se smatra da je \u010dak u\u010dinkovitiji kada se koristi kao \u010daj. \u010caj od ginsenga se uglavnom nalazi u obliku praha, ali se mo\u017ee prona\u0107i kao komadi\u0107i korijena.<\/p>\n\n\n\n<p>\u010caj od ginsenga se \u010desto mije\u0161a s drugim biljkama, a neke od njih su sladi\u0107 \u0111umbir&#8230;<\/p>\n\n\n\n<p>\u010caj od ginsenga pove\u0107ava otpornost na hladno\u0107u, te na fizi\u010dki umor. Za ginseng i \u010daj od ginsenga se ka\u017ee da pobolj\u0161ava sposobnost tijela da se prilagodi vanjskim uvjetima, ali da mo\u017ee djelovati i na unutarnja stanja poput depresije, sposobnost reagiranja na podra\u017eaje, pove\u0107ava u\u010dinkovitost, potrebnu reakciju.<\/p>\n\n\n\n<p>On djeluje kao stimulans, mo\u017ee pobolj\u0161ati pam\u0107enje i koncentraciju. Mo\u017ee biti koristan kod osoba koje te\u017ee zadr\u017eavaju fokus. \u010caj od ginsenga mo\u017ee smanjiti razinu \u0161e\u0107era u krvi, djeluje na kolesterol, te na imunolo\u0161ki sustav.<\/p>\n\n\n\n<p>Osim toga \u010daj od ginsenga poti\u010de apetit, ali poma\u017ee i kod probavnih smetnji.<\/p>\n\n\n\n<p>Op\u0107enito kako u kozmetici, tako i kao \u010daj ginseng na odre\u0111eni na\u010din djeluje protiv starenja, odnosno svih onih stvari koje uobi\u010dajeno prate starenje, poput slabije koncentracije, manje fizi\u010dke sposobnosti, pam\u0107enja, ali djeluje i na ko\u017eu i bore. \u010caj od ginsenga djeluje okrepljuju\u0107e.<\/p>\n\n\n\n<h3 class=\"wp-block-heading\">Djelovanje \u010daja od ginsenga i zdravstvene prednosti<\/h3>\n\n\n\n<p>Kao \u0161to se vidi \u010daj od ginsenga djeluje na razli\u010ditim podru\u010djima, no, njegove prednosti su vi\u0161e izra\u017eene kod uobi\u010dajenih tako re\u0107i teku\u0107ih pote\u0161ko\u0107a poput umora nego kod nekuih akutnih stanja.<br>\u010caj od ginsenga mo\u017ee djelovati tako da:<\/p>\n\n\n\n<ul class=\"wp-block-list\">\n<li>osna\u017ei tijelo<\/li>\n\n\n\n<li>smanji stres<\/li>\n\n\n\n<li>pove\u0107a fizi\u010dku izdr\u017eljivost<\/li>\n\n\n\n<li>pove\u0107a otpornost na hladno\u0107u<\/li>\n\n\n\n<li>pobolj\u0161a pam\u0107enje<\/li>\n\n\n\n<li>pobolj\u0161a fokus i koncentraciju<\/li>\n\n\n\n<li>ja\u010da imunolo\u0161ki sustav<\/li>\n\n\n\n<li>pobolj\u0161a probavu<\/li>\n\n\n\n<li>poti\u010de apetit<\/li>\n\n\n\n<li>snizi razine \u0161e\u0107era u krvi i kolesterol<\/li>\n\n\n\n<li>prevenira osteoporozu.<\/li>\n<\/ul>\n\n\n\n<h3 class=\"wp-block-heading\">Crveni i bijeli ginseng<\/h3>\n\n\n\n<p>S obzirom da se mogu vidjeti natpisi crveni i bijeli ginseng, koji izabrati? Korijen ginsenga je kada se vadi bijele odnosno svijetlo sme\u0111e boje, a crveni ginseng se dobije kuhanjem<\/p>\n\n\n\n<p>Crveni ginseg se proizvodi od korijena koji su stari \u0161est godina, a proces pripreme \u010daja zahtijeva kuhanje na pari na 100 stupnjeva \u0161to dovodi do toga da korijen postaje crvene boje. Ovaj proces djeluje da pove\u0107ava iskoristivost aktivnih sastojaka iz korijena ginsenga. Korijen se potom su\u0161i i usitnjava, te se od njega pravi \u010daj. <\/p>\n\n\n\n<p>No, postoji i crveno sme\u0111a varijanta korijena, divlji ginseng, koji ima ve\u0107u koncentraciju aktivnih sastojaka, ali on je ne\u0161to rje\u0111i.<\/p>\n\n\n\n<h3 class=\"wp-block-heading\">\u010caj od ginsenga \u2013 nuspojave<\/h3>\n\n\n\n<p>\u010caj od ginsenga se ne bi trebao koristiti kod akutnih upalnih bolesti ili hipertenzije.<\/p>\n\n\n\n<p>S obzirom da je ginseng stimulans, ne bi ga trebalo kombinirati s kavom ili \u010dajevima koji sadr\u017ee kofein.<\/p>\n\n\n\n<h3 class=\"wp-block-heading\">Koliko \u010daja od ginsenga piti<\/h3>\n\n\n\n<p>Ako se \u010daj od ginsenga konzumira redovito, trebalo bi napraviti povremeno pauzu. Svaka dva mjeseca bi ga trebalo prestati piti dva tjedna.<\/p>\n\n\n\n<p>Za \u010daj od ginsenga se ka\u017ee da svoje u\u010dinke pokazuje samo ako se koristi redovito. Stoga kod definiranja ritma konzumaciju uzmite u obzir i pauze.<\/p>\n\n\n\n<p>Kada se pije \u010daj od ginsenga trebalo bi smanjiti ili izbjegavati konzumaciju kave i \u010daja s kofeinom, budu\u0107i da i ginseng djeluje kao stimulans.<\/p>\n\n\n\n<h3 class=\"wp-block-heading\">\u010caj od ginsenga u trudno\u0107i<\/h3>\n\n\n\n<p>\u010caj od ginsenga se ne bi trebao konzumirati tijekom trudno\u0107e.<\/p>\n\n\n\n<h3 class=\"wp-block-heading\">Priprema \u010daja od ginsenga<\/h3>\n\n\n\n<p>\u010caj od ginsenga mo\u017ee biti u rinfuzi, pakiran u vre\u0107icama ili u prahu. Mo\u017ee se pripremati kao klasi\u010dan tip \u010daja, ali i kao instant \u010daj.<\/p>\n\n\n\n<p><strong>Priprema:<\/strong> Ukoliko na uputama na pakiranju nije druga\u010dije nazna\u010deno, \u010dajnu \u017elicu biljke ili filtar vre\u0107icu prelijte s 0,2 l vrele vode. Poklopite i pustite da odstoji 5 do 10 minuta. Procijedite i pijte svje\u017ee pripremljeni \u010daj.<\/p>\n\n\n\n<p>U \u010daj se mo\u017ee dodati med, \u010de\u0161e\u0107ra, mlijko, limunov sok&#8230;<\/p>\n\n\n\n<p>Jedan od glavnih nedostataka \u010daja od ginsenga \u0161to je relativno skup u odnosu na druge vrste \u010dajeva.<\/p>\n\n\n\n<p><strong>Vezano:<\/strong><\/p>\n\n\n\n<figure class=\"wp-block-embed is-type-wp-embed is-provider-cover-magazin-com wp-block-embed-cover-magazin-com\"><div class=\"wp-block-embed__wrapper\">\n<blockquote class=\"wp-embedded-content\" data-secret=\"GEsexeq3A5\"><a href=\"https:\/\/covermagazin.com\/?page_id=29483\">\u010cajevi<\/a><\/blockquote><iframe loading=\"lazy\" class=\"wp-embedded-content\" sandbox=\"allow-scripts\" security=\"restricted\" style=\"position: absolute; visibility: hidden;\" title=\"&#8220;\u010cajevi&#8221; &#8212; COVER magazin.com\" src=\"https:\/\/covermagazin.com\/?page_id=29483&#038;embed=true#?secret=2w72JdswER#?secret=GEsexeq3A5\" data-secret=\"GEsexeq3A5\" width=\"500\" height=\"282\" frameborder=\"0\" marginwidth=\"0\" marginheight=\"0\" scrolling=\"no\"><\/iframe>\n<\/div><\/figure>\n","protected":false},"excerpt":{"rendered":"<p>GINSENG i \u010daj od ginsenga, djelovanje, nuspojave i koliko \u010daja piti \u010caj od ginsenga obi\u010dno se kupuje u \u010dajnim mje\u0161avinama.U svome sastavu sadr\u017ei flavonoide i trepene. Preporu\u010duje ga se piti kod velikih napora, posebno psihi\u010dkih. Koristan je u borbi protiv stresa. Starije osobe bi ga trebale piti za pobolj\u0161anje koncentracije i pam\u0107enja. Ginseng se kao [&hellip;]<\/p>\n","protected":false},"author":1,"featured_media":40001,"parent":29483,"menu_order":0,"comment_status":"closed","ping_status":"closed","template":"","meta":{"footnotes":"","_links_to":"","_links_to_target":""},"class_list":["post-29288","page","type-page","status-publish","has-post-thumbnail","hentry"],"_links":{"self":[{"href":"https:\/\/covermagazin.com\/index.php?rest_route=\/wp\/v2\/pages\/29288","targetHints":{"allow":["GET"]}}],"collection":[{"href":"https:\/\/covermagazin.com\/index.php?rest_route=\/wp\/v2\/pages"}],"about":[{"href":"https:\/\/covermagazin.com\/index.php?rest_route=\/wp\/v2\/types\/page"}],"author":[{"embeddable":true,"href":"https:\/\/covermagazin.com\/index.php?rest_route=\/wp\/v2\/users\/1"}],"replies":[{"embeddable":true,"href":"https:\/\/covermagazin.com\/index.php?rest_route=%2Fwp%2Fv2%2Fcomments&post=29288"}],"version-history":[{"count":7,"href":"https:\/\/covermagazin.com\/index.php?rest_route=\/wp\/v2\/pages\/29288\/revisions"}],"predecessor-version":[{"id":71943,"href":"https:\/\/covermagazin.com\/index.php?rest_route=\/wp\/v2\/pages\/29288\/revisions\/71943"}],"up":[{"embeddable":true,"href":"https:\/\/covermagazin.com\/index.php?rest_route=\/wp\/v2\/pages\/29483"}],"wp:featuredmedia":[{"embeddable":true,"href":"https:\/\/covermagazin.com\/index.php?rest_route=\/wp\/v2\/media\/40001"}],"wp:attachment":[{"href":"https:\/\/covermagazin.com\/index.php?rest_route=%2Fwp%2Fv2%2Fmedia&parent=29288"}],"curies":[{"name":"wp","href":"https:\/\/api.w.org\/{rel}","templated":true}]}}