{"id":29277,"date":"2024-11-28T06:13:53","date_gmt":"2024-11-28T04:13:53","guid":{"rendered":"https:\/\/covermagazin.com\/?page_id=29277"},"modified":"2024-11-28T15:13:58","modified_gmt":"2024-11-28T13:13:58","slug":"brusnica-caj-od-brusnice","status":"publish","type":"page","link":"https:\/\/covermagazin.com\/?page_id=29277","title":{"rendered":"Brusnica i \u010daj od BRUSNICE, utjecaj na zdravlje, nuspojave i priprema \u010daja"},"content":{"rendered":"\n<p><a href=\"https:\/\/covermagazin.com\/?attachment_id=39989\" rel=\"attachment wp-att-39989\"><img loading=\"lazy\" decoding=\"async\" class=\"alignnone size-full wp-image-39989\" src=\"https:\/\/covermagazin.com\/wp-content\/uploads\/2020\/06\/Brusnica-caj-od-brusnice.jpg\" alt=\"\" width=\"600\" height=\"401\" srcset=\"https:\/\/covermagazin.com\/wp-content\/uploads\/2020\/06\/Brusnica-caj-od-brusnice.jpg 600w, https:\/\/covermagazin.com\/wp-content\/uploads\/2020\/06\/Brusnica-caj-od-brusnice-300x201.jpg 300w, https:\/\/covermagazin.com\/wp-content\/uploads\/2020\/06\/Brusnica-caj-od-brusnice-576x384.jpg 576w\" sizes=\"auto, (max-width: 600px) 100vw, 600px\" \/><\/a><\/p>\n\n\n\n<h2 class=\"wp-block-heading\">Brusnica i \u010daj od BRUSNICE, utjecaj na zdravlje, nuspojave i priprema \u010daja<\/h2>\n\n\n\n<p>Brusnice su specifi\u010dnog okusa, te mnogi rado piju i \u010daj od brusnice. No, osim okusa on ima i druge prednosti. Okus je pomalo kiselkast te onima koji ne vole kisele okuse, mo\u017eda \u0107e manje odgovarati. Brusnica sadr\u017ei kiseline zbog kojih ima takav okus. <\/p>\n\n\n\n<p>Plod brusnice se mo\u017ee konzumirati svje\u017e, kao svje\u017ee cije\u0111eni sok, d\u017eem, marmelada, ali i kao \u010daj. Brusnice se tako\u0111er dodaju u umake, te su sastojak nekih glavnih jela. <\/p>\n\n\n\n<p>Brusnice sadr\u017ee vitamin C, bakar, lutein, anitoksidante&#8230; Vi\u0161e o brusnicama i njihovoj nutritivnoj vrijednosti: <a href=\"https:\/\/covermagazin.com\/?p=54385\">BRUSNICA kalorije, deblja li brusnica?<\/a><\/p>\n\n\n\n<h3 class=\"wp-block-heading\">Ljekovitost \u010daja od brusnice i utjecaj na zdravlje<\/h3>\n\n\n\n<p>\u010caj od brusnice ima brojna ljekovita svojstva koja se o\u010dituju na razli\u010ditim podru\u010djima, te se ne mo\u017ee definirati  samo jedno podru\u010dje iako se danas vjerojatno naj\u010de\u0161\u0107e koristi \u010daj od brusnice kod upale mjehura i mokra\u0107nih kanala. <\/p>\n\n\n\n<p>Brusnica je antiseptik, a naj\u010de\u0161\u0107e se koristi u lije\u010denju mokra\u0107nih organa.<\/p>\n\n\n\n<p>\u010caj od brusnice bogat je vitaminima, me\u0111u kojima vitaminom C, K i E.<\/p>\n\n\n\n<p>\u010caj je vrlo koristan i kod katara i gr\u010deva mjehura, te kod upale bubrega. \u010caj od brusnice poma\u017ee u izbacivanju toksina iz tijela te je dobar za jetra i bubrege.<\/p>\n\n\n\n<p>\u010caj od brusnice je najpoznatiji po svome djelovanju na mokra\u0107ne kanale, poma\u017ee u izbacivanju bakterija iz mokra\u0107nog sustava i sprje\u010dava infekcije.<\/p>\n\n\n\n<p>\u010caj od brusnice povoljno djeluje kod osoba koje pate od gihta ili reume.<\/p>\n\n\n\n<p>Mo\u017ee se piti za prevenciju nastanka krvo\u017eilnih i tumorskih oboljenja.<\/p>\n\n\n\n<p>\u010caj od brusnice poma\u017ee smanjiti kolesterol, te poma\u017ee u prevenciji kardiovaskularnih bolesti.<\/p>\n\n\n\n<p>\u010caj od brusnice poma\u017ee u balansiranju hormona, te poma\u017ee u smanjivanju stresa i anksioznosti.<\/p>\n\n\n\n<p>Brusnice su bogate antioksidansima, te vitaminom C. Antioksidansi sprje\u010davaju o\u0161te\u0107enja, infekcije te poma\u017eu u za\u0161titi od bolesti ,te \u010daj od brusnice mo\u017ee pomo\u0107i u ja\u010danju imuno sustava. <\/p>\n\n\n\n<p>\u010caj od brusnice mo\u017ee uklanjati toksine, \u0161titi o\u010di, a antibakterijska svojstva mogu pomo\u0107i u prevenciji degenrativnih bolesti o\u010diju.<\/p>\n\n\n\n<p>Prirodno antisepti\u010dko djelovanje brusnice poma\u017ee u o\u010duvanju zuba, eliminira nakupljeni plak, te djeluje antibakterijski. Stoga su brusnice dobar izbor za o\u010duvanje zdravlja usta i zuba.<\/p>\n\n\n\n<h3 class=\"wp-block-heading\">\u010caj od brusnice za mr\u0161avljenje<\/h3>\n\n\n\n<p>\u010caj od brusnice mo\u017ee pomo\u0107i pri mr\u0161avljenju, te poma\u017ee u izbacivanju toksina iz tijela. Za mr\u0161avljenje je dobra kombinacija \u010daja od brusnice i zelenog \u010daja. \u010caj od brusnice poma\u017ee ubrzati metabolizam te je i na taj na\u010din dobar za mr\u0161avljenje.<\/p>\n\n\n\n<p>\u010caj od brusnice i samostalno dobro djeluje na nakupljene masno\u0107e, te mo\u017ee pomo\u0107i u smanjivanju nakupljenih masno\u0107a. <\/p>\n\n\n\n<h3 class=\"wp-block-heading\">Brusnica i urinarne infekcije<\/h3>\n\n\n\n<p>Jedno od naj\u010de\u0161\u0107ih podru\u010dja na kojima svoje djelovanje pokazuje brusnica su urinarne infekcije. Infekcije urinarnog sustava zahva\u0107a bubrege, mjehur ili mokra\u0107ne kanale, a uglavnom se o\u010dituje uz bolno i u\u010destalo mokrenje.<\/p>\n\n\n\n<p>\u010caj i sok od brusnice \u010desto se konzumiraju u ovom slu\u010daju, a neka istra\u017eivanja su pokazala da brusnica mo\u017ee pomo\u0107i i unaprijed u sprje\u010davanju infekcija.<\/p>\n\n\n\n<p>Listovi od brusnice sadr\u017ee arbutin i tanin te imaju antisepti\u010dko i protuupalno djelovanje te se koriste kod urinarnih infekcija, sli\u010dno kao i listovi borovnice te uvin \u010daj. No, s konzumacijom \u010daja od listova brusnice treba biti oprezan, te pratiti upute na pakiranju ili se posavjetovati s lije\u010dnikom. <\/p>\n\n\n\n<h3 class=\"wp-block-heading\">\u010caj od brusnice &#8211; nuspojave<\/h3>\n\n\n\n<p>Osim brojnih pozitivnih efekata \u010daj od brusnice mo\u017ee imati i neke nuspojave. Osobe alergi\u010dne na aspirin ne bi trebale konzumirati \u010daj od brusnice budu\u0107i da sadr\u017ei salicilnu kiselinu. Tako\u0111er, ne preporu\u010duje se konzumiranje trudnicama i dojiljama.<\/p>\n\n\n\n<h3 class=\"wp-block-heading\">Priprema \u010daja od brusnice<\/h3>\n\n\n\n<p>Ukoliko na uputama na pakiranju nije druga\u010dije nazna\u010deno, \u010dajnu \u017elicu biljke ili filtar vre\u0107icu prelijte s 0,2 l vrele vode. Poklopite i pustite da odstoji 5 do 10 minuta. Procijedite i pijte svje\u017ee pripremljeni \u010daj.<\/p>\n\n\n\n<p>\u010caj od brusnice ima brojna svojstva koja djeluju na zdravlje, te se njen u\u010dinak mo\u017ee vidjeti na razli\u010ditim podru\u010djima, od upale mokra\u0107nog mjehura, o\u010duvanju krvo\u017eilnog sustava, smanjenju kolesterola, ten kod balansiranja hormona.<\/p>\n\n\n\n<p>No, zbog svoje specifi\u010dnosti, \u010daj od brusnice treba konzumirati umjereno.<\/p>\n\n\n\n<p><strong>Vezano:<\/strong><\/p>\n\n\n\n<figure class=\"wp-block-embed is-type-wp-embed is-provider-cover-magazin-com wp-block-embed-cover-magazin-com\"><div class=\"wp-block-embed__wrapper\">\n<blockquote class=\"wp-embedded-content\" data-secret=\"10cw4bFOT9\"><a href=\"https:\/\/covermagazin.com\/?page_id=29483\">\u010cajevi<\/a><\/blockquote><iframe loading=\"lazy\" class=\"wp-embedded-content\" sandbox=\"allow-scripts\" security=\"restricted\" style=\"position: absolute; visibility: hidden;\" title=\"&#8220;\u010cajevi&#8221; &#8212; COVER magazin.com\" src=\"https:\/\/covermagazin.com\/?page_id=29483&#038;embed=true#?secret=8YrlwSXQXL#?secret=10cw4bFOT9\" data-secret=\"10cw4bFOT9\" width=\"500\" height=\"282\" frameborder=\"0\" marginwidth=\"0\" marginheight=\"0\" scrolling=\"no\"><\/iframe>\n<\/div><\/figure>\n\n\n\n<figure class=\"wp-block-embed is-type-wp-embed is-provider-cover-magazin-com wp-block-embed-cover-magazin-com\"><div class=\"wp-block-embed__wrapper\">\n<blockquote class=\"wp-embedded-content\" data-secret=\"RfRrZnaLK2\"><a href=\"https:\/\/covermagazin.com\/?p=54385\">BRUSNICA kalorije,  deblja li brusnica?<\/a><\/blockquote><iframe loading=\"lazy\" class=\"wp-embedded-content\" sandbox=\"allow-scripts\" security=\"restricted\" style=\"position: absolute; visibility: hidden;\" title=\"&#8220;BRUSNICA kalorije,  deblja li brusnica?&#8221; &#8212; COVER magazin.com\" src=\"https:\/\/covermagazin.com\/?p=54385&#038;embed=true#?secret=FoiCmNXjw2#?secret=RfRrZnaLK2\" data-secret=\"RfRrZnaLK2\" width=\"500\" height=\"282\" frameborder=\"0\" marginwidth=\"0\" marginheight=\"0\" scrolling=\"no\"><\/iframe>\n<\/div><\/figure>\n","protected":false},"excerpt":{"rendered":"<p>Brusnica i \u010daj od BRUSNICE, utjecaj na zdravlje, nuspojave i priprema \u010daja Brusnice su specifi\u010dnog okusa, te mnogi rado piju i \u010daj od brusnice. No, osim okusa on ima i druge prednosti. Okus je pomalo kiselkast te onima koji ne vole kisele okuse, mo\u017eda \u0107e manje odgovarati. Brusnica sadr\u017ei kiseline zbog kojih ima takav okus. [&hellip;]<\/p>\n","protected":false},"author":1,"featured_media":39989,"parent":29483,"menu_order":0,"comment_status":"closed","ping_status":"closed","template":"","meta":{"footnotes":"","_links_to":"","_links_to_target":""},"class_list":["post-29277","page","type-page","status-publish","has-post-thumbnail","hentry"],"_links":{"self":[{"href":"https:\/\/covermagazin.com\/index.php?rest_route=\/wp\/v2\/pages\/29277","targetHints":{"allow":["GET"]}}],"collection":[{"href":"https:\/\/covermagazin.com\/index.php?rest_route=\/wp\/v2\/pages"}],"about":[{"href":"https:\/\/covermagazin.com\/index.php?rest_route=\/wp\/v2\/types\/page"}],"author":[{"embeddable":true,"href":"https:\/\/covermagazin.com\/index.php?rest_route=\/wp\/v2\/users\/1"}],"replies":[{"embeddable":true,"href":"https:\/\/covermagazin.com\/index.php?rest_route=%2Fwp%2Fv2%2Fcomments&post=29277"}],"version-history":[{"count":13,"href":"https:\/\/covermagazin.com\/index.php?rest_route=\/wp\/v2\/pages\/29277\/revisions"}],"predecessor-version":[{"id":71973,"href":"https:\/\/covermagazin.com\/index.php?rest_route=\/wp\/v2\/pages\/29277\/revisions\/71973"}],"up":[{"embeddable":true,"href":"https:\/\/covermagazin.com\/index.php?rest_route=\/wp\/v2\/pages\/29483"}],"wp:featuredmedia":[{"embeddable":true,"href":"https:\/\/covermagazin.com\/index.php?rest_route=\/wp\/v2\/media\/39989"}],"wp:attachment":[{"href":"https:\/\/covermagazin.com\/index.php?rest_route=%2Fwp%2Fv2%2Fmedia&parent=29277"}],"curies":[{"name":"wp","href":"https:\/\/api.w.org\/{rel}","templated":true}]}}