{"id":29274,"date":"2024-11-28T07:46:36","date_gmt":"2024-11-28T05:46:36","guid":{"rendered":"https:\/\/covermagazin.com\/?page_id=29274"},"modified":"2024-11-28T14:46:44","modified_gmt":"2024-11-28T12:46:44","slug":"borovnica-caj-od-borovnice","status":"publish","type":"page","link":"https:\/\/covermagazin.com\/?page_id=29274","title":{"rendered":"Borovnica i \u010daj od borovnice, ljekovitost, nuspojave i koliko \u010daja piti"},"content":{"rendered":"\n<p><a href=\"https:\/\/covermagazin.com\/?attachment_id=39986\" rel=\"attachment wp-att-39986\"><img loading=\"lazy\" decoding=\"async\" class=\"alignnone size-full wp-image-39986\" src=\"https:\/\/covermagazin.com\/wp-content\/uploads\/2020\/06\/Borovnica-caj-od-borovnice.jpg\" alt=\"\" width=\"600\" height=\"389\" srcset=\"https:\/\/covermagazin.com\/wp-content\/uploads\/2020\/06\/Borovnica-caj-od-borovnice.jpg 600w, https:\/\/covermagazin.com\/wp-content\/uploads\/2020\/06\/Borovnica-caj-od-borovnice-300x195.jpg 300w\" sizes=\"auto, (max-width: 600px) 100vw, 600px\" \/><\/a><\/p>\n\n\n\n<h2 class=\"wp-block-heading\">Borovnica i \u010daj od borovnice, ljekovitost, nuspojave i koliko \u010daja piti<\/h2>\n\n\n\n<p>\u010caj od borovnice obi\u010dno se kupuje kao mje\u0161avina. Kao i vo\u0107e \u010daj je prirodni izvor flavona koji pokre\u0107u antioksidante u tijelu. Tako\u0111er, kao i svaki \u010daj vra\u0107a vodu u tijelo, te ga se mo\u017ee ura\u010dunati u 2 litre nu\u017ene teku\u0107ine.<br>\u010caj od borovnice ubla\u017eava upalu mokra\u0107nog mjehura, a koristan je i osobama koje \u010desto umaraju o\u010di, jer \u010duva o\u010dnu mre\u017enicu.<\/p>\n\n\n\n<h3 class=\"wp-block-heading\">Borovnica<\/h3>\n\n\n\n<p>Borovnica je grm, koji je na na\u0161im podru\u010djima dosta rasprostranjen. Ovo vo\u0107e se konzumira na razli\u010dite na\u010dine, mo\u017ee se jesti svje\u017ee, popularne su su\u0161ene borovnice, ali i sok od borovnice kao i \u010daj od borovnice. Osim toga \u010desto se priprema i d\u017eem ili marmelada od borovnice.<\/p>\n\n\n\n<p>Borovnica ima brojna svojstva me\u0111u kojima su najpopularnija protuupalna svojstva, adstrigeno djelovanje, aktivni sastojci djeluju na krvo\u017eilni sustav, ima antivirusno i antibakterijsko djelovanje, uz to borovnica djeluje kao laksativ.  <\/p>\n\n\n\n<p>U su\u0161enim borovnicama prisutni su flavonoidi, tanini, pektin, vitamini B i C, te minerali. Vi\u0161e o nutritivnim vrijednostima borovnice: <a href=\"https:\/\/covermagazin.com\/?p=60836\">BOROVNICE kalorije \u2013 Debljaju li borovnice? Koliko borovnica dnevno?<\/a><\/p>\n\n\n\n<p>S obzirom da se \u010daj od borovnice \u010desto nalazi kao mje\u0161avina \u010daja, odnosno u kombinaciji s drugim \u010dajevima i su\u0161enim vo\u0107em, djelovanje \u010daja bit \u0107e uvjetovano i ostalim sastojcima koji se uz borovnicu nalaze u \u010daju. <\/p>\n\n\n\n<h3 class=\"wp-block-heading\">\u010caj od borovnice<\/h3>\n\n\n\n<p>Iako se \u010daj od borovnice \u010desto pije zbog svog mirisa i okusa, on ima i brojne druge prednosti. \u010caj od borovnice se mo\u017ee koristit za ja\u010danje kapilara, kod smetnji vida, problema s vidom kod no\u0107ne vo\u017enje i sumraka, te protiv proljeva&#8230;<\/p>\n\n\n\n<p>\u010caj od borovnice mo\u017ee dobro djelovati na srce i krvo\u017eilni sustav.<br>\u010caj od borovnice ja\u010da imunolo\u0161ki sustav. On mo\u017ee pomo\u0107i unaprijed, ali i u ubrzavanju procesa oporavka.<br>\u010caj o borovnice mo\u017ee pomo\u0107i i kognitivnim funkcijama, te boljem radu mozga. Poma\u017ee i za bolju cirkulaciju krvi.<\/p>\n\n\n\n<p>\u010caj od borovnice mo\u017ee pomo\u0107i za bolji vid &#8211; vitamin A koji se nalazi u borovnicama poma\u017ee o\u010duvanju vida, te ovaj vitamin iz borovnica mo\u017ee pomo\u0107i kod makularne degeneracije. <\/p>\n\n\n\n<p>\u010caj od borovnice mo\u017ee djelovati i na gusto\u0107u kostiju te mo\u017ee smanjiti rizik nastanka osteoporoze.<\/p>\n\n\n\n<h3 class=\"wp-block-heading\">\u010caj od borovnice i kalorije<\/h3>\n\n\n\n<p>\u010caj od borovnice ima oko dvije kalorije ukoliko se konzumira nezasla\u0111en. To ga \u010dini nisko kalori\u010dnim pi\u0107em. Vi\u0161e: <a href=\"https:\/\/covermagazin.com\/?p=62556\">\u010cAJ kalorije, koliko kalorija ima \u0161alica \u010daja?<\/a><\/p>\n\n\n\n<h3 class=\"wp-block-heading\">\u010caj od borovnice nuspojave<\/h3>\n\n\n\n<p>\u010caj od borovnice nema neke ve\u0107e nuspojave, ali ga treba konzumirati u umjerenim koli\u010dinama. Nuspojave se mogu pojaviti kod osoba koje su osjetljive ili alergi\u010dne na borovnice.<\/p>\n\n\n\n<p>Ukoliko se konzumira previ\u0161e, odnosno vi\u0161e od 3 \u0161alice \u010daja od borovnice on mo\u017ee izazvati mu\u010dninu ili proljev, stoga kako bi u\u017eivali u dobrobitima ovog \u010daja, ne treba pretjerivati.<\/p>\n\n\n\n<p>\u010caj od listova borovnice treba konzumirati s oprezom.<\/p>\n\n\n\n<h3 class=\"wp-block-heading\">Koliko \u010daja od borovnice piti<\/h3>\n\n\n\n<p>Kako bi se iskoristile prednosti ovog \u010daja treba ga konzumirati umjereno, odnosno do tri \u0161alice \u010daja od borovnice dnevno.<\/p>\n\n\n\n<h3 class=\"wp-block-heading\">Priprema \u010daja od borovnice<\/h3>\n\n\n\n<p>Ukoliko na uputama na pakiranju nije druga\u010dije nazna\u010deno, \u010dajnu \u017elicu biljke ili filtar vre\u0107icu prelijte s 0,2 l vrele vode. Poklopite i pustite da odstoji 5 do 10 minuta. Procijedite i pijte svje\u017ee pripremljeni \u010daj.<\/p>\n\n\n\n<h3 class=\"wp-block-heading\">\u010caj od listova borovnice<\/h3>\n\n\n\n<p>\u010caj od listova borovnice se priprema od su\u0161enog li\u0161\u0107a borovnice. Druga\u010dijeg je okusa nego \u010daj od plodova borovnice. On je vi\u0161e travnatog okusa, te se \u010desto mije\u0161a sa su\u0161enim plodovima borovnica kako bi dobio aromo borovnica.<br>Listovi borovnice su izvor antioksidansa, bogat je polifenolima\u2026<br>\u010caj od listova borovnice mo\u017ee pomo\u0107i u sni\u017eavanju mast te kod hepatitisa C.<br>\u010caj od borovnica koji je mje\u0161avina li\u0161\u0107a i plodova borovnice sadr\u017ei antocijanine koji se nalaze u vo\u0107u u bojama, ali su topljivi u vodi, tako da se nalaze i u \u010daju. Pove\u0107ani unos antocijanina mo\u017ee pomo\u0107i u smanjenju rizika od dijabetesa tipa 2.<\/p>\n\n\n\n<h4 class=\"wp-block-heading\">\u010caj od li\u0161\u0107a borovnice \u2013 priprema<\/h4>\n\n\n\n<p>Jednu \u017eli\u010dicu suhog li\u0161\u0107a borovnice preliti sa 200 ml vru\u0107e vode. Poklopiti i ostaviti da odstoji 5 minuta. Procijediti i konzumirati.<\/p>\n\n\n\n<p>\u010caj od li\u0161\u0107a borovnica mo\u017ee imati nuspojave te je potreban dodatni oprez pri njegovoj konzumaciji. <\/p>\n\n\n\n<p><strong>Vezano:<\/strong><\/p>\n\n\n\n<figure class=\"wp-block-embed is-type-wp-embed is-provider-cover-magazin-com wp-block-embed-cover-magazin-com\"><div class=\"wp-block-embed__wrapper\">\n<blockquote class=\"wp-embedded-content\" data-secret=\"httjhRpeA9\"><a href=\"https:\/\/covermagazin.com\/?page_id=29483\">\u010cajevi<\/a><\/blockquote><iframe loading=\"lazy\" class=\"wp-embedded-content\" sandbox=\"allow-scripts\" security=\"restricted\" style=\"position: absolute; visibility: hidden;\" title=\"&#8220;\u010cajevi&#8221; &#8212; COVER magazin.com\" src=\"https:\/\/covermagazin.com\/?page_id=29483&#038;embed=true#?secret=Fyhx67uVfM#?secret=httjhRpeA9\" data-secret=\"httjhRpeA9\" width=\"500\" height=\"282\" frameborder=\"0\" marginwidth=\"0\" marginheight=\"0\" scrolling=\"no\"><\/iframe>\n<\/div><\/figure>\n","protected":false},"excerpt":{"rendered":"<p>Borovnica i \u010daj od borovnice, ljekovitost, nuspojave i koliko \u010daja piti \u010caj od borovnice obi\u010dno se kupuje kao mje\u0161avina. Kao i vo\u0107e \u010daj je prirodni izvor flavona koji pokre\u0107u antioksidante u tijelu. Tako\u0111er, kao i svaki \u010daj vra\u0107a vodu u tijelo, te ga se mo\u017ee ura\u010dunati u 2 litre nu\u017ene teku\u0107ine.\u010caj od borovnice ubla\u017eava upalu [&hellip;]<\/p>\n","protected":false},"author":1,"featured_media":39986,"parent":29483,"menu_order":0,"comment_status":"closed","ping_status":"closed","template":"","meta":{"footnotes":"","_links_to":"","_links_to_target":""},"class_list":["post-29274","page","type-page","status-publish","has-post-thumbnail","hentry"],"_links":{"self":[{"href":"https:\/\/covermagazin.com\/index.php?rest_route=\/wp\/v2\/pages\/29274","targetHints":{"allow":["GET"]}}],"collection":[{"href":"https:\/\/covermagazin.com\/index.php?rest_route=\/wp\/v2\/pages"}],"about":[{"href":"https:\/\/covermagazin.com\/index.php?rest_route=\/wp\/v2\/types\/page"}],"author":[{"embeddable":true,"href":"https:\/\/covermagazin.com\/index.php?rest_route=\/wp\/v2\/users\/1"}],"replies":[{"embeddable":true,"href":"https:\/\/covermagazin.com\/index.php?rest_route=%2Fwp%2Fv2%2Fcomments&post=29274"}],"version-history":[{"count":6,"href":"https:\/\/covermagazin.com\/index.php?rest_route=\/wp\/v2\/pages\/29274\/revisions"}],"predecessor-version":[{"id":71967,"href":"https:\/\/covermagazin.com\/index.php?rest_route=\/wp\/v2\/pages\/29274\/revisions\/71967"}],"up":[{"embeddable":true,"href":"https:\/\/covermagazin.com\/index.php?rest_route=\/wp\/v2\/pages\/29483"}],"wp:featuredmedia":[{"embeddable":true,"href":"https:\/\/covermagazin.com\/index.php?rest_route=\/wp\/v2\/media\/39986"}],"wp:attachment":[{"href":"https:\/\/covermagazin.com\/index.php?rest_route=%2Fwp%2Fv2%2Fmedia&parent=29274"}],"curies":[{"name":"wp","href":"https:\/\/api.w.org\/{rel}","templated":true}]}}