{"id":29215,"date":"2019-12-04T06:49:03","date_gmt":"2019-12-04T04:49:03","guid":{"rendered":"https:\/\/covermagazin.com\/?page_id=29215"},"modified":"2021-12-20T19:37:57","modified_gmt":"2021-12-20T17:37:57","slug":"sanjarica-z","status":"publish","type":"page","link":"https:\/\/covermagazin.com\/?page_id=29215","title":{"rendered":"Sanjarica Z"},"content":{"rendered":"\n<figure class=\"wp-block-embed is-type-wp-embed is-provider-cover-magazin-com wp-block-embed-cover-magazin-com\"><div class=\"wp-block-embed__wrapper\">\n<blockquote class=\"wp-embedded-content\" data-secret=\"qZA7ORO54D\"><a href=\"https:\/\/covermagazin.com\/?page_id=28606\">Sanjarica \u2013 Nevjerojatno to\u010dna SANJARICA \u2013 abecedno<\/a><\/blockquote><iframe loading=\"lazy\" class=\"wp-embedded-content\" sandbox=\"allow-scripts\" security=\"restricted\" style=\"position: absolute; clip: rect(1px, 1px, 1px, 1px);\" title=\"&#8220;Sanjarica \u2013 Nevjerojatno to\u010dna SANJARICA \u2013 abecedno&#8221; &#8212; COVERmagazin.com\" src=\"https:\/\/covermagazin.com\/?page_id=28606&#038;embed=true#?secret=moUJJRZueG#?secret=qZA7ORO54D\" data-secret=\"qZA7ORO54D\" width=\"500\" height=\"282\" frameborder=\"0\" marginwidth=\"0\" marginheight=\"0\" scrolling=\"no\"><\/iframe>\n<\/div><\/figure>\n\n\n\n<p>ZABAVA &#8211; mali problemi ~ gledati tu\u0111u zabavu &#8211; priznanje<br>ZABIJATI &#8211; uhvatite se u ko\u0161tac s problemima i krenite naprijed<br>ZABLUDA ~ biti u zabludi &#8211; imate dobre prijatelje, slobodno se oslonite na njih i potra\u017eite savjet<br>ZABORAVITI ~ broj, tekst\u2026 &#8211; previ\u0161e se brinete o dojmu koji ostavljate na druge ljude ~ zaboraviti neku osobu negdje \u2013 zapitajte se koji segment svog \u017eivota zapostavljate<\/p>\n\n\n\n<p>ZABRANA \u2013 obiteljski problemi<br>ZABUNA -nisu svi ljudi iskreni<br>ZA\u010cARATI \u2013 ljubavne promjene<br>ZA\u010cINI &#8211; ne\u0161to \u0107e vam &#8220;za\u010dinite&#8221; \u017eivot<br>ZAGLIBITI &#8211; neugodnosti i problemi<br>ZAGONETKA ~ rje\u0161avati &#8211; rije\u0161it \u0107ete probleme koji vas ve\u0107 neko vrijeme mu\u010de ~ ne uspjeti rije\u0161iti &#8211; pred vam su problemi<br>ZAGORJETI \u2013 nenadani mrski gosti<br>ZAGRLJAJ &#8211; sre\u0107a<br>ZARLJAJ (MODERNO ZNA\u010cENJE) &#8211; Zagrljaj je vrlo mo\u0107an simbol jer sugerira nje\u017enost i ljubav. Simbolizira za\u0161titu i ugodnost. Jedini slu\u010daj u kojem ovaj san mo\u017ee predstavljati ne\u0161to negativno je ako vas je zagrlila jako negativna osoba koju smatrate zlo\u010destom<\/p>\n\n\n\n<p>ZAHOD &#8211; vidi TOALET<br>ZAHVALITI \u2013 prevarit \u0107e vas onaj kome se zahvaljujete<br>ZAJAM &#8211; koliki zajam i kako ga vra\u0107ate takvi vas problemi o\u010dekuju<br>ZAKLETVA ~ \u010duti &#8211; pomognite drugima ~ polo\u017eiti krivu zakletvu &#8211; budite izbirljivi \u0161to se ti\u010de partnera<br>ZAKLON ~ tra\u017eiti i na\u0107i &#8211; netko \u0107e vam pomo\u0107i rije\u0161iti neke probleme<br>ZAKON ~ pisati &#8211; o\u010dekujte nepravdu<br>ZAKOPATI ~ ne\u0161to &#8211; uskoro \u0107ete u svatove<br>ZAKRPA ~ vidjeti &#8211; te\u0161ka vremena su pred vama ~ imati &#8211; netko \u0107e vas ogovarati<br>ZAKUPNIK &#8211; nov\u010dani gubitak<br>ZALAZ SUNCA &#8211; uspjeh<br>ZALOG ~ davati &#8211; poslovni uspjeh<br>ZALUTATI ~ u \u0161umi &#8211; vjerujte u sebe ~ u nepoznatom gradu &#8211; okru\u017eeni ste neiskrenim ljudima<br>ZALJEV &#8211; uspjeh i sre\u0107a<br>ZALJUBLJENI ~ vidjeti zaljubljene &#8211; osvje\u017eite svoju vezu<br>ZALJUBLJENOST &#8211; ljubavi problemi ali uspjeh na poslu<br>ZAMIJENITI ~ ne\u0161to s nekim &#8211; poslovni uspjeh, ljubavni neuspjeh<br>ZAMI\u0160LJENOST \u2013 dobro razmislite prije nego donesete odluku<br>ZAMOTATI ~ ne\u0161to &#8211; zaslu\u017eeno pobolj\u0161anje na poslovnom planu<br>ZAPISNIK &#8211; nije potrebno brinuti i tu\u0111e brige, odmorite malo<br>ZAPLIJENITI &#8211; uspjeh<br>ZAPOVIJED ~ \u010duti &#8211; problemi u ljubavnom \u017eivotu<br>ZAPREGA &#8211; opasnost<br>ZARADA &#8211; bolje zdravstveno stanje; vidjeti tu\u0111u &#8211; prolazna bolest<br>ZARAZA &#8211; mogu\u0107a bolest ili sva\u0111e u obitelji<br>ZAROBLJENI\u0160TVO &#8211; pridajte sebi vi\u0161e pa\u017enje<br>ZARU\u010cNICA &#8211; neuspjeh<br>ZARU\u010cNIK &#8211; uspjeh<br>ZARUKE ~ tu\u0111e &#8211; lo\u0161e financijsko stanje ~ svoje &#8211; dobre vijesti<br>ZASJEDA ~ upasti u zasjedu &#8211; va\u0161i suradnici preuzimaju va\u0161e zasluge ~ pripremati zasjedu &#8211; tko drugome jamu kopa, sam u nju upada<br>ZASTOR &#8211; nisu svi ljudi iskreni, \u010duvajte se prevare<br>ZASTUPNIK -prepreke<br>ZA\u0160TITNIK ~ biti &#8211; pokazat \u0107ete drugima svoje namjere ~ imati &#8211; netko \u0107e vas nagovarati na neko lo\u0161e djelo<br>ZATVOR ~ biti zatvoren &#8211; prepreke i problemi \u0107e se pojaviti<\/p>\n\n\n\n<p>ZATVOR (MODERNO ZNA\u010cENJE) &#8211; Ako sanjate zatvor mo\u017eda \u0107ete pomisliti da ste napravili ne\u0161to nemoralno, nelegalno ili ne\u0161to zbog \u010dega zaslu\u017eujete kaznu. San o zatvoru se tako\u0111er mo\u017ee javiti ako se osje\u0107ate zato\u010deno u emotivnom smislu. U svakom slu\u010daju san sugerira kako imate neke prepreke u \u017eivotu za koje \u0107ete se morati dobro potruditi da ih savladate.<\/p>\n\n\n\n<p>ZAVIDJETI &#8211; ako se potrudite oko svojih \u017eelja uspjet \u0107ete<br>ZAVJESA &#8211; budite pa\u017eljivi u izboru prijatelja<br>ZAVJET ~ dati &#8211; pripazite, jeste li ispunili sve \u0161to ste obe\u0107ali ~ primiti &#8211; mukotrpan posao je pred vama<br>ZAVODITI &#8211; pomnije birajte dru\u0161tvo ~ ako vas netko zavodi &#8211; morate se vi\u0161e truditi da bi vas drugi prihvatili<br>ZBIRKA ~ biljaka(herbar) \u2013 sre\u0107a ~ kukaca ili kamenje &#8211; neugodnosti<br>ZBOR &#8211; va\u0161 trud se isplatio<br>ZBRAJATI &#8211; \u017eivjet \u0107ete dugo<br>ZDENAC &#8211; otkrit \u0107ete pravu istinu<br>ZDJELA ~ vidjeti \u2013 pozivnica za sve\u010danost ~ puna &#8211; nov\u010dani problemi ~ prazna &#8211; sre\u0107a<br>ZDRAVICA &#8211; sve\u010danost<br>ZEBRA &#8211; poradite malo na svojoj neodlu\u010dnosti<br>ZEC ~ vidjeti &#8211;&nbsp; dolaze vam gosti ~ mnogo ze\u010deva &#8211; sna\u017eniji ste od va\u0161ih neprijatelja ~ ubijati zeca &#8211; pripazite da ne povrijedite blisku osobu ~ jesti zeca \u2013 zdravlje ~ ako vam se zec na\u0111e na putu &#8211; usporite malo<br>ZELENA BOJA &#8211; otvorite o\u010di, previ\u0161e je la\u017ei oko vas<br>ZEMALJSKA KUGLA &#8211; putovanje<br>ZEMLJA ~ obra\u0111ivati zemlju &#8211; plodnost i dobar ljubavni \u017eivot, brak ~ jesti zemlju &#8211; vratite se na tradicionalni \u017eivot, previ\u0161e ste udaljili ~ isu\u0161ena zemlja &#8211; &#8220;kako ste posijali, tako \u0107ete i brati&#8221; ~ kopati zemlju &#8211; o\u010dekuju vas promjene<br>ZEMLJOPOSJED &#8211; bezbri\u017ean period je pred vama<br>ZEMLJOPOSJEDNIK &#8211; neke \u017eelje vam se ne\u0107e ispuniti<br>ZEMLJORADNIK &#8211; vidi RADNIK<br>ZEMLJOTRES &#8211; potresno razdoblje u \u017eivotu<br>ZEMLJOVID ~ prou\u010davati &#8211; putovanje je pred vama<br>ZEMUNICA ~ biti u njoj &#8211; ne\u0107ete biti zadovoljni sa \u017eivotom ~ vidjeti drugoga u njoj &#8211; veselit \u0107e vas tu\u0111a nesre\u0107a<br>ZET &#8211; problemi<br>ZGLOB ~ povrijediti zglob &#8211; nov\u010dani problemi ~ slomiti ga &#8211; siroma\u0161tvo<br>ZGRADA ~ gledati gradnju &#8211; potrudite se ako \u017eelite ne\u0161to posti\u0107i ~ useljavati &#8211; financije \u0107e se pobolj\u0161ati ~ ru\u0161enje &#8211; da biste do\u0161li do cilja morate pre\u0107i preko mnogo prepreka<br>ZID ~ pasti sa zida &#8211; prijatelji \u0107e vas ismijavati ~ presko\u010diti &#8211; presko\u010dili ste brige ~ graditi \u2013 vjen\u010danje ~ ru\u0161iti &#8211; novo prijateljstvo na pomolu ~ zid kao zapreka &#8211; problemi<br>ZIDAR ~ vidjeti &#8211; problemi na poslu ~ biti &#8211; zaljubit \u0107ete se ali to ne\u0107ete priznati<br>ZIDATI ~ ku\u0107u &#8211; \u017eivjet \u0107ete dugo<br>ZIJEVATI \u2013 o\u010dekuje vas naporan tjedan<br>ZIMA &#8211; zavr\u0161etak jednog razdoblja<br>ZIMNICA &#8211; po\u010dnite \u0161tedjeti<br>ZIMZELEN &#8211; okru\u017eeni ste iskrenim ljudima<br>ZLATAR &#8211; pripazite na svoj novac<br>ZLATNA RIBICA &#8211; problemi<br>ZLATNI PAPIR &#8211; uspjeh<br>ZLATNICI &#8211; nov\u010dani problemi<br>ZLATO ~ vidjeti u tu\u0111im rukama \u2013 problemi ~ posjedovati ili ga na\u0107i &#8211; dobitak, bogatstvo<\/p>\n\n\n\n<p>ZLATO (MODERNO ZNA\u010cENJE) &#8211; Snovi o zlatu mogu biti refleksija brige da \u0107emo izgubiti ne\u0161to jako vrijedno u svome \u017eivotu. Ako gubite zlato u snu, to mo\u017ee ozna\u010davati anksioznost oko izgubljenih prilika. Ali sve \u0161to sjaji nije zlato, pa ovisno o snu mo\u017eda vas va\u0161a podsvijest upozorava da ne procjenjujete prema izgledu.<\/p>\n\n\n\n<p>ZLO\u010cIN ~ po\u010diniti &#8211; budite pa\u017eljiviji<br>ZLO\u010cINAC ~ vidjeti ga &#8211; mirnom glavom mo\u017eete izbje\u0107i sukobe s okolinom<br>ZLODJELO ~ u\u010diniti &#8211; postat \u0107ete nepovjerljivi prema okolini ~ vidjeti drugog da \u010dini &#8211; sukobi<br>ZMAJ &#8211; zmaj u snovima donosi bogatstvo, novac i unapre\u0111enje ~ nasilan zmaj \u2013 nevolje ~ koji riga vatru &#8211; nemojte ogovarati druge ljude ~ boriti se s zmajem &#8211; &#8220;nije zlato sve \u0161to sja&#8221;, za neke se stvari vrijedi potruditi \u010dak i ako ne donose novac<br>ZMAJ OD PAPIRA ~ ako leti \u2013 uspjeh ~ ako nije poletio &#8211; neprilike<br>ZMIJA \u2013 neprijatelj ~ ako se u snu ne bojite zmije ili je pobijedite &#8211; takav odnos \u0107ete imati sa svojim neprijateljima<br>ZMIJSKO GNIJEZDO &#8211; netko vas poku\u0161ava prevariti<br>ZNA\u010cKA \u2013 povoljno poslovno razdoblje<br>ZNANAC ~ sresti ga &#8211; ljubavni uspjeh<br>ZNANSTVENIK &#8211; razo\u010darenje<br>ZNATI\u017dELJA ~ biti znati\u017eeljan &#8211; nije sve onako kako se \u010dini, pogledajte pa\u017eljivije<br>ZNOJ &#8211; bolest<br>ZOB &#8211; sre\u0107a<br>ZOOLO\u0160KI VRT &#8211; uspje\u0161no \u0107ete zavr\u0161iti zapo\u010deti posao<br>ZORA ~ vidjeti &#8211; uspjeh u trgovini ~ \u010dekati zoru da svane &#8211; ostvarenje nekih \u017eelja<br>ZRAK ~ udisati svje\u017e zrak \u2013 uspjeh ~ udisati zaga\u0111en zrak &#8211; susret s ljudima koje ba\u0161 i ne \u017eelite vidjeti<br>ZRAKA \u2013 dru\u0161tveni uspjeh<br>ZRAKOPLOV ~ praviti ga &#8211; simbolizira nove ideje koje treba ostvariti ~ ako pada &#8211; odbacivanje starih navika ~ letjeti u z. &#8211; neo\u010dekivani uspjeh<br>ZRCALO &#8211; vidi OGLEDALO<br>ZUBAR &#8211; ne osvr\u0107ite se previ\u0161e na mi\u0161ljenje okoline<br>ZUBI ~ lijepi zubi &#8211; okru\u017eeni ste dobrim ljudima ~ ako zub ispada &#8211; ostat \u0107ete bez prijatelja ~ ispadanje svih zuba- svi \u0107e vas napustiti, bit \u0107ete usamljeni ~ ako vam ispadaju pokvareni zubi- oslobodit \u0107ete se svih problema ~ ostaci hrane u zubima &#8211; nezaposlenost<br>ZUBOBOLJA &#8211; povrijedit \u0107e vas nerazumijevanje okoline<br>ZUMBUL &#8211; razveseliti \u0107e vas draga osoba poklonom<br>ZVATI &#8211; nekoga nepoznatog \u2013 bolest ~ nekog poznatog \u2013 vijesti ~ ako vas netko zove &#8211; zaboravili ste na ne\u0161to<\/p>\n\n\n\n<p>ZVECKATI ~ \u010duti &#8211; nisu svi ljudi oko vas iskreni<br>ZVE\u010cKA &#8211; ne\u0107ete imati nikakvih problema sa djecom<br>ZVIJERI ~ vidjeti \u2013 dobitak ~ u kavezu &#8211; nemojte preuzimati tu\u0111e zasluge ~ borba sa zvijerima &#8211; napredak<br>ZVIJEZDA ~ mnogo zvijezda na nebu &#8211; povoljno razdoblje ~ ga\u0161enje zvijezda na nebu \u2013 oskudica ~ zvijezda padavica &#8211; gubitak<br>ZVI\u017dDANJE ~ zvi\u017edati &#8211; imat \u0107ete problema sa uku\u0107anima ~ \u010duti nekoga &#8211; ne\u0107ete biti zadovoljni<br>ZVJERINJAK &#8211; upoznat \u0107ete ljude s kojima se ne\u0107ete ba\u0161 slagati<br>ZVONAR &#8211; zaslu\u017eena nagrada \u0107e sti\u0107i, ne brinite<br>ZVONIK ~ vidjeti \u2013 nevolje ~ penjati se &#8211; ostvarenje \u017eelja ~ silaziti &#8211; neuspjeh na poslovnom planu ali pre\u017eivjet \u0107ete<br>ZVONITI -ako ste nesigurni u svoje postupke, pitajte za savjet<br>ZVONO ~ vidjeti &#8211; po\u0161tujte prijatelje ~ \u010duti, a ne vidjeti zvono \u2013 bolest<\/p>\n\n\n<form role=\"search\" method=\"get\" action=\"https:\/\/covermagazin.com\/\" class=\"wp-block-search__button-outside wp-block-search__text-button wp-block-search\"    ><label class=\"wp-block-search__label\" for=\"wp-block-search__input-1\" >Za detaljno tuma\u010denje nekog pojma upi\u0161ite pojam:<\/label><div class=\"wp-block-search__inside-wrapper\" ><input class=\"wp-block-search__input\" id=\"wp-block-search__input-1\" placeholder=\"Upi\u0161ite npr: sanjati oblak \" value=\"\" type=\"search\" name=\"s\" required \/><button aria-label=\"Pretraga\" class=\"wp-block-search__button wp-element-button\" type=\"submit\" >Pretraga<\/button><\/div><\/form>\n\n\n<p><strong><a href=\"https:\/\/covermagazin.com\/?page_id=28606\">SANJARICA<\/a><\/strong><\/p>\n\n\n\n<figure class=\"wp-block-table\"><table><tbody><tr><td>\n<h1><a href=\"?page_id=29158\">A<\/a><\/h1>\n<\/td><td>\n<h1><a href=\"?page_id=29160\">B<\/a><\/h1>\n<\/td><td>\n<h1><a href=\"?page_id=29162\">C<\/a><\/h1>\n<\/td><td>\n<h1><a href=\"?page_id=29164\">\u010c <\/a><\/h1>\n<\/td><\/tr><tr><td>\n<h1><a href=\"?page_id=29166\">\u0106<\/a><\/h1>\n<\/td><td>\n<h1><a href=\"?page_id=29168\">D<\/a><\/h1>\n<\/td><td>\n<h1><a href=\"?page_id=29170\">D\u017e<\/a><\/h1>\n<\/td><td>\n<h1><a href=\"?page_id=29172\">\u0110<\/a><\/h1>\n<\/td><\/tr><tr><td>\n<h1><a href=\"?page_id=29174\">E<\/a><\/h1>\n<\/td><td>\n<h1><a href=\"?page_id=29176\">F<\/a><\/h1>\n<\/td><td>\n<h1><a href=\"?page_id=29178\">G<\/a><\/h1>\n<\/td><td>\n<h1><a href=\"?page_id=29180\">H<\/a><\/h1>\n<\/td><\/tr><tr><td>\n<h1><a href=\"?page_id=29182\">I<\/a><\/h1>\n<\/td><td>\n<h1><a href=\"?page_id=29184\">J<\/a><\/h1>\n<\/td><td>\n<h1><a href=\"?page_id=29186\">K<\/a><\/h1>\n<\/td><td>\n<h1><a href=\"?page_id=29189\">L<\/a><\/h1>\n<\/td><\/tr><tr><td>\n<h1><a href=\"?page_id=29191\">Lj<\/a><\/h1>\n<\/td><td>\n<h1><a href=\"?page_id=29193\">M<\/a><\/h1>\n<\/td><td>\n<h1><a href=\"?page_id=29195\">N<\/a><\/h1>\n<\/td><td>\n<h1><a href=\"?page_id=29197\">Nj<\/a><\/h1>\n<\/td><\/tr><tr><td>\n<h1><a href=\"?page_id=29199\">O<\/a><\/h1>\n<\/td><td>\n<h1><a href=\"?page_id=29201\">P<\/a><\/h1>\n<\/td><td>\n<h1><a href=\"?page_id=29203\">R<\/a><\/h1>\n<\/td><td>\n<h1><a href=\"?page_id=29205\">S<\/a><\/h1>\n<\/td><\/tr><tr><td>\n<h1><a href=\"?page_id=29207\">\u0160<\/a><\/h1>\n<\/td><td>\n<h1><a href=\"?page_id=29209\">T<\/a><\/h1>\n<\/td><td>\n<h1><a href=\"?page_id=29211\">U<\/a><\/h1>\n<\/td><td>\n<h1><a href=\"?page_id=29213\">V<\/a><\/h1>\n<\/td><\/tr><tr><td>\n<h1><a href=\"?page_id=29215\">Z<\/a><\/h1>\n<\/td><td>\n<h1><a href=\"?page_id=29217\">\u017d<\/a><\/h1>\n<\/td><td>\n<h1>&nbsp;<\/h1>\n<\/td><td>\n<h1>&nbsp;<\/h1>\n<\/td><\/tr><\/tbody><\/table><\/figure>\n","protected":false},"excerpt":{"rendered":"<p>ZABAVA &#8211; mali problemi ~ gledati tu\u0111u zabavu &#8211; priznanjeZABIJATI &#8211; uhvatite se u ko\u0161tac s problemima i krenite naprijedZABLUDA ~ biti u zabludi &#8211; imate dobre prijatelje, slobodno se oslonite na njih i potra\u017eite savjetZABORAVITI ~ broj, tekst\u2026 &#8211; previ\u0161e se brinete o dojmu koji ostavljate na druge ljude ~ zaboraviti neku osobu negdje [&hellip;]<\/p>\n","protected":false},"author":1,"featured_media":0,"parent":28606,"menu_order":0,"comment_status":"closed","ping_status":"closed","template":"","meta":{"footnotes":"","_links_to":"","_links_to_target":""},"class_list":["post-29215","page","type-page","status-publish","hentry"],"_links":{"self":[{"href":"https:\/\/covermagazin.com\/index.php?rest_route=\/wp\/v2\/pages\/29215","targetHints":{"allow":["GET"]}}],"collection":[{"href":"https:\/\/covermagazin.com\/index.php?rest_route=\/wp\/v2\/pages"}],"about":[{"href":"https:\/\/covermagazin.com\/index.php?rest_route=\/wp\/v2\/types\/page"}],"author":[{"embeddable":true,"href":"https:\/\/covermagazin.com\/index.php?rest_route=\/wp\/v2\/users\/1"}],"replies":[{"embeddable":true,"href":"https:\/\/covermagazin.com\/index.php?rest_route=%2Fwp%2Fv2%2Fcomments&post=29215"}],"version-history":[{"count":6,"href":"https:\/\/covermagazin.com\/index.php?rest_route=\/wp\/v2\/pages\/29215\/revisions"}],"predecessor-version":[{"id":60059,"href":"https:\/\/covermagazin.com\/index.php?rest_route=\/wp\/v2\/pages\/29215\/revisions\/60059"}],"up":[{"embeddable":true,"href":"https:\/\/covermagazin.com\/index.php?rest_route=\/wp\/v2\/pages\/28606"}],"wp:attachment":[{"href":"https:\/\/covermagazin.com\/index.php?rest_route=%2Fwp%2Fv2%2Fmedia&parent=29215"}],"curies":[{"name":"wp","href":"https:\/\/api.w.org\/{rel}","templated":true}]}}