{"id":29211,"date":"2019-12-04T06:45:31","date_gmt":"2019-12-04T04:45:31","guid":{"rendered":"https:\/\/covermagazin.com\/?page_id=29211"},"modified":"2021-05-19T12:18:41","modified_gmt":"2021-05-19T10:18:41","slug":"sanjarica-u","status":"publish","type":"page","link":"https:\/\/covermagazin.com\/?page_id=29211","title":{"rendered":"Sanjarica U"},"content":{"rendered":"\n<figure class=\"wp-block-embed is-type-wp-embed is-provider-cover-magazin-com wp-block-embed-cover-magazin-com\"><div class=\"wp-block-embed__wrapper\">\n<blockquote class=\"wp-embedded-content\" data-secret=\"xawVyCNHjC\"><a href=\"https:\/\/covermagazin.com\/?page_id=28606\">Sanjarica \u2013 Nevjerojatno to\u010dna SANJARICA \u2013 abecedno<\/a><\/blockquote><iframe loading=\"lazy\" class=\"wp-embedded-content\" sandbox=\"allow-scripts\" security=\"restricted\" style=\"position: absolute; clip: rect(1px, 1px, 1px, 1px);\" title=\"&#8220;Sanjarica \u2013 Nevjerojatno to\u010dna SANJARICA \u2013 abecedno&#8221; &#8212; COVERmagazin.com\" src=\"https:\/\/covermagazin.com\/?page_id=28606&#038;embed=true#?secret=Qi2broo85m#?secret=xawVyCNHjC\" data-secret=\"xawVyCNHjC\" width=\"500\" height=\"282\" frameborder=\"0\" marginwidth=\"0\" marginheight=\"0\" scrolling=\"no\"><\/iframe>\n<\/div><\/figure>\n\n\n\n<p>UBITI \u2013 opasnost ~ ubiti \u017eivotinje &#8211; problemati\u010dna situacija ~ biti ubijen &#8211; pripazite se<br>UBOD ~ ubosti nekog &#8211; konkurenti su vam dosta mudri i znaju okrenuti situaciju u svoju korist ~ biti uboden &#8211; zdravstveni problemi<br>UBOJICA &#8211; radostan doga\u0111aj<br>UBOJSTVO ~ vidjeti &#8211; napokon \u0107e stvari krenuti na bolje<\/p>\n\n\n\n<p>UBOJSTVO (MODERNO ZNA\u010cENJE) &#8211; Ako sanjate da u snu ubijate nekoga vjerojatno je to odraz nekih negativnih osje\u0107aja i netrpeljivosti iz svakodnevnog \u017eivota. Razmislite postoje li neke prilike za procesuiranje negativnih osje\u0107aja, kako bi vas manje izjedali iznutra. Ako u snu gledate ubojstvo, o\u010dekuju vas promjene koje vam se ne\u0107e svidjeti, ali s kojima \u0107ete se morati nositi.<\/p>\n\n\n\n<p>UBO\u017dNICA &#8211; sukobe ovaj put ne\u0107ete mo\u0107i rije\u0161iti mirnim putem<br>UBRUS &#8211; sami sebe potkopavate<br>UCJENA \u2013 nesporazumi s prisutnom osobom<br>U\u010cENIK &#8211; sre\u0107a i zadovoljstvo<br>U\u010cITELJ &#8211; gubitak, naj\u010de\u0161\u0107e ugleda<br>U\u010cITI &#8211; dobre vijesti<br>UDARAC ~ primati \u2013 sramota ~ udariti nekoga &#8211; ne\u0107ete mo\u0107i izbje\u0107i probleme<br>UDAV &#8211; razdoblje u kojem \u0107ete sklapati nova poznanstva<br>UDAVATI SE ~ za nepoznatu osobu \u2013 problemi ~ za poznatu &#8211; miran \u017eivot ~ gledati nekog &#8211; dobitak<br>UDICA &#8211; prijevara;<br>UDOVAC\/ UDOVICA ~ postati &#8211; imate dobar ljubavni odnos ~ biti &#8211; novo poznanstvo ili poslovni uspjeh<br>UDRU\u017dIVANJE &#8211; ostvarit \u0107ete bolju vezu sa partnerom<br>UDVARATI SE &#8211; poku\u0161ajte vidjeti pozitivnu stranu \u017eivota<br>UGLJEN &#8211; o\u010dekuje vas razdoblje ljubavi i zadovoljstva na kojem \u0107e vam svi zavidjeti, mo\u017eda \u0107e htjeti i potkopati va\u0161u sre\u0107u<br>UGOVARATI ~ posao &#8211; netko \u0107e vas poku\u0161ati preveslati<br>UGOVOR ~ potpisivati &#8211; te\u0161ko\u0107e na poslovnom polju ~ sastavljati &#8211; nemojte se upu\u0161tati u ilegalne poslove jer \u0107e vas skupo ko\u0161tati<br>UGRISTI ~ nekog &#8211; poslovni uspjeh u privatnom \u017eivotu neuspjeh<br>UGRIZ &#8211; pazite \u0161to radite, moglo bi se desiti ne\u0161to lo\u0161e ~ ugriz zmije &#8211; imate neprijatelja u blizini ~ ugriz konja &#8211; jedan prijatelj \u0107e pokazati svoje pravo lice<br>UHI\u0106ENJE &#8211; mogli bi imati probleme s ne\u010dim za \u0161to niste krivi<br>UHO &#8211; obiteljski problemi i manje nesuglasice ~ ako vas boli &#8211; sti\u017eu lo\u0161e vijesti<br>UHVATITI \u2013 obratite na pa\u017enju na stvar koju ste uhvatili u njoj s krije zna\u010denje<br>UKO\u010cITI SE &#8211; malo se primirite i vrata \u0107e vam se otvoriti sama, ne jurite glavom bez obzira<br>UKORITI ~ nekoga &#8211; poka\u017eite vi\u0161e razumijevanja za ljude oko sebe ~ ako vas ukore &#8211; neugodnosti zbog nekih va\u0161ih prija\u0161njih postupaka<br>UKRAS ~ vidjeti &#8211; imat \u0107ete sretan brak ~ praviti ukras &#8211; dolazi nestabilno i nesretno razdoblje<br>UKRA\u0160AVATI &#8211; planovi \u0107e vam se ostvariti uz puno truda i pomo\u0107i<br>ULAZ &#8211; kakav je takvi su i va\u0161e poslovne predispozicije<br>ULICA &#8211; vidi CESTA<br>ULIJEVATI &#8211; bolest<br>ULTRAZVUK \u2013 manji zdravstveni problemi<br>ULJE ~ piti ulje &#8211; bolest, ponekad je potrebno malo &#8220;podmazati&#8221; da bi se rije\u0161io neki problem<\/p>\n\n\n\n<p>ULJE (MODERNO ZNA\u010cENJE) &#8211; Obi\u010dno se ulje koristi u mnogim vjerskim obredima pa je u snu vjerojatno povezano sa spiritualnom stranom. Predstavlja i bogatstvo ljudima koji ga imaju, pa je naj\u010de\u0161\u0107e poszitivan simbol.<\/p>\n\n\n\n<p>UMAK &#8211; pred vama je problemati\u010dno razdoblje s puno briga<br>UMIRANJE ~ smrt drage osobe &#8211; potajno \u010deznete za nekom osobom koju niste dugo vidjeli<br>UMIVAONIK &#8211; bolest<br>UMIVATI SE &#8211; razmislite o svojim postupcima kako bi ste izbjegli pogre\u0161ke<br>UMJETNIK ~ biti &#8211; sad je vrijeme za dobre poslove ~ vidjeti ga &#8211; primirite se, pred vama je razdoblje u kojem vam ni\u0161ta ne ide od ruke<br>UMJETNINA &#8211; ostvarit \u0107e vam se neka \u017eelja<br>UMORITI ~ se &#8211; budite uporni, nemojte odustati ~ vidjeti druge umorne &#8211; dobitak<br>UMRIJETI &#8211; osloba\u0111anje od dosada\u0161njih problema<br>UNIFORMA &#8211; primit \u0107ete pohvalu ili priznanje<br>UNUK &#8211; sre\u0107a i veselje<br>UOKVIRITI ~ ne\u0161to &#8211; pripazite na novac<br>UPALJA\u010c &#8211; pazite na svoje pona\u0161anje, budite smireniji i tolerantniji<br>UPLA\u0160ITI SE \u2013 problemi ~ upla\u0161iti nekog drugog &#8211; uspjeh<br>UPOZNATI NEKOGA &#8211; pazite kome \u0161to pri\u010date<br>UPRLJATI se &#8211; dolazi bolje razdoblje<br>UPUTNICA \u2013 mogu\u0107i su manji zdravstveni problemi<br>URAR &#8211; lo\u0161e i iznenadne vijesti<br>URED &#8211; poslovni problemi i gubitak<br>URIN &#8211; dobit \u0107ete novac, ali i do\u017eivjeti neugodnosti ~ ako je mutan \u2013 bolest ~ piti &#8211; dobro zdravlje<br>URLANJE &#8211; slijede veliki problemi<br>URLATI &#8211; lo\u0161e vijesti i nesigurno razdoblje<br>URNA &#8211; dobit \u0107ete vijesti o ne\u010dijoj smrti<br>UROTA \u2013 problemi u komunikaciji<br>USAMLJENOST &#8211; poslovni uspjeh na kojem \u0107e vam svi zavidjeti<br>USIDJELICA &#8211; problemi sa ljudima oko vas<br>USISAVA\u010c \u2013 umorni ste, odmorite se malo<br>USKRS &#8211; obiteljski uspjeh<br>USKRSNU\u0106E MRTVIH &#8211; veliki nevolje ili gubitci<br>USLUGA &#8211; pazite da vas ne prevare<br>USNE &#8211; sre\u0107a i uspjeh ~ blijede usne &#8211; neuspjeh<\/p>\n\n\n\n<p>USNE (MODERNO ZNA\u010cENJE) &#8211; U popularnoj kulturi usne su simbol napretka i seksipila, ali i komunikacije. Ovisno o ljepoti usana \u0107ete interpretirati san. Ako su une lijepe o\u010dekujte pozitivne doga\u0111aje i dobro slaganje s drugima.<\/p>\n\n\n\n<p>USPJEH &#8211; osramotit \u0107ete se<br>USPOMENA &#8211; zadovoljstvo<br>USTATI &#8211; poslovni uspjeh ili ozdravljenje<br>U\u0160 &#8211; manja \u0161teta ili manji problemi ~ ako su jako velike u\u0161i ili ako ih hvatate i ubijate &#8211; dobitak<br>U\u0160I ~ imati vi\u0161e od dva uha &#8211; nai\u0107i \u0107ete na povjerljive ljude ~ \u010distiti u\u0161i &#8211; dobre vijesti<br>U\u0160TIPAK &#8211; idu bolji dani<br>UTAPANJE \u2013 trudno\u0107a ~ u moru &#8211; problemi ali sa sretnim zavr\u0161etkom ~ u blatu \u2013 problemi ~ u rijeci &#8211; zdravlje<\/p>\n\n\n\n<p>UTAPANJE (MODERNO ZNA\u010cENJE) &#8211; Snovi o utapanju su \u010desti i obi\u010dno uzrokuju nemir i strah, ali \u010desto mogu imati pozitivno zna\u010denje. Ovaj san sugerira da ste iscrpljeni i da vas preplavljuju nerije\u0161ene emocije. Ovaj san se javlja kako bi upozorio osobu koja sanja da se mora u\u010dinkovitije nositi s problemima i negativnim stvarima u svome \u017eivotu. Utapanje je vrlo \u010dest san koji budi strahove, ali najvjerojatnije ima pozitivno zna\u010denje. San sugerira da ste preoptere\u0107eni trenutnom situacijom i da vam treba odmora. On sugerira kako se trebate osloboditi starih stvari ili osje\u0107aja. Ovaj san bi trebao potaknuti osobu koja je sanjala da u\u010dinkovito prihvati probleme i zapo\u010dne rje\u0161avati negativnosti u svome \u017eivotu.<\/p>\n\n\n\n<p>UTEZI ~ dizati utege &#8211; va\u0161 trud \u0107e biti naposljetku nagra\u0111en<br>UTIKA\u010c &#8211; pazite se, mogla bi vam se dogoditi neka manja nezgoda<br>UTJEHA ~ tje\u0161iti nekoga- tom je \u010dovjeku potrebna va\u0161a briga jer je u problemima ~ ako vas tje\u0161e &#8211; najava problema<br>UTO\u010cI\u0160TE &#8211; ako se potrudite sve \u0107e biti dobro, ako vam treba pomo\u0107 tra\u017eite je i dobit \u0107ete je<br>UTORAK &#8211; pred vama je mirno razdoblje<br>UTRKA &#8211; pred vama je naporno i nesigurno razdoblje<br>UTROBA &#8211; iza\u0107i \u0107e na vidjelo ne\u0161to iz pro\u0161losti \u0161to ste htjeli sakriti<br>UVENUTI \u2013 ljubavni problemi<br>UVOJAK &#8211; sti\u017eu dobre vijesti<br>UVREDA &#8211; dobit \u0107ete zaslu\u017eeno priznanje<br>UZBU\u0110ENJE &#8211; ostvarit \u0107e se va\u0161i snovi<br>UZBUNA ~ \u010duti \u2013 zadovoljstvo ~ oglasiti uzbunu &#8211; ne vjerujte tra\u010devima<br>UZDE &#8211; sve se vra\u0107a sve se pla\u0107a, stoga pazite \u0161to radite<br>UZETOST &#8211; nemogu\u0107nost pomicanja tijela ukazuje na sukob izme\u0111u nas i o\u010dekivanja okoline<br>UZICA &#8211; rije\u0161it \u0107ete se briga koje vas mu\u010de<br>U\u017dE &#8211; pred vama je nesigurno razdoblje, ali budite uporni ~ biti vezan u\u017eetom \u2013 problemi ~ ako se uspijete odvezati &#8211; rije\u0161it \u0107ete ih<br>U\u017dITAK &#8211; zadovoljstvo i uspjeh<\/p>\n\n\n<form role=\"search\" method=\"get\" action=\"https:\/\/covermagazin.com\/\" class=\"wp-block-search__button-outside wp-block-search__text-button wp-block-search\"    ><label class=\"wp-block-search__label\" for=\"wp-block-search__input-1\" >Za detaljno tuma\u010denje nekog pojma upi\u0161ite pojam:<\/label><div class=\"wp-block-search__inside-wrapper\" ><input class=\"wp-block-search__input\" id=\"wp-block-search__input-1\" placeholder=\"Upi\u0161ite npr: sanjati oblak \" value=\"\" type=\"search\" name=\"s\" required \/><button aria-label=\"Pretraga\" class=\"wp-block-search__button wp-element-button\" type=\"submit\" >Pretraga<\/button><\/div><\/form>\n\n\n<p><strong><a href=\"https:\/\/covermagazin.com\/?page_id=28606\">SANJARICA<\/a><\/strong><\/p>\n\n\n\n<figure class=\"wp-block-table\"><table><tbody><tr><td>\n<h1><a href=\"?page_id=29158\">A<\/a><\/h1>\n<\/td><td>\n<h1><a href=\"?page_id=29160\">B<\/a><\/h1>\n<\/td><td>\n<h1><a href=\"?page_id=29162\">C<\/a><\/h1>\n<\/td><td>\n<h1><a href=\"?page_id=29164\">\u010c <\/a><\/h1>\n<\/td><\/tr><tr><td>\n<h1><a href=\"?page_id=29166\">\u0106<\/a><\/h1>\n<\/td><td>\n<h1><a href=\"?page_id=29168\">D<\/a><\/h1>\n<\/td><td>\n<h1><a href=\"?page_id=29170\">D\u017e<\/a><\/h1>\n<\/td><td>\n<h1><a href=\"?page_id=29172\">\u0110<\/a><\/h1>\n<\/td><\/tr><tr><td>\n<h1><a href=\"?page_id=29174\">E<\/a><\/h1>\n<\/td><td>\n<h1><a href=\"?page_id=29176\">F<\/a><\/h1>\n<\/td><td>\n<h1><a href=\"?page_id=29178\">G<\/a><\/h1>\n<\/td><td>\n<h1><a href=\"?page_id=29180\">H<\/a><\/h1>\n<\/td><\/tr><tr><td>\n<h1><a href=\"?page_id=29182\">I<\/a><\/h1>\n<\/td><td>\n<h1><a href=\"?page_id=29184\">J<\/a><\/h1>\n<\/td><td>\n<h1><a href=\"?page_id=29186\">K<\/a><\/h1>\n<\/td><td>\n<h1><a href=\"?page_id=29189\">L<\/a><\/h1>\n<\/td><\/tr><tr><td>\n<h1><a href=\"?page_id=29191\">Lj<\/a><\/h1>\n<\/td><td>\n<h1><a href=\"?page_id=29193\">M<\/a><\/h1>\n<\/td><td>\n<h1><a href=\"?page_id=29195\">N<\/a><\/h1>\n<\/td><td>\n<h1><a href=\"?page_id=29197\">Nj<\/a><\/h1>\n<\/td><\/tr><tr><td>\n<h1><a href=\"?page_id=29199\">O<\/a><\/h1>\n<\/td><td>\n<h1><a href=\"?page_id=29201\">P<\/a><\/h1>\n<\/td><td>\n<h1><a href=\"?page_id=29203\">R<\/a><\/h1>\n<\/td><td>\n<h1><a href=\"?page_id=29205\">S<\/a><\/h1>\n<\/td><\/tr><tr><td>\n<h1><a href=\"?page_id=29207\">\u0160<\/a><\/h1>\n<\/td><td>\n<h1><a href=\"?page_id=29209\">T<\/a><\/h1>\n<\/td><td>\n<h1><a href=\"?page_id=29211\">U<\/a><\/h1>\n<\/td><td>\n<h1><a href=\"?page_id=29213\">V<\/a><\/h1>\n<\/td><\/tr><tr><td>\n<h1><a href=\"?page_id=29215\">Z<\/a><\/h1>\n<\/td><td>\n<h1><a href=\"?page_id=29217\">\u017d<\/a><\/h1>\n<\/td><td>\n<h1>&nbsp;<\/h1>\n<\/td><td>\n<h1>&nbsp;<\/h1>\n<\/td><\/tr><\/tbody><\/table><\/figure>\n","protected":false},"excerpt":{"rendered":"<p>UBITI \u2013 opasnost ~ ubiti \u017eivotinje &#8211; problemati\u010dna situacija ~ biti ubijen &#8211; pripazite seUBOD ~ ubosti nekog &#8211; konkurenti su vam dosta mudri i znaju okrenuti situaciju u svoju korist ~ biti uboden &#8211; zdravstveni problemiUBOJICA &#8211; radostan doga\u0111ajUBOJSTVO ~ vidjeti &#8211; napokon \u0107e stvari krenuti na bolje UBOJSTVO (MODERNO ZNA\u010cENJE) &#8211; Ako sanjate [&hellip;]<\/p>\n","protected":false},"author":1,"featured_media":0,"parent":28606,"menu_order":0,"comment_status":"closed","ping_status":"closed","template":"","meta":{"footnotes":"","_links_to":"","_links_to_target":""},"class_list":["post-29211","page","type-page","status-publish","hentry"],"_links":{"self":[{"href":"https:\/\/covermagazin.com\/index.php?rest_route=\/wp\/v2\/pages\/29211","targetHints":{"allow":["GET"]}}],"collection":[{"href":"https:\/\/covermagazin.com\/index.php?rest_route=\/wp\/v2\/pages"}],"about":[{"href":"https:\/\/covermagazin.com\/index.php?rest_route=\/wp\/v2\/types\/page"}],"author":[{"embeddable":true,"href":"https:\/\/covermagazin.com\/index.php?rest_route=\/wp\/v2\/users\/1"}],"replies":[{"embeddable":true,"href":"https:\/\/covermagazin.com\/index.php?rest_route=%2Fwp%2Fv2%2Fcomments&post=29211"}],"version-history":[{"count":4,"href":"https:\/\/covermagazin.com\/index.php?rest_route=\/wp\/v2\/pages\/29211\/revisions"}],"predecessor-version":[{"id":56533,"href":"https:\/\/covermagazin.com\/index.php?rest_route=\/wp\/v2\/pages\/29211\/revisions\/56533"}],"up":[{"embeddable":true,"href":"https:\/\/covermagazin.com\/index.php?rest_route=\/wp\/v2\/pages\/28606"}],"wp:attachment":[{"href":"https:\/\/covermagazin.com\/index.php?rest_route=%2Fwp%2Fv2%2Fmedia&parent=29211"}],"curies":[{"name":"wp","href":"https:\/\/api.w.org\/{rel}","templated":true}]}}