{"id":29207,"date":"2019-12-04T06:41:40","date_gmt":"2019-12-04T04:41:40","guid":{"rendered":"https:\/\/covermagazin.com\/?page_id=29207"},"modified":"2021-11-26T16:20:46","modified_gmt":"2021-11-26T14:20:46","slug":"sanjarica-s-2","status":"publish","type":"page","link":"https:\/\/covermagazin.com\/?page_id=29207","title":{"rendered":"Sanjarica \u0160"},"content":{"rendered":"\n<figure class=\"wp-block-embed is-type-wp-embed is-provider-cover-magazin-com wp-block-embed-cover-magazin-com\"><div class=\"wp-block-embed__wrapper\">\n<blockquote class=\"wp-embedded-content\" data-secret=\"bZgkB9iYt5\"><a href=\"https:\/\/covermagazin.com\/?page_id=28606\">Sanjarica \u2013 Nevjerojatno to\u010dna SANJARICA \u2013 abecedno<\/a><\/blockquote><iframe loading=\"lazy\" class=\"wp-embedded-content\" sandbox=\"allow-scripts\" security=\"restricted\" style=\"position: absolute; clip: rect(1px, 1px, 1px, 1px);\" title=\"&#8220;Sanjarica \u2013 Nevjerojatno to\u010dna SANJARICA \u2013 abecedno&#8221; &#8212; COVERmagazin.com\" src=\"https:\/\/covermagazin.com\/?page_id=28606&#038;embed=true#?secret=3HWEh8zS8Z#?secret=bZgkB9iYt5\" data-secret=\"bZgkB9iYt5\" width=\"500\" height=\"282\" frameborder=\"0\" marginwidth=\"0\" marginheight=\"0\" scrolling=\"no\"><\/iframe>\n<\/div><\/figure>\n\n\n\n<p>\u0160AFRAN &#8211; spustite se na zemlju<br>\u0160AH &#8211; nesigurni poslovi ~ pobijediti nekoga &#8211; dobitak<br>\u0160AHOVSKA PLO\u010cA &#8211; blagostanje<br>\u0160AHOVSKE FIGURICE &#8211; svoj uspjeh prvo morate zaslu\u017eiti<br>\u0160AKA \u2013 nesuglasice ~ tu\u0111a \u0161aka &#8211; pobolj\u0161anje situacije<br>\u0160AL &#8211; neraspolo\u017eenje<br>\u0160ALICA &#8211; ugodno dru\u017eenje ili ljubavna ,sre\u0107a ~ razbiti \u0161alicu &#8211; morat \u0107ete se malo promijeniti \u017eelite li sa\u010duvati partnera<\/p>\n\n\n\n<p>\u0160ALITI SE &#8211; va\u0161i problemi \u0107e se rije\u0161iti, ali pazite da ne povrijedite druge ljude<br>\u0160AMAR ~ primiti &#8211; neugodnost i sramota; osje\u0107aj krivice; financijski problemi ~ dati &#8211; potisnuta agresivnost; sumnjivi financijski pothvati.<br>\u0160AMPANJAC ~ piti &#8211; \u017eivite iznad svojih mogu\u0107nosti ~ vidjeti &#8211; va\u0161a sre\u0107a je kratkog vijeka<br>\u0160AMPINJONI &#8211; ne zalije\u0107ite se s brakom<br>\u0160ANK &#8211; la\u017ena obe\u0107anja<br>\u0160APA &#8211; ne pristajte na ne\u0161to samo radi dru\u0161tva, tako se pona\u0161aju djeca, a ne odrasle osobe<br>\u0160APAT &#8211; pobolj\u0161anje situacije<br>\u0160ARAN &#8211; d\u017eepovi se pune<br>\u0160ARLAH &#8211; obiteljski problemi<br>\u0160ATOR &#8211; jo\u0161 niste spremni skrasiti se na jednom mjestu<br>\u0160E\u0106ER &#8211; iako su prema vama jako dobri, prijatelji vas iza le\u0111a ogovaraju ~ kupovati \u2013 blagostanje ~ dobiti &#8211; netko je previ\u0161e srame\u017eljiv da bi priznao svoju ljubav<br>\u0160EF ~ vidjeti &#8211; poslovni napredak<br>\u0160EPATI &#8211; postavili ste si prevelike ciljeve<br>\u0160EST &#8211; sva vrata su vam otvorena<br>\u0160ESTAR &#8211; nalazite se u za\u010daranom krugu lo\u0161eg raspolo\u017eenja iz kojeg ne vidite izlaz<br>\u0160E\u0160IR &#8211; \u0161e\u0161ir predstavlja na\u010din na koji vas okolina do\u017eivljava ~ izgubiti ga &#8211; izgubit \u0107ete ugled<br>\u0160E\u0160IR (MODERNO ZNA\u010cENJE) &#8211; \u0160e\u0161ir obi\u010dno simbolizira mo\u0107 i autoritet, ali mo\u017ee ozna\u010davati i stereotipnu osobu s izra\u017eenim tradicionalnim vrijednostima. Razmislite o detaljima svog sna, a osobito tko nosi \u0161e\u0161ir. Kvaliteta i izgled \u0161e\u0161ira predstavljaju va\u0161e misli o osobi koja nosi \u0161e\u0161ir. Ako nepoznata osoba nosi \u0161e\u0161ir tada predstavlja dio va\u0161e skrivene osobnosti.<\/p>\n\n\n\n<p>\u0160ETATI &#8211; pozitivne promjene<br>\u0160IBA ~ vidjeti &#8211; negativan predznak ~ \u0161ibati nekoga -ljubavna avantura ~ ako vas \u0161ibaju &#8211; dobro se snalazite u svakoj situaciji<br>\u0160IBICE &#8211; dobitak i povoljno \u017eivotno razdoblje<br>\u0160IFRA \u2013 problemi poslovni i nov\u010dani<br>\u0160IKARA &#8211; opasnost i mogu\u0107e zdravstvene tegobe, pripazite<br>\u0160ILO &#8211; uspjeh<br>\u0160IM\u0160IR &#8211; ma koliko se trudili ne\u0107ete posti\u0107i ni\u0161ta<br>\u0160INDRA &#8211; ne\u0107ete znati kako se izvu\u0107i iz problema<br>\u0160IPAK &#8211; ni\u0161ta ne mo\u017ee pomutiti va\u0161e planove, uspjeh vam je osiguran<br>\u0160I\u0160ANJE ~ sebe \u2013 neprilike ~ druge &#8211; uspjeh<br>\u0160I\u0160MI\u0160 &#8211; vjerujte svojim sposobnostima<br>\u0160IVA\u0106I PRIBOR ~ dobiti &#8211; ljubavna sre\u0107a ~ izgubiti &#8211; ljubavni problemi<br>\u0160IVATI &#8211; poslovni uspjeh<br>\u0160IZOFRENI\u010cAR ~ biti \u2013 imate emotivnih problema ~ vidjeti \u2013 netko oko vas se mu\u010di s problemima<br>\u0160KAKLJANJE &#8211; nov\u010dani gubitak<br>\u0160KAMPI &#8211; putovanje<br>\u0160KARE &#8211; nesloga, razmirice<br>\u0160KOLA ~ vratiti se u snovima u \u0161kolske klupe &#8211; pre\u017eivjeli ste tada, pre\u017eivjet \u0107ete i sada<br>\u0160KOLSKA KLUPA &#8211; ne\u0161to ste zaboravili<br>\u0160KOLSKO ZVONO &#8211; morate se vi\u0161e potruditi ako \u017eelite uspjeti<br>\u0160KOLJKA &#8211; unutarnja nje\u017enost i dobrota<br>\u0160KORPION &#8211; vreba vas opasnost<br>\u0160KRTAC ~ biti &#8211; neuspjeh<br>\u0160LAG \u2013 pazite \u0161to i pred kim pri\u010date<br>\u0160LJIVA &#8211; seksualnost<br>\u0160LJIVIK &#8211; sretnik ste, imate obitelj koja vas razumije i potpuno podr\u017eava<br>\u0160LJUNAK &#8211; po\u010detak dugotrajnog razdoblja zadovoljstva<br>\u0160MINKATI SE &#8211; ne morate uvijek biti 100% iskreni, ali pazite da ne povrijedite druge<br>\u0160OK ~ do\u017eivjeti &#8211; netko iz va\u0161e blizine vam \u017eeli zlo<br>\u0160PIJUN &#8211; uspjeh se mo\u017ee ostvariti samo uz puno truda i rada<br>\u0160PILJA &#8211; neke stvari \u0107e se napokon razjasniti<\/p>\n\n\n\n<p>\u0160PILJA (MODERNO ZNA\u010cENJE) &#8211; \u0160pilje su vrlo mo\u0107an simbol jer predstavljaju sputanost i ovisnost o drugima. \u017dena s reproduktivnim pote\u0161ko\u0107ama \u010desto sanja \u0161pilju, koja u tom slu\u010daju prezentira maternicu. \u0160pilja mo\u017ee biti i u drugim slu\u010dajevima simbol maternice, topline, sigurnosti, ra\u0111anja i novih po\u010detaka. \u0160pilje mogu simbolizirati i na\u0161u podsvijest, te na\u0161e misteriozne strane. Va\u0161e osobno iskustvo sa \u0161piljama ima tako\u0111er zna\u010daj u interpretaciji sna.<\/p>\n\n\n\n<p>\u0160PINAT &#8211; dobro zdravlje i dug \u017eivot<br>\u0160TAKE &#8211; vjerujte vlastitim sposobnostima, ali se nemojte bojati osloniti na druge<br>\u0160TAKOR \u2013 gubitak ~ \u0161to vi\u0161e \u0161takora &#8211; ve\u0107e siroma\u0161tvo ~ ubiti \u0161takora &#8211; popravak materijalnog stanja<br>\u0160TAP &#8211; razdoblje u kojem \u0107ete se dosta tra\u017eiti i nekako ne\u0107ete biti zadovoljni<br>\u0160TEDJETI &#8211; bogatstvo<br>\u0160TEDNA KNJI\u017dICA &#8211; netko \u0107e vas zamoliti za nov\u010danu pomo\u0107<br>\u0160TIT &#8211; koliko vam vrijedi \u0161tit takva vam je i partnerica<br>\u0160TUCATI &#8211; osramotit \u0107ete se<br>\u0160TUKA &#8211; ugodno dru\u017eenje<br>\u0160UBARA &#8211; sramota<br>\u0160UGA &#8211; &#8220;tko drugom jamu kopa sam u nju upada&#8221;<br>\u0160UMA &#8211; dr\u017eite o\u010di dobro otvorene<br>\u0160UMA &#8211; \u0161uma je simbol prirodne intuicije, kakva je \u0161uma koju sanjate takvo vas razdoblje o\u010dekuje<br>\u0160UMAR &#8211; blagostanje<\/p>\n\n\n\n<p>\u0160UMA (MODERNO ZNA\u010cENJE) &#8211; \u0160uma predstavlja zbunjuju\u0107e, a ponekad i zastra\u0161uju\u0107e mjesto u stvarnom \u017eivotu. Sanjate li \u0161umU postoji mogu\u0107nost da vam podsvijest otkriva anksioznost vezanu uz trenutnu situaciju ili budu\u0107nost. Ako sanjate \u0161unu na pozitivan na\u010din, bez straha, va\u0161a vas podsvijest ohrabruje kako ni ono \u0161to je nepoznato i mo\u017eda zastra\u0161uju\u0107e ne mora nu\u017eno biti takvo kada se bolje upozna. \u0160uma predstavlja mentalni prostor, pa ako smo izgubljeni u \u0161umi to reflektira osje\u0107aje zbunjenosti iz svakodnevnog \u017eivota. Tamna i neistra\u017eena \u0161uma mo\u017ee predstavljati tamne i neistra\u017eene prostore na\u0161ih misli.<\/p>\n\n\n\n<p>\u0160UNKA ~ jesti &#8211; nemojte se optere\u0107ivati sitnicama ~ kuhati &#8211; poku\u0161at \u0107e vas uvu\u0107i u prljave poslove ~ rezati &#8211; beskorisni poslovi ~ pokvarena &#8211; netko vas ogovara iz \u010diste zlobe<br>\u0160UPLJINA &#8211; upozorava na razdoblje puno brige<br>\u0160U\u0160KANJE ~ \u010duti &#8211; va\u0161i najbli\u017ei kuju planove iza va\u0161ih le\u0111a<br>\u0160UTJETI \u2013 sva\u0111e i problemi<\/p>\n\n\n<form role=\"search\" method=\"get\" action=\"https:\/\/covermagazin.com\/\" class=\"wp-block-search__button-outside wp-block-search__text-button wp-block-search\"    ><label class=\"wp-block-search__label\" for=\"wp-block-search__input-1\" >Za detaljno tuma\u010denje nekog pojma upi\u0161ite pojam:<\/label><div class=\"wp-block-search__inside-wrapper\" ><input class=\"wp-block-search__input\" id=\"wp-block-search__input-1\" placeholder=\"Upi\u0161ite npr: sanjati oblak \" value=\"\" type=\"search\" name=\"s\" required \/><button aria-label=\"Pretraga\" class=\"wp-block-search__button wp-element-button\" type=\"submit\" >Pretraga<\/button><\/div><\/form>\n\n\n<p><strong><a href=\"https:\/\/covermagazin.com\/?page_id=28606\">SANJARICA<\/a><\/strong><\/p>\n\n\n\n<figure class=\"wp-block-table\"><table><tbody><tr><td>\n<h1><a href=\"?page_id=29158\">A<\/a><\/h1>\n<\/td><td>\n<h1><a href=\"?page_id=29160\">B<\/a><\/h1>\n<\/td><td>\n<h1><a href=\"?page_id=29162\">C<\/a><\/h1>\n<\/td><td>\n<h1><a href=\"?page_id=29164\">\u010c <\/a><\/h1>\n<\/td><\/tr><tr><td>\n<h1><a href=\"?page_id=29166\">\u0106<\/a><\/h1>\n<\/td><td>\n<h1><a href=\"?page_id=29168\">D<\/a><\/h1>\n<\/td><td>\n<h1><a href=\"?page_id=29170\">D\u017e<\/a><\/h1>\n<\/td><td>\n<h1><a href=\"?page_id=29172\">\u0110<\/a><\/h1>\n<\/td><\/tr><tr><td>\n<h1><a href=\"?page_id=29174\">E<\/a><\/h1>\n<\/td><td>\n<h1><a href=\"?page_id=29176\">F<\/a><\/h1>\n<\/td><td>\n<h1><a href=\"?page_id=29178\">G<\/a><\/h1>\n<\/td><td>\n<h1><a href=\"?page_id=29180\">H<\/a><\/h1>\n<\/td><\/tr><tr><td>\n<h1><a href=\"?page_id=29182\">I<\/a><\/h1>\n<\/td><td>\n<h1><a href=\"?page_id=29184\">J<\/a><\/h1>\n<\/td><td>\n<h1><a href=\"?page_id=29186\">K<\/a><\/h1>\n<\/td><td>\n<h1><a href=\"?page_id=29189\">L<\/a><\/h1>\n<\/td><\/tr><tr><td>\n<h1><a href=\"?page_id=29191\">Lj<\/a><\/h1>\n<\/td><td>\n<h1><a href=\"?page_id=29193\">M<\/a><\/h1>\n<\/td><td>\n<h1><a href=\"?page_id=29195\">N<\/a><\/h1>\n<\/td><td>\n<h1><a href=\"?page_id=29197\">Nj<\/a><\/h1>\n<\/td><\/tr><tr><td>\n<h1><a href=\"?page_id=29199\">O<\/a><\/h1>\n<\/td><td>\n<h1><a href=\"?page_id=29201\">P<\/a><\/h1>\n<\/td><td>\n<h1><a href=\"?page_id=29203\">R<\/a><\/h1>\n<\/td><td>\n<h1><a href=\"?page_id=29205\">S<\/a><\/h1>\n<\/td><\/tr><tr><td>\n<h1><a href=\"?page_id=29207\">\u0160<\/a><\/h1>\n<\/td><td>\n<h1><a href=\"?page_id=29209\">T<\/a><\/h1>\n<\/td><td>\n<h1><a href=\"?page_id=29211\">U<\/a><\/h1>\n<\/td><td>\n<h1><a href=\"?page_id=29213\">V<\/a><\/h1>\n<\/td><\/tr><tr><td>\n<h1><a href=\"?page_id=29215\">Z<\/a><\/h1>\n<\/td><td>\n<h1><a href=\"?page_id=29217\">\u017d<\/a><\/h1>\n<\/td><td>\n<h1>&nbsp;<\/h1>\n<\/td><td>\n<h1>&nbsp;<\/h1>\n<\/td><\/tr><\/tbody><\/table><\/figure>\n","protected":false},"excerpt":{"rendered":"<p>\u0160AFRAN &#8211; spustite se na zemlju\u0160AH &#8211; nesigurni poslovi ~ pobijediti nekoga &#8211; dobitak\u0160AHOVSKA PLO\u010cA &#8211; blagostanje\u0160AHOVSKE FIGURICE &#8211; svoj uspjeh prvo morate zaslu\u017eiti\u0160AKA \u2013 nesuglasice ~ tu\u0111a \u0161aka &#8211; pobolj\u0161anje situacije\u0160AL &#8211; neraspolo\u017eenje\u0160ALICA &#8211; ugodno dru\u017eenje ili ljubavna ,sre\u0107a ~ razbiti \u0161alicu &#8211; morat \u0107ete se malo promijeniti \u017eelite li sa\u010duvati partnera \u0160ALITI SE [&hellip;]<\/p>\n","protected":false},"author":1,"featured_media":0,"parent":28606,"menu_order":0,"comment_status":"closed","ping_status":"closed","template":"","meta":{"footnotes":"","_links_to":"","_links_to_target":""},"class_list":["post-29207","page","type-page","status-publish","hentry"],"_links":{"self":[{"href":"https:\/\/covermagazin.com\/index.php?rest_route=\/wp\/v2\/pages\/29207","targetHints":{"allow":["GET"]}}],"collection":[{"href":"https:\/\/covermagazin.com\/index.php?rest_route=\/wp\/v2\/pages"}],"about":[{"href":"https:\/\/covermagazin.com\/index.php?rest_route=\/wp\/v2\/types\/page"}],"author":[{"embeddable":true,"href":"https:\/\/covermagazin.com\/index.php?rest_route=\/wp\/v2\/users\/1"}],"replies":[{"embeddable":true,"href":"https:\/\/covermagazin.com\/index.php?rest_route=%2Fwp%2Fv2%2Fcomments&post=29207"}],"version-history":[{"count":4,"href":"https:\/\/covermagazin.com\/index.php?rest_route=\/wp\/v2\/pages\/29207\/revisions"}],"predecessor-version":[{"id":59450,"href":"https:\/\/covermagazin.com\/index.php?rest_route=\/wp\/v2\/pages\/29207\/revisions\/59450"}],"up":[{"embeddable":true,"href":"https:\/\/covermagazin.com\/index.php?rest_route=\/wp\/v2\/pages\/28606"}],"wp:attachment":[{"href":"https:\/\/covermagazin.com\/index.php?rest_route=%2Fwp%2Fv2%2Fmedia&parent=29207"}],"curies":[{"name":"wp","href":"https:\/\/api.w.org\/{rel}","templated":true}]}}