{"id":29203,"date":"2019-12-04T06:36:56","date_gmt":"2019-12-04T04:36:56","guid":{"rendered":"https:\/\/covermagazin.com\/?page_id=29203"},"modified":"2022-01-19T15:32:44","modified_gmt":"2022-01-19T13:32:44","slug":"sanjarica-r","status":"publish","type":"page","link":"https:\/\/covermagazin.com\/?page_id=29203","title":{"rendered":"Sanjarica R"},"content":{"rendered":"\n<figure class=\"wp-block-embed is-type-wp-embed is-provider-cover-magazin-com wp-block-embed-cover-magazin-com\"><div class=\"wp-block-embed__wrapper\">\n<blockquote class=\"wp-embedded-content\" data-secret=\"61yPiB7m4g\"><a href=\"https:\/\/covermagazin.com\/?page_id=28606\">Sanjarica \u2013 Nevjerojatno to\u010dna SANJARICA \u2013 abecedno<\/a><\/blockquote><iframe loading=\"lazy\" class=\"wp-embedded-content\" sandbox=\"allow-scripts\" security=\"restricted\" style=\"position: absolute; clip: rect(1px, 1px, 1px, 1px);\" title=\"&#8220;Sanjarica \u2013 Nevjerojatno to\u010dna SANJARICA \u2013 abecedno&#8221; &#8212; COVERmagazin.com\" src=\"https:\/\/covermagazin.com\/?page_id=28606&#038;embed=true#?secret=Askr9jrOsk#?secret=61yPiB7m4g\" data-secret=\"61yPiB7m4g\" width=\"500\" height=\"282\" frameborder=\"0\" marginwidth=\"0\" marginheight=\"0\" scrolling=\"no\"><\/iframe>\n<\/div><\/figure>\n\n\n\n<p>RA\u010cUN ~ pisati &#8211; uspjeh na poslu ~ dobiti &#8211; netko \u0107e vas kritizirati<br>RA\u010cUNALO &#8211; nov\u010dana dobit ~ pokvareno &#8211; problemi na poslu<\/p>\n\n\n\n<p>RA\u010cUNALO &#8211; (MODERNO ZNA\u010cENJE) &#8211; Kompjuteri u izvor informacija, mjesto gdje stje\u010demo znanje ili se zabavljamo. Kompjuter nas mo\u017ee podsje\u0107ati na te\u017enju za novim stvarima i znanjima. Obratite pa\u017enju kako koristite kompjuter, jer to otkriva dodatno zna\u010denje. \u0160to s njima radite i s kojom svrhom. Kompjuteri mogu ozna\u010davati i napredak u \u017eivotu.<\/p>\n\n\n\n<p>RADAR \u2013 neo\u010dekivane situacije, pazite kako se nosite s njima<br>RADIO -dobre vijesti i nov\u010dani dobitak<br>RADIOAKTIVNOST \u2013 zdravstveni problemi<br>RADIONICA &#8211; slijedi dobro poslovno razdoblje<br>RADITI &#8211; poslovni uspjeh ~ vidjeti druge kako rade &#8211; poslovni neuspjeh ~ no\u0107u &#8211; va\u0161 trud ne\u0107e biti dovoljno nagra\u0111en<br>RADNI STOL ~ uredan &#8211; rije\u0161it \u0107ete probleme ~ neuredan &#8211; ne\u0161to vas ti\u0161ti i optere\u0107uje<br>RADNIK ~ zemljoradnik &#8211; poslije napora blagostanje<br>RADOST \u2013 bit \u0107ete sretni i u javi<br>RA\u0110ANJE DJETETA &#8211; nove ideje, planovi<br>RAJ ~ vidjeti &#8211; pazite kako se pona\u0161ate ~ biti u raju &#8211; ljubavna sre\u0107a<\/p>\n\n\n\n<p>RAJ (MODERNO ZNA\u010cENJE) &#8211; Raj predstavlja sve one stvari kojima se ve\u0107ina ljudi nadaju. Neki ne vjeruju u raj, ali svi znaju \u0161to ideja raja predstavlja. U va\u0161im snovima san simbolizira sre\u0107u, mir, razumijevanje, odmor, ljubav\u2026 Bez obzira na va\u0161e vjersko opredjeljenje, raj je obi\u010dno pozitivan i energiziraju\u0107i san.<\/p>\n\n\n\n<p>RAJ\u010cICA &#8211; ljubavni uspjeh ~ jesti je \u2013 problemi ~ brati raj\u010dice &#8211; manja bolest<br>RAK &#8211; ugodno zajedni\u0161tvo i sloga s partnerom<\/p>\n\n\n\n<p>RAK (MODERNO ZNA\u010cENJE) -tumori i rakovi u snovima obi\u010dno simboliziraju neprocesuirane emocije s kojima je osoba koja sanja opsjednuta. Mo\u017eda osje\u0107ate anksioznost i emocije koje vas priti\u0161\u0107u, a za koje osje\u0107ate kako su nerje\u0161ive ili vezane uz nerje\u0161ive probleme. \u010cesto se rak smatra suprotnim snom, \u0161to zna\u010di da ako sanjate rak imat \u0107ete dobro zdravlje, ali ponekad mo\u017ee biti i upozoravaju\u0107i signal, pa obratite pa\u017enju na dio tijela koji ste sanjali.<\/p>\n\n\n\n<p>RAKA &#8211; nov\u010dani gubitak<br>RAKETA &#8211; na dobrom ste poslovnom putu, uspjet \u0107ete samo se potrudite<br>RAKIJA ~ piti \u2013 sva\u0111e ~ pe\u0107i ili vidjeti &#8211; dobro i veselo razdoblje je pred vama<br>RANA &#8211; povrijedit \u0107e vas tamo gdje vam je rana<br>RASADNIK &#8211; promjene u obitelji i dobre vijesti<br>RASKRI\u017dJE &#8211; morat \u0107ete donositi va\u017ene odluke<br>RASPODJELA &#8211; trud \u0107e se isplatiti<br>RASPRAVA ~ tiha i stalo\u017eena \u2013 uspjeh ~ glasna \u2013 problemi<br>RASPRODAJA \u2013 pazite kako tro\u0161ite novac<br>RASTANAK &#8211; promjene na bolje<br>RASTAVA &#8211; pazite kako se pona\u0161ate pred ljudima<br>RASTI \u2013 neo\u010dekivani uspjeh i poslovni napredak<br>RASVJETA &#8211; obiteljsko veselje i sre\u0107a<br>RA\u0160LJE &#8211; pred vama je period pun problema i nov\u010danih gubitaka<br>RAT &#8211; ukazuje na unutarnji sukob i nemogu\u0107nost dono\u0161enja odluke<br>RAVNALO &#8211; do\u017eivjet \u0107ete manju neugodnost<br>RAVNICA \u2013 dobitak ~ pusta i suha &#8211; nov\u010dani problemi<br>RAVNOTE\u017dA ~ gubiti \u2013 poslovni ili zdravstveni problemi<br>RAZBIJATI \u2013 poslovni uspjeh ili nova ljubav<br>RAZBOJNIK &#8211; negativno razdoblje ~ uhvatiti razbojnika &#8211; uspjeh<br>RAZBOLJETI SE &#8211; poslovne neugodnosti<br>RAZDOR &#8211; pripazite na svoje postupke i pona\u0161anje<br>RAZGLEDNICA ~ poslati je &#8211; pred vama je putovanje ~ primiti razglednicu &#8211; netko misli na vas<br>RAZGOVARATI &#8211; svoje mane mo\u017eete okrenuti u svoju korist ako se s njima suo\u010dite<br>RAZGOVOR ~ \u010duti &#8211; neugodne vijesti<br>RAZMI\u0160LJATI &#8211; budite uporni, u svemu ima prepreka, ali treba ih svladati<br>RAZMJENA &#8211; sva\u0111a<br>RAZO\u010cARENJE ~ razo\u010darati se ili nekoga &#8211; iako vam se \u010dini da nema izlaza iz va\u0161ih problema dolazi bolje razdoblje<br>RAZVOD \u2013 problemi koje imate ne\u0107e se rije\u0161iti sami od sebe<br>RA\u017d &#8211; idu bolji dani<br>RA\u017dANJ &#8211; o\u010dekuje vas razdoblje manjih problema ali i manjih dobitaka, ne\u0161to izgubite, ne\u0161to dobijete<br>REBRO &#8211; mirnije razdoblje i sve dolazi na svoje mjesto ~ slomiti tu\u0111e rebro &#8211; gubitak<br>RECEPT &#8211; sva\u0111a i neugodnosti u odnosima s ljudima<br>REDATELJ ~ biti &#8211; uspje\u0161no \u0107ete rije\u0161iti problem ~ vidjeti &#8211;\u00a0 problemi s tom osobom ili nekom drugom<br>REGISTRACIJA \u2013 nov\u010dani problemi i dodatni tro\u0161kovi<br>REHABILITACIJA \u2013 zdravstveni problemi<br>REINKARNACIJA \u2013 imate gri\u017enju savjesti poku\u0161ajte ispraviti u\u010dinjeno<br>REKET \u2013 sva\u0111a<br>REKLAMACIJA \u2013 manji problemi<br>REMEN &#8211; dobitak<br>RENDGEN &#8211; ne\u0161to vas mu\u010di zbog propusta u pro\u0161losti<br>REP ~ vidjeti &#8211; osramotit \u0107ete se ~ imati rep &#8211; partner vas vara ~ rep odrezati &#8211; dobitak u igrama na sre\u0107u<br>REPA ~ vidjeti &#8211; sti\u017eu vam dobre vijesti ~ jesti je &#8211; sva\u0111a i problemi<br>RESTORAN \u2013 napredak<br>RE\u0160ETKE &#8211; poku\u0161ajte ljude oko sebe promatrati pozitivno<br>RETROVIZOR \u2013 problemi zbog propusta u pro\u0161losti<br>REVOLUCIJA &#8211; polovni napredak<br>REZ &#8211; niste u jakoj poziciji kako mislite, mogli bi izgubiti ovu bitku<br>REZANCI &#8211; ako ih vidite ili jesti &#8211; problemati\u010dno razdoblje, praviti rezance &#8211; uspje\u0161no razdoblje<br>REZBARITI &#8211; nemojte se previ\u0161e optere\u0107ivati tu\u0111im brigama<br>RIBA ~ jesti (pe\u010denu) ribu &#8211; donosi vam dobrobit onoliku kolika je riba ~ mrtve ribe u moru &#8211; va\u0161i planovi \u0107e propasti<br>RIBAR &#8211; veselje<br>RIBATI ~ ako vi ribate pod &#8211; problemi s novcem ~ ako vidite druge da ribaju &#8211; uspje\u0161no \u0107ete svladati problem<br>RIBIZL &#8211; ljubavni uspjeh<br>RIBLJA KOST &#8211; imat \u0107ete velike, ali savladive prepreke na putu<br>RIBLJE ULJE &#8211; lo\u0161e vijesti<br>RIBNJAK &#8211; neugodnosti i problemi, netko vam radi iza le\u0111a<br>RIBOLOV &#8211; koliko riba ulovite tolika vas \u010deka korist<br>RIJE\u010c ~ ako ste ih razumjeli &#8211; dobar period ~ ako niste &#8211; lo\u0161 poslovni period<br>RIJEKA ~ govori o mijenjanju , potrebi za mijenjanjem \u017eivotnog stava ~ mirna, \u010dista rijeka &#8211; ugodno putovanje<br>RIMA &#8211; nov\u010dani problemi<br>RIS &#8211; nisu svi ljudi iskreni oko vas<br>RIZNICA &#8211; zdravstveni problemi<br>RI\u017dA ~ vidjeti \u2013 problemi ~ prati &#8211; bolje zdravstveno stanje ~ jesti i kuhati ri\u017eu &#8211; na dobrom ste putu, tako nastavite<br>RJE\u010cNIK &#8211; sva\u0111e<br>ROB ~ biti &#8211; te\u017eak \u017eivot ~ vidjeti ga &#8211; mirno razdoblje je pred vama<br>ROBOT \u2013 o\u010dekuje vas sve vi\u0161e poslovnih obveza<br>RODA &#8211; o\u010dekuje vas izrazito nepovoljno razdoblje<br>RODBINA &#8211; imat \u0107ete goste<\/p>\n\n\n\n<p>RODBINA &#8211; (MODERNO ZNA\u010cENJE) &#8211; Obi\u010dno sanjamo o dalekim ro\u0111acima i prijateljima jer nam nedostaju. Sasvim je normalno da vam nedostaju osobe koje niste dugo vidjeli pa vam se pojave u snu s vremena na vrijeme.<\/p>\n\n\n\n<p>RO\u0110ENDAN ~ slaviti svoj ili tu\u0111i &#8211; sre\u0107a, dobro razdoblje<br>RO\u0110ENJE- sanjati da vas netko ra\u0111a, dobar predznak. Netko \u0107e preuzeti va\u0161e brige na sebe.<\/p>\n\n\n\n<p>RO\u0110ENJE (MODERNO ZNA\u010cENJE) &#8211; Obi\u010dno mu\u0161karci i \u017eene koji o\u010dekuju dijete imaju snove o poro\u0111aju, ali to nije nikakav predznak ni\u010dega \u0161to \u0107e do\u0107i, nego poku\u0161aj tijela da se nosi s novonastalom situacijom i strahovima koji se pojavljuju na podsvjesnoj razini. Ako ne o\u010dekujete dijete poro\u0111aj simbolizira nove po\u010detke, dobru sre\u0107u ili nov\u010dani dobitak.<\/p>\n\n\n\n<p>ROGOVI ~ imati rogove &#8211; pripazite na sebe<br>ROMAN ~ \u010ditati &#8211; dobar period za ljubav ~ pisati &#8211; lo\u0161 period<br>ROMANTI\u010cAN FILM ~ gledati &#8211; treba vam malo vi\u0161e stabilnosti i privr\u017eenosti<br>ROMANTIKA &#8211; nove nade i pobolj\u0161anje odnosa s partnerom<br>RONITI &#8211; \u010duvajte se lakomislenih ljudi, oni vam mogu smetati da ostvarite svoje ciljeve<\/p>\n\n\n\n<p>RONJENJE (MODERNO ZNA\u010cENJE) &#8211; San o ronjenju signalizira da \u017eelite u\u0107i u samu sr\u017e neke stvari i trenutne situacije. Ronjenje je signal da \u017eelite shvatiti svoju podsvijest i da se ne \u017eelite zavaravati.<\/p>\n\n\n\n<p>ROSA &#8211; sre\u0107a<br>RO\u0160TILJ &#8211; zdravstveni problemi ~ pe\u0107i ne\u0161to na ro\u0161tilju &#8211; veselje<br>ROTKVICA &#8211; pazite kome \u0161to pri\u010date ~ jesti &#8211; sre\u0107a<br>ROV ~ vidjeti \u2013 problemi ~ kopati &#8211; iako \u0107e biti problema, uspjet \u0107ete<br>RT &#8211; neugodno putovanje<br>RUB ~ stajati na rubu &#8211; nemojte se toliko brinuti<br>RUBIN &#8211; sre\u0107a<br>RUBLJE ~ prljavo &#8211; neugodne situacije ~ bijelo &#8211; nagovje\u0161taj pomlatka u obitelji ~ \u0161areno &#8211; problemi s okolinom ~ vje\u0161ati rublje \u2013 priznanje ~ rublje na \u0161triku &#8211; pripazite na svoje zdravlje ~ prati rublje &#8211; neugodnosti<br>RU\u010cAK \u2013 problemi su pred vama<br>RU\u010cNIK &#8211; poslovni ili zdravstveni problemi<br>RUDA &#8211; uspjet \u0107ete u svome planu<br>RUDAR &#8211; lo\u0161e vijesti<br>RUDNIK ~ vidjeti &#8211; poslovni uspjeh ~ raditi u rudniku &#8211; vidjet \u0107ete tu\u0111i uspjeh<br>RUGATI SE &#8211; budite bolji prema svojim prijateljima<br>RUJAN &#8211; miran \u017eivot<br>RUKAVI ~ kratki \u2013 neugodnosti ~ dugi &#8211; dobar period<br>RUKAVICE ~ nositi i na\u0107i \u2013 uspjeh ~ izgubiti &#8211; neugodnosti<br>RUKE &#8211; govore o pona\u0161anju sanja\u010da ~ prljave ruke &#8211; lo\u0161e pona\u0161anje ~ imati vi\u0161e ruku &#8211; pove\u0107anje opsega posla<\/p>\n\n\n\n<p>RUKE (MODERNO ZN\u010cENJE) &#8211; U pravilu ono \u0161to radimo, radimo rukama, a pravilno \u010ditanje pokreta ruku mo\u017ee nam mnogo toga re\u0107i o nekoj osobi, pa tako stanje ruku koje sanjate govori mnogo o osobi koja sanja, njenim namjerama i pona\u0161anju. Ako vas ruke u snu dave, radite na svome izgledu kako biste se osje\u0107ali privla\u010dnije.<\/p>\n\n\n\n<p>RUKOPIS ~ krasopis &#8211; poslovno napredovanje ~ lo\u0161 rukopis &#8211; neuspjeh na poslu<br>RUKOVATI SE &#8211; nova poznanstva ~ vidjeti rukovanje &#8211; ljudi oko vas su dvoli\u010dni i ljubomorni na va\u0161 uspjeh<br>RUM &#8211; sti\u017eu gosti<br>RUNOLIST &#8211; problemati\u010dno razdoblje puno neugodnosti<br>RUPA ~ iza\u0107i iz nje \u2013 uspjeh ~ pasti u nju \u2013 zdravstvene pote\u0161ko\u0107e ~ vidjeti \u2013 nezadovoljstvo ~ na odjevnom predmetu &#8211; vrijeme je za promjene, one su vam dobrodo\u0161le i pozitivne<\/p>\n\n\n\n<p>RUPA (MODERNO ZNA\u010cENJE) &#8211; Rupe kao i ve\u0107ina drugih simbola u sanjarici mo\u017ee se tuma\u010diti ako se uzmu u obzir detalji i emotivni kontekst sna. Rupe u \u010darapama, odje\u0107i, namje\u0161taju mogu predstavljati osje\u0107aj neodobravanja ili nazadovanja. Mo\u017eda ste po\u010deli primje\u0107ivati kako vam ne\u0161to nedostaje i kako trebate ne\u0161to u svome \u017eivotu popraviti. Tamne rupe predstavljaju nepoznato. Ako je san pun negativnih emocija to mo\u017ee zna\u010diti da postajete svjesni problemati\u010dnih situacija u svome \u017eivotu.<\/p>\n\n\n\n<p>RU\u0160EVINE &#8211; problemi sa zdravljem i usamljenost<br>RU\u0160ITI &#8211; spremni ste suo\u010diti se sa problemima<br>RU\u017d \u2013 pokazat \u0107e se da vam jedan dobar prijatelj i nije tako dobar<br>RU\u017dA &#8211; predstoji vam dobro razdoblje, nove ljubavne nade i pobolj\u0161anje odnosa sa partnerom<br>RU\u017dAN ~ biti &#8211; sva\u0111e i neprilike ~ razgovarati sa ru\u017enom osobom &#8211; partner \u0107e se okrenuti protiv vas<br>RU\u017dI\u010cASTA BOJA &#8211; ukazuje na ljubav prema predmetu va\u0161eg sna<br>RU\u017dMARIN &#8211; lo\u0161e vijesti i promjene<\/p>\n\n\n<form role=\"search\" method=\"get\" action=\"https:\/\/covermagazin.com\/\" class=\"wp-block-search__button-outside wp-block-search__text-button wp-block-search\"    ><label class=\"wp-block-search__label\" for=\"wp-block-search__input-1\" >Za detaljno tuma\u010denje nekog pojma upi\u0161ite pojam:<\/label><div class=\"wp-block-search__inside-wrapper\" ><input class=\"wp-block-search__input\" id=\"wp-block-search__input-1\" placeholder=\"Upi\u0161ite npr: sanjati oblak \" value=\"\" type=\"search\" name=\"s\" required \/><button aria-label=\"Pretraga\" class=\"wp-block-search__button wp-element-button\" type=\"submit\" >Pretraga<\/button><\/div><\/form>\n\n\n<p><strong><a href=\"https:\/\/covermagazin.com\/?page_id=28606\">SANJARICA<\/a><\/strong><\/p>\n\n\n\n<figure class=\"wp-block-table\"><table><tbody><tr><td>\n<h1><a href=\"?page_id=29158\">A<\/a><\/h1>\n<\/td><td>\n<h1><a href=\"?page_id=29160\">B<\/a><\/h1>\n<\/td><td>\n<h1><a href=\"?page_id=29162\">C<\/a><\/h1>\n<\/td><td>\n<h1><a href=\"?page_id=29164\">\u010c <\/a><\/h1>\n<\/td><\/tr><tr><td>\n<h1><a href=\"?page_id=29166\">\u0106<\/a><\/h1>\n<\/td><td>\n<h1><a href=\"?page_id=29168\">D<\/a><\/h1>\n<\/td><td>\n<h1><a href=\"?page_id=29170\">D\u017e<\/a><\/h1>\n<\/td><td>\n<h1><a href=\"?page_id=29172\">\u0110<\/a><\/h1>\n<\/td><\/tr><tr><td>\n<h1><a href=\"?page_id=29174\">E<\/a><\/h1>\n<\/td><td>\n<h1><a href=\"?page_id=29176\">F<\/a><\/h1>\n<\/td><td>\n<h1><a href=\"?page_id=29178\">G<\/a><\/h1>\n<\/td><td>\n<h1><a href=\"?page_id=29180\">H<\/a><\/h1>\n<\/td><\/tr><tr><td>\n<h1><a href=\"?page_id=29182\">I<\/a><\/h1>\n<\/td><td>\n<h1><a href=\"?page_id=29184\">J<\/a><\/h1>\n<\/td><td>\n<h1><a href=\"?page_id=29186\">K<\/a><\/h1>\n<\/td><td>\n<h1><a href=\"?page_id=29189\">L<\/a><\/h1>\n<\/td><\/tr><tr><td>\n<h1><a href=\"?page_id=29191\">Lj<\/a><\/h1>\n<\/td><td>\n<h1><a href=\"?page_id=29193\">M<\/a><\/h1>\n<\/td><td>\n<h1><a href=\"?page_id=29195\">N<\/a><\/h1>\n<\/td><td>\n<h1><a href=\"?page_id=29197\">Nj<\/a><\/h1>\n<\/td><\/tr><tr><td>\n<h1><a href=\"?page_id=29199\">O<\/a><\/h1>\n<\/td><td>\n<h1><a href=\"?page_id=29201\">P<\/a><\/h1>\n<\/td><td>\n<h1><a href=\"?page_id=29203\">R<\/a><\/h1>\n<\/td><td>\n<h1><a href=\"?page_id=29205\">S<\/a><\/h1>\n<\/td><\/tr><tr><td>\n<h1><a href=\"?page_id=29207\">\u0160<\/a><\/h1>\n<\/td><td>\n<h1><a href=\"?page_id=29209\">T<\/a><\/h1>\n<\/td><td>\n<h1><a href=\"?page_id=29211\">U<\/a><\/h1>\n<\/td><td>\n<h1><a href=\"?page_id=29213\">V<\/a><\/h1>\n<\/td><\/tr><tr><td>\n<h1><a href=\"?page_id=29215\">Z<\/a><\/h1>\n<\/td><td>\n<h1><a href=\"?page_id=29217\">\u017d<\/a><\/h1>\n<\/td><td>\n<h1>&nbsp;<\/h1>\n<\/td><td>\n<h1>&nbsp;<\/h1>\n<\/td><\/tr><\/tbody><\/table><\/figure>\n","protected":false},"excerpt":{"rendered":"<p>RA\u010cUN ~ pisati &#8211; uspjeh na poslu ~ dobiti &#8211; netko \u0107e vas kritiziratiRA\u010cUNALO &#8211; nov\u010dana dobit ~ pokvareno &#8211; problemi na poslu RA\u010cUNALO &#8211; (MODERNO ZNA\u010cENJE) &#8211; Kompjuteri u izvor informacija, mjesto gdje stje\u010demo znanje ili se zabavljamo. Kompjuter nas mo\u017ee podsje\u0107ati na te\u017enju za novim stvarima i znanjima. Obratite pa\u017enju kako koristite kompjuter, [&hellip;]<\/p>\n","protected":false},"author":1,"featured_media":0,"parent":28606,"menu_order":0,"comment_status":"closed","ping_status":"closed","template":"","meta":{"footnotes":"","_links_to":"","_links_to_target":""},"class_list":["post-29203","page","type-page","status-publish","hentry"],"_links":{"self":[{"href":"https:\/\/covermagazin.com\/index.php?rest_route=\/wp\/v2\/pages\/29203","targetHints":{"allow":["GET"]}}],"collection":[{"href":"https:\/\/covermagazin.com\/index.php?rest_route=\/wp\/v2\/pages"}],"about":[{"href":"https:\/\/covermagazin.com\/index.php?rest_route=\/wp\/v2\/types\/page"}],"author":[{"embeddable":true,"href":"https:\/\/covermagazin.com\/index.php?rest_route=\/wp\/v2\/users\/1"}],"replies":[{"embeddable":true,"href":"https:\/\/covermagazin.com\/index.php?rest_route=%2Fwp%2Fv2%2Fcomments&post=29203"}],"version-history":[{"count":6,"href":"https:\/\/covermagazin.com\/index.php?rest_route=\/wp\/v2\/pages\/29203\/revisions"}],"predecessor-version":[{"id":60590,"href":"https:\/\/covermagazin.com\/index.php?rest_route=\/wp\/v2\/pages\/29203\/revisions\/60590"}],"up":[{"embeddable":true,"href":"https:\/\/covermagazin.com\/index.php?rest_route=\/wp\/v2\/pages\/28606"}],"wp:attachment":[{"href":"https:\/\/covermagazin.com\/index.php?rest_route=%2Fwp%2Fv2%2Fmedia&parent=29203"}],"curies":[{"name":"wp","href":"https:\/\/api.w.org\/{rel}","templated":true}]}}