{"id":29182,"date":"2019-12-04T06:13:04","date_gmt":"2019-12-04T04:13:04","guid":{"rendered":"https:\/\/covermagazin.com\/?page_id=29182"},"modified":"2021-12-19T13:40:35","modified_gmt":"2021-12-19T11:40:35","slug":"sanjarica-i","status":"publish","type":"page","link":"https:\/\/covermagazin.com\/?page_id=29182","title":{"rendered":"Sanjarica I"},"content":{"rendered":"\n<figure class=\"wp-block-embed is-type-wp-embed is-provider-cover-magazin-com wp-block-embed-cover-magazin-com\"><div class=\"wp-block-embed__wrapper\">\n<blockquote class=\"wp-embedded-content\" data-secret=\"yME6NfZx6Y\"><a href=\"https:\/\/covermagazin.com\/?page_id=28606\">Sanjarica \u2013 Nevjerojatno to\u010dna SANJARICA \u2013 abecedno<\/a><\/blockquote><iframe loading=\"lazy\" class=\"wp-embedded-content\" sandbox=\"allow-scripts\" security=\"restricted\" style=\"position: absolute; clip: rect(1px, 1px, 1px, 1px);\" title=\"&#8220;Sanjarica \u2013 Nevjerojatno to\u010dna SANJARICA \u2013 abecedno&#8221; &#8212; COVERmagazin.com\" src=\"https:\/\/covermagazin.com\/?page_id=28606&#038;embed=true#?secret=w0UuIjJ7lU#?secret=yME6NfZx6Y\" data-secret=\"yME6NfZx6Y\" width=\"500\" height=\"282\" frameborder=\"0\" marginwidth=\"0\" marginheight=\"0\" scrolling=\"no\"><\/iframe>\n<\/div><\/figure>\n\n\n\n<p>IDEAL &#8211; nije sve onako kako izgleda<br>IDEJA \u2013 problemi se ne\u0107e rije\u0161iti sami od sebe, morate se potruditi<br>IDILA &#8211; problemati\u010dno razdoblje, najbolje malo stanite na loptu i odmorite<br>IDIOT \u2013 o\u010dekuju vas neobi\u010dni do\u017eivljaji<br>IDOL -dobro promislite prije nego \u0161to djelujete<br>IGLA &#8211; brak ili skladno prijateljstvo ~ ubosti se iglom &#8211; vijest o tu\u0111im zarukama<br>IGRA &#8211; kratkotrajni problemi, ako ih ne mo\u017eete rije\u0161iti sami prijatelji su tu da vam pomognu<\/p>\n\n\n\n<p>IGRA &#8211; (MODERNO ZNA\u010cENJE) &#8211; Ljudi sanjaju o razli\u010ditim vrstama igre. Neke su igre iz stvarnog \u017eivota, dok su druge zami\u0161ljene, bizarne, nevjerojatne i potpuno nerealne. Neke igre u snovima su jednostavno zabavan na\u010din na koji se mozak opu\u0161ta, dok s druge strane neke igre mogu predstavljati izazov za va\u0161 mozak. Ako igrate neobi\u010dnu igru s bliskim osobama iz stvarnog \u017eivota, razmislite ne postoji li neka vrsta igre me\u0111u vama u stvarnom \u017eivotu.<\/p>\n\n\n\n<p>IGRA\u010cKA ~ vidjeti je &#8211; radosna vijest ~ igrati se s njom &#8211; tu\u017ena vijest ~ kupovati &#8211; problemi<br>IGRATI SE ~ s djecom \u2013 sre\u0107a ~ s loptom &#8211; lo\u0161e vijesti ~ igrati karte i gubiti &#8211; lo\u0161e vijesti ~ igrati karte i dobivati &#8211; dobra vijest<br>IKONA &#8211; problemi<br>IMANJE &#8211; pripazite na svoju imovinu, \u010duvajte se kra\u0111e; naslijediti &#8211; sretan brak<br>IME &#8211; dobre vijesti\u00a0 &#8211;<br>IMELA &#8211; vjen\u010danje na pomolu<br>IMENDAN &#8211; ostvarit \u0107e se neki va\u0161 san<br>IMENIK &#8211; problemi se ne\u0107e rije\u0161iti sami, morate se potruditi<br>IMITIRATI &#8211; vi\u0161e vjerujte sebi i uspjet \u0107ete<\/p>\n\n\n\n<p>INCEST &#8211; (MODERNO ZNA\u010cENJE) &#8211; Ovo je iznimno uznemiruju\u0107i san, ali nema nikakve veze sa seksom. Najvjerojatnije se radi o tome da ste zabrinuti za neke aspekte svog obiteljskog \u017eivota. Ako prolazite kroz fazu u kojoj trebate donijeti neku va\u017enu odluku, nemojte u\u010diniti ni\u0161ta i dogodite je, jer moralno upitni snovi, \u010desto su povezani s podsvjesnim signalima da \u0107e ne\u0161to donijeti krivnju i sram.<\/p>\n\n\n\n<p>INDIGO &#8211; materijalna dobit<br>INDIJANAC ~ vidjeti ga &#8211; lo\u0161e vijesti ~ biti indijanac &#8211; uspjeh<br>INFARKT &#8211; problemi<br>INFUZIJA \u2013 mogu\u0107i su zdravstveni problemi, pripazite se<br>INKVIZICIJA &#8211; uspjeh<br>INOZEMSTVO &#8211; problemi na poslu<br>INSEKTI &#8211; vidi KUKICI<br>INTRIGE &#8211; ogovaranja i neugodnosti<br>INVALID &#8211; sva\u0111a<br>IN\u017dENJER &#8211; polako i strpljivo sa svojim planovima pa \u0107ete uspjeti<br>INJE \u2013 problemi ~ skupljati inje &#8211; uspjeh<br>INJEKCIJA \u2013 zdravstveni problemi, ali ne nu\u017eno va\u0161i, mo\u017eda i nekog iz va\u0161e okoline<br>ISCRPLJENOST &#8211; kratka i lo\u0161a ljubavna veza<br>ISELJENJE &#8211; promjene<br>ISKAKANJE &#8211; problemi i prepreke<br>ISKOPAVANJE &#8211; va\u0161i strahovi nisu realni<br>ISKRA &#8211; neo\u010dekivani dobitak<br>ISKRENOST ~ biti \u2013 poslovni uspjeh<br>ISKU\u0160ENJE &#8211; pazite \u0161to pri\u010date pred drugim ljudima<br>ISMIJAVATI NEKOG &#8211; uspjeh<br>ISPIT &#8211; \u010deka vas dan pun odgovornosti, nemojte se bojati, pre\u017eivjet \u0107ete<br>ISPLATA &#8211; rije\u0161it \u0107ete probleme<br>ISPOVIJEDANJE ~ vidjeti &#8211; netko vam la\u017ee ~ ispovijedati se \u2013 neuspjeh ~ ispovijedati nekoga \u2013 uspjeh<br>ISPRA\u0106ATI \u2013 nekoga \u2013 ostvarenje \u017eelje; ako vas ispra\u0107aju \u2013 poslovni ili obiteljski problemi<br>ISPRI\u010cAVATI SE \u2013 problemi ~ ako se vama netko ispri\u010dava &#8211; rije\u0161it \u0107ete probleme<\/p>\n\n\n\n<p>ISPRIKA &#8211; (MODERNO ZNA\u010cENJE) &#8211; Ovaj san obi\u010dno je vezan uz ljubavni \u017eivot ili odnose koje imate s drugim dragim osobama. Isprika se povezuje s iskreno\u0161\u0107u ili pra\u0161tanjem, pa mo\u017ee sugerirati kako je iskrenost, pa mo\u017eda \u010dak i isprika nu\u017ena u nekom odnosu s dragom osobom.<br>ISPROBAVATI ~ ne\u0161to \u2013 pripazite na svoje pona\u0161anje<br>ISTINA &#8211; problemi<br>ISTOK &#8211; putovanje<br>ISTRAGA &#8211; uspjeh<\/p>\n\n\n\n<p>ISUS &#8211; (MODERNO ZNA\u010cENJE) &#8211; Ovaj san ozna\u010dava kako tragate za spiritualnim domom. Ako sanjate o raspe\u0107u, vjerojatno imate neke jake, ali ne\u017eeljene osje\u0107aje.<\/p>\n\n\n\n<p>I\u0160\u010cUPATI &#8211; uspjeh i materijalni dobitak<br>IVERICA &#8211; sva\u0111e<br>IZAZIVATI &#8211; problemi<br>IZBACIVATI &#8211; uspjeh i dobitak<br>IZBAVITI SE IZ NEVOLJE &#8211; uspjeh<br>IZBJEGAVATI &#8211; razmislite o sebi i o onome \u0161to vi zaista \u017eelite, budite sigurniji u sebe<br>IZBORI &#8211; promjene<br>IZDAHNUTI &#8211; problemi u obitelji<br>IZDAJA &#8211; problemi<br>IZDAJNIK &#8211; uspjeh i dobitak<br>IZGLADNJELOST \u2013 ljudi nemaju povjerenja u vas<br>IZGON \u2013 vidjeti &#8211; putovanje<br>IZGORJETI -primirite se<br>IZGOVOR &#8211; pazite \u0161to pri\u010date<br>IZGUBITI ~ se \u2013 uznemireni ste zbog problema s kojim se ne znate nositi, potra\u017eite savjet ~ ne\u0161to &#8211; posvetite se vi\u0161e sebi<\/p>\n\n\n\n<p>IZJAVA &#8211; neugodnosti i sva\u0111e<br>IZLET &#8211; pripazite s kim se dru\u017eite<br>IZLOG &#8211; ogovaranja, problemi i neugodnosti<br>IZLO\u017dBA &#8211; spustite se na zemlju<br>IZMET &#8211; ugodno iznena\u0111enje<br>IZNAJMLJIVANJE &#8211; problemi sa autoritetom ili zakonom<br>IZNENADITI ~ nekoga \u2013 uspjeh ~ ako vas iznenade &#8211; neuspjeh<br>IZOBILJE &#8211; iznenadni tro\u0161kovi i problemi<br>IZUM &#8211; netko te vara<br>IZVLA\u010cITI ~ od nekud ne\u0161to &#8211; dobitak i uspjeh<br>IZVOR \u2013 bogatstvo ~ bistar \u2013 sre\u0107a ~ mutan \u2013 nesre\u0107a ~ hladan &#8211; nova poznanstva ~ topao \u2013 problemi<br>IZVR\u0160ITI ~ ne\u0161to \u2013 pripazite se ~ vidjeti izvr\u0161enje \u2013 dvaput razmislite prije dono\u0161enja odluke<\/p>\n\n\n<form role=\"search\" method=\"get\" action=\"https:\/\/covermagazin.com\/\" class=\"wp-block-search__button-outside wp-block-search__text-button wp-block-search\"    ><label class=\"wp-block-search__label\" for=\"wp-block-search__input-1\" >Za detaljno tuma\u010denje nekog pojma upi\u0161ite pojam:<\/label><div class=\"wp-block-search__inside-wrapper\" ><input class=\"wp-block-search__input\" id=\"wp-block-search__input-1\" placeholder=\"Upi\u0161ite npr: sanjati oblak \" value=\"\" type=\"search\" name=\"s\" required \/><button aria-label=\"Pretraga\" class=\"wp-block-search__button wp-element-button\" type=\"submit\" >Pretraga<\/button><\/div><\/form>\n\n\n<p><strong><a href=\"https:\/\/covermagazin.com\/?page_id=28606\">SANJARICA<\/a><\/strong><\/p>\n\n\n\n<figure class=\"wp-block-table\"><table><tbody><tr><td>\n<h1><a href=\"?page_id=29158\">A<\/a><\/h1>\n<\/td><td>\n<h1><a href=\"?page_id=29160\">B<\/a><\/h1>\n<\/td><td>\n<h1><a href=\"?page_id=29162\">C<\/a><\/h1>\n<\/td><td>\n<h1><a href=\"?page_id=29164\">\u010c <\/a><\/h1>\n<\/td><\/tr><tr><td>\n<h1><a href=\"?page_id=29166\">\u0106<\/a><\/h1>\n<\/td><td>\n<h1><a href=\"?page_id=29168\">D<\/a><\/h1>\n<\/td><td>\n<h1><a href=\"?page_id=29170\">D\u017e<\/a><\/h1>\n<\/td><td>\n<h1><a href=\"?page_id=29172\">\u0110<\/a><\/h1>\n<\/td><\/tr><tr><td>\n<h1><a href=\"?page_id=29174\">E<\/a><\/h1>\n<\/td><td>\n<h1><a href=\"?page_id=29176\">F<\/a><\/h1>\n<\/td><td>\n<h1><a href=\"?page_id=29178\">G<\/a><\/h1>\n<\/td><td>\n<h1><a href=\"?page_id=29180\">H<\/a><\/h1>\n<\/td><\/tr><tr><td>\n<h1><a href=\"?page_id=29182\">I<\/a><\/h1>\n<\/td><td>\n<h1><a href=\"?page_id=29184\">J<\/a><\/h1>\n<\/td><td>\n<h1><a href=\"?page_id=29186\">K<\/a><\/h1>\n<\/td><td>\n<h1><a href=\"?page_id=29189\">L<\/a><\/h1>\n<\/td><\/tr><tr><td>\n<h1><a href=\"?page_id=29191\">Lj<\/a><\/h1>\n<\/td><td>\n<h1><a href=\"?page_id=29193\">M<\/a><\/h1>\n<\/td><td>\n<h1><a href=\"?page_id=29195\">N<\/a><\/h1>\n<\/td><td>\n<h1><a href=\"?page_id=29197\">Nj<\/a><\/h1>\n<\/td><\/tr><tr><td>\n<h1><a href=\"?page_id=29199\">O<\/a><\/h1>\n<\/td><td>\n<h1><a href=\"?page_id=29201\">P<\/a><\/h1>\n<\/td><td>\n<h1><a href=\"?page_id=29203\">R<\/a><\/h1>\n<\/td><td>\n<h1><a href=\"?page_id=29205\">S<\/a><\/h1>\n<\/td><\/tr><tr><td>\n<h1><a href=\"?page_id=29207\">\u0160<\/a><\/h1>\n<\/td><td>\n<h1><a href=\"?page_id=29209\">T<\/a><\/h1>\n<\/td><td>\n<h1><a href=\"?page_id=29211\">U<\/a><\/h1>\n<\/td><td>\n<h1><a href=\"?page_id=29213\">V<\/a><\/h1>\n<\/td><\/tr><tr><td>\n<h1><a href=\"?page_id=29215\">Z<\/a><\/h1>\n<\/td><td>\n<h1><a href=\"?page_id=29217\">\u017d<\/a><\/h1>\n<\/td><td>\n<h1>&nbsp;<\/h1>\n<\/td><td>\n<h1>&nbsp;<\/h1>\n<\/td><\/tr><\/tbody><\/table><\/figure>\n","protected":false},"excerpt":{"rendered":"<p>IDEAL &#8211; nije sve onako kako izgledaIDEJA \u2013 problemi se ne\u0107e rije\u0161iti sami od sebe, morate se potruditiIDILA &#8211; problemati\u010dno razdoblje, najbolje malo stanite na loptu i odmoriteIDIOT \u2013 o\u010dekuju vas neobi\u010dni do\u017eivljajiIDOL -dobro promislite prije nego \u0161to djelujeteIGLA &#8211; brak ili skladno prijateljstvo ~ ubosti se iglom &#8211; vijest o tu\u0111im zarukamaIGRA &#8211; kratkotrajni [&hellip;]<\/p>\n","protected":false},"author":1,"featured_media":0,"parent":28606,"menu_order":0,"comment_status":"closed","ping_status":"closed","template":"","meta":{"footnotes":"","_links_to":"","_links_to_target":""},"class_list":["post-29182","page","type-page","status-publish","hentry"],"_links":{"self":[{"href":"https:\/\/covermagazin.com\/index.php?rest_route=\/wp\/v2\/pages\/29182","targetHints":{"allow":["GET"]}}],"collection":[{"href":"https:\/\/covermagazin.com\/index.php?rest_route=\/wp\/v2\/pages"}],"about":[{"href":"https:\/\/covermagazin.com\/index.php?rest_route=\/wp\/v2\/types\/page"}],"author":[{"embeddable":true,"href":"https:\/\/covermagazin.com\/index.php?rest_route=\/wp\/v2\/users\/1"}],"replies":[{"embeddable":true,"href":"https:\/\/covermagazin.com\/index.php?rest_route=%2Fwp%2Fv2%2Fcomments&post=29182"}],"version-history":[{"count":10,"href":"https:\/\/covermagazin.com\/index.php?rest_route=\/wp\/v2\/pages\/29182\/revisions"}],"predecessor-version":[{"id":60058,"href":"https:\/\/covermagazin.com\/index.php?rest_route=\/wp\/v2\/pages\/29182\/revisions\/60058"}],"up":[{"embeddable":true,"href":"https:\/\/covermagazin.com\/index.php?rest_route=\/wp\/v2\/pages\/28606"}],"wp:attachment":[{"href":"https:\/\/covermagazin.com\/index.php?rest_route=%2Fwp%2Fv2%2Fmedia&parent=29182"}],"curies":[{"name":"wp","href":"https:\/\/api.w.org\/{rel}","templated":true}]}}