{"id":29180,"date":"2019-12-04T06:10:44","date_gmt":"2019-12-04T04:10:44","guid":{"rendered":"https:\/\/covermagazin.com\/?page_id=29180"},"modified":"2021-05-19T12:07:57","modified_gmt":"2021-05-19T10:07:57","slug":"sanjarica-h","status":"publish","type":"page","link":"https:\/\/covermagazin.com\/?page_id=29180","title":{"rendered":"Sanjarica H"},"content":{"rendered":"\n<figure class=\"wp-block-embed is-type-wp-embed is-provider-cover-magazin-com wp-block-embed-cover-magazin-com\"><div class=\"wp-block-embed__wrapper\">\n<blockquote class=\"wp-embedded-content\" data-secret=\"7NLe4TQXOF\"><a href=\"https:\/\/covermagazin.com\/?page_id=28606\">Sanjarica \u2013 Nevjerojatno to\u010dna SANJARICA \u2013 abecedno<\/a><\/blockquote><iframe loading=\"lazy\" class=\"wp-embedded-content\" sandbox=\"allow-scripts\" security=\"restricted\" style=\"position: absolute; clip: rect(1px, 1px, 1px, 1px);\" title=\"&#8220;Sanjarica \u2013 Nevjerojatno to\u010dna SANJARICA \u2013 abecedno&#8221; &#8212; COVERmagazin.com\" src=\"https:\/\/covermagazin.com\/?page_id=28606&#038;embed=true#?secret=C3eGgkT06n#?secret=7NLe4TQXOF\" data-secret=\"7NLe4TQXOF\" width=\"500\" height=\"282\" frameborder=\"0\" marginwidth=\"0\" marginheight=\"0\" scrolling=\"no\"><\/iframe>\n<\/div><\/figure>\n\n\n\n<p>HAJDU\u010cKA TRAVA (STOLISNIK) &#8211; neugodnosti<br>HAJDUK &#8211; uspjeh i sre\u0107a<br>HAJKA &#8211; veselje<br>HALUCINIRATI \u2013 poslovni uspjeh ~ ako drugi h. \u2013 prijatelj vam ima problema, razgovarajte s njim<br>HALJINA ~ nova &#8211; dobro zdravlje ~ prljava \u2013 ogovaranja ~ prati &#8211; uspjeh<br>HAP\u0160ENJE &#8211; problemi a autoritetima ili zakonodavstvom<br>HAREM &#8211; pripazite na svoje postupke, mogli bi imati problema<br>HARFA &#8211; netko vam zavidi<br>HARMONIKA &#8211; poslovni problemi ~ svirati je &#8211; uspjeh<br>HELIKOPTER \u2013 nepovoljno razdoblje<br>HERAKLO &#8211; (BOG) ~ vidjeti boga ili kip &#8211; pravda \u0107e pobijediti<br>HEROIN &#8211; pone\u0161to mu\u010di vas ili nekog u va\u0161oj blizini, razgovarajte s prijateljima<br>HIJEROGLIFI \u2013 problemati\u010dno razdoblje, probleme morate polako rje\u0161avati, ali hrabro<br>HIMNA \u2013 pazite \u0161to radite i s kim se dru\u017eite, mogli bi imati manjih problema<br>HIPNOTIZIRAN ~ biti \u2013 nisu svi ljudi oko vas iskreni ~ vidjeti hipnotiziranog \u2013 nemojte tako \u010desto mijenjati mi\u0161ljenja<\/p>\n\n\n\n<p>HIPODROM &#8211; problemi na poslovnom ili ljubavnom planu<br>HISTERIJA &#8211; poslovni problemi<br>HITAC \u2013 dobro zdravstveno stanje<br>HLA\u010cE ~ ako su nove \u2013 uspjeh ~ stare ili poderane &#8211; neugodnosti<br>HLADNO\u0106A &#8211; poslovni problemi<br>HLADNJAK &#8211; morat \u0107ete donijeti neke odluke<br>HLADOVINA &#8211; pripazite na svoje zdravlje<br>HMELJ &#8211; ljubavni problemi<br>HOBI &#8211; potrudite se na poslovnom planu<br>HOBOTNICA &#8211; nai\u0107i \u0107ete na prepreke koje \u0107e vas usporiti<br>HODANJE ~ polako hodati \u2013 problemi ~ brzo \u2013 uspjeh ~ uzbrdo \u2013 dobitak ~ nizbrdo &#8211; gubitak<br>HODNIK &#8211; promjene<br>HODO\u010cASNIK &#8211; dobre vijesti<br>HOMOSEKSUALNOST &#8211; (MODERNO ZNA\u010cENJE) &#8211;&nbsp; Seks u razli\u010ditim formama je \u010desta tema snova. Ali seksualni snovi nemaju uvijek seksualno zna\u010denje. Oni mogu biti snovi o mo\u0107i, kontroli, identitetu i drugim neseksualnim pitanjima. San o homeoseksuanosti mo\u017ee biti san o&nbsp; ljubavi prema sebi, posebno ako je druga osoba stranac. San o seksu ne govori o seksualnoj orijentaciji, nego nutrini pojedinca.<\/p>\n\n\n\n<p>HONORAR ~ primiti \u2013 financijski problemi<br>HOROSKOP &#8211; problemi na poslu<br>HOSTIJA ~ primiti je \u2013 smirenje ~ ne dobiti je &#8211; neuspjeh<br>HOTEL &#8211; problemi<\/p>\n\n\n\n<p>HOTEL &#8211; (MODERNO ZNA\u010cENJE) &#8211; Ve\u0107ina stambenih prostora predstavlja psiholo\u0161ku, emotivnu i spiritualnu stranu pojedinca, a naj\u010de\u0161\u0107e u kakvom se stanju nalazi prostor u takvom se psiholo\u0161kom stanju nalazi pojedinac. Budu\u0107i da je hotel privremeni stambeni prostor, sugerira da biste se trebali mo\u017eda udaljiti od svakodnevnih stvari koje vas optere\u0107uju i malo odmoriti. Hotel obi\u010dno predstavlja emocije kra\u0107eg trajanja, ne\u0161to \u0161to \u0107e ubrzo pro\u0107i, mo\u017eda \u010dak i jednodnevne emocije.<\/p>\n\n\n\n<p>HRABROST &#8211; problemi u odnosu sa ljudima<br>HRAM -velike \u017eivotne promjene<br>HRANA &#8211; vidi vrstu hrane koju ste jeli<\/p>\n\n\n\n<p>HRANA &#8211; (MODERNO ZNA\u010cENJE) &#8211; Hrana simbolizira veliki izbor i raznolikost. Mo\u017ee simbolizirati u\u017eitak i zadovoljstvo, a \u010desto ako jedemo hranu nudi nam u snovima utjehu za emotivno nezadovoljstvo u svakodnevnom \u017eivotu.<\/p>\n\n\n\n<p>HRANITI NEKOG &#8211; uspjeh i sre\u0107a<br>HRAST &#8211; dobra udaja<br>HR\u010cAK &#8211; dobrobit<br>HR\u0110A &#8211; problemi<br>HREN &#8211; sva\u0111a<br>HRID &#8211; previ\u0161e brinete<br>HRKATI \u2013 dobro razdoblje, poslovni uspjeh ~ ako drugi hr\u010du \u2013 poslovni problemi i sva\u0111e<br>HROMOST &#8211; problemi, sva\u0111e i nesuglasice<br>HRPA ~ hrpa korisnih predmeta &#8211; osoba od koje to najmanje o\u010dekujete nanijet \u0107e vam zlo ~ hrpa sme\u0107a &#8211; tko drugom jamu kopa sam u nju upada, \u010duvajte se svoje zlobe<br>HRT &#8211; uspjeh i napredak<br>HRU\u0160T &#8211; lo\u0161e i nelagodne vijesti<br>HRVATI SE &#8211; sva\u0111e s tom osobom<br>HUMOR &#8211; pa\u017eljivo donosite nove odluke<br>HVALITI NEKOGA \u2013 uspjeh ~ hvaliti se \u2013 neuspjeh ~ ako vas netko hvali &#8211; neuspjeh<\/p>\n\n\n<form role=\"search\" method=\"get\" action=\"https:\/\/covermagazin.com\/\" class=\"wp-block-search__button-outside wp-block-search__text-button wp-block-search\"    ><label class=\"wp-block-search__label\" for=\"wp-block-search__input-1\" >Za detaljno tuma\u010denje nekog pojma upi\u0161ite pojam:<\/label><div class=\"wp-block-search__inside-wrapper\" ><input class=\"wp-block-search__input\" id=\"wp-block-search__input-1\" placeholder=\"Upi\u0161ite npr: sanjati oblak \" value=\"\" type=\"search\" name=\"s\" required \/><button aria-label=\"Pretraga\" class=\"wp-block-search__button wp-element-button\" type=\"submit\" >Pretraga<\/button><\/div><\/form>\n\n\n<p><strong><a href=\"https:\/\/covermagazin.com\/?page_id=28606\">SANJARICA<\/a><\/strong><\/p>\n\n\n\n<figure class=\"wp-block-table\"><table><tbody><tr><td>\n<h1><a href=\"?page_id=29158\">A<\/a><\/h1>\n<\/td><td>\n<h1><a href=\"?page_id=29160\">B<\/a><\/h1>\n<\/td><td>\n<h1><a href=\"?page_id=29162\">C<\/a><\/h1>\n<\/td><td>\n<h1><a href=\"?page_id=29164\">\u010c <\/a><\/h1>\n<\/td><\/tr><tr><td>\n<h1><a href=\"?page_id=29166\">\u0106<\/a><\/h1>\n<\/td><td>\n<h1><a href=\"?page_id=29168\">D<\/a><\/h1>\n<\/td><td>\n<h1><a href=\"?page_id=29170\">D\u017e<\/a><\/h1>\n<\/td><td>\n<h1><a href=\"?page_id=29172\">\u0110<\/a><\/h1>\n<\/td><\/tr><tr><td>\n<h1><a href=\"?page_id=29174\">E<\/a><\/h1>\n<\/td><td>\n<h1><a href=\"?page_id=29176\">F<\/a><\/h1>\n<\/td><td>\n<h1><a href=\"?page_id=29178\">G<\/a><\/h1>\n<\/td><td>\n<h1><a href=\"?page_id=29180\">H<\/a><\/h1>\n<\/td><\/tr><tr><td>\n<h1><a href=\"?page_id=29182\">I<\/a><\/h1>\n<\/td><td>\n<h1><a href=\"?page_id=29184\">J<\/a><\/h1>\n<\/td><td>\n<h1><a href=\"?page_id=29186\">K<\/a><\/h1>\n<\/td><td>\n<h1><a href=\"?page_id=29189\">L<\/a><\/h1>\n<\/td><\/tr><tr><td>\n<h1><a href=\"?page_id=29191\">Lj<\/a><\/h1>\n<\/td><td>\n<h1><a href=\"?page_id=29193\">M<\/a><\/h1>\n<\/td><td>\n<h1><a href=\"?page_id=29195\">N<\/a><\/h1>\n<\/td><td>\n<h1><a href=\"?page_id=29197\">Nj<\/a><\/h1>\n<\/td><\/tr><tr><td>\n<h1><a href=\"?page_id=29199\">O<\/a><\/h1>\n<\/td><td>\n<h1><a href=\"?page_id=29201\">P<\/a><\/h1>\n<\/td><td>\n<h1><a href=\"?page_id=29203\">R<\/a><\/h1>\n<\/td><td>\n<h1><a href=\"?page_id=29205\">S<\/a><\/h1>\n<\/td><\/tr><tr><td>\n<h1><a href=\"?page_id=29207\">\u0160<\/a><\/h1>\n<\/td><td>\n<h1><a href=\"?page_id=29209\">T<\/a><\/h1>\n<\/td><td>\n<h1><a href=\"?page_id=29211\">U<\/a><\/h1>\n<\/td><td>\n<h1><a href=\"?page_id=29213\">V<\/a><\/h1>\n<\/td><\/tr><tr><td>\n<h1><a href=\"?page_id=29215\">Z<\/a><\/h1>\n<\/td><td>\n<h1><a href=\"?page_id=29217\">\u017d<\/a><\/h1>\n<\/td><td>\n<h1>&nbsp;<\/h1>\n<\/td><td>\n<h1>&nbsp;<\/h1>\n<\/td><\/tr><\/tbody><\/table><\/figure>\n","protected":false},"excerpt":{"rendered":"<p>HAJDU\u010cKA TRAVA (STOLISNIK) &#8211; neugodnostiHAJDUK &#8211; uspjeh i sre\u0107aHAJKA &#8211; veseljeHALUCINIRATI \u2013 poslovni uspjeh ~ ako drugi h. \u2013 prijatelj vam ima problema, razgovarajte s njimHALJINA ~ nova &#8211; dobro zdravlje ~ prljava \u2013 ogovaranja ~ prati &#8211; uspjehHAP\u0160ENJE &#8211; problemi a autoritetima ili zakonodavstvomHAREM &#8211; pripazite na svoje postupke, mogli bi imati problemaHARFA &#8211; [&hellip;]<\/p>\n","protected":false},"author":1,"featured_media":0,"parent":28606,"menu_order":0,"comment_status":"closed","ping_status":"closed","template":"","meta":{"footnotes":"","_links_to":"","_links_to_target":""},"class_list":["post-29180","page","type-page","status-publish","hentry"],"_links":{"self":[{"href":"https:\/\/covermagazin.com\/index.php?rest_route=\/wp\/v2\/pages\/29180","targetHints":{"allow":["GET"]}}],"collection":[{"href":"https:\/\/covermagazin.com\/index.php?rest_route=\/wp\/v2\/pages"}],"about":[{"href":"https:\/\/covermagazin.com\/index.php?rest_route=\/wp\/v2\/types\/page"}],"author":[{"embeddable":true,"href":"https:\/\/covermagazin.com\/index.php?rest_route=\/wp\/v2\/users\/1"}],"replies":[{"embeddable":true,"href":"https:\/\/covermagazin.com\/index.php?rest_route=%2Fwp%2Fv2%2Fcomments&post=29180"}],"version-history":[{"count":7,"href":"https:\/\/covermagazin.com\/index.php?rest_route=\/wp\/v2\/pages\/29180\/revisions"}],"predecessor-version":[{"id":56516,"href":"https:\/\/covermagazin.com\/index.php?rest_route=\/wp\/v2\/pages\/29180\/revisions\/56516"}],"up":[{"embeddable":true,"href":"https:\/\/covermagazin.com\/index.php?rest_route=\/wp\/v2\/pages\/28606"}],"wp:attachment":[{"href":"https:\/\/covermagazin.com\/index.php?rest_route=%2Fwp%2Fv2%2Fmedia&parent=29180"}],"curies":[{"name":"wp","href":"https:\/\/api.w.org\/{rel}","templated":true}]}}