{"id":29178,"date":"2019-12-04T06:05:50","date_gmt":"2019-12-04T04:05:50","guid":{"rendered":"https:\/\/covermagazin.com\/?page_id=29178"},"modified":"2021-12-18T19:49:56","modified_gmt":"2021-12-18T17:49:56","slug":"sanjarica-g","status":"publish","type":"page","link":"https:\/\/covermagazin.com\/?page_id=29178","title":{"rendered":"Sanjarica G"},"content":{"rendered":"\n<figure class=\"wp-block-embed is-type-wp-embed is-provider-cover-magazin-com wp-block-embed-cover-magazin-com\"><div class=\"wp-block-embed__wrapper\">\n<blockquote class=\"wp-embedded-content\" data-secret=\"FmHOESSvJ6\"><a href=\"https:\/\/covermagazin.com\/?page_id=28606\">Sanjarica \u2013 Nevjerojatno to\u010dna SANJARICA \u2013 abecedno<\/a><\/blockquote><iframe loading=\"lazy\" class=\"wp-embedded-content\" sandbox=\"allow-scripts\" security=\"restricted\" style=\"position: absolute; clip: rect(1px, 1px, 1px, 1px);\" title=\"&#8220;Sanjarica \u2013 Nevjerojatno to\u010dna SANJARICA \u2013 abecedno&#8221; &#8212; COVERmagazin.com\" src=\"https:\/\/covermagazin.com\/?page_id=28606&#038;embed=true#?secret=vwSlRm0cax#?secret=FmHOESSvJ6\" data-secret=\"FmHOESSvJ6\" width=\"500\" height=\"282\" frameborder=\"0\" marginwidth=\"0\" marginheight=\"0\" scrolling=\"no\"><\/iframe>\n<\/div><\/figure>\n\n\n\n<p>GA\u0106E &#8211; problemi i iznenadni tro\u0161kovi<br>GADLJIVOST ~ ako vam se netko gadi \u2013 netko \u0107e vas osramotiti ~ ako vam se gadi hrana \u2013 zdravstveni problemi<br>GA\u0110ATI NE\u0160TO &#8211; problemi na poslu<br>GAJDE &#8211; dobre vijesti, uspjeh i veselje<br>GAKANJE &#8211; neugodne vijesti<br>GALAMA &#8211; poslovni uspjeh, \u0161to je ve\u0107a galama ve\u0107i je i poslovni uspjeh<br>GALANTAN ~ biti \u2013 razmislite dva put prije nego donesete odluku<br>GALEB &#8211; sva\u0111a s partnerom, pripremite se na njegovo bezobzirno pona\u0161anje prema vama<br>GALERIJA \u2013 povoljne novosti<br>GALIJA &#8211; sva\u0111e, ogovaranje i problemi<br>GALOP ~ ako je ravnomjeran \u2013 uspjeh ~ ako je neravnomjeran &#8211; neuspjeh<br>GAMAD \u2013 financijski uspjeh ~ ako gmi\u017eu po vama \u2013 imate jake neprijatelje<br>GARAV ~ biti &#8211; uspjeh i materijalno blagostanje<br>GARA\u017dA ~ biti s autom unutra \u2013 putovanje ~ ako ste s nekim u gara\u017ei \u2013 avantura na pomolu ~ ne mo\u0107i na\u0107i izlazi \u2013 pripazite se u prometu<\/p>\n\n\n\n<p>GARA\u017dA &#8211; (MODERNO ZNA\u010cENJE) &#8211; Putovanja u snovima predstavljaju \u017eivotno putovanja, a gara\u017ea nasuprot obi\u010dno simbolizira razdoblje neaktivnosti i neodlu\u010dnosti. Ako sanjate gara\u017eu to mo\u017eda zna\u010di da ste dugo vremena na istoj poziciji i da je vrijeme da krenete dalje. Odmorite se, smirite, razmislite, napravite plan i krenite dalje.<\/p>\n\n\n\n<p>GARDEROBA &#8211; ugodno dru\u017eenje i veselje ~ ako ste ne\u0161to izgubili u garderobi ~ netko nije iskren prema vama<br>GASITI VATRU &#8211; nemojte pokazivati emocije<br>GATANJE ~ ako vam netko gata &#8211; upast \u0107ete u velike probleme, pred vama je razdoblje u kojem \u0107ete biti dosta zabrinuti ~ gatati nekome &#8211; saznat \u0107ete tko vam radi iza le\u0111a ~ gatati na karte &#8211; okru\u017eeni ste neiskrenim ljudima ~ gatati u kavu &#8211; netko vas poku\u0161ava prevariti na poslu<br>GATARA &#8211; manje trzavice na svim stranama<br>GAVRAN &#8211; pripazite dobro na ono \u0161to imate ~ vidjeti jednog gavrana \u2013 sre\u0107a ~ jato gavrana &#8211; lo\u0161a vijest ~ biti gavran &#8211; materijalna dobit<br>GAZA &#8211; dobit \u0107ete pomo\u0107 u rje\u0161avanju problema<br>GAZDA &#8211; dobitak<br>GAZELA &#8211; kolo sre\u0107e se okre\u0107e, ne\u0161to je dobro, a ne\u0161to lo\u0161e<br>GAZITI ~ ako vas netko gazi \u2013 uspjeh ~ ako vi nekog gazite &#8211; netko iz va\u0161e okoline vas ogovara i vara<br>GEJ\u0160A&nbsp; &#8211; pred vama je sretnije i bolje razdoblje<br>GEMI\u0160T ~ piti ga \u2013 netko vas poku\u0161ava prevariti ~ nuditi druge \u2013 netko iz va\u0161e okoline treba va\u0161u pomo\u0107<br>GENERAL &#8211; dobit \u0107ete pohvalu ili napredovati na dru\u0161tvenoj ljestvici<br>GENITALIJE \u2013 vjerujte u sebe i svoje mogu\u0107nosti<\/p>\n\n\n\n<p>GENITALIJE &#8211; (MODERNO ZNA\u010cENJE) &#8211; Ovo je o\u010diti seksualni san koji iznosi na vidjelo brige vezane uz va\u0161u seksualnost. Ako osje\u0107ate krivnju, po stresom ste ili zabrinuti vezano uz svoju seksualnu aktivnost, to \u0107e se o\u010ditovati kroz snove seksualne konotacije. Obi\u010dno snovi o genitalijama imaj uvezu sa seksom.<\/p>\n\n\n\n<p>Glazba \u2013 Glazba u snovima ima pozitivne konotacije. Ka\u017eu kako je glazba melem za du\u0161u, pa ako je slu\u0161ate u snovima odra\u017eava harmoniju i zadovoljstvo emocijama.<\/p>\n\n\n\n<p>GIBANICA ~ vidjet je ili praviti \u2013 uspjeh ~ jesti je &#8211; problemi i sva\u0111e<br>GILJOTINA ~ vidjeti je \u2013 vi\u0161e vjerujte u sebe ~ biti na njoj \u2013 sva\u0111e i neugodnosti<br>GIMNASTIKA &#8211; dobro zdravlje<br>GIMNAZIJA &#8211; ostvarenje snova<br>GINEKOLOG ~ biti \u2013 problemi na poslu ~ i\u0107i ginekologu \u2013 mogu\u0107i su zdravstveni problemi<br>GIPS &#8211; poslovni uspjeh<br>GITARA ~ svirati gitaru &#8211; veza ili brak pun napetosti i razmirica<br>GLA\u010cALO &#8211; putovanje<br>GLA\u010cANJE &#8211; lo\u0161e i neugodne vijesti<br>GLAD &#8211; dobitak u igrama na sre\u0107u<br>GLADIJATOR ~ biti &#8211; borba s okolinom<br>GLAS ~ \u010duti poznat glas &#8211; dobro ste postupili ~ nepoznat \u2013 poslu\u0161ajte savjet vama drage osobe<br>GLASNIK ~ vidjeti glasnika &#8211; lo\u0161e vijesti ~ dobiti poruku od glasnika &#8211; poslovni uspjeh<br>GLASOVANJE \u2013 niste sigurni da znate \u0161to treba u\u010diniti<br>GLASOVIR &#8211; radost i veselje ~ svirati \u2013 dobitak ~ slu\u0161ati druge da sviraju &#8211; iznenadne prepreke<br>GLAVA ~ imati veliku glavu- povoljno \u017eivotno razdoblje i unapre\u0111enje ~ mala glava- problemi i nazadovanje ~ izgubiti glavu &#8211; bliska osoba \u0107e oti\u0107i iz va\u0161eg \u017eivota ~ glava bez tijela \u2013 pote\u0161ko\u0107e ~ obrijana glava \u2013 problemi ~ nositi glavu u rukama ~ mirno razdoblje<br>GLAVOBOLJA -dobre vijesti<br>GLAZBA &#8211; kakvu glazbu \u010dujete takve \u0107ete \u010duti vijesti (dobra glazba-dobre vijesti)<br>GLAZBENA LJESTVICA &#8211; poslovno napredovanje<br>GLAZBENI INSTRUMENTI &#8211; prijeti vam opasnost<br>GLAZBENIK &#8211; neo\u010dekivani tro\u0161kovi<br>GLEDATI&nbsp; ~ kroz prozor &#8211; poslovne promjene ~ prema gore -problemi pri ostvarivanju planova ~ prema dole &#8211; uspjeh<br>GLINA \u2013 pote\u0161ko\u0107e, problemi i neugodnosti<br>GLISER \u2013 uspje\u0161na nova poznanstva ~ imati nesre\u0107u u gliseru \u2013 mogu\u0107i problemi u prometu<br>GLISTE &#8211; neugodnosti, problemi i lo\u0161e vijesti<br>GLOBA ~ pla\u0107ati je &#8211; uspjeh na poslu ~ vidjeti da netko pla\u0107a &#8211; bliska osoba vam ne\u0161to taji<br>GLOBUS &#8211; putovanje<br>GLODAVAC &#8211; mu\u010de vas neki va\u0161i postupci, razmislite \u0161to mo\u017eete popraviti<br>GLOG \u2013 neprilike posebno u pronala\u017eenju pravog partnera<br>GLUH ~ biti gluh \u2013 problemi ~ vidjeti gluhu osobu \u2013 sre\u0107a ~ govoriti gluhoj osobi &#8211; problemi na poslu<br>GLUMAC ~ biti &#8211; planovi se ne\u0107e ostvariti ~ gledati glumca &#8211; netko vam ne\u0161to la\u017ee<\/p>\n\n\n\n<p>GLUMAC &#8211; (MODERNO ZNA\u010cENJE) &#8211; Ponekad san o poznatom glumcu mo\u017ee biti ostvarenje \u017eelje kroz san. Ljudi se dive poznatim osobama i po\u017eele biti s njima, ali i dive im se zbog odre\u0111enih kvaliteta. Razmislite o kvalitetama osobnosti koje ve\u017eete uz osobu koju ste sanjali. Film mo\u017ee zna\u010diti da pri\u017eeljkujete te kvalitete u svome \u017eivotu. Konkretno sanjati glumca mo\u017ee zna\u010diti i da osje\u0107ate kao da igrate neku ulogu u svome \u017eivotu i da vas drugi ne percipiraju onako kako biste vi to htjeli.<\/p>\n\n\n\n<p>GLUPOST ~ napraviti -poslovni problemi<br>GLJIVE&nbsp; ~ vidjeti &#8211; netko vas poku\u0161ava prevariti ~ brati i jesti &#8211; o\u010dekuje vas povoljno razdoblje u \u017eivotu<br>GMIZAVCI &#8211; okru\u017eeni ste neiskrenim ljudima<br>GNIJEZDO \u2013 uspjeh ~ gnijezdo s jajima \u2013 svadba ~ uni\u0161titi gnijezdo &#8211; budite manje ljubomorni<br>GNOJ &#8211; bolest, neugodnosti ili lo\u0161e vijesti<br>GNOJIVO &#8211; uspjeh, sre\u0107a i zadovoljstvo<br>GNJIDE &#8211; neugodnosti i problemi<br>GODINA ~ slijede\u0107a &#8211; uzaludne nade<br>GOLF &#8211; poslovni problemi<br>GOLOTINJA ~ biti gol &#8211; osramotit \u0107ete se ~ gol mu\u0161karac &#8211; lo\u0161e vijesti ~ gola \u017eena &#8211; dobre vijesti<\/p>\n\n\n\n<p>GOLOTINJA &#8211; (MODERNO ZNA\u010cENJE) &#8211; Biti gol u snu obi\u010dno simbolizira strah od izlo\u017eenosti i ranjivosti. Mo\u017ee biti refleksija onoga \u0161to se doga\u0111a u svakodnevnom \u017eivotu. Mo\u017eda niste voljni pokazati drugima svoje pravo lice jer se bojite da \u0107ete biti osramo\u0107eni, pa je san kompenzacija zato. Razmislite bojite li se previ\u0161e otkrivanja i zbog \u010dega mislite da se va\u0161a prava strana ne bi svidjela nekome.<\/p>\n\n\n\n<p>GOLUB \u2013 ne dajte se zavesti ~ golub na krovu-dobre vijesti ~ hvatati goluba &#8211; lo\u0161e vijesti ~ golub u letu &#8211; sre\u0107a u obitelji<br>GOLUBINJAK \u2013 problemi u braku<br>GONDOLA &#8211; miran, dug \u017eivot<br>GONG &#8211; novosti i promjene u obitelji<br>GOR\u010cINA &#8211; lo\u0161e vijesti<br>GORJETI &#8211; nepovoljno financijsko razdoblje<br>GOSPODAR &#8211; va\u0161i planovi \u0107e se ostvariti, budite uporni<br>GOSPODIN &#8211; netko vam radi iza le\u0111a<br>GOSPO\u0110A &#8211; ogovaranja, lo\u0161e vijesti i neugodnosti<br>GOST ~ primiti &#8211; nepovoljna financijska situacija<br>GOSTIONICA &#8211; prepreke<br>GOSTIONI\u010cAR &#8211; opasnost<br>GOVEDA &#8211; poku\u0161ajte uspostaviti malo vi\u0161e reda u svome \u017eivotu<br>GOVNO ~&nbsp; vidjeti &#8211; nov\u010dani napredak (op\u0161irnije pro\u010ditaj ovdje <a href=\"https:\/\/covermagazin.com\/?p=3229\">Sanjati GOVNO \u2013 detaljno tuma\u010denje \u2013<\/a> )<\/p>\n\n\n\n<p>GOVNO &#8211; (MODERNO ZNA\u010cENJE) &#8211; Ovaj san predstavlja sre\u0107u i zdravlje, te progres. Indicira da se \u010distite od lo\u0161ih emocija, \u0161tetnog pona\u0161anja, mo\u017eda vas o\u010dekuje napredak, novi posao ili financijska dobit.<\/p>\n\n\n\n<p>GOVORITI ~ govoriti u snu ne\u0161to \u0161to nema veze s vama &#8211; san \u0107e vam se ostvariti<br>GOVORNIK ~ biti &#8211; poslovni uspje ~ slu\u0161ati ga \u2013 uspjeh ~ vidjeti ga &#8211; potra\u017eit savjete<br>GOZBA &#8211; netko \u0107e vas pohvaliti<br>GRABLJE- o\u010dekujte gubitak<br>GRAD (TU\u010cA) ~ vidjeti \u2013 ostvarenje snova ~ biti na ki\u0161i \u2013 netko vas iskori\u0161tava<br>GRAD ~ sanjati poznat grad &#8211; ugodno razdoblje ~ manje poznate i velike gradove &#8211; dolazi vam razdoblje u kojem \u0107ete se te\u017ee snalaziti<br>GRADILI\u0160TE &#8211; poslovna nesigurnost<br>GRADONA\u010cELNIK ~ biti gradona\u010delnik- na sebe nepotrebno preuzimate odgovornost<br>GRAH &#8211; \u010dekaju vas sva\u0111a i razmirice s najbli\u017eima ; razvod<br>GRAMATIKA &#8211; obiteljska sre\u0107a<br>GRAMOFON &#8211; ogovaranja i neugodnosti<br>GRANA &#8211; tra\u017eite pomo\u0107, dobit \u0107ete je; slomljena &#8211; netko \u0107e vas povrijediti; suha &#8211; problemi; zelena &#8211; uspjeh;<br>GRANATA &#8211; osoba iz va\u0161e okoline \u017eeli vas prevariti, pripazite<br>GRANICA ~ prelaziti \u2013 poslovi uspjeh ~ odre\u0111ivati granicu \u2013 poslovni problemi<br>GRANJE &#8211; bolest<br>GRA\u0160AK &#8211; autoritativni ste i ljudi oko vas vas slu\u0161aju<br>GRB &#8211; poslovni uspjeh<br>GRBA ~ vidjeti je &#8211; ogovaranja i neugodnosti ~ dodirivati grbu &#8211; velika sre\u0107a ~ imati grbu &#8211; dobitak<br>GRCANJE &#8211; uspjet \u0107ete rije\u0161iti probleme<br>GR\u010c &#8211; lo\u0161e vijesti i neugodna iznena\u0111enja<br>GREBEN &#8211; uspjeh i ostvarivanje planova<br>GREDA &#8211; poslovni problemi<br>GRIJATI SE &#8211; bolest<br>GRIJE\u0160ITI \u2013 dobre vijesti<br>GRIPA &#8211; neuspjeh<br>GRISTI \u2013 problemi s okolinom ~ ako vi grizete \u2013 pazite na svoje pona\u0161anje prema drugim ljudima ~ ako vas netko grize \u2013 netko vam radi iza le\u0111a i ogovara vas<br>GRLITI ~ nekog &#8211; problemi s novcem ~ gledati &#8211; netko \u0107e vas razo\u010darati<br>GRLO &#8211; pripazite na ljude oko vas, nisu vam svi prijatelji iskreni<br>GRM &#8211; lo\u0161e vijesti<br>GRMLJAVINA &#8211; spletke i ogovaranja<\/p>\n\n\n\n<p>GRMLJAVINA (MODERNO ZNA\u010cENJE) -Munje predstavljaju energiju i fantaziju. Obi\u010dno su pozitivan simbol, a grmljavina mo\u017ee ozna\u010davati nove vijesti, sna\u017ene nepredvidive doga\u0111aje, naboj, ali i strah. Munje mogu simbolizirati i strahove s kojim \u0107emo se suo\u010diti.<\/p>\n\n\n\n<p>GROB &#8211; nepovoljno razdoblje ~ otvoren grob &#8211; lo\u0161e vijesti i problemi u obitelji ~ kopati grob \u2013 opasnost ~ zatrpati ga \u2013 problemi ~ ure\u0111ivati grobove -sre\u0107a<\/p>\n\n\n\n<p>GROB &#8211; (MODERNO ZNA\u010cENJE) &#8211; Grobovi su obi\u010dno depresivna mjesta i ne predstavlja sretan simbol, ali u snu ima dublje duhovno zna\u010denje. Mo\u017eda vas upozorava kako neke stvari zahtijevaju dublje promi\u0161ljanje, ne\u0161to \u0161to se ne vidi na povr\u0161ini. Ako vam je netko blizak nedavno umro sasvim je normalno da sanjate o grobovima i tada taj san nema posebno zna\u010denje, osim&nbsp; \u0161to je ekstenzija misli iz stvarnog \u017eivota.<\/p>\n\n\n\n<p>GROBAR &#8211; dobit \u0107ete svoje natrag<br>GROBLJE \u2013 problemi ~ i\u0107i prema groblju \u2013 bolest ~ hodati po groblju \u2013 problemi ~ spavati na groblju &#8211; ljubavna avantura<\/p>\n\n\n\n<p>GROBLJE &#8211; (MODERNO ZNA\u010cENJE) &#8211; Groblja su tu\u017ena i depresivna mjesta, pa san o groblju mo\u017ee biti odraz va\u0161eg raspolo\u017eenja i neprocesuirane tuge.<\/p>\n\n\n\n<p>GROM ~ ako vas udari grom- bogatstvo, slava ~ ako pukne pokraj vas &#8211; ne\u0161to \u0107e sprije\u010diti va\u0161 napredak ~ strah od groma &#8211; u\u010dinite prvi korak<br>GROZNICA &#8211; spustite se na zemlju<br>GRO\u017d\u0110E- o\u010dekuje vas velika korist ali koju ne\u0107ete mo\u0107i ostvariti sami<br>GRUDA SNIJEGA &#8211; razo\u010darenje<br>GRUDATI SE &#8211; dobit \u0107ete dobre vijesti<br>GRUDI ~ lijepe, skladne \u2013 dobitak ~ ru\u017ene grudi- gubitak<br>GUBAVAC &#8211; bolest i neugodnosti<br>GUBICA &#8211; dobitak u igrama na sre\u0107u<br>GUBITAK &#8211; ljubavni uspjeh<br>GUDALO &#8211; dobre vijesti, uspjeh, veselje<br>GULITI vo\u0107e &#8211; netko vama blizak \u0107e oti\u0107i iz va\u0161eg \u017eivota<br>GUMA ~ ako je pukla \u2013 problemi ~ ako je mijenjate \u2013 uspje\u0161no \u0107ete ih rije\u0161iti<br>GUMB &#8211; problemi i lo\u0161e vijesti<br>GUMICA ZA BRISANJE &#8211; \u017eelite ispraviti svoje gre\u0161ke<br>GURANJE &#8211; problemati\u010dno razdoblje budite uporni<br>GUSAR &#8211; nov\u010dani problemi i iznenadni tro\u0161kovi<br>GUSJENICA &#8211; netko vam radi iza le\u0111a<br>GUSKA &#8211; nepredvi\u0111eni problemi<br>GUSLE ~ vidjeti &#8211; problemi ~ slu\u0161ati \u2013 veselje<br>GU\u0160A ~ vidjeti na drugom \u2013 nisu svi ljudi iskreni, pripazite ~ imati \u2013 neo\u010dekivani poslovni uspjeh<br>GU\u0160ENJE ~ u vodi &#8211; dobro zdravlje ~ u mutnoj vodi &#8211; bolest i problemi ~ u blatu &#8211; problemi<br>GU\u0160TER &#8211; preseljenje<br>GUTANJE &#8211; brige i problemi<br>GU\u017dVA &#8211; poku\u0161ajte privu\u0107i pa\u017enju ali ne pretjerujte u tome<br>GVO\u017d\u0110E &#8211; uspjeh<\/p>\n\n\n<form role=\"search\" method=\"get\" action=\"https:\/\/covermagazin.com\/\" class=\"wp-block-search__button-outside wp-block-search__text-button wp-block-search\"    ><label class=\"wp-block-search__label\" for=\"wp-block-search__input-1\" >Za detaljno tuma\u010denje nekog pojma upi\u0161ite pojam:<\/label><div class=\"wp-block-search__inside-wrapper\" ><input class=\"wp-block-search__input\" id=\"wp-block-search__input-1\" placeholder=\"Upi\u0161ite npr: sanjati oblak \" value=\"\" type=\"search\" name=\"s\" required \/><button aria-label=\"Pretraga\" class=\"wp-block-search__button wp-element-button\" type=\"submit\" >Pretraga<\/button><\/div><\/form>\n\n\n<p><strong><a href=\"https:\/\/covermagazin.com\/?page_id=28606\">SANJARICA<\/a><\/strong><\/p>\n\n\n\n<figure class=\"wp-block-table\"><table><tbody><tr><td>\n<h1><a href=\"?page_id=29158\">A<\/a><\/h1>\n<\/td><td>\n<h1><a href=\"?page_id=29160\">B<\/a><\/h1>\n<\/td><td>\n<h1><a href=\"?page_id=29162\">C<\/a><\/h1>\n<\/td><td>\n<h1><a href=\"?page_id=29164\">\u010c <\/a><\/h1>\n<\/td><\/tr><tr><td>\n<h1><a href=\"?page_id=29166\">\u0106<\/a><\/h1>\n<\/td><td>\n<h1><a href=\"?page_id=29168\">D<\/a><\/h1>\n<\/td><td>\n<h1><a href=\"?page_id=29170\">D\u017e<\/a><\/h1>\n<\/td><td>\n<h1><a href=\"?page_id=29172\">\u0110<\/a><\/h1>\n<\/td><\/tr><tr><td>\n<h1><a href=\"?page_id=29174\">E<\/a><\/h1>\n<\/td><td>\n<h1><a href=\"?page_id=29176\">F<\/a><\/h1>\n<\/td><td>\n<h1><a href=\"?page_id=29178\">G<\/a><\/h1>\n<\/td><td>\n<h1><a href=\"?page_id=29180\">H<\/a><\/h1>\n<\/td><\/tr><tr><td>\n<h1><a href=\"?page_id=29182\">I<\/a><\/h1>\n<\/td><td>\n<h1><a href=\"?page_id=29184\">J<\/a><\/h1>\n<\/td><td>\n<h1><a href=\"?page_id=29186\">K<\/a><\/h1>\n<\/td><td>\n<h1><a href=\"?page_id=29189\">L<\/a><\/h1>\n<\/td><\/tr><tr><td>\n<h1><a href=\"?page_id=29191\">Lj<\/a><\/h1>\n<\/td><td>\n<h1><a href=\"?page_id=29193\">M<\/a><\/h1>\n<\/td><td>\n<h1><a href=\"?page_id=29195\">N<\/a><\/h1>\n<\/td><td>\n<h1><a href=\"?page_id=29197\">Nj<\/a><\/h1>\n<\/td><\/tr><tr><td>\n<h1><a href=\"?page_id=29199\">O<\/a><\/h1>\n<\/td><td>\n<h1><a href=\"?page_id=29201\">P<\/a><\/h1>\n<\/td><td>\n<h1><a href=\"?page_id=29203\">R<\/a><\/h1>\n<\/td><td>\n<h1><a href=\"?page_id=29205\">S<\/a><\/h1>\n<\/td><\/tr><tr><td>\n<h1><a href=\"?page_id=29207\">\u0160<\/a><\/h1>\n<\/td><td>\n<h1><a href=\"?page_id=29209\">T<\/a><\/h1>\n<\/td><td>\n<h1><a href=\"?page_id=29211\">U<\/a><\/h1>\n<\/td><td>\n<h1><a href=\"?page_id=29213\">V<\/a><\/h1>\n<\/td><\/tr><tr><td>\n<h1><a href=\"?page_id=29215\">Z<\/a><\/h1>\n<\/td><td>\n<h1><a href=\"?page_id=29217\">\u017d<\/a><\/h1>\n<\/td><td>\n<h1>&nbsp;<\/h1>\n<\/td><td>\n<h1>&nbsp;<\/h1>\n<\/td><\/tr><\/tbody><\/table><\/figure>\n","protected":false},"excerpt":{"rendered":"<p>GA\u0106E &#8211; problemi i iznenadni tro\u0161koviGADLJIVOST ~ ako vam se netko gadi \u2013 netko \u0107e vas osramotiti ~ ako vam se gadi hrana \u2013 zdravstveni problemiGA\u0110ATI NE\u0160TO &#8211; problemi na posluGAJDE &#8211; dobre vijesti, uspjeh i veseljeGAKANJE &#8211; neugodne vijestiGALAMA &#8211; poslovni uspjeh, \u0161to je ve\u0107a galama ve\u0107i je i poslovni uspjehGALANTAN ~ biti \u2013 [&hellip;]<\/p>\n","protected":false},"author":1,"featured_media":0,"parent":28606,"menu_order":0,"comment_status":"closed","ping_status":"closed","template":"","meta":{"footnotes":"","_links_to":"","_links_to_target":""},"class_list":["post-29178","page","type-page","status-publish","hentry"],"_links":{"self":[{"href":"https:\/\/covermagazin.com\/index.php?rest_route=\/wp\/v2\/pages\/29178","targetHints":{"allow":["GET"]}}],"collection":[{"href":"https:\/\/covermagazin.com\/index.php?rest_route=\/wp\/v2\/pages"}],"about":[{"href":"https:\/\/covermagazin.com\/index.php?rest_route=\/wp\/v2\/types\/page"}],"author":[{"embeddable":true,"href":"https:\/\/covermagazin.com\/index.php?rest_route=\/wp\/v2\/users\/1"}],"replies":[{"embeddable":true,"href":"https:\/\/covermagazin.com\/index.php?rest_route=%2Fwp%2Fv2%2Fcomments&post=29178"}],"version-history":[{"count":9,"href":"https:\/\/covermagazin.com\/index.php?rest_route=\/wp\/v2\/pages\/29178\/revisions"}],"predecessor-version":[{"id":60052,"href":"https:\/\/covermagazin.com\/index.php?rest_route=\/wp\/v2\/pages\/29178\/revisions\/60052"}],"up":[{"embeddable":true,"href":"https:\/\/covermagazin.com\/index.php?rest_route=\/wp\/v2\/pages\/28606"}],"wp:attachment":[{"href":"https:\/\/covermagazin.com\/index.php?rest_route=%2Fwp%2Fv2%2Fmedia&parent=29178"}],"curies":[{"name":"wp","href":"https:\/\/api.w.org\/{rel}","templated":true}]}}