{"id":29174,"date":"2019-12-04T06:58:55","date_gmt":"2019-12-04T04:58:55","guid":{"rendered":"https:\/\/covermagazin.com\/?page_id=29174"},"modified":"2021-05-19T12:07:10","modified_gmt":"2021-05-19T10:07:10","slug":"sanjarica-e","status":"publish","type":"page","link":"https:\/\/covermagazin.com\/?page_id=29174","title":{"rendered":"Sanjarica E"},"content":{"rendered":"\n<figure class=\"wp-block-embed is-type-wp-embed is-provider-cover-magazin-com wp-block-embed-cover-magazin-com\"><div class=\"wp-block-embed__wrapper\">\n<blockquote class=\"wp-embedded-content\" data-secret=\"zeRN5OSwPU\"><a href=\"https:\/\/covermagazin.com\/?page_id=28606\">Sanjarica \u2013 Nevjerojatno to\u010dna SANJARICA \u2013 abecedno<\/a><\/blockquote><iframe loading=\"lazy\" class=\"wp-embedded-content\" sandbox=\"allow-scripts\" security=\"restricted\" style=\"position: absolute; clip: rect(1px, 1px, 1px, 1px);\" title=\"&#8220;Sanjarica \u2013 Nevjerojatno to\u010dna SANJARICA \u2013 abecedno&#8221; &#8212; COVERmagazin.com\" src=\"https:\/\/covermagazin.com\/?page_id=28606&#038;embed=true#?secret=1Dwt82WsFI#?secret=zeRN5OSwPU\" data-secret=\"zeRN5OSwPU\" width=\"500\" height=\"282\" frameborder=\"0\" marginwidth=\"0\" marginheight=\"0\" scrolling=\"no\"><\/iframe>\n<\/div><\/figure>\n\n\n\n<p>EGOIZAM \u2013 previ\u0161e ste samodopadni<br>EGZIL \u2013 problemati\u010dno razdoblje, glavu gore i izdr\u017eite<br>EGZISTENCIJA ~ brinuti o e. \u2013 materijalne neprilike, siroma\u0161tvo<br>EKOLOGIJA ~ ako je pozitivan san \u2013 probitak ~ ako je negativan &#8211; nazadovanje<br>EKRAN &#8211; iznenadni dobitak<\/p>\n\n\n\n<p>EKSKURZIJA &#8211; pozitivne promjene u va\u0161em \u017eivotu<br>EKSPEDICIJA \u2013 morat \u0107ete donijet va\u017enu odluku<br>EKSPERIMENT &#8211; uspje\u0161no \u0107ete zavr\u0161iti zapo\u010dete poslove<br>EKSPLOZIJA &#8211; neugodno iznena\u0111enje, budite objektivniji ~ eksplozija i velika vatra &#8211; veliki uspjeh<br>ELEGANCIJA &#8211; mogli bi do\u0107i u neugodnu situaciju<br>ELEKTRI\u010cAR \u2013 obiteljski problemi<br>ELIKSIR \u2013 va\u0161 trud \u0107e uroditi plodom<\/p>\n\n\n\n<p>EMAIL &#8211; <a href=\"https:\/\/covermagazin.com\/?p=48259\">Sanjati EMAIL \u2013 detaljno tuma\u010denje \u2013&nbsp;<\/a><br>EMIGRIRATI \u2013 niste zadovolji sada\u0161njom situacijom, otvorit \u0107e vam se nove mogu\u0107nosti<br>ENCIKLOPEDIJA \u2013 ozna\u010dava va\u0161u \u017eelju za istinom<br>ENGLEZ &#8211; oko vas ima neiskrenih ljudi<br>EPIDEMIJA -bogat dru\u0161tveni \u017eivot i nova poznanstva<br>EPILEPSIJA \u2013 imate puno problema s kojima se te\u0161ko nosite<br>ERGELA &#8211; materijalni uspjeh<br>EROTSKI SNOVI \u2013 govori kako \u017eelite ljubav osobe koju ste sanjali ili eventualno biti intimniji s njom<br>ERUPCIJA &#8211; sre\u0107a<\/p>\n\n\n\n<p>ESKIM &#8211; samo\u0107a i problemi<br>EUTANAZIJA \u2013 pomognite prijatelju<br>EVA &#8211; neugodnosti u dru\u0161tvu<\/p>\n\n\n<form role=\"search\" method=\"get\" action=\"https:\/\/covermagazin.com\/\" class=\"wp-block-search__button-outside wp-block-search__text-button wp-block-search\"    ><label class=\"wp-block-search__label\" for=\"wp-block-search__input-1\" >Za detaljno tuma\u010denje nekog pojma upi\u0161ite pojam:<\/label><div class=\"wp-block-search__inside-wrapper\" ><input class=\"wp-block-search__input\" id=\"wp-block-search__input-1\" placeholder=\"Upi\u0161ite npr: sanjati oblak \" value=\"\" type=\"search\" name=\"s\" required \/><button aria-label=\"Pretraga\" class=\"wp-block-search__button wp-element-button\" type=\"submit\" >Pretraga<\/button><\/div><\/form>\n\n\n<p><strong><a href=\"https:\/\/covermagazin.com\/?page_id=28606\">SANJARICA<\/a><\/strong><\/p>\n\n\n\n<figure class=\"wp-block-table\"><table><tbody><tr><td>\n<h1><a href=\"?page_id=29158\">A<\/a><\/h1>\n<\/td><td>\n<h1><a href=\"?page_id=29160\">B<\/a><\/h1>\n<\/td><td>\n<h1><a href=\"?page_id=29162\">C<\/a><\/h1>\n<\/td><td>\n<h1><a href=\"?page_id=29164\">\u010c <\/a><\/h1>\n<\/td><\/tr><tr><td>\n<h1><a href=\"?page_id=29166\">\u0106<\/a><\/h1>\n<\/td><td>\n<h1><a href=\"?page_id=29168\">D<\/a><\/h1>\n<\/td><td>\n<h1><a href=\"?page_id=29170\">D\u017e<\/a><\/h1>\n<\/td><td>\n<h1><a href=\"?page_id=29172\">\u0110<\/a><\/h1>\n<\/td><\/tr><tr><td>\n<h1><a href=\"?page_id=29174\">E<\/a><\/h1>\n<\/td><td>\n<h1><a href=\"?page_id=29176\">F<\/a><\/h1>\n<\/td><td>\n<h1><a href=\"?page_id=29178\">G<\/a><\/h1>\n<\/td><td>\n<h1><a href=\"?page_id=29180\">H<\/a><\/h1>\n<\/td><\/tr><tr><td>\n<h1><a href=\"?page_id=29182\">I<\/a><\/h1>\n<\/td><td>\n<h1><a href=\"?page_id=29184\">J<\/a><\/h1>\n<\/td><td>\n<h1><a href=\"?page_id=29186\">K<\/a><\/h1>\n<\/td><td>\n<h1><a href=\"?page_id=29189\">L<\/a><\/h1>\n<\/td><\/tr><tr><td>\n<h1><a href=\"?page_id=29191\">Lj<\/a><\/h1>\n<\/td><td>\n<h1><a href=\"?page_id=29193\">M<\/a><\/h1>\n<\/td><td>\n<h1><a href=\"?page_id=29195\">N<\/a><\/h1>\n<\/td><td>\n<h1><a href=\"?page_id=29197\">Nj<\/a><\/h1>\n<\/td><\/tr><tr><td>\n<h1><a href=\"?page_id=29199\">O<\/a><\/h1>\n<\/td><td>\n<h1><a href=\"?page_id=29201\">P<\/a><\/h1>\n<\/td><td>\n<h1><a href=\"?page_id=29203\">R<\/a><\/h1>\n<\/td><td>\n<h1><a href=\"?page_id=29205\">S<\/a><\/h1>\n<\/td><\/tr><tr><td>\n<h1><a href=\"?page_id=29207\">\u0160<\/a><\/h1>\n<\/td><td>\n<h1><a href=\"?page_id=29209\">T<\/a><\/h1>\n<\/td><td>\n<h1><a href=\"?page_id=29211\">U<\/a><\/h1>\n<\/td><td>\n<h1><a href=\"?page_id=29213\">V<\/a><\/h1>\n<\/td><\/tr><tr><td>\n<h1><a href=\"?page_id=29215\">Z<\/a><\/h1>\n<\/td><td>\n<h1><a href=\"?page_id=29217\">\u017d<\/a><\/h1>\n<\/td><td>\n<h1>&nbsp;<\/h1>\n<\/td><td>\n<h1>&nbsp;<\/h1>\n<\/td><\/tr><\/tbody><\/table><\/figure>\n","protected":false},"excerpt":{"rendered":"<p>EGOIZAM \u2013 previ\u0161e ste samodopadniEGZIL \u2013 problemati\u010dno razdoblje, glavu gore i izdr\u017eiteEGZISTENCIJA ~ brinuti o e. \u2013 materijalne neprilike, siroma\u0161tvoEKOLOGIJA ~ ako je pozitivan san \u2013 probitak ~ ako je negativan &#8211; nazadovanjeEKRAN &#8211; iznenadni dobitak EKSKURZIJA &#8211; pozitivne promjene u va\u0161em \u017eivotuEKSPEDICIJA \u2013 morat \u0107ete donijet va\u017enu odlukuEKSPERIMENT &#8211; uspje\u0161no \u0107ete zavr\u0161iti zapo\u010dete posloveEKSPLOZIJA [&hellip;]<\/p>\n","protected":false},"author":1,"featured_media":0,"parent":28606,"menu_order":0,"comment_status":"closed","ping_status":"closed","template":"","meta":{"footnotes":"","_links_to":"","_links_to_target":""},"class_list":["post-29174","page","type-page","status-publish","hentry"],"_links":{"self":[{"href":"https:\/\/covermagazin.com\/index.php?rest_route=\/wp\/v2\/pages\/29174","targetHints":{"allow":["GET"]}}],"collection":[{"href":"https:\/\/covermagazin.com\/index.php?rest_route=\/wp\/v2\/pages"}],"about":[{"href":"https:\/\/covermagazin.com\/index.php?rest_route=\/wp\/v2\/types\/page"}],"author":[{"embeddable":true,"href":"https:\/\/covermagazin.com\/index.php?rest_route=\/wp\/v2\/users\/1"}],"replies":[{"embeddable":true,"href":"https:\/\/covermagazin.com\/index.php?rest_route=%2Fwp%2Fv2%2Fcomments&post=29174"}],"version-history":[{"count":5,"href":"https:\/\/covermagazin.com\/index.php?rest_route=\/wp\/v2\/pages\/29174\/revisions"}],"predecessor-version":[{"id":56513,"href":"https:\/\/covermagazin.com\/index.php?rest_route=\/wp\/v2\/pages\/29174\/revisions\/56513"}],"up":[{"embeddable":true,"href":"https:\/\/covermagazin.com\/index.php?rest_route=\/wp\/v2\/pages\/28606"}],"wp:attachment":[{"href":"https:\/\/covermagazin.com\/index.php?rest_route=%2Fwp%2Fv2%2Fmedia&parent=29174"}],"curies":[{"name":"wp","href":"https:\/\/api.w.org\/{rel}","templated":true}]}}