{"id":29168,"date":"2020-10-05T08:53:32","date_gmt":"2020-10-05T06:53:32","guid":{"rendered":"https:\/\/covermagazin.com\/?page_id=29168"},"modified":"2021-05-19T12:06:40","modified_gmt":"2021-05-19T10:06:40","slug":"sanjarica-d","status":"publish","type":"page","link":"https:\/\/covermagazin.com\/?page_id=29168","title":{"rendered":"Sanjarica D"},"content":{"rendered":"\n<figure class=\"wp-block-embed is-type-wp-embed is-provider-cover-magazin-com wp-block-embed-cover-magazin-com\"><div class=\"wp-block-embed__wrapper\">\n<blockquote class=\"wp-embedded-content\" data-secret=\"Dr7KhL9exA\"><a href=\"https:\/\/covermagazin.com\/?page_id=28606\">Sanjarica \u2013 Nevjerojatno to\u010dna SANJARICA \u2013 abecedno<\/a><\/blockquote><iframe loading=\"lazy\" class=\"wp-embedded-content\" sandbox=\"allow-scripts\" security=\"restricted\" style=\"position: absolute; clip: rect(1px, 1px, 1px, 1px);\" title=\"&#8220;Sanjarica \u2013 Nevjerojatno to\u010dna SANJARICA \u2013 abecedno&#8221; &#8212; COVERmagazin.com\" src=\"https:\/\/covermagazin.com\/?page_id=28606&#038;embed=true#?secret=e6bkC7xKHh#?secret=Dr7KhL9exA\" data-secret=\"Dr7KhL9exA\" width=\"500\" height=\"282\" frameborder=\"0\" marginwidth=\"0\" marginheight=\"0\" scrolling=\"no\"><\/iframe>\n<\/div><\/figure>\n\n\n\n<p>DABAR \u2013 va\u0161 odnos s partnerom \u0107e se pobolj\u0161ati<br>DADILJA &#8211; o\u010dekuju vas ozbiljne pote\u0161ko\u0107e vezane uz obitelj<br>DAGNJE &#8211; zadovoljstvo<br>DAH ~ gubiti dah \u2013 o\u010dekuju vas manje pote\u0161ko\u0107e ~ dahtati \u2013 neprijatne novosti<\/p>\n\n\n\n<p>DALEKI RO\u0110ACI &#8211; (MODERNO ZNA\u010cENJE) &#8211; Obi\u010dno sanjamo o dalekim ro\u0111acima i prijateljima jer nam nedostaju. Sasvim je normalno da vam nedostaju osobe koje niste dugo vidjeli pa vam se pojave u snu s vremena na vrijeme.<\/p>\n\n\n\n<p>DALEKOVOD \u2013 problemi vezani uz ku\u0107u<br>DALEKOZOR ~ vidjeti \u2013 morat \u0107ete donijet va\u017enu odluku ~ gledati kroz \u2013 ispunjenje o\u010dekivanja ~ ako vas netko gleda &#8211; neugodnosti<br>DALJINA &#8211; biti daleko od ku\u0107e &#8211; \u010duvajte svoje zdravlje ~ ako su vama daleko bli\u017enji &#8211; novosti<br>DAMA &#8211; zna\u010dajan doga\u0111aj ~ igrati dame &#8211; ne kockajte se<br>DAN &#8211; sre\u0107a<br>DAR &#8211; neprilike i neugodnosti<br>DASKA &#8211; ogovarat \u0107e vas<br>DATOTEKA \u2013 poslovni problemi<br>DATULJE &#8211; ljubavna sre\u0107a<br>DATUM ~ vidjeti datum \u2013 neugodnosti ~ pisati datum &#8211; dobitak<br>DAVITI ~ nekoga \u2013 razmislite jo\u0161 jednom prije nego se ve\u017eete za partnera<br>DEBLJINA ~ vidjeti debelog \u010dovjeka \u2013 priznanje ~ biti debeo &#8211; pripazite na zdravlje<\/p>\n\n\n\n<p>DEBLJINA (MODERNO ZNA\u010cENJE) &#8211; Kao u ve\u0107ini situacija ovaj san najvi\u0161e ovisi o va\u0161im dnevnim iskustvima. Mo\u017eda ste zabrinuti za svoj izgled i strah vas je debljanja. Obi\u010dno debljina u snovima simbolizira nisko samopouzdanje i slabljenje osobne mo\u0107i.<\/p>\n\n\n\n<p>DEFEKT &#8211; (MODERNO ZNA\u010cENJE) &#8211; San koji uklju\u010duje neki tjelesni defekt obi\u010dno predstavlja emotivno \u010di\u0161\u0107enje. Kako biste mogli protuma\u010diti ovaj san, usredoto\u010dite se na druge detalje sna. Ponekad tjelesni defekt mo\u017ee signalizirati i financijski dobitak.<\/p>\n\n\n\n<p>DEKA ~ nova \u2013 va\u0161 trud se ne\u0107e isplatiti ~ stara \u2013 va\u0161a dobrota \u0107e biti nagra\u0111ena<br>DEKOLTE \u2013 koliko je lijepa \u017eena na kojoj vidite dekolte toliko vas ljubavno zadovoljstvo o\u010dekuje<br>DELFIN &#8211; povoljan trenutak za ostvarenje planova<br>DEMON \u2013 velike nesuglasice u ku\u0107i<\/p>\n\n\n\n<p>DEMON &#8211; (MODERNO ZNA\u010cENJE) &#8211; snovi o demonima obi\u010dno su zastra\u0161uju\u0107i i budite se u strahu, ali demoni obi\u010dno ne predstavljaju ne\u0161to vanjsko, izvan vas. Obi\u010dno simboliziraju najmanje razvijen i najnegativniji va\u0161 dio. Svi snovi su dobri snovi i iznose podsvijest na povr\u0161inu, a ovaj vam govori kako trebate prona\u0107i u\u010dinkovitiji na\u010din da se nosite s negativnim osobinama svoje li\u010dnosti.<\/p>\n\n\n\n<p>DEMONSTRACIJE \u2013 morate pove\u0107ati toleranciju prema drugim osobama<br>DEPRESIJA ~ padati u depresiju &#8211; poslovni problemi ~ ako netko drugi pada &#8211; poslovna pobjeda<br>DESERT \u2013 pomirit \u0107ete se s osobom s kojom ste du\u017ee vrijeme u lo\u0161im odnosima<br>DESET &#8211; potpuna ljubavna predanost<br>DE\u0160IFRIRATI \u2013 rje\u0161enje problema<br>DETEKTIV &#8211; \u010duvajte se prevare i kra\u0111e<br>DETERD\u017dENT \u2013 ako se suo\u010dite s problemima uspjet \u0107ete ih rije\u0161iti<br>DEVA \u2013 bolest ~ debela deva \u2013 bogatstvo ~ mr\u0161ava \u2013 gubitak ~ natovarena &#8211; poslovni problemi<br>DEVALVACIJA \u2013 materijalni dobitak<br>DEVET &#8211; bli\u017ei se rje\u0161enje va\u0161ih problema<br>DE\u017dURATI \u2013 drugi od vas o\u010dekuju vi\u0161e nego \u0161to daju zauzvrat<br>DIJABETES \u2013 pripazite na zdravlje<br>DIJAGNOZA \u2013 dobro zdravlje<br>DIJAMANT ~ vidjeti \u2013 gubitak ~ dobiti \u2013 priznanje ~ na\u0107i &#8211; veliko iznena\u0111enje ~ izgubiti \u2013 gubitak<\/p>\n\n\n\n<p>DIJAMANT &#8211; (MODERNO ZNA\u010cENJE) &#8211; Dijamanti su vrijedni, vje\u010dni i vrlo dragocjeni. San o dijamantima mo\u017ee imati nekoliko razli\u010ditih zna\u010denja. Mogu prezentirati ljubav, novac, kao i duhovnu podsvijest i univerzalnu istinu. San vam mo\u017ee pomo\u0107i da shvatite \u0161to vam je najva\u017enije u \u017eivotu.<\/p>\n\n\n\n<p>DIJETA \u2013 posvetite vi\u0161e vremena sebi i svojim potrebama<br>DIJETE ~ malo dijete \u2013 prijevara ~ tu\u0107i dijete &#8211; sva\u0111a s okolinom ~ pla\u010d djeteta &#8211; vama najbli\u017ee osobe nisu iskrene ~ sanjati svoje dijete \u2013 radost ~ u kolijevci &#8211; dobro razdoblje ~ koje tr\u010di ili se igra &#8211; zadovoljstvo<\/p>\n\n\n\n<p>DIJETE &#8211; (MODERNO ZNA\u010cENJE) &#8211; Neke osobe ponekad sanjaju o nepoznatoj djeci. Dijete u va\u0161em snu mo\u017ee predstavljati va\u0161u nutrinu ili dijete u vama. Takav san mo\u017ee biti temeljen na nekim sje\u0107anjima iz djetinjstva, ali mo\u017ee simbolizirati va\u0161u potrebu za u\u010denjem, istra\u017eivanjem i u pravilu svime onim \u010dim se djeca bave i \u0161to rade.&nbsp; Prije nego \u0161to interpretirate taj svoj san razmislite o svim ostalim detaljima iz sna.<\/p>\n\n\n\n<p>DIM ~ bijeli dim \u2013 priznanje ~ crni dim- nevolje ~ ku\u0107a puna dima &#8211; pripazite malo, nisu svi ljudi iskreni<br>DIMLJ\u010cAR &#8211; uspjeh i rje\u0161enje problema<br>DIMNJAK ~ vidjeti \u2013 polovni i financijski uspjeh ~ ako dim izlazi \u2013 sre\u0107a ~ bez dima \u2013 uz mnogo truda \u0107ete posti\u0107i \u017eeljene rezultate ~ po\u017ear &#8211; obiteljski problemi ~ sru\u0161eni dimnjak \u2013 financijski problemi<br>DINAMIT &#8211; prijeti vam opasnost<br>DINOSAUR \u2013 vrijeme je za promjene<br>DINJA &#8211; problemi i neugodnosti<br>DIONICE \u2013 va\u0161 trud \u0107e biti nagra\u0111en<br>DIPLOMA &#8211; mo\u017eete uspjeti ako se dovoljno potrudite<br>DIREKTOR &#8211; biti &#8211; napredak<br>DIRIGENT &#8211; netko vam poku\u0161ava nametnuti svoje mi\u0161ljenje<br>DISCO \u2013 ugodno dru\u017eenje s dragim osobama<br>DIV &#8211; imate neprijatelja u blizini ~ ako div le\u017ei &#8211; vi \u0107ete pobijediti<br>DIVITI SE NE\u010cEMU &#8211; predstoji vam ugodno razdoblje i iskreno prijateljstvo ~ ako se vama netko divi &#8211; \u010duvajte se laskavaca<br>DIVLJA\u010c ~ mrtva \u2013 dobrobit ~ lov na divlja\u010d &#8211; sre\u0107a i uspje\u0161ni poslovi<br>DIVLJAK \u2013 bliska osoba \u0107e vas iznevjeriti<br>DIVOKOZA &#8211; oprez<br>DIZALICA &#8211; lo\u0161e vijesti<br>DIZALO &#8211; sva\u0111e<\/p>\n\n\n\n<p>DIZALO &#8211; (MODERNO ZNA\u010cENJE) &#8211; Obi\u010dno se dizalo u snu tuma\u010di kao dosada u seksualnom \u017eivotu, ali dizalo mo\u017ee ozna\u010davati i uspone i padove u svakodnevnom \u017eivotu. Ako ste trenutno optimisti\u010dni dizalo signalizira da biste trebali smanjiti o\u010dekivanja, a ako ste depresivni, dizalo sugerira potrebu da vratite pozitivan stav.<\/p>\n\n\n\n<p>DJECA &#8211; sanjati djecu znak je briga, mada je povoljnije sanjati mu\u0161ku nego \u017eensku djecu<br>DJE\u010cJA KOLICA &#8211; imate iskrene prijatelje na koje se mo\u017eete osloniti<br>DJE\u010cJI VRTI\u0106 &#8211; dobitak<br>DJED ~ vidjeti svoga djeda &#8211; dug \u017eivot ~ razgovarati s njim &#8211; dobrobit<br>DJETELINA &#8211; velika radost i dobitak<br>DJEVICA &#8211; velika sre\u0107a<br>DJEVOJ\u010cICA &#8211; predstoji vam dobro razdoblje<\/p>\n\n\n\n<figure class=\"wp-block-embed is-type-wp-embed is-provider-cover-magazin-com wp-block-embed-cover-magazin-com\"><div class=\"wp-block-embed__wrapper\">\n<blockquote class=\"wp-embedded-content\" data-secret=\"aK3mwloZAZ\"><a href=\"https:\/\/covermagazin.com\/?p=2461\">Sanjati DJEVOJ\u010cICU \u2013 detaljno tuma\u010denje \u2013<\/a><\/blockquote><iframe loading=\"lazy\" class=\"wp-embedded-content\" sandbox=\"allow-scripts\" security=\"restricted\" style=\"position: absolute; clip: rect(1px, 1px, 1px, 1px);\" title=\"&#8220;Sanjati DJEVOJ\u010cICU \u2013 detaljno tuma\u010denje \u2013&#8221; &#8212; COVERmagazin.com\" src=\"https:\/\/covermagazin.com\/?p=2461&#038;embed=true#?secret=ioZzFt9tMJ#?secret=aK3mwloZAZ\" data-secret=\"aK3mwloZAZ\" width=\"500\" height=\"282\" frameborder=\"0\" marginwidth=\"0\" marginheight=\"0\" scrolling=\"no\"><\/iframe>\n<\/div><\/figure>\n\n\n\n<p>DJEVOJKA ~ ljubiti djevojku \u2013 zadovoljstvo ~ vidjeti djevojku &#8211; radost<br>DLAKE &#8211; uspjeh<br>DLAN \u2013 uspjeh ~ prljav dlan &#8211; neuspjeh<br>DNEVNIK ~ pisati \u2013 nalazite se na prijelomnoj to\u010dci u \u017eivotu ~ tv dnevnik \u2013 problemi oko vas su izrazito velike i ne znate kako se suo\u010diti s njima<br>DOBITAK &#8211; uspjeh na privatnom i poslovnom planu<br>DO\u010cEK \u2013 sva\u0111e i nesuglasice<br>DOGOVARANJE \u2013 dobitak ~ dogovaranje vjen\u010danja \u2013 veliki problemi<br>DOHODAK &#8211; primiti &#8211; dobitak<br>DOJILJA \u2013 pripazite na zdravlje<br>DOJITI DIJETE &#8211; udaja ili dobit na drugom planu<br>DOKAZIVATI &#8211; sva\u0111a<br>DOKOLJENKE &#8211; uspjeh u braku<br>DOKTOR &#8211; zdravima najavljuje bolest, a bolesnima zdravlje<br>DOKUMENTI &#8211; nagrada, dobitak&#8230;<br>DOLAZAK &#8211; nepredvi\u0111eni tro\u0161kovi ili sva\u0111e<br>DOLINA ~ zelena- radost ~ pusta \u2013 brige ~ biti u dolini &#8211; nesre\u0107a<br>DOM &#8211; dobitak<br>DOMA\u0106E \u017dIVOTINJE &#8211; bra\u010dna sre\u0107a<br>DOMA\u0106ICA \u2013 problemi<br>DOMAR \u2013 problemi na poslovnom planu<br>DOMINO &#8211; sva\u0111e<br>DOMOVINA &#8211; vratite se svojim korijenima<br>DOMOVNICA \u2013 administrativni problemi<br>DONJE RUBLJE &#8211; udaljili ste se od jednostavnog prirodnog \u017eivota, &#8220;obucite se&#8221;<br>DORU\u010cAK \u2013 uspjeh<br>DOSA\u0110IVATI SE \u2013 neprilike na poslu<br>DOZIVATI NEKOGA \u2013 novosti ~ dozivati prijatelje &#8211; ljubavni problemi<br>DOZVOLA &#8211; uspjeh na poslu<br>DRA\u010c \u2013 obiteljski problemi<br>DRAGOCJENOSTI &#8211; uspjeh i sre\u0107a<br>DRAGULJ ~ vidjeti &#8211; nisu svi ljudi oko vas iskreni ~ \u017eeljeti ga \u2013 financijski problemi ~ dobiti \u2013 pokraj vas su ljudi na koje se mo\u017eete osloniti ~ nositi ih \u2013 spustite se na zemlju, pretjerano ste se umislili<br>DRAGULJAR \u2013 isku\u0161enje<br>DRAMA \u2013 gledati \u2013 rije\u0161it \u0107ete neki problem<br>DRA\u017dBA \u2013 o\u010dekuje vas nepovoljno razdoblje<br>DRHTATI &#8211; gubitak i nezadovoljstvo<br>DROGA &#8211; problemi i la\u017ei<br>DRONJCI &#8211; ako ste obu\u010deni u dronjke &#8211; naumili ste nekoga prevariti<br>DRSKOST ~ ako ste vi drski \u2013 problemi ~ vidjeti nekog drskog &#8211; iznena\u0111enje<br>DRVA ~ ako ih cijepate &#8211; rije\u0161it \u0107ete problem ~ ako ih skupljate \u2013 sva\u0111e ~ sje\u0107i drva \u2013 priznanje ~ lo\u017eiti drva &#8211; problemi<br>DRVO &#8211; preispitajte svoje ciljeve, niste li mo\u017eda skrenuli s puta<br>DRVORED \u2013 dva put razmislite prije nego donesete odluku<br>DRVOSJE\u010cA \u2013 uspjeh<br>DR\u017dATI \u2013 morate se vi\u0161e posvetiti poslu i ne shva\u0107ati ga olako<br>DR\u017dAVNIK \u2013 uspje\u0161no \u0107ete prebroditi problemati\u010dno razdoblje<br>DUBINA ~ mjeriti dubinu &#8211; ne name\u0107ite drugima svoje mi\u0161ljenje ~ bojati se dubine &#8211; neugodnost<br>DU\u0106AN ~ vidjeti \u2013 nisu svi ljudi oko vas iskreni, pazite kome se povjeravate ~ pun ljudi \u2013 poslovni uspjeh ~ ulaziti u du\u0107an \u2013 financijski izdaci ~ razgledavati ili kupovati \u2013 obiteljski problemi<br>DUD &#8211; pazite da ne do\u017eivite poni\u017eenje<br>DUG &#8211; ako podijelite svoje probleme s drugima lak\u0161e \u0107ete ih rije\u0161iti<br>DUGA &#8211; uspjeh<br>DUGME &#8211; problemi i lo\u0161e vijesti<br>DUH &#8211; problemi i neugodnosti<\/p>\n\n\n\n<p>DUH &#8211; (MODERNO ZNA\u010cENJE) &#8211; Duh kojeg sanjate najvjerojatnije predstavlja&nbsp; dio vas koji je nejasan&nbsp; i koji ni vi sami ne mo\u017eete razumjeti. Ponekad duhovi simboliziraju stvari koje su nam neostvarive ili nedodirljive. Ako sanjate negativne duhove, tada oni govore o va\u0161oj mra\u010dnoj strani i negativnim tendencijama. Ako ste jako upla\u0161eni duhova u snu, trebali biste obratiti pa\u017enju na ljude s kojima ste okru\u017eeni jer mo\u017eda netko poku\u0161ava s vama manipulirati.<\/p>\n\n\n\n<p>DUHAN ~ u polju \u2013 problemi ~ nizati \u2013 ispunit \u0107e vam se o\u010dekivanja ~ pu\u0161iti \u2013 nisu svi ljudi oko vas iskreni ~ vre\u0107ica za duhan \u2013 pred vama je dobro razdoblje<br>DUKATI ~ vidjeti \u2013 priznanje ~ imati \u2013 popravak zdravstvenog stanja ~ dobiti \u2013 uspje\u0161no razdoblje<br>DUNJA &#8211; nai\u0107i \u0107ete na pote\u0161ko\u0107e<br>DURBIN \u2013 neprilago\u0111eni se svojoj okolini<br>DU\u0160A &#8211; neugodnosti<br>DU\u0160EVNA BOL &#8211; uspje\u0161no \u0107ete rije\u0161iti nesuglasice s va\u017enom osobom<br>DU\u017dNIK &#8211; ako ste vi du\u017enik &#8211; dobitak<br>DVA &#8211; suparni\u0161tvo<br>DVANAEST &#8211; krajnji je \u010das da ne\u0161to poduzmete<br>DVOBOJ &#8211; problemi, sva\u0111e i lo\u0161e vijesti<br>DVOPEK &#8211; brige i lo\u0161e vijesti<br>DVORAC ~ biti u njemu &#8211; upoznat \u0107ete novu osobu koja \u0107e vam biti od koristi ~ vidjeti &#8211; mnogo radite, ali va\u0161 napor ne\u0107e biti dovoljno pla\u0107en ~ graditi dvorac \u2013 dobit ~ kupovati &#8211; previ\u0161e ste se umislili, spustite se na zemlju<br>DVORANA ~ ako je puna \u2013 uspjeh ~ ako je prazna &#8211; lo\u0161e vijesti<br>DVORI\u0160TE ~ ako je dobro ure\u0111eno &#8211; dobre vijesti ~ ako nije &#8211; lo\u0161e<br>DVORSKA LUDA &#8211; netko vas ogovara<\/p>\n\n\n<form role=\"search\" method=\"get\" action=\"https:\/\/covermagazin.com\/\" class=\"wp-block-search__button-outside wp-block-search__text-button wp-block-search\"    ><label class=\"wp-block-search__label\" for=\"wp-block-search__input-1\" >Za detaljno tuma\u010denje nekog pojma upi\u0161ite pojam:<\/label><div class=\"wp-block-search__inside-wrapper\" ><input class=\"wp-block-search__input\" id=\"wp-block-search__input-1\" placeholder=\"Upi\u0161ite npr: sanjati oblak \" value=\"\" type=\"search\" name=\"s\" required \/><button aria-label=\"Pretraga\" class=\"wp-block-search__button wp-element-button\" type=\"submit\" >Pretraga<\/button><\/div><\/form>\n\n\n<p><br><strong><a href=\"https:\/\/covermagazin.com\/?page_id=28606\">SANJARICA<\/a><\/strong><\/p>\n\n\n\n<figure class=\"wp-block-table\"><table><tbody><tr><td>\n<h1><a href=\"?page_id=29158\">A<\/a><\/h1>\n<\/td><td>\n<h1><a href=\"?page_id=29160\">B<\/a><\/h1>\n<\/td><td>\n<h1><a href=\"?page_id=29162\">C<\/a><\/h1>\n<\/td><td>\n<h1><a href=\"?page_id=29164\">\u010c <\/a><\/h1>\n<\/td><\/tr><tr><td>\n<h1><a href=\"?page_id=29166\">\u0106<\/a><\/h1>\n<\/td><td>\n<h1><a href=\"?page_id=29168\">D<\/a><\/h1>\n<\/td><td>\n<h1><a href=\"?page_id=29170\">D\u017e<\/a><\/h1>\n<\/td><td>\n<h1><a href=\"?page_id=29172\">\u0110<\/a><\/h1>\n<\/td><\/tr><tr><td>\n<h1><a href=\"?page_id=29174\">E<\/a><\/h1>\n<\/td><td>\n<h1><a href=\"?page_id=29176\">F<\/a><\/h1>\n<\/td><td>\n<h1><a href=\"?page_id=29178\">G<\/a><\/h1>\n<\/td><td>\n<h1><a href=\"?page_id=29180\">H<\/a><\/h1>\n<\/td><\/tr><tr><td>\n<h1><a href=\"?page_id=29182\">I<\/a><\/h1>\n<\/td><td>\n<h1><a href=\"?page_id=29184\">J<\/a><\/h1>\n<\/td><td>\n<h1><a href=\"?page_id=29186\">K<\/a><\/h1>\n<\/td><td>\n<h1><a href=\"?page_id=29189\">L<\/a><\/h1>\n<\/td><\/tr><tr><td>\n<h1><a href=\"?page_id=29191\">Lj<\/a><\/h1>\n<\/td><td>\n<h1><a href=\"?page_id=29193\">M<\/a><\/h1>\n<\/td><td>\n<h1><a href=\"?page_id=29195\">N<\/a><\/h1>\n<\/td><td>\n<h1><a href=\"?page_id=29197\">Nj<\/a><\/h1>\n<\/td><\/tr><tr><td>\n<h1><a href=\"?page_id=29199\">O<\/a><\/h1>\n<\/td><td>\n<h1><a href=\"?page_id=29201\">P<\/a><\/h1>\n<\/td><td>\n<h1><a href=\"?page_id=29203\">R<\/a><\/h1>\n<\/td><td>\n<h1><a href=\"?page_id=29205\">S<\/a><\/h1>\n<\/td><\/tr><tr><td>\n<h1><a href=\"?page_id=29207\">\u0160<\/a><\/h1>\n<\/td><td>\n<h1><a href=\"?page_id=29209\">T<\/a><\/h1>\n<\/td><td>\n<h1><a href=\"?page_id=29211\">U<\/a><\/h1>\n<\/td><td>\n<h1><a href=\"?page_id=29213\">V<\/a><\/h1>\n<\/td><\/tr><tr><td>\n<h1><a href=\"?page_id=29215\">Z<\/a><\/h1>\n<\/td><td>\n<h1><a href=\"?page_id=29217\">\u017d<\/a><\/h1>\n<\/td><td>\n<h1>&nbsp;<\/h1>\n<\/td><td>\n<h1>&nbsp;<\/h1>\n<\/td><\/tr><\/tbody><\/table><\/figure>\n","protected":false},"excerpt":{"rendered":"<p>DABAR \u2013 va\u0161 odnos s partnerom \u0107e se pobolj\u0161atiDADILJA &#8211; o\u010dekuju vas ozbiljne pote\u0161ko\u0107e vezane uz obiteljDAGNJE &#8211; zadovoljstvoDAH ~ gubiti dah \u2013 o\u010dekuju vas manje pote\u0161ko\u0107e ~ dahtati \u2013 neprijatne novosti DALEKI RO\u0110ACI &#8211; (MODERNO ZNA\u010cENJE) &#8211; Obi\u010dno sanjamo o dalekim ro\u0111acima i prijateljima jer nam nedostaju. Sasvim je normalno da vam nedostaju osobe [&hellip;]<\/p>\n","protected":false},"author":1,"featured_media":0,"parent":28606,"menu_order":0,"comment_status":"closed","ping_status":"closed","template":"","meta":{"footnotes":"","_links_to":"","_links_to_target":""},"class_list":["post-29168","page","type-page","status-publish","hentry"],"_links":{"self":[{"href":"https:\/\/covermagazin.com\/index.php?rest_route=\/wp\/v2\/pages\/29168","targetHints":{"allow":["GET"]}}],"collection":[{"href":"https:\/\/covermagazin.com\/index.php?rest_route=\/wp\/v2\/pages"}],"about":[{"href":"https:\/\/covermagazin.com\/index.php?rest_route=\/wp\/v2\/types\/page"}],"author":[{"embeddable":true,"href":"https:\/\/covermagazin.com\/index.php?rest_route=\/wp\/v2\/users\/1"}],"replies":[{"embeddable":true,"href":"https:\/\/covermagazin.com\/index.php?rest_route=%2Fwp%2Fv2%2Fcomments&post=29168"}],"version-history":[{"count":10,"href":"https:\/\/covermagazin.com\/index.php?rest_route=\/wp\/v2\/pages\/29168\/revisions"}],"predecessor-version":[{"id":56511,"href":"https:\/\/covermagazin.com\/index.php?rest_route=\/wp\/v2\/pages\/29168\/revisions\/56511"}],"up":[{"embeddable":true,"href":"https:\/\/covermagazin.com\/index.php?rest_route=\/wp\/v2\/pages\/28606"}],"wp:attachment":[{"href":"https:\/\/covermagazin.com\/index.php?rest_route=%2Fwp%2Fv2%2Fmedia&parent=29168"}],"curies":[{"name":"wp","href":"https:\/\/api.w.org\/{rel}","templated":true}]}}