{"id":29164,"date":"2019-12-04T06:43:27","date_gmt":"2019-12-04T04:43:27","guid":{"rendered":"https:\/\/covermagazin.com\/?page_id=29164"},"modified":"2021-05-19T12:06:07","modified_gmt":"2021-05-19T10:06:07","slug":"sanjarica-c-2","status":"publish","type":"page","link":"https:\/\/covermagazin.com\/?page_id=29164","title":{"rendered":"Sanjarica \u010c"},"content":{"rendered":"\n<figure class=\"wp-block-embed is-type-wp-embed is-provider-cover-magazin-com wp-block-embed-cover-magazin-com\"><div class=\"wp-block-embed__wrapper\">\n<blockquote class=\"wp-embedded-content\" data-secret=\"naTxX8xoeI\"><a href=\"https:\/\/covermagazin.com\/?page_id=28606\">Sanjarica \u2013 Nevjerojatno to\u010dna SANJARICA \u2013 abecedno<\/a><\/blockquote><iframe loading=\"lazy\" class=\"wp-embedded-content\" sandbox=\"allow-scripts\" security=\"restricted\" style=\"position: absolute; clip: rect(1px, 1px, 1px, 1px);\" title=\"&#8220;Sanjarica \u2013 Nevjerojatno to\u010dna SANJARICA \u2013 abecedno&#8221; &#8212; COVERmagazin.com\" src=\"https:\/\/covermagazin.com\/?page_id=28606&#038;embed=true#?secret=XvEjDYwTE9#?secret=naTxX8xoeI\" data-secret=\"naTxX8xoeI\" width=\"500\" height=\"282\" frameborder=\"0\" marginwidth=\"0\" marginheight=\"0\" scrolling=\"no\"><\/iframe>\n<\/div><\/figure>\n\n\n\n<p>\u010cA\u010cKALICA &#8211; problemi i sva\u0111e<br>\u010cA\u0110 &#8211; uspjeh na poslu<br>\u010cAHURA \u2013 iznevjerit \u0107e vas bliska osoba<br>\u010cAJ ~ kuhati \u010daj &#8211; va\u017ene vijesti od osobe koju niste dugo vidjeli ~ piti \u010daj &#8211; zadovoljni ste<br>\u010cAMAC ~ vidjeti ga \u2013 problemi ~ voziti se u \u010damcu \u2013 uspjeh ~ pun vode &#8211; problemi sa zdravljem ~ koji tone&nbsp; &#8211; ljubavni problemi ~ pasti iz \u010damca &#8211; gubitak<br>\u010cAMITI \u2013 razmislite jo\u0161 jednom o ljubavnom izboru<br>\u010cAPLJA &#8211; problemi<br>\u010cARAPE ~ ako su nove \u2013 problemi ~ ako su stare &#8211; kraj problemima<br>\u010cAROBNJAK ~ vidjeti &#8211; imate prave prijatelje ~ biti \u010darobnjak &#8211; ogovarat \u0107e vas<br>\u010cASNIK \u2013 priznanje<br>\u010cASOPIS \u2013 netko iz va\u0161e okoline poku\u0161at \u0107e vam nauditi la\u017eima ~kupovati \u2013 povoljno razdoblje<br>\u010cA\u0160A &#8211; staklene \u010da\u0161e najavljuju opasnost i otkrivanje tajni ~ razbijena &#8211; problemi i ogovaranja ~ prazna &#8211; lo\u0161e vijesti ~ puna &#8211; dobre vijesti; sipati u \u010da\u0161u &#8211; usamljenost<\/p>\n\n\n\n<p>\u010cAVLI &#8211; sre\u0107a i uspjeh<br>\u010cAVRLJANJE &#8211; problemi i neuspjeh<br>\u010cEK &#8211; pazite kome posu\u0111ujete novac<br>\u010cEKANJE &#8211; dobre vijesti<br>\u010cEKAONICA &#8211; nova poznanstva i nova saznanja<br>\u010cEKATI NEKOGA &#8211; sti\u017eu dobre vijesti ~ ako uzalud \u010dekate &#8211; lo\u0161e vijesti<br>\u010cEKI\u0106 ~ vidjeti &#8211; vjerujte vi\u0161e svojim sposobnostima, znate vi\u0161e od drugih ~ raditi s njim &#8211; koliko radite, tolika zarada<br>\u010cEKAONICA &#8211; neuspjesi i problemi pri ostvarenju ciljeva<br>\u010cELIK \u2013 problemati\u010dno razdoblje<br>\u010cELO &#8211; uspjeh<br>\u010cELJUST &#8211; pazite \u0161to radite<br>\u010cEMPRES &#8211; prestanite odugovla\u010diti svoje planove<br>\u010cEP \u2013 poklon<br>\u010cERGA \u2013materijalne neprilike<br>\u010cESTITATI \u2013 pomirenje s nekim<br>\u010cESTITKA &#8211; iako vas o\u010dekuje dobra zabava pripazite kako se pona\u0161ate<br>\u010cE\u0160ALJ &#8211; povoljno razdoblje; slomljen &#8211; sva\u0111e;<br>\u010cE\u0160LJATI SE \u2013 problemi ~ ako vas \u010de\u0161lja netko drugi &#8211; pazite kakvm ste ljudima okru\u017eeni ~ gledati kako se netko \u010de\u0161lja &#8211; pazite se ljudi oko sebe<br>\u010cE\u0160NJAK &#8211; jesti &#8211; lo\u0161 znak<br>\u010cETIRI &#8211; ukazuje na ne\u0161to va\u017eno i vrlo pozitivno<br>\u010cETKA &#8211; ogovaraju vas i imat \u0107ete problema<br>\u010cETKICA ZA ZUBE &#8211; potrebna vam je duhovna obnova<br>\u010cE\u017dNJA &#8211; poku\u0161ajte realnije sagledati situaciju s partnerom<br>\u010cI\u010cAK &#8211; okru\u017eeni ste neiskrenim ljudima; skinuti \u010di\u010dak &#8211; rije\u0161it \u0107ete neki problem<br>\u010cINI \u2013 ako je netko u snu bacio \u010dini na vas to je upozorenje da vam netko iz va\u0161e okoline \u017eeli veliko zlo<br>\u010cINOVNIK ~ vidjeti ga \u2013 sva\u0111a ~ biti &#8211; uspjeh<br>\u010cIPKA &#8211; uspjeh<br>\u010cIR &#8211; veliki uspjeh i zarada<br>\u010cISTILI\u0160TE \u2013 promjene, pripazite na zdravlje<br>\u010cISTITI NE\u0160TO &#8211; problemi<br>\u010cI\u0160\u0106ENJE &#8211; ispunjenje neke \u017eelje<br>\u010cI\u0160\u0106ENJE &#8211; (MODERNO ZNA\u010cENJE) &#8211; Snovi koji uklju\u010duju neku vrstu \u010di\u0161\u0107enja obi\u010dno predstavljaju emotivno i psihi\u010dko \u010di\u0161\u0107enje osobe koja sanja. Tra\u017eite detalje sna kako biste mogli doku\u010diti zna\u010denje. Upitajte se koje se emocije morate osloboditi, mo\u017eda anksioznosti, ljutnje, \u017eiv\u010danosti\u2026<\/p>\n\n\n\n<p>\u010cITATI &#8211; uspjeh<br>\u010cIZMA ~ ako je jedna \u2013 problemi ~ nove \u2013 uspjeh ~ stare \u2013 problemi ~ prljave &#8211; ogovaraju vas ~ obuvati &#8211; uspjeh ~ izuvati &#8211; neuspjeh<br>\u010cOBANI &#8211; uspjeh i sre\u0107a<br>\u010cOHA \u2013 poslovni uspjeh<br>\u010cOKOLADA \u2013 ljubavno blagostanje ~ vru\u0107a \u010dokolada &#8211; zadovoljstvo<br>\u010cOVJEK \u2013 poslovni uspjeh<br>\u010cUDAK &#8211; ljubomora<br>\u010cUDO VIDJETI &#8211; problemi<br>\u010cUDOVI\u0160TA &#8211; imate prevelike \u017eelje i nerealna o\u010dekivanja<\/p>\n\n\n\n<p>\u010cUDOVI\u0160TE &#8211; (MODERNO ZNA\u010cENJE) &#8211; \u010cudovi\u0161ta u snu vrlo su uobi\u010dajen simbol, a mogu predstavljati negativne sile koje postoje u va\u0161em \u017eivotu ili unutar vas. Naj\u010de\u0161\u0107e \u010dudovi\u0161ta predstavljaju va\u0161e vlastite negativne osobine, lo\u0161 temperament, lo\u0161e navike i sli\u010dne stvari. Na\u010din na koji se nosite sa \u010dudovi\u0161tem je simboli\u010dna refleksija na\u010dina na koji se nosite sa svojim negativnostima. Obi\u010dno um kreira slike \u010dudovi\u0161ta u snovima da bi vas nau\u010dio ne\u0161to vama samima.<br>\u010cUDOVI\u0160TE &#8211; dobitak<br>\u010cUVAR &#8211; mogli bi vas pokrasti<br>\u010cVOR ~ vidjeti \u2013 problemi ~ vezati \u2013 problemi ~ odvezati &#8211; rije\u0161it \u0107ete problem<br>\u010cVORUGA ~ imati \u2013 obiteljske sva\u0111e ~ vidjeti \u2013 ja\u010di ste od konkurenta<\/p>\n\n\n<form role=\"search\" method=\"get\" action=\"https:\/\/covermagazin.com\/\" class=\"wp-block-search__button-outside wp-block-search__text-button wp-block-search\"    ><label class=\"wp-block-search__label\" for=\"wp-block-search__input-1\" >Za detaljno tuma\u010denje nekog pojma upi\u0161ite pojam:<\/label><div class=\"wp-block-search__inside-wrapper\" ><input class=\"wp-block-search__input\" id=\"wp-block-search__input-1\" placeholder=\"Upi\u0161ite npr: sanjati oblak \" value=\"\" type=\"search\" name=\"s\" required \/><button aria-label=\"Pretraga\" class=\"wp-block-search__button wp-element-button\" type=\"submit\" >Pretraga<\/button><\/div><\/form>\n\n\n<p><strong><a href=\"https:\/\/covermagazin.com\/?page_id=28606\">SANJARICA<\/a><\/strong><\/p>\n\n\n\n<figure class=\"wp-block-table\"><table><tbody><tr><td>\n<h1><a href=\"?page_id=29158\">A<\/a><\/h1>\n<\/td><td>\n<h1><a href=\"?page_id=29160\">B<\/a><\/h1>\n<\/td><td>\n<h1><a href=\"?page_id=29162\">C<\/a><\/h1>\n<\/td><td>\n<h1><a href=\"?page_id=29164\">\u010c <\/a><\/h1>\n<\/td><\/tr><tr><td>\n<h1><a href=\"?page_id=29166\">\u0106<\/a><\/h1>\n<\/td><td>\n<h1><a href=\"?page_id=29168\">D<\/a><\/h1>\n<\/td><td>\n<h1><a href=\"?page_id=29170\">D\u017e<\/a><\/h1>\n<\/td><td>\n<h1><a href=\"?page_id=29172\">\u0110<\/a><\/h1>\n<\/td><\/tr><tr><td>\n<h1><a href=\"?page_id=29174\">E<\/a><\/h1>\n<\/td><td>\n<h1><a href=\"?page_id=29176\">F<\/a><\/h1>\n<\/td><td>\n<h1><a href=\"?page_id=29178\">G<\/a><\/h1>\n<\/td><td>\n<h1><a href=\"?page_id=29180\">H<\/a><\/h1>\n<\/td><\/tr><tr><td>\n<h1><a href=\"?page_id=29182\">I<\/a><\/h1>\n<\/td><td>\n<h1><a href=\"?page_id=29184\">J<\/a><\/h1>\n<\/td><td>\n<h1><a href=\"?page_id=29186\">K<\/a><\/h1>\n<\/td><td>\n<h1><a href=\"?page_id=29189\">L<\/a><\/h1>\n<\/td><\/tr><tr><td>\n<h1><a href=\"?page_id=29191\">Lj<\/a><\/h1>\n<\/td><td>\n<h1><a href=\"?page_id=29193\">M<\/a><\/h1>\n<\/td><td>\n<h1><a href=\"?page_id=29195\">N<\/a><\/h1>\n<\/td><td>\n<h1><a href=\"?page_id=29197\">Nj<\/a><\/h1>\n<\/td><\/tr><tr><td>\n<h1><a href=\"?page_id=29199\">O<\/a><\/h1>\n<\/td><td>\n<h1><a href=\"?page_id=29201\">P<\/a><\/h1>\n<\/td><td>\n<h1><a href=\"?page_id=29203\">R<\/a><\/h1>\n<\/td><td>\n<h1><a href=\"?page_id=29205\">S<\/a><\/h1>\n<\/td><\/tr><tr><td>\n<h1><a href=\"?page_id=29207\">\u0160<\/a><\/h1>\n<\/td><td>\n<h1><a href=\"?page_id=29209\">T<\/a><\/h1>\n<\/td><td>\n<h1><a href=\"?page_id=29211\">U<\/a><\/h1>\n<\/td><td>\n<h1><a href=\"?page_id=29213\">V<\/a><\/h1>\n<\/td><\/tr><tr><td>\n<h1><a href=\"?page_id=29215\">Z<\/a><\/h1>\n<\/td><td>\n<h1><a href=\"?page_id=29217\">\u017d<\/a><\/h1>\n<\/td><td>\n<h1>&nbsp;<\/h1>\n<\/td><td>\n<h1>&nbsp;<\/h1>\n<\/td><\/tr><\/tbody><\/table><\/figure>\n","protected":false},"excerpt":{"rendered":"<p>\u010cA\u010cKALICA &#8211; problemi i sva\u0111e\u010cA\u0110 &#8211; uspjeh na poslu\u010cAHURA \u2013 iznevjerit \u0107e vas bliska osoba\u010cAJ ~ kuhati \u010daj &#8211; va\u017ene vijesti od osobe koju niste dugo vidjeli ~ piti \u010daj &#8211; zadovoljni ste\u010cAMAC ~ vidjeti ga \u2013 problemi ~ voziti se u \u010damcu \u2013 uspjeh ~ pun vode &#8211; problemi sa zdravljem ~ koji tone&nbsp; [&hellip;]<\/p>\n","protected":false},"author":1,"featured_media":0,"parent":28606,"menu_order":0,"comment_status":"closed","ping_status":"closed","template":"","meta":{"footnotes":"","_links_to":"","_links_to_target":""},"class_list":["post-29164","page","type-page","status-publish","hentry"],"_links":{"self":[{"href":"https:\/\/covermagazin.com\/index.php?rest_route=\/wp\/v2\/pages\/29164","targetHints":{"allow":["GET"]}}],"collection":[{"href":"https:\/\/covermagazin.com\/index.php?rest_route=\/wp\/v2\/pages"}],"about":[{"href":"https:\/\/covermagazin.com\/index.php?rest_route=\/wp\/v2\/types\/page"}],"author":[{"embeddable":true,"href":"https:\/\/covermagazin.com\/index.php?rest_route=\/wp\/v2\/users\/1"}],"replies":[{"embeddable":true,"href":"https:\/\/covermagazin.com\/index.php?rest_route=%2Fwp%2Fv2%2Fcomments&post=29164"}],"version-history":[{"count":6,"href":"https:\/\/covermagazin.com\/index.php?rest_route=\/wp\/v2\/pages\/29164\/revisions"}],"predecessor-version":[{"id":56509,"href":"https:\/\/covermagazin.com\/index.php?rest_route=\/wp\/v2\/pages\/29164\/revisions\/56509"}],"up":[{"embeddable":true,"href":"https:\/\/covermagazin.com\/index.php?rest_route=\/wp\/v2\/pages\/28606"}],"wp:attachment":[{"href":"https:\/\/covermagazin.com\/index.php?rest_route=%2Fwp%2Fv2%2Fmedia&parent=29164"}],"curies":[{"name":"wp","href":"https:\/\/api.w.org\/{rel}","templated":true}]}}