{"id":29160,"date":"2020-10-05T08:35:09","date_gmt":"2020-10-05T06:35:09","guid":{"rendered":"https:\/\/covermagazin.com\/?page_id=29160"},"modified":"2025-10-13T12:07:47","modified_gmt":"2025-10-13T10:07:47","slug":"sanjarica-b","status":"publish","type":"page","link":"https:\/\/covermagazin.com\/?page_id=29160","title":{"rendered":"Sanjarica B"},"content":{"rendered":"\n<figure class=\"wp-block-embed is-type-wp-embed is-provider-cover-magazin-com wp-block-embed-cover-magazin-com\"><div class=\"wp-block-embed__wrapper\">\n<blockquote class=\"wp-embedded-content\" data-secret=\"4cQWZI8Kcu\"><a href=\"https:\/\/covermagazin.com\/?page_id=28606\">Sanjarica &#8211; Nevjerojatno to\u010dna SANJARICA \u2013 abecedno<\/a><\/blockquote><iframe loading=\"lazy\" class=\"wp-embedded-content\" sandbox=\"allow-scripts\" security=\"restricted\" style=\"position: absolute; visibility: hidden;\" title=\"&#8220;Sanjarica &#8211; Nevjerojatno to\u010dna SANJARICA \u2013 abecedno&#8221; &#8212; COVER magazin.com  \" src=\"https:\/\/covermagazin.com\/?page_id=28606&#038;embed=true#?secret=uSaPkieaoH#?secret=4cQWZI8Kcu\" data-secret=\"4cQWZI8Kcu\" width=\"500\" height=\"282\" frameborder=\"0\" marginwidth=\"0\" marginheight=\"0\" scrolling=\"no\"><\/iframe>\n<\/div><\/figure>\n\n\n\n<p>BABICA ~ biti babica &#8211; otkrit \u0107ete va\u017eu tajnu<br>BABILON \u2013 morat \u0107ete se prilagoditi okolini~ sru\u0161ena babilonska kula \u2013 budite uporni, na pravom ste putu<br>BACANJE &#8211; lo\u0161e razdoblje je pred vama<br>BACATI NE\u0160TO &#8211; plan vam se ne\u0107e ostvariti<br>BA\u010cVA ~ nositi &#8211; sti\u017eu vam gosti ~ prazna &#8211; obiteljski problemi ~ bez dna &#8211; uzalud se trudite<br>BADEMI &#8211; pripazite s kim i kojim tonom razgovarate (<a href=\"https:\/\/covermagazin.com\/?p=1371\">Sanjati BADEME \u2013 detaljno tuma\u010denje \u2013 )<\/a><br>BADEMOVO STABLO ~ rascvjetano \u2013 povoljno ljubavno razdoblje ~ u jesen \u2013 ljubavni jadi<br>BADNJAK \u2013 slijedi dobro razdoblje i dobitak<br>BAGER &#8211; problemi<br>BAGREM &#8211; problemi i neraspolo\u017eenje<br>BAJKA &#8211; uspjeh i sre\u0107a<br>BAKA &#8211; sva\u0111a<br>BAKALAR &#8211; brige i problemi<br>BAKAR ~ obra\u0111ivati ga &#8211; problemi pri ostvarenju planova ~ vidjeti bakreni predmet &#8211; dobre vijesti<br>BAKET &#8211; mogu\u0107i su nesporazumi i problemi<br>BAKLJA &#8211; sre\u0107a, dobrobit na svakom podru\u010dju<br>BAKLJADA \u2013 napredak na dru\u0161tvenoj ljestvici<br>BAKTERIJE &#8211; mo\u017eda ste hipohondar<br>BAL &#8211; osramotit \u0107ete se pred bliskim ljudima<br>BALADA ~ pisati ili \u010ditati \u2013 neuzvra\u0107ena ljubav ~ slu\u0161ati &#8211; vi ne\u0107ete uzvratiti ljubav<br>BALDAHIN &#8211; napredovat \u0107ete<br>BALERINA \u2013 nepovoljno razdoblje<br>BALET ~ plesati \u2013 ugodno razdoblje<br>BALETANKE &#8211; sitne obiteljske razmirice<br>BALKON &#8211; upu\u0107uje na srce, \u0161to imate na balkonu to imate na srcu<br>BALON &#8211; problemi su pred vama<br>BALONER ~ nositi \u2013 poslovni uspjeh ~ skidati \u2013 nisu svi ljudi oko vas iskreni<br>BALVAN \u2013 problemi, \u0161to ih je vi\u0161e, ve\u0107i su problemi<br>BALZAMIRANJE \u2013 pozitivno razdoblje<br>BAMBUS \u2013 miran obiteljski \u017eivot ili ljubavni uspjeh<br>BAN \u2013 tra\u017eite savjet od okoline<br>BANANA &#8211; predstavlja mu\u0161ku eroti\u010dnu stranu<br>BAN\u010cITI \u2013 o\u010dekuje vas ugodno razdoblje<br>BANDA \u2013 poslovni uspjeh, ali uz sitne prevare<br>BANKA ~ vidjeti je \u2013 sre\u0107a ~ podizati novac u banci &#8211; pazite kako tro\u0161ite<br>BANKAR &#8211; netko vam radi iza le\u0111a<br>BANKET &#8211; sva\u0111e s prijateljima<br>BANKROT &#8211; dobro razmislite prije nego donesete odluku, iste na pravom putu<br>BAR &#8211; gubitak i nesporazumi<br>BARA &#8211; neuspjeh, problemi i ogovaranja<br>BARAKA \u2013 o\u010dekuje vas nepovoljno razdoblje<br>BARJAK &#8211; dobrobit na svakom podru\u010dju, zaslu\u017eena sre\u0107a<br>BARKA &#8211; problemi su te\u017ei nego \u0161to mislite<br>BAROMETAR &#8211; problemi, neuspjeh ili bolest<br>BAR\u0160UN \u2013 iako imate dovoljno, mislite i o budu\u0107nosti<br>BARUT ~ raditi s barutom \u2013 opasnost ~ eksplozija baruta &#8211; napokon je pro\u0161lo razdoblje i\u0161\u010dekivanja<br>BARUTANA &#8211; dvaput razmislite prije nego krenete u nove poslove<br>BAS \u2013 obiteljske nesuglasice<br>BATINA ~ imati je u ruci \u2013 pobjeda ~ ako vas tuku \u2013 zarada<br>BAZA \u2013 problemi i sva\u0111e<br>BAZEN ~ plivati u bazenu &#8211; nesporazumi u obitelji<br>BAZGA &#8211; ozdravljenje<br>BDIJENJE \u2013 problemi ali rje\u0161ivi<br>BEBA &#8211; zaigranost i novosti<\/p>\n\n\n\n<p>BEBA &#8211; (MODERNO ZNA\u010cENJE) &#8211; Mnogi ljudi \u0107e s vremena na vrijeme imati snove o maloj djeci. Ako su vam djeca nepoznata, mo\u017eete pretpostaviti da prezentiraju vas. Mo\u017eda vam dijete govori ne\u0161to na \u0161to je potrebno obratiti pa\u017enju u va\u0161em \u017eivotu ili podru\u010dje koje treba posebno razvijati. Dijete mo\u017ee prezentirati i va\u0161e potencijale za promjenu i nove po\u010detke.&nbsp; Obi\u010dno djeca predstavljaju nevinost i ono naj\u010di\u0161\u0107e, te mogu\u0107nosti. Ako vam je dijete poznato, a va\u0161a interakcija s njim je neobi\u010dna ili bizarna, morate razmisliti koje podru\u010dje va\u0161eg \u017eivota nije sazrjelo i na \u010damu trebate raditi.<\/p>\n\n\n\n<p>BENZIN &#8211; ono \u0161to na prvi pogled izgleda dobro, nije takvo<br>BERBA ~ gledati berbu \u2013 dobrobit ~ berba bez gro\u017e\u0111a \u2013 nesporazumi ~ ako vi berete &#8211; ljubavna sre\u0107a<br>BESKU\u0106NIK ~ vidjeti \u2013 financijski ili zdravstveni problemi ~ biti \u2013 sami najbolje znate \u0161to trebate \u010diniti<br>BESMRTNOST \u2013 pred vama je lijepo razdoblje \u017eivota<br>BESPARICA \u2013 pripazite na novac<br>BESPOMO\u0106NOST &#8211; pobjeda nad neprijateljima ~ vidjeti bespomo\u0107nog \u010dovjeka &#8211; pripazite se laskavca i la\u017eljivaca<br>BETON ~mije\u0161ati \u2013 poslovni problemi ~ voziti \u2013 vama bliska osoba treba pomo\u0107, ali vi joj ne mo\u017eete puno pomo\u0107i &#8211;<br>BEVANDA ~ piti sam \u2013 u skoroj budu\u0107nosti ne\u0107ete imati financijskih problema ~ u dru\u0161tvu \u2013 usamljeni ste, iza\u0111ite u dru\u0161tvo<br>BEZDAN \u2013 poslovni problemi<br>BIBLIJA ~ \u010ditati bibliju &#8211; saznat \u0107ete va\u017ene tajne<br>BIBLIOTEKA &#8211; potrudite se oko nekih stvari, isplatit \u0107e vam se<br>BICIKL &#8211; sami preuzmite odgovornost za svoj \u017eivot ~ izgled bicikla govori o va\u0161em fizi\u010dkom stanju<\/p>\n\n\n\n<p>BICIKL &#8211; (MODERNO ZNA\u010cENJE) &#8211; Sva prijevozna sredstva simboliziraju na\u0161e putovanje kroz \u017eivot. Budu\u0107i da svi obi\u010dno imaju bicikl prije automobila mo\u017eda predstavlja neke osje\u0107aje iz mladosti. Bicikl mo\u017ee predstavljati i potrebu za \u017eivotnom ravnote\u017eom, budu\u0107i da je ravnote\u017ea potrebna za vo\u017enju biciklom. Razmislite od drugim detaljima iz sna, kao i tome jeste li se spu\u0161tali ili penjali s biciklom.<\/p>\n\n\n\n<p>BI\u010cEVANJE ~ gledati ga &#8211; \u010duvajte se ~ bi\u010devati nekog &#8211; nov\u010dani gubitak ~ biti bi\u010devan &#8211; bit \u0107ete izvrgnuti ruglu<br>BIGAMIJA \u2013 slaganje s partnerom<br>BIJEDA &#8211; sva\u0111e i problemi<br>BIJEG ~ bje\u017eati od te\u0161ko\u0107a &#8211; probleme \u0107ete lako savladavati ~ bje\u017eati od \u017eivotinje &#8211; \u010duvajte se spletki ~ bje\u017eati pred ne\u010dim nepoznatim &#8211; pove\u0107ajte oprez ~ bje\u017eati iz zatvora &#8211; poslovni uspjeh ~ neuspje\u0161an bijeg iz zatvora &#8211; iznevjerit \u0107e vas va\u0161i najbli\u017ei ~ ako netko bje\u017ei od vas \u2013 pobjeda ~ bje\u017eati pred mrtvacem &#8211; malo razmislite o pro\u0161losti, mo\u017eda se ne\u0161to mo\u017ee popraviti<br>BIJELA BOJA &#8211; povezana je sa nevinom stranom va\u0161eg \u017eivota<br>BIJES ~ biti bijesan &#8211; oprostit \u0107ete nekoj osobi s kojom ste dugo posva\u0111ani ~ ako su drugi bijesni &#8211; sre\u0107a<br>BIJESAN PAS &#8211; najbolji prijatelji vam rade iza le\u0111a<br>BIK &#8211; prijetnje<br>BILJAR ~ igrati &#8211; uspjeh na poslu ~ gledati nekog drugog da igra &#8211; problemi s novcem ~ biljarske kugle &#8211; poslovni neuspjeh<br>BILJE\u017dNICA &#8211; poslovni uspjeh<br>BILJE\u017dNIK &#8211; dobit \u0107ete ne\u0161to \u010demu se niste nadali ili nasljedstvo<br>BILJKE &#8211; problemi i iznenadni tro\u0161kovi<br>BIOGRAFIJA ~ pisati \u2013 poslovni problemi ~\u010ditati \u2013 neki ljudi oko vas trebaju pomo\u0107, pomognite im<br>BISEKSUALNOST \u2013 ljubavni problemi<br>BISERI ~ dobiti ih &#8211; \u010duvajte se laskavaca ~ prodavati ili kupovati bisere &#8211; pripazite da se ne osramotite ~ tragati za biserima &#8211; znate istinu ali je ne \u017eelite sebi priznati<br>BISERNA OGRLICA ~ nositi je &#8211; o\u010dekuje vas veliki sretan doga\u0111aj<br>BISKUP &#8211; sva\u0111a s najbli\u017eima<br>BISKVIT ~ praviti ga i pe\u0107i &#8211; poslovni uspjeh ~ jesti ga &#8211; neuspjeh i problemi<br>BITKA ~ gledati bitku &#8211; prijeti vam opasnost ~ sudjelovati &#8211; imate suparnika<\/p>\n\n\n\n<p>BIV\u0160I DE\u010cKO \/ CURA &#8211; (MODERNO ZN A\u010cENJE) &#8211; Vrlo je uobi\u010dajeno sanjati o biv\u0161im partnerima. Osobe koje su bile va\u017ean dio na\u0161eg \u017eivota ostaju u na\u0161im mislima. Nemogu\u0107e je dramati\u010dno izbrisati te osobe iz na\u0161e glave. Iz svake veze ste nau\u010dili neke lekcije, a san vezan uz tu osobu vas podsje\u0107a na njih. Obi\u010dno san o biv\u0161im partnerima ne predvi\u0111a budu\u0107e spajanje. Mo\u017ee biti odraz \u017eelje, sje\u0107anja ili rada na starim problemima, ali nema proro\u010dansko zna\u010denje.<\/p>\n\n\n\n<p>BJELOO\u010cNICA \u2013 ja\u010di ste od neprilika<br>BJESNO\u0106A ~ bijesan pas \u2013 ne \u017eele vam svi ljudi dobro ~ako vas ugrize \u2013 zdravstveni problemi, ako vam zatreba oslonac ne\u0107ete ga prona\u0107i kod prijatelja ~postati bijesan \u2013 problemi sa zakonom<br>BJE\u017dATI ~ kroz no\u0107 \u2013 gubitak ~ neuspio bijeg &#8211; kratkotrajni problemi s najbli\u017eima<br>BLAGAJNA ~ puna &#8211; dobar predznak ~ prazna &#8211; lo\u0161 predznak<br>BLAGAJNIK \u2013 poslovni uspjeh<br>BLAGO &#8211; o\u010dekuju vas neprilike<br>BLAGOSLOV ~ primiti &#8211; dug \u017eivot ~ odbiti ga &#8211; bolest<br>BLAGOVAONICA &#8211; potrebna vam je i mentalna hrana, a ne samo fizi\u010dka<br>BLATO \u2013 bolest ~ vidjeti ga &#8211; ogovaraju vas ~ uprljati se blatom &#8211; bolest u obitelji ~ upasti u \u017eivo blato &#8211; du\u017ee razdoblje pote\u0161ko\u0107a<br>BLATOBRAN &#8211; o\u010dekuje vas putovanje<br>BLIJED ~ biti \u2013 ve\u0107i zdravstveni problemi<br>BLIJEDA OSOBA &#8211; ta \u0107e osoba biti bolesna<br>BLITVA \u2013 poslovni napredak<br>BLIZANCI &#8211; svoju sre\u0107u \u0107ete podijeliti s drugima<br>BLJESAK \u2013 povoljne novosti<br>BLJESKALICA \u2013 veselje<br>BLJUTAVOST \u2013 zdravstveni problemi, posjetite lije\u010dnika<br>BOB &#8211; problemi<br>BOCA ~ puna &#8211; veselje i uspjeh ~ prazna \u2013 problemi ~ to\u010diti u bocu ili iz nje &#8211; slijede velike promjene ~ razbijena &#8211; morat \u0107ete donijeti va\u017enu odluku<br>BO\u0106ANJE \u2013 susret sa vama dragim osobama<br>BODE\u017d ~ dr\u017eati ga u ruci \u2013 hrabrost ~ vidjeti bode\u017e ili se porezati \u2013 neugodnosti<br>BODLJA &#8211; neprilike<br>BOG ~ vidjeti Boga \u2013 sre\u0107a ~ psovati Boga \u2013 pote\u0161ko\u0107e ~ \u010duti Boga &#8211; sretan period \u017eivota<\/p>\n\n\n\n<p>BOG &#8211; (MODERNO ZNA\u010cENJE) &#8211; Bez obzira vjerujete li u Boga ili ne, svi smo kroz \u017eivot izlo\u017eeni ideji postojanja nadnaravnog bi\u0107a. Dilema o postojanju Boga je vjerojatno najve\u0107a dilema svih vremena u \u010dovje\u010danstvu, ali ako sanjate Boga, dileme uop\u0107e nema. Bog u snovima simbolizira istinu, \u010disto\u0107u, mo\u0107, ljubav i kreativnu energiju. Neki ka\u017eu da Bog u snovima stvarno zna\u010di povezivanje s vje\u010dnom energijom jer nam snovi omogu\u0107avaju vi\u0161e nego na\u0161 svjestan um, te nam je u snovima dostupno ono \u0161to nam nije dostupno tijekom dana.<\/p>\n\n\n\n<p>BOGALJ &#8211; neprilike<br>BOGATA\u0160 ~ vidjeti ga &#8211; poslovni uspjeh ~ poslovati s njim \u2013 problemi<br>BOGATSTVO ~ veliko \u2013 velike pote\u0161ko\u0107e ~ malo \u2013 male pote\u0161ko\u0107e<br>BOGINJE \u2013 dobitak<br>BOJATI \u2013 prestanite se zavaravati<br>BOJE ~ iste boje se odnose na iste stvari, sanjate li ne\u0161to neke boje poku\u0161ajte se sjetiti \u0161to u stvarnosti imate te boje, na to se san odnosi ~ vidi zna\u010denje pojedine boje<br>BOJI\u0160TE \u2013 brige<br>BOJLER \u2013 problemi s ku\u0107anskim aparatima, provjerite ih<br>BOKAL \u2013 povoljan predznak ~ razbiti \u2013 neprilike<br>BOKOVI ~ debeli &#8211;&nbsp; bogatstvo ~ mr\u0161avi \u2013 siroma\u0161tvo<br>BOKS ~gledati \u2013 problemi \u0107e vas zamarati~ boriti se \u2013 probleme \u0107ete lako rje\u0161avati<br>BOL &#8211; previ\u0161e radite, opustite se<br>BOLEST ~ biti bolestan &#8211; ne\u0107ete dobiti unapre\u0111enje ni na\u0107i posao ako ga tra\u017eite ~ posjetiti bolesnika \u2013 besposli\u010darenje<\/p>\n\n\n\n<p>BOLEST &#8211; (MODERNO ZNA\u010cENJE) &#8211; Ako sanjate da ste bolesni obratite pa\u017enju na sve druge simbole. \u0160to vas boli, kako se osje\u0107ate i sli\u010dno, jer san mo\u017ee sugerirati da morate obratiti posebnu pa\u017enju na dio tijelo na kojem sanjate da imate bolest. Ako se netko brine o vama u snu dok ste bolesni, mo\u017eda se bojite da \u0107ete izgubiti u stvarnom \u017eivotu ne\u010diju potporu i brigu. San o bolest signalizira da osoba prolazi kroz te\u0161ko razdoblje. \u010cesto bolest mo\u017ee imati doslovno zna\u010denje, da je neki dio va\u0161eg tijela ili emocija bolestan.<\/p>\n\n\n\n<p>BOLNICA &#8211; probleme \u0107ete lak\u0161e rije\u0161iti ako se povjerite nekome<\/p>\n\n\n\n<p>BOLNICA &#8211; (MODERNO ZNA\u010cENJE) &#8211; U tradicionalnim sanjaricama bolnice i ambulante predstavljaju simbole upozorenja, no novija tuma\u010denja upozoravaju kako se ako sanjate bolnicu u va\u0161oj podsvijesti nalazi ne\u0161to s \u010dim se ne \u017eelite suo\u010diti na svjesnoj razini. Obratite pa\u017enju na svoje tijelo i fizi\u010dko stanje. Bolnica mo\u017ee ukazivati o na neka pitanja koja zahtijevaju hitnu reakciju. Razmislite o svim detaljima iz sna, preispitajte svoju rutinu i poku\u0161ajte doku\u010diti postoji li ne\u0161to \u0161to zahtjev va\u0161u trenutnu pozornost.<\/p>\n\n\n\n<p>BOLNI\u010cARKA &#8211; neugodnosti<br>BOLOVANJE \u2013 priu\u0161tite si malo odmora<br>BOLOVI ~ ako je netko drugi bolestan &#8211;&nbsp;&nbsp; vas \u0107e zahvatiti sli\u010dna sudbina kakvu u stvarnosti ima osoba koju ste sanjali ~ biti bolestan \u2013 tuga<br>BOMBA &#8211; uznemiruju\u0107e misli i ideje<br>BOMBONI &#8211; dobro razdoblje ~ kupovati ih &#8211; nov\u010dani izdaci<br>BOMBONJERA &#8211; ljubavi problem<br>BOR &#8211; poslovni uspjeh ~ novogodi\u0161nji &#8211; sre\u0107a<br>BORBA &#8211; problemi i sva\u0111e<\/p>\n\n\n\n<p>BORBA &#8211; (MODERNO ZNA\u010cENJE) &#8211; Obi\u010dno simbolizira ljutnju ili zbunjenost, koja dolazi u vrijeme promjene. Ako se ni\u0161ta ne mijenja u va\u0161em \u017eivotu, onda je to signal da ne\u0161to treba mijenjati. Borba sa strancima predstavlja unutarnju borbu, pa je mo\u017eda refleksija unutarnje borbe i dilema koje prolazite u svakodnevnom \u017eivotu.<\/p>\n\n\n\n<p>BORE &#8211; problemi<br>BOROVNICA &#8211; slijedi vam dobro razdoblje i uspjeh &#8211;<br>BOS &#8211; period siroma\u0161tva i gubitaka<br>BOSILJAK &#8211; uspjeh i sre\u0107a<br>BOSONOG &#8211; problemi i gubici<br>BOTANI\u010cKI VRT \u2013 oja\u010dajte malo<br>BO\u017dI\u0106 &#8211; napokon utjeha i pozitivan period<br>BO\u017dI\u0106NO DRVCE &#8211; velika sre\u0107a<br>BRABONJAK \u2013 poslovni i nov\u010dani uspjeh<br>BRA\u0106A &#8211; dug i sretan \u017eivot<br>BRADA ~ duga gusta brada &#8211; povoljan znak, po\u0161tovanje<\/p>\n\n\n\n<p>BRADA &#8211; (MODERNO ZNA\u010cENJE) &#8211; Sanjate li je na mu\u0161karcu to je signal uspjeha i dobre sre\u0107e, dok je brada na \u017eeni signal lo\u0161e sre\u0107e. Sanjate li da vi imate bradu, a \u017eensko ste, vjerojatno imate pote\u0161ko\u0107a u stvarnom \u017eivotu s odnosima mo\u0107i. Mo\u017eda vam je potrebna mu\u0161ka sna\u017ena energija da biste dobili ono \u0161to \u017eelite.<\/p>\n\n\n\n<p>BRADAVICA ~ imati &#8211;&nbsp; dobitak ~ vidjeti \u2013 budite hrabriji<br>BRAK ~ sklapati brak &#8211; ljubavni gubitak, poslovni dobitak ~ razvod braka \u2013 zarada<\/p>\n\n\n\n<p>BRAK &#8211; (MODERNO ZNA\u010cENJE) &#8211; Brak je simbol obveze i ovisno o detaljima iz sna, mo\u017eda vas u svakodnevnom \u017eivotu optere\u0107uju pitanja vezanja uz nekoga. To mogu biti i obveze prema poslu, sebi ili partneru. Brak u snu je afirmativni i ohrabruju\u0107i simbol. I s prakti\u010dne strane, ako niste u braku, a htjeli biste biti, tada brak u snovima reflektira va\u0161e \u017eelje.<\/p>\n\n\n\n<p>BRANA &#8211; nevolje<br>BRA\u0160NO ~ vidjeti \u2013 napredak ~ rasuto bra\u0161no &#8211; problemi i sva\u0111e<br>BRATI\u0106 \u2013 ljubavne neprilike<br>BRATIMITI SE \u2013 poslovne nevolje<br>BRAVA &#8211; pomirit \u0107ete se s nekim<br>BRAVAR &#8211; saznat \u0107ete ne\u010diju tajnu<br>BRAZDA \u2013 poslovni uspjeh<br>BRBLJATI &#8211; gubitak<br>BRDO ~ ako se penjete po brdu ili ne nalazite puta \u2013 problemi ~ ako znate put &#8211; uspje\u0161no \u0107e te savladati probleme<br>BREME ~ nositi \u2013 problemi ~ vidjeti &#8211; oslonite se na druge ljude<br>BRESKVE &#8211; radost ali privremena<br>BREZA ~ vidjeti je &#8211; uspjeh i sre\u0107a ~ ako je suha \u2013 problemi ~ penjati se nju \u2013 poslovni uspjeh<br>BRIGA &#8211; briga u snu ozna\u010dava bezbri\u017eno razdoblje u javi<br>BRIJA\u010c &#8211; opasnosti i nov\u010dani gubitak<br>BRIJA\u010cI APARAT &#8211; problemi s novcem<br>BRIJA\u010cNICA &#8211; o\u010dekuju vas nov\u010dani izdaci<br>BRIJANJE &#8211; problemi<br>BRILJANT &#8211; nemirno razdoblje<br>BRITVA &#8211; siroma\u0161tvo<br>BRKOVI \u2013 sre\u0107a ~ brkata \u017eena &#8211; problemi<br>BRNJICA \u2013 pazite \u0161to i kome govorite<br>BROD ~ vidjeti brod &#8211; dobit \u0107ete pomo\u0107 ~ koji plove &#8211; putovanje ili povratak s putovanja ~ na kopnu &#8211; nagrada \u0107e sti\u0107i, ali \u0107ete se morati na\u010dekati ~ potonuli brod &#8211; materijalne pote\u0161ko\u0107e<\/p>\n\n\n\n<p>BROD &#8211; (MODERNO ZNA\u010cENJE) &#8211; Brod kao i ostala plovila reprezentiraju va\u0161u podsvijest i akumulirano iskustvo. Brod mo\u017ee simbolizirati vas i va\u0161e sposobnosti da upravljate emocijama, mo\u017ee simbolizirati \u017eivotno putovanje i jo\u0161 mnogo toga, pa poku\u0161ajte shvatiti o kakvom se putovanju radi, je li ono mirno ili uzburkano i sli\u010dno.<\/p>\n\n\n\n<p>BRODOGRADILI\u0160TE \u2013 problemi, ali uz puno truda uspjet \u0107ete ih rije\u0161iti<br>BRODOLOM &#8211; poslovni problemi<br>BROJALICA \u2013 obnovit \u0107ete staro prijateljstvo<br>BROJEVI &#8211; vidi pojedini broj koji ste sanjali<br>BROKER &#8211; poslovni problemi<br>BRONCA &#8211; uspjeh, privatno i poslovno<br>BRONHITIS \u2013 problemi ~ ozdraviti &#8211; uspjeh<br>BRO\u0160 &#8211; poslovni uspjeh i nov\u010dani dobitak<br>BR\u0160LJAN \u2013 novo prijateljstvo<br>BRUKA \u2013 niste bili u pravu<br>BRUS ~ dr\u017eati u ruci \u2013 zadovoljstvo ~vidjeti &#8211; neprilike<br>BRUSITI &#8211; poslovni uspjeh nakon mnogo problema<br>BRVNO \u2013 \u010duvajte se suparnika, ja\u010di su<br>BRZOJAV ~ primiti \u2013 ako je pozitivan sadr\u017eaj \u2013 lo\u0161e vijesti u stvarnosti ~ poslati \u2013 promjene, ali razmislite prije dono\u0161enja odluke<br>BUBANJ &#8211; sva\u0111e i neprilike<br>BUBE \u2013 neprilike<br>BUBNJAR \u2013 otvorite o\u010di<br>BUBREG ~jesti \u2013 neugodnosti ~ako vas boli \u2013 zdravstveni problemi vezani uz bubrege<br>BUDALA &#8211; privatni i poslovni uspjeh<br>BUDILICA &#8211; netko \u0107e vas kritizirati<br>BUDU\u0106NOST &#8211; budite na oprezu<br>BU\u0110ENJE &#8211; opasnost<br>BUJICA ~ ako ste savladali bujicu &#8211; dobar znak ~ ako je ne mo\u017eete savladati &#8211; odustanite od planiranog jer je to ionako beskoristan trud<br>BUKA &#8211; sva\u0111at \u0107ete se da biste druge uvjerili u ispranost svoga stajali\u0161ta<br>BUKET ~ primiti buket cvije\u0107a &#8211; dobro razdoblje ili dobre vijesti ~ baciti buket &#8211; neugodnosti s parterom<br>BUKTINJA &#8211; razdoblje sre\u0107e<br>BUKVA \u2013 imate dobre prijatelje<br>BUMBAR &#8211; okru\u017eeni ste neiskrenim ljudima<br>BUNA &#8211; poslovni uspjeh<br>BUNAR &#8211; uspjeh na podru\u010dju koje vam je najbitnije ~ on oslikava va\u0161u du\u0161u, ako je \u010dist govori kako ste na pravom putu<br>BUNCATI \u2013 netko vas ogovara ~ ako netko drugi bunca \u2013 obratite pozornost tko je jer vam ta osoba ne\u0161to skriva<br>BUNDA &#8211; uspjeh<br>BUNDEVA &#8211; va\u0161i snovi su te\u0161ko ostvarivi<br>BUNKER ~ biti u njemu \u2013 rije\u0161it \u0107ete problem, budite strpljivi ~ ako idete u bunker, ali ne sti\u017eete \u2013 pripazite, netko u va\u0161oj blizini nije iskren<br>BURA &#8211; problemi<br>BURE &#8211; koliko je bure toliki \u0107e biti va\u0161 nov\u010dani dobitak<br>BU\u0160ITI NE\u0160TO &#8211; saznat \u0107ete neke tajne<br>BUT \u2013 okolina vam nije iskrena<br>BUTIK ~ biti u njemu \u2013 srest \u0107ete stare prijatelje ~ ako je butik va\u0161 i prazan \u2013 po\u017eeljne su promjene na poslovnom planu<\/p>\n\n\n<form role=\"search\" method=\"get\" action=\"https:\/\/covermagazin.com\/\" class=\"wp-block-search__button-outside wp-block-search__text-button wp-block-search\"    ><label class=\"wp-block-search__label\" for=\"wp-block-search__input-1\" >Za detaljno tuma\u010denje nekog pojma upi\u0161ite pojam:<\/label><div class=\"wp-block-search__inside-wrapper\" ><input class=\"wp-block-search__input\" id=\"wp-block-search__input-1\" placeholder=\"Upi\u0161ite npr: sanjati oblak \" value=\"\" type=\"search\" name=\"s\" required \/><button aria-label=\"Pretraga\" class=\"wp-block-search__button wp-element-button\" type=\"submit\" >Pretraga<\/button><\/div><\/form>\n\n\n<p><strong><a href=\"https:\/\/covermagazin.com\/?page_id=28606\">SANJARICA<\/a><\/strong><\/p>\n\n\n\n<figure class=\"wp-block-table\"><table><tbody><tr><td>\n<h1><a href=\"?page_id=29158\">A<\/a><\/h1>\n<\/td><td>\n<h1><a href=\"?page_id=29160\">B<\/a><\/h1>\n<\/td><td>\n<h1><a href=\"?page_id=29162\">C<\/a><\/h1>\n<\/td><td>\n<h1><a href=\"?page_id=29164\">\u010c <\/a><\/h1>\n<\/td><\/tr><tr><td>\n<h1><a href=\"?page_id=29166\">\u0106<\/a><\/h1>\n<\/td><td>\n<h1><a href=\"?page_id=29168\">D<\/a><\/h1>\n<\/td><td>\n<h1><a href=\"?page_id=29170\">D\u017e<\/a><\/h1>\n<\/td><td>\n<h1><a href=\"?page_id=29172\">\u0110<\/a><\/h1>\n<\/td><\/tr><tr><td>\n<h1><a href=\"?page_id=29174\">E<\/a><\/h1>\n<\/td><td>\n<h1><a href=\"?page_id=29176\">F<\/a><\/h1>\n<\/td><td>\n<h1><a href=\"?page_id=29178\">G<\/a><\/h1>\n<\/td><td>\n<h1><a href=\"?page_id=29180\">H<\/a><\/h1>\n<\/td><\/tr><tr><td>\n<h1><a href=\"?page_id=29182\">I<\/a><\/h1>\n<\/td><td>\n<h1><a href=\"?page_id=29184\">J<\/a><\/h1>\n<\/td><td>\n<h1><a href=\"?page_id=29186\">K<\/a><\/h1>\n<\/td><td>\n<h1><a href=\"?page_id=29189\">L<\/a><\/h1>\n<\/td><\/tr><tr><td>\n<h1><a href=\"?page_id=29191\">Lj<\/a><\/h1>\n<\/td><td>\n<h1><a href=\"?page_id=29193\">M<\/a><\/h1>\n<\/td><td>\n<h1><a href=\"?page_id=29195\">N<\/a><\/h1>\n<\/td><td>\n<h1><a href=\"?page_id=29197\">Nj<\/a><\/h1>\n<\/td><\/tr><tr><td>\n<h1><a href=\"?page_id=29199\">O<\/a><\/h1>\n<\/td><td>\n<h1><a href=\"?page_id=29201\">P<\/a><\/h1>\n<\/td><td>\n<h1><a href=\"?page_id=29203\">R<\/a><\/h1>\n<\/td><td>\n<h1><a href=\"?page_id=29205\">S<\/a><\/h1>\n<\/td><\/tr><tr><td>\n<h1><a href=\"?page_id=29207\">\u0160<\/a><\/h1>\n<\/td><td>\n<h1><a href=\"?page_id=29209\">T<\/a><\/h1>\n<\/td><td>\n<h1><a href=\"?page_id=29211\">U<\/a><\/h1>\n<\/td><td>\n<h1><a href=\"?page_id=29213\">V<\/a><\/h1>\n<\/td><\/tr><tr><td>\n<h1><a href=\"?page_id=29215\">Z<\/a><\/h1>\n<\/td><td>\n<h1><a href=\"?page_id=29217\">\u017d<\/a><\/h1>\n<\/td><td>\n<h1>&nbsp;<\/h1>\n<\/td><td>\n<h1>&nbsp;<\/h1>\n<\/td><\/tr><\/tbody><\/table><\/figure>\n","protected":false},"excerpt":{"rendered":"<p>BABICA ~ biti babica &#8211; otkrit \u0107ete va\u017eu tajnuBABILON \u2013 morat \u0107ete se prilagoditi okolini~ sru\u0161ena babilonska kula \u2013 budite uporni, na pravom ste putuBACANJE &#8211; lo\u0161e razdoblje je pred vamaBACATI NE\u0160TO &#8211; plan vam se ne\u0107e ostvaritiBA\u010cVA ~ nositi &#8211; sti\u017eu vam gosti ~ prazna &#8211; obiteljski problemi ~ bez dna &#8211; uzalud se [&hellip;]<\/p>\n","protected":false},"author":1,"featured_media":0,"parent":28606,"menu_order":0,"comment_status":"closed","ping_status":"closed","template":"","meta":{"footnotes":"","_links_to":"","_links_to_target":""},"class_list":["post-29160","page","type-page","status-publish","hentry"],"_links":{"self":[{"href":"https:\/\/covermagazin.com\/index.php?rest_route=\/wp\/v2\/pages\/29160","targetHints":{"allow":["GET"]}}],"collection":[{"href":"https:\/\/covermagazin.com\/index.php?rest_route=\/wp\/v2\/pages"}],"about":[{"href":"https:\/\/covermagazin.com\/index.php?rest_route=\/wp\/v2\/types\/page"}],"author":[{"embeddable":true,"href":"https:\/\/covermagazin.com\/index.php?rest_route=\/wp\/v2\/users\/1"}],"replies":[{"embeddable":true,"href":"https:\/\/covermagazin.com\/index.php?rest_route=%2Fwp%2Fv2%2Fcomments&post=29160"}],"version-history":[{"count":19,"href":"https:\/\/covermagazin.com\/index.php?rest_route=\/wp\/v2\/pages\/29160\/revisions"}],"predecessor-version":[{"id":76697,"href":"https:\/\/covermagazin.com\/index.php?rest_route=\/wp\/v2\/pages\/29160\/revisions\/76697"}],"up":[{"embeddable":true,"href":"https:\/\/covermagazin.com\/index.php?rest_route=\/wp\/v2\/pages\/28606"}],"wp:attachment":[{"href":"https:\/\/covermagazin.com\/index.php?rest_route=%2Fwp%2Fv2%2Fmedia&parent=29160"}],"curies":[{"name":"wp","href":"https:\/\/api.w.org\/{rel}","templated":true}]}}