{"id":29158,"date":"2021-05-25T12:21:31","date_gmt":"2021-05-25T10:21:31","guid":{"rendered":"https:\/\/covermagazin.com\/?page_id=29158"},"modified":"2021-05-25T12:21:32","modified_gmt":"2021-05-25T10:21:32","slug":"sanjarica-a","status":"publish","type":"page","link":"https:\/\/covermagazin.com\/?page_id=29158","title":{"rendered":"Sanjarica A"},"content":{"rendered":"\n<figure class=\"wp-block-embed is-type-wp-embed is-provider-cover-magazin-com wp-block-embed-cover-magazin-com\"><div class=\"wp-block-embed__wrapper\">\n<blockquote class=\"wp-embedded-content\" data-secret=\"hpenC1ItVY\"><a href=\"https:\/\/covermagazin.com\/?page_id=28606\">Sanjarica \u2013 Nevjerojatno to\u010dna SANJARICA \u2013 abecedno<\/a><\/blockquote><iframe loading=\"lazy\" class=\"wp-embedded-content\" sandbox=\"allow-scripts\" security=\"restricted\" style=\"position: absolute; clip: rect(1px, 1px, 1px, 1px);\" title=\"&#8220;Sanjarica \u2013 Nevjerojatno to\u010dna SANJARICA \u2013 abecedno&#8221; &#8212; COVERmagazin.com\" src=\"https:\/\/covermagazin.com\/?page_id=28606&#038;embed=true#?secret=oj5FrM7LDE#?secret=hpenC1ItVY\" data-secret=\"hpenC1ItVY\" width=\"500\" height=\"282\" frameborder=\"0\" marginwidth=\"0\" marginheight=\"0\" scrolling=\"no\"><\/iframe>\n<\/div><\/figure>\n\n\n\n<p>A \u2013 poslovni uspjeh<br>ABECEDA &#8211; dobre poslovne vijesti, novi po\u010deci<br>ABNORMALNOST &#8211; upozorenje<br>ABORTUS &#8211; nesporazumi s okolinom ili problemi sa zdravljem<\/p>\n\n\n\n<p>ABORTUS &#8211; (MODERNO ZNA\u010cENJE) &#8211; \u017dena koja je imala ovo iskustvo vjerojatno \u0107e sanjati o poba\u010daju, ali iako to mo\u017ee biti uznemiruju\u0107i san on je iscjeljuju\u0107i. Mogu\u0107e je da kroz san radite na prihva\u0107anju i izlje\u010denju podsvijesti. Ako mu\u0161karac sanja poba\u010daj, obi\u010dno to zna\u010di da ima osje\u0107aj krivnje ili neuspjeha neke vrste. Ako \u017eena koja nije imala poba\u010daj sanja o njemu, on mo\u017eda signalizira da bi trebalo obratiti pa\u017enju na reproduktivne organe ili njihovo zdravlje ili da osje\u0107a odre\u0111enu anksioznost vezano uz trenutnog partnera.<\/p>\n\n\n\n<p>ACETILEN \u2013 putovanje<br>ADAM &#8211; dobre vijesti ~ razgovarati s njim \u2013 ne\u0107e vam se ispuniti \u0161to ste namjeravali<br>ADMINISTRACIJA \u2013 namu\u010dit \u0107ete se oko nekog posla, ali \u0107ete ga uspje\u0161no obaviti<br>ADRESA &#8211; dobit \u0107ete poklon ili \u0107e vam do\u0107i gosti<br>ADRESAR \u2013 prinova<br>AERODROM \u2013 do\u0107i na aerodrom \u2013 poslovni uspjeh; \u010dekati nekog na aerodromu \u2013 uspje\u0161no \u0107ete rije\u0161iti problem<br>AFERA \u2013 promjene na bolje<br>AFRIKA &#8211; uspjeh<br>AFRODITA (BOGINJA) &#8211; one koji se namjeravaju \u017eeniti opominje da jo\u0161 jednom dobro razmisle<br>AGENT &#8211; o\u010dekuju vas problemi<br>AGONIJA &#8211; bolest<br>AJVAR ~ ako ga pravite &#8211; do\u0107i \u0107e vam neo\u010dekivani gost ~ kupovati ga ili jesti &#8211; ne\u0107e vam se ispuniti \u017eelja<br>AKADEMIJA \u2013 priznanje<br>AKCIJA ~ sudjelovati \u2013 problemi; promatrati \u2013 rje\u0161avati \u0107ete tu\u0111e probleme<br>AKONTACIJA \u2013 pomo\u0107i \u0107e te bliskoj osobi rije\u0161iti problem;<br>AKROBACIJE&nbsp; &#8211; pote\u0161ko\u0107e i problemi, opasnost<br>AKROBAT ~ vidjeti &#8211; uspjeh na poslu ~ biti akrobat &#8211; uspje\u0161no \u0107ete obaviti zapo\u010deti posao<br>AKTOVKA ~ nositi je \u2013 morat \u0107ete donijeti neke odluke ~ na\u0107i &#8211; problemi<br>AKUMULATOR &#8211; o\u010dekuju vas pozitivne promjene u \u017eivotu<br>AKVARIJ &#8211; problemi na poslovnom ili ljubavnom planu<\/p>\n\n\n\n<p>AKVARIJ &#8211; (MODERNO ZNA\u010cENJE) &#8211; Voda je op\u0107enito vrlo mo\u0107an simbol. Akvarij mo\u017ee reprezentirati emocije, podsvijest i seksualnost. Prije nego \u0161to po\u0111ete tuma\u010diti san u kojem se pojavio akvarij razmislite i o ostalim simbolima i detaljima iz sna. Akvarij mo\u017ee predstavljati dio va\u0161eg \u017eivota. Ljudi obi\u010dno u\u017eivaju u akvarijima jer ih smatraju opu\u0161taju\u0107ima, pa san o akvariju mo\u017ee zna\u010diti i poziv kako se trebate odmoriti i malo udaljiti od \u017eivotnih kompleksnosti.<\/p>\n\n\n\n<p>ALADINOVA SVJETILJKA &#8211; morate donijeti odluku ma koliko to izbjegavali<br>ALARM &#8211; za svoje \u0107ete pogre\u0161ke okrivljivati druge ljude; zvonjava &#8211; otvorite o\u010di, prijeti vam opasnost<br>ALAT &#8211; uspje\u0161an posao<br>ALBATROS \u2013 dobre vijesti<br>ALBUM vidi FOTO-ALBUM<br>ALGE &#8211; predstoji vam putovanje<br>ALIBI &#8211; mogli bi imati problema sa zakonom, platit \u0107ete neku kaznu ili sl.<br>ALIMENTACIJA ~ primati alimentaciju \u2013 uspjeh ~ davati &#8211; neuspjeh<br>ALKA \u2013 nemojte sumnjati u partnera<br>ALKOHOL &#8211; dug \u017eivot ~ piti &#8211; nemate dobre prijatelje ~ proliti \u2013 gubitak<\/p>\n\n\n\n<p>ALKOHOL &#8211; (MODERNO ZNA\u010cENJE) &#8211; Zna\u010denje snova vezanih uz alkohol obi\u010dno ovisi o vezi kakvu imate s alkoholom u stvarnom \u017eivotu. Ako pijete redovito, tada obratite vi\u0161e pa\u017enje na druge simbole, jer alkohol ne mora nositi posebno zna\u010denje u tom slu\u010daju. Ako pijete rijetko ili nikad, tada san mo\u017ee simbolizirati potrebu Za bijegom od stvarnosti ili brzim olak\u0161anjem nekog problema. Ako sanjate alkohol to vas nikad ne\u0107e ohrabrivati da pijete alkohol, nego potrebu da pobolj\u0161ate svoj \u017eivot i da se osje\u0107ate bolje.<\/p>\n\n\n\n<p>ALTERNATIVA \u2013 odlu\u010dujete li izme\u0111u dobrih stvari \u2013 povoljan predznak ~ izme\u0111u lo\u0161ih \u2013 negativan predznak<br>AMAJLIJA \u2013 uspjeh<br>AMBAR \u2013 pun \u2013 dobar posao, prazan &#8211; lo\u0161<br>AMBLEM \u2013 ukoliko ga prepoznate \u2013 dobar znak<br>AMBROZIJA \u2013 uspje\u0161no razdoblje, ali budite odlu\u010dniji i uporniji<br>AMBULANTA &#8211; susret s dragom osobom<br>AMERIKA &#8211; poslovni uspjeh<br>AMONIJAK \u2013 pripazite, ne izla\u017eite se rizicima<br>AMOR &#8211; slijedi vam kratkotrajna, ali intenzivna ljubavna veza<br>AMPUTACIJA ~ ako vam je u snu amputiran dio tijela san upu\u0107uje na gubitak neke sposobnosti ili dosada\u0161njeg stanja<\/p>\n\n\n\n<p>AMPUTACIJA &#8211; (MODERNO ZNA\u010cENJE) &#8211; Ovo je san koji kod mnogih poti\u010de strahove ili anksioznost. On naj\u010de\u0161\u0107e ozna\u010dava osje\u0107aj bespomo\u0107i, ljutnje i frustracija. On tako\u0111er mo\u017ee signalizirati kako je vrijeme da napravite radikalan odmak od nekih stvari u va\u0161em \u017eivotu.<\/p>\n\n\n\n<p>ANAGRAM ~ te\u0161ko je odrediti op\u0107u simboliku anagrama jer oni imaju osobno zna\u010denje i tuma\u010de se po njemu<br>ANANAS ~ vidjeti ga &#8211; veselje ~ jesti ga \u2013 bolest<br>ANARHIST \u2013 nov\u010dani problemi<br>AN\u0110EO &#8211; radostan doga\u0111aj ~ biti &#8211; pripazite na zdravlje ~ zvati an\u0111ela \u2013 nesre\u0107a<\/p>\n\n\n\n<p>AN\u0110EO &#8211; (MODERNO ZNA\u010cENJE) &#8211; U posljednjih deset godina do\u0161lo je i do promjene tuma\u010denja snova s an\u0111elima. Oni predstavljaju bo\u017eansko, za\u0161titu i nebesko. Sanjate li an\u0111ele to bi moglo ukazivati na va\u0161e duhovne kvalitete. An\u0111eli su misti\u010dna i spiritualna stvorenja, ali mogu se odnositi na sve one koji vaS podupiru, prijatelje i obitelj.<\/p>\n\n\n\n<p>ANEGDOTA \u2013 dobro razdoblje za dru\u017eenje<br>ANEMIJA &#8211; problemi<br>ANESTEZIJA ~ la\u017ene nade<br>ANKETA \u2013 niste sigurni u iskrenost va\u0161e okoline, bolje razmislite; biti anketiran \u2013 izgubljeno povjerenje se mo\u017ee povratiti<\/p>\n\n\n\n<p>ANKSIOZNOST &#8211; (MODERNO ZNA\u010cENJE) &#8211; Anksiozno ili tjeskobno stanje u snu vjerojatno se odnosi na pote\u0161ko\u0107e s kojima se suo\u010davate u stvarnom \u017eivotu. Mo\u017eda postoji jaz izme\u0111u toga kako su neke stvari u \u017eivotu poslo\u017eene i kako biste vi htjeli da budu.&nbsp; Ako u stvarnom \u017eivotu ne osje\u0107ate anksioznost, a da u snovima, mo\u017eda vam san signalizira da ignorirate ne\u0161to. Obratite pa\u017enju na detalje iz sna, te \u0161to je uzrokovalo anksioznost.<\/p>\n\n\n\n<p>ANSAMBL &#8211; nemojte mijenjati radnu sredinu; napu\u0161tati ansambl \u2013 poku\u0161ajte na\u0107i drugo rje\u0161enje osim otkaza<br>ANTENA &#8211; uspjeh i promjena na bolje<br>ANTIBIOTIK \u2013 uzimati \u2013 nepovjerljivi ste prema ljudima, ali to i nije lo\u0161a osobina; davati \u2013 va\u0161i bli\u017enji se mogu uvijek osloniti na vas<br>ANTIKVARIJAT &#8211; nesigurni ste u sebe<br>ANTILOPA &#8211; ljubavni uspjeh ~ ubiti antilopu &#8211; kratka, ali te\u0161ka bolest<br>APARTMAN \u2013 financijski problemi<\/p>\n\n\n\n<p>APARTMAN &#8211; (MODERNO ZNA\u010cENJE) &#8211; Ve\u0107ina stambenih prostora predstavlja psiholo\u0161ku, emotivnu i spiritualnu stranu pojedinca, a naj\u010de\u0161\u0107e u kakvom se stanju nalazi prostor u takvom se psiholo\u0161kom stanju nalazi pojedinac. Budu\u0107i da je apartman kao i hotel privremeni stambeni prostor, sugerira da biste se trebali mo\u017eda udaljiti od svakodnevnih stvari koje vas optere\u0107uju i malo odmoriti. Hotel obi\u010dno predstavlja emocije kra\u0107eg trajanja, ne\u0161to \u0161to \u0107e ubrzo pro\u0107i, mo\u017eda \u010dak i jednodnevne emocije.<\/p>\n\n\n\n<p>APETIT ~ koliko ste gladni toliko \u0107ete biti na dobitku<br>APOLON \u2013 ako se bavit umjetno\u0161\u0107u \u2013 uspjeh; a ako ne \u2013 te\u017eite za promjenama koje je mogu\u0107e ostvariti uz malo truda<br>APOSTOL &#8211; problemi<br>APOTEKA &#8211; uspjeh i veselje<br>APSTINENCIJA \u2013 uspje\u0161no razdoblje<br>ARAPI ~ vidjeti ih &#8211; sti\u017eu dobre vijesti ~ biti Arap &#8211; lo\u0161e vijesti<br>ARENA &#8211; prijeti vam nekakva opasnost<br>ARHIVA ~ vidjeti &#8211; gubitak novca ~ arhivirati &#8211; trud \u0107e se isplatiti<br>ARTI\u010cOKA &#8211; bol i nemo\u0107<br>AS U KARTAMA ~ pik \u2013nesre\u0107a ~ tref \u2013 dobrobit ~ karo \u2013 neprijateljstvo ~ herc &#8211; ljubavne novosti<br>ASTMA \u2013 problemi<br>ASTRONOM \u2013 poslovni uspjeh<br>ATENA (BOGINJA) &#8211; prona\u0107i \u0107ete partnera koji \u0107e ispuniti sva va\u0161a o\u010dekivanja<br>ATENTAT &#8211; okru\u017eeni ste neiskrenim ljudima<br>ATLAS &#8211; morat \u0107ete donijeti neke odluke<br>ATLETI\u010cAR ~ gledati &#8211; poslovni uspjeh ~ biti &#8211; problemi na poslu<br>ATOMSKA BOMBA &#8211; bit \u0107ete na dobitku<br>AUDICIJA \u2013 budite odlu\u010dniji<br>AUKCIJA &#8211; pazite kome posu\u0111ujete novac<br>AUREOLA ~ vlastita aureola \u2013 o\u010dekuje vas zaslu\u017eeno priznanje ~ tu\u0111a \u2013 zatra\u017eite savjet od vama bliskih osoba<br>AUTO &#8211; sami znate najbolje rje\u0161enje za svoje probleme ~ izgled auta govori o vama, a motor o va\u0161em psihofizi\u010dkom stanju ~ voziti auto &#8211; napredovanje<\/p>\n\n\n\n<p>AUTOMOBIL &#8211; (MODERNO ZNA\u010cENJE) &#8211; Automobil obi\u010dno predstavlja va\u0161 ego i fizi\u010dku snagu. Razmislite o svim detaljima iz sna, jer snovi s automobilima se obi\u010dno odnose na va\u017ene \u017eivotne teme. Ovo je vrlo uobi\u010dajen san, koji ipak pru\u017ea vrijedne informacije vezane uz \u017eivotne potencijale i stanje duha i tijela.<\/p>\n\n\n\n<p>AUTO PUT &#8211; napredak<br>AUTOBUS &#8211; previ\u0161e ste pod utjecanjem drugih ljudi, morate odrediti \u0161to vi \u017eelite ~ ulazak u pretrpan autobus -trebate vi\u0161e suosje\u0107ati s drugim ljudima<\/p>\n\n\n\n<p>AUTOBUS &#8211; (MODERNO ZNA\u010cENJE) &#8211; San u kojem se pojavljuje autobus vrlo je specifi\u010dan i ovisi o iskustvima kakva pojedinac ima s autobusima, javnim prijevozom, putovanjima i sli\u010dno. Vo\u017enja autobusom je grupna aktivnost, pa san mo\u017ee govoriti o va\u0161oj spremnosti da sura\u0111ujete s drugima ili na dio \u017eivota koji uklju\u010duje druge ljude koji su na istom putu.<\/p>\n\n\n\n<p>AUTOGOL &#8211; uspjeh<br>AUTOMAT &#8211; razmislite o svojim postupcima, mo\u017eda grije\u0161ite<br>AUTOMEHANI\u010cAR ~ biti \u2013 poslovni uspjeh ~biti kod njega s vlastitim automobilom \u2013 financijski problemi; manji kvar \u2013 manja \u0161tete;<br>AUTOMOBILSKA NESRE\u0106A &#8211; netko \u0107e vas razo\u010darati<br>AUTOPORTRET \u2013 morat \u0107ete donijet va\u017enu odluku, htjeli to ili ne<br>AUTO-STOPIRATI \u2013 neugodno iznena\u0111enje na poslu ili od partnera; pokupiti ga \u2013 pozitivno razdoblje privatno i poslovno<br>AVION ~ praviti ga &#8211; simbolizira nove ideje koje treba ostvariti ~ ako pada &#8211; odbacivanje starih navika ~ letjeti u avionu &#8211; neo\u010dekivani uspjeh<\/p>\n\n\n\n<p>AVION &#8211; (MODERNO ZNA\u010cENJE) &#8211; Avion, poput drugih vozila simbolizira \u017eivotno putovanje. Mo\u017ee predstavljati i ne\u0161to \u0161to je jako udaljeno fizi\u010dki ili psihi\u010dki od vas, budu\u0107i da avion naj\u010de\u0161\u0107e koristimo za putovanja u daleke krajeve. Avion mo\u017ee ozna\u010davati i emocije prema dalekoj pro\u0161losti ili dalekoj budu\u0107nosti. Uznemiruju\u0107i snovi o padu aviona ili nesre\u0107i mo\u017eda vas upozoravaju o tome kako je va\u0161e tijelo iscrpljeno ili psiha umorna. \u0160to vas je san vi\u0161e uznemirio to postoji ve\u0107a potreba za tim da preispitate svoj \u017eivot i prona\u0111ete ravnote\u017eu.<\/p>\n\n\n\n<p>AZIJA \u2013 putovanje ili promjene<\/p>\n\n\n<form role=\"search\" method=\"get\" action=\"https:\/\/covermagazin.com\/\" class=\"wp-block-search__button-outside wp-block-search__text-button wp-block-search\"    ><label class=\"wp-block-search__label\" for=\"wp-block-search__input-1\" >Za detaljno tuma\u010denje nekog pojma upi\u0161ite pojam:<\/label><div class=\"wp-block-search__inside-wrapper\" ><input class=\"wp-block-search__input\" id=\"wp-block-search__input-1\" placeholder=\"Upi\u0161ite npr: sanjati oblak \" value=\"\" type=\"search\" name=\"s\" required \/><button aria-label=\"Pretraga\" class=\"wp-block-search__button wp-element-button\" type=\"submit\" >Pretraga<\/button><\/div><\/form>\n\n\n<p><strong><a href=\"https:\/\/covermagazin.com\/?page_id=28606\">SANJARICA<\/a><\/strong><\/p>\n\n\n\n<figure class=\"wp-block-table\"><table><tbody><tr><td>\n<h1><a href=\"?page_id=29158\">A<\/a><\/h1>\n<\/td><td>\n<h1><a href=\"?page_id=29160\">B<\/a><\/h1>\n<\/td><td>\n<h1><a href=\"?page_id=29162\">C<\/a><\/h1>\n<\/td><td>\n<h1><a href=\"?page_id=29164\">\u010c <\/a><\/h1>\n<\/td><\/tr><tr><td>\n<h1><a href=\"?page_id=29166\">\u0106<\/a><\/h1>\n<\/td><td>\n<h1><a href=\"?page_id=29168\">D<\/a><\/h1>\n<\/td><td>\n<h1><a href=\"?page_id=29170\">D\u017e<\/a><\/h1>\n<\/td><td>\n<h1><a href=\"?page_id=29172\">\u0110<\/a><\/h1>\n<\/td><\/tr><tr><td>\n<h1><a href=\"?page_id=29174\">E<\/a><\/h1>\n<\/td><td>\n<h1><a href=\"?page_id=29176\">F<\/a><\/h1>\n<\/td><td>\n<h1><a href=\"?page_id=29178\">G<\/a><\/h1>\n<\/td><td>\n<h1><a href=\"?page_id=29180\">H<\/a><\/h1>\n<\/td><\/tr><tr><td>\n<h1><a href=\"?page_id=29182\">I<\/a><\/h1>\n<\/td><td>\n<h1><a href=\"?page_id=29184\">J<\/a><\/h1>\n<\/td><td>\n<h1><a href=\"?page_id=29186\">K<\/a><\/h1>\n<\/td><td>\n<h1><a href=\"?page_id=29189\">L<\/a><\/h1>\n<\/td><\/tr><tr><td>\n<h1><a href=\"?page_id=29191\">Lj<\/a><\/h1>\n<\/td><td>\n<h1><a href=\"?page_id=29193\">M<\/a><\/h1>\n<\/td><td>\n<h1><a href=\"?page_id=29195\">N<\/a><\/h1>\n<\/td><td>\n<h1><a href=\"?page_id=29197\">Nj<\/a><\/h1>\n<\/td><\/tr><tr><td>\n<h1><a href=\"?page_id=29199\">O<\/a><\/h1>\n<\/td><td>\n<h1><a href=\"?page_id=29201\">P<\/a><\/h1>\n<\/td><td>\n<h1><a href=\"?page_id=29203\">R<\/a><\/h1>\n<\/td><td>\n<h1><a href=\"?page_id=29205\">S<\/a><\/h1>\n<\/td><\/tr><tr><td>\n<h1><a href=\"?page_id=29207\">\u0160<\/a><\/h1>\n<\/td><td>\n<h1><a href=\"?page_id=29209\">T<\/a><\/h1>\n<\/td><td>\n<h1><a href=\"?page_id=29211\">U<\/a><\/h1>\n<\/td><td>\n<h1><a href=\"?page_id=29213\">V<\/a><\/h1>\n<\/td><\/tr><tr><td>\n<h1><a href=\"?page_id=29215\">Z<\/a><\/h1>\n<\/td><td>\n<h1><a href=\"?page_id=29217\">\u017d<\/a><\/h1>\n<\/td><td>\n<h1>&nbsp;<\/h1>\n<\/td><td>\n<h1>&nbsp;<\/h1>\n<\/td><\/tr><\/tbody><\/table><\/figure>\n","protected":false},"excerpt":{"rendered":"<p>A \u2013 poslovni uspjehABECEDA &#8211; dobre poslovne vijesti, novi po\u010deciABNORMALNOST &#8211; upozorenjeABORTUS &#8211; nesporazumi s okolinom ili problemi sa zdravljem ABORTUS &#8211; (MODERNO ZNA\u010cENJE) &#8211; \u017dena koja je imala ovo iskustvo vjerojatno \u0107e sanjati o poba\u010daju, ali iako to mo\u017ee biti uznemiruju\u0107i san on je iscjeljuju\u0107i. Mogu\u0107e je da kroz san radite na prihva\u0107anju i [&hellip;]<\/p>\n","protected":false},"author":1,"featured_media":0,"parent":28606,"menu_order":0,"comment_status":"closed","ping_status":"closed","template":"","meta":{"footnotes":"","_links_to":"","_links_to_target":""},"class_list":["post-29158","page","type-page","status-publish","hentry"],"_links":{"self":[{"href":"https:\/\/covermagazin.com\/index.php?rest_route=\/wp\/v2\/pages\/29158","targetHints":{"allow":["GET"]}}],"collection":[{"href":"https:\/\/covermagazin.com\/index.php?rest_route=\/wp\/v2\/pages"}],"about":[{"href":"https:\/\/covermagazin.com\/index.php?rest_route=\/wp\/v2\/types\/page"}],"author":[{"embeddable":true,"href":"https:\/\/covermagazin.com\/index.php?rest_route=\/wp\/v2\/users\/1"}],"replies":[{"embeddable":true,"href":"https:\/\/covermagazin.com\/index.php?rest_route=%2Fwp%2Fv2%2Fcomments&post=29158"}],"version-history":[{"count":11,"href":"https:\/\/covermagazin.com\/index.php?rest_route=\/wp\/v2\/pages\/29158\/revisions"}],"predecessor-version":[{"id":56506,"href":"https:\/\/covermagazin.com\/index.php?rest_route=\/wp\/v2\/pages\/29158\/revisions\/56506"}],"up":[{"embeddable":true,"href":"https:\/\/covermagazin.com\/index.php?rest_route=\/wp\/v2\/pages\/28606"}],"wp:attachment":[{"href":"https:\/\/covermagazin.com\/index.php?rest_route=%2Fwp%2Fv2%2Fmedia&parent=29158"}],"curies":[{"name":"wp","href":"https:\/\/api.w.org\/{rel}","templated":true}]}}