{"id":29154,"date":"2020-06-08T06:01:47","date_gmt":"2020-06-08T04:01:47","guid":{"rendered":"https:\/\/covermagazin.com\/?page_id=29154"},"modified":"2025-10-29T11:09:07","modified_gmt":"2025-10-29T09:09:07","slug":"citanost-covermagazin-com","status":"publish","type":"page","link":"https:\/\/covermagazin.com\/?page_id=29154","title":{"rendered":"\u010citanost COVERmagazin.com &#8211; LIFESTYLE PORTAL"},"content":{"rendered":"\n<p><strong>CoverMagazin.com je lifestyle online magazin.<\/strong><\/p>\n\n\n\n<p><strong>CoverMagazin.com<\/strong> je suvremeni portal u Hrvatskoj lifestyle tematike.<\/p>\n\n\n\n<p>Prema slu\u017ebenim podacima oko 30 % na\u0161ih posjetitelja su mu\u0161karci, oko 70 % \u017eene, a \u010ditatelji se izja\u0161njavaju kako je sljede\u0107ih 7 podru\u010dja tematika koja ih najvi\u0161e zanima:<\/p>\n\n\n\n<p>&#8211; Moda<\/p>\n\n\n\n<p>&#8211; Hrana<\/p>\n\n\n\n<p>&#8211; Zdravlje<\/p>\n\n\n\n<p>&#8211; Automobili<\/p>\n\n\n\n<p>&#8211; Putovanja<\/p>\n\n\n\n<p>&#8211; Moderna tehnologija<\/p>\n\n\n\n<p>&#8211; Historijska, kulturna i zabavna doga\u0111anja.<\/p>\n\n\n\n<p><strong><img decoding=\"async\" src=\"https:\/\/www.covermagazin.com\/images\/ikona.jpg\" alt=\"Naj\u010ditaniji portali u Hrvatskoj \u2013 COVERmagazin.com naj\u010ditaniji lifestyle portal\u2026 \">\u00a0COVERmagazin.com<\/strong>\u00a0&#8211; lifestyle portal sa savjetima o unapre\u0111enju u \u017eivota, uklju\u010duju\u0107i modu, zdravlje, ljepotu, trudno\u0107u, odgoj djece, selfhelp i mnogo drugih zanimljivih tema. Naj\u010ditanija kategorija je MODA, zatim TRUDNO\u0106A I DJECA, a u stopu ih slijede LJEPOTA, URE\u0110ENJE DOMA, LJUBAV, ZDRAVLJE, KARIJERA I RECEPTI.<\/p>\n\n\n\n<p>Lifestyle portali pi\u0161u o fizi\u010dkim, dru\u0161tvenim i ekonomskim mi\u0161ljenjima, vrijednostima i interesima, op\u0107enito onome \u0161to zanima odre\u0111enu grupu ljudi. Lifestyle portali pi\u0161u o temama koje zanimaju prosje\u010dnog \u010dovjeka. Termin lifestyle upotrijebljen je 1929. godine prvi put, a od tada se odnosi na \u201estil \u017eivota\u201d, \u201estil na koji netko \u017eivi svoj \u017eivot\u201d. Prema WHO lifestyle se blisko odnosi na kvalitetu \u017eivota, te je cilj lifestyle portala ba\u0161 pobolj\u0161ati korisnim informacijama op\u0107enito kvalitetu \u017eivota. Lifestyle portali poma\u017eu da ljudi lak\u0161e prona\u0111u na\u010dine kako biti zadovoljniji \u017eivotom i kako u\u017eivati vi\u0161e u svakom trenutku. Razli\u010ditim ljudima odgovaraju razli\u010diti \u017eivotni stilovi, pa nije neobi\u010dno prona\u0107i lifestyle portale potpuno druga\u010dijeg koncepta.<\/p>\n","protected":false},"excerpt":{"rendered":"<p>CoverMagazin.com je lifestyle online magazin. CoverMagazin.com je suvremeni portal u Hrvatskoj lifestyle tematike. Prema slu\u017ebenim podacima oko 30 % na\u0161ih posjetitelja su mu\u0161karci, oko 70 % \u017eene, a \u010ditatelji se izja\u0161njavaju kako je sljede\u0107ih 7 podru\u010dja tematika koja ih najvi\u0161e zanima: &#8211; Moda &#8211; Hrana &#8211; Zdravlje &#8211; Automobili &#8211; Putovanja &#8211; Moderna tehnologija &#8211; [&hellip;]<\/p>\n","protected":false},"author":1,"featured_media":0,"parent":29150,"menu_order":0,"comment_status":"closed","ping_status":"closed","template":"","meta":{"footnotes":"","_links_to":"","_links_to_target":""},"class_list":["post-29154","page","type-page","status-publish","hentry"],"_links":{"self":[{"href":"https:\/\/covermagazin.com\/index.php?rest_route=\/wp\/v2\/pages\/29154","targetHints":{"allow":["GET"]}}],"collection":[{"href":"https:\/\/covermagazin.com\/index.php?rest_route=\/wp\/v2\/pages"}],"about":[{"href":"https:\/\/covermagazin.com\/index.php?rest_route=\/wp\/v2\/types\/page"}],"author":[{"embeddable":true,"href":"https:\/\/covermagazin.com\/index.php?rest_route=\/wp\/v2\/users\/1"}],"replies":[{"embeddable":true,"href":"https:\/\/covermagazin.com\/index.php?rest_route=%2Fwp%2Fv2%2Fcomments&post=29154"}],"version-history":[{"count":7,"href":"https:\/\/covermagazin.com\/index.php?rest_route=\/wp\/v2\/pages\/29154\/revisions"}],"predecessor-version":[{"id":76787,"href":"https:\/\/covermagazin.com\/index.php?rest_route=\/wp\/v2\/pages\/29154\/revisions\/76787"}],"up":[{"embeddable":true,"href":"https:\/\/covermagazin.com\/index.php?rest_route=\/wp\/v2\/pages\/29150"}],"wp:attachment":[{"href":"https:\/\/covermagazin.com\/index.php?rest_route=%2Fwp%2Fv2%2Fmedia&parent=29154"}],"curies":[{"name":"wp","href":"https:\/\/api.w.org\/{rel}","templated":true}]}}