{"id":28633,"date":"2020-06-08T06:49:54","date_gmt":"2020-06-08T04:49:54","guid":{"rendered":"http:\/\/covermagazin.com\/?page_id=28633"},"modified":"2020-11-20T10:22:43","modified_gmt":"2020-11-20T08:22:43","slug":"astromatch-ljubavna-slagalica-horoskopskih-znakova","status":"publish","type":"page","link":"https:\/\/covermagazin.com\/?page_id=28633","title":{"rendered":"ASTROMATCH &#8211; Kako zavesti svaki horoskopski znak"},"content":{"rendered":"<p><a href=\"https:\/\/covermagazin.com\/wp-content\/uploads\/2020\/06\/ljubavna_slagalica.jpg\"><img loading=\"lazy\" decoding=\"async\" class=\"alignnone size-full wp-image-39315\" src=\"https:\/\/covermagazin.com\/wp-content\/uploads\/2020\/06\/ljubavna_slagalica.jpg\" alt=\"\" width=\"600\" height=\"400\" srcset=\"https:\/\/covermagazin.com\/wp-content\/uploads\/2020\/06\/ljubavna_slagalica.jpg 600w, https:\/\/covermagazin.com\/wp-content\/uploads\/2020\/06\/ljubavna_slagalica-300x200.jpg 300w, https:\/\/covermagazin.com\/wp-content\/uploads\/2020\/06\/ljubavna_slagalica-576x384.jpg 576w\" sizes=\"auto, (max-width: 600px) 100vw, 600px\" \/><\/a><\/p>\n<p><strong>ASTROMATCH<\/strong><\/p>\n<h1><em>Ljubavna slagalica horoskopskih znakova<\/em><\/h1>\n<p>Astromatch je opis pojedinog horoskopskog znaka i uspore\u0111ivanje njegovih karakteristika u odnosu na druge znakove!<\/p>\n<p>Astromatch je ljubavna slagalica horoskopskih znakova. Osim opisa pojedinog horoskopskog znaka, prona\u0107i \u0107ete i najbolje savjete kako osvojiti osobu tog horoskopskog znaka, te odgovor kakvi su vam astrolo\u0161ki potencijali za uspjeh veze.<\/p>\n<p>Va\u0161 (potencijalni) partner je horoskopski znak:<\/p>\n<p><span style=\"text-decoration: underline;\"><strong>Ovan (21.03. &#8211; 20.04.)<\/strong><\/span><\/p>\n<p>Ovnove lako mo\u017eemo prepoznati ve\u0107 na prvi pogled. Njihov izgled je glavni adut, koji uz njihov teatralan nastup ostavlja dojam gdje god se pojavili&#8230;\u00a0<strong>Vi\u0161e<\/strong><\/p>\n<blockquote class=\"wp-embedded-content\" data-secret=\"hly9CRLVWh\"><p><a href=\"https:\/\/covermagazin.com\/?page_id=27180\">Ovan &#8211; kako zavesti ovna<\/a><\/p><\/blockquote>\n<p><iframe loading=\"lazy\" class=\"wp-embedded-content\" sandbox=\"allow-scripts\" security=\"restricted\" style=\"position: absolute; clip: rect(1px, 1px, 1px, 1px);\" title=\"&#8220;Ovan &#8211; kako zavesti ovna&#8221; &#8212; COVERmagazin.com\" src=\"https:\/\/covermagazin.com\/?page_id=27180&#038;embed=true#?secret=lJD65O6zwu#?secret=hly9CRLVWh\" data-secret=\"hly9CRLVWh\" width=\"500\" height=\"282\" frameborder=\"0\" marginwidth=\"0\" marginheight=\"0\" scrolling=\"no\"><\/iframe><\/p>\n<p><strong><span style=\"text-decoration: underline;\">Bik (21.04. &#8211; 21.05.)<\/span><\/strong><\/p>\n<p>Bikovi jednostavno vole zavo\u0111enje, ili zavode ili ih se zavodi. Naj\u010de\u0161\u0107e su vrlo srda\u010dne, ljubazne i pristupa\u010dne osobe. Iskreni su i u\u010dinit \u0107e sve da budu kraj vas&#8230; <strong>Vi\u0161e<\/strong><\/p>\n<blockquote class=\"wp-embedded-content\" data-secret=\"sWp8xYCjZT\"><p><a href=\"https:\/\/covermagazin.com\/?page_id=27178\">Bik &#8211; kako zavesti bika<\/a><\/p><\/blockquote>\n<p><iframe loading=\"lazy\" class=\"wp-embedded-content\" sandbox=\"allow-scripts\" security=\"restricted\" style=\"position: absolute; clip: rect(1px, 1px, 1px, 1px);\" title=\"&#8220;Bik &#8211; kako zavesti bika&#8221; &#8212; COVERmagazin.com\" src=\"https:\/\/covermagazin.com\/?page_id=27178&#038;embed=true#?secret=Z1NLe5dvL2#?secret=sWp8xYCjZT\" data-secret=\"sWp8xYCjZT\" width=\"500\" height=\"282\" frameborder=\"0\" marginwidth=\"0\" marginheight=\"0\" scrolling=\"no\"><\/iframe><\/p>\n<p><span style=\"text-decoration: underline;\"><strong>Blizanci (22.05. &#8211; 21.06.)<\/strong><\/span><\/p>\n<p>Blizanci su duhovite i radoznale osobe. U njihovom dru\u0161tvu nikad nije dosadno. Ro\u0111eni su zabavlja\u010di. Blizanci se dobro snalaze u svim situacijama i znaju ih lako&#8230;\u00a0<strong>Vi\u0161e<\/strong><\/p>\n<blockquote class=\"wp-embedded-content\" data-secret=\"QtCfy6KRsS\"><p><a href=\"https:\/\/covermagazin.com\/?page_id=27176\">Blizanci &#8211; kako zavesti blizanca<\/a><\/p><\/blockquote>\n<p><iframe loading=\"lazy\" class=\"wp-embedded-content\" sandbox=\"allow-scripts\" security=\"restricted\" style=\"position: absolute; clip: rect(1px, 1px, 1px, 1px);\" title=\"&#8220;Blizanci &#8211; kako zavesti blizanca&#8221; &#8212; COVERmagazin.com\" src=\"https:\/\/covermagazin.com\/?page_id=27176&#038;embed=true#?secret=iBoKYAb7U1#?secret=QtCfy6KRsS\" data-secret=\"QtCfy6KRsS\" width=\"500\" height=\"282\" frameborder=\"0\" marginwidth=\"0\" marginheight=\"0\" scrolling=\"no\"><\/iframe><\/p>\n<p><span style=\"text-decoration: underline;\"><strong>Rak (22.06. &#8211; 22.07.)<\/strong><\/span><\/p>\n<p>Rak ispod svoje tvrde lju\u0161ture skriva hipersenzitivnu osobnost. Ovaj iznimno osje\u0107ajan znak reagirat \u0107e i na najmanju sitnicu, stoga neka vas ne iznena\u0111uju&#8230;\u00a0<strong>Vi\u0161e\u00a0<\/strong><\/p>\n<blockquote class=\"wp-embedded-content\" data-secret=\"UcKO4KbhNF\"><p><a href=\"https:\/\/covermagazin.com\/?page_id=27174\">Rak &#8211; kako zavesti raka<\/a><\/p><\/blockquote>\n<p><iframe loading=\"lazy\" class=\"wp-embedded-content\" sandbox=\"allow-scripts\" security=\"restricted\" style=\"position: absolute; clip: rect(1px, 1px, 1px, 1px);\" title=\"&#8220;Rak &#8211; kako zavesti raka&#8221; &#8212; COVERmagazin.com\" src=\"https:\/\/covermagazin.com\/?page_id=27174&#038;embed=true#?secret=ANBPQL1ilh#?secret=UcKO4KbhNF\" data-secret=\"UcKO4KbhNF\" width=\"500\" height=\"282\" frameborder=\"0\" marginwidth=\"0\" marginheight=\"0\" scrolling=\"no\"><\/iframe><\/p>\n<p><span style=\"text-decoration: underline;\"><strong>Lav (23.07. &#8211; 22.08.)<\/strong><\/span><\/p>\n<p>Mora u svemu biti najbolji, isti\u010de se i svojom odva\u017eno\u0161\u0107u i hrabro\u0161\u0107u. Voli izazove i stalna dokazivanja. On \u017eivi od pohvala i divljenja drugih ljudi, ako \u017eelite ostaviti&#8230; <strong>Vi\u0161e<\/strong><\/p>\n<blockquote class=\"wp-embedded-content\" data-secret=\"w433I7RIc1\"><p><a href=\"https:\/\/covermagazin.com\/?page_id=27172\">Lav &#8211; kako zavesti lava<\/a><\/p><\/blockquote>\n<p><iframe loading=\"lazy\" class=\"wp-embedded-content\" sandbox=\"allow-scripts\" security=\"restricted\" style=\"position: absolute; clip: rect(1px, 1px, 1px, 1px);\" title=\"&#8220;Lav &#8211; kako zavesti lava&#8221; &#8212; COVERmagazin.com\" src=\"https:\/\/covermagazin.com\/?page_id=27172&#038;embed=true#?secret=9oIx4pa5lL#?secret=w433I7RIc1\" data-secret=\"w433I7RIc1\" width=\"500\" height=\"282\" frameborder=\"0\" marginwidth=\"0\" marginheight=\"0\" scrolling=\"no\"><\/iframe><\/p>\n<p><span style=\"text-decoration: underline;\"><strong>Djevica (23.08. &#8211; 22.09.)<\/strong><\/span><\/p>\n<p>Dominantne osobine djevice su profinjenost i pedantnost. Voli se lijepo pona\u0161ati i ljude koji se tako pona\u0161aju. Ima mi\u0161ljenje o svemu i ne ustru\u010dava se izre\u0107i ga&#8230;<strong>Vi\u0161e<\/strong><\/p>\n<blockquote class=\"wp-embedded-content\" data-secret=\"ZjFmoG5ebM\"><p><a href=\"https:\/\/covermagazin.com\/?page_id=27170\">Djevica &#8211; kako zavesti horoskopski znak djevicu<\/a><\/p><\/blockquote>\n<p><iframe loading=\"lazy\" class=\"wp-embedded-content\" sandbox=\"allow-scripts\" security=\"restricted\" style=\"position: absolute; clip: rect(1px, 1px, 1px, 1px);\" title=\"&#8220;Djevica &#8211; kako zavesti horoskopski znak djevicu&#8221; &#8212; COVERmagazin.com\" src=\"https:\/\/covermagazin.com\/?page_id=27170&#038;embed=true#?secret=BxhmxPZPuu#?secret=ZjFmoG5ebM\" data-secret=\"ZjFmoG5ebM\" width=\"500\" height=\"282\" frameborder=\"0\" marginwidth=\"0\" marginheight=\"0\" scrolling=\"no\"><\/iframe><\/p>\n<p><strong>Vaga (23.09. &#8211; 22.10.)<\/strong><\/p>\n<p>Vaga je dosta rje\u010dit znak, \u0161armirat \u0107e vas pri prvom kontaktu. \u010cak i oni najhladniji znakovi lako padaju pred njihovim \u0161armom. Nikad se ne\u0107e&#8230;<strong>Vi\u0161e<\/strong><\/p>\n<blockquote class=\"wp-embedded-content\" data-secret=\"V2PKbXslQF\"><p><a href=\"https:\/\/covermagazin.com\/?page_id=27168\">Vaga &#8211; kako zavesti vagu<\/a><\/p><\/blockquote>\n<p><iframe loading=\"lazy\" class=\"wp-embedded-content\" sandbox=\"allow-scripts\" security=\"restricted\" style=\"position: absolute; clip: rect(1px, 1px, 1px, 1px);\" title=\"&#8220;Vaga &#8211; kako zavesti vagu&#8221; &#8212; COVERmagazin.com\" src=\"https:\/\/covermagazin.com\/?page_id=27168&#038;embed=true#?secret=F9vVbjNnyg#?secret=V2PKbXslQF\" data-secret=\"V2PKbXslQF\" width=\"500\" height=\"282\" frameborder=\"0\" marginwidth=\"0\" marginheight=\"0\" scrolling=\"no\"><\/iframe><\/p>\n<p><span style=\"text-decoration: underline;\"><strong>\u0160korpion (23.10. &#8211; 21.11.)<\/strong><\/span><\/p>\n<p>Od svojih partnera tra\u017ei veliku odanost i ni u kom slu\u010daju ne smijete gledati na stranu nego svu svoju pozornost usmjerite na njega&#8230; <strong>Vi\u0161e<\/strong><\/p>\n<blockquote class=\"wp-embedded-content\" data-secret=\"0OBdKBXm1v\"><p><a href=\"https:\/\/covermagazin.com\/?page_id=27166\">\u0160korpion &#8211; kako zavesti \u0161korpiona<\/a><\/p><\/blockquote>\n<p><iframe loading=\"lazy\" class=\"wp-embedded-content\" sandbox=\"allow-scripts\" security=\"restricted\" style=\"position: absolute; clip: rect(1px, 1px, 1px, 1px);\" title=\"&#8220;\u0160korpion &#8211; kako zavesti \u0161korpiona&#8221; &#8212; COVERmagazin.com\" src=\"https:\/\/covermagazin.com\/?page_id=27166&#038;embed=true#?secret=F5lao5IAhb#?secret=0OBdKBXm1v\" data-secret=\"0OBdKBXm1v\" width=\"500\" height=\"282\" frameborder=\"0\" marginwidth=\"0\" marginheight=\"0\" scrolling=\"no\"><\/iframe><\/p>\n<p><span style=\"text-decoration: underline;\"><strong>Strijelac (22.11. &#8211; 21.12)<\/strong><\/span><\/p>\n<p>Strijelac ne robuje nikakvim ograni\u010denjima, zadanim okvirima ni pravilima pona\u0161anja. On u\u017eiva u svojoj slobodi i ne \u017eeli je mijenjati niza\u0161to&#8230; <strong>Vi\u0161e<\/strong><\/p>\n<blockquote class=\"wp-embedded-content\" data-secret=\"Q6H1uyqjGl\"><p><a href=\"https:\/\/covermagazin.com\/?page_id=27164\">Strijelac &#8211; Kako zavesti strijelca<\/a><\/p><\/blockquote>\n<p><iframe loading=\"lazy\" class=\"wp-embedded-content\" sandbox=\"allow-scripts\" security=\"restricted\" style=\"position: absolute; clip: rect(1px, 1px, 1px, 1px);\" title=\"&#8220;Strijelac &#8211; Kako zavesti strijelca&#8221; &#8212; COVERmagazin.com\" src=\"https:\/\/covermagazin.com\/?page_id=27164&#038;embed=true#?secret=HsVTUw5UMp#?secret=Q6H1uyqjGl\" data-secret=\"Q6H1uyqjGl\" width=\"500\" height=\"282\" frameborder=\"0\" marginwidth=\"0\" marginheight=\"0\" scrolling=\"no\"><\/iframe><\/p>\n<p><span style=\"text-decoration: underline;\"><strong>Jarac (22.12. &#8211; 20.01.)<\/strong><\/span><\/p>\n<p>Jako je ambiciozan, \u017eeli uspjeti na poslovnom planu te bi njegov partner morao imati razumijevanja za to. Problem \u0107e nastati ako budete do\u017eivljavali njegov posao kao konkurenciju&#8230;\u00a0<strong>Vi\u0161e<\/strong><\/p>\n<blockquote class=\"wp-embedded-content\" data-secret=\"JxI3fXqNbg\"><p><a href=\"https:\/\/covermagazin.com\/?page_id=27162\">Jarac &#8211; Kako zavesti jarca<\/a><\/p><\/blockquote>\n<p><iframe loading=\"lazy\" class=\"wp-embedded-content\" sandbox=\"allow-scripts\" security=\"restricted\" style=\"position: absolute; clip: rect(1px, 1px, 1px, 1px);\" title=\"&#8220;Jarac &#8211; Kako zavesti jarca&#8221; &#8212; COVERmagazin.com\" src=\"https:\/\/covermagazin.com\/?page_id=27162&#038;embed=true#?secret=NwEcR56JjD#?secret=JxI3fXqNbg\" data-secret=\"JxI3fXqNbg\" width=\"500\" height=\"282\" frameborder=\"0\" marginwidth=\"0\" marginheight=\"0\" scrolling=\"no\"><\/iframe><\/p>\n<p><span style=\"text-decoration: underline;\"><strong>Vodenjak (21.01. &#8211; 19.02.)<\/strong><\/span><\/p>\n<p>Vodenjak je uvijek originalan i inovativan, te je \u010desto okru\u017een ljudima. Ima razvijen osje\u0107aj za druge ljude, njihove osje\u0107aje i probleme, ponekad se vi\u0161e brine o njima&#8230;\u00a0<strong>Vi\u0161e<\/strong><\/p>\n<blockquote class=\"wp-embedded-content\" data-secret=\"jxpg7f3OIY\"><p><a href=\"https:\/\/covermagazin.com\/?page_id=27160\">Vodenjak &#8211; kako zavesti vodenjaka<\/a><\/p><\/blockquote>\n<p><iframe loading=\"lazy\" class=\"wp-embedded-content\" sandbox=\"allow-scripts\" security=\"restricted\" style=\"position: absolute; clip: rect(1px, 1px, 1px, 1px);\" title=\"&#8220;Vodenjak &#8211; kako zavesti vodenjaka&#8221; &#8212; COVERmagazin.com\" src=\"https:\/\/covermagazin.com\/?page_id=27160&#038;embed=true#?secret=UsqlxPUWm8#?secret=jxpg7f3OIY\" data-secret=\"jxpg7f3OIY\" width=\"500\" height=\"282\" frameborder=\"0\" marginwidth=\"0\" marginheight=\"0\" scrolling=\"no\"><\/iframe><\/p>\n<p><span style=\"text-decoration: underline;\"><strong>Riba (20.02. &#8211; 20.03.)<\/strong><\/span><\/p>\n<p>Ribe su hipersenzitivne osobe, lako ih je povrijediti. Me\u0111utim, one svoje osje\u0107aje dr\u017ee u sebi i te\u0161ko se otvaraju. Kod riba se naj\u010de\u0161\u0107e izmjenjuju stanja depresije i \u0161utljive depresije&#8230;\u00a0<strong>Vi\u0161e<\/strong><\/p>\n<blockquote class=\"wp-embedded-content\" data-secret=\"nLoVeeqswY\"><p><a href=\"https:\/\/covermagazin.com\/?page_id=27156\">Ribe &#8211; Kako zavesti ribu<\/a><\/p><\/blockquote>\n<p><iframe loading=\"lazy\" class=\"wp-embedded-content\" sandbox=\"allow-scripts\" security=\"restricted\" style=\"position: absolute; clip: rect(1px, 1px, 1px, 1px);\" title=\"&#8220;Ribe &#8211; Kako zavesti ribu&#8221; &#8212; COVERmagazin.com\" src=\"https:\/\/covermagazin.com\/?page_id=27156&#038;embed=true#?secret=iIC3amjYTU#?secret=nLoVeeqswY\" data-secret=\"nLoVeeqswY\" width=\"500\" height=\"282\" frameborder=\"0\" marginwidth=\"0\" marginheight=\"0\" scrolling=\"no\"><\/iframe><\/p>\n","protected":false},"excerpt":{"rendered":"<p>ASTROMATCH Ljubavna slagalica horoskopskih znakova Astromatch je opis pojedinog horoskopskog znaka i uspore\u0111ivanje njegovih karakteristika u odnosu na druge znakove! Astromatch je ljubavna slagalica horoskopskih znakova. Osim opisa pojedinog horoskopskog znaka, prona\u0107i \u0107ete i najbolje savjete kako osvojiti osobu tog horoskopskog znaka, te odgovor kakvi su vam astrolo\u0161ki potencijali za uspjeh veze. Va\u0161 (potencijalni) partner [&hellip;]<\/p>\n","protected":false},"author":1,"featured_media":39315,"parent":0,"menu_order":0,"comment_status":"closed","ping_status":"closed","template":"","meta":{"footnotes":"","_links_to":"","_links_to_target":""},"class_list":["post-28633","page","type-page","status-publish","has-post-thumbnail","hentry"],"_links":{"self":[{"href":"https:\/\/covermagazin.com\/index.php?rest_route=\/wp\/v2\/pages\/28633","targetHints":{"allow":["GET"]}}],"collection":[{"href":"https:\/\/covermagazin.com\/index.php?rest_route=\/wp\/v2\/pages"}],"about":[{"href":"https:\/\/covermagazin.com\/index.php?rest_route=\/wp\/v2\/types\/page"}],"author":[{"embeddable":true,"href":"https:\/\/covermagazin.com\/index.php?rest_route=\/wp\/v2\/users\/1"}],"replies":[{"embeddable":true,"href":"https:\/\/covermagazin.com\/index.php?rest_route=%2Fwp%2Fv2%2Fcomments&post=28633"}],"version-history":[{"count":7,"href":"https:\/\/covermagazin.com\/index.php?rest_route=\/wp\/v2\/pages\/28633\/revisions"}],"predecessor-version":[{"id":49626,"href":"https:\/\/covermagazin.com\/index.php?rest_route=\/wp\/v2\/pages\/28633\/revisions\/49626"}],"wp:featuredmedia":[{"embeddable":true,"href":"https:\/\/covermagazin.com\/index.php?rest_route=\/wp\/v2\/media\/39315"}],"wp:attachment":[{"href":"https:\/\/covermagazin.com\/index.php?rest_route=%2Fwp%2Fv2%2Fmedia&parent=28633"}],"curies":[{"name":"wp","href":"https:\/\/api.w.org\/{rel}","templated":true}]}}