{"id":27669,"date":"2025-02-01T10:29:42","date_gmt":"2025-02-01T08:29:42","guid":{"rendered":"http:\/\/covermagazin.com\/?page_id=27669"},"modified":"2025-02-01T22:51:28","modified_gmt":"2025-02-01T20:51:28","slug":"dijeta-negativnih-kalorija","status":"publish","type":"page","link":"https:\/\/covermagazin.com\/?page_id=27669","title":{"rendered":"Dijeta negativnih kalorija (s receptima)"},"content":{"rendered":"\n<figure class=\"wp-block-image size-full\"><img loading=\"lazy\" decoding=\"async\" width=\"600\" height=\"401\" src=\"https:\/\/covermagazin.com\/wp-content\/uploads\/2025\/02\/dijeta-negativnih-kalorija.jpg\" alt=\"\" class=\"wp-image-73971\" srcset=\"https:\/\/covermagazin.com\/wp-content\/uploads\/2025\/02\/dijeta-negativnih-kalorija.jpg 600w, https:\/\/covermagazin.com\/wp-content\/uploads\/2025\/02\/dijeta-negativnih-kalorija-382x255.jpg 382w\" sizes=\"auto, (max-width: 600px) 100vw, 600px\" \/><\/figure>\n\n\n\n<h3 class=\"wp-block-heading\"><figure><a href=\"https:\/\/covermagazin.com\/wp-content\/uploads\/2020\/06\/dijeta_negativnih_kalorija.jpg\"><\/a><\/figure><\/h3>\n\n\n\n<h3 class=\"wp-block-heading\">Dijeta negativnih kalorija<\/h3>\n\n\n\n<p><br>Jedan od zdravijih na\u010dina da smr\u0161avite, bez da se osje\u0107ate gladno je dijeta negativnih kalorija. Iako namirnice bez kalorija odnosno negativnih kalorija ne postoje, postoje one namirnice \u010dijom razgradnjom tijelo potro\u0161i vi\u0161e kalorija nego \u0161to se njom unese, otuda i naziv negativne kalorije.<\/p>\n\n\n\n<p>Hipotetski pojedete li komad torte od 360 kalorija, organizam \u0107e za razgradnju tog komada torte potro\u0161iti 100 kalorija, a ostalih 250 kalorija \u0107e se natalo\u017eiti u organizmu. S druge strane ako pojedete jabuku koja sadr\u017ei 65 kalorija, organizmu treba tako\u0111er 100 kalorija za razgradnju, \u0161to zna\u010di da \u0107e tijelo morati iz zaliha povu\u0107i 35 kalorija, \u0161to zna\u010di da vi mr\u0161avite.<\/p>\n\n\n\n<p>Dijeta se temelji na promjeni prehrambenih navika, te unosu niskokalori\u010dne hrane.<\/p>\n\n\n\n<p><strong>NAJBOLJE NAMIRNICE:<\/strong><\/p>\n\n\n\n<p><strong>Celer:<\/strong><\/p>\n\n\n\n<p>daje 6 kalorija \/za razgradnju koristi 50 kalorija\/ sagorijeva 40 kalorija naslaga<\/p>\n\n\n\n<p><strong>Raj\u010dica:<\/strong><\/p>\n\n\n\n<p>daje 26 kalorija\/ za razgradnju koristi 60 kalorija\/sagorijeva 36 kalorija naslaga<\/p>\n\n\n\n<p><strong>Brokula (100 g  ):<\/strong><\/p>\n\n\n\n<p>daje 25 kalorija\/ za razgradnju koristi 80 kalorija\/ sagorijeva 55 kalorija naslaga<\/p>\n\n\n\n<p><strong>\u0160ampinjoni (100 g  )<\/strong><\/p>\n\n\n\n<p>daju 18 kalorija\/ za razgradnju koristi 55 kalorija\/ sagorijeva 37 kalorija naslaga<\/p>\n\n\n\n<p><strong>OSTALE PREPORU\u010cENE NAMIRNICE<\/strong><\/p>\n\n\n\n<p>\u0161paroge, repa, zelje, mrkve, celer, cikorija, \u010dili papri\u010dice, krastavci, \u010de\u0161njak salata, luk, papaja, \u0161pinat, jabuke, borovnice, grejp, limun, mango, naran\u010de, ananas, jagode, mandarine, zelena salata, endivija, radi\u010d, brusnice.<\/p>\n\n\n\n<h3 class=\"wp-block-heading\">Kako rasporediti obroke dok ste na dijeti negativnih kalorija <\/h3>\n\n\n\n<p>Ako ste na dijeti negativnih kalorija nemojte jesti namirnice koje prelaze preko 120 kalorija po 100 grama, te uvijek pazite na koli\u010dinu.  <\/p>\n\n\n\n<p>Idealno bi bilo imati 5-7 obroka, od kojih \u0107e tri biti glavni obroci &#8211; doru\u010dak ru\u010dak i ve\u010dera, a me\u0111uobroci sa\u010dinjeni od namirnica  &#8220;negativnih kalorija&#8221;. <\/p>\n\n\n\n<p>Za glavne obroke mo\u017eete birati namirnice koje &#8220;te\u017ee nuli&#8221;, odnosno namirnice koje imaju do 120 kalorija, pripremljene na na\u010din koji im ne\u0107e dodati nove kalorija.<\/p>\n\n\n\n<p>Me\u0111uobroci, neka budu satkani od namirnica koje se smatraju &#8220;negativnima&#8221;, s prava dva popisa namirnica.<\/p>\n\n\n\n<p><strong>Doru\u010dak <\/strong><\/p>\n\n\n\n<p>Odaberite 3 namirnice koje imaju manje od 120 kalorija po 100 g, te pojedite od svake maksimalno 100 g. <\/p>\n\n\n\n<p><strong>Me\u0111uobrok<\/strong><\/p>\n\n\n\n<p>Namirnice s popisa namirnica &#8220;negativnih kalorija&#8221;.<\/p>\n\n\n\n<p><strong>Ru\u010dak<\/strong><\/p>\n\n\n\n<p>Odaberite 5 namirnica u kombinaciji koja vam se svi\u0111a s popisa namirnica do 120 kalorija. Ni jednu nemojte jesti u ve\u0107oj koli\u010dini od 100 g.<\/p>\n\n\n\n<p><strong>Me\u0111uobrok <\/strong><\/p>\n\n\n\n<p>Namirnice s popisa namirnica &#8220;negativnih kalorija&#8221;.<\/p>\n\n\n\n<p><strong>Ve\u010dera<\/strong><\/p>\n\n\n\n<p>Odaberite 3 namirnice koje imaju manje od 120 kalorija po 100 g, te pojedite od svake maksimalno 100 g. <\/p>\n\n\n\n<p><strong>Obrok pred spavanje<\/strong><\/p>\n\n\n\n<p>1 dl mlijeka ili jogurta <\/p>\n\n\n\n<h3 class=\"wp-block-heading\">\u0160to jesti dok ste na dijeti negativnih kalorija \u2013 Recepti za mr\u0161avljenje &#8211;<\/h3>\n\n\n\n<p>Te\u017eite namirnicama s vrlo malo kalorija, \u010dijom konzumacijom ne\u0107ete potro\u0161iti vi\u0161e, ali \u0107e biti na pribli\u017enoj nuli. Ispod su primjeri nekih namirnica koje vas mogu zasititi. <\/p>\n\n\n\n<p><strong>Kuhano jaje<\/strong><\/p>\n\n\n\n<p>Kuhano jaje ima oko 70 kalorija, a otprilike toliko je potrebno da se jaje probavi.<\/p>\n\n\n\n<p><a href=\"https:\/\/www.recepti.covermagazin.com\/?p=5528\"><em>Kako skuhati jaje<\/em><\/a><\/p>\n\n\n\n<p><strong>Kuhani grah<\/strong><\/p>\n\n\n\n<p>Grah kuhan bez masno\u0107a i bez zapr\u0161ke, mo\u017eete pretvoriti u salatu od luka i graha. Nemojte dodavati ulje, nego tek papar i sol, te eventualno jo\u0161 neki za\u010din po \u017eelji i \u017elicu jabu\u010dnog octa.<br>Kuhani grah ima oko 100 kalorija po 100 g, a toliko je otprilike potrebno za njegovu probavu.<\/p>\n\n\n\n<p><a href=\"https:\/\/www.recepti.covermagazin.com\/?p=26210\"><em>Kako skuhati grah<\/em><\/a><\/p>\n\n\n\n<p><strong>Kuhane prokulice s \u010de\u0161njakom<\/strong><\/p>\n\n\n\n<p>Nakon \u0161to skuhate prokulice u vodi, ocijedite ih, dodajte \u010de\u0161njak i za\u010dine po \u017eelji. Nemojte dodavati ulja ili praviti zapr\u0161ke.<\/p>\n\n\n\n<p><strong>\u010cips od tikvica iz pe\u0107nice<\/strong><\/p>\n\n\n\n<p>Nare\u017eite tikvice na tanke koluti\u0107e, procijedite. Poredajte na papir za pe\u010denje u plehu, te pecite 15 tak minuta na 200 stupnjeva.<\/p>\n\n\n\n<p>Zapravo mo\u017eete brati bilo koje namirnice s popisa do nekih okvirnih 100-120 kalorija i pripremati ih bez dodatnih masno\u0107a, \u0161e\u0107era i sli\u010dno, kuhanjem, na ro\u0161tilju ili u pe\u0107nici, te ih kombinirati sa za\u010dinima ili namirnicama koje imaju negativne kalorije. Na primjer, grah s lukom za\u010dinite cije\u0111enim limunom. <\/p>\n\n\n\n<p><a href=\"https:\/\/covermagazin.com\/?p=52401\">Popis hrane s najmanje kalorija<\/a><\/p>\n\n\n\n<figure class=\"wp-block-embed is-type-wp-embed is-provider-cover-magazin-com wp-block-embed-cover-magazin-com\"><div class=\"wp-block-embed__wrapper\">\n<blockquote class=\"wp-embedded-content\" data-secret=\"sEqjh8UqbG\"><a href=\"https:\/\/covermagazin.com\/?p=52401\">Hrana s najmanje kalorija: tablica<\/a><\/blockquote><iframe loading=\"lazy\" class=\"wp-embedded-content\" sandbox=\"allow-scripts\" security=\"restricted\" style=\"position: absolute; visibility: hidden;\" title=\"&#8220;Hrana s najmanje kalorija: tablica&#8221; &#8212; COVER magazin.com  \" src=\"https:\/\/covermagazin.com\/?p=52401&#038;embed=true#?secret=y8I8ptWPCl#?secret=sEqjh8UqbG\" data-secret=\"sEqjh8UqbG\" width=\"500\" height=\"282\" frameborder=\"0\" marginwidth=\"0\" marginheight=\"0\" scrolling=\"no\"><\/iframe>\n<\/div><\/figure>\n\n\n\n<h3 class=\"wp-block-heading\"><\/h3>\n\n\n\n<p>Povratak na glavnu stranicu<a href=\"https:\/\/covermagazin.com\/?page_id=26929\"> dijeta<\/a><\/p>\n\n\n\n<figure class=\"wp-block-embed is-type-wp-embed is-provider-cover-magazin-com wp-block-embed-cover-magazin-com\"><div class=\"wp-block-embed__wrapper\">\n<blockquote class=\"wp-embedded-content\" data-secret=\"vt523uelAc\"><a href=\"https:\/\/covermagazin.com\/?page_id=26929\">30 vrsta dijeta za mr\u0161avljenje s planovima dijeta<\/a><\/blockquote><iframe loading=\"lazy\" class=\"wp-embedded-content\" sandbox=\"allow-scripts\" security=\"restricted\" style=\"position: absolute; visibility: hidden;\" title=\"&#8220;30 vrsta dijeta za mr\u0161avljenje s planovima dijeta&#8221; &#8212; COVER magazin.com  \" src=\"https:\/\/covermagazin.com\/?page_id=26929&#038;embed=true#?secret=wL3ByZaSs5#?secret=vt523uelAc\" data-secret=\"vt523uelAc\" width=\"500\" height=\"282\" frameborder=\"0\" marginwidth=\"0\" marginheight=\"0\" scrolling=\"no\"><\/iframe>\n<\/div><\/figure>\n\n\n\n<p>&nbsp;<\/p>\n","protected":false},"excerpt":{"rendered":"<p>Dijeta negativnih kalorija Jedan od zdravijih na\u010dina da smr\u0161avite, bez da se osje\u0107ate gladno je dijeta negativnih kalorija. Iako namirnice bez kalorija odnosno negativnih kalorija ne postoje, postoje one namirnice \u010dijom razgradnjom tijelo potro\u0161i vi\u0161e kalorija nego \u0161to se njom unese, otuda i naziv negativne kalorije. Hipotetski pojedete li komad torte od 360 kalorija, organizam [&hellip;]<\/p>\n","protected":false},"author":1,"featured_media":73971,"parent":26929,"menu_order":0,"comment_status":"closed","ping_status":"closed","template":"","meta":{"footnotes":"","_links_to":"","_links_to_target":""},"class_list":["post-27669","page","type-page","status-publish","has-post-thumbnail","hentry"],"_links":{"self":[{"href":"https:\/\/covermagazin.com\/index.php?rest_route=\/wp\/v2\/pages\/27669","targetHints":{"allow":["GET"]}}],"collection":[{"href":"https:\/\/covermagazin.com\/index.php?rest_route=\/wp\/v2\/pages"}],"about":[{"href":"https:\/\/covermagazin.com\/index.php?rest_route=\/wp\/v2\/types\/page"}],"author":[{"embeddable":true,"href":"https:\/\/covermagazin.com\/index.php?rest_route=\/wp\/v2\/users\/1"}],"replies":[{"embeddable":true,"href":"https:\/\/covermagazin.com\/index.php?rest_route=%2Fwp%2Fv2%2Fcomments&post=27669"}],"version-history":[{"count":8,"href":"https:\/\/covermagazin.com\/index.php?rest_route=\/wp\/v2\/pages\/27669\/revisions"}],"predecessor-version":[{"id":73989,"href":"https:\/\/covermagazin.com\/index.php?rest_route=\/wp\/v2\/pages\/27669\/revisions\/73989"}],"up":[{"embeddable":true,"href":"https:\/\/covermagazin.com\/index.php?rest_route=\/wp\/v2\/pages\/26929"}],"wp:featuredmedia":[{"embeddable":true,"href":"https:\/\/covermagazin.com\/index.php?rest_route=\/wp\/v2\/media\/73971"}],"wp:attachment":[{"href":"https:\/\/covermagazin.com\/index.php?rest_route=%2Fwp%2Fv2%2Fmedia&parent=27669"}],"curies":[{"name":"wp","href":"https:\/\/api.w.org\/{rel}","templated":true}]}}