{"id":27606,"date":"2022-05-04T13:41:21","date_gmt":"2022-05-04T11:41:21","guid":{"rendered":"http:\/\/covermagazin.com\/?page_id=27606"},"modified":"2022-05-04T13:42:21","modified_gmt":"2022-05-04T11:42:21","slug":"south-beach-dijeta","status":"publish","type":"page","link":"https:\/\/covermagazin.com\/?page_id=27606","title":{"rendered":"South beach dijeta"},"content":{"rendered":"\n<p><a href=\"https:\/\/covermagazin.com\/wp-content\/uploads\/2020\/06\/salata_dijeta.jpg\"><img loading=\"lazy\" decoding=\"async\" width=\"600\" height=\"399\" class=\"alignnone size-full wp-image-39508\" src=\"https:\/\/covermagazin.com\/wp-content\/uploads\/2020\/06\/salata_dijeta.jpg\" alt=\"\" srcset=\"https:\/\/covermagazin.com\/wp-content\/uploads\/2020\/06\/salata_dijeta.jpg 600w, https:\/\/covermagazin.com\/wp-content\/uploads\/2020\/06\/salata_dijeta-300x200.jpg 300w, https:\/\/covermagazin.com\/wp-content\/uploads\/2020\/06\/salata_dijeta-576x384.jpg 576w\" sizes=\"auto, (max-width: 600px) 100vw, 600px\" \/><\/a><\/p>\n\n\n\n<h2 class=\"wp-block-heading\">South beach dijeta<\/h2>\n\n\n\n<p>Prema nazivu mo\u017eete zaklju\u010diti kako se radi o dijeti \u201eju\u017ene pla\u017ee\u201c, a autor je poznati kardiolog dr. Arthur Agatston.<\/p>\n\n\n\n<p>South Beach je ameri\u010dka \u010detvrt poznata po zgodnim \u017eenama i mu\u0161karcima. Prepoznatljiva po pla\u017eama i glamuroznim doga\u0111anjima oko popularnih no\u0107nih klubova i restorana proslavljenih kuhara. Ne \u010dudi kako je ovo popularna dijeta, jer je image ljudi koji tamo borave kako su u savr\u0161enoj formi i odli\u010dnog izgleda.<\/p>\n\n\n\n<p>Dijeta se temelji na umjerenosti i stavu kako ekstremnost nije ni u \u010demu dobra, pa tako ni u prehrani. Prema South beach dijeti ne treba izbjegavati ni masti ni ugljikohidrate, nego treba odabrati prave masti i prave ugljikohidrate.<\/p>\n\n\n\n<p>Dr. Agatston preporu\u010duje zamjenu \u0161e\u0107era umjetnim sladilima, a ako ba\u0161 jako u\u017eivate u \u010dokoladi, tada mlije\u010dnu valja zamijeniti crnom. Budu\u0107i da je dijeta koncipirana prema potrebama ljudi oboljelih od krvo\u017eilnih bolesti, nagla\u0161ava se va\u017enost antioksidansa u prehrani i uzimanje omega-3 masnih kiselina. Omega-3 masne kiseline, koje se nalaze u ribi, a ponajprije u ribljem ulju, va\u017ene su za smanjenje razine triglicerida u krvi. Preporu\u010duje se uzimati ih iz prirodnih izvora kao \u0161to su tuna i sardine, a za one ljenije poslu\u017eit \u0107e i omega-3 masne kiseline u tabletama.<\/p>\n\n\n\n<p>Prednost ove dijete je poticanje na u\u010destalo konzumiranje manjih obroka. To je va\u017eno jer se na ovaj na\u010din izbjegava izgladnjivanje organizma, a i prejedanje kao posljedica izgladnjivanja.<\/p>\n\n\n\n<p><strong>Dijeta se provodi kroz nekoliko faza:<\/strong><\/p>\n\n\n\n<p><strong>1. FAZA<\/strong><\/p>\n\n\n\n<p>Prva faha Suuth Beach dijete namijenjena je resetiranju va\u0161eg tijela gdje bi se trebalo oprostiti s lo\u0161im navikama i nezdravom hranom, te prebaciti organizam da vi\u0161e ne koristi ugljikohidrate kao gorivo, nego masno\u0107e. Sli\u010dno kao u <a href=\"https:\/\/covermagazin.com\/?page_id=52111\">Keto dijeti<\/a>. To bi trebalo potaknuti brzo mr\u0161avljenje, na samom po\u010detku, ali i pripremiti tijelo na dugoro\u010dni (sustavni) gubitak te\u017eine.<\/p>\n\n\n\n<p>Prva faza u\u010di kako savladati glad, kako odabrati prave namirnice, ali dolazi i do gubitka kilograma.<\/p>\n\n\n\n<p>Prva faza dijete traje dva tjedna, a o\u010dekivani gubitak kilograma je 4 do 7. Iz prehrane se eliminiraju lo\u0161i ugljikohidrati, slastice, te izbjegavaju kruh peciva, tjestenine itd. Preporu\u010duje se krto meso peradi, ribe, bjelanjak jajeta, ora\u0161asti plodovi i malo ugljikohidrata niskog glikemi\u010dnog indeksa. Uz to se jede mnogo povr\u0107a: \u0161pinat, blitva, raj\u010dica, mrkva te maslinovo ulje i manje masni sirevi.<\/p>\n\n\n\n<p><strong>Zabranjena hrana u prvoj fazi:<\/strong><\/p>\n\n\n\n<ul class=\"wp-block-list\"><li>rafinirani ugljikohidrati<\/li><li>\u017eitarice<\/li><li>vo\u0107e<\/li><li>grahorice i legumi<\/li><li>\u0161e\u0107er, slatki napitci, slatki\u0161i,<\/li><li>alkohol<\/li><li>kruh, peciva, kola\u010di, keksi i svi proizvodi od rafiniranog bra\u0161na<\/li><li>bra\u0161no (bilo koja namirnica od bra\u0161na, pohanje, zapr\u0161ke)<\/li><li>hrenovke, mesne prera\u0111evine, pa\u0161tete<\/li><li>grah<\/li><li>mrkve<\/li><li>krumpir<\/li><li>ri\u017ea<\/li><li>\u017eitarice<\/li><li>pahuljice<\/li><li>tjestenina<\/li><\/ul>\n\n\n\n<h3 class=\"wp-block-heading\"><strong>Popis namirnica za prvu fazu South Beach dijete<\/strong><\/h3>\n\n\n\n<p><strong>Dnevno biste trebali pojesti:<\/strong><\/p>\n\n\n\n<p>3 porcije proteina<br>3 porcije zdravih masno\u0107a<br>5 porcija povr\u0107a<\/p>\n\n\n\n<p>Dozvoljene namirnice u prvoj fazi:<\/p>\n\n\n\n<p><strong>PROTEINI:<\/strong><\/p>\n\n\n\n<ul class=\"wp-block-list\"><li>govedina<\/li><li>teletina<\/li><li>piletina<\/li><li>puretina<\/li><li>janjetina<\/li><li>svinjetina<\/li><li>morski plodovi i riba<br>Dozvoljene su sve vrste \u201e\u010distog\u201d mesa, zabranjeni su mesne prera\u0111evine.<\/li><li>jaja<\/li><li>sirevi koji sadr\u017ee do 5 g ugljikohidrata na 100 g (\u010ditajte nutritivne etikete)<\/li><li>mlijeko,<\/li><li>jogurt,<\/li><li>kefir<\/li><\/ul>\n\n\n\n<p><strong>ZDRAVE MASNO\u0106E<\/strong><\/p>\n\n\n\n<ul class=\"wp-block-list\"><li>maslac<\/li><li>maslinovo ulje<\/li><li>avokado<\/li><li>kokosovo ulje<\/li><li>laneno ulje<\/li><li>hladno pre\u0161ana ulja<\/li><\/ul>\n\n\n\n<p><strong>PROTEINI I MASNO\u0106E:<\/strong><\/p>\n\n\n\n<ul class=\"wp-block-list\"><li>bademi<\/li><li>brazilski ora\u0161\u0107i\u0107i<\/li><li>\u010dija sjemenke<\/li><li>kokos<\/li><li>lanene sjemenke<\/li><li>lje\u0161njaci<\/li><li>kikiriki<\/li><li>pistacio<\/li><li>bu\u0107ine sjemenke<\/li><li>sezamove sjemenke<\/li><li>soja<\/li><li>orasi<\/li><\/ul>\n\n\n\n<p><strong>POVR\u0106E<\/strong><\/p>\n\n\n\n<ul class=\"wp-block-list\"><li>arti\u010doke<\/li><li>\u0161paroge<\/li><li>brokuli<\/li><li>prokulice<\/li><li>kupus<\/li><li>cvjeta\u010da<\/li><li>krastavci<\/li><li>celer<\/li><li>radi\u0107<\/li><li>endivija<\/li><li>zelje<\/li><li>gr\u0161ak<\/li><li>le\u0107a<\/li><li>gljive<\/li><li>luk<\/li><li>\u010de\u0161njak<\/li><li>per\u0161in<\/li><li>paprike<\/li><li>\u0161pinat<\/li><li>raj\u010dica<\/li><li>tikvice<\/li><\/ul>\n\n\n\n<p><strong>Primjer za ru\u010dak:<\/strong><\/p>\n\n\n\n<p>Nasjeckana salata South Beach s tunjevinom<br>Salata:<br>&#8211; 1 limenka tunjevine u vodi (180 g)<br>&#8211; 1\/3 nasjeckanog krastavca<br>&#8211; 1\/3 \u0161alice raj\u010dice<br>&#8211; 1\/3 \u0161alice nasjeckanog celera<br>&#8211; 1\/3 \u0161alice nasjeckanog avokada<br>&#8211; 1\/3 \u0161alice nasjeckanih rotkvica<br>&#8211; 1 \u0161alica nasjeckane zelene salate<br>Preljev:<br>&#8211; 4 \u017elice ekstra djevi\u010danskog maslinova ulja<br>&#8211; 2 \u017elice svje\u017eeg limunova soka<br>&#8211; 2 re\u017enja \u010de\u0161njaka, usitnjenog<br>&#8211; 1\/2 \u017eli\u010dice crnog papra<\/p>\n\n\n\n<p>Kako pripremiti salatu: Slo\u017eite u slojevima tunu, krastavce, raj\u010dicu, avokado, celer, rotkvice i salatu u staklenu zdjelu.<\/p>\n\n\n\n<p>Priprema: Pomije\u0161ajte maslinovo ulje, limunov sok, \u010de\u0161njak i papar. Po\u0161kropite po salati.<\/p>\n\n\n\n<p>Hranjivost: Po obroku &#8211; 506 kalorija, 48 g bjelan\u010devina, 18 g ugljikohidrata, 28 g masti, 4 g zasi\u0107enih masno\u0107a, 640 mg natrija, 50 mg kolesterola, 6 g vlakana.<\/p>\n\n\n\n<p><strong>2. FAZA<\/strong><\/p>\n\n\n\n<p>Traje dva tjedna a postupno se uvode i &#8220;zabranjene namirnice&#8221;. U toj se fazi pozornost skre\u0107e na pove\u0107ani dnevni unos raznog vo\u0107a i \u017eitarica. Za to vrijeme tjelesna te\u017eina nastavlja padati. U ve\u0107oj mjeri jedu se \u017eitarice kao \u0161to su je\u010dam, zob, kukuruz, ri\u017ea i sve povr\u0107e. Naglasak je i dalje na proteinskim namirnicama kao \u0161to su meso, riba, sirevi, jaja u kombinaciji s obiljem povr\u0107a.<\/p>\n\n\n\n<p>Primjer:<\/p>\n\n\n\n<p>Doru\u010dak<br>&#8211; 1\/2 svje\u017eeg grejpa<br>&#8211; 1 kri\u0161ka tostiranog kruha od cjelovitog zrna i povrh nje 30 g zape\u010denog i narezanog Cherrar sira s manje masno\u0107a.<br>&#8211; kava bez kofeina ili \u010daj bez teina s nemasnim mlijekom i zasla\u0111iva\u010dem<br>Me\u0111uobrok<br>&#8211; 125 ml nemasnog jogurta bez \u0161e\u0107era<br>Ru\u010dak<br>Mediteranska salata od piletine<br>Salata:<br>&#8211; 1\/2 kg pile\u0107ih prsa bez ko\u017ee i kostiju<br>&#8211; 2 \u017elice ekstra djevi\u010danskog maslinova ulja<br>&#8211; 2 \u0161alice pripremljenog bulgura (olju\u0161tenog i drobljenog p\u0161eni\u010dnog zrna)<br>&#8211; 1 i 1\/2 \u0161alica na kockice narezanih krastavaca<br>&#8211; 1 i 1\/2 \u0161alica na kockice narezane raj\u010dice<br>&#8211; 1 \u0161alica kosanog mladog luka<br>&#8211; 1\/2 \u0161alice nasjeckanog svje\u017eeg per\u0161ina<br>&#8211; listovi zelene salate<br>Preljev:<br>&#8211; 1\/2 \u0161alice kupovnog talijanskog preljeva za salatu s niskim udjelom \u0161e\u0107era<br>&#8211; 1 \u017elica umaka od kajenskog papra<br>&#8211; 1\/2 lice osu\u0161enih listova metvice<br>&#8211; 1 \u017elica goru\u0161i\u010dinog praha<\/p>\n\n\n\n<p>Priprema: U tavi pecite piletinu na ulju na srednje jakoj vatri osam do deset minuta, odnosno dok piletina ne omek\u0161a i izgubi ru\u017ei\u010dastu boju. \u010cesto okre\u0107ite kako bi ravnomjerno dobila sme\u0111u boju. Izvadite piletinu iz tave. Nare\u017eite na tanke kockice veli\u010dine zalogaja. Neka se ohladi, a zatim je stavite u hladnjak.<\/p>\n\n\n\n<p>Kada se sasvim ohladi, piletinu pomije\u0161ajte s bulgurom, krastavcima, raj\u010dicom, lukom i per\u0161inom u zdjeli. Poslu\u017eite na listovima zelene salate i po\u0161kropite preljevom.<\/p>\n\n\n\n<p><strong>3. FAZA<\/strong><\/p>\n\n\n\n<p>Predstavlja o\u010duvanje postignute te\u017eine, a trebala bi trajati cijeli \u017eivot. Dr. Agatston isti\u010de kako je razumljivo da se ne mo\u017eemo uvijek dr\u017eati zadanih strogih pravila, zbog \u010dega pravila u ovoj fazi dijete vi\u0161e nisu tako kruta. Ponekad je dopu\u0161teno po\u010dastiti se sladoledom ili omiljenim kola\u010dem ako i dalje svjesno vodimo brigu o vlastitom zdravlju.<\/p>\n\n\n\n<p>Povratak na glavnu stranicu<a href=\"https:\/\/covermagazin.com\/?page_id=26929\"> dijeta<\/a><\/p>\n\n\n\n<figure class=\"wp-block-embed is-type-wp-embed is-provider-cover-magazin-com wp-block-embed-cover-magazin-com\"><div class=\"wp-block-embed__wrapper\">\n<blockquote class=\"wp-embedded-content\" data-secret=\"NK1rVVk4i8\"><a href=\"https:\/\/covermagazin.com\/?page_id=26929\">30 vrsta dijeta za mr\u0161avljenje s planovima dijeta<\/a><\/blockquote><iframe loading=\"lazy\" class=\"wp-embedded-content\" sandbox=\"allow-scripts\" security=\"restricted\" style=\"position: absolute; clip: rect(1px, 1px, 1px, 1px);\" title=\"&#8220;30 vrsta dijeta za mr\u0161avljenje s planovima dijeta&#8221; &#8212; COVERmagazin.com\" src=\"https:\/\/covermagazin.com\/?page_id=26929&#038;embed=true#?secret=38vl8rpOwQ#?secret=NK1rVVk4i8\" data-secret=\"NK1rVVk4i8\" width=\"500\" height=\"282\" frameborder=\"0\" marginwidth=\"0\" marginheight=\"0\" scrolling=\"no\"><\/iframe>\n<\/div><\/figure>\n","protected":false},"excerpt":{"rendered":"<p>South beach dijeta Prema nazivu mo\u017eete zaklju\u010diti kako se radi o dijeti \u201eju\u017ene pla\u017ee\u201c, a autor je poznati kardiolog dr. Arthur Agatston. South Beach je ameri\u010dka \u010detvrt poznata po zgodnim \u017eenama i mu\u0161karcima. Prepoznatljiva po pla\u017eama i glamuroznim doga\u0111anjima oko popularnih no\u0107nih klubova i restorana proslavljenih kuhara. Ne \u010dudi kako je ovo popularna dijeta, jer [&hellip;]<\/p>\n","protected":false},"author":1,"featured_media":39508,"parent":26929,"menu_order":0,"comment_status":"closed","ping_status":"closed","template":"","meta":{"footnotes":"","_links_to":"","_links_to_target":""},"class_list":["post-27606","page","type-page","status-publish","has-post-thumbnail","hentry"],"_links":{"self":[{"href":"https:\/\/covermagazin.com\/index.php?rest_route=\/wp\/v2\/pages\/27606","targetHints":{"allow":["GET"]}}],"collection":[{"href":"https:\/\/covermagazin.com\/index.php?rest_route=\/wp\/v2\/pages"}],"about":[{"href":"https:\/\/covermagazin.com\/index.php?rest_route=\/wp\/v2\/types\/page"}],"author":[{"embeddable":true,"href":"https:\/\/covermagazin.com\/index.php?rest_route=\/wp\/v2\/users\/1"}],"replies":[{"embeddable":true,"href":"https:\/\/covermagazin.com\/index.php?rest_route=%2Fwp%2Fv2%2Fcomments&post=27606"}],"version-history":[{"count":7,"href":"https:\/\/covermagazin.com\/index.php?rest_route=\/wp\/v2\/pages\/27606\/revisions"}],"predecessor-version":[{"id":62719,"href":"https:\/\/covermagazin.com\/index.php?rest_route=\/wp\/v2\/pages\/27606\/revisions\/62719"}],"up":[{"embeddable":true,"href":"https:\/\/covermagazin.com\/index.php?rest_route=\/wp\/v2\/pages\/26929"}],"wp:featuredmedia":[{"embeddable":true,"href":"https:\/\/covermagazin.com\/index.php?rest_route=\/wp\/v2\/media\/39508"}],"wp:attachment":[{"href":"https:\/\/covermagazin.com\/index.php?rest_route=%2Fwp%2Fv2%2Fmedia&parent=27606"}],"curies":[{"name":"wp","href":"https:\/\/api.w.org\/{rel}","templated":true}]}}