{"id":27454,"date":"2025-02-11T11:01:02","date_gmt":"2025-02-11T09:01:02","guid":{"rendered":"http:\/\/covermagazin.com\/?page_id=27454"},"modified":"2025-02-11T11:01:10","modified_gmt":"2025-02-11T09:01:10","slug":"valentinovo-ideje-za-najljepse-valentinovo","status":"publish","type":"page","link":"https:\/\/covermagazin.com\/?page_id=27454","title":{"rendered":"Valentinovo: Ideje za najljep\u0161e Valentinovo"},"content":{"rendered":"\n<figure class=\"wp-block-image size-full\"><img loading=\"lazy\" decoding=\"async\" width=\"600\" height=\"400\" src=\"https:\/\/covermagazin.com\/wp-content\/uploads\/2025\/01\/ideje-za-valentinovo.jpg\" alt=\"\" class=\"wp-image-73875\" srcset=\"https:\/\/covermagazin.com\/wp-content\/uploads\/2025\/01\/ideje-za-valentinovo.jpg 600w, https:\/\/covermagazin.com\/wp-content\/uploads\/2025\/01\/ideje-za-valentinovo-382x255.jpg 382w\" sizes=\"auto, (max-width: 600px) 100vw, 600px\" \/><\/figure>\n\n\n\n<h2 class=\"wp-block-heading\">Valentinovo &#8211; Ideje za najljep\u0161e Valentinovo<\/h2>\n\n\n\n<p>Iako \u0107e mnogi komentirati kako je Valentinovo ili Dan zaljubljenih produkt ameri\u010dkog potro\u0161a\u010dkog dru\u0161tva, te da je dan izmi\u0161ljen kako bi trgovci zaradili na poklonima i izme\u0111u Bo\u017ei\u0107a i Uskrsa, ovaj praznik je zaista tradicionalan, a svoje korijene vu\u010de jo\u0161 iz Rimskog doba, iz pastirske sve\u010danosti Luperkalije.<\/p>\n\n\n\n<h3 class=\"wp-block-heading\">\u0160to je Valentinovo i za\u0161to ga slavimo?<\/h3>\n\n\n\n<p>U Rimsko doba 15. velja\u010de obilje\u017eavala se sve\u010danost u \u010dast boga Lupercusa, za\u0161titnika stada i pastira, ali i plodnosti. Uz narodnu proslavu i veselje taj dan je imao i posebnu tradiciju prema kojoj su na komadi\u0107e papira ispisivana imena djevojaka i stavljana u vr\u010d, a papiri\u0107 koji bi pojedini mladi\u0107 izvukao trebao je biti naznaka koja \u0107e djevojka kasnije postati njegova supruga.<\/p>\n\n\n\n<p>Dana\u0161nje Valentinovo ili Dan zaljubljenih koje slavimo 14. velja\u010de, prema predaji, nastao je u 3. st. u Rimskom carstvu. Car Klaudije II. izdao je naredbu prema kojoj vojnicima nije bila dopu\u0161tena \u017eenidba, jer je smatrao kako bi se tada vojnici vi\u0161e vezali za svoje obitelji i bili bi manje voljni odlaziti u ratove i boriti se u njima.<\/p>\n\n\n\n<p>Svi sve\u0107enici osim jednoga \u2013 Valentina po\u0161tovali su carevu odluku. On je naime potajno vr\u0161io vjen\u010danja mladih parova sve dok ga nisu otkrili i stavili u tamnicu. 14. velja\u010de, ve\u010der uo\u010di proslave Luperkalija Valentno je pogubljen, ali nedugo zatim narod ga je proglasio svecem.<\/p>\n\n\n\n<h4 class=\"wp-block-heading\"><strong>Valentinovo &#8211; Dan zaljubljenih<\/strong><\/h4>\n\n\n\n<p>Kada se kr\u0161\u0107anstvo razvilo i kada su se definirali blagdani odlu\u010deno je da se Luperkalije i Dan sv. Valentina spoje u jedan. Luperkalije je s vremenom izgubio zna\u010daj, a Valentinovo je preuzelo dominaciju.&nbsp; Ipak, 1969. revizijom katoli\u010dkog kalendara odlu\u010deno je kako Dan sv. Valentina ne\u0107e biti vi\u0161e bilje\u017een u op\u0107em kalendaru, te da \u0107e njegovo upisivanje u kalendar ovisiti o nacionalnim ili lokalnim katoli\u010dkim zajednicama s obja\u0161njenjem: &#8220;Iako je uspomena na sv. Valentina drevna, o njemu se ni\u0161ta pouzdano ne zna osim da je spaljen na Via Flaminia 14. velja\u010de&#8221;.<\/p>\n\n\n\n<p>Navodno, i sam obi\u010daj slanja \u010destitki na Valentinovo potje\u010de od svetog Valentina. Me\u0111utim i tu nalazimo dva razli\u010dita tuma\u010denja. Prema prvom sv. Valentin je iz tamnice poslao pismo djevojci u koju je navodno bio zaljubljen. Pismo je potpisao s \u201etvoj Valentin\u201c.<\/p>\n\n\n\n<p>Prema drugom tuma\u010denju, dok je sv. Valentin bio u zatvoru ljudi su mu ostavljali skrivene poruke oko njegove tamnice ili ih krijum\u010darili u \u0107eliju. Kada bi ih sv. Valentin prona\u0161ao on bi se molio za osobe koje su ih pisale.<\/p>\n\n\n\n<figure class=\"wp-block-image\"><img loading=\"lazy\" decoding=\"async\" width=\"600\" height=\"398\" src=\"https:\/\/covermagazin.com\/wp-content\/uploads\/2021\/01\/Valentinovo.jpg\" alt=\"Valentinovo - Ideje za najljep\u0161e Valentinovo\" class=\"wp-image-51658\" srcset=\"https:\/\/covermagazin.com\/wp-content\/uploads\/2021\/01\/Valentinovo.jpg 600w, https:\/\/covermagazin.com\/wp-content\/uploads\/2021\/01\/Valentinovo-382x253.jpg 382w, https:\/\/covermagazin.com\/wp-content\/uploads\/2021\/01\/Valentinovo-300x200.jpg 300w\" sizes=\"auto, (max-width: 600px) 100vw, 600px\" \/><\/figure>\n\n\n\n<h3 class=\"wp-block-heading\">10 koraka do savr\u0161enog Valentinova<\/h3>\n\n\n\n<p><strong>1 &#8211; Kupite \u010destitku na vrijeme.<\/strong> No, ne zaboravite da je kupnja \u010destitke samo po\u010detak. Va\u017enije je ono \u0161to \u0107ete unutra napisati. Iskoristite ovu priliku da poka\u017eete partneru za\u0161to vam je toliko stalo do njega, \u0161to vam se najvi\u0161e svi\u0111a na njemu i koliko cijenite va\u0161u vezu.<\/p>\n\n\n\n<p>2 &#8211; Najlak\u0161e je kupiti ne\u0161to univerzalno \u0161to svima odgovara, kao \u0161to je bombonijera ili cvije\u0107e, no <strong>poku\u0161ajte napraviti ne\u0161to druga\u010dije<\/strong> i \u0161to \u0107e stvarno odu\u0161eviti va\u0161eg partnera. Kod izbora poklona za Valentinovo dobro razmislite \u0161to va\u0161 partner voli i \u0161to ga posebno veseli pa mu to i priu\u0161tite.<\/p>\n\n\n\n<p>3 &#8211; <strong>Darovi jesu lijepi, ali do\u017eivljaji su ono \u0161to pamtimo<\/strong>. Za Valentinovo organizirajte dan po partnerovom ukusu. Vodite ga na mjesta koja voli i tako \u0107ete mu na najljep\u0161i na\u010din pokazati koliko ga vi volite.<\/p>\n\n\n\n<p>4 &#8211; <strong>Planirajte i jedno posebno iznena\u0111enje.<\/strong> Bitno je da odmah ujutro napomenete da \u0107e za Valentinovo biti neko iznena\u0111enje. Tako \u0107e va\u0161 partner cijeli dan razmi\u0161ljati o tome i znati\u017eeljno i\u0161\u010dekivati. To ne mora biti ni\u0161ta skupo. Mo\u017ee \u010dak biti i ve\u010dera uz svije\u0107e. Samo neka je ne\u0161to \u0161to ne\u0107e mo\u0107i predvidjeti.<\/p>\n\n\n\n<p>5 &#8211; Ako \u017eelite da vam taj dan, Valentinovo, bude posebno romanti\u010dan onda \u0107ete se <strong>morati posebno potruditi i oko okru\u017eenja<\/strong>. Prigu\u0161ite svjetla, upalite mirisne svije\u0107e, pustite laganu muziku\u2026 Morate na sve misliti.<\/p>\n\n\n\n<p>6 &#8211; Ve\u0107 unaprijed razgovarajte s partnerom. \u0160to on o\u010dekuje i \u017eeli li uop\u0107e da zajedno proslavite <strong>Valentinovo<\/strong>?! Neki ljudi jednostavno to ne vole i ni\u0161ta ne\u0107ete mo\u0107i napraviti da mu ugodite. No, ako vidite da mu je stalo, onda se vrijedi potruditi.<\/p>\n\n\n\n<p>7 &#8211; Nikako nemojte razgovarati o poslu i problemima. <strong>Pri\u010dajte samo o laganim temama i u\u017eivajte u opu\u0161tenoj atmosferi.<\/strong> Poka\u017eite partneru koliko vam je stalo. Valentinovo sigurno nije za prekrivanje i potiskivanje osje\u0107aja.<\/p>\n\n\n\n<p>8 &#8211; Ako ve\u0107 unaprijed planirate zajedni\u010dki \u017eivot, zajedno postati skrbnici psa ili mo\u017eda zaru\u010diti se, onda to napravite na taj dan. Produbite svoju ljubav i<strong> ovo Valentinovo \u0107e vam ostati u pam\u0107enju<\/strong> dugo vremena.<\/p>\n\n\n\n<p>9 &#8211; Ni\u0161ta nije toliko romanti\u010dno kao \u0161to je dijeljenje ve\u010dere ili \u010dak deserta. Valentinovo je savr\u0161ena prilika. <strong>U\u017eivajte zajedno u hrani koju volite<\/strong> i ljubavne iskre \u0107e se rasplamsati.<\/p>\n\n\n\n<p>10 &#8211; Valentinovo je pravi dan da <strong>zajedno porazgovarate o va\u0161oj vezi<\/strong>. Sjetite se svih lijepih stvari koje su vam se dogodile zajedno i ma\u0161tajte o onome \u0161to bi se trebalo dogoditi u budu\u0107nosti. Podsjetite se za\u0161to ste zajedno i za\u0161to se volite. U\u017eivajte u svakom zajedni\u010dki provedenom trenutku.<\/p>\n\n\n\n<figure class=\"wp-block-image\"><img loading=\"lazy\" decoding=\"async\" width=\"450\" height=\"296\" src=\"https:\/\/covermagazin.com\/wp-content\/uploads\/2021\/01\/Valentinovo-pokloni.jpg\" alt=\"Valentinovo - Ideje za najljep\u0161e Valentinovo\" class=\"wp-image-51659\" srcset=\"https:\/\/covermagazin.com\/wp-content\/uploads\/2021\/01\/Valentinovo-pokloni.jpg 450w, https:\/\/covermagazin.com\/wp-content\/uploads\/2021\/01\/Valentinovo-pokloni-382x251.jpg 382w\" sizes=\"auto, (max-width: 450px) 100vw, 450px\" \/><\/figure>\n\n\n\n<h4 class=\"wp-block-heading\"><a href=\"https:\/\/m-stil.covermagazin.com\/?p=9817\">Ideje \u0161to sve mo\u017eete pokloniti za Valentinovo<\/a><\/h4>\n\n\n\n<p>&#8211; srda\u010dne \u010destitke,<br>&#8211; cvije\u0107e,<br>&#8211; romanti\u010dan izlet,<br>&#8211; veliko \u010dokoladno srce,<br>&#8211; torbica u obliku srca,<br>&#8211; knjiga ljubavnih pjesama,<br>&#8211; ko\u0161ulja ili majica jednaka za nju i njega,<br>&#8211; narukvica s datumom susreta,<br>&#8211; ogrlica ili narukvica sastavljena od malih srdaca,<br>&#8211; prsten u obliku vrpce s napisanom nekom ljubavnom re\u010denicom,<br>&#8211; velika kutija u obliku srca,<br>&#8211; CD ljubavnih pjesama,<br>&#8211; ma\u010dkica ili neka druga \u017eivotinja,<br>&#8211; par smije\u0161nih papu\u010da,<br>&#8211; mali srebrni okvir u obliku srca,<br>&#8211; probu\u0161ena \u0161koljka vezana srebrnim ili zlatnim lan\u010di\u0107em.<\/p>\n\n\n\n<figure class=\"wp-block-embed is-type-wp-embed is-provider-m-stil wp-block-embed-m-stil\"><div class=\"wp-block-embed__wrapper\">\n<blockquote class=\"wp-embedded-content\" data-secret=\"rXowjynfVf\"><a href=\"https:\/\/m-stil.covermagazin.com\/?p=9817\">Pokloni za \u017eene za Valentinovo prema du\u017eini veze<\/a><\/blockquote><iframe loading=\"lazy\" class=\"wp-embedded-content\" sandbox=\"allow-scripts\" security=\"restricted\" style=\"position: absolute; visibility: hidden;\" title=\"&#8220;Pokloni za \u017eene za Valentinovo prema du\u017eini veze&#8221; &#8212; M stil\" src=\"https:\/\/m-stil.covermagazin.com\/?p=9817&#038;embed=true#?secret=svM0GcwvAg#?secret=rXowjynfVf\" data-secret=\"rXowjynfVf\" width=\"500\" height=\"282\" frameborder=\"0\" marginwidth=\"0\" marginheight=\"0\" scrolling=\"no\"><\/iframe>\n<\/div><\/figure>\n\n\n\n<h3 class=\"wp-block-heading\">&nbsp;Valentinovo za one koji nisu u vezi<\/h3>\n\n\n\n<p>Neki od vas \u0107e primiti \u010destitke, razglednice, cvije\u0107e i poklone ili jednostavno dan pun ljubavi sa svojim najdra\u017eim ili najdra\u017eom, te obe\u0107anja vje\u010dne ljubavi.<\/p>\n\n\n\n<p>S druge strane mnogo je onih kojima je Valentinovo dan u kojem se osje\u0107aju najusamljenijima. Gledaju\u0107i druge kako s ponosom pokazuju svoje poklone, pri\u010daju o planovima, javljaju im se nekakvi osje\u0107aji tuge pomije\u0161ane s ljutnjom. Njihovo \u00absoliranje\u00bb im se \u010dini mnogo te\u017eim nego \u0161to je bilo dan prije.<\/p>\n\n\n\n<p>Vi koji ste zaljubljeni, \u017eelim vam najljep\u0161e Valentinovo!<\/p>\n\n\n\n<p>A za vas, koji ste sami ili u vezi u kojoj se nema mnogo toga za slaviti, imam ne\u0161to!<\/p>\n\n\n\n<p>Nije ba\u0161 materijalno ali je vrijedno.<\/p>\n\n\n\n<p>Pametne misli iz kojih bi trebali izvu\u0107i pouku i u\u010diniti si Valentinovo, ali i ostatak godine \u0161to ljep\u0161im.<\/p>\n\n\n\n<p>\u00abPustiti nekoga, koga vrlo iskreno volite, da ode je&nbsp; izazov s kojim se je te\u0161ko suo\u010diti, ali kada jednom shvatite da ne mo\u017eete natjerati nekog da vas voli, shvatit \u0107ete da ostati u vezi ili zadr\u017eavati na silu nekoga pokraj sebe, rastu\u017euje vi\u0161e od samo\u0107e!<br>Napustite li nekog takvog, napustit \u0107ete i misao da ne mo\u017eete prona\u0107i pravu ljubav, napustit \u0107ete misao da niste vrijedni istinske ljubavi i najva\u017enije, vas \u0107e napustiti strah od samo\u0107e!\u00bb<\/p>\n\n\n\n<p>\u00abBiti sam nije lako, ali je te\u017ee odr\u017eavati vezu s nekim tko je ne \u017eeli, tolerirati partnera koji vas ne tolerira, razumijevati nekog tko vas ne razumije, po\u0161tovati&nbsp; nekog tko vas ne po\u0161tuje&nbsp; ili&nbsp; zavoditi nekoga tko ne pokazuje nikakvo zanimanje za vas.\u00bb<\/p>\n\n\n\n<p>\u00abMo\u017eete izabrati vjerovati da ste dovoljno vrijedni i posebni, da mo\u017eete prona\u0107i vezu koja vas potpuno ispunjava.<br>Mo\u017eete izabrati kome dajete svoju ljubav i mo\u017eete izabrati re\u0107i ne. Ili mo\u017eete izabrati biti jadni\u00bb<\/p>\n\n\n\n<p>Bilo da vam nedostaje biv\u0161i, prolazite kroz razvod ili rastavu, ili ste ve\u0107 dugo, dugo usamljeni i nemate nikog \u2013 Ne dopustite da vas lijep blagdan poput Valentinova rastu\u017ei.<\/p>\n\n\n\n<p>To je dan koji bi vam trebao vratiti vjeru u sebe i u ljubav, otjerati usamljenost, te vratiti nadu i optimizam. To je blagdan ljubavi, a ne vanjskog manifestiranja i istovremenog skrivanja.<\/p>\n\n\n\n<p>Svaka minuta, svaki dan mo\u017ee biti ba\u0161 onaj u kojem \u0107e se sve promijeniti. I sami znate da se sve de\u0161ava i kre\u0107e u onom smjeru kojem to najmanje o\u010dekujete.&nbsp; Zato vjerujte i nadajte se\u2026<\/p>\n\n\n\n<p>Vezani \u010dlanci uz temu &#8211; Valentinovo &#8211; :<\/p>\n\n\n\n<figure class=\"wp-block-embed is-type-wp-embed is-provider-cover-magazin-com wp-block-embed-cover-magazin-com\"><div class=\"wp-block-embed__wrapper\">\n<blockquote class=\"wp-embedded-content\" data-secret=\"m3wAsd0dl7\"><a href=\"https:\/\/covermagazin.com\/?p=51570\">Za koliko dana je Valentinovo 2025.<\/a><\/blockquote><iframe loading=\"lazy\" class=\"wp-embedded-content\" sandbox=\"allow-scripts\" security=\"restricted\" style=\"position: absolute; visibility: hidden;\" title=\"&#8220;Za koliko dana je Valentinovo 2025.&#8221; &#8212; COVER magazin.com  \" src=\"https:\/\/covermagazin.com\/?p=51570&#038;embed=true#?secret=QaWBsyHVi8#?secret=m3wAsd0dl7\" data-secret=\"m3wAsd0dl7\" width=\"500\" height=\"282\" frameborder=\"0\" marginwidth=\"0\" marginheight=\"0\" scrolling=\"no\"><\/iframe>\n<\/div><\/figure>\n\n\n\n<figure class=\"wp-block-embed is-type-wp-embed is-provider-m-stil wp-block-embed-m-stil\"><div class=\"wp-block-embed__wrapper\">\n<blockquote class=\"wp-embedded-content\" data-secret=\"rXowjynfVf\"><a href=\"https:\/\/m-stil.covermagazin.com\/?p=9817\">Pokloni za \u017eene za Valentinovo prema du\u017eini veze<\/a><\/blockquote><iframe loading=\"lazy\" class=\"wp-embedded-content\" sandbox=\"allow-scripts\" security=\"restricted\" style=\"position: absolute; visibility: hidden;\" title=\"&#8220;Pokloni za \u017eene za Valentinovo prema du\u017eini veze&#8221; &#8212; M stil\" src=\"https:\/\/m-stil.covermagazin.com\/?p=9817&#038;embed=true#?secret=svM0GcwvAg#?secret=rXowjynfVf\" data-secret=\"rXowjynfVf\" width=\"500\" height=\"282\" frameborder=\"0\" marginwidth=\"0\" marginheight=\"0\" scrolling=\"no\"><\/iframe>\n<\/div><\/figure>\n\n\n\n<figure class=\"wp-block-embed is-type-wp-embed is-provider-cover-magazin-com wp-block-embed-cover-magazin-com\"><div class=\"wp-block-embed__wrapper\">\n<blockquote class=\"wp-embedded-content\" data-secret=\"irFhH817Ff\"><a href=\"https:\/\/covermagazin.com\/?p=43886\">Ideje za poklone za Valentinovo ili Dan zaljubljenih<\/a><\/blockquote><iframe loading=\"lazy\" class=\"wp-embedded-content\" sandbox=\"allow-scripts\" security=\"restricted\" style=\"position: absolute; visibility: hidden;\" title=\"&#8220;Ideje za poklone za Valentinovo ili Dan zaljubljenih&#8221; &#8212; COVER magazin.com  \" src=\"https:\/\/covermagazin.com\/?p=43886&#038;embed=true#?secret=P5NF5s7Or7#?secret=irFhH817Ff\" data-secret=\"irFhH817Ff\" width=\"500\" height=\"282\" frameborder=\"0\" marginwidth=\"0\" marginheight=\"0\" scrolling=\"no\"><\/iframe>\n<\/div><\/figure>\n","protected":false},"excerpt":{"rendered":"<p>Valentinovo &#8211; Ideje za najljep\u0161e Valentinovo Iako \u0107e mnogi komentirati kako je Valentinovo ili Dan zaljubljenih produkt ameri\u010dkog potro\u0161a\u010dkog dru\u0161tva, te da je dan izmi\u0161ljen kako bi trgovci zaradili na poklonima i izme\u0111u Bo\u017ei\u0107a i Uskrsa, ovaj praznik je zaista tradicionalan, a svoje korijene vu\u010de jo\u0161 iz Rimskog doba, iz pastirske sve\u010danosti Luperkalije. \u0160to je [&hellip;]<\/p>\n","protected":false},"author":1,"featured_media":73875,"parent":0,"menu_order":0,"comment_status":"closed","ping_status":"closed","template":"","meta":{"footnotes":"","_links_to":"","_links_to_target":""},"class_list":["post-27454","page","type-page","status-publish","has-post-thumbnail","hentry"],"_links":{"self":[{"href":"https:\/\/covermagazin.com\/index.php?rest_route=\/wp\/v2\/pages\/27454","targetHints":{"allow":["GET"]}}],"collection":[{"href":"https:\/\/covermagazin.com\/index.php?rest_route=\/wp\/v2\/pages"}],"about":[{"href":"https:\/\/covermagazin.com\/index.php?rest_route=\/wp\/v2\/types\/page"}],"author":[{"embeddable":true,"href":"https:\/\/covermagazin.com\/index.php?rest_route=\/wp\/v2\/users\/1"}],"replies":[{"embeddable":true,"href":"https:\/\/covermagazin.com\/index.php?rest_route=%2Fwp%2Fv2%2Fcomments&post=27454"}],"version-history":[{"count":15,"href":"https:\/\/covermagazin.com\/index.php?rest_route=\/wp\/v2\/pages\/27454\/revisions"}],"predecessor-version":[{"id":74063,"href":"https:\/\/covermagazin.com\/index.php?rest_route=\/wp\/v2\/pages\/27454\/revisions\/74063"}],"wp:featuredmedia":[{"embeddable":true,"href":"https:\/\/covermagazin.com\/index.php?rest_route=\/wp\/v2\/media\/73875"}],"wp:attachment":[{"href":"https:\/\/covermagazin.com\/index.php?rest_route=%2Fwp%2Fv2%2Fmedia&parent=27454"}],"curies":[{"name":"wp","href":"https:\/\/api.w.org\/{rel}","templated":true}]}}