{"id":27337,"date":"2024-01-11T14:31:59","date_gmt":"2024-01-11T12:31:59","guid":{"rendered":"http:\/\/covermagazin.com\/?page_id=27337"},"modified":"2024-01-11T14:31:59","modified_gmt":"2024-01-11T12:31:59","slug":"numerologija-znacenje-imena","status":"publish","type":"page","link":"https:\/\/covermagazin.com\/?page_id=27337","title":{"rendered":"Numerologija &#8211; zna\u010denje imena"},"content":{"rendered":"\n<p><a href=\"https:\/\/covermagazin.com\/wp-content\/uploads\/2020\/06\/numerologija-znacenje_imena.jpg\"><img loading=\"lazy\" decoding=\"async\" width=\"600\" height=\"401\" class=\"alignnone size-full wp-image-39900\" src=\"https:\/\/covermagazin.com\/wp-content\/uploads\/2020\/06\/numerologija-znacenje_imena.jpg\" alt=\"\" srcset=\"https:\/\/covermagazin.com\/wp-content\/uploads\/2020\/06\/numerologija-znacenje_imena.jpg 600w, https:\/\/covermagazin.com\/wp-content\/uploads\/2020\/06\/numerologija-znacenje_imena-300x201.jpg 300w, https:\/\/covermagazin.com\/wp-content\/uploads\/2020\/06\/numerologija-znacenje_imena-576x384.jpg 576w\" sizes=\"auto, (max-width: 600px) 100vw, 600px\" \/><\/a><\/p>\n\n\n\n<h2 class=\"wp-block-heading\">Numerologija &#8211; zna\u010denje imena<\/h2>\n\n\n\n<p>Vjerojatno se svaka osoba bar jednom zapitala ima li u njenom imenu nekog skrivenog zna\u010denja. Sigurno ve\u0107 znate da svako ime samo po sebi ne\u0161to zna\u010di i nosi posebnu simboliku, ali i s numerolo\u0161kog stajali\u0161ta svako ime ima posebno zna\u010denje. Numerologija imena nudi fascinantnu perspektivu u posebno zna\u010denje svakog imena. Pridaju\u0107i numeri\u010dke vrijednosti slovima imena numerologija mo\u017ee pomo\u0107i identificirati neke osobine koje dalje mogu biti vodi\u010d za osobni razvoj.<\/p>\n\n\n\n<p>Svako ime odra\u017eava karakteristike, svako slovo je vezano uz neki broj&#8230;<\/p>\n\n\n\n<p>A, I, J, = 1<br>B, K, R =2<br>C, G, L, S, \u0106, \u010c, \u0160, LJ =3<br>D, M, T, \u0110, D\u017d =4<br>E, H, N, NJ, X =5<br>U, V =6<br>O, Z, \u017d =7<br>F, P = 8<\/p>\n\n\n\n<p>Napi\u0161ite svoje ime i prema tabeli iznad svakom slovu pridru\u017eite odgovaraju\u0107i broj, potom sve zbrojite, ako ste dobili vi\u0161eznamenkasti broj, opet ih zbrojite dok ne dobijete broj od 1 \u2013 9<\/p>\n\n\n\n<p>ANA IVI\u0106<br>1+5+1+1+6+1+3=1+8=9<\/p>\n\n\n\n<p><strong>Zna\u010denje brojeva u imenu je<\/strong><\/p>\n\n\n\n<p>1 \u2013 Osoba koja ima ovaj broj je jaka, ponekad \u010dak i egoist, uvijek polazi od sebe. Ima visoku inteligenciju, predodre\u0111ena je na sre\u0107u. \u017divahna je, ali ponekad zbog osje\u0107aja djeluje rastrojeno.<\/p>\n\n\n\n<p>2 \u2013 Ovaj broj nosi sre\u0107u i zadovoljstvo, radi se o dare\u017eljivoj i strastvenoj osobi. To su osje\u0107ajne osobe, sentimentalne i jako romanti\u010dne.<\/p>\n\n\n\n<p>3 \u2013 Ovo je uzvi\u0161eni broj i osoba koja ga ima je \u010desto predodre\u0111ena na velike stvari. To su jako inteligentne osobe, produhovljene, te \u010desto kao da imaju tre\u0107e \u010dulo. Oni neke stvari znaju unaprijed, predosjete i nerijetko slu\u017ee za preno\u0161enje poruka \u010dovje\u010danstvu. U pravilu njih o\u010dekuje \u00abvelika sudbina\u00bb.<\/p>\n\n\n\n<p>4 \u2013 Ovaj broj predstavlja solidarnost, obvezu, potpunu zaokupljenost osobe koja ga nosi. Takve osobe su profesionalci, intelektualci. Njihova prednost je slobodoumnost, bez tabua su. To su kompleksne osobe, izvrsni prijatelji, partneri, djeca, roditelji. Na njih mo\u017eete ra\u010dunati.<\/p>\n\n\n\n<p>5 \u2013 Dru\u0161tvene osobe, pravi svjetski putnici. Vole slobodu, dru\u017eenje, kretanje. Njima najbolje odgovara \u017eivot u velikom gradu, posao u kojem \u0107e komunicirati s puno ljudi. Osim lako\u0107e u komuniciranju odlikuje ih \u0161to su \u017eivahni, veseli i znaju u\u017eivati u \u017eivotu.<\/p>\n\n\n\n<p>6 \u2013 Ovaj broj je vezan uz posao, takve osobe su sposobne, uvijek dobro pripremljene, organizirane, \u010desto inteligentne. Odgovorni su roditelji, a le\u017ee im profesorska zanimanja.<\/p>\n\n\n\n<p>7 \u2013 Ovaj broj se \u010desto ve\u017ee uz muze i njihova umjetni\u010dka nadahnu\u0107a. Osobe ovog broja umjetni\u010dke su du\u0161e. Ho\u0107e li se baviti slikarstvom, glazbom ili ne\u010dim sli\u010dnim nije va\u017eno, bitno da su u umjetnosti. Definitivno se me\u0111u njima kriju najve\u0107i umjetnici. Pored smisla za lijepo, ove osobe su \u010desto i fizi\u010dki vrlo dobrog izgleda.<\/p>\n\n\n\n<p>8 \u2013 Ovo je karmi\u010dki broj, \u010desto osobe ovog broja \u017eive druga\u010dije, skoro drugi \u017eivot. Smireni, \u010desto povu\u010deni, svoj privatni \u017eivot i misli dr\u017ee za sebe, skrivaju od okoline. \u010cesto su obavijena velom tajne.<\/p>\n\n\n\n<p>9 \u2013 Ove osobe trebaju puno prostora, vole avanture, rizik&#8230; Oni u\u017eivaju u \u017eivotu. \u010cesto su<br>revolucionarni, posebni, druga\u010diji i di\u017eu glas za reforme, za novi na\u010din \u017eivota, uvijek \u017eele promjene, ne\u0161to druga\u010dije i ne\u0161to novo.<\/p>\n\n\n\n<p>Numerologija imena je temeljena na matematici i vezanosti slova uz odre\u0111eni broj. Brojevi u ne\u010dijem imenu zbrojno daju uvid u ne\u010diju osobnost, ali i pojedina\u010dni brojevi od kojih je ime satkano mogu davati uvid u razli\u010dite aspekte ne\u010dijeg karaktera i svega onoga \u0161to \u010dini osobu onim \u0161to ona jest. Istra\u017euju\u0107i zna\u010denje svakog pojedinog broja u imenu numerologija vam mo\u017ee dati uvid u nutrinu vlastite osobnosti i \u017eivotnog puta.<\/p>\n\n\n\n<figure class=\"wp-block-embed is-type-wp-embed is-provider-cover-magazin-com wp-block-embed-cover-magazin-com\"><div class=\"wp-block-embed__wrapper\">\n<blockquote class=\"wp-embedded-content\" data-secret=\"LfziNcYjFu\"><a href=\"https:\/\/covermagazin.com\/?page_id=27314\">Numerologija &#8211; zna\u010denje brojeva<\/a><\/blockquote><iframe loading=\"lazy\" class=\"wp-embedded-content\" sandbox=\"allow-scripts\" security=\"restricted\" style=\"position: absolute; clip: rect(1px, 1px, 1px, 1px);\" title=\"&#8220;Numerologija &#8211; zna\u010denje brojeva&#8221; &#8212; COVERmagazin.com\" src=\"https:\/\/covermagazin.com\/?page_id=27314&#038;embed=true#?secret=ejRuDAbKUK#?secret=LfziNcYjFu\" data-secret=\"LfziNcYjFu\" width=\"500\" height=\"282\" frameborder=\"0\" marginwidth=\"0\" marginheight=\"0\" scrolling=\"no\"><\/iframe>\n<\/div><\/figure>\n\n\n\n<p>Ne\u0107e u svakoj numerolo\u0161koj tablici istim brojevima biti pridodano isto slovo, ali uspore\u0111uju\u0107i razli\u010dite numerlolo\u0161ke sustave prona\u0107i \u0107ete prikladnu metodu koja odgovara va\u0161im preferencijama. Kod izra\u010duna zna\u010denja imena bitno je da se razumije temeljni proces zbrajanja i na\u010din na koji se ra\u010duna temeljni broj iz kojeg se izvodi zna\u010denje. Razumijevaju\u0107i temelje koji se nalaze iza numerologije mo\u017eete iskoristiti potencijale koje vje\u0161tina razumijevanja brojeva nudi, a sve u kona\u010dnici mo\u017ee voditi do osobnog rasta i uspjeha.<\/p>\n","protected":false},"excerpt":{"rendered":"<p>Numerologija &#8211; zna\u010denje imena Vjerojatno se svaka osoba bar jednom zapitala ima li u njenom imenu nekog skrivenog zna\u010denja. Sigurno ve\u0107 znate da svako ime samo po sebi ne\u0161to zna\u010di i nosi posebnu simboliku, ali i s numerolo\u0161kog stajali\u0161ta svako ime ima posebno zna\u010denje. Numerologija imena nudi fascinantnu perspektivu u posebno zna\u010denje svakog imena. Pridaju\u0107i [&hellip;]<\/p>\n","protected":false},"author":1,"featured_media":39900,"parent":27314,"menu_order":0,"comment_status":"closed","ping_status":"closed","template":"","meta":{"footnotes":"","_links_to":"","_links_to_target":""},"class_list":["post-27337","page","type-page","status-publish","has-post-thumbnail","hentry"],"_links":{"self":[{"href":"https:\/\/covermagazin.com\/index.php?rest_route=\/wp\/v2\/pages\/27337","targetHints":{"allow":["GET"]}}],"collection":[{"href":"https:\/\/covermagazin.com\/index.php?rest_route=\/wp\/v2\/pages"}],"about":[{"href":"https:\/\/covermagazin.com\/index.php?rest_route=\/wp\/v2\/types\/page"}],"author":[{"embeddable":true,"href":"https:\/\/covermagazin.com\/index.php?rest_route=\/wp\/v2\/users\/1"}],"replies":[{"embeddable":true,"href":"https:\/\/covermagazin.com\/index.php?rest_route=%2Fwp%2Fv2%2Fcomments&post=27337"}],"version-history":[{"count":6,"href":"https:\/\/covermagazin.com\/index.php?rest_route=\/wp\/v2\/pages\/27337\/revisions"}],"predecessor-version":[{"id":67005,"href":"https:\/\/covermagazin.com\/index.php?rest_route=\/wp\/v2\/pages\/27337\/revisions\/67005"}],"up":[{"embeddable":true,"href":"https:\/\/covermagazin.com\/index.php?rest_route=\/wp\/v2\/pages\/27314"}],"wp:featuredmedia":[{"embeddable":true,"href":"https:\/\/covermagazin.com\/index.php?rest_route=\/wp\/v2\/media\/39900"}],"wp:attachment":[{"href":"https:\/\/covermagazin.com\/index.php?rest_route=%2Fwp%2Fv2%2Fmedia&parent=27337"}],"curies":[{"name":"wp","href":"https:\/\/api.w.org\/{rel}","templated":true}]}}