{"id":27328,"date":"2025-02-19T11:03:30","date_gmt":"2025-02-19T09:03:30","guid":{"rendered":"http:\/\/covermagazin.com\/?page_id=27328"},"modified":"2025-02-19T11:03:30","modified_gmt":"2025-02-19T09:03:30","slug":"numerologija-sretni-broj","status":"publish","type":"page","link":"https:\/\/covermagazin.com\/?page_id=27328","title":{"rendered":"Numerologija &#8211; Sretni brojevi po datumu ro\u0111enja"},"content":{"rendered":"\n<p><img loading=\"lazy\" decoding=\"async\" width=\"600\" height=\"402\" class=\"alignnone size-full wp-image-39898\" src=\"https:\/\/covermagazin.com\/wp-content\/uploads\/2020\/06\/numerologija-sretni_broj.jpg\" alt=\"\" srcset=\"https:\/\/covermagazin.com\/wp-content\/uploads\/2020\/06\/numerologija-sretni_broj.jpg 600w, https:\/\/covermagazin.com\/wp-content\/uploads\/2020\/06\/numerologija-sretni_broj-300x201.jpg 300w\" sizes=\"auto, (max-width: 600px) 100vw, 600px\" \/><\/p>\n\n\n\n<h2 class=\"wp-block-heading\">Numerologija &#8211; sretni brojevi po datumu ro\u0111enja<\/h2>\n\n\n\n<p>Brojevi nose odre\u0111ene vibracije koje donose odre\u0111ene koristi odre\u0111enim osobama. Sretni brojevi po datumu ro\u0111enja opisuju va\u0161u prirodu i karakter. Oni nose odre\u0111enu vibru koju vi dalje \u0161irite u va\u0161em \u017eivotu, ali to su i brojevi koji se op\u0107enito smatraju va\u0161im sretnim brojem.<\/p>\n\n\n\n<p><strong>Broj ro\u0111enja<\/strong><\/p>\n\n\n\n<p>Broj ro\u0111enja smatra se nekom vrstom sretnog broja za osobu ro\u0111enu pod tim brojem. Tako\u0111er, opisuje karakterne osobine. To je jedan od rijetkih osobnih brojeva koji prati osobu cijeli \u017eivot. Ime i prezime lako mo\u017eemo promijeniti, ali datum ro\u0111enja ne. Izra\u010dunajte ga tako da zbrojite sve znamenke u datumu ro\u0111enja i svedete ih na jednoznamenkasti broj.<\/p>\n\n\n\n<p>KOJI JE VA\u0160 SRETNI BROJ?<\/p>\n\n\n\n<p><strong>Primjer osobe ro\u0111ene 15.08.1955.<br><\/strong>1+5+8+1+9+5+5=34<br>3+4=7<br><strong>Sretni broj prema datumu ro\u0111enja je 7<\/strong><\/p>\n\n\n\n<p><strong>Primjer osobe ro\u0111ene 31.12.2001.<br><\/strong>3+1+1+2+2+1=8<br><strong>Sretni broj prema datumu ro\u0111enja je 8<\/strong><\/p>\n\n\n\n<h3 class=\"wp-block-heading\">Zna\u010denje brojeva prema datumu ro\u0111enja<\/h3>\n\n\n\n<p><strong>1 \u2013&nbsp; Ako je va\u0161 sretni broj JEDAN<\/strong><\/p>\n\n\n\n<p>Osoba ste koja uvijek ide korak ispred vremena. Za\u010detnik ste novih ideja. \u010cesto su velike vo\u0111e bile ro\u0111ene u znaku ovog broja. Jednostavno posjedujete mo\u0107 uvjeravanja. Ambiciozni ste, mo\u017eda i malo pretjerano, te\u0161ko se odri\u010dete svojih ideja, pa se zna desiti da upravo zbog toga potpuno propadnete. No, vi se ni\u010dega ne bojite.<\/p>\n\n\n\n<p><strong>2 \u2013 Ako je va\u0161 sretni broj DVA<\/strong><\/p>\n\n\n\n<p>Prava ste umjetni\u010dka du\u0161a. Stvoreni za ljubav, za davanje i dijeljenje. Uvijek vi\u0161e te\u017eite unutarnjem nego vanjskom. Ako nemate ljubavi osje\u0107ate da nemate ni\u0161ta. Ali rijetke su osobe ro\u0111ene u ovom znaku koje nemaju ljubavi. Va\u0161a unutra\u0161njost je toliko privla\u010dna da \u0107e rijetko tko ostati hladan. Mo\u017eete osvojiti koga god po\u017eelite.<\/p>\n\n\n\n<p><strong>3 \u2013 Ako je va\u0161 sretni broj TRI<\/strong><\/p>\n\n\n\n<p>Osoba ste koja stoji \u010dvrsto na zemlji. Realno promatrate sebe i svijet oko sebe. Niste skloni ma\u0161tanju i zavaravanju. To vas \u010dini tako\u0111er dobrim prijateljem, ne\u0107ete se nikome \u00abulizivati\u00bb, ali ni biti pretjerano cini\u010dni. Imate pravu mjeru u svemu, to vam stvara probleme u odnosima sa suprotnim spolom. Ne mo\u017eete bez ljubavi, ali ni trpjeti neko uzvi\u0161eno poimanje osje\u0107aja. Zbog toga ste \u010desto nesretni.<\/p>\n\n\n\n<p><strong>4 \u2013 Ako je va\u0161 sretni broj \u010cETIRI<\/strong><\/p>\n\n\n\n<p>Snala\u017eljivi ste i prakti\u010dni. Niste skloni ma\u0161tanju, ni zabu\u0161avanju. Osoba ste od povjerenja, ono \u0161to obe\u0107ate i ispunite. Previ\u0161e ozbiljno shva\u0107ate \u017eivot, nije ba\u0161 da se znate zabavljati. Istu odgovornost o\u010dekujete od osoba koje vas okru\u017euju zbog toga ste \u010desto netolerantni prema prijateljima i prema ljubavnicima.<\/p>\n\n\n\n<p><strong>5 \u2013 Ako je va\u0161 sretni broj PET<\/strong><\/p>\n\n\n\n<p>Imate odli\u010dan duh. Imate sve ono \u0161to bi savr\u0161ena osoba trebala imati. Zabavni ste, inteligentni, \u017eivahni, ali ne previ\u0161e, cijenite ljubav, cijenite prijatelje, optimisti\u010dni ste\u2026 Ako se sjetite bilo koje pozitivne osobine, slobodno dodajte na popis, jer vi je sigurno posjedujete.<\/p>\n\n\n\n<p><strong>6 \u2013 Ako je va\u0161 sretni broj \u0160EST<\/strong><\/p>\n\n\n\n<p>Vi ste izrazito nje\u017ena osoba. Osje\u0107ajni, puni razumijevanja prema svima. Krhki ste kako psihi\u010dki tako i duhovno. Lako vas je povrijediti.&nbsp; Umjetni\u010dka ste du\u0161a, imate osje\u0107aj za lijepo, a i sami ste izrazito lijepi. Osvajate na prvi pogleda a tek kada ljudi upoznaju va\u0161u nutrinu\u2026<\/p>\n\n\n\n<p><strong>7 \u2013 Ako je va\u0161 sretni broj SEDAM<\/strong><\/p>\n\n\n\n<p>Vi ste izrazito misaona osoba. Ali ste i prakti\u010dar. Za vas bi se reklo da posjedujete prakti\u010dnu inteligenciju. Pametni ste, ali znate svoju pamet iskoristiti za svoju dobrobit.<\/p>\n\n\n\n<p>\u010cesto znate iskoristiti one svoje mo\u017edane potencijale o kojima drugi mogu samo ma\u0161tati. Nerijetko su osobe ro\u0111ene pod ovim brojem proroci, mistici, filozofi\u2026<\/p>\n\n\n\n<p><strong>8 \u2013 Ako je va\u0161 sretni broj OSAM<\/strong><\/p>\n\n\n\n<p>Sve kod vas ima prakti\u010dnu vrijednost. Sve \u0161to radite, radite u svoju korist. Za vas je i ljubav korisna, pa ne ulazite u veze bez razmi\u0161ljanja o koristi koju vam mogu donijeti. Tako\u0111er i va\u0161i prijatelji su vam poslovni partneri, osobe od kojih biste mogli imati korist. Niste negativna osoba, samo prakti\u010dar.<\/p>\n\n\n\n<p><strong>9 \u2013 Ako je va\u0161 sretni broj DEVET<\/strong><\/p>\n\n\n\n<p>Ako nekome treba savjet o postupcima, neka se obrati vama. Vi uvijek znate \u0161to je ispravno, a \u0161to nije. Po\u0161tenje je va\u0161a najve\u0107a vrlina i temelj na kojem gradite svoj \u017eivot. Krasi vas jo\u0161 mno\u0161tvo drugih pozitivnih osobina i vas je pravo bogatstvo imati u blizini.<\/p>\n\n\n\n<figure class=\"wp-block-embed is-type-wp-embed is-provider-cover-magazin-com wp-block-embed-cover-magazin-com\"><div class=\"wp-block-embed__wrapper\">\n<blockquote class=\"wp-embedded-content\" data-secret=\"P0xPPsLi28\"><a href=\"https:\/\/covermagazin.com\/?page_id=27314\">Numerologija &#8211; zna\u010denje brojeva<\/a><\/blockquote><iframe loading=\"lazy\" class=\"wp-embedded-content\" sandbox=\"allow-scripts\" security=\"restricted\" style=\"position: absolute; clip: rect(1px, 1px, 1px, 1px);\" title=\"&#8220;Numerologija &#8211; zna\u010denje brojeva&#8221; &#8212; COVERmagazin.com\" src=\"https:\/\/covermagazin.com\/?page_id=27314&#038;embed=true#?secret=t7oxNteQEb#?secret=P0xPPsLi28\" data-secret=\"P0xPPsLi28\" width=\"500\" height=\"282\" frameborder=\"0\" marginwidth=\"0\" marginheight=\"0\" scrolling=\"no\"><\/iframe>\n<\/div><\/figure>\n","protected":false},"excerpt":{"rendered":"<p>Numerologija &#8211; sretni brojevi po datumu ro\u0111enja Brojevi nose odre\u0111ene vibracije koje donose odre\u0111ene koristi odre\u0111enim osobama. Sretni brojevi po datumu ro\u0111enja opisuju va\u0161u prirodu i karakter. Oni nose odre\u0111enu vibru koju vi dalje \u0161irite u va\u0161em \u017eivotu, ali to su i brojevi koji se op\u0107enito smatraju va\u0161im sretnim brojem. Broj ro\u0111enja Broj ro\u0111enja smatra [&hellip;]<\/p>\n","protected":false},"author":1,"featured_media":39898,"parent":27314,"menu_order":0,"comment_status":"closed","ping_status":"closed","template":"","meta":{"footnotes":"","_links_to":"","_links_to_target":""},"class_list":["post-27328","page","type-page","status-publish","has-post-thumbnail","hentry"],"_links":{"self":[{"href":"https:\/\/covermagazin.com\/index.php?rest_route=\/wp\/v2\/pages\/27328","targetHints":{"allow":["GET"]}}],"collection":[{"href":"https:\/\/covermagazin.com\/index.php?rest_route=\/wp\/v2\/pages"}],"about":[{"href":"https:\/\/covermagazin.com\/index.php?rest_route=\/wp\/v2\/types\/page"}],"author":[{"embeddable":true,"href":"https:\/\/covermagazin.com\/index.php?rest_route=\/wp\/v2\/users\/1"}],"replies":[{"embeddable":true,"href":"https:\/\/covermagazin.com\/index.php?rest_route=%2Fwp%2Fv2%2Fcomments&post=27328"}],"version-history":[{"count":6,"href":"https:\/\/covermagazin.com\/index.php?rest_route=\/wp\/v2\/pages\/27328\/revisions"}],"predecessor-version":[{"id":62819,"href":"https:\/\/covermagazin.com\/index.php?rest_route=\/wp\/v2\/pages\/27328\/revisions\/62819"}],"up":[{"embeddable":true,"href":"https:\/\/covermagazin.com\/index.php?rest_route=\/wp\/v2\/pages\/27314"}],"wp:featuredmedia":[{"embeddable":true,"href":"https:\/\/covermagazin.com\/index.php?rest_route=\/wp\/v2\/media\/39898"}],"wp:attachment":[{"href":"https:\/\/covermagazin.com\/index.php?rest_route=%2Fwp%2Fv2%2Fmedia&parent=27328"}],"curies":[{"name":"wp","href":"https:\/\/api.w.org\/{rel}","templated":true}]}}