{"id":27314,"date":"2025-01-24T10:39:36","date_gmt":"2025-01-24T08:39:36","guid":{"rendered":"http:\/\/covermagazin.com\/?page_id=27314"},"modified":"2025-01-24T11:31:11","modified_gmt":"2025-01-24T09:31:11","slug":"numerologija-znacenje-brojeva","status":"publish","type":"page","link":"https:\/\/covermagazin.com\/?page_id=27314","title":{"rendered":"Numerologija: zna\u010denje brojeva"},"content":{"rendered":"\n<h2 class=\"wp-block-heading\"><figure><a href=\"https:\/\/covermagazin.com\/wp-content\/uploads\/2020\/06\/numerologija.jpg\"><img loading=\"lazy\" decoding=\"async\" class=\"alignnone size-full wp-image-39884\" src=\"https:\/\/covermagazin.com\/wp-content\/uploads\/2020\/06\/numerologija.jpg\" alt=\"\" width=\"600\" height=\"400\" srcset=\"https:\/\/covermagazin.com\/wp-content\/uploads\/2020\/06\/numerologija.jpg 600w, https:\/\/covermagazin.com\/wp-content\/uploads\/2020\/06\/numerologija-300x200.jpg 300w, https:\/\/covermagazin.com\/wp-content\/uploads\/2020\/06\/numerologija-576x384.jpg 576w\" sizes=\"auto, (max-width: 600px) 100vw, 600px\" \/><\/a><\/figure><\/h2>\n\n\n\n<h2 class=\"wp-block-heading\">Numerologija: zna\u010denje brojeva<\/h2>\n\n\n\n<p>Numerologija predstavlja sustav vjerovanja i tradicija koji smatraju kako postoji veza izme\u0111u brojeva i ljudi. Numerologija ukazuje na povezanost odre\u0111enih brojeva poput broja dana ro\u0111enja, broja u imenu s osobno\u0161\u0107u osobe. Ispod \u0107ete prona\u0107i tuma\u010denja zna\u010denja brojeva u va\u0161em datumu ro\u0111enja, danu ro\u0111enja, imenu ili ku\u0107nom broju.<\/p>\n\n\n\n<p>U tekstovima ispod prona\u0107i \u0107ete op\u0161irnije o temi numerologije:<\/p>\n\n\n\n<h3 class=\"wp-block-heading\"><a href=\"https:\/\/covermagazin.com\/?page_id=27331\">Numerologija &#8211; broj dana ro\u0111enja&nbsp;<\/a><\/h3>\n\n\n\n<figure class=\"wp-block-image alignleft\"><img decoding=\"async\" src=\"https:\/\/covermagazin.com\/wp-content\/uploads\/2020\/07\/numerologija_1.png\" alt=\"NUMEROLOGIJA\" class=\"wp-image-44835\"\/><\/figure>\n\n\n\n<p>Broj dana ro\u0111enja odnosi se na dan kada ste ro\u0111eni.<\/p>\n\n\n\n<p>Ako ste ro\u0111eni npr. 01.03. 1975. Va\u0161 broj je 1. Dakle gledate samo prvi broj u datumu ro\u0111enja, neovisno o mjesecu i godini ro\u0111enja.<\/p>\n\n\n\n<p>Numerologija sve svodi na brojeve, te tvrdi kako se prema brojevima sve mo\u017ee vidjeti. Numerolozi vjeruju kako brojevi koji su vezani uz neku osobu imaju snagu utjecati na osobine neke osobe, pa \u010dak i na doga\u0111aje koji se pojavljuju u \u017eivotu te osobe. Numerologija prou\u010dava sve brojeve koji su vezani uz neku osobu, a posebno se bavi sretnim brojevima po ro\u0111enju neke osobe. Numerologija ulazi jako duboko u analizu brojeva s kojima se neke osoba rodi i s kojima se okru\u017euje. Svako ro\u0111enje djeteta zna\u010dajan je doga\u0111aj, a numerolozi ka\u017eu da s datumom ro\u0111enja ne dobiva samo dan na koji \u0107e proslavljati ro\u0111endan, nego i mnoge osobine koje \u0107e ga pratiti kroz cijeli \u017eivot.<\/p>\n\n\n\n<p>(vi\u0161e: <a href=\"https:\/\/covermagazin.com\/?page_id=27331\">Numerologija &#8211; broj dana ro\u0111enja<\/a>)<\/p>\n\n\n\n<h3 class=\"wp-block-heading\"><a href=\"https:\/\/covermagazin.com\/?page_id=27334\">Numerologija \u2013 ljubavna slagalica<\/a><\/h3>\n\n\n\n<figure class=\"wp-block-image alignleft\"><img decoding=\"async\" src=\"https:\/\/covermagazin.com\/wp-content\/uploads\/2020\/07\/numerologija_2.png\" alt=\"Numerologija \" class=\"wp-image-44836\"\/><\/figure>\n\n\n\n<p>Numerologija tvrdi kako se \u017eivot neke osobe u svim aspektima, uklju\u010duju\u0107i \u017eelje, karijeru, financije i zdravlje, mo\u017ee vezati uz odre\u0111eni broj, odnosno planet. Tako ka\u017eu kako se numerologija primjenjuje i na arenu kompatibilnosti, odnosno mo\u017ee predvidjeti kako \u0107ete se slagati s partnerom. Numerologija ka\u017ee da ako pogledate svoj i usporedite s partnerovim to mo\u017ee biti brzi test kompatibilnosti.\u00a0<\/p>\n\n\n\n<p>Nakon \u0161to izra\u010dunate svoj sretni broj, izra\u010dunajte i partnerov, te provjerite kako se sla\u017eete prema brojevima\u2026<\/p>\n\n\n\n<p>(vi\u0161e <a href=\"https:\/\/covermagazin.com\/?page_id=27334\">Numerologija \u2013 ljubavna slagalica<\/a>)<\/p>\n\n\n\n<p>&nbsp;<\/p>\n\n\n\n<h3 class=\"wp-block-heading\"><a href=\"https:\/\/covermagazin.com\/?page_id=27328\">Numerologija \u2013 Sretni broj<\/a><\/h3>\n\n\n\n<figure class=\"wp-block-image alignleft\"><img decoding=\"async\" src=\"https:\/\/covermagazin.com\/wp-content\/uploads\/2020\/07\/numerologija_3.png\" alt=\"Numerologija\" class=\"wp-image-44837\"\/><\/figure>\n\n\n\n<p>Ime i prezime lako mo\u017eemo promijeniti ,ali datum ro\u0111enja ne. Izra\u010dunajte ga tako da zbrojite sve znamenke u datumu ro\u0111enja i svedete ih na jednoznamenkasti broj.<\/p>\n\n\n\n<p>Numerologija uglavnom slu\u017ei kao zabava i ne bi trebala poslu\u017eiti za dono\u0161enje zna\u010dajnih \u017eivotnih odluka, ali mo\u017ee poslu\u017eiti kao inspiracija za razmi\u0161ljanje i analiziranje nekih \u017eivotnih pitanja i dilema. Mo\u017ee pomo\u0107i da uo\u010dite ne\u0161to na nekoj osobi \u0161to ranije niste primje\u0107ivali, te se nau\u010dite bolje slagati.<\/p>\n\n\n\n<p>(vi\u0161e: <a href=\"https:\/\/covermagazin.com\/?page_id=27328\">Numerologija \u2013 Sretni broj<\/a>)<\/p>\n\n\n\n<h3 class=\"wp-block-heading\"><a href=\"https:\/\/covermagazin.com\/?page_id=27337\">Numerologija \u2013 zna\u010denje imena<\/a><\/h3>\n\n\n\n<figure class=\"wp-block-image alignleft\"><img decoding=\"async\" src=\"https:\/\/covermagazin.com\/wp-content\/uploads\/2020\/07\/numerologija_4.png\" alt=\"Numerologija \" class=\"wp-image-44838\"\/><\/figure>\n\n\n\n<p>Napi\u0161ite svoje ime i prema tabeli iznad svakom slovu pridru\u017eite odgovaraju\u0107i broj, potom sve zbrojite, ako ste dobili vi\u0161eznamenkasti broj, opet ih zbrojite dok ne dobijete broj od 1 \u2013 9.<\/p>\n\n\n\n<p>Prema numerolozima, uz datum ro\u0111enja koji se svodi na brojeve, jednaku va\u017enost ima i ime koje dijete dobiva od roditelja. Postoji nekoliko tehnika kojima se ime svod na brojeve a zatim analizira. Numerologija primjenjuje matemati\u010dka pravila. Brojevi koji se gledaju su od 1 do 9. Oni predstavljaju pojedine planete koji simboliziraju daleku budu\u0107nost. Pa ba\u0161 kao \u0161to astrologija utje\u010de smatra da zvijezde i planeti, odnosno nebeska tijela mogu govore o sudbini \u010dovjeka, tako i numerolozi povezuju sudbinu s planetima koju svode na brojeve.<\/p>\n\n\n\n<p>(vi\u0161e: <a href=\"https:\/\/covermagazin.com\/?page_id=27337\">Numerologija \u2013 zna\u010denje imena<\/a>)<\/p>\n\n\n\n<h3 class=\"wp-block-heading\"><a href=\"https:\/\/dom.covermagazin.com\/?p=335\">Numerologija ku\u0107nog broja \u2013 \u0161to broj ulice zna\u010di za va\u0161 \u017eivot<\/a><\/h3>\n\n\n\n<p><img loading=\"lazy\" decoding=\"async\" class=\"alignnone size-full wp-image-44839\" src=\"https:\/\/covermagazin.com\/wp-content\/uploads\/2020\/07\/numerologija_5.png\" alt=\"Numerologija\" width=\"150\" height=\"101\">U tekstu \u0107ete saznati kako izra\u010dunati svoj ku\u0107ni broj ako je ve\u0107i od 9, \u0161to on zna\u010di, te kako iskoristiti potencijale koje on nosi.<\/p>\n\n\n\n<p>(vi\u0161e:<a href=\"https:\/\/dom.covermagazin.com\/?p=335\"> Numerologija ku\u0107nog broja<\/a>)<\/p>\n\n\n\n<h3 class=\"wp-block-heading\">Brojevi ili kazaljke koji se preklapaju (\u010diza)<\/h3>\n\n\n\n<figure class=\"wp-block-image alignleft\"><img decoding=\"async\" src=\"https:\/\/covermagazin.com\/wp-content\/uploads\/2020\/07\/numerologija__6.png\" alt=\"\" class=\"wp-image-44850\"\/><\/figure>\n\n\n\n<p><\/p>\n\n\n\n<p>Kao \u0161to ve\u0107 znate odre\u0111eni brojevi povezani su s odre\u0111enim zna\u010denjem, ali znate li \u0161to zna\u010di kada vi\u0111ate stalno iste brojeve na satu ili kazaljke koje su se preklopile, nazvano jo\u0161 i \u010dizu. Zna\u010denje brojeva na satu tako\u0111er pokriva numerologija. Ako se \u010dini kao da stalo vidite iste brojeve ili preklopljene kazaljke, mo\u017eda to nije slu\u010dajnost. Moda podsvjesno na ne\u0161to trebate obratiti pa\u017enju. <\/p>\n\n\n\n<p>(vi\u0161e: <a href=\"https:\/\/covermagazin.com\/?page_id=44845\">Brojevi ili kazaljke koji se preklapaju &#8211; \u010diza<\/a>)<\/p>\n\n\n\n<p><\/p>\n","protected":false},"excerpt":{"rendered":"<p>Numerologija: zna\u010denje brojeva Numerologija predstavlja sustav vjerovanja i tradicija koji smatraju kako postoji veza izme\u0111u brojeva i ljudi. Numerologija ukazuje na povezanost odre\u0111enih brojeva poput broja dana ro\u0111enja, broja u imenu s osobno\u0161\u0107u osobe. Ispod \u0107ete prona\u0107i tuma\u010denja zna\u010denja brojeva u va\u0161em datumu ro\u0111enja, danu ro\u0111enja, imenu ili ku\u0107nom broju. U tekstovima ispod prona\u0107i \u0107ete [&hellip;]<\/p>\n","protected":false},"author":1,"featured_media":39884,"parent":0,"menu_order":0,"comment_status":"closed","ping_status":"closed","template":"","meta":{"footnotes":"","_links_to":"","_links_to_target":""},"class_list":["post-27314","page","type-page","status-publish","has-post-thumbnail","hentry"],"_links":{"self":[{"href":"https:\/\/covermagazin.com\/index.php?rest_route=\/wp\/v2\/pages\/27314","targetHints":{"allow":["GET"]}}],"collection":[{"href":"https:\/\/covermagazin.com\/index.php?rest_route=\/wp\/v2\/pages"}],"about":[{"href":"https:\/\/covermagazin.com\/index.php?rest_route=\/wp\/v2\/types\/page"}],"author":[{"embeddable":true,"href":"https:\/\/covermagazin.com\/index.php?rest_route=\/wp\/v2\/users\/1"}],"replies":[{"embeddable":true,"href":"https:\/\/covermagazin.com\/index.php?rest_route=%2Fwp%2Fv2%2Fcomments&post=27314"}],"version-history":[{"count":18,"href":"https:\/\/covermagazin.com\/index.php?rest_route=\/wp\/v2\/pages\/27314\/revisions"}],"predecessor-version":[{"id":73843,"href":"https:\/\/covermagazin.com\/index.php?rest_route=\/wp\/v2\/pages\/27314\/revisions\/73843"}],"wp:featuredmedia":[{"embeddable":true,"href":"https:\/\/covermagazin.com\/index.php?rest_route=\/wp\/v2\/media\/39884"}],"wp:attachment":[{"href":"https:\/\/covermagazin.com\/index.php?rest_route=%2Fwp%2Fv2%2Fmedia&parent=27314"}],"curies":[{"name":"wp","href":"https:\/\/api.w.org\/{rel}","templated":true}]}}