{"id":27180,"date":"2022-05-14T18:29:32","date_gmt":"2022-05-14T16:29:32","guid":{"rendered":"http:\/\/covermagazin.com\/?page_id=27180"},"modified":"2022-05-14T18:29:33","modified_gmt":"2022-05-14T16:29:33","slug":"ovan-kako-zavesti-horoskopski-znak-ovan","status":"publish","type":"page","link":"https:\/\/covermagazin.com\/?page_id=27180","title":{"rendered":"Ovan &#8211; kako zavesti ovna"},"content":{"rendered":"\n<p><a href=\"https:\/\/covermagazin.com\/wp-content\/uploads\/2020\/06\/ovan_ljubavna_slagalica.jpg\"><img loading=\"lazy\" decoding=\"async\" class=\"alignnone size-full wp-image-39318\" src=\"https:\/\/covermagazin.com\/wp-content\/uploads\/2020\/06\/ovan_ljubavna_slagalica.jpg\" alt=\"\" width=\"600\" height=\"400\" srcset=\"https:\/\/covermagazin.com\/wp-content\/uploads\/2020\/06\/ovan_ljubavna_slagalica.jpg 600w, https:\/\/covermagazin.com\/wp-content\/uploads\/2020\/06\/ovan_ljubavna_slagalica-300x200.jpg 300w, https:\/\/covermagazin.com\/wp-content\/uploads\/2020\/06\/ovan_ljubavna_slagalica-576x384.jpg 576w\" sizes=\"auto, (max-width: 600px) 100vw, 600px\" \/><\/a><\/p>\n\n\n\n<h2 class=\"wp-block-heading\">Ovan &#8211; kako zavesti ovna<\/h2>\n\n\n\n<p>Ovnove lako mo\u017eemo prepoznati ve\u0107 na prvi pogled. Njihov izgled je glavni adut, koji uz njihov teatralan nastup ostavlja dojam gdje god se pojavili. Uvijek su veseli, nasmije\u0161eni i optimisti\u010dni. Kada ovnovi sebi zadaju neki cilj od njega ne odustaju lako. Tako \u0107e biti i s vama. Ako mu se svi\u0111ate u\u010dinit \u0107e sve kako bi vas osvojio. Zato je potrebno privu\u0107i njegovu pa\u017enju, ali nemojte mu izravno pokazati koliko vas zanima, jer on voli izazove. Pustite ga neka vjeruje da on osvaja vas a ne vi njega.<\/p>\n\n\n\n<p>Bez obzira radilo se o mu\u0161karcu ili \u017eeni ovnu, poanta je da ovnovi uvijek moraju osvajati.<\/p>\n\n\n\n<p>Pa\u017enju mu\u0161karca ovna privu\u0107i \u0107ete atraktivnim izgledom. Obucite se sexy ali ne i vulgarno. Njegova idealna \u017eena dobro izgleda, a ipak je puna razumijevanja i ljubavi. Rekli bi smo tradicionalan tip \u017eene. Zato obavezno naglasite kako znate i kuhati.<\/p>\n\n\n\n<p>Kad ste ga napokon osvojili bitno je i dalje njemu prepustiti glavnu rije\u010d, ili bar neka \u017eivi u tom uvjerenju (ako \u017eelite da vas poslu\u0161a, recite mu da ba\u0161 to ne smije). Dakle, pona\u0161ajte se kao prototip \u017eene s televizijske reklame za juhu, budite dobro\u0107udni, nasmije\u0161eni, slu\u0161ajte ga, izbjegavajte konflikte s njim, ne dajte mu razlog za ljubomoru jer je izrazito posesivan astrolo\u0161ki znak.<\/p>\n\n\n\n<p>No, ne smijete se uljuljati u rutinu jer njega najvi\u0161e privla\u010de izazovi i novi po\u010deci. Zato neka vas uvijek iznova mora osvajati. Prire\u0111ujte mu stalna iznena\u0111enja i neprestanu akciju.<\/p>\n\n\n\n<h3 class=\"wp-block-heading\"><strong>Kako zavesti ovna<\/strong><\/h3>\n\n\n\n<p>Ovnovi se najbolje sla\u017eu s blizancima, lavom, vagom.<br>Najlo\u0161ija kombinacija je rak, bik i vodenjak.<\/p>\n\n\n\n<h3 class=\"wp-block-heading\">Ovan \u2013 Ovan: \ud83d\ude41 \ud83d\ude42<\/h3>\n\n\n\n<p>Ovan \u0107e privu\u0107i ovna svojim stalnim poticanjem na akciju. Oba partnera vole izazove i osvajanja stoga jedan drugom predstavljaju idealan cilj. No, zbog tih osobina ne ostaju dugo zajedno. Pri prvoj nesuglasici burno reagiraju, tvrdoglavo i energi\u010dno uvjeravaju\u0107i drugu stranu u ispravnost svoga stajali\u0161ta. Dakle, veza ovna s ovnom kratko traje, ali nikad nije dosadna.<\/p>\n\n\n\n<h3 class=\"wp-block-heading\">Ovan \u2013 Bik: \ud83d\ude41<\/h3>\n\n\n\n<p>Ovan i bik nisu dobra kombinacija. Bik je logi\u010dan i realan, dakle, dosadan ovnu. Osim toga bik je previ\u0161e romanti\u010dan pa mu ovan nikad ne\u0107e pru\u017eiti dovoljno. Bik ne djeluje dok nema ljubavi, a kod ovna nema ljubavi bez akcije. Te\u0161ko \u0107e prona\u0107i zajedni\u010dki jezik.<\/p>\n\n\n\n<h3 class=\"wp-block-heading\">Ovan \u2013 Blizanci: \ud83d\ude42 \ud83d\ude42<\/h3>\n\n\n\n<p>Ovo op\u0107enito nije lo\u0161a kombinacija. \u010ceste promjene raspolo\u017eenja kod blizanaca ovna zbunjuju, ali i uzbu\u0111uju. Zajedni\u010dko im je to \u0161to ne vole rutinu, iako je svatko razbija na svoj na\u010din, Ovan voli sport, blizanci umjetnost. Ponekad zbog toga izbijaju sva\u0111e, ali zbog ne ba\u0161 dugotrajnog pam\u0107enja i jednog i drugog znaka nesuglasice se brzo zaboravljaju, te oni ostaju dosta dugo zajedno.<\/p>\n\n\n\n<h3 class=\"wp-block-heading\">Ovan \u2013 Rak: \ud83d\ude41 \ud83d\ude41<\/h3>\n\n\n\n<p>Ako neki rak ima mazohisti\u010dke sklonosti neka si na\u0111e ovna. Iako se rak \u0161titi svojim oklopom hladnokrvnosti, kada dopusti partneru ovnu da u\u0111e ispod tog oklopa istog trena \u0107e biti povrije\u0111en. A ako ga ovan i poku\u0161a razumjeti ovaj \u0107e ga svojim za\u0161titni\u010dkim pona\u0161anjem udaljiti od sebe. Tako\u0111er, ovna \u0107e nervirati i prevelika zaokupljenost raka svojim snovima i hobijima jer ovan to ne mo\u017ee razumjeti i u tim stvarima vidi samo konkurenciju. Ako i ostanu malo du\u017ee u vezi kada rak po\u0111e ma\u0161tati o zajedni\u010dkom \u017eivotu i obitelji, ovan \u0107e se pitati gdje je zaljubljenost nestala i tra\u017eit \u0107e na\u010din za bijeg i nova iskustva.<\/p>\n\n\n\n<h3 class=\"wp-block-heading\">Ovan \u2013 Lav: \ud83d\ude42 \ud83d\ude42 \ud83d\ude42<\/h3>\n\n\n\n<p>Ovan i lav \u0107e se dobro slagati sve dok ovan bude hvalio lava, a lav bude imao razumijevanja za ovnove stalne inovativne pothvate. Kako se oba znaka vole raspravljati njima \u0107e i nesuglasice biti poticaj u vezi. Samo je bitno da lav pusti ovna da vjeruje kako on uvijek ima pravo. Ovo je dobra kombinacija u svakom pogledu, ljubavnom, prijateljskom i poslovnom.<\/p>\n\n\n\n<h3 class=\"wp-block-heading\">Ovan \u2013 Djevica: \ud83d\ude42 \ud83d\ude41<\/h3>\n\n\n\n<p>Astrolo\u0161ki gledano ovan i djevica su neutralan par. Ako se obostrano potrude i prilagode mogu\u0107a je i dobra i dugotrajna zajednica. U svemu je najva\u017enije prona\u0107i zajedni\u010dke interese i hobije. Prakti\u010dnost i odgovornost djevica doprinosi vezi, dok njihova sitni\u010davost mo\u017ee izluditi ovna, te bi trebali izbjegavati kritizirati ih.<\/p>\n\n\n\n<h3 class=\"wp-block-heading\">Ovan \u2013 Vaga: \ud83d\ude42 \ud83d\ude42<\/h3>\n\n\n\n<p>Ovo je dobra, ali ne dugotrajna kombinacija Ovna privla\u010di \u0161armantnost i karizmati\u010dnost vage. Vagu \u0107e privu\u0107i izazov i \u017eelja da promijeni ovna, ali kada uvidi da to ne uspijeva javljaju se problemi. Vaga ima potrebu da bude ravnopravna, a ovan dominantan. Ipak ukoliko se vaga iska\u017ee kao dobar diplomat, a ina\u010de vage to jesu, veza mo\u017ee uspjeti.<\/p>\n\n\n\n<h3 class=\"wp-block-heading\">Ovan \u2013 \u0160korpion: \ud83d\ude42 \ud83d\ude41<\/h3>\n\n\n\n<p>Od svih veza u ovoj \u0107e se najte\u017ee prona\u0107i zajedni\u010dki jezik. Oba znaka su \u010dvrstog karaktera i te\u0161ko se prilago\u0111avaju ili mijenjaju. Kada se tome doda i izra\u017eena ljubomora s obje strane, sklad je te\u0161ko posti\u0107i. Me\u0111utim, budu\u0107i da su \u0161korpioni inteligentne osobe, te lako mogu pro\u010ditati ovna, ako im je zaista stalo do veze mogu je odr\u017eati. Ova se veza uvijek nalazi na tankoj liniji izme\u0111u ljubavi i mr\u017enje.<\/p>\n\n\n\n<h3 class=\"wp-block-heading\">Ovan \u2013 Strijelac: \ud83d\ude42 \ud83d\ude42<\/h3>\n\n\n\n<p>Ovnovima i strijelcima je zajedni\u010dki optimizam i slobodoumnost, kao i tvrdoglavost i nepromi\u0161ljenost. Ta veza je puna iznena\u0111enja i nikad nije dosadna. Ipak sklonost novim iskustvima strijelaca ponekad je previ\u0161e i za ovnove. Ako \u017eele ostati u du\u017eoj vezi ovnovi moraju nau\u010diti biti tolerantniji prema neuspjelim pothvatima strijelaca i znati da nakon svakog neuspjeha slijedi novi uspje\u0161an poku\u0161aj.<\/p>\n\n\n\n<h3 class=\"wp-block-heading\">Ovan \u2013 Jarac: \ud83d\ude42 \ud83d\ude41<\/h3>\n\n\n\n<p>Jarac, tradicionalan i pouzdan znak odgovara ovnu, zajedni\u010dka im je \u017eelja za nezavisno\u0161\u0107u. Ipak, ovnu mo\u017ee smetati njegova prevelika posve\u0107enost karijeri. Jarcu je ovan ponekad prenaporan, a ovna \u017eivcira stalni pesimizam jarca.<\/p>\n\n\n\n<h3 class=\"wp-block-heading\">Ovan \u2013 Vodenjak: \ud83d\ude41<\/h3>\n\n\n\n<p>Ovo dvoje brzo \u0107e se privu\u0107i, ali nisu materijal za du\u017eu vezu. Vodenjak je slobodouman i nije konformist. To se svi\u0111a ovnu ali na prijateljima, a ne na partneru. Njemu za vezu ipak treba netko mrvicu tradicionalniji.<\/p>\n\n\n\n<h3 class=\"wp-block-heading\">Ovan \u2013 Ribe: \ud83d\ude42 \ud83d\ude41<\/h3>\n\n\n\n<p>Ovnovi vole dominirati \u0161to tolerantnim i prilagodljivim ribama u potpunosti odgovara. Ribama treba netko da se brine o njima, ovan to \u010dini, samo je problem \u0161to je ovan sam sebi uvijek na prvom mjestu, te nema sluha i razumijevanja za njene \u017eelje. Veza je dobra ako im se \u017eelje i planovi podudaraju, ali ribe bi morale, \u017eele li zadr\u017eati ovna, postupno se otkrivati kako im bile stalan izazov.<\/p>\n","protected":false},"excerpt":{"rendered":"<p>Ovan &#8211; kako zavesti ovna Ovnove lako mo\u017eemo prepoznati ve\u0107 na prvi pogled. Njihov izgled je glavni adut, koji uz njihov teatralan nastup ostavlja dojam gdje god se pojavili. Uvijek su veseli, nasmije\u0161eni i optimisti\u010dni. Kada ovnovi sebi zadaju neki cilj od njega ne odustaju lako. Tako \u0107e biti i s vama. Ako mu se [&hellip;]<\/p>\n","protected":false},"author":1,"featured_media":39318,"parent":28633,"menu_order":0,"comment_status":"closed","ping_status":"closed","template":"","meta":{"footnotes":"","_links_to":"","_links_to_target":""},"class_list":["post-27180","page","type-page","status-publish","has-post-thumbnail","hentry"],"_links":{"self":[{"href":"https:\/\/covermagazin.com\/index.php?rest_route=\/wp\/v2\/pages\/27180","targetHints":{"allow":["GET"]}}],"collection":[{"href":"https:\/\/covermagazin.com\/index.php?rest_route=\/wp\/v2\/pages"}],"about":[{"href":"https:\/\/covermagazin.com\/index.php?rest_route=\/wp\/v2\/types\/page"}],"author":[{"embeddable":true,"href":"https:\/\/covermagazin.com\/index.php?rest_route=\/wp\/v2\/users\/1"}],"replies":[{"embeddable":true,"href":"https:\/\/covermagazin.com\/index.php?rest_route=%2Fwp%2Fv2%2Fcomments&post=27180"}],"version-history":[{"count":5,"href":"https:\/\/covermagazin.com\/index.php?rest_route=\/wp\/v2\/pages\/27180\/revisions"}],"predecessor-version":[{"id":63071,"href":"https:\/\/covermagazin.com\/index.php?rest_route=\/wp\/v2\/pages\/27180\/revisions\/63071"}],"up":[{"embeddable":true,"href":"https:\/\/covermagazin.com\/index.php?rest_route=\/wp\/v2\/pages\/28633"}],"wp:featuredmedia":[{"embeddable":true,"href":"https:\/\/covermagazin.com\/index.php?rest_route=\/wp\/v2\/media\/39318"}],"wp:attachment":[{"href":"https:\/\/covermagazin.com\/index.php?rest_route=%2Fwp%2Fv2%2Fmedia&parent=27180"}],"curies":[{"name":"wp","href":"https:\/\/api.w.org\/{rel}","templated":true}]}}