{"id":27178,"date":"2024-01-14T07:12:51","date_gmt":"2024-01-14T05:12:51","guid":{"rendered":"http:\/\/covermagazin.com\/?page_id=27178"},"modified":"2024-01-14T07:12:51","modified_gmt":"2024-01-14T05:12:51","slug":"bik-kako-zavesti-ovaj-horoskopski-znak","status":"publish","type":"page","link":"https:\/\/covermagazin.com\/?page_id=27178","title":{"rendered":"Bik &#8211; kako zavesti bika"},"content":{"rendered":"\n<p><a href=\"https:\/\/covermagazin.com\/wp-content\/uploads\/2020\/06\/bik-kako-zavesti-bika.jpg\"><img loading=\"lazy\" decoding=\"async\" class=\"alignnone size-full wp-image-39323\" src=\"https:\/\/covermagazin.com\/wp-content\/uploads\/2020\/06\/bik-kako-zavesti-bika.jpg\" alt=\"\" width=\"600\" height=\"400\" srcset=\"https:\/\/covermagazin.com\/wp-content\/uploads\/2020\/06\/bik-kako-zavesti-bika.jpg 600w, https:\/\/covermagazin.com\/wp-content\/uploads\/2020\/06\/bik-kako-zavesti-bika-300x200.jpg 300w, https:\/\/covermagazin.com\/wp-content\/uploads\/2020\/06\/bik-kako-zavesti-bika-576x384.jpg 576w\" sizes=\"auto, (max-width: 600px) 100vw, 600px\" \/><\/a><\/p>\n\n\n\n<h2 class=\"wp-block-heading\">Bik &#8211; kako zavesti bika<\/h2>\n\n\n\n<p>Bikovi jednostavno vole zavo\u0111enje, ili zavode ili ih se zavodi. Naj\u010de\u0161\u0107e su vrlo srda\u010dne, ljubazne i pristupa\u010dne osobe. Iskreni su i u\u010dinit \u0107e sve da budu kraj vas, naravno ako im je stalo. Bikovi su materijalisti, ekonomska sigurnost im je vrlo bitna, te ako nisu potpuno zbrinuti ne mogu se opustiti i u\u017eivati u ljubavi. Ina\u010de, u \u017eivotu vole u\u017eivati, cijene sve \u0161to je lijepo, pa tako i kad je rije\u010d o partnerima. Ipak, nije dovoljno samo lijepo izgledati, nego tako se i pona\u0161ati. No, najva\u017enije je biti iskren i prirodan, lako prepoznaju pretvaranja.<\/p>\n\n\n\n<p>Pravi su gurmani, vole dobro jesti stoga je bitno ukoliko \u017eelite ostati s bikom nau\u010diti kuhati, isto vrijedi i ako \u017eelite zavesti bika.<\/p>\n\n\n\n<p>Mo\u017eete ga iznenaditi skupocjenim poklonom. Bik \u0107e to znati prepoznati i cijeniti.<\/p>\n\n\n\n<p>Bikovi su jako pouzdane i vrijedne osobe, sve \u0161to imaju stekli su sami i polako, stoga se nemojte iznenaditi ako vam ponekad djeluju \u0161krto, te ako i od vas o\u010dekuju \u0161tednju.<\/p>\n\n\n\n<p>Zapamtite \u2013 bikovi su ljubomoran astrolo\u0161ki znak i ne\u0107e vam oprostiti prijevaru, ali \u017eelite zavesti bika pomo\u0107i \u0107e da ste okru\u017eeni suprotnim spolom, tako \u0107ete privu\u0107i njegovu pa\u017enju. <\/p>\n\n\n\n<p>Bikovima najbolje odgovaraju osobe ro\u0111ene u znaku jarca, djevice i raka.<\/p>\n\n\n\n<p>Za njih nisu nikako blizanci, ovan i strijelac.<\/p>\n\n\n\n<h2 class=\"wp-block-heading\">Kako zavesti bika?<\/h2>\n\n\n\n<h3 class=\"wp-block-heading\">Bik \u2013 Ovan: \ud83d\ude41<\/h3>\n\n\n\n<p>Bik i ovan nikako nisu dobra kombinacija. Bik je logi\u010dan i realan, dakle, dosadan ovnu. Osim toga bik je previ\u0161e romanti\u010dan pa mu ovan nikad ne\u0107e pru\u017eiti dovoljno. Bik ne djeluje dok nema ljubavi, a kod ovna nema ljubavi bez akcije. Te\u0161ko \u0107e prona\u0107i zajedni\u010dki jezik.<\/p>\n\n\n\n<h3 class=\"wp-block-heading\">Bik \u2013 Bik: \ud83d\ude42 \ud83d\ude42<\/h3>\n\n\n\n<p>Zbog svoje karakterne sli\u010dnosti, sla\u017eu se vrlo dobro. Imaju sli\u010dne ciljeve, vrijedni su, realni, znaju s novcima, a \u0161to je najva\u017enije mogu zajedno u\u017eivati u hrani. Jedini problem je obostrana ljubomora i tvrdoglavost, koje su dosta nagla\u0161ene kod bikova. Oni ne opra\u0161taju nevjeru.<\/p>\n\n\n\n<h3 class=\"wp-block-heading\">Bik \u2013 Blizanci: \ud83d\ude41<\/h3>\n\n\n\n<p>Blizanci su spontane i radoznale osobe \u017eeljne promjena \u0161to zapravo i ne odgovara previ\u0161e bikovima. Njihova veza nema dobre predispozicije. Bikovima ipak bolje odgovaraju neki konzervativniji znakovi, a ne lepr\u0161avi blizanci. A blizancima je potrebno ne\u0161to vi\u0161e od sigurnosti doma koju im bikovi mogu pru\u017eiti.<\/p>\n\n\n\n<h3 class=\"wp-block-heading\">Bik \u2013 Rak: \ud83d\ude42 \ud83d\ude42<\/h3>\n\n\n\n<p>Rakovi su vrlo osjetljive osobe, te se bikovi moraju dosta truditi da ih ne povrijede. Zajedni\u010dka im je \u017eelja za sigurno\u0161\u0107u i toplinom doma i tu se pronalaze, i to \u010de\u0161\u0107e u kasnijim godinama, kada im obitelj i dom postaju prioriteti. No, moraju se dosta truditi kako im veza ne bi upala u kolote\u010dinu i izgubila svoju dra\u017e.<\/p>\n\n\n\n<h3 class=\"wp-block-heading\">Bik \u2013 Lav: \ud83d\ude42 \ud83d\ude41<\/h3>\n\n\n\n<p>Kako bik ima istan\u010dan osje\u0107aj za lijepo po tom pitanju mu lav savr\u0161eno odgovara, privu\u0107i \u0107e ga njegova ljepota, snaga i strast. S druge strane lav \u0107e kod bika prona\u0107i potrebnu financijsku sigurnost. Lavova otvorenost i bikova konzervativnost s jedne strane mogu biti dobra kombinacija, ali ako su previ\u0161e izra\u017eene te karakteristike mogu biti kobne za njihovu vezu. Naj\u010de\u0161\u0107e su \u017eivahna kombinacija ali kratkog vijeka trajanja.<\/p>\n\n\n\n<h3 class=\"wp-block-heading\">Bik \u2013 Djevica:&nbsp; \ud83d\ude42 \ud83d\ude42 \ud83d\ude42<\/h3>\n\n\n\n<p>Ova dva znaka su \u00abperfect match\u00bb. Svi\u0111aju im se iste stvari, i jedan i drugi znak cijeni toplinu doma. Pogledi na \u017eivot su im identi\u010dni. Vole planirati unaprijed. Sigurnost i materijalna i emotivna im je jako va\u017ena.<\/p>\n\n\n\n<h3 class=\"wp-block-heading\">Bik \u2013 Vaga: \ud83d\ude41<\/h3>\n\n\n\n<p>Nisu ba\u0161 najbolji izbor jedan za drugoga. Vaga mrzi rutinu, bik voli planirati unaprijed. Vaga je zavodnik, stoga su joj potrebna stalna nova osvajanja, a to bika smeta jer je izrazito ljubomoran.<\/p>\n\n\n\n<h3 class=\"wp-block-heading\">Bik \u2013 \u0160korpion: \ud83d\ude41 \ud83d\ude42<\/h3>\n\n\n\n<p>Ova astrolo\u0161ki gledano neutralna kombinacija bolje funkcionira na poslovnom planu nego u ljubavnoj vezi. Zbli\u017eava ih sli\u010dan stav prema financijama kao i obiteljskom \u017eivotu. Glavna prepreka dobroj vezi je njihova tvrdoglavost. Tako\u0111er, bika smeta \u0161korpionova stalna \u017eelja za dokazivanjem i nespremnost na kompromise.<\/p>\n\n\n\n<h3 class=\"wp-block-heading\">Bik \u2013 Strijelac: \ud83d\ude42 \ud83d\ude41<\/h3>\n\n\n\n<p>Strijelac se boji monotonije, mirnog i sre\u0111enog \u017eivota, zapravo svega \u010demu te\u017ei bik. Iako uz strijelca bik mo\u017ee pro\u0161iriti svoje vidike i postati fleksibilniji skladna veza te\u0161ko je ostvariva. Za njih je puno bolji prijateljski nego ljubavni odnos.<\/p>\n\n\n\n<h3 class=\"wp-block-heading\">Bik \u2013 Jarac: \ud83d\ude42 \ud83d\ude42<\/h3>\n\n\n\n<p>Vrlo dobra kombinacija. Oba znaka cijene tradiciju, le\u017eernost i komfornost obiteljskog \u017eivota. I biku i jarcu potrebna je ugodna doma\u0107a atmosfera. Karakteri im se savr\u0161eno poklapaju \u0161to je dobra osnova za dugotrajnu vezu i stabilan obiteljski \u017eivot. Dosta su usmjereni prema materijalnom aspektu \u0161to mo\u017ee biti i prepreka jer se znaju posvetiti vi\u0161e karijeri nego jedno drugom.<\/p>\n\n\n\n<h3 class=\"wp-block-heading\">Bik \u2013 Vodenjak: \ud83d\ude41<\/h3>\n\n\n\n<p>Veza izme\u0111u ova dva znaka skoro da i nema. Inovativnost i otvorenost vodenjaka nikako ne odgovaraju biku zaljubljenom u formalnost i rutinu. Vodenjaka zanimaju susjedi, prijatelji, televizija, sve osim vlastitog doma, \u0161to izaziva bikovu ljubomoru. Ako i do\u0111e do veze ona je kratkog vijeka i tra\u017ei puno truda i kompromisa.<\/p>\n\n\n\n<h3 class=\"wp-block-heading\">Bik \u2013 Riba: \ud83d\ude42 \ud83d\ude41<\/h3>\n\n\n\n<p>Iako se ova veza na po\u010detku \u010dini obe\u0107avaju\u0107om s vremenom po\u010dinje slabiti, a partneri se udaljavati jedan od drugoga. Ribina sentimentalnost po\u010dinje slabiti onog trena kada se osjeti sigurnom, a na povr\u0161inu izlazi njena \u017eelja za individualno\u0161\u0107u. Ribe ignoriraju probleme, zato bikovi moraju svu te\u017einu preuzeti sami na sebe \u017eele li odr\u017eati vezu.<\/p>\n\n\n\n<p><em>Ako ste se pitali kako zavesti bika, odnosno osobu koja je u horoskopu bik, iznad ste zasigurno dobili odgovor. <\/em><\/p>\n","protected":false},"excerpt":{"rendered":"<p>Bik &#8211; kako zavesti bika Bikovi jednostavno vole zavo\u0111enje, ili zavode ili ih se zavodi. Naj\u010de\u0161\u0107e su vrlo srda\u010dne, ljubazne i pristupa\u010dne osobe. Iskreni su i u\u010dinit \u0107e sve da budu kraj vas, naravno ako im je stalo. Bikovi su materijalisti, ekonomska sigurnost im je vrlo bitna, te ako nisu potpuno zbrinuti ne mogu se [&hellip;]<\/p>\n","protected":false},"author":1,"featured_media":39323,"parent":28633,"menu_order":0,"comment_status":"closed","ping_status":"closed","template":"","meta":{"footnotes":"","_links_to":"","_links_to_target":""},"class_list":["post-27178","page","type-page","status-publish","has-post-thumbnail","hentry"],"_links":{"self":[{"href":"https:\/\/covermagazin.com\/index.php?rest_route=\/wp\/v2\/pages\/27178","targetHints":{"allow":["GET"]}}],"collection":[{"href":"https:\/\/covermagazin.com\/index.php?rest_route=\/wp\/v2\/pages"}],"about":[{"href":"https:\/\/covermagazin.com\/index.php?rest_route=\/wp\/v2\/types\/page"}],"author":[{"embeddable":true,"href":"https:\/\/covermagazin.com\/index.php?rest_route=\/wp\/v2\/users\/1"}],"replies":[{"embeddable":true,"href":"https:\/\/covermagazin.com\/index.php?rest_route=%2Fwp%2Fv2%2Fcomments&post=27178"}],"version-history":[{"count":5,"href":"https:\/\/covermagazin.com\/index.php?rest_route=\/wp\/v2\/pages\/27178\/revisions"}],"predecessor-version":[{"id":63997,"href":"https:\/\/covermagazin.com\/index.php?rest_route=\/wp\/v2\/pages\/27178\/revisions\/63997"}],"up":[{"embeddable":true,"href":"https:\/\/covermagazin.com\/index.php?rest_route=\/wp\/v2\/pages\/28633"}],"wp:featuredmedia":[{"embeddable":true,"href":"https:\/\/covermagazin.com\/index.php?rest_route=\/wp\/v2\/media\/39323"}],"wp:attachment":[{"href":"https:\/\/covermagazin.com\/index.php?rest_route=%2Fwp%2Fv2%2Fmedia&parent=27178"}],"curies":[{"name":"wp","href":"https:\/\/api.w.org\/{rel}","templated":true}]}}