{"id":27176,"date":"2022-04-07T11:08:27","date_gmt":"2022-04-07T09:08:27","guid":{"rendered":"http:\/\/covermagazin.com\/?page_id=27176"},"modified":"2022-04-07T11:08:28","modified_gmt":"2022-04-07T09:08:28","slug":"blizanci-kako-zavesti-ovaj-horoskopski-znak","status":"publish","type":"page","link":"https:\/\/covermagazin.com\/?page_id=27176","title":{"rendered":"Blizanci &#8211; kako zavesti blizanca"},"content":{"rendered":"\n<p><a href=\"https:\/\/covermagazin.com\/wp-content\/uploads\/2020\/06\/blizanci-kako-zavesti-bika.jpg\"><img loading=\"lazy\" decoding=\"async\" class=\"alignnone size-full wp-image-39327\" src=\"https:\/\/covermagazin.com\/wp-content\/uploads\/2020\/06\/blizanci-kako-zavesti-bika.jpg\" alt=\"\" width=\"600\" height=\"400\" srcset=\"https:\/\/covermagazin.com\/wp-content\/uploads\/2020\/06\/blizanci-kako-zavesti-bika.jpg 600w, https:\/\/covermagazin.com\/wp-content\/uploads\/2020\/06\/blizanci-kako-zavesti-bika-300x200.jpg 300w, https:\/\/covermagazin.com\/wp-content\/uploads\/2020\/06\/blizanci-kako-zavesti-bika-576x384.jpg 576w\" sizes=\"auto, (max-width: 600px) 100vw, 600px\" \/><\/a><\/p>\n\n\n\n<h2 class=\"wp-block-heading\">Blizanci &#8211; kako zavesti blizanca<\/h2>\n\n\n\n<p>Blizanci su duhovite i radoznale osobe. U njihovom dru\u0161tvu nikad nije dosadno. Ro\u0111eni su zabavlja\u010di. Blizanci se dobro snalaze u svim situacijama i znaju ih lako okrenuti u svoju korist, \u0161to zbog prilagodljivosti, \u0161to zbog inteligencije. Lako \u0107ete stupiti s njima u kontakt jer su komunikativni, ali to mo\u017ee biti problem jer su stalno okru\u017eeni ljudima suprotnog spola. Unato\u010d tome povr\u0161ne su osobe i te\u0161ko stvaraju dublje odnose. Osim toga skloni su ogovaranju i tra\u010devima, te hvalisanju i laskanju, stoga im se ne povjeravajte i ne vjerujte ba\u0161 svemu \u0161to pri\u010daju.<\/p>\n\n\n\n<p>Nisu emotivci pa se te\u0161ko zaljubljuju.<\/p>\n\n\n\n<p>Ako ste tradicionalni i volite rutinu, blizanci nisu za vas.<\/p>\n\n\n\n<p>Iako blizanci primje\u0107uju osobe atraktivnog izgleda intrigiraju ih u biti detalji, koje naj\u010de\u0161\u0107e samo oni vide. U razgovoru s njim poka\u017eite koliko ste inteligentni, izbjegavajte ozbiljne teme i ni u kojem slu\u010daju nemojte spominjati brak ili ozbiljnu vezu. Morate prihvatiti \u010dinjenicu da \u0107e va\u0161 blizanac povremeno od\u0161etati od va\u0161eg stola i udvarati se nekome za susjednim.<\/p>\n\n\n\n<p>Da biste ga zainteresirali morate biti druga\u010diji i originalnog stila. Smijte se njegovim \u0161alama, pri\u010dajte svoje, budite nasmije\u0161eni i ne optere\u0107ujte ga previ\u0161e.<\/p>\n\n\n\n<p>Prihvatite njihovu povr\u0161nost i ne dajite se previ\u0161e, bar ne na po\u010detku veze.<br>Sla\u017eu se s ovnom, lavom i vodenjakom<br>Ne odgovaraju im rakovi, \u0161korpioni i ribe<\/p>\n\n\n\n<h3 class=\"wp-block-heading\">Blizanci \u2013 Ovan: \ud83d\ude42 \ud83d\ude42<\/h3>\n\n\n\n<p>Ovo op\u0107enito nije lo\u0161a kombinacija. \u010ceste promjene raspolo\u017eenja kod blizanaca ovna zbunjuju, ali i uzbu\u0111uju. Zajedni\u010dko im je to \u0161to ne vole rutinu, iako je svatko razbija na svoj na\u010din, Ovan voli sport, blizanci umjetnost. Ponekad zbog toga izbijaju sva\u0111e, ali zbog ne ba\u0161 dugotrajnog pam\u0107enja i jednog i drugog znaka, nesuglasice se brzo zaboravljaju, te oni ostaju dosta dugo zajedno.<\/p>\n\n\n\n<h3 class=\"wp-block-heading\">Blizanci \u2013 Bik: \ud83d\ude41<\/h3>\n\n\n\n<p>Blizanci su spontane i radoznale osobe \u017eeljne promjena \u0161to zapravo i ne odgovara previ\u0161e bikovima. Njihova veza nema dobre predispozicije. Bikovima ipak bolje odgovaraju neki konzervativniji znakovi, a ne lepr\u0161avi blizanci. A blizancima je potrebno ne\u0161to vi\u0161e od sigurnosti doma koju im bikovi mogu pru\u017eiti.<\/p>\n\n\n\n<h3 class=\"wp-block-heading\">Blizanci \u2013 Blizanci: \ud83d\ude42 \ud83d\ude41<\/h3>\n\n\n\n<p>Neutralna zajednica koja mo\u017ee ispasti i savr\u0161eno i katastrofalno. Posebno se sla\u017eu na intelektualnom planu. U ovom slu\u010daju vrijedi da se jednakosti privla\u010de. Jedan drugoga \u0107e razumjeti i podr\u017eavati. Problem mo\u017ee biti samo ukoliko ni jedan nije dovoljno sna\u017ean da na sebe preuzme odgovornost za o\u010duvanje veze.<\/p>\n\n\n\n<h3 class=\"wp-block-heading\">Blizanci \u2013 Rak: \ud83d\ude41 \ud83d\ude41<\/h3>\n\n\n\n<p>Topao, nje\u017ean i posve\u0107en domu rak nikako nije za blizance. Njihova povr\u0161nost i ravnodu\u0161nost raka mo\u017ee samo povrijediti. Iako pri prvom kontaktu mogu na\u0107i dosta toga zajedni\u010dkog, rakovima ne savjetujemo upu\u0161tanje u vezu s blizancima, osim ako nisu spremni povremeno gledati svoga blizanca kako se mirno odlazi udvarati drugim osobama.<\/p>\n\n\n\n<h3 class=\"wp-block-heading\">Blizanci \u2013 Lav: \ud83d\ude42 \ud83d\ude42<\/h3>\n\n\n\n<p>Blizanci \u0107e s lavom ostvariti idealnu vezu. Oba znaka vole biti u centru pa\u017enje, komunikativni su i vole dobru zabavu. Blizance \u0107e odu\u0161eviti lavovi koji imaju potrebu stalno biti u centru pa\u017enje. Skloni stalnim igricama mi\u0161a i ma\u010dke vrlo brzo se povezuju i ostaju dugo zajedno. Ipak, blizancima mo\u017ee zasmetati lavova posesivnost, a blizancima mo\u017ee dosaditi stalno komplimentirati lavu.<\/p>\n\n\n\n<h3 class=\"wp-block-heading\">Blizanci \u2013 Djevica: \ud83d\ude41<\/h3>\n\n\n\n<p>Odanu, osje\u0107ajnu i profinjenu djevicu blizanac \u0107e privu\u0107i samo u rijetkim situacijama, i to svojim laskanjem. Djevica \u0107e naivno povjerovati da bi on sve u\u010dinio za nju, ali kada na povr\u0161inu iza\u0111e njegovo pravo, hladno lice djevica \u0107e dati petama vjetra. Promjenama raspolo\u017eenja skloni blizanci ni u tom pogledu ne odgovaraju djevicama, a blizancima \u0107e smetati stalno prigovaranje djevica.<\/p>\n\n\n\n<h3 class=\"wp-block-heading\">Blizanci \u2013 Vaga: \ud83d\ude42 \ud83d\ude42<\/h3>\n\n\n\n<p>Stalna \u017eelja za novitetima i uzbu\u0111enjima mo\u017ee ih povezati na po\u010detku veze ali to \u0107e ih i udaljiti jedno od drugoga kada nakon odre\u0111enog vremena po\u017eele novu zabavu. Ina\u010de su dobra kombinacija ako se me\u0111usobno prilagode. Blizanci vagi moraju prepustiti brigu o financijama i biti joj podr\u0161ka u karijeri, a vaga mora nau\u010diti prilago\u0111avati se pona\u0161anju i raspolo\u017eenju blizanca. Imaju zajedni\u010dke osobine poput dru\u0161tvenosti, \u017eelje za samostalno\u0161\u0107u i neovisnosti. Oboma im je partner potreban samo u odre\u0111enim koli\u010dinama pa ne\u0107e gu\u0161iti jedan drugoga.<\/p>\n\n\n\n<h3 class=\"wp-block-heading\">Blizanci \u2013 \u0160korpion: \ud83d\ude41 \ud83d\ude41<\/h3>\n\n\n\n<p>Osje\u0107ajnom \u0161korpionu blizanci nikako nisu dobar izbor. A ako ih slu\u010dajno i privuku, inteligentni \u0161korpion \u0107e ga brzo pro\u010ditati i shvatiti njegovu povr\u0161nost. Dok je \u0161korpion vi\u0161e okrenut intelektualnom usavr\u0161avanju i osobnom napretku, blizanci su izrazito dru\u0161tveni, te \u0161korpioni ne\u0107e mo\u0107i pratiti njihovu potrebu za dru\u0161tvom. Poku\u0161at \u0107e ih prisvojiti, a to \u0107e onda gu\u0161iti blizance.<\/p>\n\n\n\n<h3 class=\"wp-block-heading\">Blizanci \u2013 Strijelac: \ud83d\ude42 \ud83d\ude42<\/h3>\n\n\n\n<p>Strijelce blizanci mogu lako privu\u0107i. I jedan i drugi znak su zabavni, komunikativni i izrazito dru\u0161tveni. Blizance \u0107e strijelci osvojiti svojom sposobno\u0161\u0107u da to\u010dno procjene \u0161to njima treba. Ipak njihovi intimni trenuci bit \u0107e dosta rijetki zbog stalne potrebe za bogatim dru\u0161tvenim \u017eivotom. Vole se osje\u0107ati slobodnima. Tolerancija izra\u017eena kod strijelaca, pomo\u0107i \u0107e im da za\u017emire na partnerove mane i sa\u010duvaju dobar odnos. Oba znaka vole komentirati pa i ogovarati stoga su dobri i kao prijateljska kombinacija.<\/p>\n\n\n\n<h3 class=\"wp-block-heading\">Blizanci \u2013 Jarac: \ud83d\ude42 \ud83d\ude41<\/h3>\n\n\n\n<p>Blizanci i jarac su dva potpuno suprotna znaka. Skoro da nemaju zajedni\u010dke osobine. Dok je jarac ambiciozan, pouzdan i discipliniran, blizanci su sve, samo ne to. Privla\u010dnost je mogu\u0107a upravo zbog toga \u0161to pesimisti\u010dnom jarcu dobro raspolo\u017eeni i nasmijani blizanci razbijaju svakodnevnu rutinu. Jarci \u0107e uz blizance pro\u0161iriti svoj dru\u0161tveni krug, a blizanci ste\u0107i financijsku sigurnost. Te\u0161ko je na\u0107i osobe koje se vi\u0161e razlikuju a u isto vrijeme tako dobro nadopunjuju. Iako ova veza tra\u017ei puno kompromisa mo\u017ee biti vrlo uspje\u0161na.<\/p>\n\n\n\n<h3 class=\"wp-block-heading\">Blizanci \u2013 Vodenjak: \ud83d\ude42 \ud83d\ude42 \ud83d\ude42<\/h3>\n\n\n\n<p>Ovo je dobar par i na duge i kratke staze. Savr\u0161eno se razumiju. Sve \u0161to vodenjak spomene blizancima je zanimljiva tema za po\u010detak razgovora. Ne\u0107e im biti dosadno bilo da traju godinu ili pedeset. Otvorenost i inovativnost vodenjaka neodoljiva je blizancima. Podvojena li\u010dnost blizanaca \u0107e privla\u010diti vodenjake. Oba znaka su individualci, te ne\u0107e gu\u0161iti jedan drugoga.<\/p>\n\n\n\n<h3 class=\"wp-block-heading\">Blizanci \u2013 Riba: \ud83d\ude41 \ud83d\ude41<\/h3>\n\n\n\n<p>Ribama se bolje ne upu\u0161tati u odnose s blizancima. Kako god okrenu izvu\u0107i \u0107e deblji kraj. Ribe su previ\u0161e posesivne osobe \u0161to smeta blizancima, tako\u0111er ne mogu razumjeti blizan\u010devu potrebu za stalnim udvaranjem i dodvoravanjem drugim ljudima. I jednom i drugom znaku treba netko pouzdaniji i stabilniji.<\/p>\n","protected":false},"excerpt":{"rendered":"<p>Blizanci &#8211; kako zavesti blizanca Blizanci su duhovite i radoznale osobe. U njihovom dru\u0161tvu nikad nije dosadno. Ro\u0111eni su zabavlja\u010di. Blizanci se dobro snalaze u svim situacijama i znaju ih lako okrenuti u svoju korist, \u0161to zbog prilagodljivosti, \u0161to zbog inteligencije. Lako \u0107ete stupiti s njima u kontakt jer su komunikativni, ali to mo\u017ee biti [&hellip;]<\/p>\n","protected":false},"author":1,"featured_media":39327,"parent":28633,"menu_order":0,"comment_status":"closed","ping_status":"closed","template":"","meta":{"footnotes":"","_links_to":"","_links_to_target":""},"class_list":["post-27176","page","type-page","status-publish","has-post-thumbnail","hentry"],"_links":{"self":[{"href":"https:\/\/covermagazin.com\/index.php?rest_route=\/wp\/v2\/pages\/27176","targetHints":{"allow":["GET"]}}],"collection":[{"href":"https:\/\/covermagazin.com\/index.php?rest_route=\/wp\/v2\/pages"}],"about":[{"href":"https:\/\/covermagazin.com\/index.php?rest_route=\/wp\/v2\/types\/page"}],"author":[{"embeddable":true,"href":"https:\/\/covermagazin.com\/index.php?rest_route=\/wp\/v2\/users\/1"}],"replies":[{"embeddable":true,"href":"https:\/\/covermagazin.com\/index.php?rest_route=%2Fwp%2Fv2%2Fcomments&post=27176"}],"version-history":[{"count":4,"href":"https:\/\/covermagazin.com\/index.php?rest_route=\/wp\/v2\/pages\/27176\/revisions"}],"predecessor-version":[{"id":62151,"href":"https:\/\/covermagazin.com\/index.php?rest_route=\/wp\/v2\/pages\/27176\/revisions\/62151"}],"up":[{"embeddable":true,"href":"https:\/\/covermagazin.com\/index.php?rest_route=\/wp\/v2\/pages\/28633"}],"wp:featuredmedia":[{"embeddable":true,"href":"https:\/\/covermagazin.com\/index.php?rest_route=\/wp\/v2\/media\/39327"}],"wp:attachment":[{"href":"https:\/\/covermagazin.com\/index.php?rest_route=%2Fwp%2Fv2%2Fmedia&parent=27176"}],"curies":[{"name":"wp","href":"https:\/\/api.w.org\/{rel}","templated":true}]}}