{"id":27172,"date":"2023-09-14T10:55:23","date_gmt":"2023-09-14T08:55:23","guid":{"rendered":"http:\/\/covermagazin.com\/?page_id=27172"},"modified":"2023-09-14T10:55:24","modified_gmt":"2023-09-14T08:55:24","slug":"lav-kako-zavesti-horoskopski-znak-lav","status":"publish","type":"page","link":"https:\/\/covermagazin.com\/?page_id=27172","title":{"rendered":"Lav &#8211; kako zavesti lava"},"content":{"rendered":"\n<p><img loading=\"lazy\" decoding=\"async\" width=\"600\" height=\"400\" class=\"alignnone size-full wp-image-39341\" src=\"https:\/\/covermagazin.com\/wp-content\/uploads\/2020\/06\/lav-kako-zavesti.jpg\" alt=\"\" srcset=\"https:\/\/covermagazin.com\/wp-content\/uploads\/2020\/06\/lav-kako-zavesti.jpg 600w, https:\/\/covermagazin.com\/wp-content\/uploads\/2020\/06\/lav-kako-zavesti-300x200.jpg 300w, https:\/\/covermagazin.com\/wp-content\/uploads\/2020\/06\/lav-kako-zavesti-576x384.jpg 576w\" sizes=\"auto, (max-width: 600px) 100vw, 600px\" \/><\/p>\n\n\n\n<h2 class=\"wp-block-heading\">Lav &#8211; kako zavesti lava<\/h2>\n\n\n\n<p>Lav jednostavno voli biti u centru pa\u017enje. Sunce ga \u010dini samouvjerenim. Mora u svemu biti najbolji, isti\u010de se i svojom odva\u017eno\u0161\u0107u i hrabro\u0161\u0107u. Voli izazove i stalna dokazivanja. On \u017eivi od pohvala i divljenja drugih ljudi, ako \u017eelite ostaviti dobar dojam na lava stalno mu komplimentirajte.<\/p>\n\n\n\n<p>Lav ima potrebu svima pokazati da je najbolji i vrijedan divljenja pa \u0107e se tako i svome partneru stalno dokazivati. Lav je inicijator i voli dominirati, na ovo \u0107ete se morati priviknuti \u017eelite li vezu s njima. Odu\u0161evljeno prihva\u0107ajte njihove ideje i nemojte se ljutiti ako on ne bude uzvra\u0107ao na va\u0161e.<br>Ne zaboravite mu laskati i ni slu\u010dajno mu nemojte spominjati teme poput starosti, bolesti i usamljenosti. To su njihovi najdublji strahovi. Unato\u010d njihovom \u010dvrstom nastupu, oni su iznutra vrlo ranjivi.<\/p>\n\n\n\n<p>Lav voli zgodne, ali \u0161to je va\u017enije dotjerane osobe. Lav kao car \u017eivotinja uvijek se dr\u017ei ponosno, pa takvo aristokratsko dr\u017eanje o\u010dekuje i od svoga partnera. Nemojte dopustit da pomisli kako vas je prelako osvojio, jer lav voli izazove, ali nemojte ni previ\u0161e odugovla\u010diti jer lav je uistinu lijen da bi se pretjerano oko nekoga potrudio.<\/p>\n\n\n\n<p><strong>Najbolji partneri za lavove su blizanci, ovnovi i strijelci.<\/strong><br><strong>Njima ne odgovaraju djevice, \u0161korpioni i ribe.<\/strong><\/p>\n\n\n\n<h3 class=\"wp-block-heading\">Lav \u2013 Ovan: \ud83d\ude42 \ud83d\ude42 \ud83d\ude42<\/h3>\n\n\n\n<p>Ovan i Lav \u0107e se dobro slagati sve dok ovan bude hvalio lava, a lav bude imao razumijevanja za ovnove stalne inovativne pothvate. Kako se oba znaka vole raspravljati njima \u0107e i nesuglasice biti poticaj u vezi. Samo je bitno da lav pusti ovna da vjeruje kako on uvijek ima pravo. Ovo je dobra kombinacija u svakom pogledu, ljubavnom, prijateljskom i poslovnom.<\/p>\n\n\n\n<h3 class=\"wp-block-heading\">Lav \u2013 Bik: \ud83d\ude41 \ud83d\ude42<\/h3>\n\n\n\n<p>Kako bik ima istan\u010dan osje\u0107aj za lijepo po tom pitanju mu lav savr\u0161eno odgovara, privu\u0107i \u0107e ga njegova ljepota, snaga i strast. S druge strane lav \u0107e kod bika prona\u0107i potrebnu financijsku sigurnost. Lavova otvorenost i bikova konzervativnost s jedne strane mogu biti dobra kombinacija, ali ako su jako izra\u017eene te karakteristike mogu biti kobne za njihovu vezu. Naj\u010de\u0161\u0107e su \u017eivahna kombinacija ali kratkog vijeka trajanja.<\/p>\n\n\n\n<h3 class=\"wp-block-heading\">Lav \u2013 Blizanci: \ud83d\ude42 \ud83d\ude42<\/h3>\n\n\n\n<p>Blizanci \u0107e s lavovima ostvariti idealnu vezu. Oba znaka vole biti u centru pa\u017enje, komunikativni su i vole dobru zabavu. Blizance \u0107e odu\u0161eviti lavovi koji imaju potrebu stalno biti u centru pa\u017enje. Skloni stalnim igricama mi\u0161a i ma\u010dke vrlo brzo se povezuju i ostaju dugo zajedno. Ipak, blizancima mo\u017ee zasmetati lavova posesivnost a blizancima mo\u017ee dosaditi stalno komplimentirati lavu.<\/p>\n\n\n\n<h3 class=\"wp-block-heading\">Lav \u2013 Rak: \ud83d\ude42 \ud83d\ude41<\/h3>\n\n\n\n<p>Lavovi moraju uvijek biti u centru pa\u017enje \u0161to \u0107e, ukoliko lav u tome ne prevr\u0161i mjeru, privu\u0107i raka. Veza mo\u017ee uspjeti ako rak shvati da lava jednostavno mora stalno hvaliti, a lav \u0107e u toj vezi nau\u010diti pokazivati emocije i pru\u017eiti potporu raku. Problemati\u010dnost u vezi je sitni\u010davost oba znaka. Problemi nastaju ako im se mu\u0161i\u010davi dani poklope, kada je prekid neizbje\u017ean.<\/p>\n\n\n\n<h3 class=\"wp-block-heading\">Lav \u2013 Lav: \ud83d\ude41<\/h3>\n\n\n\n<p>To \u0161to su sli\u010dnih osobina pojavljuje se kao najve\u0107a prepreka mirnoj vezi. Oba partnera vole dominaciju i vole nare\u0111ivati. U ovoj zajednici \u010desti su sukobi i sva\u0111e. Veza mo\u017ee uspjeti samo ako \u017eena lav preuzme tradicionalnu ulogu \u017eene kao slabijeg spola i dopusti mu\u0161karcu lavu dominantnu ulogu. Kako oba partnera \u017eude za divljenjem i pohvalama u ovoj kombinaciji niti jedan ih ne\u0107e dobivati dovoljni, pa njihov ego ne\u0107e biti zadovoljen. Lako \u0107e se privu\u0107i zbog isticanja u dru\u0161tvu ali ne\u0107e znati odr\u017eati zajednicu.<\/p>\n\n\n\n<h3 class=\"wp-block-heading\">Lav \u2013 Djevica: \ud83d\ude41<\/h3>\n\n\n\n<p>Ova veza bi i mogla uspjeti ali uz puno truda. Djevica se mo\u017ee zaljubiti u lava zbog njegovog upe\u010datljivog prvog dojma, ali kad prva zaljubljenost pro\u0111e javljaju se problemi jer na vidjelo izlaze njegovi nedostaci. Drugi problem se mo\u017ee pojaviti zbog lavove velikodu\u0161nosti \u0161to \u0107e iritirati prakti\u010dnu i \u0161tedljivu djevicu. Ne\u0107e razumjeti kako lav mo\u017ee toliko ljen\u010dariti, malo zara\u0111ivati, a opet toliko tro\u0161iti na odje\u0107u, kozmetiku ili na poklone. Zbog toga \u0107e je lav do\u017eivljavati kao uskogrudnu a njena prigovaranja \u0107e ga smetati.<\/p>\n\n\n\n<h3 class=\"wp-block-heading\">Lav \u2013 Vaga: \ud83d\ude42 \ud83d\ude42<\/h3>\n\n\n\n<p>Lav i vaga su dosta dobri partneri. Oba znaka su dru\u0161tveni, zanimljivi su i vole izlaske. Lako \u0107e se primijetiti i privu\u0107i jer se i jedan i drugi znak vole isticati u dru\u0161tvu. Problemi se mogu pojaviti zbog kriti\u010dnosti i neodlu\u010dnosti vaga, \u0161to lavovima ide na \u017eivce. Vage po svojoj prirodi nisu vjeran znak, to smeta lavu koji voli biti centar ne\u010dijeg svijeta, ali kako i jedan i drugi znak vole i imaju potrebu usre\u0107iti svoga partnera vaga mo\u017ee nadi\u0107i svoje porive za koketiranjem s drugima.<\/p>\n\n\n\n<h3 class=\"wp-block-heading\">Lav \u2013 \u0160korpion: \ud83d\ude41 \ud83d\ude41<\/h3>\n\n\n\n<p>Du\u017ea veza me\u0111u ova dva partnera je te\u0161ko ostvariva. Iako imaju neke sli\u010dne osobine svi problemi \u0107e se pojaviti zbog \u017eelje oba partnera do dominiraju. Jednostavno ako se i jedan partner povu\u010de odre\u0111eno vrijeme i prepusti drugome ulogu \u0161efa, njegova prava osobnost \u0107e isplivati na povr\u0161inu i uslijedit \u0107e ponovna borba. To \u0107e umoriti lava, iako se u ovoj vezi \u010de\u0161\u0107e prvi povla\u010de \u0161korpioni, ina\u010de inteligentniji i racionalniji znak koji \u0107e prije primijetiti kako nisu jedno za drugo. \u0160korpiona \u0107e tako\u0111er smetati lavova rasipnost. Zajedni\u010dka im je strastvenost i osje\u0107ajnost, pa ako ba\u0161 insistiraju to su karakteristike na kojima mogu graditi vezu.<\/p>\n\n\n\n<h3 class=\"wp-block-heading\">Lav \u2013 Strijelac: \ud83d\ude42 \ud83d\ude42 \ud83d\ude42<\/h3>\n\n\n\n<p>Lav i strijelac su zaista dobar par. U nekim stvarima su sli\u010dni u nekim razli\u010diti, ali bitno je da su sli\u010dni tamo gdje treba a razli\u010diti u onim karakteristikama koje nisu va\u017ene partneru. Mogli bi smo re\u0107i da se savr\u0161eno nadopunjuju i uzajamno razumiju.<\/p>\n\n\n\n<h3 class=\"wp-block-heading\">Lav \u2013 Jarac: \ud83d\ude42 \ud83d\ude41<\/h3>\n\n\n\n<p>Glavni izvor sukoba u ovoj vezi je novac. Lav voli tro\u0161iti, a jarac \u0161tedjeti. Jarac voli raditi, a lav ljen\u010dariti. Jarcu fizi\u010dki izgled nije jako bitan a lav ono malo novaca \u0161to ima ula\u017ee u njega. Me\u0111utim, ukoliko lav slu\u010dajno nai\u0111e na jarca kojemu imponira njegov stav, izgled i pona\u0161anja, jarac \u0107e dobrovoljno pristati ga financirati. Ovakva veza \u010desto je uspje\u0161na ako se radi o jarcu mu\u0161karcu i \u017eeni lavu.<\/p>\n\n\n\n<h3 class=\"wp-block-heading\">Lav \u2013 Vodenjak: \ud83d\ude42 \ud83d\ude41<\/h3>\n\n\n\n<p>Ova veza mo\u017ee dobro funkcionirati, jer \u0107e lav iskreno imponirati vodenjaku te \u0107e ga ovaj hvaliti bez imalo pretjerivanja u svojim izjavama. Zajedni\u010dke osobine su im ponos i tvrdoglavost \u0161to mo\u017ee biti izvor i slaganja i neslaganja ovisno o situaciji. Ve\u0107i problem u ovoj vezi predstavlja stalna \u017eelja vodenjaka za ne\u010dim novim, \u0161to lav ne\u0107e shvatiti, nego \u0107e potra\u017eiti novu osobu kojoj \u0107e biti centar svijeta.<\/p>\n\n\n\n<h3 class=\"wp-block-heading\">Lav \u2013 Riba: \ud83d\ude41<\/h3>\n\n\n\n<p>Riba je znak pun razumijevanja i dobar slu\u0161a\u010d \u0161to odgovara lavu. Ribu \u0107e lav privu\u0107i jer ona voli pomalo agresivne partnere i voli prepustiti inicijativu drugome. Lav ne\u0107e imati previ\u0161e razumijevanja za \u0161utljive i depresivne faze ribe, koje mogu biti izvor stalnih problema i na kraju natjerati lava da ode iz veze.<\/p>\n","protected":false},"excerpt":{"rendered":"<p>Lav &#8211; kako zavesti lava Lav jednostavno voli biti u centru pa\u017enje. Sunce ga \u010dini samouvjerenim. Mora u svemu biti najbolji, isti\u010de se i svojom odva\u017eno\u0161\u0107u i hrabro\u0161\u0107u. Voli izazove i stalna dokazivanja. On \u017eivi od pohvala i divljenja drugih ljudi, ako \u017eelite ostaviti dobar dojam na lava stalno mu komplimentirajte. Lav ima potrebu svima [&hellip;]<\/p>\n","protected":false},"author":1,"featured_media":39341,"parent":28633,"menu_order":0,"comment_status":"closed","ping_status":"closed","template":"","meta":{"footnotes":"","_links_to":"","_links_to_target":""},"class_list":["post-27172","page","type-page","status-publish","has-post-thumbnail","hentry"],"_links":{"self":[{"href":"https:\/\/covermagazin.com\/index.php?rest_route=\/wp\/v2\/pages\/27172","targetHints":{"allow":["GET"]}}],"collection":[{"href":"https:\/\/covermagazin.com\/index.php?rest_route=\/wp\/v2\/pages"}],"about":[{"href":"https:\/\/covermagazin.com\/index.php?rest_route=\/wp\/v2\/types\/page"}],"author":[{"embeddable":true,"href":"https:\/\/covermagazin.com\/index.php?rest_route=\/wp\/v2\/users\/1"}],"replies":[{"embeddable":true,"href":"https:\/\/covermagazin.com\/index.php?rest_route=%2Fwp%2Fv2%2Fcomments&post=27172"}],"version-history":[{"count":5,"href":"https:\/\/covermagazin.com\/index.php?rest_route=\/wp\/v2\/pages\/27172\/revisions"}],"predecessor-version":[{"id":66373,"href":"https:\/\/covermagazin.com\/index.php?rest_route=\/wp\/v2\/pages\/27172\/revisions\/66373"}],"up":[{"embeddable":true,"href":"https:\/\/covermagazin.com\/index.php?rest_route=\/wp\/v2\/pages\/28633"}],"wp:featuredmedia":[{"embeddable":true,"href":"https:\/\/covermagazin.com\/index.php?rest_route=\/wp\/v2\/media\/39341"}],"wp:attachment":[{"href":"https:\/\/covermagazin.com\/index.php?rest_route=%2Fwp%2Fv2%2Fmedia&parent=27172"}],"curies":[{"name":"wp","href":"https:\/\/api.w.org\/{rel}","templated":true}]}}