{"id":27170,"date":"2022-05-14T17:43:15","date_gmt":"2022-05-14T15:43:15","guid":{"rendered":"http:\/\/covermagazin.com\/?page_id=27170"},"modified":"2022-05-14T17:43:29","modified_gmt":"2022-05-14T15:43:29","slug":"djevica-kako-zavesti-horoskopski-znak-djevicu","status":"publish","type":"page","link":"https:\/\/covermagazin.com\/?page_id=27170","title":{"rendered":"Djevica &#8211; kako zavesti horoskopski znak djevicu"},"content":{"rendered":"\n<p><a href=\"https:\/\/covermagazin.com\/wp-content\/uploads\/2020\/06\/djevica-kako-zavesti-bika.jpg\"><img loading=\"lazy\" decoding=\"async\" class=\"alignnone size-full wp-image-39331\" src=\"https:\/\/covermagazin.com\/wp-content\/uploads\/2020\/06\/djevica-kako-zavesti-bika.jpg\" alt=\"\" width=\"600\" height=\"400\" srcset=\"https:\/\/covermagazin.com\/wp-content\/uploads\/2020\/06\/djevica-kako-zavesti-bika.jpg 600w, https:\/\/covermagazin.com\/wp-content\/uploads\/2020\/06\/djevica-kako-zavesti-bika-300x200.jpg 300w, https:\/\/covermagazin.com\/wp-content\/uploads\/2020\/06\/djevica-kako-zavesti-bika-576x384.jpg 576w\" sizes=\"auto, (max-width: 600px) 100vw, 600px\" \/><\/a><\/p>\n\n\n\n<h2 class=\"wp-block-heading\">Djevica &#8211; kako zavesti horoskopski znak djevicu<\/h2>\n\n\n\n<p>Dominantne osobine djevice su profinjenost i pedantnost. Voli se lijepo pona\u0161ati i ljude koji se tako pona\u0161aju. Ima mi\u0161ljenje o svemu i ne ustru\u010dava se izre\u0107i ga.<\/p>\n\n\n\n<p>Vrlo je radoznala, inteligentna, odgovorna, strpljiva, organizirana, temeljita&#8230;\u010cini se da djevice u sebi kriju samo pozitivne osobine, me\u0111utim kod niskog tipa djevica sve te osobine postaju agresivne i te\u0161ko ih je tolerirati. Tada djevice postaju prekriti\u010dne, sitni\u010dave, a samim time i iritantne.<\/p>\n\n\n\n<p>Ne prepu\u0161taju se osje\u0107ajima lako, svoje emocije djevice strogo kontroliraju zbog straha da \u0107e biti povrije\u0111ene. Prije nego se djevice zaljube u vas pro\u0107i \u0107ete sito i re\u0161eto. Nemojte dopustiti da vas to obeshrabri jer one vole uporne osobe.<\/p>\n\n\n\n<p>Vrlo rijetko \u0107e djevica preuzeti inicijativu, stoga, ako vam se svi\u0111a djevica morati \u0107ete uzeti stvari u svoje ruke, ipak nemojte to \u010diniti prenapadno. Zadobijte njeno povjerenje, poka\u017eite svoju inteligenciju, budite strpljivi. Djevice mrze vulgarnost i nekulturne osobe, zato istaknite svoju profinjenu stranu i imajte mjeru u svemu.<\/p>\n\n\n\n<h3 class=\"wp-block-heading\"><strong>Kako zavesti horoskopski znak djevicu<\/strong><\/h3>\n\n\n\n<p><strong>Najbolji partneri za djevice su bik i jarac<br>Nisu preporu\u010dljive kombinacije s blizancima i vodenjakom<\/strong><\/p>\n\n\n\n<h3 class=\"wp-block-heading\">Djevica \u2013 Ovan: \ud83d\ude42 \ud83d\ude41<\/h3>\n\n\n\n<p>Astrolo\u0161ki gledano ovan i djevica su neutralan par. Ako se obostrano potrude i prilagode mogu\u0107a je i dobra i dugotrajna zajednica. U svemu je najva\u017enije prona\u0107i zajedni\u010dke interese i hobije. Prakti\u010dnost i odgovornost djevica doprinose vezi, dok njihova sitni\u010davost mo\u017ee izluditi ovna, te bi trebale izbjegavati kritizirati ih.<\/p>\n\n\n\n<h3 class=\"wp-block-heading\">Djevica \u2013 Bik: \ud83d\ude42 \ud83d\ude42 \ud83d\ude42<\/h3>\n\n\n\n<p>Ova dva znaka su \u00abperfect match\u00bb. Svi\u0111aju im se iste stvari, i jedan i drugi znak cijeni toplinu doma. Pogledi na \u017eivot su im identi\u010dni. Vole planirati unaprijed, a sigurnost i materijalna i emotivna im je jako va\u017ena.<\/p>\n\n\n\n<h3 class=\"wp-block-heading\">Djevica \u2013 Blizanci: \ud83d\ude41 \ud83d\ude41<\/h3>\n\n\n\n<p>Odanu, osje\u0107ajnu i profinjenu djevicu blizanci \u0107e privu\u0107i samo u rijetkim situacijama i to svojim laskanjem. Djevica \u0107e naivno povjerovati da bi on sve u\u010dinio za nju, ali kada na povr\u0161inu izi\u0111e njegovo pravo, hladno lice djevica \u0107e dati petama vjetra. Promjenama raspolo\u017eenja skloni blizanci ni u tom pogledu ne odgovaraju djevicama, a blizancima \u0107e smetati stalno prigovaranje djevica.<\/p>\n\n\n\n<h3 class=\"wp-block-heading\">Djevica \u2013 Rak: \ud83d\ude42 \ud83d\ude42<\/h3>\n\n\n\n<p>Zajedni\u010dke karakteristike koje ve\u017eu ova dva znaka su odanost, sklonost obiteljskom \u017eivotu, a oba znaka tako\u0111er, znaju s novcima. Jedino ih mo\u017ee po\u010deti razdvajati prevelika rakova osjetljivost. Djevica ne razumije za\u0161to raku mora svaki dan iznova govoriti koliko ga voli i dokazivati svoju ljubav. Rak nikako ne\u0107e razumjeti djevicu koja se odlu\u010di posvetiti karijeri. Rak bi se trebao malo manje orijentirati na svoje roditelje, bra\u0107u i sestre a vi\u0161e se posvetiti izgradnji obitelji s djevicom. Problem u vezi je dono\u0161enje odluka, ni jedan ni drugi znak nisu skloni dono\u0161enju odluka i mogu ih odga\u0111ati sve dok ne postanu kobne. Unato\u010d svim problemima uz malo truda i kompromisa mogu ostvariti skladnu vezu.<\/p>\n\n\n\n<h3 class=\"wp-block-heading\">Djevica \u2013 Lav: \ud83d\ude42<\/h3>\n\n\n\n<p>Ova veza bi i mogla uspjeti ali uz puno truda. Djevica se mo\u017ee zaljubiti u lava zbog njegovog upe\u010datljivog prvog dojma, ali kad prva zaljubljenost pro\u0111e javljaju se problemi jer na vidjelo izlaze njegovi nedostaci. Drugi problem se mo\u017ee pojaviti zbog lavove velikodu\u0161nosti \u0161to \u0107e iritirati prakti\u010dnu i \u0161tedljivu djevicu. Ne\u0107e razumjeti kako lav mo\u017ee toliko ljen\u010dariti, malo zara\u0111ivati, a opet toliko tro\u0161iti na odje\u0107u, kozmetiku ili na poklone. Zbog toga \u0107e je lav do\u017eivljavati kao uskogrudnu a njena prigovaranja \u0107e ga smetati.<\/p>\n\n\n\n<h3 class=\"wp-block-heading\">Djevica \u2013 Djevica: \ud83d\ude42 \ud83d\ude42<\/h3>\n\n\n\n<p>Vrlo dobra kombinacija. Imaju zajedni\u010dke interese i sli\u010dne stavove o \u017eivotu, ljubavi i sexu. Budu\u0107i da su djevice u svemu umjerene, nije problem kada se sudare takve dvije osobe. Sklonost analiziranju i ponekad prevelika kriti\u010dnost prema partneru mo\u017ee dovesti do nesuglasica ali \u010de\u0161\u0107e \u0107e ovi partneri ostvariti sklad i mir u ku\u0107i.<\/p>\n\n\n\n<h3 class=\"wp-block-heading\">Djevica \u2013 Vaga:&nbsp; \ud83d\ude42 \ud83d\ude41<\/h3>\n\n\n\n<p>Uzbudljiva i zanimljiva vaga djeluje privla\u010dno djevici. Zajedni\u010dke osobine poput profinjenosti, \u0161arma i senzualnog ukusa jednostavno \u0107e djevici zavrtjeti mozak. Lako \u0107e prona\u0107i teme za razgovor. Zajedno \u0107e ogovarati sve oko sebe, ali kada djevica po\u0111e analizirati i svoju vagu, javit \u0107e se problemi. Pogotovo kada djevica otkrije kako vaga ne mo\u017ee biti vjerna samo jednoj osobi potpuno \u0107e se razo\u010darati. Veza mo\u017ee opstati ukoliko se djevica pomiri s \u010dinjenicom da je vagi jednostavno potreban bar nedu\u017ean poticaj sa strane.<\/p>\n\n\n\n<h3 class=\"wp-block-heading\">Djevica \u2013 \u0160korpion: \ud83d\ude41 \ud83d\ude42<\/h3>\n\n\n\n<p>Ova dva inteligentna znaka brzo \u0107e se na\u0107i. Zavodljivi \u0161korpion lako \u0107e osvojiti djevicu, ali \u010dim ga djevica po\u0111e komentirati \u0161korpion \u0107e nestati brzinom vjetra, jer ne mo\u017ee podnijeti \u010dinjenicu da nije savr\u0161en u svemu \u0161to ima i radi. Ovo na kraju krajeva mo\u017ee biti i uspje\u0161na kombinacija ako na vrijeme prepoznaju potrebe onog drugog. Djevica ga mora malo manje komentirati, a bilo bi najbolje ako uop\u0107e ne bi prigovarala. Sli\u010dan im je stav prema novcu. Iako djevica nije znak koji bi budio ljubomoru, budu\u0107i da je \u0161korpion jako posesivan, ne smije se dovoditi u situacije koje bi stvorile i najmanju sumnju.<\/p>\n\n\n\n<h3 class=\"wp-block-heading\">Djevica \u2013 Strijelac: \ud83d\ude41 \ud83d\ude42<\/h3>\n\n\n\n<p>Intuitivni strijelac lako \u0107e osvojiti djevicu, jer \u0107e u svakom trenutku to\u010dno znati \u0161to djevici treba i kakve su joj \u017eelje. Me\u0111utim, to \u0107e biti samo po\u010detni zanos. Strijelac nije sklon sre\u0111enom i mirnom \u017eivotu \u0161to djevica o\u010dekuje od svoga partnera. Iako djevica po svojoj prirodi nije ljubomorna osoba strijelac bi u njoj mogao pobuditi takve osje\u0107aje. Zajedni\u010dka im je ljubav prema prirodi i putovanjima pa ih i to mo\u017ee spojiti.<\/p>\n\n\n\n<h3 class=\"wp-block-heading\">Djevica \u2013 Jarac: \ud83d\ude42 \ud83d\ude42 \ud83d\ude42<\/h3>\n\n\n\n<p>Astrolo\u0161ki gledano ova dva znaka se dosta dobro sla\u017eu. Realni su, inteligentni, znaju \u0161to \u017eele od \u017eivota i kako to posti\u0107i. Imaju vrlo sli\u010dan stav prema novcu, \u0161tedljivi su i ve\u0107inu stvari u \u017eivotu \u017eele isplanirati unaprijed.<\/p>\n\n\n\n<h3 class=\"wp-block-heading\">Djevica \u2013 Vodenjak: \ud83d\ude41<\/h3>\n\n\n\n<p>Ovaj par ne\u0107e lako ostvariti dugotrajnu vezu. Samo uz puno truda i popu\u0161tanja, prvenstveno od strane djevice mogu uspjeti ostati zajedno. Na po\u010detku \u0107e se slo\u017eiti, prona\u0107i zajedni\u010dke teme, sve \u0107e dobro funkcionirati dok veza ne preraste u ozbiljnu zajednicu kad \u0107e morati zajedni\u010dki rje\u0161avati nastale probleme i donositi odluke. Djevica je dosta realna, zna da se bez novca ne mo\u017ee, dok vodenjaku novac nije na listi prioriteta. Djevica \u0107e morati nau\u010diti nositi se i s njegovom stalnom optere\u0107eno\u0161\u0107u globalnim problemima i pristati da umjesto romanti\u010dne ve\u010dere, no\u0107 provedu razgovaraju\u0107i o efektu staklenika ili u najbolju ruku smislu \u017eivota.<\/p>\n\n\n\n<h3 class=\"wp-block-heading\">Djevica \u2013 Ribe: \ud83d\ude41<\/h3>\n\n\n\n<p>Osje\u0107ajna riba je znak koji mo\u017ee i ina\u010de u hladnim djevicama probuditi skrivene emocije. Djevica \u0107e biti ta koja donosi odluke kad su u pitanju financije. Ali ve\u0107 kod toga se mo\u017ee pojaviti problem budu\u0107i da su one \u0161tedljivije od riba i ne mogu shvatiti po njihovom sudu preveliku rastro\u0161nost riba. Kada se pojave problemi djevica \u0107e poku\u0161ati otvoreno razgovarati i kritizirati, dok \u0107e se ribe povu\u0107i u sebe i tek u ekstremnim situacijama reagirati. To je veza koja \u0107e zadati mnogo briga. Djevice sve planiraju unaprijed dok ribe rade sve ovisno o raspolo\u017eenju u kojem se trenutno nalaze a ono mo\u017ee zna\u010dajno varirati.<\/p>\n","protected":false},"excerpt":{"rendered":"<p>Djevica &#8211; kako zavesti horoskopski znak djevicu Dominantne osobine djevice su profinjenost i pedantnost. Voli se lijepo pona\u0161ati i ljude koji se tako pona\u0161aju. Ima mi\u0161ljenje o svemu i ne ustru\u010dava se izre\u0107i ga. Vrlo je radoznala, inteligentna, odgovorna, strpljiva, organizirana, temeljita&#8230;\u010cini se da djevice u sebi kriju samo pozitivne osobine, me\u0111utim kod niskog tipa [&hellip;]<\/p>\n","protected":false},"author":1,"featured_media":39331,"parent":28633,"menu_order":0,"comment_status":"closed","ping_status":"closed","template":"","meta":{"footnotes":"","_links_to":"","_links_to_target":""},"class_list":["post-27170","page","type-page","status-publish","has-post-thumbnail","hentry"],"_links":{"self":[{"href":"https:\/\/covermagazin.com\/index.php?rest_route=\/wp\/v2\/pages\/27170","targetHints":{"allow":["GET"]}}],"collection":[{"href":"https:\/\/covermagazin.com\/index.php?rest_route=\/wp\/v2\/pages"}],"about":[{"href":"https:\/\/covermagazin.com\/index.php?rest_route=\/wp\/v2\/types\/page"}],"author":[{"embeddable":true,"href":"https:\/\/covermagazin.com\/index.php?rest_route=\/wp\/v2\/users\/1"}],"replies":[{"embeddable":true,"href":"https:\/\/covermagazin.com\/index.php?rest_route=%2Fwp%2Fv2%2Fcomments&post=27170"}],"version-history":[{"count":4,"href":"https:\/\/covermagazin.com\/index.php?rest_route=\/wp\/v2\/pages\/27170\/revisions"}],"predecessor-version":[{"id":63054,"href":"https:\/\/covermagazin.com\/index.php?rest_route=\/wp\/v2\/pages\/27170\/revisions\/63054"}],"up":[{"embeddable":true,"href":"https:\/\/covermagazin.com\/index.php?rest_route=\/wp\/v2\/pages\/28633"}],"wp:featuredmedia":[{"embeddable":true,"href":"https:\/\/covermagazin.com\/index.php?rest_route=\/wp\/v2\/media\/39331"}],"wp:attachment":[{"href":"https:\/\/covermagazin.com\/index.php?rest_route=%2Fwp%2Fv2%2Fmedia&parent=27170"}],"curies":[{"name":"wp","href":"https:\/\/api.w.org\/{rel}","templated":true}]}}