{"id":27168,"date":"2020-06-16T08:33:18","date_gmt":"2020-06-16T06:33:18","guid":{"rendered":"http:\/\/covermagazin.com\/?page_id=27168"},"modified":"2020-11-09T15:29:47","modified_gmt":"2020-11-09T13:29:47","slug":"vaga-kako-zavesti-horoskopski-znak-vagu","status":"publish","type":"page","link":"https:\/\/covermagazin.com\/?page_id=27168","title":{"rendered":"Vaga &#8211; kako zavesti vagu"},"content":{"rendered":"<h3><a href=\"https:\/\/covermagazin.com\/wp-content\/uploads\/2020\/06\/vaga-kako-zavesti.jpg\"><img loading=\"lazy\" decoding=\"async\" class=\"alignnone size-full wp-image-39361\" src=\"https:\/\/covermagazin.com\/wp-content\/uploads\/2020\/06\/vaga-kako-zavesti.jpg\" alt=\"\" width=\"600\" height=\"400\" srcset=\"https:\/\/covermagazin.com\/wp-content\/uploads\/2020\/06\/vaga-kako-zavesti.jpg 600w, https:\/\/covermagazin.com\/wp-content\/uploads\/2020\/06\/vaga-kako-zavesti-300x200.jpg 300w, https:\/\/covermagazin.com\/wp-content\/uploads\/2020\/06\/vaga-kako-zavesti-576x384.jpg 576w\" sizes=\"auto, (max-width: 600px) 100vw, 600px\" \/><\/a><\/h3>\n<h3>Vaga &#8211; kako zavesti vaga<\/h3>\n<p>Vaga je dosta rje\u010dit znak, \u0161armirat \u0107e vas pri prvom kontaktu. \u010cak i oni najhladniji znakovi lako padaju pred njihovim \u0161armom. Nikad se ne\u0107e umoriti od upoznavanja novih ljudi, dru\u017eenja&#8230;<\/p>\n<p>Njih karakterizira izra\u017een osje\u0107aj za pravdu kao i suosje\u0107anje s ljudima u nevolji. Mo\u017eda zbog toga imaju jako puno prijatelja i uvijek su okru\u017eeni velikim dru\u0161tvom.<\/p>\n<p>Vole zavoditi i u\u017eivaju u ljubavnim igrama. Ako se neka vaga koketno pona\u0161a prema vama, to uop\u0107e ne mora zna\u010diti da \u017eeli vezu s vama, takvim pona\u0161anjem ona samo zadovoljava svoj uro\u0111eni instinkt.<\/p>\n<p>Vage zaista imaju stila. Imaju profinjen ukus i obo\u017eavaju luksuzne stvari. Me\u0111utim, za vagu nije bitna samo vanjska nego i unutarnja ljepota osobe. Pri svemu imaju jako visoke kriterije.<\/p>\n<p>Tra\u017ei pametnog, lijepog, dru\u0161tvenog i uglednog partnera.<\/p>\n<p>Ako \u017eelite osvojiti vagu, morate imati i stil i stav. Potrebno vam je i dosta upornosti, jer s njima \u0107e stvari na prvi pogled izgledati jednostavne i lake a onda \u0107e vage po\u010deti komplicirati i odugovla\u010diti. Vaga te\u0161ko donosi odluke, pa je tako i u ljubavi. Zbog svoje potrebe za stalnim osvajanjima vaga je rijetko vjerna. Iako ne djeluju tako, one su stidljive i nisu previ\u0161e hrabre.<br \/>\nVaga tra\u017ei atraktivnu osobu s kojom mo\u017ee o aktualnostima i va\u017enim doga\u0111ajima. Odvedite je na ve\u010deru u skupi restoran, na otmjeno mjesto, a nakon toga se ponudite izmasirati joj le\u0111a.<\/p>\n<h3>Najbolje se sla\u017eu s blizancima i vodenjakom.<br \/>\nZa njih nije rak ni \u0161korpion.<\/h3>\n<p>Vaga \u2013 Ovan: \ud83d\ude42 \ud83d\ude42<\/p>\n<p>Ovo je dobra ali ne dugotrajna kombinacija Ovna privla\u010di \u0161armantnost i karizmati\u010dnost vage. Vagu \u0107e privu\u0107i izazov i \u017eelja da promijeni ovna, ali kad uvidi da to ne uspijeva javljaju se problemi. Vaga ima potrebu da bude ravnopravna a ovan dominantan. Ipak ukoliko se vaga iska\u017ee kao dobar diplomat, a ina\u010de vage to jesu, veza mo\u017ee uspjeti.<\/p>\n<h3>Vaga \u2013 Bik: \ud83d\ude41<\/h3>\n<p>Nisu ba\u0161 najbolji izbor jedan za drugoga. Vaga mrzi rutinu, bik voli planirati unaprijed. Vaga je zavodnik, stoga su joj potrebna stalna nova osvajanja, a to bika smeta jer je izrazito ljubomoran.<\/p>\n<h3>Vaga \u2013 Blizanci: \ud83d\ude42 \ud83d\ude42<\/h3>\n<p>Stalna \u017eelja za novitetima i uzbu\u0111enjima mo\u017ee ih povezati na po\u010detku veze ali to \u0107e ih i udaljiti jedno od drugoga kada nakon odre\u0111enog vremena po\u017eele novu zabavu. Ina\u010de su dobra kombinacija ako se me\u0111usobno prilagode. Blizanac vagi mora prepustiti brigu o financijama i biti joj podr\u0161ka u karijeri a vaga mora nau\u010diti prilago\u0111avati se pona\u0161anju i raspolo\u017eenju blizanca. Imaju zajedni\u010dke osobine poput dru\u0161tvenosti, \u017eelje za samostalno\u0161\u0107u i neovisnosti. Oboma im je partner potreban samo u odre\u0111enim koli\u010dinama pa ne\u0107e gu\u0161iti jedan drugoga.<\/p>\n<h3>Vaga \u2013 Rak: \ud83d\ude41<\/h3>\n<p>Malo je parova ove kombinacije koji mogu ostvariti dugotrajan zajedni\u010dki \u017eivot. Rakovima partneri uvijek postaju centar svijeta \u0161to ponekad zna smetati vagama, kojima trebaju i izvan obiteljski stimulansi. Vage su previ\u0161e dru\u0161tveni znakovi da bi mogle zadovoljiti rakove koji od partnera o\u010dekuju potpunu predanost.<\/p>\n<h3>Vaga \u2013 Lav: \ud83d\ude42 \ud83d\ude42<\/h3>\n<p>Lav i vaga su dosta dobri partneri. Oba znaka su dru\u0161tveni, zanimljivi su i vole izlaske. Lako \u0107e se primijetiti i privu\u0107i jer se i jedan i drugi znak vole isticati u dru\u0161tvu. Problemi se mogu pojaviti zbog kriti\u010dnosti i neodlu\u010dnosti vaga, \u0161to lavovima ide na \u017eivce. Vage po svojoj prirodi nisu vjeran znak, to smeta lavu koji voli biti centar ne\u010dijeg svijeta, ali kako i jedan i drugi znak vole i imaju potrebu usre\u0107iti svoga partnera vaga mo\u017ee nadi\u0107i svoje porive za koketiranjem s drugima.<\/p>\n<h3>Vaga \u2013 Djevica: \ud83d\ude41 \ud83d\ude42<\/h3>\n<p>Uzbudljiva i zanimljiva vaga djeluje privla\u010dno djevici. Zajedni\u010dke osobine poput profinjenosti, \u0161arma i senzualnog ukusa jednostavno \u0107e djevici zavrtjeti mozak. Lako \u0107e prona\u0107i teme za razgovor. Zajedno \u0107e ogovarati sve oko sebe, ali kada djevica po\u0111e analizirati i svoju vagu, javit \u0107e se problemi. Pogotovo kada djevica otkrije kako vaga ne mo\u017ee biti vjerna samo jednoj osobi potpuno \u0107e se razo\u010darati. Veza mo\u017ee opstati ukoliko se djevica pomiri s \u010dinjenicom da je jednostavno vagi potreban bar nedu\u017ean poticaj sa strane.<\/p>\n<h3>Vaga \u2013 Vaga: \ud83d\ude42 \ud83d\ude41<\/h3>\n<p>Uvijek kad se na\u0111u dva ista znaka skupa rezultat je isti. U nekim stvarima se razumiju u potpunosti a one negativne karakteristike ih jednostavno izlu\u0111uju. Dono\u0161enje odluka u ovakvoj zajednici je prili\u010dno te\u017eak i dugotrajan proces. Smisao za pravdu se duplicira pa bi ovaj par mijenjao svijet. Oni si odgovaraju i zbog toga \u0161to nisu ljubomorni i potpuno razumiju partnera kad flertuje sa strane.<\/p>\n<h3>Vaga \u2013 \u0160korpion: \ud83d\ude41 \ud83d\ude41<\/h3>\n<p>\u0160korpion je osvaja\u010dki znak, stoga ne \u010dudi \u0161to \u0107e ga privu\u0107i dru\u0161tvena vaga. Me\u0111utim vagina nevjera ne\u0107e nikako odgovarati posesivnom i ljubomornom \u0161korpionu. Njihov odnos prema obitelji je potpuno druga\u010diji, vaga se ne mo\u017ee smiriti u obiteljskom \u017eivotu, dok to treba \u0161korpionu. Vagama \u0107e osje\u0107ajni \u0161korpioni \u010desto izgledati prenema\u017eu\u0107e, i po\u010deti \u0107e se\u00a0 udaljavati od njih u takvim trenucima. \u0160korpionu treba puno vi\u0161e pa\u017enje i odanosti nego \u0161to vaga mo\u017ee pru\u017eiti. Jo\u0161 jedan problem je novac, rastro\u0161nost vaga ne nailazi na razumijevanje kod \u0161korpiona.<\/p>\n<h3>Vaga \u2013 Strijelac: \ud83d\ude42 \ud83d\ude41<\/h3>\n<p>Velika je vjerojatnost da \u0107e se privu\u0107i ova dva izrazito dru\u0161tvena, velikodu\u0161na i zabavna znaka. Strijelac zna kako privu\u0107i ne\u010diju pa\u017enju ali i kako osvojiti. On voli neosvojive osobe pa ga tako neodlu\u010dnost vage zapravo privla\u010di. Ni jedan od njih ne voli miran i sre\u0111en \u017eivot pa iako \u0107e im sve dobro funkcionirati brzo mogu dosaditi jedno drugom i po\u017eeljeti novu avanturu.<\/p>\n<h3>Vaga \u2013 Jarac: \ud83d\ude42 \ud83d\ude41<\/h3>\n<p>Vagama imponiraju uspje\u0161ne osobe tako da \u0107e jarci, pogotovo oni atraktivnog izgleda lako osvojiti vagu. Dru\u0161tvena i \u0161armantna vaga zapravo dopunjava prakti\u010dnog i nenametljivog jarca te u po\u010detku \u010dine dobru kombinaciju. Nakon toga vaga ima sve manje razumijevanja za poslovne ambicije jarca te po\u010dinje optu\u017eivati jarca i biti kriti\u010dna prema njemu. Odnos prema novcu im je dosta razli\u010dit, budu\u0107i da nema racionalnijeg znaka od jarca, dok vage tro\u0161e ne upotrebljavaju\u0107i pritom mozak. Konzervativnom jarcu nije jasna potreba vage za stalno novim osvajanjima.<\/p>\n<h3>Vaga \u2013 Vodenjak: \ud83d\ude42 \ud83d\ude42 \ud83d\ude42<\/h3>\n<p>U neprestanoj potrazi za zanimljivim iskustvima, vodenjak \u0107e lako naletjeti na vagu. Bogat dru\u0161tveni \u017eivot, stalno upoznavanje novih ljudi i inovativnost zajedni\u010dki su za oba znaka te \u0107e jedan drugoga i poticati. Vodenjakovo zanimanje za humanitarni rad, vaga koja je i ina\u010de borac za pravdu \u0107e podupirati i biti mu oslonac. \u010cak i za stvari koje im nisu zajedni\u010dke ova dva znaka mogu lako posti\u0107i kompromis. Ova veza ne samo da mo\u017ee biti uspje\u0161na nego i vrlo stimulativna.<\/p>\n<h3>Vaga \u2013 Ribe: \ud83d\ude41<\/h3>\n<p>Ako se dogodi po\u010detna privla\u010dnost izme\u0111u ova dva znaka, prelazak u nekakvu ozbiljniju vezu mo\u017ee biti vrlo te\u017eak i dugotrajan proces, budu\u0107i da vagama treba dosta vremena kako bi odlu\u010dile \u0161to \u017eele. Ni ribe nisu odlu\u010dne i aktivne. Pridodajte tome promjenjivo raspolo\u017eenje riba i ne\u0107ete dobiti vezu. Ako se kojim slu\u010dajem ona i dogodi mogla bi biti potpuno nezanimljiva sve dok riba ne odlu\u010di iznijeti svoje mi\u0161ljenje, u pravilu neuroti\u010dno, nakon \u010dega \u0107e je vaga ostaviti.<\/p>\n","protected":false},"excerpt":{"rendered":"<p>Vaga &#8211; kako zavesti vaga Vaga je dosta rje\u010dit znak, \u0161armirat \u0107e vas pri prvom kontaktu. \u010cak i oni najhladniji znakovi lako padaju pred njihovim \u0161armom. Nikad se ne\u0107e umoriti od upoznavanja novih ljudi, dru\u017eenja&#8230; Njih karakterizira izra\u017een osje\u0107aj za pravdu kao i suosje\u0107anje s ljudima u nevolji. Mo\u017eda zbog toga imaju jako puno prijatelja [&hellip;]<\/p>\n","protected":false},"author":1,"featured_media":39361,"parent":28633,"menu_order":0,"comment_status":"closed","ping_status":"closed","template":"","meta":{"footnotes":"","_links_to":"","_links_to_target":""},"class_list":["post-27168","page","type-page","status-publish","has-post-thumbnail","hentry"],"_links":{"self":[{"href":"https:\/\/covermagazin.com\/index.php?rest_route=\/wp\/v2\/pages\/27168","targetHints":{"allow":["GET"]}}],"collection":[{"href":"https:\/\/covermagazin.com\/index.php?rest_route=\/wp\/v2\/pages"}],"about":[{"href":"https:\/\/covermagazin.com\/index.php?rest_route=\/wp\/v2\/types\/page"}],"author":[{"embeddable":true,"href":"https:\/\/covermagazin.com\/index.php?rest_route=\/wp\/v2\/users\/1"}],"replies":[{"embeddable":true,"href":"https:\/\/covermagazin.com\/index.php?rest_route=%2Fwp%2Fv2%2Fcomments&post=27168"}],"version-history":[{"count":4,"href":"https:\/\/covermagazin.com\/index.php?rest_route=\/wp\/v2\/pages\/27168\/revisions"}],"predecessor-version":[{"id":39363,"href":"https:\/\/covermagazin.com\/index.php?rest_route=\/wp\/v2\/pages\/27168\/revisions\/39363"}],"up":[{"embeddable":true,"href":"https:\/\/covermagazin.com\/index.php?rest_route=\/wp\/v2\/pages\/28633"}],"wp:featuredmedia":[{"embeddable":true,"href":"https:\/\/covermagazin.com\/index.php?rest_route=\/wp\/v2\/media\/39361"}],"wp:attachment":[{"href":"https:\/\/covermagazin.com\/index.php?rest_route=%2Fwp%2Fv2%2Fmedia&parent=27168"}],"curies":[{"name":"wp","href":"https:\/\/api.w.org\/{rel}","templated":true}]}}